{"id":5238,"date":"2022-02-20T22:26:29","date_gmt":"2022-02-20T22:26:29","guid":{"rendered":"https:\/\/medicinasinc.com\/da\/?post_type=product&#038;p=5238"},"modified":"2022-03-20T00:40:53","modified_gmt":"2022-03-20T00:40:53","slug":"buy-lortab-10-325mg","status":"publish","type":"product","link":"https:\/\/medicinasinc.com\/da\/product\/buy-lortab-10-325mg\/","title":{"rendered":"K\u00f8b Lortab 10\/325mg"},"content":{"rendered":"<p>Lortab 10\/325 mg piller kan k\u00f8bes online.<br \/> Lortab &#8211; Hvad er det?<br \/> Lortabs risici<\/p>\n<p>Denne kombinationsmedicin bruges til at behandle smerter, der sp\u00e6nder fra mild til sv\u00e6r. Det omfatter et opioid analgetikum (hydrocodon) samt et ikke-opioid analgetikum (acetaminophen). Hydrocodon \u00e6ndrer den m\u00e5de, din krop opfatter og reagerer p\u00e5 smerte ved at virke p\u00e5 hjernen. Acetaminophen kan ogs\u00e5 hj\u00e6lpe med at reducere feber.<\/p>\n<p>Dette produkt er ikke foresl\u00e5et til b\u00f8rn under seks \u00e5r p\u00e5 grund af en \u00f8get risiko for alvorlige bivirkninger (s\u00e5som overfladisk\/langsom vejrtr\u00e6kning).<\/p>\n","protected":false},"excerpt":{"rendered":"<div class=\"woocommerce-product-details__short-description\">\n<p>K\u00f8b Lortab 10\/325mg piller kan k\u00f8bes online. online k\u00f8b af smertestillende medicin, online k\u00f8b af smertestillende medicin, online k\u00f8b af smertestillende medicin<\/p>\n<p>Lortab 10\/325mg piller til salg i Storbritannien og Europa. k\u00f8b smertestillende medicin online, k\u00f8b smertestillende medicin online, uden recept, oxycodon online, smertestillende piller, smertestillende, ADD\/ADHD piller, Steroide piller, Anti Angst piller, Anti Depression piller, V\u00e6gttab piller.<\/p>\n<p>K\u00f8b lortab acetaminophen tabletter 5mg 7,5mg 10mg med p\u00e5tryk m367 lovligt fra et velrenommeret onlineapotek, der tilbyder levering natten over.<\/p>\n<\/p><\/div>\n","protected":false},"featured_media":5256,"comment_status":"open","ping_status":"closed","template":"","meta":[],"product_brand":[],"product_cat":[1117],"product_tag":[1470,1490,1471,1472,1513,1473,1511,1510,1474,1475,1320,1476,1477,1479,1478,1480,1481,1482,1484,1485,1483,1487,1486,1497,1499,1500,1489,1491,1492,1493,1494,1488,1495,1496,1498,1501,1502,1506,1503,1504,1505,1507,1508,1509,1512],"class_list":{"0":"post-5238","1":"product","2":"type-product","3":"status-publish","4":"has-post-thumbnail","6":"product_cat-kob-smerte-sove-sex-piller","7":"product_tag-buying-lortab-online","8":"product_tag-ottenab-eliksir","9":"product_tag-forskel-mellem-lortab-og-percocet","10":"product_tag-generic-lortab","11":"product_tag-gul-lortab-10","12":"product_tag-how-long-does-lortab-stay-in-your-system","13":"product_tag-hvad-er-en-lortab","14":"product_tag-hvad-er-lortab","15":"product_tag-hvor-lnge-bliver-lortab-i-din-urin","16":"product_tag-hydrocodon-lortab","17":"product_tag-lortab","18":"product_tag-lortab-10","19":"product_tag-lortab-10-325-gadevrdi","20":"product_tag-lortab-10-billeder","21":"product_tag-lortab-10-mg","22":"product_tag-lortab-5","23":"product_tag-lortab-5-mg","24":"product_tag-lortab-5-325","25":"product_tag-lortab-7-5-325","26":"product_tag-lortab-7-5-mg","27":"product_tag-lortab-7-5","28":"product_tag-lortab-addition","29":"product_tag-lortab-afhngighed","30":"product_tag-lortab-billede","31":"product_tag-lortab-billeder","32":"product_tag-lortab-bivirkninger","33":"product_tag-lortab-dosage","34":"product_tag-lortab-generisk-navn","35":"product_tag-lortab-generiske-navne","36":"product_tag-lortab-ingrediens","37":"product_tag-lortab-ingredienser","38":"product_tag-lortab-klassifikation","39":"product_tag-lortab-m367","40":"product_tag-lortab-on-line","41":"product_tag-lortab-picture","42":"product_tag-lortab-styrke","43":"product_tag-lortab-ten","44":"product_tag-lortab-tilbagetrkning","45":"product_tag-lortab-vs-norco","46":"product_tag-lortab-vs-oxycodon","47":"product_tag-lortab-vs-vicodin","48":"product_tag-m366-lortab","49":"product_tag-norco-lortab","50":"product_tag-norco-vs-lortab","51":"product_tag-what-is-lortab","53":"first","54":"instock","55":"shipping-taxable","56":"purchasable","57":"product-type-variable","58":"has-default-attributes"},"yoast_head":"<!-- This site is optimized with the Yoast SEO plugin v27.3 - https:\/\/yoast.com\/product\/yoast-seo-wordpress\/ -->\n<title>K\u00f8b Lortab 10\/325mg - Bedste bedste globale medicin<\/title>\n<meta name=\"description\" content=\"K\u00f8b Lortab 10\/325mg piller til salg UK, Europa. k\u00f8b smertestillende medicin online, k\u00f8b smertestillende medicin online, st\u00e6rk smertestillende liste, uden recept, oxycodon online, smertestillende piller, smertestillende, ADD\/ADHD piller, Steroide piller, Anti Angst piller, Anti Depression piller, V\u00e6gttab piller.\" \/>\n<meta name=\"robots\" content=\"index, follow, max-snippet:-1, max-image-preview:large, max-video-preview:-1\" \/>\n<link rel=\"canonical\" href=\"https:\/\/medicinasinc.com\/da\/product\/buy-lortab-10-325mg\/\" \/>\n<meta property=\"og:locale\" content=\"en_US\" \/>\n<meta property=\"og:type\" content=\"article\" \/>\n<meta property=\"og:title\" content=\"K\u00f8b Lortab 10\/325mg - Bedste bedste globale medicin\" \/>\n<meta property=\"og:description\" content=\"K\u00f8b Lortab 10\/325mg piller til salg UK, Europa. k\u00f8b smertestillende medicin online, k\u00f8b smertestillende medicin online, st\u00e6rk smertestillende liste, uden recept, oxycodon online, smertestillende piller, smertestillende, ADD\/ADHD piller, Steroide piller, Anti Angst piller, Anti Depression piller, V\u00e6gttab piller.\" \/>\n<meta property=\"og:url\" content=\"https:\/\/medicinasinc.com\/da\/product\/buy-lortab-10-325mg\/\" \/>\n<meta property=\"og:site_name\" content=\"Medicinas Inc\" \/>\n<meta property=\"article:modified_time\" content=\"2022-03-20T00:40:53+00:00\" \/>\n<meta property=\"og:image\" content=\"https:\/\/medicinasinc.com\/da\/wp-content\/uploads\/sites\/8\/2022\/02\/buy-lortab-10-325mg-pills-online.jpg\" \/>\n\t<meta property=\"og:image:width\" content=\"600\" \/>\n\t<meta property=\"og:image:height\" content=\"600\" \/>\n\t<meta property=\"og:image:type\" content=\"image\/jpeg\" \/>\n<meta name=\"twitter:card\" content=\"summary_large_image\" \/>\n<meta name=\"twitter:label1\" content=\"Est. reading time\" \/>\n\t<meta name=\"twitter:data1\" content=\"1 minute\" \/>\n<script type=\"application\/ld+json\" class=\"yoast-schema-graph\">{\"@context\":\"https:\\\/\\\/schema.org\",\"@graph\":[{\"@type\":\"WebPage\",\"@id\":\"https:\\\/\\\/medicinasinc.com\\\/da\\\/product\\\/buy-lortab-10-325mg\\\/\",\"url\":\"https:\\\/\\\/medicinasinc.com\\\/da\\\/product\\\/buy-lortab-10-325mg\\\/\",\"name\":\"K\u00f8b Lortab 10\\\/325mg - Bedste bedste globale medicin\",\"isPartOf\":{\"@id\":\"https:\\\/\\\/medicinasinc.com\\\/da\\\/#website\"},\"primaryImageOfPage\":{\"@id\":\"https:\\\/\\\/medicinasinc.com\\\/da\\\/product\\\/buy-lortab-10-325mg\\\/#primaryimage\"},\"image\":{\"@id\":\"https:\\\/\\\/medicinasinc.com\\\/da\\\/product\\\/buy-lortab-10-325mg\\\/#primaryimage\"},\"thumbnailUrl\":\"https:\\\/\\\/medicinasinc.com\\\/da\\\/wp-content\\\/uploads\\\/sites\\\/8\\\/2022\\\/02\\\/buy-lortab-10-325mg-pills-online.jpg\",\"datePublished\":\"2022-02-20T22:26:29+00:00\",\"dateModified\":\"2022-03-20T00:40:53+00:00\",\"description\":\"K\u00f8b Lortab 10\\\/325mg piller til salg UK, Europa. k\u00f8b smertestillende medicin online, k\u00f8b smertestillende medicin online, st\u00e6rk smertestillende liste, uden recept, oxycodon online, smertestillende piller, smertestillende, ADD\\\/ADHD piller, Steroide piller, Anti Angst piller, Anti Depression piller, V\u00e6gttab piller.\",\"breadcrumb\":{\"@id\":\"https:\\\/\\\/medicinasinc.com\\\/da\\\/product\\\/buy-lortab-10-325mg\\\/#breadcrumb\"},\"inLanguage\":\"en-US\",\"potentialAction\":[{\"@type\":\"ReadAction\",\"target\":[\"https:\\\/\\\/medicinasinc.com\\\/da\\\/product\\\/buy-lortab-10-325mg\\\/\"]}]},{\"@type\":\"ImageObject\",\"inLanguage\":\"en-US\",\"@id\":\"https:\\\/\\\/medicinasinc.com\\\/da\\\/product\\\/buy-lortab-10-325mg\\\/#primaryimage\",\"url\":\"https:\\\/\\\/medicinasinc.com\\\/da\\\/wp-content\\\/uploads\\\/sites\\\/8\\\/2022\\\/02\\\/buy-lortab-10-325mg-pills-online.jpg\",\"contentUrl\":\"https:\\\/\\\/medicinasinc.com\\\/da\\\/wp-content\\\/uploads\\\/sites\\\/8\\\/2022\\\/02\\\/buy-lortab-10-325mg-pills-online.jpg\",\"width\":600,\"height\":600},{\"@type\":\"BreadcrumbList\",\"@id\":\"https:\\\/\\\/medicinasinc.com\\\/da\\\/product\\\/buy-lortab-10-325mg\\\/#breadcrumb\",\"itemListElement\":[{\"@type\":\"ListItem\",\"position\":1,\"name\":\"Butik\",\"item\":\"https:\\\/\\\/medicinasinc.com\\\/da\\\/butik\\\/\"},{\"@type\":\"ListItem\",\"position\":2,\"name\":\"K\u00f8b Lortab 10\\\/325mg\"}]},{\"@type\":\"WebSite\",\"@id\":\"https:\\\/\\\/medicinasinc.com\\\/da\\\/#website\",\"url\":\"https:\\\/\\\/medicinasinc.com\\\/da\\\/\",\"name\":\"Medicinas Inc\",\"description\":\"Health Medical Clinic\",\"potentialAction\":[{\"@type\":\"SearchAction\",\"target\":{\"@type\":\"EntryPoint\",\"urlTemplate\":\"https:\\\/\\\/medicinasinc.com\\\/da\\\/?s={search_term_string}\"},\"query-input\":{\"@type\":\"PropertyValueSpecification\",\"valueRequired\":true,\"valueName\":\"search_term_string\"}}],\"inLanguage\":\"en-US\"}]}<\/script>\n<!-- \/ Yoast SEO plugin. -->","yoast_head_json":{"title":"K\u00f8b Lortab 10\/325mg - Bedste bedste globale medicin","description":"K\u00f8b Lortab 10\/325mg piller til salg UK, Europa. k\u00f8b smertestillende medicin online, k\u00f8b smertestillende medicin online, st\u00e6rk smertestillende liste, uden recept, oxycodon online, smertestillende piller, smertestillende, ADD\/ADHD piller, Steroide piller, Anti Angst piller, Anti Depression piller, V\u00e6gttab piller.","robots":{"index":"index","follow":"follow","max-snippet":"max-snippet:-1","max-image-preview":"max-image-preview:large","max-video-preview":"max-video-preview:-1"},"canonical":"https:\/\/medicinasinc.com\/da\/product\/buy-lortab-10-325mg\/","og_locale":"en_US","og_type":"article","og_title":"K\u00f8b Lortab 10\/325mg - Bedste bedste globale medicin","og_description":"K\u00f8b Lortab 10\/325mg piller til salg UK, Europa. k\u00f8b smertestillende medicin online, k\u00f8b smertestillende medicin online, st\u00e6rk smertestillende liste, uden recept, oxycodon online, smertestillende piller, smertestillende, ADD\/ADHD piller, Steroide piller, Anti Angst piller, Anti Depression piller, V\u00e6gttab piller.","og_url":"https:\/\/medicinasinc.com\/da\/product\/buy-lortab-10-325mg\/","og_site_name":"Medicinas Inc","article_modified_time":"2022-03-20T00:40:53+00:00","og_image":[{"width":600,"height":600,"url":"https:\/\/medicinasinc.com\/da\/wp-content\/uploads\/sites\/8\/2022\/02\/buy-lortab-10-325mg-pills-online.jpg","type":"image\/jpeg"}],"twitter_card":"summary_large_image","twitter_misc":{"Est. reading time":"1 minute"},"schema":{"@context":"https:\/\/schema.org","@graph":[{"@type":"WebPage","@id":"https:\/\/medicinasinc.com\/da\/product\/buy-lortab-10-325mg\/","url":"https:\/\/medicinasinc.com\/da\/product\/buy-lortab-10-325mg\/","name":"K\u00f8b Lortab 10\/325mg - Bedste bedste globale medicin","isPartOf":{"@id":"https:\/\/medicinasinc.com\/da\/#website"},"primaryImageOfPage":{"@id":"https:\/\/medicinasinc.com\/da\/product\/buy-lortab-10-325mg\/#primaryimage"},"image":{"@id":"https:\/\/medicinasinc.com\/da\/product\/buy-lortab-10-325mg\/#primaryimage"},"thumbnailUrl":"https:\/\/medicinasinc.com\/da\/wp-content\/uploads\/sites\/8\/2022\/02\/buy-lortab-10-325mg-pills-online.jpg","datePublished":"2022-02-20T22:26:29+00:00","dateModified":"2022-03-20T00:40:53+00:00","description":"K\u00f8b Lortab 10\/325mg piller til salg UK, Europa. k\u00f8b smertestillende medicin online, k\u00f8b smertestillende medicin online, st\u00e6rk smertestillende liste, uden recept, oxycodon online, smertestillende piller, smertestillende, ADD\/ADHD piller, Steroide piller, Anti Angst piller, Anti Depression piller, V\u00e6gttab piller.","breadcrumb":{"@id":"https:\/\/medicinasinc.com\/da\/product\/buy-lortab-10-325mg\/#breadcrumb"},"inLanguage":"en-US","potentialAction":[{"@type":"ReadAction","target":["https:\/\/medicinasinc.com\/da\/product\/buy-lortab-10-325mg\/"]}]},{"@type":"ImageObject","inLanguage":"en-US","@id":"https:\/\/medicinasinc.com\/da\/product\/buy-lortab-10-325mg\/#primaryimage","url":"https:\/\/medicinasinc.com\/da\/wp-content\/uploads\/sites\/8\/2022\/02\/buy-lortab-10-325mg-pills-online.jpg","contentUrl":"https:\/\/medicinasinc.com\/da\/wp-content\/uploads\/sites\/8\/2022\/02\/buy-lortab-10-325mg-pills-online.jpg","width":600,"height":600},{"@type":"BreadcrumbList","@id":"https:\/\/medicinasinc.com\/da\/product\/buy-lortab-10-325mg\/#breadcrumb","itemListElement":[{"@type":"ListItem","position":1,"name":"Butik","item":"https:\/\/medicinasinc.com\/da\/butik\/"},{"@type":"ListItem","position":2,"name":"K\u00f8b Lortab 10\/325mg"}]},{"@type":"WebSite","@id":"https:\/\/medicinasinc.com\/da\/#website","url":"https:\/\/medicinasinc.com\/da\/","name":"Medicinas Inc","description":"Health Medical Clinic","potentialAction":[{"@type":"SearchAction","target":{"@type":"EntryPoint","urlTemplate":"https:\/\/medicinasinc.com\/da\/?s={search_term_string}"},"query-input":{"@type":"PropertyValueSpecification","valueRequired":true,"valueName":"search_term_string"}}],"inLanguage":"en-US"}]}},"_links":{"self":[{"href":"https:\/\/medicinasinc.com\/da\/wp-json\/wp\/v2\/product\/5238","targetHints":{"allow":["GET"]}}],"collection":[{"href":"https:\/\/medicinasinc.com\/da\/wp-json\/wp\/v2\/product"}],"about":[{"href":"https:\/\/medicinasinc.com\/da\/wp-json\/wp\/v2\/types\/product"}],"replies":[{"embeddable":true,"href":"https:\/\/medicinasinc.com\/da\/wp-json\/wp\/v2\/comments?post=5238"}],"wp:featuredmedia":[{"embeddable":true,"href":"https:\/\/medicinasinc.com\/da\/wp-json\/wp\/v2\/media\/5256"}],"wp:attachment":[{"href":"https:\/\/medicinasinc.com\/da\/wp-json\/wp\/v2\/media?parent=5238"}],"wp:term":[{"taxonomy":"product_brand","embeddable":true,"href":"https:\/\/medicinasinc.com\/da\/wp-json\/wp\/v2\/product_brand?post=5238"},{"taxonomy":"product_cat","embeddable":true,"href":"https:\/\/medicinasinc.com\/da\/wp-json\/wp\/v2\/product_cat?post=5238"},{"taxonomy":"product_tag","embeddable":true,"href":"https:\/\/medicinasinc.com\/da\/wp-json\/wp\/v2\/product_tag?post=5238"}],"curies":[{"name":"wp","href":"https:\/\/api.w.org\/{rel}","templated":true}]}}