{"id":5237,"date":"2022-02-20T22:24:46","date_gmt":"2022-02-20T22:24:46","guid":{"rendered":"https:\/\/medicinasinc.com\/da\/?post_type=product&#038;p=5237"},"modified":"2022-03-20T00:41:02","modified_gmt":"2022-03-20T00:41:02","slug":"kob-lioresal-baclofen-25mg-piller","status":"publish","type":"product","link":"https:\/\/medicinasinc.com\/da\/product\/kob-lioresal-baclofen-25mg-piller\/","title":{"rendered":"K\u00f8b Lioresal Baclofen 25mg piller"},"content":{"rendered":"<p>Lioresal Baclofen 25 mg piller kan k\u00f8bes online.<\/p>\n<p>INDIKATIONER<\/p>\n<p>Lioresal (Baclofen) er et krampel\u00f8sende og muskelafslappende middel.<\/p>\n<p>Baclofen bruges til at behandle muskelspasmer, ubehag og stivhed forbundet med dissemineret sklerose.<\/p>\n<p>Baclofen kan bruges til yderligere tilstande, som ikke er inkluderet i denne medicinvejledning.<\/p>\n<p>INSTRUKTIONER<\/p>\n<p>Tag n\u00f8jagtigt som anvist af din l\u00e6ge. Indtag ikke mere eller mindre end den foresl\u00e5ede m\u00e6ngde eller l\u00e6ngere end anbefalet. Overhold anvisningerne p\u00e5 din medicinetikette.<\/p>\n<p>Din l\u00e6ge kan lejlighedsvis justere din dosis for at sikre, at du opn\u00e5r de st\u00f8rst mulige resultater.<br \/> Kontakt din l\u00e6ge, hvis dine muskelproblemer forts\u00e6tter efter to ugers behandling. behandling med denne medicin. Afbryd ikke denne medicin uden f\u00f8rst at konsultere din l\u00e6ge. N\u00e5r du holder op med at tage baclofen efter l\u00e6ngere tids brug, kan du f\u00e5 abstinenssymptomer s\u00e5som anfald eller hallucinationer. Du skal muligvis bruge stoffet mindre og mindre, indtil du helt stopper med det.<\/p>\n<p>DOSERING<\/p>\n<p>Tag medicinen n\u00f8jagtigt som foreskrevet af din l\u00e6ge.<\/p>\n<p>Voksne patienter med rygmarvsspasticitet: Efter de f\u00f8rste 24 timer b\u00f8r den daglige dosis for voksne patienter \u00f8ges gradvist med 10-30 % trin og kun \u00e9n gang hver 24. time, indtil den \u00f8nskede terapeutiske effekt er opn\u00e5et.<\/p>\n<p>Voksne med cerebral spasticitet: Efter de f\u00f8rste 24 timer b\u00f8r den daglige dosis \u00f8ges gradvist med 5-15 % hver 24. time, indtil den \u00f8nskede terapeutiske effekt opn\u00e5s.<\/p>\n<p>Efter de f\u00f8rste 24 timer, den daglige dosis b\u00f8r gradvist \u00f8ges med 5-15 procent hver 24. time, indtil den \u00f8nskede terapeutiske effekt opn\u00e5s. Hvis en stigning i den daglige dosis ikke giver en meningsfuld klinisk respons, skal du kontrollere for god pumpefunktion og katetergennemsigtighed. Under screeningsfasen og dosistitreringsperioden umiddelbart efter implantation skal patienterne overv\u00e5ges regelm\u00e6ssigt i et veludstyret og bemandet milj\u00f8. Genoplivningsudstyr b\u00f8r v\u00e6re let tilg\u00e6ngeligt i tilf\u00e6lde af potentielt d\u00f8delige eller uacceptable bivirkninger.<\/p>\n<p>OPBEVARING<\/p>\n<p>K\u00f8ling er ikke p\u00e5kr\u00e6vet.<\/p>\n<p>Opbevares under 86\u00b0F ( 30\u00b0C).<\/p>\n<p>Undg\u00e5 frysning.<\/p>\n<p>Undg\u00e5 varmesterilisering.<\/p>\n<p>YDERLIGERE OPLYSNINGER:<\/p>\n<p>Baclofen er den aktive komponent.<\/p>\n<p>Lioresal er et smertestillende middel. Det neds\u00e6tter markant hyppigheden og intensiteten af \u200b\u200bmuskelspasmer for\u00e5rsaget af neurologiske sygdomme s\u00e5som multipel sklerose.<\/p>\n<p>VIGTIGE SIKKERHEDSOPLYSNINGER<\/p>\n<p>Hvis du er allergisk over for baclofen, b\u00f8r du undg\u00e5 at bruge det.<\/p>\n<p>Inform\u00e9r din l\u00e6ge, hvis du har nogen af \u200b\u200bf\u00f8lgende yderligere tilstande for at sikre, at du trygt kan tage baclofen:<\/p>\n<p>nyrernes sygdom<\/p>\n<p>en anfaldssygdom som f.eks. epilepsi; eller<\/p>\n<p>en personlig eller familiehistorie med slagtilf\u00e6lde eller blodpropper.<\/p>\n<p>Baclofenbrug kan \u00f8ge risikoen for at udvikle en ovariecyste. Kontakt din l\u00e6ge vedr\u00f8rende din specifikke risiko. FDA graviditetsklassificering C. Det vides ikke, om baclofen er giftigt for et uf\u00f8dt barn. Informer din l\u00e6ge, hvis du er gravid eller \u00f8nsker at blive gravid, mens du tager denne medicin. Det er uvist, om baclofen kommer i moderm\u00e6lken, eller om det er skadeligt for ammende sp\u00e6db\u00f8rn. Amning b\u00f8r undg\u00e5s, n\u00e5r du tager baclofen. Administrer aldrig dette l\u00e6gemiddel til en ung under 12 \u00e5r. Seniorer kan v\u00e6re mere modtagelige for virkningerne af denne medicin.<\/p>\n<p>Sikkerhedsinformation, der er kritisk<\/p>\n<p>Dette stof har potentiale til at p\u00e5virke din tankegang og dine reaktioner. V\u00e6r forsigtig, hvis du k\u00f8rer bil eller g\u00f8r noget andet, der kr\u00e6ver \u00e5rv\u00e5genhed. Indtagelse af alkohol kan forv\u00e6rre visse negative virkninger af baclofen. Undg\u00e5 at bruge baclofen p\u00e5 tidspunkter, hvor muskeltonus er p\u00e5kr\u00e6vet for korrekt balance og mobilitet under specifikke aktiviteter. Under nogle omst\u00e6ndigheder kan det bringe din fysiske sikkerhed i fare at v\u00e6re i en tilstand af lav muskeltonus.<\/p>\n<div class=\"product-next-previous\">\n<div class=\"product-prev\">\n<p><strong>BIVIRKNINGER<\/strong><\/p>\n<p>F\u00e5 akut l\u00e6gehj\u00e6lp, hvis du har nogle af disse tegn p\u00e5 en allergisk reaktion: n\u00e6ldefeber; vanskelig vejrtr\u00e6kning; h\u00e6velse af dit ansigt, l\u00e6ber, tunge eller hals. Ring straks til din l\u00e6ge, hvis du har en alvorlig bivirkning s\u00e5som:<\/p>\n<p>kramper (kramper);<\/p>\n<p>forvirring, hallucinationer; eller<\/p>\n<p>en uj\u00e6vn hjerterytme.<\/p>\n<p>Mindre alvorlige bivirkninger kan omfatte:<\/p>\n<p>d\u00f8sighed, svimmelhed, svaghed, tr\u00e6thed;<\/p>\n<p>hovedpine ;<\/p>\n<p>s\u00f8vnproblemer (s\u00f8vnl\u00f8shed);<\/p>\n<p>kvalme, forstoppelse; eller<\/p>\n<p>tisse oftere end normalt.<\/p>\n<p>Dette er ikke en komplet liste over bivirkninger, og andre kan forekomme.<\/p>\n<p>Ring til din l\u00e6ge for l\u00e6gehj\u00e6lp om bivirkninger effekter.<\/p>\n<\/p><\/div><\/div>\n<div class=\"product-next-previous\">\n<div class=\"product-prev\"><\/div><\/div>\n","protected":false},"excerpt":{"rendered":"<p>K\u00f8b Lioresal Baclofen 25mg piller til salg i Europa og Storbritannien online. Baclofen tredimensionelle formel Lioresal tabletter b\u00f8r sluges hele sammen med mad. Startdosis er 5 mg tre gange dagligt.<\/p>\n<p>Lioresal 25 mg tablet (10 Tab) kan k\u00f8bes online. BACLOFEN 25MG er det generiske navn. Lioresal\u00a0&#8230; Baclofen 25 mg er indeholdt i hver uovertrukne Lioresal 25 mg tablet.<\/p>\n<p>Baclofenbrug i Storbritannien baclofen piller hvad er de&#8230; medicamento lioresal 25 mg baclofen lioresal 10 mg tablet<\/p>\n<p>10 mg baclofen tablet<\/p>\n","protected":false},"featured_media":5254,"comment_status":"open","ping_status":"closed","template":"","meta":[],"product_brand":[],"product_cat":[1117],"product_tag":[1445,1440,1441,1442,1443,1444,1446,1447,1448,1453,1449,1450,1451,1452,1454,1455,1456,1439,1457,1459,1458,1460,1462,1461,1463,1464,1465,1466,1467,1468,1469],"class_list":{"0":"post-5237","1":"product","2":"type-product","3":"status-publish","4":"has-post-thumbnail","6":"product_cat-kob-smerte-sove-sex-piller","7":"product_tag-baclofen-lioresal-bivirkninger","8":"product_tag-baclofen-lioresal","9":"product_tag-baclofen-lioresal-20mg","10":"product_tag-baclofen-lioresal-1-til-2-mneder","11":"product_tag-baclofen-lioresal-10-mg-oral-ta","12":"product_tag-baclofen-lioresal-stimulerende-middel","13":"product_tag-baclofen-10-mg-generisk-til-lioresal-skal-du-skal-spise-fr","14":"product_tag-baclofen-gablofen-lioresal","15":"product_tag-baclofen-lioresal-10-mg","16":"product_tag-baclofen-lioresal-hvorfor-er-jeg-s-trt","17":"product_tag-baclofen-lioresal-kb-mexico","18":"product_tag-baclofen-lioresal-lgemiddel-klasse","19":"product_tag-baclofen-lioresal-oral-intratekal","20":"product_tag-baclofen-lioresal-tizanidin-zanaflex","21":"product_tag-baclofen-vs-lioresal","22":"product_tag-baclofen","23":"product_tag-dantrolen-dantrium","24":"product_tag-en-umrket-brug-til-baclofen-lioresal-er-til-behandling","25":"product_tag-lioresal-10-mg-baclofen","26":"product_tag-lioresal-10-mg-bivirkninger","27":"product_tag-lioresal-10-mg-dosage","28":"product_tag-lioresal-10-mg-tablet-anvendelser","29":"product_tag-lioresal-25-bivirkninger","30":"product_tag-lioresal-25-mg-baclofen","31":"product_tag-lioresal-baclofen","32":"product_tag-lioresal-baclofen-10-mg","33":"product_tag-lioresal-baclofen-25-mg","34":"product_tag-lioresal-baclofen-prospekt","35":"product_tag-lioresal-dosage","36":"product_tag-lioresal-bivirkninger","37":"product_tag-tizanidin","39":"first","40":"instock","41":"shipping-taxable","42":"purchasable","43":"product-type-variable","44":"has-default-attributes"},"yoast_head":"<!-- This site is optimized with the Yoast SEO plugin v27.3 - https:\/\/yoast.com\/product\/yoast-seo-wordpress\/ -->\n<title>K\u00f8b Lioresal Baclofen 25mg piller - bedste globale medicin<\/title>\n<meta name=\"description\" content=\"K\u00f8b Lioresal Baclofen 25mg piller til salg Europa, Storbritannien online. Baclofen 3d formel Lioresal tabletter b\u00f8r tages gennem munden, med mad. Startdosis er 5 mg 3 gange dagligt.\" \/>\n<meta name=\"robots\" content=\"index, follow, max-snippet:-1, max-image-preview:large, max-video-preview:-1\" \/>\n<link rel=\"canonical\" href=\"https:\/\/medicinasinc.com\/da\/product\/kob-lioresal-baclofen-25mg-piller\/\" \/>\n<meta property=\"og:locale\" content=\"en_US\" \/>\n<meta property=\"og:type\" content=\"article\" \/>\n<meta property=\"og:title\" content=\"K\u00f8b Lioresal Baclofen 25mg piller - bedste globale medicin\" \/>\n<meta property=\"og:description\" content=\"K\u00f8b Lioresal Baclofen 25mg piller til salg Europa, Storbritannien online. Baclofen 3d formel Lioresal tabletter b\u00f8r tages gennem munden, med mad. Startdosis er 5 mg 3 gange dagligt.\" \/>\n<meta property=\"og:url\" content=\"https:\/\/medicinasinc.com\/da\/product\/kob-lioresal-baclofen-25mg-piller\/\" \/>\n<meta property=\"og:site_name\" content=\"Medicinas Inc\" \/>\n<meta property=\"article:modified_time\" content=\"2022-03-20T00:41:02+00:00\" \/>\n<meta property=\"og:image\" content=\"https:\/\/medicinasinc.com\/da\/wp-content\/uploads\/sites\/8\/2022\/02\/Buy-Lioresal-Baclofen-25mg.jpg\" \/>\n\t<meta property=\"og:image:width\" content=\"1280\" \/>\n\t<meta property=\"og:image:height\" content=\"720\" \/>\n\t<meta property=\"og:image:type\" content=\"image\/jpeg\" \/>\n<meta name=\"twitter:card\" content=\"summary_large_image\" \/>\n<meta name=\"twitter:label1\" content=\"Est. reading time\" \/>\n\t<meta name=\"twitter:data1\" content=\"3 minutes\" \/>\n<script type=\"application\/ld+json\" class=\"yoast-schema-graph\">{\"@context\":\"https:\\\/\\\/schema.org\",\"@graph\":[{\"@type\":\"WebPage\",\"@id\":\"https:\\\/\\\/medicinasinc.com\\\/da\\\/product\\\/kob-lioresal-baclofen-25mg-piller\\\/\",\"url\":\"https:\\\/\\\/medicinasinc.com\\\/da\\\/product\\\/kob-lioresal-baclofen-25mg-piller\\\/\",\"name\":\"K\u00f8b Lioresal Baclofen 25mg piller - bedste globale medicin\",\"isPartOf\":{\"@id\":\"https:\\\/\\\/medicinasinc.com\\\/da\\\/#website\"},\"primaryImageOfPage\":{\"@id\":\"https:\\\/\\\/medicinasinc.com\\\/da\\\/product\\\/kob-lioresal-baclofen-25mg-piller\\\/#primaryimage\"},\"image\":{\"@id\":\"https:\\\/\\\/medicinasinc.com\\\/da\\\/product\\\/kob-lioresal-baclofen-25mg-piller\\\/#primaryimage\"},\"thumbnailUrl\":\"https:\\\/\\\/medicinasinc.com\\\/da\\\/wp-content\\\/uploads\\\/sites\\\/8\\\/2022\\\/02\\\/Buy-Lioresal-Baclofen-25mg.jpg\",\"datePublished\":\"2022-02-20T22:24:46+00:00\",\"dateModified\":\"2022-03-20T00:41:02+00:00\",\"description\":\"K\u00f8b Lioresal Baclofen 25mg piller til salg Europa, Storbritannien online. Baclofen 3d formel Lioresal tabletter b\u00f8r tages gennem munden, med mad. Startdosis er 5 mg 3 gange dagligt.\",\"breadcrumb\":{\"@id\":\"https:\\\/\\\/medicinasinc.com\\\/da\\\/product\\\/kob-lioresal-baclofen-25mg-piller\\\/#breadcrumb\"},\"inLanguage\":\"en-US\",\"potentialAction\":[{\"@type\":\"ReadAction\",\"target\":[\"https:\\\/\\\/medicinasinc.com\\\/da\\\/product\\\/kob-lioresal-baclofen-25mg-piller\\\/\"]}]},{\"@type\":\"ImageObject\",\"inLanguage\":\"en-US\",\"@id\":\"https:\\\/\\\/medicinasinc.com\\\/da\\\/product\\\/kob-lioresal-baclofen-25mg-piller\\\/#primaryimage\",\"url\":\"https:\\\/\\\/medicinasinc.com\\\/da\\\/wp-content\\\/uploads\\\/sites\\\/8\\\/2022\\\/02\\\/Buy-Lioresal-Baclofen-25mg.jpg\",\"contentUrl\":\"https:\\\/\\\/medicinasinc.com\\\/da\\\/wp-content\\\/uploads\\\/sites\\\/8\\\/2022\\\/02\\\/Buy-Lioresal-Baclofen-25mg.jpg\",\"width\":1280,\"height\":720},{\"@type\":\"BreadcrumbList\",\"@id\":\"https:\\\/\\\/medicinasinc.com\\\/da\\\/product\\\/kob-lioresal-baclofen-25mg-piller\\\/#breadcrumb\",\"itemListElement\":[{\"@type\":\"ListItem\",\"position\":1,\"name\":\"Butik\",\"item\":\"https:\\\/\\\/medicinasinc.com\\\/da\\\/butik\\\/\"},{\"@type\":\"ListItem\",\"position\":2,\"name\":\"K\u00f8b Lioresal Baclofen 25mg piller\"}]},{\"@type\":\"WebSite\",\"@id\":\"https:\\\/\\\/medicinasinc.com\\\/da\\\/#website\",\"url\":\"https:\\\/\\\/medicinasinc.com\\\/da\\\/\",\"name\":\"Medicinas Inc\",\"description\":\"Health Medical Clinic\",\"potentialAction\":[{\"@type\":\"SearchAction\",\"target\":{\"@type\":\"EntryPoint\",\"urlTemplate\":\"https:\\\/\\\/medicinasinc.com\\\/da\\\/?s={search_term_string}\"},\"query-input\":{\"@type\":\"PropertyValueSpecification\",\"valueRequired\":true,\"valueName\":\"search_term_string\"}}],\"inLanguage\":\"en-US\"}]}<\/script>\n<!-- \/ Yoast SEO plugin. -->","yoast_head_json":{"title":"K\u00f8b Lioresal Baclofen 25mg piller - bedste globale medicin","description":"K\u00f8b Lioresal Baclofen 25mg piller til salg Europa, Storbritannien online. Baclofen 3d formel Lioresal tabletter b\u00f8r tages gennem munden, med mad. Startdosis er 5 mg 3 gange dagligt.","robots":{"index":"index","follow":"follow","max-snippet":"max-snippet:-1","max-image-preview":"max-image-preview:large","max-video-preview":"max-video-preview:-1"},"canonical":"https:\/\/medicinasinc.com\/da\/product\/kob-lioresal-baclofen-25mg-piller\/","og_locale":"en_US","og_type":"article","og_title":"K\u00f8b Lioresal Baclofen 25mg piller - bedste globale medicin","og_description":"K\u00f8b Lioresal Baclofen 25mg piller til salg Europa, Storbritannien online. Baclofen 3d formel Lioresal tabletter b\u00f8r tages gennem munden, med mad. Startdosis er 5 mg 3 gange dagligt.","og_url":"https:\/\/medicinasinc.com\/da\/product\/kob-lioresal-baclofen-25mg-piller\/","og_site_name":"Medicinas Inc","article_modified_time":"2022-03-20T00:41:02+00:00","og_image":[{"width":1280,"height":720,"url":"https:\/\/medicinasinc.com\/da\/wp-content\/uploads\/sites\/8\/2022\/02\/Buy-Lioresal-Baclofen-25mg.jpg","type":"image\/jpeg"}],"twitter_card":"summary_large_image","twitter_misc":{"Est. reading time":"3 minutes"},"schema":{"@context":"https:\/\/schema.org","@graph":[{"@type":"WebPage","@id":"https:\/\/medicinasinc.com\/da\/product\/kob-lioresal-baclofen-25mg-piller\/","url":"https:\/\/medicinasinc.com\/da\/product\/kob-lioresal-baclofen-25mg-piller\/","name":"K\u00f8b Lioresal Baclofen 25mg piller - bedste globale medicin","isPartOf":{"@id":"https:\/\/medicinasinc.com\/da\/#website"},"primaryImageOfPage":{"@id":"https:\/\/medicinasinc.com\/da\/product\/kob-lioresal-baclofen-25mg-piller\/#primaryimage"},"image":{"@id":"https:\/\/medicinasinc.com\/da\/product\/kob-lioresal-baclofen-25mg-piller\/#primaryimage"},"thumbnailUrl":"https:\/\/medicinasinc.com\/da\/wp-content\/uploads\/sites\/8\/2022\/02\/Buy-Lioresal-Baclofen-25mg.jpg","datePublished":"2022-02-20T22:24:46+00:00","dateModified":"2022-03-20T00:41:02+00:00","description":"K\u00f8b Lioresal Baclofen 25mg piller til salg Europa, Storbritannien online. Baclofen 3d formel Lioresal tabletter b\u00f8r tages gennem munden, med mad. Startdosis er 5 mg 3 gange dagligt.","breadcrumb":{"@id":"https:\/\/medicinasinc.com\/da\/product\/kob-lioresal-baclofen-25mg-piller\/#breadcrumb"},"inLanguage":"en-US","potentialAction":[{"@type":"ReadAction","target":["https:\/\/medicinasinc.com\/da\/product\/kob-lioresal-baclofen-25mg-piller\/"]}]},{"@type":"ImageObject","inLanguage":"en-US","@id":"https:\/\/medicinasinc.com\/da\/product\/kob-lioresal-baclofen-25mg-piller\/#primaryimage","url":"https:\/\/medicinasinc.com\/da\/wp-content\/uploads\/sites\/8\/2022\/02\/Buy-Lioresal-Baclofen-25mg.jpg","contentUrl":"https:\/\/medicinasinc.com\/da\/wp-content\/uploads\/sites\/8\/2022\/02\/Buy-Lioresal-Baclofen-25mg.jpg","width":1280,"height":720},{"@type":"BreadcrumbList","@id":"https:\/\/medicinasinc.com\/da\/product\/kob-lioresal-baclofen-25mg-piller\/#breadcrumb","itemListElement":[{"@type":"ListItem","position":1,"name":"Butik","item":"https:\/\/medicinasinc.com\/da\/butik\/"},{"@type":"ListItem","position":2,"name":"K\u00f8b Lioresal Baclofen 25mg piller"}]},{"@type":"WebSite","@id":"https:\/\/medicinasinc.com\/da\/#website","url":"https:\/\/medicinasinc.com\/da\/","name":"Medicinas Inc","description":"Health Medical Clinic","potentialAction":[{"@type":"SearchAction","target":{"@type":"EntryPoint","urlTemplate":"https:\/\/medicinasinc.com\/da\/?s={search_term_string}"},"query-input":{"@type":"PropertyValueSpecification","valueRequired":true,"valueName":"search_term_string"}}],"inLanguage":"en-US"}]}},"_links":{"self":[{"href":"https:\/\/medicinasinc.com\/da\/wp-json\/wp\/v2\/product\/5237","targetHints":{"allow":["GET"]}}],"collection":[{"href":"https:\/\/medicinasinc.com\/da\/wp-json\/wp\/v2\/product"}],"about":[{"href":"https:\/\/medicinasinc.com\/da\/wp-json\/wp\/v2\/types\/product"}],"replies":[{"embeddable":true,"href":"https:\/\/medicinasinc.com\/da\/wp-json\/wp\/v2\/comments?post=5237"}],"wp:featuredmedia":[{"embeddable":true,"href":"https:\/\/medicinasinc.com\/da\/wp-json\/wp\/v2\/media\/5254"}],"wp:attachment":[{"href":"https:\/\/medicinasinc.com\/da\/wp-json\/wp\/v2\/media?parent=5237"}],"wp:term":[{"taxonomy":"product_brand","embeddable":true,"href":"https:\/\/medicinasinc.com\/da\/wp-json\/wp\/v2\/product_brand?post=5237"},{"taxonomy":"product_cat","embeddable":true,"href":"https:\/\/medicinasinc.com\/da\/wp-json\/wp\/v2\/product_cat?post=5237"},{"taxonomy":"product_tag","embeddable":true,"href":"https:\/\/medicinasinc.com\/da\/wp-json\/wp\/v2\/product_tag?post=5237"}],"curies":[{"name":"wp","href":"https:\/\/api.w.org\/{rel}","templated":true}]}}