{"id":5236,"date":"2022-02-20T22:23:28","date_gmt":"2022-02-20T22:23:28","guid":{"rendered":"https:\/\/medicinasinc.com\/da\/?post_type=product&#038;p=5236"},"modified":"2022-03-20T00:41:11","modified_gmt":"2022-03-20T00:41:11","slug":"kob-lexotanil-bromazepam-3mg-piller-online","status":"publish","type":"product","link":"https:\/\/medicinasinc.com\/da\/product\/kob-lexotanil-bromazepam-3mg-piller-online\/","title":{"rendered":"K\u00f8b Lexotanil Bromazepam 3mg piller online"},"content":{"rendered":"<p>Lexotanil Bromazepam 3mg tabletter til k\u00f8b online<br \/> Lexotanil Bromazepam 3mg piller online | lexotanil bromazepam<br \/> Hvad er form\u00e5let med bromazepam lexotanil 3 mg?<br \/> Bromazepam (varenavn Lexotan\u00ae) er et benzodiazepin. Det bruges prim\u00e6rt til at hj\u00e6lpe med behandling af angstsymptomer. Derudover kan det bruges til at lindre panik og sociale angstsymptomer. Det er fremstillet i tabletform.<\/p>\n<p>Hvad er den typiske bromazepam-dosis?<\/p>\n<p>Bromazepam ordineres typisk til voksne mod angst i en dosis p\u00e5 3-18 mg om dagen, almindeligvis spredt ud over det hele. dagen. Hos \u00e6ldre voksne b\u00f8r dosis reduceres til det halve, dvs. halvdelen af \u200b\u200bvoksendosis.<\/p>\n<p>Hvordan og hvorn\u00e5r skal Lexotan lexotanil 3 mg tages?<\/p>\n<p>Skal du siddende eller st\u00e5ende. pillerne med mindst et halvt glas vand. Dette sikrer, at det n\u00e5r maven og ikke s\u00e6tter sig fast i halsen. Bromazepam er sikkert at tage f\u00f8r, med eller efter spisning.<\/p>\n<p>Hvor lang tid tager bromazepam at tr\u00e6de i kraft?<br \/> Bromazepam begynder ofte at virke efter omkring en time. Effekten kan derefter forst\u00e6rkes i l\u00f8bet af flere dage eller uger.<br \/> Hvor l\u00e6nge skal jeg forts\u00e6tte med at tage Lexotanil 3 mg?<br \/> Dette vil variere afh\u00e6ngigt af form\u00e5let, du tager det til. LEXOTANIL, ofte stavet Lexotan<\/p>\n<p>Kan jeg pludselig holde op med at tage bromazepam?<\/p>\n<p>Hvis du tager bromazepam dagligt i mere end omkring 4 til 6 uger, kan du udvikle en afh\u00e6ngighed af det , men dette er ikke et problem, hvis du tager det mod epilepsi. Hvis du har taget det regelm\u00e6ssigt, kan det v\u00e6re fornuftigt gradvist at neds\u00e6tte dosis over et par dage eller uger. Du b\u00f8r diskutere dette i detaljer med din ordinerende l\u00e6ge, l\u00e6ge, sygeplejerske eller apotek. Hvis du tager det &#8220;efter behov&#8221; med f\u00e5 dages mellemrum, b\u00f8r du kunne stoppe, n\u00e5r du ikke l\u00e6ngere har brug for det. 3 lexotanil<\/p>\n<p>Hvad g\u00f8r jeg, hvis jeg glemmer en dosis af LEXOTAN?<br \/> Tag den manglende dosis, s\u00e5 snart du husker det, medmindre det er mindre end 4 timer f\u00f8r din n\u00e6ste dosis.<br \/> Hvis du husker at have fulgt dette, skal du blot tage din n\u00e6ste dosis som normalt. Fors\u00f8g ikke at indhente det ved at tage to doser p\u00e5 samme tid, da dette kan resultere i \u00f8gede bivirkninger.<br \/> Kan jeg indtage alkohol, n\u00e5r jeg er p\u00e5 bromazepam? K\u00f8b BROMAZEPAM LEXOTANIL, ogs\u00e5 kendt som Lexotan 3 MG.<br \/> Hvis du drikker alkohol, mens du tager LEXOTANIL, kan du opleve \u00f8get s\u00f8vnighed. Dette er is\u00e6r vigtigt, hvis du vil k\u00f8re bil eller bruge maskiner, og du b\u00f8r f\u00e5 r\u00e5d om dette.<\/p>\n<p>Hvilken type bivirkninger vil jeg sandsynligvis opleve, hvis jeg tager bromazepam? K\u00f8b BROMAZEPAM LEXOTANIL, ogs\u00e5 kendt som Lexotan 3 MG.<\/p>\n<p>Tallige personer opn\u00e5r: Kun f\u00e5 personer opn\u00e5r: Kun nogle f\u00e5 udvalgte personer opn\u00e5r:<br \/> Svimmelhed<br \/> S\u00f8vnighed<br \/> n\u00e6ste dag kan du f\u00f8le dig ustabil p\u00e5 dine f\u00f8dder.<br \/> Hovedpine<br \/> Forvirring<br \/> S\u00f8vnl\u00f8shed (glemmer ting)<br \/> Bliv ikke forskr\u00e6kket over f\u00f8lgende liste over bivirkninger. Nogle personer oplever ingen bivirkninger overhovedet, mens andre kan opleve nogle, der ikke er inkluderet her. Kontakt din l\u00e6ge, sygeplejerske eller apotek, hvis du tror, \u200b\u200bdu kan opleve en bivirkning af din medicin.<\/p>\n<p>Er det sikkert for mig at k\u00f8re bil eller cykle, mens jeg tager LEXOTANIL?<\/p>\n<p> Bromazepam kan sv\u00e6kke din k\u00f8reevne og fremkalde let svimmelhed og svimmelhed.<\/p>\n<p>V\u00e6r forsigtig, n\u00e5r du k\u00f8rer bil eller betjener maskiner, indtil du ved, hvordan bromazepam p\u00e5virker dig. Du b\u00f8r v\u00e6re forsigtig, da det kan f\u00e5 din reaktionstid til at blive langsommere.<\/p>\n","protected":false},"excerpt":{"rendered":"<p>Lexotanil Bromazepam 3mg tabletter kan k\u00f8bes online. Bromazepam (Lexotanil) er medlem af benzodiazepin-klassen af \u200b\u200bmedicin, som omfatter antidepressiva, anti-panikmidler og muskelafslappende midler.<\/p>\n<p>Bromazepam er et korttidsvirkende benzodiazepin med en langsom indtr\u00e6den, som ofte anvendes&#039; 8230; Tablet, 3 mg, Oral, Alti-bromazepam 3 mg tabletter, bedste globale medicin<\/p>\n<p>K\u00f8b bromazepam online uden recept | K\u00f8b Lexotan 6mg online uden recept<\/p>\n<p>Bromazepam (Lexotanil) er et benzodiazepin.<\/p>\n","protected":false},"featured_media":5252,"comment_status":"open","ping_status":"closed","template":"","meta":[],"product_brand":[],"product_cat":[1117],"product_tag":[1419,1420,1421,1422,1423,1424,1425,1428,1429,1426,1427,1430,1431,1432,1433,1434,1435,1436,1437,1438],"class_list":{"0":"post-5236","1":"product","2":"type-product","3":"status-publish","4":"has-post-thumbnail","6":"product_cat-kob-smerte-sove-sex-piller","7":"product_tag-3-mg","8":"product_tag-3mg","9":"product_tag-3mg-klonopin","10":"product_tag-bromazepam","11":"product_tag-bromazepam-lexotanil","12":"product_tag-bromazepam-lexotanil-6mg-til-salg","13":"product_tag-bromazepam-lexotanil-til-salg","14":"product_tag-can-you-overdose-on-lexapro","15":"product_tag-is-lexapro-a-benzodiazepiner","16":"product_tag-kb-lexotanil-bromazepam","17":"product_tag-kb-lexotanil-bromazepam-fra-canada","18":"product_tag-lexapro-generisk-navn","19":"product_tag-lexatin","20":"product_tag-lexomil","21":"product_tag-lexotan","22":"product_tag-lexotan-3mg","23":"product_tag-lexotanil","24":"product_tag-lexotanil-bromazepam","25":"product_tag-lexotanil-bromazepam-3mg","26":"product_tag-tabs-piller-stoffer","28":"first","29":"instock","30":"shipping-taxable","31":"purchasable","32":"product-type-variable","33":"has-default-attributes"},"yoast_head":"<!-- This site is optimized with the Yoast SEO plugin v27.3 - https:\/\/yoast.com\/product\/yoast-seo-wordpress\/ -->\n<title>K\u00f8b Lexotanil Bromazepam 3mg piller online - Bedste bedste globale medicin<\/title>\n<meta name=\"description\" content=\"K\u00f8b Lexotanil Bromazepam 3mg piller til salg online uk, europa. Bromazepam (Lexotanil) er i gruppen af \u200b\u200bl\u00e6gemidler kendt som benzodiazepiner, en klasse af antidepressiva, anti-panikmidler og muskelafslappende midler.\" \/>\n<meta name=\"robots\" content=\"index, follow, max-snippet:-1, max-image-preview:large, max-video-preview:-1\" \/>\n<link rel=\"canonical\" href=\"https:\/\/medicinasinc.com\/da\/product\/kob-lexotanil-bromazepam-3mg-piller-online\/\" \/>\n<meta property=\"og:locale\" content=\"en_US\" \/>\n<meta property=\"og:type\" content=\"article\" \/>\n<meta property=\"og:title\" content=\"K\u00f8b Lexotanil Bromazepam 3mg piller online - Bedste bedste globale medicin\" \/>\n<meta property=\"og:description\" content=\"K\u00f8b Lexotanil Bromazepam 3mg piller til salg online uk, europa. Bromazepam (Lexotanil) er i gruppen af \u200b\u200bl\u00e6gemidler kendt som benzodiazepiner, en klasse af antidepressiva, anti-panikmidler og muskelafslappende midler.\" \/>\n<meta property=\"og:url\" content=\"https:\/\/medicinasinc.com\/da\/product\/kob-lexotanil-bromazepam-3mg-piller-online\/\" \/>\n<meta property=\"og:site_name\" content=\"Medicinas Inc\" \/>\n<meta property=\"article:modified_time\" content=\"2022-03-20T00:41:11+00:00\" \/>\n<meta property=\"og:image\" content=\"https:\/\/medicinasinc.com\/da\/wp-content\/uploads\/sites\/8\/2022\/02\/Buy-Lexotan-Bromazepam-3mg.jpg\" \/>\n\t<meta property=\"og:image:width\" content=\"600\" \/>\n\t<meta property=\"og:image:height\" content=\"600\" \/>\n\t<meta property=\"og:image:type\" content=\"image\/jpeg\" \/>\n<meta name=\"twitter:card\" content=\"summary_large_image\" \/>\n<meta name=\"twitter:label1\" content=\"Est. reading time\" \/>\n\t<meta name=\"twitter:data1\" content=\"3 minutes\" \/>\n<script type=\"application\/ld+json\" class=\"yoast-schema-graph\">{\"@context\":\"https:\\\/\\\/schema.org\",\"@graph\":[{\"@type\":\"WebPage\",\"@id\":\"https:\\\/\\\/medicinasinc.com\\\/da\\\/product\\\/kob-lexotanil-bromazepam-3mg-piller-online\\\/\",\"url\":\"https:\\\/\\\/medicinasinc.com\\\/da\\\/product\\\/kob-lexotanil-bromazepam-3mg-piller-online\\\/\",\"name\":\"K\u00f8b Lexotanil Bromazepam 3mg piller online - Bedste bedste globale medicin\",\"isPartOf\":{\"@id\":\"https:\\\/\\\/medicinasinc.com\\\/da\\\/#website\"},\"primaryImageOfPage\":{\"@id\":\"https:\\\/\\\/medicinasinc.com\\\/da\\\/product\\\/kob-lexotanil-bromazepam-3mg-piller-online\\\/#primaryimage\"},\"image\":{\"@id\":\"https:\\\/\\\/medicinasinc.com\\\/da\\\/product\\\/kob-lexotanil-bromazepam-3mg-piller-online\\\/#primaryimage\"},\"thumbnailUrl\":\"https:\\\/\\\/medicinasinc.com\\\/da\\\/wp-content\\\/uploads\\\/sites\\\/8\\\/2022\\\/02\\\/Buy-Lexotan-Bromazepam-3mg.jpg\",\"datePublished\":\"2022-02-20T22:23:28+00:00\",\"dateModified\":\"2022-03-20T00:41:11+00:00\",\"description\":\"K\u00f8b Lexotanil Bromazepam 3mg piller til salg online uk, europa. Bromazepam (Lexotanil) er i gruppen af \u200b\u200bl\u00e6gemidler kendt som benzodiazepiner, en klasse af antidepressiva, anti-panikmidler og muskelafslappende midler.\",\"breadcrumb\":{\"@id\":\"https:\\\/\\\/medicinasinc.com\\\/da\\\/product\\\/kob-lexotanil-bromazepam-3mg-piller-online\\\/#breadcrumb\"},\"inLanguage\":\"en-US\",\"potentialAction\":[{\"@type\":\"ReadAction\",\"target\":[\"https:\\\/\\\/medicinasinc.com\\\/da\\\/product\\\/kob-lexotanil-bromazepam-3mg-piller-online\\\/\"]}]},{\"@type\":\"ImageObject\",\"inLanguage\":\"en-US\",\"@id\":\"https:\\\/\\\/medicinasinc.com\\\/da\\\/product\\\/kob-lexotanil-bromazepam-3mg-piller-online\\\/#primaryimage\",\"url\":\"https:\\\/\\\/medicinasinc.com\\\/da\\\/wp-content\\\/uploads\\\/sites\\\/8\\\/2022\\\/02\\\/Buy-Lexotan-Bromazepam-3mg.jpg\",\"contentUrl\":\"https:\\\/\\\/medicinasinc.com\\\/da\\\/wp-content\\\/uploads\\\/sites\\\/8\\\/2022\\\/02\\\/Buy-Lexotan-Bromazepam-3mg.jpg\",\"width\":600,\"height\":600},{\"@type\":\"BreadcrumbList\",\"@id\":\"https:\\\/\\\/medicinasinc.com\\\/da\\\/product\\\/kob-lexotanil-bromazepam-3mg-piller-online\\\/#breadcrumb\",\"itemListElement\":[{\"@type\":\"ListItem\",\"position\":1,\"name\":\"Butik\",\"item\":\"https:\\\/\\\/medicinasinc.com\\\/da\\\/butik\\\/\"},{\"@type\":\"ListItem\",\"position\":2,\"name\":\"K\u00f8b Lexotanil Bromazepam 3mg piller online\"}]},{\"@type\":\"WebSite\",\"@id\":\"https:\\\/\\\/medicinasinc.com\\\/da\\\/#website\",\"url\":\"https:\\\/\\\/medicinasinc.com\\\/da\\\/\",\"name\":\"Medicinas Inc\",\"description\":\"Health Medical Clinic\",\"potentialAction\":[{\"@type\":\"SearchAction\",\"target\":{\"@type\":\"EntryPoint\",\"urlTemplate\":\"https:\\\/\\\/medicinasinc.com\\\/da\\\/?s={search_term_string}\"},\"query-input\":{\"@type\":\"PropertyValueSpecification\",\"valueRequired\":true,\"valueName\":\"search_term_string\"}}],\"inLanguage\":\"en-US\"}]}<\/script>\n<!-- \/ Yoast SEO plugin. -->","yoast_head_json":{"title":"K\u00f8b Lexotanil Bromazepam 3mg piller online - Bedste bedste globale medicin","description":"K\u00f8b Lexotanil Bromazepam 3mg piller til salg online uk, europa. Bromazepam (Lexotanil) er i gruppen af \u200b\u200bl\u00e6gemidler kendt som benzodiazepiner, en klasse af antidepressiva, anti-panikmidler og muskelafslappende midler.","robots":{"index":"index","follow":"follow","max-snippet":"max-snippet:-1","max-image-preview":"max-image-preview:large","max-video-preview":"max-video-preview:-1"},"canonical":"https:\/\/medicinasinc.com\/da\/product\/kob-lexotanil-bromazepam-3mg-piller-online\/","og_locale":"en_US","og_type":"article","og_title":"K\u00f8b Lexotanil Bromazepam 3mg piller online - Bedste bedste globale medicin","og_description":"K\u00f8b Lexotanil Bromazepam 3mg piller til salg online uk, europa. Bromazepam (Lexotanil) er i gruppen af \u200b\u200bl\u00e6gemidler kendt som benzodiazepiner, en klasse af antidepressiva, anti-panikmidler og muskelafslappende midler.","og_url":"https:\/\/medicinasinc.com\/da\/product\/kob-lexotanil-bromazepam-3mg-piller-online\/","og_site_name":"Medicinas Inc","article_modified_time":"2022-03-20T00:41:11+00:00","og_image":[{"width":600,"height":600,"url":"https:\/\/medicinasinc.com\/da\/wp-content\/uploads\/sites\/8\/2022\/02\/Buy-Lexotan-Bromazepam-3mg.jpg","type":"image\/jpeg"}],"twitter_card":"summary_large_image","twitter_misc":{"Est. reading time":"3 minutes"},"schema":{"@context":"https:\/\/schema.org","@graph":[{"@type":"WebPage","@id":"https:\/\/medicinasinc.com\/da\/product\/kob-lexotanil-bromazepam-3mg-piller-online\/","url":"https:\/\/medicinasinc.com\/da\/product\/kob-lexotanil-bromazepam-3mg-piller-online\/","name":"K\u00f8b Lexotanil Bromazepam 3mg piller online - Bedste bedste globale medicin","isPartOf":{"@id":"https:\/\/medicinasinc.com\/da\/#website"},"primaryImageOfPage":{"@id":"https:\/\/medicinasinc.com\/da\/product\/kob-lexotanil-bromazepam-3mg-piller-online\/#primaryimage"},"image":{"@id":"https:\/\/medicinasinc.com\/da\/product\/kob-lexotanil-bromazepam-3mg-piller-online\/#primaryimage"},"thumbnailUrl":"https:\/\/medicinasinc.com\/da\/wp-content\/uploads\/sites\/8\/2022\/02\/Buy-Lexotan-Bromazepam-3mg.jpg","datePublished":"2022-02-20T22:23:28+00:00","dateModified":"2022-03-20T00:41:11+00:00","description":"K\u00f8b Lexotanil Bromazepam 3mg piller til salg online uk, europa. Bromazepam (Lexotanil) er i gruppen af \u200b\u200bl\u00e6gemidler kendt som benzodiazepiner, en klasse af antidepressiva, anti-panikmidler og muskelafslappende midler.","breadcrumb":{"@id":"https:\/\/medicinasinc.com\/da\/product\/kob-lexotanil-bromazepam-3mg-piller-online\/#breadcrumb"},"inLanguage":"en-US","potentialAction":[{"@type":"ReadAction","target":["https:\/\/medicinasinc.com\/da\/product\/kob-lexotanil-bromazepam-3mg-piller-online\/"]}]},{"@type":"ImageObject","inLanguage":"en-US","@id":"https:\/\/medicinasinc.com\/da\/product\/kob-lexotanil-bromazepam-3mg-piller-online\/#primaryimage","url":"https:\/\/medicinasinc.com\/da\/wp-content\/uploads\/sites\/8\/2022\/02\/Buy-Lexotan-Bromazepam-3mg.jpg","contentUrl":"https:\/\/medicinasinc.com\/da\/wp-content\/uploads\/sites\/8\/2022\/02\/Buy-Lexotan-Bromazepam-3mg.jpg","width":600,"height":600},{"@type":"BreadcrumbList","@id":"https:\/\/medicinasinc.com\/da\/product\/kob-lexotanil-bromazepam-3mg-piller-online\/#breadcrumb","itemListElement":[{"@type":"ListItem","position":1,"name":"Butik","item":"https:\/\/medicinasinc.com\/da\/butik\/"},{"@type":"ListItem","position":2,"name":"K\u00f8b Lexotanil Bromazepam 3mg piller online"}]},{"@type":"WebSite","@id":"https:\/\/medicinasinc.com\/da\/#website","url":"https:\/\/medicinasinc.com\/da\/","name":"Medicinas Inc","description":"Health Medical Clinic","potentialAction":[{"@type":"SearchAction","target":{"@type":"EntryPoint","urlTemplate":"https:\/\/medicinasinc.com\/da\/?s={search_term_string}"},"query-input":{"@type":"PropertyValueSpecification","valueRequired":true,"valueName":"search_term_string"}}],"inLanguage":"en-US"}]}},"_links":{"self":[{"href":"https:\/\/medicinasinc.com\/da\/wp-json\/wp\/v2\/product\/5236","targetHints":{"allow":["GET"]}}],"collection":[{"href":"https:\/\/medicinasinc.com\/da\/wp-json\/wp\/v2\/product"}],"about":[{"href":"https:\/\/medicinasinc.com\/da\/wp-json\/wp\/v2\/types\/product"}],"replies":[{"embeddable":true,"href":"https:\/\/medicinasinc.com\/da\/wp-json\/wp\/v2\/comments?post=5236"}],"wp:featuredmedia":[{"embeddable":true,"href":"https:\/\/medicinasinc.com\/da\/wp-json\/wp\/v2\/media\/5252"}],"wp:attachment":[{"href":"https:\/\/medicinasinc.com\/da\/wp-json\/wp\/v2\/media?parent=5236"}],"wp:term":[{"taxonomy":"product_brand","embeddable":true,"href":"https:\/\/medicinasinc.com\/da\/wp-json\/wp\/v2\/product_brand?post=5236"},{"taxonomy":"product_cat","embeddable":true,"href":"https:\/\/medicinasinc.com\/da\/wp-json\/wp\/v2\/product_cat?post=5236"},{"taxonomy":"product_tag","embeddable":true,"href":"https:\/\/medicinasinc.com\/da\/wp-json\/wp\/v2\/product_tag?post=5236"}],"curies":[{"name":"wp","href":"https:\/\/api.w.org\/{rel}","templated":true}]}}