{"id":5209,"date":"2022-02-20T21:59:55","date_gmt":"2022-02-20T21:59:55","guid":{"rendered":"https:\/\/medicinasinc.com\/da\/?post_type=product&#038;p=5209"},"modified":"2022-03-20T00:41:19","modified_gmt":"2022-03-20T00:41:19","slug":"kob-klonopin-2-mg","status":"publish","type":"product","link":"https:\/\/medicinasinc.com\/da\/product\/kob-klonopin-2-mg\/","title":{"rendered":"K\u00f8b Klonopin 2 mg"},"content":{"rendered":"<p>Online kan du k\u00f8be Klonopin 2 mg piller til salg til en lav pris.<\/p>\n<p>Klonopin er en \u00e6gte eliksir, der vil hj\u00e6lpe dig med at h\u00e5ndtere dine problemer. Det vil ogs\u00e5 f\u00e5 dig til at f\u00f8le dig bedre.<\/p>\n<p>Klonopin er et benzodiazepin beroligende og antikonvulsivt middel, og det kan hj\u00e6lpe folk med at slappe af og holde op med at f\u00e5 anfald. Det bruges mest til at behandle angstlidelser, s\u00e5som panikangst.<\/p>\n<p>Tag et n\u00e6rmere kig p\u00e5 Klonopin nu.<\/p>\n<p>Klonopin er det eneste benzodiazepin, som FDA har godkendt til at behandle panikangst . Mange mennesker bruger Klonopin til at behandle angst, agitation, akut mani (i kombination med andre l\u00e6gemidler) og til hurtigt at stoppe anfald. Anvendelse: Det bruges som et langvarigt antikonvulsivt l\u00e6gemiddel, som en sovepille, til at behandle nervesmerter.<\/p>\n<p>De kan v\u00e6re rolige, m\u00e5ske h\u00f8je og lidt tr\u00e6tte efter at have taget Klonopin. Bivirkninger varierer fra person til person og afh\u00e6nger af, hvor meget du tager. I de fleste tilf\u00e6lde gives Klonopin to gange om dagen, for omkring 0,25 mg til 2 mg. Mennesker med epilepsi kan tage op til 20 mg om dagen.<\/p>\n<p>S\u00e5dan virker Klonopin: Det p\u00e5virker neurotransmitteren GABA, som er en modgift. Fordi Klonopin g\u00f8r s\u00e5 mange ting p\u00e5 \u00e9n gang, bremser det hjernen ved at reducere nervernes evne til at sende impulser. Som et resultat af mindre aktivitet bliver folk mindre \u00e6ngstelige, og chancen for at f\u00e5 et anfald falder ogs\u00e5.<\/p>\n<p>I medicin bruges Klonopin til at behandle anfald og panikanfald. Det kan ogs\u00e5 bruges som et hypnotisk middel til behandling af angstlidelser, panikangst og smerte. At tage benzodiazepin vil hj\u00e6lpe med at stoppe anfaldet og bringe hjerneaktiviteten tilbage til normal. Dette kan ogs\u00e5 hj\u00e6lpe mod smerter, is\u00e6r neuropatiske smerter, fordi det g\u00f8r det sv\u00e6rt for neuroner at sende smertesignaler, hvilket g\u00f8r dem mindre f\u00f8lsomme.<\/p>\n<p>Ting at tale om med l\u00e6gen, f\u00f8r du tager Klonopin<\/p>\n<p>Du b\u00f8r fort\u00e6lle det til din l\u00e6ge, hvis du:<\/p>\n<p>Mindst \u00e9n af disse tilstande:<\/p>\n<p>\u2022 problemer med leveren<\/p>\n<p>\u2022 alkohol- eller stofmisbrug, enten nuv\u00e6rende eller tidligere;<\/p>\n<p>Mennesker, der har astma, bronkitis, emfysem eller andre luftvejssygdomme;<\/p>\n<p>\u2022 tristhed eller selvmordstanker.<\/p>\n<p>A mange mennesker, der har ovenn\u00e6vnte sygdomme, kan ikke tage Klonopin, eller de bliver n\u00f8dt til at tage en lavere dosis af l\u00e6gemidlet og blive tjekket ud af deres l\u00e6ge.<\/p>\n<p>Hvis du er over 60, er chancerne for at have bivirkninger fra medicinen er meget h\u00f8je. P\u00e5 grund af dette b\u00f8r din Klonopin-dosis \u00e6ndres baseret p\u00e5 dit helbred.<\/p>\n<p>Anvendelse:<\/p>\n<p>Klonopin b\u00f8r kun tages p\u00e5 den m\u00e5de, som en l\u00e6ge fort\u00e6ller dig. Kontakt din l\u00e6ge eller apoteket for at f\u00e5 r\u00e5d om, hvordan du bruger det. N\u00e5r du tager pillen, skal du drikke det hele. Tag ikke mere, end din l\u00e6ge har fortalt dig. Inden du er f\u00e6rdig med at tage produktet, skal du tale med din l\u00e6ge.<\/p>\n<p>Tag et kig p\u00e5, hvad der sker, n\u00e5r du tager for meget medicin.<\/p>\n<p>I tilf\u00e6lde af en overdosis, ring til en l\u00e6ge med det samme v\u00e6k.<\/p>\n<p>Tegn p\u00e5 en overdosis:<\/p>\n<p>D\u00f8sighed, svimmelhed, forvirring, et langsomt hjerteslag, alkohollignende symptomer og bevidsthedstab er alle tegn p\u00e5 alkoholisme.<\/p>\n<p>Hvis nogen tager for meget af stoffet, foretages maveskylning og behandling for bivirkninger.<\/p>\n<p>N\u00e5r du k\u00f8rer bil, bruger maskiner eller udf\u00f8rer andet arbejde, der kan v\u00e6re farligt, skal du v\u00e6re forsigtig.<\/p>\n<p> p&gt; <\/p>\n<p>I tilf\u00e6lde af d\u00f8sighed eller svimmelhed b\u00f8r du ikke g\u00f8re denne slags ting.<\/p>\n<p>Alkohol b\u00f8r ikke blandes med Klonopin. Alkohol g\u00f8r Klonopin mere tilb\u00f8jelige til at for\u00e5rsage alvorlige bivirkninger. Som et resultat er der en st\u00f8rre chance for ogs\u00e5 at f\u00e5 anfald.<\/p>\n<p>Hvad har Klonopin?<\/p>\n<p>allergi: \u00e5nden\u00f8d, h\u00e6velse af l\u00e6berne, ansigt, tunge eller udsl\u00e6t <\/p>\n<p>Der er ogs\u00e5 en chance for, at andre, mindre alvorlige bivirkninger viser sig.<\/p>\n<p>Forts\u00e6t med at tage medicinen og fort\u00e6l din l\u00e6ge, hvis du har:<\/p>\n<p>S\u00f8vnighed ; svimmelhed eller akavet bev\u00e6gelse; depression; svimmelhed, kvalme, diarr\u00e9 eller forstoppelse; vandladningsbesv\u00e6r, mareridt, hovedpine, mundt\u00f8rhed, et fald i seksuel lyst og \u00e6ndringer i adf\u00e6rd er alle tegn p\u00e5 depression.<\/p>\n<p>Dosis og hvordan det g\u00f8res<\/p>\n<p>Klonopin-behandling starter med sm\u00e5 doser og \u00f8ger dem gradvist for at opn\u00e5 de bedste resultater. Fordi hver person har en anden tilstand og kropsreaktion p\u00e5 at tage et l\u00e6gemiddel, er doseringen skr\u00e6ddersyet til hans behov. Den mest almindelige Klonopin-dosis er 0,5 mg tre gange dagligt. Hvis den terapeutiske effekt ikke opn\u00e5s, kan dosis \u00f8ges hver tredje dag i behandlingen, indtil det sker.<\/p>\n<p>N\u00e5r l\u00e6gemidlet tages i h\u00f8je doser, is\u00e6r over l\u00e6ngere tid, kan det for\u00e5rsage problemer med artikulation, diplopi, nystagmus, paradoksale reaktioner (s\u00e5som pludselig ophidselse) og anterograd amnesi. Et par gange f\u00e5r en person en overf\u00f8lsomhedsreaktion, muskelsvaghed eller depression. Mennesker med nogle typer epilepsi kan f\u00e5 flere anfald, hvis de f\u00e5r behandling i l\u00e6ngere tid.<\/p>\n","protected":false},"excerpt":{"rendered":"<p>K\u00f8b Klonopin 2 mg piller til salg i Storbritannien, Europa og resten af \u200b\u200bverden. Klonopin (Clonazepam) kan hj\u00e6lpe mennesker med anfald, panikangst og angst. Benzodiazepiner er medicin, der f\u00e5r dig til at f\u00f8le dig rolig.<\/p>\n<p>Clonazepam klonopin 2mg kan k\u00f8bes online til den bedste pris p\u00e5 det bedste sted. Best Global Meds er et velkendt onlineapotek, der kun s\u00e6lger lovlige l\u00e6gemidler. N\u00e5r du bestiller online, kan du spare penge og tid.<\/p>\n<p>UK, Europa: Jeg vil have Klonopin til salg. Der er steder i Europa, hvor du kan k\u00f8be clonazepam online og k\u00f8be klonopin 2 mg tabletter.<\/p>\n","protected":false},"featured_media":5228,"comment_status":"open","ping_status":"closed","template":"","meta":[],"product_brand":[],"product_cat":[1117],"product_tag":[1370,1371,1413,1372,1373,1375,1393,1397,1384,1385,1386,1387,1376,1377,1380,1381,1382,1417,1415,1416,1379,1378,1383,1414,1374,1388,1389,1390,1391,1412,1392,1404,1405,1394,1395,1398,1399,1400,1401,1396,1402,1403,1410,1406,1407,1408,1409,1411,1418],"class_list":{"0":"post-5209","1":"product","2":"type-product","3":"status-publish","4":"has-post-thumbnail","6":"product_cat-kob-smerte-sove-sex-piller","7":"product_tag-1mg-klonopin","8":"product_tag-ativan-vs-klonopin","9":"product_tag-bivirkninger-af-klonopin","10":"product_tag-bl-klonopin","11":"product_tag-bl-klonopin-2mg","12":"product_tag-clonazepam-klonopin-orange-pille-1-2","13":"product_tag-clonopin-og-alkohol","14":"product_tag-klonopin-til-s-c3-b8vn","15":"product_tag-er-1mg-klonopin-en-lav-dosis","16":"product_tag-er-klonopin-a-benzo","17":"product_tag-er-klonopin-et-kontrolleret-stof","18":"product_tag-er-klonopin-et-narkotisk","19":"product_tag-generisk-klonopin","20":"product_tag-half-life-of-klonopin","21":"product_tag-how-long-does-klonopin-stay-in-your-system","22":"product_tag-how-long-does-klonopin-stay-in-your-urine","23":"product_tag-how-long-does-klonopin-take-to-work","24":"product_tag-hvad-bruges-klonopin-til","25":"product_tag-hvad-er-en-hj-dosis-klonopin","26":"product_tag-hvad-er-klonopin","27":"product_tag-hvor-l-c3-a6nge-holder-clonopin","28":"product_tag-hvor-lang-tid-tager-det-for-klonopin-at-sl-ind","29":"product_tag-hvor-mange-timer-mellem-klonopin-doser","30":"product_tag-hvordan-ligner-klonopin","31":"product_tag-kan-du-tage-klonopin-for-livet","32":"product_tag-klonopin","33":"product_tag-klonopin-10-mg","34":"product_tag-klonopin-1mg","35":"product_tag-klonopin-2mg","36":"product_tag-klonopin-abstinenssymptomer","37":"product_tag-klonopin-afhngighed","38":"product_tag-klonopin-bivirkninger","39":"product_tag-klonopin-anvendelser","40":"product_tag-klonopin-dosage","41":"product_tag-klonopin-doser","42":"product_tag-klonopin-generisk","43":"product_tag-klonopin-half-life","44":"product_tag-klonopin-high","45":"product_tag-klonopin-medicin","46":"product_tag-clonopin-for-angst","47":"product_tag-klonopin-overdosis","48":"product_tag-klonopin-pille","49":"product_tag-klonopin-vgttab","50":"product_tag-klonopin-vs-ativan","51":"product_tag-klonopin-vs-valium","52":"product_tag-klonopin-vs-xanax","53":"product_tag-klonopin-vs-xanax-reddit","54":"product_tag-klonopin-tilbagetrkning","55":"product_tag-xanax-vs-klonopin","57":"first","58":"instock","59":"shipping-taxable","60":"purchasable","61":"product-type-variable","62":"has-default-attributes"},"yoast_head":"<!-- This site is optimized with the Yoast SEO plugin v27.3 - https:\/\/yoast.com\/product\/yoast-seo-wordpress\/ -->\n<title>K\u00f8b Klonopin 2 mg - Klonopin Online Salg - Bedste bedste globale medicin<\/title>\n<meta name=\"description\" content=\"K\u00f8b Klonopin 2 mg til salg UK, Europa piller online. Klonopin (Clonazepam) behandler anfald, panikangst og angst. Denne medicin er et benzodiazepin.\" \/>\n<meta name=\"robots\" content=\"index, follow, max-snippet:-1, max-image-preview:large, max-video-preview:-1\" \/>\n<link rel=\"canonical\" href=\"https:\/\/medicinasinc.com\/da\/product\/kob-klonopin-2-mg\/\" \/>\n<meta property=\"og:locale\" content=\"en_US\" \/>\n<meta property=\"og:type\" content=\"article\" \/>\n<meta property=\"og:title\" content=\"K\u00f8b Klonopin 2 mg - Klonopin Online Salg - Bedste bedste globale medicin\" \/>\n<meta property=\"og:description\" content=\"K\u00f8b Klonopin 2 mg til salg UK, Europa piller online. Klonopin (Clonazepam) behandler anfald, panikangst og angst. Denne medicin er et benzodiazepin.\" \/>\n<meta property=\"og:url\" content=\"https:\/\/medicinasinc.com\/da\/product\/kob-klonopin-2-mg\/\" \/>\n<meta property=\"og:site_name\" content=\"Medicinas Inc\" \/>\n<meta property=\"article:modified_time\" content=\"2022-03-20T00:41:19+00:00\" \/>\n<meta property=\"og:image\" content=\"https:\/\/medicinasinc.com\/da\/wp-content\/uploads\/sites\/8\/2022\/02\/Buy-Klonopin-2-mg.jpeg\" \/>\n\t<meta property=\"og:image:width\" content=\"236\" \/>\n\t<meta property=\"og:image:height\" content=\"296\" \/>\n\t<meta property=\"og:image:type\" content=\"image\/jpeg\" \/>\n<meta name=\"twitter:card\" content=\"summary_large_image\" \/>\n<meta name=\"twitter:label1\" content=\"Est. reading time\" \/>\n\t<meta name=\"twitter:data1\" content=\"4 minutes\" \/>\n<script type=\"application\/ld+json\" class=\"yoast-schema-graph\">{\"@context\":\"https:\\\/\\\/schema.org\",\"@graph\":[{\"@type\":\"WebPage\",\"@id\":\"https:\\\/\\\/medicinasinc.com\\\/da\\\/product\\\/kob-klonopin-2-mg\\\/\",\"url\":\"https:\\\/\\\/medicinasinc.com\\\/da\\\/product\\\/kob-klonopin-2-mg\\\/\",\"name\":\"K\u00f8b Klonopin 2 mg - Klonopin Online Salg - Bedste bedste globale medicin\",\"isPartOf\":{\"@id\":\"https:\\\/\\\/medicinasinc.com\\\/da\\\/#website\"},\"primaryImageOfPage\":{\"@id\":\"https:\\\/\\\/medicinasinc.com\\\/da\\\/product\\\/kob-klonopin-2-mg\\\/#primaryimage\"},\"image\":{\"@id\":\"https:\\\/\\\/medicinasinc.com\\\/da\\\/product\\\/kob-klonopin-2-mg\\\/#primaryimage\"},\"thumbnailUrl\":\"https:\\\/\\\/medicinasinc.com\\\/da\\\/wp-content\\\/uploads\\\/sites\\\/8\\\/2022\\\/02\\\/Buy-Klonopin-2-mg.jpeg\",\"datePublished\":\"2022-02-20T21:59:55+00:00\",\"dateModified\":\"2022-03-20T00:41:19+00:00\",\"description\":\"K\u00f8b Klonopin 2 mg til salg UK, Europa piller online. Klonopin (Clonazepam) behandler anfald, panikangst og angst. Denne medicin er et benzodiazepin.\",\"breadcrumb\":{\"@id\":\"https:\\\/\\\/medicinasinc.com\\\/da\\\/product\\\/kob-klonopin-2-mg\\\/#breadcrumb\"},\"inLanguage\":\"en-US\",\"potentialAction\":[{\"@type\":\"ReadAction\",\"target\":[\"https:\\\/\\\/medicinasinc.com\\\/da\\\/product\\\/kob-klonopin-2-mg\\\/\"]}]},{\"@type\":\"ImageObject\",\"inLanguage\":\"en-US\",\"@id\":\"https:\\\/\\\/medicinasinc.com\\\/da\\\/product\\\/kob-klonopin-2-mg\\\/#primaryimage\",\"url\":\"https:\\\/\\\/medicinasinc.com\\\/da\\\/wp-content\\\/uploads\\\/sites\\\/8\\\/2022\\\/02\\\/Buy-Klonopin-2-mg.jpeg\",\"contentUrl\":\"https:\\\/\\\/medicinasinc.com\\\/da\\\/wp-content\\\/uploads\\\/sites\\\/8\\\/2022\\\/02\\\/Buy-Klonopin-2-mg.jpeg\",\"width\":236,\"height\":296},{\"@type\":\"BreadcrumbList\",\"@id\":\"https:\\\/\\\/medicinasinc.com\\\/da\\\/product\\\/kob-klonopin-2-mg\\\/#breadcrumb\",\"itemListElement\":[{\"@type\":\"ListItem\",\"position\":1,\"name\":\"Butik\",\"item\":\"https:\\\/\\\/medicinasinc.com\\\/da\\\/butik\\\/\"},{\"@type\":\"ListItem\",\"position\":2,\"name\":\"K\u00f8b Klonopin 2 mg\"}]},{\"@type\":\"WebSite\",\"@id\":\"https:\\\/\\\/medicinasinc.com\\\/da\\\/#website\",\"url\":\"https:\\\/\\\/medicinasinc.com\\\/da\\\/\",\"name\":\"Medicinas Inc\",\"description\":\"Health Medical Clinic\",\"potentialAction\":[{\"@type\":\"SearchAction\",\"target\":{\"@type\":\"EntryPoint\",\"urlTemplate\":\"https:\\\/\\\/medicinasinc.com\\\/da\\\/?s={search_term_string}\"},\"query-input\":{\"@type\":\"PropertyValueSpecification\",\"valueRequired\":true,\"valueName\":\"search_term_string\"}}],\"inLanguage\":\"en-US\"}]}<\/script>\n<!-- \/ Yoast SEO plugin. -->","yoast_head_json":{"title":"K\u00f8b Klonopin 2 mg - Klonopin Online Salg - Bedste bedste globale medicin","description":"K\u00f8b Klonopin 2 mg til salg UK, Europa piller online. Klonopin (Clonazepam) behandler anfald, panikangst og angst. Denne medicin er et benzodiazepin.","robots":{"index":"index","follow":"follow","max-snippet":"max-snippet:-1","max-image-preview":"max-image-preview:large","max-video-preview":"max-video-preview:-1"},"canonical":"https:\/\/medicinasinc.com\/da\/product\/kob-klonopin-2-mg\/","og_locale":"en_US","og_type":"article","og_title":"K\u00f8b Klonopin 2 mg - Klonopin Online Salg - Bedste bedste globale medicin","og_description":"K\u00f8b Klonopin 2 mg til salg UK, Europa piller online. Klonopin (Clonazepam) behandler anfald, panikangst og angst. Denne medicin er et benzodiazepin.","og_url":"https:\/\/medicinasinc.com\/da\/product\/kob-klonopin-2-mg\/","og_site_name":"Medicinas Inc","article_modified_time":"2022-03-20T00:41:19+00:00","og_image":[{"width":236,"height":296,"url":"https:\/\/medicinasinc.com\/da\/wp-content\/uploads\/sites\/8\/2022\/02\/Buy-Klonopin-2-mg.jpeg","type":"image\/jpeg"}],"twitter_card":"summary_large_image","twitter_misc":{"Est. reading time":"4 minutes"},"schema":{"@context":"https:\/\/schema.org","@graph":[{"@type":"WebPage","@id":"https:\/\/medicinasinc.com\/da\/product\/kob-klonopin-2-mg\/","url":"https:\/\/medicinasinc.com\/da\/product\/kob-klonopin-2-mg\/","name":"K\u00f8b Klonopin 2 mg - Klonopin Online Salg - Bedste bedste globale medicin","isPartOf":{"@id":"https:\/\/medicinasinc.com\/da\/#website"},"primaryImageOfPage":{"@id":"https:\/\/medicinasinc.com\/da\/product\/kob-klonopin-2-mg\/#primaryimage"},"image":{"@id":"https:\/\/medicinasinc.com\/da\/product\/kob-klonopin-2-mg\/#primaryimage"},"thumbnailUrl":"https:\/\/medicinasinc.com\/da\/wp-content\/uploads\/sites\/8\/2022\/02\/Buy-Klonopin-2-mg.jpeg","datePublished":"2022-02-20T21:59:55+00:00","dateModified":"2022-03-20T00:41:19+00:00","description":"K\u00f8b Klonopin 2 mg til salg UK, Europa piller online. Klonopin (Clonazepam) behandler anfald, panikangst og angst. Denne medicin er et benzodiazepin.","breadcrumb":{"@id":"https:\/\/medicinasinc.com\/da\/product\/kob-klonopin-2-mg\/#breadcrumb"},"inLanguage":"en-US","potentialAction":[{"@type":"ReadAction","target":["https:\/\/medicinasinc.com\/da\/product\/kob-klonopin-2-mg\/"]}]},{"@type":"ImageObject","inLanguage":"en-US","@id":"https:\/\/medicinasinc.com\/da\/product\/kob-klonopin-2-mg\/#primaryimage","url":"https:\/\/medicinasinc.com\/da\/wp-content\/uploads\/sites\/8\/2022\/02\/Buy-Klonopin-2-mg.jpeg","contentUrl":"https:\/\/medicinasinc.com\/da\/wp-content\/uploads\/sites\/8\/2022\/02\/Buy-Klonopin-2-mg.jpeg","width":236,"height":296},{"@type":"BreadcrumbList","@id":"https:\/\/medicinasinc.com\/da\/product\/kob-klonopin-2-mg\/#breadcrumb","itemListElement":[{"@type":"ListItem","position":1,"name":"Butik","item":"https:\/\/medicinasinc.com\/da\/butik\/"},{"@type":"ListItem","position":2,"name":"K\u00f8b Klonopin 2 mg"}]},{"@type":"WebSite","@id":"https:\/\/medicinasinc.com\/da\/#website","url":"https:\/\/medicinasinc.com\/da\/","name":"Medicinas Inc","description":"Health Medical Clinic","potentialAction":[{"@type":"SearchAction","target":{"@type":"EntryPoint","urlTemplate":"https:\/\/medicinasinc.com\/da\/?s={search_term_string}"},"query-input":{"@type":"PropertyValueSpecification","valueRequired":true,"valueName":"search_term_string"}}],"inLanguage":"en-US"}]}},"_links":{"self":[{"href":"https:\/\/medicinasinc.com\/da\/wp-json\/wp\/v2\/product\/5209","targetHints":{"allow":["GET"]}}],"collection":[{"href":"https:\/\/medicinasinc.com\/da\/wp-json\/wp\/v2\/product"}],"about":[{"href":"https:\/\/medicinasinc.com\/da\/wp-json\/wp\/v2\/types\/product"}],"replies":[{"embeddable":true,"href":"https:\/\/medicinasinc.com\/da\/wp-json\/wp\/v2\/comments?post=5209"}],"wp:featuredmedia":[{"embeddable":true,"href":"https:\/\/medicinasinc.com\/da\/wp-json\/wp\/v2\/media\/5228"}],"wp:attachment":[{"href":"https:\/\/medicinasinc.com\/da\/wp-json\/wp\/v2\/media?parent=5209"}],"wp:term":[{"taxonomy":"product_brand","embeddable":true,"href":"https:\/\/medicinasinc.com\/da\/wp-json\/wp\/v2\/product_brand?post=5209"},{"taxonomy":"product_cat","embeddable":true,"href":"https:\/\/medicinasinc.com\/da\/wp-json\/wp\/v2\/product_cat?post=5209"},{"taxonomy":"product_tag","embeddable":true,"href":"https:\/\/medicinasinc.com\/da\/wp-json\/wp\/v2\/product_tag?post=5209"}],"curies":[{"name":"wp","href":"https:\/\/api.w.org\/{rel}","templated":true}]}}