{"id":5207,"date":"2022-02-20T21:57:05","date_gmt":"2022-02-20T21:57:05","guid":{"rendered":"https:\/\/medicinasinc.com\/da\/?post_type=product&#038;p=5207"},"modified":"2022-03-20T00:41:39","modified_gmt":"2022-03-20T00:41:39","slug":"kob-imitrex-sumatriptan-100-mg","status":"publish","type":"product","link":"https:\/\/medicinasinc.com\/da\/product\/kob-imitrex-sumatriptan-100-mg\/","title":{"rendered":"K\u00f8b imitrex Sumatriptan 100 mg"},"content":{"rendered":"<div class=\"product-next-previous\">\n<div class=\"product-prev\">\n<p>K\u00f8b Imitrex 100mg tabletter online Imitrex Information (m\u00e6rke og generisk)<\/p>\n<p>Bestglobalmeds.com\u00a0s\u00e6lger i \u00f8jeblikket m\u00e6rke Imitrex, almindeligvis kendt som Imigran, fremstillet af GSK i Tyrkiet og Aspen i Australien. Derudover f\u00f8rer vi GSK-m\u00e6rket Imitrex fra Canada. Sumatriptan er tilg\u00e6ngelig generisk fra Pharma Science i Canada, Sun Pharma i Indien (Suminat) og Dexcel Pharma og Accord Pharma i Storbritannien.<\/p>\n<p>Dosering<\/p>\n<p>Imitrex findes i en r\u00e6kke forskellige doseringsformuleringer og niveauer. Imitrex og Sumatriptan er begge tilg\u00e6ngelige i 50 mg og 100 mg tabletdoseringsformer. Derudover leverer vi generiske Imitrex 25 mg tabletter. Derudover f\u00e5s m\u00e6rket Imitrex som 20 mg n\u00e6sespraypakninger, 6 mg\/0,5 ml injicerbare h\u00e6tteglas, starts\u00e6t til statistiske doser og statistiske dosispatroner.<\/p>\n<p>Anvendelse<\/p>\n<p>Imitrex (Sumatriptan) er en medicin, der bruges til at behandle migr\u00e6nehovedpine. Imitrex forhindrer ikke migr\u00e6ne eller neds\u00e6tter deres hyppighed. Det bruges kun til behandling af migr\u00e6nesymptomer, der allerede er startet. Det hj\u00e6lper med at lindre hovedpine, ubehag og andre migr\u00e6nesymptomer s\u00e5som kvalme, opkastning og lys- eller lydf\u00f8lsomhed. Sumatriptan er medlem af triptan-klassen af \u200b\u200bmedicin. Denne medicin virker ved at forstyrre et naturligt forekommende kemikalie (serotonin), der f\u00e5r hjernens blod\u00e5rer til at tr\u00e6kke sig sammen. Derudover vil det lindre smerter ved at p\u00e5virke specifikke nerver i hjernen.<\/p>\n<p>Konsekvenser<\/p>\n<p>Konsulter straks din l\u00e6ge, hvis du oplever nogen af \u200b\u200bf\u00f8lgende alvorlige bivirkninger: bryst, k\u00e6be eller venstre armsmerter; blodig diarr\u00e9; besvimelse; hurtig, uregelm\u00e6ssig, bankende hjerterytme; mentale\/hum\u00f8rproblemer; st\u00e6rke mave-\/mavesmerter; sv\u00e6re brystsmerter; anfald; utydelig tale; visuelle \u00e6ndringer. F\u00f8lgende er nogle af de mere udbredte bivirkninger: \u2022 Svimmelhed og d\u00f8sighed; \u2022 Prikkende\/f\u00f8lelsesl\u00f8shed\/prikkende\/varmefornemmelser; \u2022 Skylning.<br \/> \u2022 Forh\u00f8jet blodtryk \u2014 Kontroller regelm\u00e6ssigt dit blodtryk for at sikre sikkerhed;<br \/> \u2022 Udmattelse; \u2022 Svaghed<\/p>\n<p>Kontraindikationer og interaktioner<\/p>\n<p>Imitrex b\u00f8r ikke bruges til at behandle almindelig sp\u00e6ndingshovedpine eller en, der resulterer i tab af bev\u00e6gelse p\u00e5 den ene side af kroppen. Imitrex b\u00f8r ikke anvendes, hvis du er allergisk over for sumatriptan, eller hvis du har f\u00f8lgende tilstande: \u2022 En historie med hjerteanfald eller slagtilf\u00e6lde; \u2022 Visse hjerterytmeforstyrrelser; \u2022 Cirkulationsproblemer, der resulterer i manglende blodtilf\u00f8rsel til kroppen; \u2022 Hjerteproblemer; \u2022 Lever- eller nyresygdom; \u2022 Ukontrolleret h\u00f8jt blodtryk;<\/p>\n<p>Imitrex b\u00f8r ikke tages inden for 24 timer efter brug af anden migr\u00e6nehovedpinebehandling. Informer din l\u00e6ge om al nuv\u00e6rende medicin, du tager, inklusive receptpligtig medicin, h\u00e5ndk\u00f8bsmedicin og naturl\u00e6gemidler, inklusive MAO-h\u00e6mmere, selektive serotoningenoptagelsesh\u00e6mmere og noradrenalin-genoptagelsesh\u00e6mmere. Sumatriptan kan for\u00e5rsage svimmelhed eller d\u00f8sighed. Alkohol eller marihuana kan \u00f8ge din svimmelhed eller d\u00f8sighed. Undg\u00e5 at k\u00f8re bil, betjene maskiner eller udf\u00f8re andre aktiviteter, der kr\u00e6ver \u00e5rv\u00e5genhed. Indtag alkoholholdige drikkevarer med m\u00e5de. Imitrex er ikke kendt for at for\u00e5rsage skade p\u00e5 et uf\u00f8dt barn. Hvis du er gravid, skal du kontakte din l\u00e6ge. Sumatriptan udskilles i moderm\u00e6lk og kan for\u00e5rsage skade p\u00e5 et ammende sp\u00e6dbarn. Amning b\u00f8r undg\u00e5s i 12 timer efter brug af Imitrex. Imitrex anbefales ikke til brug af nogen under 18 \u00e5r.<\/p>\n<p>Sp\u00f8rgsm\u00e5l og svar<br \/> Hvorfor er Imitrex billigere i Canada end i USA?<\/p>\n<p>Generelt , alle l\u00e6gemiddelpriser, ikke kun Imitrex, er mere rimelige, n\u00e5r de k\u00f8bes fra Canada, da regeringen regulerer prisen p\u00e5 b\u00e5de m\u00e6rke- og generiske l\u00e6gemidler. Derudover har vores m\u00e5l fra vores start i 2006 v\u00e6ret at levere sikker og billig medicin til befolkningen i USA.<\/p>\n<p>Er det sikkert at k\u00f8be Imitrex fra dit apotek?<\/p>\n<p>Vores produkter er udelukkende hentet fra faciliteter, der er blevet certificeret af myndigheder i de lande, hvorfra de importeres. CanadaPharmacyOnline.com anvender en streng udv\u00e6lgelsesprocedure for vores partnere for at sikre, at du, vores kunde, f\u00e5r den sikrest mulige medicin. Derudover er vi et certificeret canadisk apotek, der overholder alle provinslove.<\/p>\n<p>Hvor meget koster generisk Imitrex 100 mg i dit apotek?<\/p>\n<p>Generisk Imitrex 100 mg er tilg\u00e6ngelig for s\u00e5 lidt som $28,99 for 12 tabletter, mens 50 mg-doseringen er tilg\u00e6ngelig for s\u00e5 lidt som $57,99 for 18 piller.<\/p>\n<p>Hvor meget koster en tablet?<\/p>\n<p>Imitrex 100 mg er tilg\u00e6ngelig i generisk formular til 2,27 USD pr. tablet og i m\u00e6rkeform til 8,67 USD pr. tablet p\u00e5 vores apotek.<\/p>\n<p>Hvor meget koster forsendelsen?<\/p>\n<p>Vores faste leveringspris er 10,00 USD pr. ordre. Vores apotek er forpligtet til at give dig den lavest mulige pris p\u00e5 varer af h\u00f8j kvalitet.<\/p>\n<p>Hvordan afgiver jeg en ordre hos dit apotek?<\/p>\n<p>Det er virkelig nemt at bestille Imitrex fra os . Du kan afgive din ordre online eller telefonisk med kundeservice. Bes\u00f8g vores side S\u00e5dan bestiller du for yderligere information eller for at begynde bestillingsprocessen.<\/p>\n<p>Er prisen p\u00e5 Imitrex konkurrencedygtig?<\/p>\n<p>Ja, vi s\u00e6tter en \u00e6re i at give nogle af de laveste tilg\u00e6ngelige priser p\u00e5 canadiske apoteker. I sj\u00e6ldne situationer kan vi v\u00e6re i stand til at matche eller sl\u00e5 vores konkurrenters priser. Kontakt venligst vores h\u00f8flige kundesupport p\u00e5 1866.920.3784.<\/p>\n<p>Kan jeg k\u00f8be Imitrex hos dig i h\u00e5ndk\u00f8b?<\/p>\n<p>Nej, Imitrex er kun tilg\u00e6ngelig med en gyldig recept fra din l\u00e6ge. Uden en gyldig recept s\u00e6lger vi ikke dette produkt.<\/p>\n<p>Imitrex 50 mg vs. Imitrex 100 mg: Hvad er forskellen?<\/p>\n<p>Dosisforskellen afspejler m\u00e6ngden af \u200b\u200baktive ingredienser ) inkluderet i medicinen.<\/p>\n<p>Imitrex&#8217;s virkningsmekanisme<\/p>\n<\/p><\/div><\/div>\n<div class=\"product-next-previous\">\n<div class=\"product-prev\"><\/div><\/div>\n","protected":false},"excerpt":{"rendered":"<div class=\"woocommerce-product-details__short-description\">\n<p>Imitrex Sumatriptan 100mg piller kan k\u00f8bes online. IMITREX er en 5-HT1B\/1D serotoninreceptoragonist (triptan) godkendt til \u00f8jeblikkelig behandling af migr\u00e6ne hos voksne med eller uden aura.<\/p>\n<p>Sumatriptan kan k\u00f8bes online gennem vores UK-registrerede onlineapotek.<\/p>\n<p> p&gt; <\/p>\n<p>Sumatriptan er en migr\u00e6nemedicin med en hurtig inds\u00e6ttende virkning. Garanteret laveste pris i Storbritannien.<\/p>\n<p>Sumatriptan migr\u00e6netabletter kan k\u00f8bes sikkert og sikkert online fra et britisk apotek.<\/p>\n<p>Sumatriptan er en generisk form for Imigran, der er billigere. <\/p>\n<p>K\u00f8b Imitrex (Sumatriptan) med rabat fra et licenseret bedste globale medicinapotek&#8230;. 50mg100mg<\/p>\n<p>K\u00f8b Imitrex online i dag fra vores canadiske apotek!<\/p>\n<\/p><\/div>\n","protected":false},"featured_media":5224,"comment_status":"open","ping_status":"closed","template":"","meta":[],"product_brand":[],"product_cat":[1117],"product_tag":[1339,1340,1338,1347,1346,1359,1361,1360,1341,1342,1343,1344,1345,1348,1349,1350,1351,1356,1355,1352,1353,1354,1357,1358],"class_list":{"0":"post-5207","1":"product","2":"type-product","3":"status-publish","4":"has-post-thumbnail","6":"product_cat-kob-smerte-sove-sex-piller","7":"product_tag-buy-sumatriptan-online-usa","8":"product_tag-does-imitrex-generic-sumatriptan","9":"product_tag-en-patient-lider-af-migrne-hovedpine-hvad-er-virkningen-af-sumatriptan-imitrex","10":"product_tag-er-sumatriptan-det-samme-som-imitrex","11":"product_tag-is-sumatriptan-imitrex","12":"product_tag-hvad-bruges-sumatriptan-100-mg-til","13":"product_tag-hvor-kan-kbes-sumatriptan-i-hndkb","14":"product_tag-hvornr-skal-sumatriptan-imitrex-undgs","15":"product_tag-imitrex-nsespray-sumatriptan","16":"product_tag-imitrex-sumatriptan","17":"product_tag-imitrex-sumatriptan-succinat","18":"product_tag-imitrex-vs-sumatriptan","19":"product_tag-injektion-sumatriptan-imitrex","20":"product_tag-sumatriptan-imitrex-50-mg-tablet-pris","21":"product_tag-sumatriptan-100-mg-online","22":"product_tag-sumatriptan-50-mg-i-hndkb","23":"product_tag-sumatriptan-50mg","24":"product_tag-sumatriptan-bivirkninger","25":"product_tag-sumatriptan-over-the-counter-usa","26":"product_tag-sumatriptan-imitrex","27":"product_tag-sumatriptan-imitrex-plaster","28":"product_tag-sumatriptan-imitrex-treximet","29":"product_tag-sumatriptan-succinat-imitrex","30":"product_tag-sumatriptan-vs-imitrex","32":"first","33":"instock","34":"shipping-taxable","35":"purchasable","36":"product-type-variable","37":"has-default-attributes"},"yoast_head":"<!-- This site is optimized with the Yoast SEO plugin v27.3 - https:\/\/yoast.com\/product\/yoast-seo-wordpress\/ -->\n<title>K\u00f8b imitrex Sumatriptan 100 mg - bedste globale medicin<\/title>\n<meta name=\"description\" content=\"K\u00f8b imitrex Sumatriptan100 mg migr\u00e6netabletter sikkert og sikkert fra et britisk onlineapotek. Sumatriptan\u00a0er en generisk, billigere version af Imigran.\" \/>\n<meta name=\"robots\" content=\"index, follow, max-snippet:-1, max-image-preview:large, max-video-preview:-1\" \/>\n<link rel=\"canonical\" href=\"https:\/\/medicinasinc.com\/da\/product\/kob-imitrex-sumatriptan-100-mg\/\" \/>\n<meta property=\"og:locale\" content=\"en_US\" \/>\n<meta property=\"og:type\" content=\"article\" \/>\n<meta property=\"og:title\" content=\"K\u00f8b imitrex Sumatriptan 100 mg - bedste globale medicin\" \/>\n<meta property=\"og:description\" content=\"K\u00f8b imitrex Sumatriptan100 mg migr\u00e6netabletter sikkert og sikkert fra et britisk onlineapotek. Sumatriptan\u00a0er en generisk, billigere version af Imigran.\" \/>\n<meta property=\"og:url\" content=\"https:\/\/medicinasinc.com\/da\/product\/kob-imitrex-sumatriptan-100-mg\/\" \/>\n<meta property=\"og:site_name\" content=\"Medicinas Inc\" \/>\n<meta property=\"article:modified_time\" content=\"2022-03-20T00:41:39+00:00\" \/>\n<meta property=\"og:image\" content=\"https:\/\/medicinasinc.com\/da\/wp-content\/uploads\/sites\/8\/2022\/02\/Buy-imitrex-Sumatriptan-100-mg.jpg\" \/>\n\t<meta property=\"og:image:width\" content=\"846\" \/>\n\t<meta property=\"og:image:height\" content=\"600\" \/>\n\t<meta property=\"og:image:type\" content=\"image\/jpeg\" \/>\n<meta name=\"twitter:card\" content=\"summary_large_image\" \/>\n<meta name=\"twitter:label1\" content=\"Est. reading time\" \/>\n\t<meta name=\"twitter:data1\" content=\"4 minutes\" \/>\n<script type=\"application\/ld+json\" class=\"yoast-schema-graph\">{\"@context\":\"https:\\\/\\\/schema.org\",\"@graph\":[{\"@type\":\"WebPage\",\"@id\":\"https:\\\/\\\/medicinasinc.com\\\/da\\\/product\\\/kob-imitrex-sumatriptan-100-mg\\\/\",\"url\":\"https:\\\/\\\/medicinasinc.com\\\/da\\\/product\\\/kob-imitrex-sumatriptan-100-mg\\\/\",\"name\":\"K\u00f8b imitrex Sumatriptan 100 mg - bedste globale medicin\",\"isPartOf\":{\"@id\":\"https:\\\/\\\/medicinasinc.com\\\/da\\\/#website\"},\"primaryImageOfPage\":{\"@id\":\"https:\\\/\\\/medicinasinc.com\\\/da\\\/product\\\/kob-imitrex-sumatriptan-100-mg\\\/#primaryimage\"},\"image\":{\"@id\":\"https:\\\/\\\/medicinasinc.com\\\/da\\\/product\\\/kob-imitrex-sumatriptan-100-mg\\\/#primaryimage\"},\"thumbnailUrl\":\"https:\\\/\\\/medicinasinc.com\\\/da\\\/wp-content\\\/uploads\\\/sites\\\/8\\\/2022\\\/02\\\/Buy-imitrex-Sumatriptan-100-mg.jpg\",\"datePublished\":\"2022-02-20T21:57:05+00:00\",\"dateModified\":\"2022-03-20T00:41:39+00:00\",\"description\":\"K\u00f8b imitrex Sumatriptan100 mg migr\u00e6netabletter sikkert og sikkert fra et britisk onlineapotek. Sumatriptan\u00a0er en generisk, billigere version af Imigran.\",\"breadcrumb\":{\"@id\":\"https:\\\/\\\/medicinasinc.com\\\/da\\\/product\\\/kob-imitrex-sumatriptan-100-mg\\\/#breadcrumb\"},\"inLanguage\":\"en-US\",\"potentialAction\":[{\"@type\":\"ReadAction\",\"target\":[\"https:\\\/\\\/medicinasinc.com\\\/da\\\/product\\\/kob-imitrex-sumatriptan-100-mg\\\/\"]}]},{\"@type\":\"ImageObject\",\"inLanguage\":\"en-US\",\"@id\":\"https:\\\/\\\/medicinasinc.com\\\/da\\\/product\\\/kob-imitrex-sumatriptan-100-mg\\\/#primaryimage\",\"url\":\"https:\\\/\\\/medicinasinc.com\\\/da\\\/wp-content\\\/uploads\\\/sites\\\/8\\\/2022\\\/02\\\/Buy-imitrex-Sumatriptan-100-mg.jpg\",\"contentUrl\":\"https:\\\/\\\/medicinasinc.com\\\/da\\\/wp-content\\\/uploads\\\/sites\\\/8\\\/2022\\\/02\\\/Buy-imitrex-Sumatriptan-100-mg.jpg\",\"width\":846,\"height\":600},{\"@type\":\"BreadcrumbList\",\"@id\":\"https:\\\/\\\/medicinasinc.com\\\/da\\\/product\\\/kob-imitrex-sumatriptan-100-mg\\\/#breadcrumb\",\"itemListElement\":[{\"@type\":\"ListItem\",\"position\":1,\"name\":\"Butik\",\"item\":\"https:\\\/\\\/medicinasinc.com\\\/da\\\/butik\\\/\"},{\"@type\":\"ListItem\",\"position\":2,\"name\":\"K\u00f8b imitrex Sumatriptan 100 mg\"}]},{\"@type\":\"WebSite\",\"@id\":\"https:\\\/\\\/medicinasinc.com\\\/da\\\/#website\",\"url\":\"https:\\\/\\\/medicinasinc.com\\\/da\\\/\",\"name\":\"Medicinas Inc\",\"description\":\"Health Medical Clinic\",\"potentialAction\":[{\"@type\":\"SearchAction\",\"target\":{\"@type\":\"EntryPoint\",\"urlTemplate\":\"https:\\\/\\\/medicinasinc.com\\\/da\\\/?s={search_term_string}\"},\"query-input\":{\"@type\":\"PropertyValueSpecification\",\"valueRequired\":true,\"valueName\":\"search_term_string\"}}],\"inLanguage\":\"en-US\"}]}<\/script>\n<!-- \/ Yoast SEO plugin. -->","yoast_head_json":{"title":"K\u00f8b imitrex Sumatriptan 100 mg - bedste globale medicin","description":"K\u00f8b imitrex Sumatriptan100 mg migr\u00e6netabletter sikkert og sikkert fra et britisk onlineapotek. Sumatriptan\u00a0er en generisk, billigere version af Imigran.","robots":{"index":"index","follow":"follow","max-snippet":"max-snippet:-1","max-image-preview":"max-image-preview:large","max-video-preview":"max-video-preview:-1"},"canonical":"https:\/\/medicinasinc.com\/da\/product\/kob-imitrex-sumatriptan-100-mg\/","og_locale":"en_US","og_type":"article","og_title":"K\u00f8b imitrex Sumatriptan 100 mg - bedste globale medicin","og_description":"K\u00f8b imitrex Sumatriptan100 mg migr\u00e6netabletter sikkert og sikkert fra et britisk onlineapotek. Sumatriptan\u00a0er en generisk, billigere version af Imigran.","og_url":"https:\/\/medicinasinc.com\/da\/product\/kob-imitrex-sumatriptan-100-mg\/","og_site_name":"Medicinas Inc","article_modified_time":"2022-03-20T00:41:39+00:00","og_image":[{"width":846,"height":600,"url":"https:\/\/medicinasinc.com\/da\/wp-content\/uploads\/sites\/8\/2022\/02\/Buy-imitrex-Sumatriptan-100-mg.jpg","type":"image\/jpeg"}],"twitter_card":"summary_large_image","twitter_misc":{"Est. reading time":"4 minutes"},"schema":{"@context":"https:\/\/schema.org","@graph":[{"@type":"WebPage","@id":"https:\/\/medicinasinc.com\/da\/product\/kob-imitrex-sumatriptan-100-mg\/","url":"https:\/\/medicinasinc.com\/da\/product\/kob-imitrex-sumatriptan-100-mg\/","name":"K\u00f8b imitrex Sumatriptan 100 mg - bedste globale medicin","isPartOf":{"@id":"https:\/\/medicinasinc.com\/da\/#website"},"primaryImageOfPage":{"@id":"https:\/\/medicinasinc.com\/da\/product\/kob-imitrex-sumatriptan-100-mg\/#primaryimage"},"image":{"@id":"https:\/\/medicinasinc.com\/da\/product\/kob-imitrex-sumatriptan-100-mg\/#primaryimage"},"thumbnailUrl":"https:\/\/medicinasinc.com\/da\/wp-content\/uploads\/sites\/8\/2022\/02\/Buy-imitrex-Sumatriptan-100-mg.jpg","datePublished":"2022-02-20T21:57:05+00:00","dateModified":"2022-03-20T00:41:39+00:00","description":"K\u00f8b imitrex Sumatriptan100 mg migr\u00e6netabletter sikkert og sikkert fra et britisk onlineapotek. Sumatriptan\u00a0er en generisk, billigere version af Imigran.","breadcrumb":{"@id":"https:\/\/medicinasinc.com\/da\/product\/kob-imitrex-sumatriptan-100-mg\/#breadcrumb"},"inLanguage":"en-US","potentialAction":[{"@type":"ReadAction","target":["https:\/\/medicinasinc.com\/da\/product\/kob-imitrex-sumatriptan-100-mg\/"]}]},{"@type":"ImageObject","inLanguage":"en-US","@id":"https:\/\/medicinasinc.com\/da\/product\/kob-imitrex-sumatriptan-100-mg\/#primaryimage","url":"https:\/\/medicinasinc.com\/da\/wp-content\/uploads\/sites\/8\/2022\/02\/Buy-imitrex-Sumatriptan-100-mg.jpg","contentUrl":"https:\/\/medicinasinc.com\/da\/wp-content\/uploads\/sites\/8\/2022\/02\/Buy-imitrex-Sumatriptan-100-mg.jpg","width":846,"height":600},{"@type":"BreadcrumbList","@id":"https:\/\/medicinasinc.com\/da\/product\/kob-imitrex-sumatriptan-100-mg\/#breadcrumb","itemListElement":[{"@type":"ListItem","position":1,"name":"Butik","item":"https:\/\/medicinasinc.com\/da\/butik\/"},{"@type":"ListItem","position":2,"name":"K\u00f8b imitrex Sumatriptan 100 mg"}]},{"@type":"WebSite","@id":"https:\/\/medicinasinc.com\/da\/#website","url":"https:\/\/medicinasinc.com\/da\/","name":"Medicinas Inc","description":"Health Medical Clinic","potentialAction":[{"@type":"SearchAction","target":{"@type":"EntryPoint","urlTemplate":"https:\/\/medicinasinc.com\/da\/?s={search_term_string}"},"query-input":{"@type":"PropertyValueSpecification","valueRequired":true,"valueName":"search_term_string"}}],"inLanguage":"en-US"}]}},"_links":{"self":[{"href":"https:\/\/medicinasinc.com\/da\/wp-json\/wp\/v2\/product\/5207","targetHints":{"allow":["GET"]}}],"collection":[{"href":"https:\/\/medicinasinc.com\/da\/wp-json\/wp\/v2\/product"}],"about":[{"href":"https:\/\/medicinasinc.com\/da\/wp-json\/wp\/v2\/types\/product"}],"replies":[{"embeddable":true,"href":"https:\/\/medicinasinc.com\/da\/wp-json\/wp\/v2\/comments?post=5207"}],"wp:featuredmedia":[{"embeddable":true,"href":"https:\/\/medicinasinc.com\/da\/wp-json\/wp\/v2\/media\/5224"}],"wp:attachment":[{"href":"https:\/\/medicinasinc.com\/da\/wp-json\/wp\/v2\/media?parent=5207"}],"wp:term":[{"taxonomy":"product_brand","embeddable":true,"href":"https:\/\/medicinasinc.com\/da\/wp-json\/wp\/v2\/product_brand?post=5207"},{"taxonomy":"product_cat","embeddable":true,"href":"https:\/\/medicinasinc.com\/da\/wp-json\/wp\/v2\/product_cat?post=5207"},{"taxonomy":"product_tag","embeddable":true,"href":"https:\/\/medicinasinc.com\/da\/wp-json\/wp\/v2\/product_tag?post=5207"}],"curies":[{"name":"wp","href":"https:\/\/api.w.org\/{rel}","templated":true}]}}