{"id":5184,"date":"2022-02-20T21:36:32","date_gmt":"2022-02-20T21:36:32","guid":{"rendered":"https:\/\/medicinasinc.com\/da\/?post_type=product&#038;p=5184"},"modified":"2022-03-20T00:41:57","modified_gmt":"2022-03-20T00:41:57","slug":"kob-hydrocodon-10-325mg","status":"publish","type":"product","link":"https:\/\/medicinasinc.com\/da\/product\/kob-hydrocodon-10-325mg\/","title":{"rendered":"K\u00f8b Hydrocodone 10\/325mg"},"content":{"rendered":"<p>Hvor kan man k\u00f8be\u00a0Hydrocodone 10\/325mg?<\/p>\n<p>Fordi Hydrocodone er et kraftfuldt smertestillende middel, kan du f\u00e5 det online uden recept. Opiumsvalmuen giver kodein, som bruges til at fremstille dette stof. N\u00e5r hydrocodon fremstilles af kodein, er de smertestillende virkninger st\u00e6rkere og forbliver l\u00e6ngere. Som f\u00f8lge heraf ordinerer l\u00e6ger ofte hydrocodon i stedet for kodein til behandling af sv\u00e6r smerte.<\/p>\n<p>I hjernen \u00e6ndrer hydrocodon den kemiske ligev\u00e6gt, blokerer virkningen af \u200b\u200bsmertereceptorer og fritager s\u00e5ledes brugeren for enhver smerteopfattelse. <\/p>\n<p>P\u00e5 grund af den akutte og kroniske karakter af fraktursmerter er hydrocodon en af \u200b\u200bde bedste muligheder for at behandle det. N\u00e5r folk ikke er i stand til at sove om natten p\u00e5 grund af smerten, kan hydrocodon hj\u00e6lpe dem med at slappe af og give dem mulighed for at f\u00e5 lidt hvile i et par timer.<\/p>\n<p>Hydrocodon b\u00f8r kun tages af dem, der oplever smerte som en resultat af br\u00e6kkede knogler, if\u00f8lge l\u00e6gelig udtalelse. Dem med andre typer smerter, s\u00e5som spasmer, s\u00e5r eller sting fra en operation, kan stadig tage det. Hydrocodon er en af \u200b\u200bde mest effektive smertestillende midler i enhver af disse situationer.<\/p>\n<p>Hydrocodondosering skal overv\u00e5ges n\u00f8je. Denne medicin kan have alvorlige bivirkninger, hvis den bruges i den forkerte m\u00e6ngde. Afh\u00e6ngighed af denne medicin er en almindelig bivirkning ved at f\u00e5 forkerte doser. P\u00e5 grund af dets store potentiale for misbrug og afh\u00e6ngighed b\u00f8r hydrocodon bruges sparsomt og sj\u00e6ldent. Hydrocodon b\u00f8r ikke tages mere end 20 mg om dagen af \u200b\u200bdem, der lider af kroniske smerter. Enhver dosis ud over dette vil sandsynligvis f\u00f8re til afh\u00e6ngighed og i sidste ende afh\u00e6ngighed.<\/p>\n<p>Forholdsregler for hydrocodon omfatter at sikre, at den korrekte dosis tages til enhver tid. Denne medicin kan for\u00e5rsage alvorlige negative virkninger, hvis den tages i de forkerte m\u00e6ngder. Hydrocodon b\u00f8r ikke k\u00f8bes af personer med astma eller \u00e5ndedr\u00e6tsbesv\u00e6r, fordi det fremmer overfladisk vejrtr\u00e6kning, hvilket kan v\u00e6re et stort problem for dem. Start med sm\u00e5 doser, hvis du k\u00f8ber hydrocodon online uden recept, s\u00e5 du kan l\u00e6re, hvor meget din krop har brug for.<\/p>\n<p>Hydrocodon er kendt for at for\u00e5rsage en r\u00e6kke ubehagelige bivirkninger, herunder s\u00f8vnighed, svimmelhed og kvalme. N\u00e5r du k\u00f8ber hydrocodon online uden recept og tager det, s\u00e5 s\u00f8rg for at spise en velafbalanceret kost for at undg\u00e5 ford\u00f8jelses- og tarmproblemer.<\/p>\n","protected":false},"excerpt":{"rendered":"<div class=\"woocommerce-product-details__short-description\">\n<p>Bedste sted at k\u00f8be Hydrocodone 10 325mg online. Juridisk medicin kan findes p\u00e5 Best Global Meds, et velrenommeret onlineapotek. Du kan spare tid og penge ved at placere din ordre online.<\/p>\n<p>Hvor kan man f\u00e5 Hydrocodone 10\/325mg online?<\/p>\n<p>Gravide kvinder b\u00f8r r\u00e5df\u00f8re sig med deres l\u00e6ger, f\u00f8r de tager dette l\u00e6gemiddel, fordi det er i FDA graviditetsklasse B, hvilket betyder, at der ikke er nogen m\u00e5de at bestemme, hvordan det vil p\u00e5virke et uf\u00f8dt barn eller udrugning.<\/p>\n<p>Til salg: Percocet 10\/325mg &#8211; K\u00f8b uden recept&#8230;<\/p>\n<p>Anbefalede onlineapoteker til at k\u00f8be Vicodin.<\/p>\n<\/p><\/div>\n","protected":false},"featured_media":5203,"comment_status":"open","ping_status":"closed","template":"","meta":[],"product_brand":[],"product_cat":[1117],"product_tag":[1322,1323,1324,1316,1315,1298,1299,1300,1317,1318,1319,1325,1297,1320,1302,1321,1326,1327,1328,1329,1330,1331,1332,1334,1333,1308,1311,1335,1312,1336,1337,1313,1309,1310],"class_list":{"0":"post-5184","1":"product","2":"type-product","3":"status-publish","4":"has-post-thumbnail","6":"product_cat-kob-smerte-sove-sex-piller","7":"product_tag-ordre-hydrocodon","8":"product_tag-bestil-hydrocodon-online","9":"product_tag-bestil-online-watson-540-500-mg","10":"product_tag-billig-hydrocodon","11":"product_tag-buy-hydrocodone-online-bitcoins","12":"product_tag-generic-pills-for-sale-in-usa","13":"product_tag-generisk-watson","14":"product_tag-generiske-watson-piller-til-salg-i-usa","15":"product_tag-hydrocodon","16":"product_tag-hydrocodon-piller","17":"product_tag-hydrocodon-watson","18":"product_tag-kbe-hydrocodon","19":"product_tag-kb-watson-online","20":"product_tag-lortab","21":"product_tag-medicin-uden-recept","22":"product_tag-online-buy-watson-540-500-mg","23":"product_tag-watson","24":"product_tag-watson-325-mg","25":"product_tag-watson-325mg","26":"product_tag-watson-540","27":"product_tag-watson-540-500-mg-kb-online","28":"product_tag-watson-853-hydrocodon-10-325-mg","29":"product_tag-watson-853-hydrocodon-10-325-mg-er-en-hvid-farvet-og-kapsel-form-tablet-designet-til-behandling-af-smerte","30":"product_tag-watson-853-hvid-pille","31":"product_tag-watson-853-hydrocodone-online","32":"product_tag-watson-dosering","33":"product_tag-watson-hydrocodon-smertetab-piller","34":"product_tag-watson-lortab","35":"product_tag-watson-medication","36":"product_tag-watson-medicin","37":"product_tag-watson-piller-uden-recept-andel","38":"product_tag-watson-smertelindrende-tablet","39":"product_tag-watson-til-salg-i-dk","40":"product_tag-watson-til-salg-i-usa","42":"first","43":"instock","44":"shipping-taxable","45":"purchasable","46":"product-type-variable","47":"has-default-attributes"},"yoast_head":"<!-- This site is optimized with the Yoast SEO plugin v27.3 - https:\/\/yoast.com\/product\/yoast-seo-wordpress\/ -->\n<title>K\u00f8b Hydrocodone 10\/325mg - Bedste bedste globale medicin<\/title>\n<meta name=\"description\" content=\"K\u00f8b Hydrocodone 10 325mg til salg UK, Europa online til den bedste pris. Best Global Meds er et betroet onlineapotek med lovlige l\u00e6gemidler. Bestil online og sikre din tid og penge.\" \/>\n<meta name=\"robots\" content=\"index, follow, max-snippet:-1, max-image-preview:large, max-video-preview:-1\" \/>\n<link rel=\"canonical\" href=\"https:\/\/medicinasinc.com\/da\/product\/kob-hydrocodon-10-325mg\/\" \/>\n<meta property=\"og:locale\" content=\"en_US\" \/>\n<meta property=\"og:type\" content=\"article\" \/>\n<meta property=\"og:title\" content=\"K\u00f8b Hydrocodone 10\/325mg - Bedste bedste globale medicin\" \/>\n<meta property=\"og:description\" content=\"K\u00f8b Hydrocodone 10 325mg til salg UK, Europa online til den bedste pris. Best Global Meds er et betroet onlineapotek med lovlige l\u00e6gemidler. Bestil online og sikre din tid og penge.\" \/>\n<meta property=\"og:url\" content=\"https:\/\/medicinasinc.com\/da\/product\/kob-hydrocodon-10-325mg\/\" \/>\n<meta property=\"og:site_name\" content=\"Medicinas Inc\" \/>\n<meta property=\"article:modified_time\" content=\"2022-03-20T00:41:57+00:00\" \/>\n<meta property=\"og:image\" content=\"https:\/\/medicinasinc.com\/da\/wp-content\/uploads\/sites\/8\/2022\/02\/buy-hydrocodone-10-325mg-online.jpg\" \/>\n\t<meta property=\"og:image:width\" content=\"600\" \/>\n\t<meta property=\"og:image:height\" content=\"600\" \/>\n\t<meta property=\"og:image:type\" content=\"image\/jpeg\" \/>\n<meta name=\"twitter:card\" content=\"summary_large_image\" \/>\n<meta name=\"twitter:label1\" content=\"Est. reading time\" \/>\n\t<meta name=\"twitter:data1\" content=\"2 minutes\" \/>\n<script type=\"application\/ld+json\" class=\"yoast-schema-graph\">{\"@context\":\"https:\\\/\\\/schema.org\",\"@graph\":[{\"@type\":\"WebPage\",\"@id\":\"https:\\\/\\\/medicinasinc.com\\\/da\\\/product\\\/kob-hydrocodon-10-325mg\\\/\",\"url\":\"https:\\\/\\\/medicinasinc.com\\\/da\\\/product\\\/kob-hydrocodon-10-325mg\\\/\",\"name\":\"K\u00f8b Hydrocodone 10\\\/325mg - Bedste bedste globale medicin\",\"isPartOf\":{\"@id\":\"https:\\\/\\\/medicinasinc.com\\\/da\\\/#website\"},\"primaryImageOfPage\":{\"@id\":\"https:\\\/\\\/medicinasinc.com\\\/da\\\/product\\\/kob-hydrocodon-10-325mg\\\/#primaryimage\"},\"image\":{\"@id\":\"https:\\\/\\\/medicinasinc.com\\\/da\\\/product\\\/kob-hydrocodon-10-325mg\\\/#primaryimage\"},\"thumbnailUrl\":\"https:\\\/\\\/medicinasinc.com\\\/da\\\/wp-content\\\/uploads\\\/sites\\\/8\\\/2022\\\/02\\\/buy-hydrocodone-10-325mg-online.jpg\",\"datePublished\":\"2022-02-20T21:36:32+00:00\",\"dateModified\":\"2022-03-20T00:41:57+00:00\",\"description\":\"K\u00f8b Hydrocodone 10 325mg til salg UK, Europa online til den bedste pris. Best Global Meds er et betroet onlineapotek med lovlige l\u00e6gemidler. Bestil online og sikre din tid og penge.\",\"breadcrumb\":{\"@id\":\"https:\\\/\\\/medicinasinc.com\\\/da\\\/product\\\/kob-hydrocodon-10-325mg\\\/#breadcrumb\"},\"inLanguage\":\"en-US\",\"potentialAction\":[{\"@type\":\"ReadAction\",\"target\":[\"https:\\\/\\\/medicinasinc.com\\\/da\\\/product\\\/kob-hydrocodon-10-325mg\\\/\"]}]},{\"@type\":\"ImageObject\",\"inLanguage\":\"en-US\",\"@id\":\"https:\\\/\\\/medicinasinc.com\\\/da\\\/product\\\/kob-hydrocodon-10-325mg\\\/#primaryimage\",\"url\":\"https:\\\/\\\/medicinasinc.com\\\/da\\\/wp-content\\\/uploads\\\/sites\\\/8\\\/2022\\\/02\\\/buy-hydrocodone-10-325mg-online.jpg\",\"contentUrl\":\"https:\\\/\\\/medicinasinc.com\\\/da\\\/wp-content\\\/uploads\\\/sites\\\/8\\\/2022\\\/02\\\/buy-hydrocodone-10-325mg-online.jpg\",\"width\":600,\"height\":600},{\"@type\":\"BreadcrumbList\",\"@id\":\"https:\\\/\\\/medicinasinc.com\\\/da\\\/product\\\/kob-hydrocodon-10-325mg\\\/#breadcrumb\",\"itemListElement\":[{\"@type\":\"ListItem\",\"position\":1,\"name\":\"Butik\",\"item\":\"https:\\\/\\\/medicinasinc.com\\\/da\\\/butik\\\/\"},{\"@type\":\"ListItem\",\"position\":2,\"name\":\"K\u00f8b Hydrocodone 10\\\/325mg\"}]},{\"@type\":\"WebSite\",\"@id\":\"https:\\\/\\\/medicinasinc.com\\\/da\\\/#website\",\"url\":\"https:\\\/\\\/medicinasinc.com\\\/da\\\/\",\"name\":\"Medicinas Inc\",\"description\":\"Health Medical Clinic\",\"potentialAction\":[{\"@type\":\"SearchAction\",\"target\":{\"@type\":\"EntryPoint\",\"urlTemplate\":\"https:\\\/\\\/medicinasinc.com\\\/da\\\/?s={search_term_string}\"},\"query-input\":{\"@type\":\"PropertyValueSpecification\",\"valueRequired\":true,\"valueName\":\"search_term_string\"}}],\"inLanguage\":\"en-US\"}]}<\/script>\n<!-- \/ Yoast SEO plugin. -->","yoast_head_json":{"title":"K\u00f8b Hydrocodone 10\/325mg - Bedste bedste globale medicin","description":"K\u00f8b Hydrocodone 10 325mg til salg UK, Europa online til den bedste pris. Best Global Meds er et betroet onlineapotek med lovlige l\u00e6gemidler. Bestil online og sikre din tid og penge.","robots":{"index":"index","follow":"follow","max-snippet":"max-snippet:-1","max-image-preview":"max-image-preview:large","max-video-preview":"max-video-preview:-1"},"canonical":"https:\/\/medicinasinc.com\/da\/product\/kob-hydrocodon-10-325mg\/","og_locale":"en_US","og_type":"article","og_title":"K\u00f8b Hydrocodone 10\/325mg - Bedste bedste globale medicin","og_description":"K\u00f8b Hydrocodone 10 325mg til salg UK, Europa online til den bedste pris. Best Global Meds er et betroet onlineapotek med lovlige l\u00e6gemidler. Bestil online og sikre din tid og penge.","og_url":"https:\/\/medicinasinc.com\/da\/product\/kob-hydrocodon-10-325mg\/","og_site_name":"Medicinas Inc","article_modified_time":"2022-03-20T00:41:57+00:00","og_image":[{"width":600,"height":600,"url":"https:\/\/medicinasinc.com\/da\/wp-content\/uploads\/sites\/8\/2022\/02\/buy-hydrocodone-10-325mg-online.jpg","type":"image\/jpeg"}],"twitter_card":"summary_large_image","twitter_misc":{"Est. reading time":"2 minutes"},"schema":{"@context":"https:\/\/schema.org","@graph":[{"@type":"WebPage","@id":"https:\/\/medicinasinc.com\/da\/product\/kob-hydrocodon-10-325mg\/","url":"https:\/\/medicinasinc.com\/da\/product\/kob-hydrocodon-10-325mg\/","name":"K\u00f8b Hydrocodone 10\/325mg - Bedste bedste globale medicin","isPartOf":{"@id":"https:\/\/medicinasinc.com\/da\/#website"},"primaryImageOfPage":{"@id":"https:\/\/medicinasinc.com\/da\/product\/kob-hydrocodon-10-325mg\/#primaryimage"},"image":{"@id":"https:\/\/medicinasinc.com\/da\/product\/kob-hydrocodon-10-325mg\/#primaryimage"},"thumbnailUrl":"https:\/\/medicinasinc.com\/da\/wp-content\/uploads\/sites\/8\/2022\/02\/buy-hydrocodone-10-325mg-online.jpg","datePublished":"2022-02-20T21:36:32+00:00","dateModified":"2022-03-20T00:41:57+00:00","description":"K\u00f8b Hydrocodone 10 325mg til salg UK, Europa online til den bedste pris. Best Global Meds er et betroet onlineapotek med lovlige l\u00e6gemidler. Bestil online og sikre din tid og penge.","breadcrumb":{"@id":"https:\/\/medicinasinc.com\/da\/product\/kob-hydrocodon-10-325mg\/#breadcrumb"},"inLanguage":"en-US","potentialAction":[{"@type":"ReadAction","target":["https:\/\/medicinasinc.com\/da\/product\/kob-hydrocodon-10-325mg\/"]}]},{"@type":"ImageObject","inLanguage":"en-US","@id":"https:\/\/medicinasinc.com\/da\/product\/kob-hydrocodon-10-325mg\/#primaryimage","url":"https:\/\/medicinasinc.com\/da\/wp-content\/uploads\/sites\/8\/2022\/02\/buy-hydrocodone-10-325mg-online.jpg","contentUrl":"https:\/\/medicinasinc.com\/da\/wp-content\/uploads\/sites\/8\/2022\/02\/buy-hydrocodone-10-325mg-online.jpg","width":600,"height":600},{"@type":"BreadcrumbList","@id":"https:\/\/medicinasinc.com\/da\/product\/kob-hydrocodon-10-325mg\/#breadcrumb","itemListElement":[{"@type":"ListItem","position":1,"name":"Butik","item":"https:\/\/medicinasinc.com\/da\/butik\/"},{"@type":"ListItem","position":2,"name":"K\u00f8b Hydrocodone 10\/325mg"}]},{"@type":"WebSite","@id":"https:\/\/medicinasinc.com\/da\/#website","url":"https:\/\/medicinasinc.com\/da\/","name":"Medicinas Inc","description":"Health Medical Clinic","potentialAction":[{"@type":"SearchAction","target":{"@type":"EntryPoint","urlTemplate":"https:\/\/medicinasinc.com\/da\/?s={search_term_string}"},"query-input":{"@type":"PropertyValueSpecification","valueRequired":true,"valueName":"search_term_string"}}],"inLanguage":"en-US"}]}},"_links":{"self":[{"href":"https:\/\/medicinasinc.com\/da\/wp-json\/wp\/v2\/product\/5184","targetHints":{"allow":["GET"]}}],"collection":[{"href":"https:\/\/medicinasinc.com\/da\/wp-json\/wp\/v2\/product"}],"about":[{"href":"https:\/\/medicinasinc.com\/da\/wp-json\/wp\/v2\/types\/product"}],"replies":[{"embeddable":true,"href":"https:\/\/medicinasinc.com\/da\/wp-json\/wp\/v2\/comments?post=5184"}],"wp:featuredmedia":[{"embeddable":true,"href":"https:\/\/medicinasinc.com\/da\/wp-json\/wp\/v2\/media\/5203"}],"wp:attachment":[{"href":"https:\/\/medicinasinc.com\/da\/wp-json\/wp\/v2\/media?parent=5184"}],"wp:term":[{"taxonomy":"product_brand","embeddable":true,"href":"https:\/\/medicinasinc.com\/da\/wp-json\/wp\/v2\/product_brand?post=5184"},{"taxonomy":"product_cat","embeddable":true,"href":"https:\/\/medicinasinc.com\/da\/wp-json\/wp\/v2\/product_cat?post=5184"},{"taxonomy":"product_tag","embeddable":true,"href":"https:\/\/medicinasinc.com\/da\/wp-json\/wp\/v2\/product_tag?post=5184"}],"curies":[{"name":"wp","href":"https:\/\/api.w.org\/{rel}","templated":true}]}}