{"id":5183,"date":"2022-02-20T21:35:10","date_gmt":"2022-02-20T21:35:10","guid":{"rendered":"https:\/\/medicinasinc.com\/da\/?post_type=product&#038;p=5183"},"modified":"2022-03-20T00:42:08","modified_gmt":"2022-03-20T00:42:08","slug":"hydrocodon-10-500mg","status":"publish","type":"product","link":"https:\/\/medicinasinc.com\/da\/product\/hydrocodon-10-500mg\/","title":{"rendered":"Hydrocodon 10\/500mg"},"content":{"rendered":"<div class=\"product-next-previous\">\n<div class=\"product-prev\">\n<p>Hydrocodone 10\/500 mg piller kan k\u00f8bes online p\u00e5 nuv\u00e6rende tidspunkt.<\/p>\n<p>H\u00f8jkvalitetskombination medicin til moderat til sv\u00e6r smertebehandling, Watson 540 (Hydrocodon) 500 mg er Watson 540 (Hydrocodone). Acetaminophen og Hydrocodone bruges i formuleringen af \u200b\u200bHydrocodone til salg. Ikke-opioid acetaminophen og opioid hydrocodon er begge smertestillende midler.<\/p>\n<p>I hjernen \u00e6ndrer denne medicin den m\u00e5de, kroppen reagerer p\u00e5 og oplever smerte. En persons temperatur kan ogs\u00e5 s\u00e6nkes med brugen af \u200b\u200bdette l\u00e6gemiddel.<\/p>\n<p>P\u00e5 grund af de betydelige negative virkninger af lavvandet\/langsom vejrtr\u00e6kning, der kan opst\u00e5, n\u00e5r du k\u00f8ber hydrocodon online, anbefales det ikke til b\u00f8rn under 6 \u00e5r. \u00e5r gammel.<\/p>\n<p>F\u00f8r du starter med denne medicin, skal du s\u00f8rge for at l\u00e6se den indl\u00e6gsseddel, som din l\u00e6ge har givet dig.<\/p>\n<p>K\u00f8b hydrocodon kan tages oralt, med eller uden m\u00e5ltider , afh\u00e6ngigt af brugerens pr\u00e6ference. Kontakt din l\u00e6ge eller sundhedsplejerske, f\u00f8r du tager l\u00e6gemidlet, hvis du oplever kvalme.<\/p>\n<p>Hvad er der i hver Watson 540-tablet?<\/p>\n<p>Natriumstearat af magnesium<br \/> Mikrokrystallinsk cellulose<br \/> CrospovidonerCroscarmellose Den er lavet af natriumstearat<br \/> StivelsePovidon<br \/> Polyethylenterephthalatoxid<br \/> Indeholder FARVE PULVER Nr. 10 D&amp;C Gul<\/p>\n<p>&nbsp;<\/p>\n<p>Afh\u00e6ngigt af patientens generelle respons og medicinske tilstand kan dosis af denne medicin variere. Fors\u00f8g aldrig at \u00f8ge doseringen af \u200b\u200bmedicinen, og stop kun med at tage den, hvis din l\u00e6ge instruerer dig om det.<\/p>\n<p>Det bratte oph\u00f8r af medicinen kan f\u00f8re til abstinenser. For at undg\u00e5 abstinenssymptomer skal du f\u00f8lge din l\u00e6ges instruktioner for gradvist at reducere din medicindosis.<\/p>\n<p>Onlinek\u00f8b af hydrocodon kan til tider f\u00f8re til afh\u00e6ngighed. Det anbefales, at den angivne dosis af medicinen ikke overskrides for at forhindre medicinafh\u00e6ngighed.<\/p>\n<p>Allergi:<\/p>\n<p>Sp\u00f8rg din l\u00e6ge eller sundhedsplejerske, om du kan bruge denne medicin, fordi du er allergisk over for ingredienserne acetaminophen og hydrocodon. En persons reaktion p\u00e5 dette produkt kan blive negativt p\u00e5virket af tilstedev\u00e6relsen af \u200b\u200baktive stoffer i dets formulering.<\/p>\n<p>D\u00f8sighed:<\/p>\n<p>D\u00f8sighed eller svimmelhed kan forekomme som en bivirkning af denne medicin. K\u00f8rsel, brug af maskiner eller enhver anden aktivitet, der kr\u00e6ver fuld opm\u00e6rksomhed eller \u00e5rv\u00e5genhed, b\u00f8r undg\u00e5s. Undlad venligst at deltage i nogen af \u200b\u200bdisse aktiviteter, indtil du er sikker p\u00e5, at du kan g\u00f8re det uden at st\u00f8de p\u00e5 problemer.<\/p>\n<p>Graviditet:<\/p>\n<p>Gravide kvinder frar\u00e5des at tage denne medicin. Brug kun dette l\u00e6gemiddel, hvis det er absolut n\u00f8dvendigt. Kontakt din l\u00e6ge eller apotek for at l\u00e6re om fordele og ulemper ved at tage denne medicin, mens du er gravid.<\/p>\n<p>Amning<\/p>\n<p>At tage denne medicin under amning kan have en negativ indvirkning p\u00e5 barnets helbred. L\u00e6ger b\u00f8r konsulteres hurtigt, hvis din baby udviser m\u00e6rkelige symptomer s\u00e5som vejrtr\u00e6kningsbesv\u00e6r eller sl\u00f8vhed, samt problemer med at spise.<\/p>\n<p>Opkastning, svimmelhed, s\u00f8vnighed og forstoppelse kan forekomme som f\u00f8lge af brug af hydrocodon. Efterh\u00e5nden som medicinen forts\u00e6ttes, kan nogle af disse bivirkninger mindskes i sv\u00e6rhedsgrad over tid. Hvis nogle af disse symptomer forv\u00e6rres, b\u00f8r du s\u00f8ge akut l\u00e6gehj\u00e6lp for at finde en l\u00f8sning.<\/p>\n<p>Du b\u00f8r indtage en masse fibre og drikke en masse vand for at undg\u00e5 forstoppelse. Tag et aff\u00f8ringsmiddel for at lindre symptomerne p\u00e5 forstoppelse, hvis du har brug for det. Du b\u00f8r s\u00f8ge r\u00e5d hos din l\u00e6ge, f\u00f8r du tager et aff\u00f8ringsmiddel.<\/p>\n<p>Du b\u00f8r langsomt rejse dig fra en liggende eller siddende stilling, hvis du vil minimere symptomerne p\u00e5 svimmelhed og svimmelhed.<\/p>\n<\/p><\/div><\/div>\n","protected":false},"excerpt":{"rendered":"<div class=\"woocommerce-product-details__short-description\">\n<p>K\u00f8b Hydrocodone 10\/500mg piller til salg i Storbritannien, EU og Europa kan k\u00f8bes online fra vores hjemmeside. Dihydrocodeinon (hydrocodon) er et halvfabrikata opioid afledt af codein og thebain, to almindeligt forekommende beroligende midler.<\/p>\n<p>Ved moderate til sv\u00e6re smerter er den aktive ingrediens i Watson 540 (Hydrocodon) 500 mg hydrocodon. Acetaminophen og Hydrocodone bruges i formuleringen af \u200b\u200bHydrocodone til salg. Hydroxycodon er en smertestillende medicin for opioider, mens acetaminophen er ikke-opioid.<\/p>\n<\/p><\/div>\n","protected":false},"featured_media":5201,"comment_status":"open","ping_status":"closed","template":"","meta":[],"product_brand":[],"product_cat":[1117],"product_tag":[1298,1299,1300,1301,1297,1302,1303,1304,1305,1306,1307,1308,1311,1312,1314,1313,1309,1310],"class_list":{"0":"post-5183","1":"product","2":"type-product","3":"status-publish","4":"has-post-thumbnail","6":"product_cat-kob-smerte-sove-sex-piller","7":"product_tag-generic-pills-for-sale-in-usa","8":"product_tag-generisk-watson","9":"product_tag-generiske-watson-piller-til-salg-i-usa","10":"product_tag-hydrocodon-til-salg","11":"product_tag-kb-watson-online","12":"product_tag-medicin-uden-recept","13":"product_tag-watson-500-mg","14":"product_tag-watson-500mg","15":"product_tag-watson-540-hydrocodon-500-mg","16":"product_tag-watson-540-hydrocodone-online","17":"product_tag-watson-540-medicin","18":"product_tag-watson-dosering","19":"product_tag-watson-hydrocodon-smertetab-piller","20":"product_tag-watson-medication","21":"product_tag-watson-piller-uden-recept","22":"product_tag-watson-smertelindrende-tablet","23":"product_tag-watson-til-salg-i-dk","24":"product_tag-watson-til-salg-i-usa","26":"first","27":"instock","28":"shipping-taxable","29":"purchasable","30":"product-type-variable","31":"has-default-attributes"},"yoast_head":"<!-- This site is optimized with the Yoast SEO plugin v27.3 - https:\/\/yoast.com\/product\/yoast-seo-wordpress\/ -->\n<title>K\u00f8b Hydrocodone 10\/500mg - Bedste bedste globale medicin<\/title>\n<meta name=\"description\" content=\"K\u00f8b Hydrocodone 10\/500mg piller til salg UK, EU, Europa online. Hydrocodon eller dihydrocodeinon er et halvfabrikat opioid udledt af to af de almindeligt forekommende beroligende midler, kodein og thebain.\" \/>\n<meta name=\"robots\" content=\"index, follow, max-snippet:-1, max-image-preview:large, max-video-preview:-1\" \/>\n<link rel=\"canonical\" href=\"https:\/\/medicinasinc.com\/da\/product\/hydrocodon-10-500mg\/\" \/>\n<meta property=\"og:locale\" content=\"en_US\" \/>\n<meta property=\"og:type\" content=\"article\" \/>\n<meta property=\"og:title\" content=\"K\u00f8b Hydrocodone 10\/500mg - Bedste bedste globale medicin\" \/>\n<meta property=\"og:description\" content=\"K\u00f8b Hydrocodone 10\/500mg piller til salg UK, EU, Europa online. Hydrocodon eller dihydrocodeinon er et halvfabrikat opioid udledt af to af de almindeligt forekommende beroligende midler, kodein og thebain.\" \/>\n<meta property=\"og:url\" content=\"https:\/\/medicinasinc.com\/da\/product\/hydrocodon-10-500mg\/\" \/>\n<meta property=\"og:site_name\" content=\"Medicinas Inc\" \/>\n<meta property=\"article:modified_time\" content=\"2022-03-20T00:42:08+00:00\" \/>\n<meta property=\"og:image\" content=\"https:\/\/medicinasinc.com\/da\/wp-content\/uploads\/sites\/8\/2022\/02\/buy-hydrocodone-10-500mg-pills-online.jpg\" \/>\n\t<meta property=\"og:image:width\" content=\"600\" \/>\n\t<meta property=\"og:image:height\" content=\"600\" \/>\n\t<meta property=\"og:image:type\" content=\"image\/jpeg\" \/>\n<meta name=\"twitter:card\" content=\"summary_large_image\" \/>\n<meta name=\"twitter:label1\" content=\"Est. reading time\" \/>\n\t<meta name=\"twitter:data1\" content=\"3 minutes\" \/>\n<script type=\"application\/ld+json\" class=\"yoast-schema-graph\">{\"@context\":\"https:\\\/\\\/schema.org\",\"@graph\":[{\"@type\":\"WebPage\",\"@id\":\"https:\\\/\\\/medicinasinc.com\\\/da\\\/product\\\/hydrocodon-10-500mg\\\/\",\"url\":\"https:\\\/\\\/medicinasinc.com\\\/da\\\/product\\\/hydrocodon-10-500mg\\\/\",\"name\":\"K\u00f8b Hydrocodone 10\\\/500mg - Bedste bedste globale medicin\",\"isPartOf\":{\"@id\":\"https:\\\/\\\/medicinasinc.com\\\/da\\\/#website\"},\"primaryImageOfPage\":{\"@id\":\"https:\\\/\\\/medicinasinc.com\\\/da\\\/product\\\/hydrocodon-10-500mg\\\/#primaryimage\"},\"image\":{\"@id\":\"https:\\\/\\\/medicinasinc.com\\\/da\\\/product\\\/hydrocodon-10-500mg\\\/#primaryimage\"},\"thumbnailUrl\":\"https:\\\/\\\/medicinasinc.com\\\/da\\\/wp-content\\\/uploads\\\/sites\\\/8\\\/2022\\\/02\\\/buy-hydrocodone-10-500mg-pills-online.jpg\",\"datePublished\":\"2022-02-20T21:35:10+00:00\",\"dateModified\":\"2022-03-20T00:42:08+00:00\",\"description\":\"K\u00f8b Hydrocodone 10\\\/500mg piller til salg UK, EU, Europa online. Hydrocodon eller dihydrocodeinon er et halvfabrikat opioid udledt af to af de almindeligt forekommende beroligende midler, kodein og thebain.\",\"breadcrumb\":{\"@id\":\"https:\\\/\\\/medicinasinc.com\\\/da\\\/product\\\/hydrocodon-10-500mg\\\/#breadcrumb\"},\"inLanguage\":\"en-US\",\"potentialAction\":[{\"@type\":\"ReadAction\",\"target\":[\"https:\\\/\\\/medicinasinc.com\\\/da\\\/product\\\/hydrocodon-10-500mg\\\/\"]}]},{\"@type\":\"ImageObject\",\"inLanguage\":\"en-US\",\"@id\":\"https:\\\/\\\/medicinasinc.com\\\/da\\\/product\\\/hydrocodon-10-500mg\\\/#primaryimage\",\"url\":\"https:\\\/\\\/medicinasinc.com\\\/da\\\/wp-content\\\/uploads\\\/sites\\\/8\\\/2022\\\/02\\\/buy-hydrocodone-10-500mg-pills-online.jpg\",\"contentUrl\":\"https:\\\/\\\/medicinasinc.com\\\/da\\\/wp-content\\\/uploads\\\/sites\\\/8\\\/2022\\\/02\\\/buy-hydrocodone-10-500mg-pills-online.jpg\",\"width\":600,\"height\":600},{\"@type\":\"BreadcrumbList\",\"@id\":\"https:\\\/\\\/medicinasinc.com\\\/da\\\/product\\\/hydrocodon-10-500mg\\\/#breadcrumb\",\"itemListElement\":[{\"@type\":\"ListItem\",\"position\":1,\"name\":\"Butik\",\"item\":\"https:\\\/\\\/medicinasinc.com\\\/da\\\/butik\\\/\"},{\"@type\":\"ListItem\",\"position\":2,\"name\":\"Hydrocodon 10\\\/500mg\"}]},{\"@type\":\"WebSite\",\"@id\":\"https:\\\/\\\/medicinasinc.com\\\/da\\\/#website\",\"url\":\"https:\\\/\\\/medicinasinc.com\\\/da\\\/\",\"name\":\"Medicinas Inc\",\"description\":\"Health Medical Clinic\",\"potentialAction\":[{\"@type\":\"SearchAction\",\"target\":{\"@type\":\"EntryPoint\",\"urlTemplate\":\"https:\\\/\\\/medicinasinc.com\\\/da\\\/?s={search_term_string}\"},\"query-input\":{\"@type\":\"PropertyValueSpecification\",\"valueRequired\":true,\"valueName\":\"search_term_string\"}}],\"inLanguage\":\"en-US\"}]}<\/script>\n<!-- \/ Yoast SEO plugin. -->","yoast_head_json":{"title":"K\u00f8b Hydrocodone 10\/500mg - Bedste bedste globale medicin","description":"K\u00f8b Hydrocodone 10\/500mg piller til salg UK, EU, Europa online. Hydrocodon eller dihydrocodeinon er et halvfabrikat opioid udledt af to af de almindeligt forekommende beroligende midler, kodein og thebain.","robots":{"index":"index","follow":"follow","max-snippet":"max-snippet:-1","max-image-preview":"max-image-preview:large","max-video-preview":"max-video-preview:-1"},"canonical":"https:\/\/medicinasinc.com\/da\/product\/hydrocodon-10-500mg\/","og_locale":"en_US","og_type":"article","og_title":"K\u00f8b Hydrocodone 10\/500mg - Bedste bedste globale medicin","og_description":"K\u00f8b Hydrocodone 10\/500mg piller til salg UK, EU, Europa online. Hydrocodon eller dihydrocodeinon er et halvfabrikat opioid udledt af to af de almindeligt forekommende beroligende midler, kodein og thebain.","og_url":"https:\/\/medicinasinc.com\/da\/product\/hydrocodon-10-500mg\/","og_site_name":"Medicinas Inc","article_modified_time":"2022-03-20T00:42:08+00:00","og_image":[{"width":600,"height":600,"url":"https:\/\/medicinasinc.com\/da\/wp-content\/uploads\/sites\/8\/2022\/02\/buy-hydrocodone-10-500mg-pills-online.jpg","type":"image\/jpeg"}],"twitter_card":"summary_large_image","twitter_misc":{"Est. reading time":"3 minutes"},"schema":{"@context":"https:\/\/schema.org","@graph":[{"@type":"WebPage","@id":"https:\/\/medicinasinc.com\/da\/product\/hydrocodon-10-500mg\/","url":"https:\/\/medicinasinc.com\/da\/product\/hydrocodon-10-500mg\/","name":"K\u00f8b Hydrocodone 10\/500mg - Bedste bedste globale medicin","isPartOf":{"@id":"https:\/\/medicinasinc.com\/da\/#website"},"primaryImageOfPage":{"@id":"https:\/\/medicinasinc.com\/da\/product\/hydrocodon-10-500mg\/#primaryimage"},"image":{"@id":"https:\/\/medicinasinc.com\/da\/product\/hydrocodon-10-500mg\/#primaryimage"},"thumbnailUrl":"https:\/\/medicinasinc.com\/da\/wp-content\/uploads\/sites\/8\/2022\/02\/buy-hydrocodone-10-500mg-pills-online.jpg","datePublished":"2022-02-20T21:35:10+00:00","dateModified":"2022-03-20T00:42:08+00:00","description":"K\u00f8b Hydrocodone 10\/500mg piller til salg UK, EU, Europa online. Hydrocodon eller dihydrocodeinon er et halvfabrikat opioid udledt af to af de almindeligt forekommende beroligende midler, kodein og thebain.","breadcrumb":{"@id":"https:\/\/medicinasinc.com\/da\/product\/hydrocodon-10-500mg\/#breadcrumb"},"inLanguage":"en-US","potentialAction":[{"@type":"ReadAction","target":["https:\/\/medicinasinc.com\/da\/product\/hydrocodon-10-500mg\/"]}]},{"@type":"ImageObject","inLanguage":"en-US","@id":"https:\/\/medicinasinc.com\/da\/product\/hydrocodon-10-500mg\/#primaryimage","url":"https:\/\/medicinasinc.com\/da\/wp-content\/uploads\/sites\/8\/2022\/02\/buy-hydrocodone-10-500mg-pills-online.jpg","contentUrl":"https:\/\/medicinasinc.com\/da\/wp-content\/uploads\/sites\/8\/2022\/02\/buy-hydrocodone-10-500mg-pills-online.jpg","width":600,"height":600},{"@type":"BreadcrumbList","@id":"https:\/\/medicinasinc.com\/da\/product\/hydrocodon-10-500mg\/#breadcrumb","itemListElement":[{"@type":"ListItem","position":1,"name":"Butik","item":"https:\/\/medicinasinc.com\/da\/butik\/"},{"@type":"ListItem","position":2,"name":"Hydrocodon 10\/500mg"}]},{"@type":"WebSite","@id":"https:\/\/medicinasinc.com\/da\/#website","url":"https:\/\/medicinasinc.com\/da\/","name":"Medicinas Inc","description":"Health Medical Clinic","potentialAction":[{"@type":"SearchAction","target":{"@type":"EntryPoint","urlTemplate":"https:\/\/medicinasinc.com\/da\/?s={search_term_string}"},"query-input":{"@type":"PropertyValueSpecification","valueRequired":true,"valueName":"search_term_string"}}],"inLanguage":"en-US"}]}},"_links":{"self":[{"href":"https:\/\/medicinasinc.com\/da\/wp-json\/wp\/v2\/product\/5183","targetHints":{"allow":["GET"]}}],"collection":[{"href":"https:\/\/medicinasinc.com\/da\/wp-json\/wp\/v2\/product"}],"about":[{"href":"https:\/\/medicinasinc.com\/da\/wp-json\/wp\/v2\/types\/product"}],"replies":[{"embeddable":true,"href":"https:\/\/medicinasinc.com\/da\/wp-json\/wp\/v2\/comments?post=5183"}],"wp:featuredmedia":[{"embeddable":true,"href":"https:\/\/medicinasinc.com\/da\/wp-json\/wp\/v2\/media\/5201"}],"wp:attachment":[{"href":"https:\/\/medicinasinc.com\/da\/wp-json\/wp\/v2\/media?parent=5183"}],"wp:term":[{"taxonomy":"product_brand","embeddable":true,"href":"https:\/\/medicinasinc.com\/da\/wp-json\/wp\/v2\/product_brand?post=5183"},{"taxonomy":"product_cat","embeddable":true,"href":"https:\/\/medicinasinc.com\/da\/wp-json\/wp\/v2\/product_cat?post=5183"},{"taxonomy":"product_tag","embeddable":true,"href":"https:\/\/medicinasinc.com\/da\/wp-json\/wp\/v2\/product_tag?post=5183"}],"curies":[{"name":"wp","href":"https:\/\/api.w.org\/{rel}","templated":true}]}}