{"id":5182,"date":"2022-02-20T21:32:53","date_gmt":"2022-02-20T21:32:53","guid":{"rendered":"https:\/\/medicinasinc.com\/da\/?post_type=product&#038;p=5182"},"modified":"2022-03-20T00:42:17","modified_gmt":"2022-03-20T00:42:17","slug":"kob-fentanyl-plaster-til-transdermalt-system","status":"publish","type":"product","link":"https:\/\/medicinasinc.com\/da\/product\/kob-fentanyl-plaster-til-transdermalt-system\/","title":{"rendered":"K\u00f8b fentanyl patch til transdermal system"},"content":{"rendered":"<div class=\"product-next-previous\">\n<div class=\"product-prev\">\n<p>Transdermale plastre med Fentanyl kan k\u00f8bes<br \/> Co Fentanyl er hvad?<\/p>\n<p>Opioider er en klasse af l\u00e6gemidler, der inkluderer fentanyl. Hvis du lider af kroniske (langvarige) sv\u00e6re smerter og allerede er i behandling med opioid (narkotisk) medicin, kan du have gavn af brugen af \u200b\u200bfentanyl.<\/p>\n<p>Hvad er prisen p\u00e5 co-fentanyl?<\/p>\n<p>PocketPills tilbyder Co Fentanyl uden omkostninger. Hvis din forsikring d\u00e6kker udgifterne til Co Fentanyl, kan du muligvis f\u00e5 det til en reduceret pris. Udleverings- og leveringsomkostninger b\u00f8r indregnes i den endelige pris for dit Co Fentanyl-k\u00f8b.<\/p>\n<p>Hvor meget koster Co Fentanyls udleveringsgebyr?<\/p>\n<p>Bestilling af Co Fentanyl fra os kommer med et udleveringsgebyr p\u00e5 kun $0. Hvis du leder efter den billigste Co Fentanyl-pris i Canada, er Pocketpills her for at hj\u00e6lpe.<br \/> S\u00f8rg for at drage fordel af vores gratis forsendelsestilbud i Canada.<\/p>\n<p>Drug Name: Co-Fentanyl <\/p>\n<p>Toksiciteter<\/p>\n<p>En r\u00e6kke l\u00e6gemidler har potentiale til at inducere u\u00f8nskede konsekvenser.<\/p>\n<p>N\u00e5r en medicin bruges som foreskrevet, kan der opst\u00e5 bivirkninger, som ikke forventes . Det er muligt for bivirkninger at v\u00e6re lette eller alvorlige, s\u00e5vel som langvarige eller kortvarige.<\/p>\n<p>Ikke alle, der tager Co Fentanyl, oplever f\u00f8lgende bivirkninger (Fentanyl-transdermal).<\/p>\n<p>Tal med din l\u00e6ge, hvis du er bekymret over bivirkninger af Co Fentanyl (Fentanyl-transdermal).<\/p>\n<p>Mindst 1 % af Co Fentanyl-brugere har haft f\u00f8lgende bivirkninger (Fentanyl-transdermal) . Det er muligt, at nogle af disse bivirkninger vil forsvinde af sig selv med tiden.<\/p>\n<p>Hvis du bem\u00e6rker nogen af \u200b\u200bdisse bivirkninger, og de er generende eller alvorlige, skal du kontakte din l\u00e6ge. Hvis du har problemer med bivirkninger, s\u00e5 sp\u00f8rg dit apotek om hj\u00e6lp.<\/p>\n<p>forvirring<br \/> Forstoppelse<br \/> forstoppelse problemer med at fokusere s\u00f8vnighed og svimmelhed om aftenen<br \/> F\u00f8lelse af angst, r\u00f8dmen , og at have hovedpine er alle symptomer p\u00e5 mundt\u00f8rhed.<br \/> mangel p\u00e5 hukommelse<br \/> ubehag eller kl\u00f8e ved p\u00e5f\u00f8ringsstedet<\/p>\n<p>Ofte stillede sp\u00f8rgsm\u00e5l om Co Fentanyl<br \/> To Purchase Co Fentanyl Online, du skal vide hvordan.<\/p>\n<p>Hvis du har en gyldig recept fra din l\u00e6ge, kan du k\u00f8be Co Fentanyl online hos PocketPills. Du kan begynde med at uploade din recept, k\u00f8be en genopfyldning eller chatte med en af \u200b\u200bvores canadiske l\u00e6ger for at modtage en onlinerecept ved at overf\u00f8re eksisterende recepter til vores apotek. En recept p\u00e5 co-fentanyl: Hvor g\u00e5r jeg herfra?<\/p>\n<p>P\u00e5 pocketpills.com kan du tale med en canadisk l\u00e6ge over internettet. Under din aftale kan vores l\u00e6ger udstede recepter p\u00e5 medicin til dig over internettet. Uden ekstra omkostninger kan du f\u00e5 din recept leveret til dit hjem diskret og i dens originale emballage, efter du har modtaget den.<\/p>\n<p>Hvor hurtigt kan jeg forvente min pakke?<\/p>\n<p>Ja! Nogle steder kan vi tilbyde levering samme dag. Ud over levering n\u00e6ste dag tilbyder vi ogs\u00e5 forsendelse natten over.<br \/> Hvor meget koster Co Fentanyl-forsendelse til Canada?<br \/> Co Fentanyls forsendelsesomkostninger til dig i Canada er helt gratis. De reducerede udleveringsgebyrer og gratis forsendelse, som Pocketpills tilbyder, g\u00f8r det lettere for canadiere at modtage den medicin, de har brug for.<br \/> Levering af Co Fentanyl til mit hus?<br \/> Hvis du har bestilt receptpligtig medicin fra os i Canada med en gyldig recept, vi kunne sende Co Fentanyl til din d\u00f8r. Kontakt os, hvis du er usikker p\u00e5, om vi leverer i dit omr\u00e5de.<br \/> Hvor kan jeg f\u00e5 gratis Co-fentanyl i Canada?<br \/> Hvis du har en sygeforsikring, der d\u00e6kker Co-fentanyl, kan du f\u00e5 det gratis i Canada. Find ud af, om du er berettiget til gratis Co Fentanyl ved at kontakte din udbyder eller os.<br \/> Hvor kan jeg finde en l\u00e6ge til at f\u00e5 Co Fentanyl?<br \/> Ja. For at finde ud af, om du er berettiget til en recept p\u00e5 Co Fentanyl, kan du planl\u00e6gge en online konsultation med en canadisk l\u00e6ge gennem Best Global Meds.<br \/> Uden en recept, kan jeg k\u00f8be Co Fentanyl?<br \/> For at k\u00f8be Co Fentanyl hos os skal du have en gyldig recept. Hvis du har brug for en recept, bedes du kontakte os. Du kan kontakte en af \u200b\u200bvores l\u00e6ger, n\u00e5r det passer dig.<\/p>\n<p>&nbsp;<\/p>\n<p>Denne medicin bruges til at behandle kroniske smerter (s\u00e5som p\u00e5 grund af kr\u00e6ft). Opioid (narkotiske) analgetika, hvoraf fentanyl er et medlem, er en almindelig type smertestillende midler. Det \u00e6ndrer den m\u00e5de, din krop opfatter og reagerer p\u00e5 smerte ved at virke p\u00e5 hjernen.<\/p>\n<p>Fentanylplasteret b\u00f8r ikke bruges til at behandle mild eller kortvarig smerte. &#8220;som&#8221; er ikke en passende betegnelse for dette l\u00e6gemiddel.<\/p>\n<\/p><\/div><\/div>\n","protected":false},"excerpt":{"rendered":"<p>I Storbritannien er det muligt at k\u00f8be fentanylplaster online, s\u00e5vel som fentanyl generelt, s\u00e5vel som fentanylplastre til salg der.<\/p>\n<p>Plastre af fentanyl bruges til at behandle kroniske smerter&amp;#8230 ;. N\u00e5r du indsamler recepter eller f\u00e5r yderligere medicin, skal du n\u00e6vne det plaster, du har p\u00e5, til dit apotek.<\/p>\n","protected":false},"featured_media":5199,"comment_status":"open","ping_status":"closed","template":"","meta":[],"product_brand":[],"product_cat":[1117],"product_tag":[1248,1247,1249,1250,1251,1252,1254,1253,1272,1271,1270,1280,1256,1259,1260,1261,1266,1267,1268,1269,1274,1278,1279,1275,1277,1257,1262,1263,1273,1258,1293,1281,1285,1294,1282,1295,1296,1286,1283,1287,1284,1276,1288,1265,1289,1264,1292,1290,1291,1255],"class_list":{"0":"post-5182","1":"product","2":"type-product","3":"status-publish","4":"has-post-thumbnail","6":"product_cat-kob-smerte-sove-sex-piller","7":"product_tag-100-mg-fentanyl-plaster-gadepris","8":"product_tag-100-mg-fentanylplaster","9":"product_tag-12-mikrogram-fentanyl-plaster","10":"product_tag-25-mcg-fentanyl-plaster-kvivalent","11":"product_tag-50-mg-fentanyl-plaster","12":"product_tag-75-mg-fentanyl-plaster","13":"product_tag-bedste-mde-at-komme-hj-p-fentanyl-plaster","14":"product_tag-bedste-sted-at-stte-fentanyl-plaster","15":"product_tag-fentanyl-plaster-doser","16":"product_tag-fentanyl-plaster-dosering","17":"product_tag-fentanyl-plaster-doseringsskema","18":"product_tag-fentanyl-transdermalt-plaster","19":"product_tag-fentanyl-gel-patch","20":"product_tag-fentanyl-patch-100-mcg","21":"product_tag-fentanyl-patch-100mcg","22":"product_tag-fentanyl-patch-25-mcg-street-value","23":"product_tag-fentanyl-patch-chewing","24":"product_tag-fentanyl-patch-disposal","25":"product_tag-fentanyl-patch-dosage","26":"product_tag-fentanyl-patch-dosage-12-mcg","27":"product_tag-fentanyl-patch-dosing","28":"product_tag-fentanyl-patch-uses","29":"product_tag-fentanyl-patch-withdrawals","30":"product_tag-fentanyl-plaster-til-salg","31":"product_tag-fentanylplaster-bivirkninger","32":"product_tag-fentanyl-smerteplaster","33":"product_tag-fentanyl-gips-50-mcg","34":"product_tag-fentanyl-gips-75-mcg","35":"product_tag-fentanyl-plaster-doser-12-mcg","36":"product_tag-fentanyl-gips","37":"product_tag-street-value-of-fentanyl-plaster","38":"product_tag-how-long-does-a-fentanyl-patch-stay-in-your-system","39":"product_tag-how-to-smoke-a-fentanyl-patch","40":"product_tag-hvad-er-fentanyl-plaster","41":"product_tag-hvor-lang-tid-tager-det-for-et-fentanylplaster-at-starte","42":"product_tag-hvor-til-placering-fentanyl-plaster","43":"product_tag-hvor-til-stte-fentanyl-plaster","44":"product_tag-hvordan-til-aftrappes-fentanyl-plaster-uden-tilbagetrkning","45":"product_tag-how-to-p-c3-a5f-c3-b8re-fentanyl-gips","46":"product_tag-hvordan-man-bruger-fentanylplaster","47":"product_tag-hvordan-man-nedbryder-fentanyl-plaster","48":"product_tag-fentanyl-puds-indlgsseddel","49":"product_tag-injicer-fentanyl-plaster","50":"product_tag-fentanyl-plaster-mrker","51":"product_tag-mallinckrodt-fentanyl-plaster-ekstraktion","52":"product_tag-fentanyl-gips-applikation","53":"product_tag-ryge-fentanyl-plaster","54":"product_tag-sandoz-fentanyl-patch","55":"product_tag-skyde-fentanyl-plaster","56":"product_tag-spise-fentanyl-gips","58":"first","59":"instock","60":"shipping-taxable","61":"purchasable","62":"product-type-variable","63":"has-default-attributes"},"yoast_head":"<!-- This site is optimized with the Yoast SEO plugin v27.3 - https:\/\/yoast.com\/product\/yoast-seo-wordpress\/ -->\n<title>K\u00f8b fentanyl patch til transdermal system - bedste bedste globale medicin<\/title>\n<meta name=\"description\" content=\"K\u00f8b\u00a0fentanyl-plaster\u00a0online uk, fentanyl online uk, pris for\u00a0fentanyl-plastre\u00a0uk,\u00a0k\u00f8b fentanyl-plastre\u00a0uk, fentanyl gadepris uk, fentanyl-plaster\u00a0til salg uk\" \/>\n<meta name=\"robots\" content=\"index, follow, max-snippet:-1, max-image-preview:large, max-video-preview:-1\" \/>\n<link rel=\"canonical\" href=\"https:\/\/medicinasinc.com\/da\/product\/kob-fentanyl-plaster-til-transdermalt-system\/\" \/>\n<meta property=\"og:locale\" content=\"en_US\" \/>\n<meta property=\"og:type\" content=\"article\" \/>\n<meta property=\"og:title\" content=\"K\u00f8b fentanyl patch til transdermal system - bedste bedste globale medicin\" \/>\n<meta property=\"og:description\" content=\"K\u00f8b\u00a0fentanyl-plaster\u00a0online uk, fentanyl online uk, pris for\u00a0fentanyl-plastre\u00a0uk,\u00a0k\u00f8b fentanyl-plastre\u00a0uk, fentanyl gadepris uk, fentanyl-plaster\u00a0til salg uk\" \/>\n<meta property=\"og:url\" content=\"https:\/\/medicinasinc.com\/da\/product\/kob-fentanyl-plaster-til-transdermalt-system\/\" \/>\n<meta property=\"og:site_name\" content=\"Medicinas Inc\" \/>\n<meta property=\"article:modified_time\" content=\"2022-03-20T00:42:17+00:00\" \/>\n<meta property=\"og:image\" content=\"https:\/\/medicinasinc.com\/da\/wp-content\/uploads\/sites\/8\/2022\/02\/buy-fentanyl-transdermal-system-patch.jpg\" \/>\n\t<meta property=\"og:image:width\" content=\"600\" \/>\n\t<meta property=\"og:image:height\" content=\"600\" \/>\n\t<meta property=\"og:image:type\" content=\"image\/jpeg\" \/>\n<meta name=\"twitter:card\" content=\"summary_large_image\" \/>\n<meta name=\"twitter:label1\" content=\"Est. reading time\" \/>\n\t<meta name=\"twitter:data1\" content=\"4 minutes\" \/>\n<script type=\"application\/ld+json\" class=\"yoast-schema-graph\">{\"@context\":\"https:\\\/\\\/schema.org\",\"@graph\":[{\"@type\":\"WebPage\",\"@id\":\"https:\\\/\\\/medicinasinc.com\\\/da\\\/product\\\/kob-fentanyl-plaster-til-transdermalt-system\\\/\",\"url\":\"https:\\\/\\\/medicinasinc.com\\\/da\\\/product\\\/kob-fentanyl-plaster-til-transdermalt-system\\\/\",\"name\":\"K\u00f8b fentanyl patch til transdermal system - bedste bedste globale medicin\",\"isPartOf\":{\"@id\":\"https:\\\/\\\/medicinasinc.com\\\/da\\\/#website\"},\"primaryImageOfPage\":{\"@id\":\"https:\\\/\\\/medicinasinc.com\\\/da\\\/product\\\/kob-fentanyl-plaster-til-transdermalt-system\\\/#primaryimage\"},\"image\":{\"@id\":\"https:\\\/\\\/medicinasinc.com\\\/da\\\/product\\\/kob-fentanyl-plaster-til-transdermalt-system\\\/#primaryimage\"},\"thumbnailUrl\":\"https:\\\/\\\/medicinasinc.com\\\/da\\\/wp-content\\\/uploads\\\/sites\\\/8\\\/2022\\\/02\\\/buy-fentanyl-transdermal-system-patch.jpg\",\"datePublished\":\"2022-02-20T21:32:53+00:00\",\"dateModified\":\"2022-03-20T00:42:17+00:00\",\"description\":\"K\u00f8b\u00a0fentanyl-plaster\u00a0online uk, fentanyl online uk, pris for\u00a0fentanyl-plastre\u00a0uk,\u00a0k\u00f8b fentanyl-plastre\u00a0uk, fentanyl gadepris uk, fentanyl-plaster\u00a0til salg uk\",\"breadcrumb\":{\"@id\":\"https:\\\/\\\/medicinasinc.com\\\/da\\\/product\\\/kob-fentanyl-plaster-til-transdermalt-system\\\/#breadcrumb\"},\"inLanguage\":\"en-US\",\"potentialAction\":[{\"@type\":\"ReadAction\",\"target\":[\"https:\\\/\\\/medicinasinc.com\\\/da\\\/product\\\/kob-fentanyl-plaster-til-transdermalt-system\\\/\"]}]},{\"@type\":\"ImageObject\",\"inLanguage\":\"en-US\",\"@id\":\"https:\\\/\\\/medicinasinc.com\\\/da\\\/product\\\/kob-fentanyl-plaster-til-transdermalt-system\\\/#primaryimage\",\"url\":\"https:\\\/\\\/medicinasinc.com\\\/da\\\/wp-content\\\/uploads\\\/sites\\\/8\\\/2022\\\/02\\\/buy-fentanyl-transdermal-system-patch.jpg\",\"contentUrl\":\"https:\\\/\\\/medicinasinc.com\\\/da\\\/wp-content\\\/uploads\\\/sites\\\/8\\\/2022\\\/02\\\/buy-fentanyl-transdermal-system-patch.jpg\",\"width\":600,\"height\":600},{\"@type\":\"BreadcrumbList\",\"@id\":\"https:\\\/\\\/medicinasinc.com\\\/da\\\/product\\\/kob-fentanyl-plaster-til-transdermalt-system\\\/#breadcrumb\",\"itemListElement\":[{\"@type\":\"ListItem\",\"position\":1,\"name\":\"Butik\",\"item\":\"https:\\\/\\\/medicinasinc.com\\\/da\\\/butik\\\/\"},{\"@type\":\"ListItem\",\"position\":2,\"name\":\"K\u00f8b fentanyl patch til transdermal system\"}]},{\"@type\":\"WebSite\",\"@id\":\"https:\\\/\\\/medicinasinc.com\\\/da\\\/#website\",\"url\":\"https:\\\/\\\/medicinasinc.com\\\/da\\\/\",\"name\":\"Medicinas Inc\",\"description\":\"Health Medical Clinic\",\"potentialAction\":[{\"@type\":\"SearchAction\",\"target\":{\"@type\":\"EntryPoint\",\"urlTemplate\":\"https:\\\/\\\/medicinasinc.com\\\/da\\\/?s={search_term_string}\"},\"query-input\":{\"@type\":\"PropertyValueSpecification\",\"valueRequired\":true,\"valueName\":\"search_term_string\"}}],\"inLanguage\":\"en-US\"}]}<\/script>\n<!-- \/ Yoast SEO plugin. -->","yoast_head_json":{"title":"K\u00f8b fentanyl patch til transdermal system - bedste bedste globale medicin","description":"K\u00f8b\u00a0fentanyl-plaster\u00a0online uk, fentanyl online uk, pris for\u00a0fentanyl-plastre\u00a0uk,\u00a0k\u00f8b fentanyl-plastre\u00a0uk, fentanyl gadepris uk, fentanyl-plaster\u00a0til salg uk","robots":{"index":"index","follow":"follow","max-snippet":"max-snippet:-1","max-image-preview":"max-image-preview:large","max-video-preview":"max-video-preview:-1"},"canonical":"https:\/\/medicinasinc.com\/da\/product\/kob-fentanyl-plaster-til-transdermalt-system\/","og_locale":"en_US","og_type":"article","og_title":"K\u00f8b fentanyl patch til transdermal system - bedste bedste globale medicin","og_description":"K\u00f8b\u00a0fentanyl-plaster\u00a0online uk, fentanyl online uk, pris for\u00a0fentanyl-plastre\u00a0uk,\u00a0k\u00f8b fentanyl-plastre\u00a0uk, fentanyl gadepris uk, fentanyl-plaster\u00a0til salg uk","og_url":"https:\/\/medicinasinc.com\/da\/product\/kob-fentanyl-plaster-til-transdermalt-system\/","og_site_name":"Medicinas Inc","article_modified_time":"2022-03-20T00:42:17+00:00","og_image":[{"width":600,"height":600,"url":"https:\/\/medicinasinc.com\/da\/wp-content\/uploads\/sites\/8\/2022\/02\/buy-fentanyl-transdermal-system-patch.jpg","type":"image\/jpeg"}],"twitter_card":"summary_large_image","twitter_misc":{"Est. reading time":"4 minutes"},"schema":{"@context":"https:\/\/schema.org","@graph":[{"@type":"WebPage","@id":"https:\/\/medicinasinc.com\/da\/product\/kob-fentanyl-plaster-til-transdermalt-system\/","url":"https:\/\/medicinasinc.com\/da\/product\/kob-fentanyl-plaster-til-transdermalt-system\/","name":"K\u00f8b fentanyl patch til transdermal system - bedste bedste globale medicin","isPartOf":{"@id":"https:\/\/medicinasinc.com\/da\/#website"},"primaryImageOfPage":{"@id":"https:\/\/medicinasinc.com\/da\/product\/kob-fentanyl-plaster-til-transdermalt-system\/#primaryimage"},"image":{"@id":"https:\/\/medicinasinc.com\/da\/product\/kob-fentanyl-plaster-til-transdermalt-system\/#primaryimage"},"thumbnailUrl":"https:\/\/medicinasinc.com\/da\/wp-content\/uploads\/sites\/8\/2022\/02\/buy-fentanyl-transdermal-system-patch.jpg","datePublished":"2022-02-20T21:32:53+00:00","dateModified":"2022-03-20T00:42:17+00:00","description":"K\u00f8b\u00a0fentanyl-plaster\u00a0online uk, fentanyl online uk, pris for\u00a0fentanyl-plastre\u00a0uk,\u00a0k\u00f8b fentanyl-plastre\u00a0uk, fentanyl gadepris uk, fentanyl-plaster\u00a0til salg uk","breadcrumb":{"@id":"https:\/\/medicinasinc.com\/da\/product\/kob-fentanyl-plaster-til-transdermalt-system\/#breadcrumb"},"inLanguage":"en-US","potentialAction":[{"@type":"ReadAction","target":["https:\/\/medicinasinc.com\/da\/product\/kob-fentanyl-plaster-til-transdermalt-system\/"]}]},{"@type":"ImageObject","inLanguage":"en-US","@id":"https:\/\/medicinasinc.com\/da\/product\/kob-fentanyl-plaster-til-transdermalt-system\/#primaryimage","url":"https:\/\/medicinasinc.com\/da\/wp-content\/uploads\/sites\/8\/2022\/02\/buy-fentanyl-transdermal-system-patch.jpg","contentUrl":"https:\/\/medicinasinc.com\/da\/wp-content\/uploads\/sites\/8\/2022\/02\/buy-fentanyl-transdermal-system-patch.jpg","width":600,"height":600},{"@type":"BreadcrumbList","@id":"https:\/\/medicinasinc.com\/da\/product\/kob-fentanyl-plaster-til-transdermalt-system\/#breadcrumb","itemListElement":[{"@type":"ListItem","position":1,"name":"Butik","item":"https:\/\/medicinasinc.com\/da\/butik\/"},{"@type":"ListItem","position":2,"name":"K\u00f8b fentanyl patch til transdermal system"}]},{"@type":"WebSite","@id":"https:\/\/medicinasinc.com\/da\/#website","url":"https:\/\/medicinasinc.com\/da\/","name":"Medicinas Inc","description":"Health Medical Clinic","potentialAction":[{"@type":"SearchAction","target":{"@type":"EntryPoint","urlTemplate":"https:\/\/medicinasinc.com\/da\/?s={search_term_string}"},"query-input":{"@type":"PropertyValueSpecification","valueRequired":true,"valueName":"search_term_string"}}],"inLanguage":"en-US"}]}},"_links":{"self":[{"href":"https:\/\/medicinasinc.com\/da\/wp-json\/wp\/v2\/product\/5182","targetHints":{"allow":["GET"]}}],"collection":[{"href":"https:\/\/medicinasinc.com\/da\/wp-json\/wp\/v2\/product"}],"about":[{"href":"https:\/\/medicinasinc.com\/da\/wp-json\/wp\/v2\/types\/product"}],"replies":[{"embeddable":true,"href":"https:\/\/medicinasinc.com\/da\/wp-json\/wp\/v2\/comments?post=5182"}],"wp:featuredmedia":[{"embeddable":true,"href":"https:\/\/medicinasinc.com\/da\/wp-json\/wp\/v2\/media\/5199"}],"wp:attachment":[{"href":"https:\/\/medicinasinc.com\/da\/wp-json\/wp\/v2\/media?parent=5182"}],"wp:term":[{"taxonomy":"product_brand","embeddable":true,"href":"https:\/\/medicinasinc.com\/da\/wp-json\/wp\/v2\/product_brand?post=5182"},{"taxonomy":"product_cat","embeddable":true,"href":"https:\/\/medicinasinc.com\/da\/wp-json\/wp\/v2\/product_cat?post=5182"},{"taxonomy":"product_tag","embeddable":true,"href":"https:\/\/medicinasinc.com\/da\/wp-json\/wp\/v2\/product_tag?post=5182"}],"curies":[{"name":"wp","href":"https:\/\/api.w.org\/{rel}","templated":true}]}}