{"id":5149,"date":"2022-02-20T21:05:49","date_gmt":"2022-02-20T21:05:49","guid":{"rendered":"https:\/\/medicinasinc.com\/da\/?post_type=product&#038;p=5149"},"modified":"2022-03-20T00:42:46","modified_gmt":"2022-03-20T00:42:46","slug":"kob-kodein-sulfat-30-mg","status":"publish","type":"product","link":"https:\/\/medicinasinc.com\/da\/product\/kob-kodein-sulfat-30-mg\/","title":{"rendered":"K\u00f8b kodeinsulfat 30 mg"},"content":{"rendered":"<p>onlinek\u00f8b af 30 mg kodeinfosfat<\/p>\n<p>Kodein\u00a0(fosfat)\u00a030 mg\u00a0piller\/tabletter:<\/p>\n<p>Kodein\u00a0(fosfat) kurerer smerter eller hoste. Dette l\u00e6gemiddel er et hoste- og smertestillende middel i \u00e9t og er narkotisk smertestillende.<\/p>\n<p>Du kan k\u00f8be kodeinfosfat 30 mg p\u00e5 internettet og f\u00e5 det leveret natten over til d\u00f8ren via FedEx, uden behov for en recept, som s\u00e5 l\u00e6nge du er i USA.<\/p>\n<p>Codeine Phosphate 30 mg kan k\u00f8bes online med hurtig, sikker og sporbar levering for alle k\u00f8b. Nu er det tid til at k\u00f8be kodeinfosfat online.<\/p>\n<p>Tabletter med kodeinfosfat (30 mg). Kodein er et kraftfuldt smertestillende middel, der kun kan f\u00e5s efter en l\u00e6ges recept. Et potent opiat og narkotikum, der virker godt. Bestil\u00a0..<\/p>\n<p>beroligende medicin s\u00e6lges i h\u00e5ndk\u00f8b P\u00e5 markedet i \u00f8jeblikket. Kodein er et smertestillende middel, der kan bruges til at behandle eller forebygge moderat til alvorligt ubehag. Det kan ogs\u00e5 bruges til at behandle en r\u00e6kke lidelser. Kodein f\u00e5s uden recept til en meget rimelig pris online.<\/p>\n","protected":false},"excerpt":{"rendered":"<p>Kodein\u00a0(fosfat)\u00a030 mg\u00a0piller\/tabletter: Kodein (fosfat) bruges til at lindre hoste og smerter. Dette l\u00e6gemiddel er et hoste- og smertestillende middel i \u00e9t og er narkotisk smertestillende.<\/p>\n<p>Du kan k\u00f8be kodeinfosfat\u00a030 mg p\u00e5 internettet og f\u00e5 det leveret natten over til din d\u00f8r via FedEx uden behov for en recept, som s\u00e5 l\u00e6nge du er i USA.<\/p>\n<p>Codeine Phosphate 30 mg kan k\u00f8bes online med hurtig, sikker og sporbar levering for alle k\u00f8b. Nu er det tid til at k\u00f8be kodeinfosfat online.<\/p>\n<p>Tabletter med kodeinfosfat (30 mg). Kodein er et kraftfuldt smertestillende middel, som kun kan f\u00e5s efter en l\u00e6geordination. Et potent opiat og narkotikum, der virker godt. Bestil\u00a0..<\/p>\n<p>beroligende medicin s\u00e6lges i h\u00e5ndk\u00f8b P\u00e5 markedet i \u00f8jeblikket. Kodein er et smertestillende middel, der kan bruges til at behandle eller forebygge moderat til alvorligt ubehag. Det kan ogs\u00e5 bruges til at behandle en r\u00e6kke lidelser. Kodein f\u00e5s uden recept til en meget rimelig pris online.<\/p>\n","protected":false},"featured_media":5166,"comment_status":"open","ping_status":"closed","template":"","meta":[],"product_brand":[],"product_cat":[1117],"product_tag":[],"class_list":{"0":"post-5149","1":"product","2":"type-product","3":"status-publish","4":"has-post-thumbnail","6":"product_cat-kob-smerte-sove-sex-piller","8":"first","9":"instock","10":"shipping-taxable","11":"purchasable","12":"product-type-variable","13":"has-default-attributes"},"yoast_head":"<!-- This site is optimized with the Yoast SEO plugin v27.3 - https:\/\/yoast.com\/product\/yoast-seo-wordpress\/ -->\n<title>K\u00f8b kodeinsulfat 30 mg - bedste bedste globale medicin<\/title>\n<meta name=\"description\" content=\"K\u00f8b kodeinsulfat 30 mg online, forsendelse natten over, m\u00e6rkevaremedicin, levering via FedEx, DPD Ingen recepter p\u00e5kr\u00e6vet, levering i USA, Storbritannien, Europa.\" \/>\n<meta name=\"robots\" content=\"index, follow, max-snippet:-1, max-image-preview:large, max-video-preview:-1\" \/>\n<link rel=\"canonical\" href=\"https:\/\/medicinasinc.com\/da\/product\/kob-kodein-sulfat-30-mg\/\" \/>\n<meta property=\"og:locale\" content=\"en_US\" \/>\n<meta property=\"og:type\" content=\"article\" \/>\n<meta property=\"og:title\" content=\"K\u00f8b kodeinsulfat 30 mg - bedste bedste globale medicin\" \/>\n<meta property=\"og:description\" content=\"K\u00f8b kodeinsulfat 30 mg online, forsendelse natten over, m\u00e6rkevaremedicin, levering via FedEx, DPD Ingen recepter p\u00e5kr\u00e6vet, levering i USA, Storbritannien, Europa.\" \/>\n<meta property=\"og:url\" content=\"https:\/\/medicinasinc.com\/da\/product\/kob-kodein-sulfat-30-mg\/\" \/>\n<meta property=\"og:site_name\" content=\"Medicinas Inc\" \/>\n<meta property=\"article:modified_time\" content=\"2022-03-20T00:42:46+00:00\" \/>\n<meta property=\"og:image\" content=\"https:\/\/medicinasinc.com\/da\/wp-content\/uploads\/sites\/8\/2022\/02\/buy-codeine-sulfate-30mg-online.jpg\" \/>\n\t<meta property=\"og:image:width\" content=\"600\" \/>\n\t<meta property=\"og:image:height\" content=\"600\" \/>\n\t<meta property=\"og:image:type\" content=\"image\/jpeg\" \/>\n<meta name=\"twitter:card\" content=\"summary_large_image\" \/>\n<meta name=\"twitter:label1\" content=\"Est. reading time\" \/>\n\t<meta name=\"twitter:data1\" content=\"1 minute\" \/>\n<script type=\"application\/ld+json\" class=\"yoast-schema-graph\">{\"@context\":\"https:\\\/\\\/schema.org\",\"@graph\":[{\"@type\":\"WebPage\",\"@id\":\"https:\\\/\\\/medicinasinc.com\\\/da\\\/product\\\/kob-kodein-sulfat-30-mg\\\/\",\"url\":\"https:\\\/\\\/medicinasinc.com\\\/da\\\/product\\\/kob-kodein-sulfat-30-mg\\\/\",\"name\":\"K\u00f8b kodeinsulfat 30 mg - bedste bedste globale medicin\",\"isPartOf\":{\"@id\":\"https:\\\/\\\/medicinasinc.com\\\/da\\\/#website\"},\"primaryImageOfPage\":{\"@id\":\"https:\\\/\\\/medicinasinc.com\\\/da\\\/product\\\/kob-kodein-sulfat-30-mg\\\/#primaryimage\"},\"image\":{\"@id\":\"https:\\\/\\\/medicinasinc.com\\\/da\\\/product\\\/kob-kodein-sulfat-30-mg\\\/#primaryimage\"},\"thumbnailUrl\":\"https:\\\/\\\/medicinasinc.com\\\/da\\\/wp-content\\\/uploads\\\/sites\\\/8\\\/2022\\\/02\\\/buy-codeine-sulfate-30mg-online.jpg\",\"datePublished\":\"2022-02-20T21:05:49+00:00\",\"dateModified\":\"2022-03-20T00:42:46+00:00\",\"description\":\"K\u00f8b kodeinsulfat 30 mg online, forsendelse natten over, m\u00e6rkevaremedicin, levering via FedEx, DPD Ingen recepter p\u00e5kr\u00e6vet, levering i USA, Storbritannien, Europa.\",\"breadcrumb\":{\"@id\":\"https:\\\/\\\/medicinasinc.com\\\/da\\\/product\\\/kob-kodein-sulfat-30-mg\\\/#breadcrumb\"},\"inLanguage\":\"en-US\",\"potentialAction\":[{\"@type\":\"ReadAction\",\"target\":[\"https:\\\/\\\/medicinasinc.com\\\/da\\\/product\\\/kob-kodein-sulfat-30-mg\\\/\"]}]},{\"@type\":\"ImageObject\",\"inLanguage\":\"en-US\",\"@id\":\"https:\\\/\\\/medicinasinc.com\\\/da\\\/product\\\/kob-kodein-sulfat-30-mg\\\/#primaryimage\",\"url\":\"https:\\\/\\\/medicinasinc.com\\\/da\\\/wp-content\\\/uploads\\\/sites\\\/8\\\/2022\\\/02\\\/buy-codeine-sulfate-30mg-online.jpg\",\"contentUrl\":\"https:\\\/\\\/medicinasinc.com\\\/da\\\/wp-content\\\/uploads\\\/sites\\\/8\\\/2022\\\/02\\\/buy-codeine-sulfate-30mg-online.jpg\",\"width\":600,\"height\":600},{\"@type\":\"BreadcrumbList\",\"@id\":\"https:\\\/\\\/medicinasinc.com\\\/da\\\/product\\\/kob-kodein-sulfat-30-mg\\\/#breadcrumb\",\"itemListElement\":[{\"@type\":\"ListItem\",\"position\":1,\"name\":\"Butik\",\"item\":\"https:\\\/\\\/medicinasinc.com\\\/da\\\/butik\\\/\"},{\"@type\":\"ListItem\",\"position\":2,\"name\":\"K\u00f8b kodeinsulfat 30 mg\"}]},{\"@type\":\"WebSite\",\"@id\":\"https:\\\/\\\/medicinasinc.com\\\/da\\\/#website\",\"url\":\"https:\\\/\\\/medicinasinc.com\\\/da\\\/\",\"name\":\"Medicinas Inc\",\"description\":\"Health Medical Clinic\",\"potentialAction\":[{\"@type\":\"SearchAction\",\"target\":{\"@type\":\"EntryPoint\",\"urlTemplate\":\"https:\\\/\\\/medicinasinc.com\\\/da\\\/?s={search_term_string}\"},\"query-input\":{\"@type\":\"PropertyValueSpecification\",\"valueRequired\":true,\"valueName\":\"search_term_string\"}}],\"inLanguage\":\"en-US\"}]}<\/script>\n<!-- \/ Yoast SEO plugin. -->","yoast_head_json":{"title":"K\u00f8b kodeinsulfat 30 mg - bedste bedste globale medicin","description":"K\u00f8b kodeinsulfat 30 mg online, forsendelse natten over, m\u00e6rkevaremedicin, levering via FedEx, DPD Ingen recepter p\u00e5kr\u00e6vet, levering i USA, Storbritannien, Europa.","robots":{"index":"index","follow":"follow","max-snippet":"max-snippet:-1","max-image-preview":"max-image-preview:large","max-video-preview":"max-video-preview:-1"},"canonical":"https:\/\/medicinasinc.com\/da\/product\/kob-kodein-sulfat-30-mg\/","og_locale":"en_US","og_type":"article","og_title":"K\u00f8b kodeinsulfat 30 mg - bedste bedste globale medicin","og_description":"K\u00f8b kodeinsulfat 30 mg online, forsendelse natten over, m\u00e6rkevaremedicin, levering via FedEx, DPD Ingen recepter p\u00e5kr\u00e6vet, levering i USA, Storbritannien, Europa.","og_url":"https:\/\/medicinasinc.com\/da\/product\/kob-kodein-sulfat-30-mg\/","og_site_name":"Medicinas Inc","article_modified_time":"2022-03-20T00:42:46+00:00","og_image":[{"width":600,"height":600,"url":"https:\/\/medicinasinc.com\/da\/wp-content\/uploads\/sites\/8\/2022\/02\/buy-codeine-sulfate-30mg-online.jpg","type":"image\/jpeg"}],"twitter_card":"summary_large_image","twitter_misc":{"Est. reading time":"1 minute"},"schema":{"@context":"https:\/\/schema.org","@graph":[{"@type":"WebPage","@id":"https:\/\/medicinasinc.com\/da\/product\/kob-kodein-sulfat-30-mg\/","url":"https:\/\/medicinasinc.com\/da\/product\/kob-kodein-sulfat-30-mg\/","name":"K\u00f8b kodeinsulfat 30 mg - bedste bedste globale medicin","isPartOf":{"@id":"https:\/\/medicinasinc.com\/da\/#website"},"primaryImageOfPage":{"@id":"https:\/\/medicinasinc.com\/da\/product\/kob-kodein-sulfat-30-mg\/#primaryimage"},"image":{"@id":"https:\/\/medicinasinc.com\/da\/product\/kob-kodein-sulfat-30-mg\/#primaryimage"},"thumbnailUrl":"https:\/\/medicinasinc.com\/da\/wp-content\/uploads\/sites\/8\/2022\/02\/buy-codeine-sulfate-30mg-online.jpg","datePublished":"2022-02-20T21:05:49+00:00","dateModified":"2022-03-20T00:42:46+00:00","description":"K\u00f8b kodeinsulfat 30 mg online, forsendelse natten over, m\u00e6rkevaremedicin, levering via FedEx, DPD Ingen recepter p\u00e5kr\u00e6vet, levering i USA, Storbritannien, Europa.","breadcrumb":{"@id":"https:\/\/medicinasinc.com\/da\/product\/kob-kodein-sulfat-30-mg\/#breadcrumb"},"inLanguage":"en-US","potentialAction":[{"@type":"ReadAction","target":["https:\/\/medicinasinc.com\/da\/product\/kob-kodein-sulfat-30-mg\/"]}]},{"@type":"ImageObject","inLanguage":"en-US","@id":"https:\/\/medicinasinc.com\/da\/product\/kob-kodein-sulfat-30-mg\/#primaryimage","url":"https:\/\/medicinasinc.com\/da\/wp-content\/uploads\/sites\/8\/2022\/02\/buy-codeine-sulfate-30mg-online.jpg","contentUrl":"https:\/\/medicinasinc.com\/da\/wp-content\/uploads\/sites\/8\/2022\/02\/buy-codeine-sulfate-30mg-online.jpg","width":600,"height":600},{"@type":"BreadcrumbList","@id":"https:\/\/medicinasinc.com\/da\/product\/kob-kodein-sulfat-30-mg\/#breadcrumb","itemListElement":[{"@type":"ListItem","position":1,"name":"Butik","item":"https:\/\/medicinasinc.com\/da\/butik\/"},{"@type":"ListItem","position":2,"name":"K\u00f8b kodeinsulfat 30 mg"}]},{"@type":"WebSite","@id":"https:\/\/medicinasinc.com\/da\/#website","url":"https:\/\/medicinasinc.com\/da\/","name":"Medicinas Inc","description":"Health Medical Clinic","potentialAction":[{"@type":"SearchAction","target":{"@type":"EntryPoint","urlTemplate":"https:\/\/medicinasinc.com\/da\/?s={search_term_string}"},"query-input":{"@type":"PropertyValueSpecification","valueRequired":true,"valueName":"search_term_string"}}],"inLanguage":"en-US"}]}},"_links":{"self":[{"href":"https:\/\/medicinasinc.com\/da\/wp-json\/wp\/v2\/product\/5149","targetHints":{"allow":["GET"]}}],"collection":[{"href":"https:\/\/medicinasinc.com\/da\/wp-json\/wp\/v2\/product"}],"about":[{"href":"https:\/\/medicinasinc.com\/da\/wp-json\/wp\/v2\/types\/product"}],"replies":[{"embeddable":true,"href":"https:\/\/medicinasinc.com\/da\/wp-json\/wp\/v2\/comments?post=5149"}],"wp:featuredmedia":[{"embeddable":true,"href":"https:\/\/medicinasinc.com\/da\/wp-json\/wp\/v2\/media\/5166"}],"wp:attachment":[{"href":"https:\/\/medicinasinc.com\/da\/wp-json\/wp\/v2\/media?parent=5149"}],"wp:term":[{"taxonomy":"product_brand","embeddable":true,"href":"https:\/\/medicinasinc.com\/da\/wp-json\/wp\/v2\/product_brand?post=5149"},{"taxonomy":"product_cat","embeddable":true,"href":"https:\/\/medicinasinc.com\/da\/wp-json\/wp\/v2\/product_cat?post=5149"},{"taxonomy":"product_tag","embeddable":true,"href":"https:\/\/medicinasinc.com\/da\/wp-json\/wp\/v2\/product_tag?post=5149"}],"curies":[{"name":"wp","href":"https:\/\/api.w.org\/{rel}","templated":true}]}}