{"id":5148,"date":"2022-02-20T21:04:44","date_gmt":"2022-02-20T21:04:44","guid":{"rendered":"https:\/\/medicinasinc.com\/da\/?post_type=product&#038;p=5148"},"modified":"2022-03-20T00:42:54","modified_gmt":"2022-03-20T00:42:54","slug":"kob-bunex-0-2mg-buprenorphin","status":"publish","type":"product","link":"https:\/\/medicinasinc.com\/da\/product\/kob-bunex-0-2mg-buprenorphin\/","title":{"rendered":"K\u00f8b Bunex 0,2mg (Buprenorphine)"},"content":{"rendered":"<p>Bunex Buprenorphine piller kan k\u00f8bes over internettet.<\/p>\n<p>Hvor kan jeg f\u00e5 Buprenorphine? Hvor kan jeg f\u00e5 buprenorphin i h\u00e5ndk\u00f8b?<\/p>\n<p>Det er et semisyntetisk smertestillende middel udviklet af den naturligt forekommende opiumsvalmues kemiske forbindelser. Opiumsvalmuen er kilden til kemikaliet thebain, som bruges til at lave buprenorphin. Fordi buprenorphin er semisyntetisk, er det et syntetisk opioid. Alle l\u00e6gemidler, der stammer fra opiumsvalmuen, omtales som opioider i det medicinske samfund. Opioider er blandt de mest effektive smertestillende midler, der findes, med virkninger, der er langt st\u00f8rre end de fleste andre l\u00e6gemidler.<\/p>\n<p>I hvilken forstand virker stoffet Buprenorphine? Hvor kan man k\u00f8be buprenorphin<\/p>\n<p>Efter at v\u00e6re blevet absorberet i blodbanen har buprenorphin en effekt p\u00e5 nervesystemet. Dette sker, n\u00e5r buprenorphin kommer ind i hjernen, hvor det blokerer nerveenderne, der overf\u00f8rer smerte. Buprenorphin behandler ikke den underliggende \u00e5rsag til patientens ubehag; snarere reducerer det deres opfattelse af det, s\u00e5 de kan slappe af.<\/p>\n<p>Folk f\u00e5r regelm\u00e6ssigt ordineret buprenorphin. Smerter fra muskelspasmer er den mest almindelige \u00e5rsag til, at folk tager buprenorphin. Hvis du nogensinde oplever en spasme, s\u00e5 overvej at k\u00f8be buprenorphin for at se, om det kan hj\u00e6lpe dig med at klare ubehaget.<br \/> Patienter, der har gennemg\u00e5et en operation eller klare brud, f\u00e5r typisk ordineret buprenorphin af l\u00e6ger. Buprenorphin hj\u00e6lper disse personer med at h\u00e5ndtere deres smerter, indtil de er helet fra den underliggende kilde til deres ubehag.<\/p>\n<p>I hvilken forstand virker stoffet Buprenorphine? Hvor kan man k\u00f8be buprenorphin<\/p>\n<p>En persons niveau af ubehag og mental styrke har stor indflydelse p\u00e5 doseringen af \u200b\u200bbuprenorphin. Typisk skal en lav dosis p\u00e5 8 mg pr\u00f8ves f\u00f8rst, og hvis det ikke virker, b\u00f8r en h\u00f8jere dosis p\u00e5 16 mg fors\u00f8ges. Buprenorphin kan \u00f8ges til 24 mg, selvom 16 mg er ineffektivt. Generelt, hvis du planl\u00e6gger at k\u00f8be buprenorphin online uden recept, skal du ikke g\u00e5 ud over denne anbefalede dosis.<\/p>\n<p>I hvilken forstand virker stoffet Buprenorphine? Hvor kan man k\u00f8be Buprenorphine<\/p>\n<p>For gravide kvinder er Buprenorphine ikke en egnet behandling, fordi det har en betydelig indvirkning p\u00e5 kvinders reproduktive systemer. At tage buprenorphin kan v\u00e6re farligt for nogle mennesker, der er f\u00f8lsomme over for opioider. P\u00e5 grund af farerne ved at bruge buprenorphin til kr\u00e6ftpatienter b\u00f8r de konsultere en l\u00e6ge, f\u00f8r de k\u00f8ber buprenorphin online.<\/p>\n<p>Ud over d\u00f8sighed, dovenskab, svimmelhed, hovedpine og kvalme kan buprenorphin for\u00e5rsage en r\u00e6kke andre bivirkninger . Ud over dette kan nogle mennesker opleve en \u00e6ndring i deres f\u00f8lesans, i hvilket tilf\u00e6lde de b\u00f8r s\u00f8ge l\u00e6gehj\u00e6lp.<\/p>\n<p>Virkningen af \u200b\u200bBuprenorphine<br \/> Buprenorphines anvendelser<br \/> Bivirkninger p\u00e5 Buprenorphin Symptomer p\u00e5 buprenorphin afh\u00e6ngighed<\/p>\n","protected":false},"excerpt":{"rendered":"<p>K\u00f8b Bunex 0.2mg (Buprenorphine) til salg UK, EU online fra Bestglobalmeds.com.com apotek til billige og overkommelige priser med sikker og hurtig forsendelse<\/p>\n<p>K\u00f8b Bunex 0.2mg (Buprenorphine) online &#8211; Fra Bestglobalmeds.com.com onlineapotek til billige og overkommelige priser med sikker og hurtig forsendelse.Kontakt os p\u00e5 info@bestglobalmeds.com<\/p>\n<p>K\u00f8b Bunex 0.2mg (Buprenorphine) online<\/p>\n<p>Bunex 0.2 mg (Buprenorphin) priser online<\/p>\n<p>Bunex 0,2mg (Buprenorphine) priser<\/p>\n<p>&nbsp;<\/p>\n<p>k\u00f8b Bunex 0,2mg (Buprenorphine)<\/p>\n","protected":false},"featured_media":5164,"comment_status":"open","ping_status":"closed","template":"","meta":[],"product_brand":[],"product_cat":[1117],"product_tag":[1240,1237,1238,1239,1241,1242,1243,1245,1244,1246],"class_list":{"0":"post-5148","1":"product","2":"type-product","3":"status-publish","4":"has-post-thumbnail","6":"product_cat-kob-smerte-sove-sex-piller","7":"product_tag-bunex-buprenorphine-0-2mg-by-safe-pharma","8":"product_tag-bunex-buprenorphin-0-20mg","9":"product_tag-bunex-buprenorphine-0-20mg-og-steroider","10":"product_tag-bunex-buprenorphine-0-20mg-online","11":"product_tag-bunex-buprenorphin-8mg","12":"product_tag-bunex-buprenorphine-online","13":"product_tag-bunex-buprenorphin","14":"product_tag-cbt-pharmaceuticals-shop-pain-killers-bunex-buprenorphine-20-mg","15":"product_tag-kb-buprenorphin-bunex-0-20mg","16":"product_tag-tramapartramadol-hcl-paracetamol-pris-3-kb-online-bunexbuprenorphin","18":"first","19":"instock","20":"shipping-taxable","21":"purchasable","22":"product-type-variable","23":"has-default-attributes"},"yoast_head":"<!-- This site is optimized with the Yoast SEO plugin v27.3 - https:\/\/yoast.com\/product\/yoast-seo-wordpress\/ -->\n<title>K\u00f8b Bunex 0,2mg (Buprenorphine) - Researchem<\/title>\n<meta name=\"description\" content=\"K\u00f8b Bunex 0.2mg (Buprenorphine) til salg UK, EU online fra Bestglobalmeds.com.com apotek til billige og overkommelige priser med sikker og hurtig forsendelse\" \/>\n<meta name=\"robots\" content=\"index, follow, max-snippet:-1, max-image-preview:large, max-video-preview:-1\" \/>\n<link rel=\"canonical\" href=\"https:\/\/medicinasinc.com\/da\/product\/kob-bunex-0-2mg-buprenorphin\/\" \/>\n<meta property=\"og:locale\" content=\"en_US\" \/>\n<meta property=\"og:type\" content=\"article\" \/>\n<meta property=\"og:title\" content=\"K\u00f8b Bunex 0,2mg (Buprenorphine) - Researchem\" \/>\n<meta property=\"og:description\" content=\"K\u00f8b Bunex 0.2mg (Buprenorphine) til salg UK, EU online fra Bestglobalmeds.com.com apotek til billige og overkommelige priser med sikker og hurtig forsendelse\" \/>\n<meta property=\"og:url\" content=\"https:\/\/medicinasinc.com\/da\/product\/kob-bunex-0-2mg-buprenorphin\/\" \/>\n<meta property=\"og:site_name\" content=\"Medicinas Inc\" \/>\n<meta property=\"article:modified_time\" content=\"2022-03-20T00:42:54+00:00\" \/>\n<meta property=\"og:image\" content=\"https:\/\/medicinasinc.com\/da\/wp-content\/uploads\/sites\/8\/2022\/02\/Buy-Bunex-0.2mg.jpg\" \/>\n\t<meta property=\"og:image:width\" content=\"600\" \/>\n\t<meta property=\"og:image:height\" content=\"600\" \/>\n\t<meta property=\"og:image:type\" content=\"image\/jpeg\" \/>\n<meta name=\"twitter:card\" content=\"summary_large_image\" \/>\n<meta name=\"twitter:label1\" content=\"Est. reading time\" \/>\n\t<meta name=\"twitter:data1\" content=\"2 minutes\" \/>\n<script type=\"application\/ld+json\" class=\"yoast-schema-graph\">{\"@context\":\"https:\\\/\\\/schema.org\",\"@graph\":[{\"@type\":\"WebPage\",\"@id\":\"https:\\\/\\\/medicinasinc.com\\\/da\\\/product\\\/kob-bunex-0-2mg-buprenorphin\\\/\",\"url\":\"https:\\\/\\\/medicinasinc.com\\\/da\\\/product\\\/kob-bunex-0-2mg-buprenorphin\\\/\",\"name\":\"K\u00f8b Bunex 0,2mg (Buprenorphine) - Researchem\",\"isPartOf\":{\"@id\":\"https:\\\/\\\/medicinasinc.com\\\/da\\\/#website\"},\"primaryImageOfPage\":{\"@id\":\"https:\\\/\\\/medicinasinc.com\\\/da\\\/product\\\/kob-bunex-0-2mg-buprenorphin\\\/#primaryimage\"},\"image\":{\"@id\":\"https:\\\/\\\/medicinasinc.com\\\/da\\\/product\\\/kob-bunex-0-2mg-buprenorphin\\\/#primaryimage\"},\"thumbnailUrl\":\"https:\\\/\\\/medicinasinc.com\\\/da\\\/wp-content\\\/uploads\\\/sites\\\/8\\\/2022\\\/02\\\/Buy-Bunex-0.2mg.jpg\",\"datePublished\":\"2022-02-20T21:04:44+00:00\",\"dateModified\":\"2022-03-20T00:42:54+00:00\",\"description\":\"K\u00f8b Bunex 0.2mg (Buprenorphine) til salg UK, EU online fra Bestglobalmeds.com.com apotek til billige og overkommelige priser med sikker og hurtig forsendelse\",\"breadcrumb\":{\"@id\":\"https:\\\/\\\/medicinasinc.com\\\/da\\\/product\\\/kob-bunex-0-2mg-buprenorphin\\\/#breadcrumb\"},\"inLanguage\":\"en-US\",\"potentialAction\":[{\"@type\":\"ReadAction\",\"target\":[\"https:\\\/\\\/medicinasinc.com\\\/da\\\/product\\\/kob-bunex-0-2mg-buprenorphin\\\/\"]}]},{\"@type\":\"ImageObject\",\"inLanguage\":\"en-US\",\"@id\":\"https:\\\/\\\/medicinasinc.com\\\/da\\\/product\\\/kob-bunex-0-2mg-buprenorphin\\\/#primaryimage\",\"url\":\"https:\\\/\\\/medicinasinc.com\\\/da\\\/wp-content\\\/uploads\\\/sites\\\/8\\\/2022\\\/02\\\/Buy-Bunex-0.2mg.jpg\",\"contentUrl\":\"https:\\\/\\\/medicinasinc.com\\\/da\\\/wp-content\\\/uploads\\\/sites\\\/8\\\/2022\\\/02\\\/Buy-Bunex-0.2mg.jpg\",\"width\":600,\"height\":600},{\"@type\":\"BreadcrumbList\",\"@id\":\"https:\\\/\\\/medicinasinc.com\\\/da\\\/product\\\/kob-bunex-0-2mg-buprenorphin\\\/#breadcrumb\",\"itemListElement\":[{\"@type\":\"ListItem\",\"position\":1,\"name\":\"Butik\",\"item\":\"https:\\\/\\\/medicinasinc.com\\\/da\\\/butik\\\/\"},{\"@type\":\"ListItem\",\"position\":2,\"name\":\"K\u00f8b Bunex 0,2mg (Buprenorphine)\"}]},{\"@type\":\"WebSite\",\"@id\":\"https:\\\/\\\/medicinasinc.com\\\/da\\\/#website\",\"url\":\"https:\\\/\\\/medicinasinc.com\\\/da\\\/\",\"name\":\"Medicinas Inc\",\"description\":\"Health Medical Clinic\",\"potentialAction\":[{\"@type\":\"SearchAction\",\"target\":{\"@type\":\"EntryPoint\",\"urlTemplate\":\"https:\\\/\\\/medicinasinc.com\\\/da\\\/?s={search_term_string}\"},\"query-input\":{\"@type\":\"PropertyValueSpecification\",\"valueRequired\":true,\"valueName\":\"search_term_string\"}}],\"inLanguage\":\"en-US\"}]}<\/script>\n<!-- \/ Yoast SEO plugin. -->","yoast_head_json":{"title":"K\u00f8b Bunex 0,2mg (Buprenorphine) - Researchem","description":"K\u00f8b Bunex 0.2mg (Buprenorphine) til salg UK, EU online fra Bestglobalmeds.com.com apotek til billige og overkommelige priser med sikker og hurtig forsendelse","robots":{"index":"index","follow":"follow","max-snippet":"max-snippet:-1","max-image-preview":"max-image-preview:large","max-video-preview":"max-video-preview:-1"},"canonical":"https:\/\/medicinasinc.com\/da\/product\/kob-bunex-0-2mg-buprenorphin\/","og_locale":"en_US","og_type":"article","og_title":"K\u00f8b Bunex 0,2mg (Buprenorphine) - Researchem","og_description":"K\u00f8b Bunex 0.2mg (Buprenorphine) til salg UK, EU online fra Bestglobalmeds.com.com apotek til billige og overkommelige priser med sikker og hurtig forsendelse","og_url":"https:\/\/medicinasinc.com\/da\/product\/kob-bunex-0-2mg-buprenorphin\/","og_site_name":"Medicinas Inc","article_modified_time":"2022-03-20T00:42:54+00:00","og_image":[{"width":600,"height":600,"url":"https:\/\/medicinasinc.com\/da\/wp-content\/uploads\/sites\/8\/2022\/02\/Buy-Bunex-0.2mg.jpg","type":"image\/jpeg"}],"twitter_card":"summary_large_image","twitter_misc":{"Est. reading time":"2 minutes"},"schema":{"@context":"https:\/\/schema.org","@graph":[{"@type":"WebPage","@id":"https:\/\/medicinasinc.com\/da\/product\/kob-bunex-0-2mg-buprenorphin\/","url":"https:\/\/medicinasinc.com\/da\/product\/kob-bunex-0-2mg-buprenorphin\/","name":"K\u00f8b Bunex 0,2mg (Buprenorphine) - Researchem","isPartOf":{"@id":"https:\/\/medicinasinc.com\/da\/#website"},"primaryImageOfPage":{"@id":"https:\/\/medicinasinc.com\/da\/product\/kob-bunex-0-2mg-buprenorphin\/#primaryimage"},"image":{"@id":"https:\/\/medicinasinc.com\/da\/product\/kob-bunex-0-2mg-buprenorphin\/#primaryimage"},"thumbnailUrl":"https:\/\/medicinasinc.com\/da\/wp-content\/uploads\/sites\/8\/2022\/02\/Buy-Bunex-0.2mg.jpg","datePublished":"2022-02-20T21:04:44+00:00","dateModified":"2022-03-20T00:42:54+00:00","description":"K\u00f8b Bunex 0.2mg (Buprenorphine) til salg UK, EU online fra Bestglobalmeds.com.com apotek til billige og overkommelige priser med sikker og hurtig forsendelse","breadcrumb":{"@id":"https:\/\/medicinasinc.com\/da\/product\/kob-bunex-0-2mg-buprenorphin\/#breadcrumb"},"inLanguage":"en-US","potentialAction":[{"@type":"ReadAction","target":["https:\/\/medicinasinc.com\/da\/product\/kob-bunex-0-2mg-buprenorphin\/"]}]},{"@type":"ImageObject","inLanguage":"en-US","@id":"https:\/\/medicinasinc.com\/da\/product\/kob-bunex-0-2mg-buprenorphin\/#primaryimage","url":"https:\/\/medicinasinc.com\/da\/wp-content\/uploads\/sites\/8\/2022\/02\/Buy-Bunex-0.2mg.jpg","contentUrl":"https:\/\/medicinasinc.com\/da\/wp-content\/uploads\/sites\/8\/2022\/02\/Buy-Bunex-0.2mg.jpg","width":600,"height":600},{"@type":"BreadcrumbList","@id":"https:\/\/medicinasinc.com\/da\/product\/kob-bunex-0-2mg-buprenorphin\/#breadcrumb","itemListElement":[{"@type":"ListItem","position":1,"name":"Butik","item":"https:\/\/medicinasinc.com\/da\/butik\/"},{"@type":"ListItem","position":2,"name":"K\u00f8b Bunex 0,2mg (Buprenorphine)"}]},{"@type":"WebSite","@id":"https:\/\/medicinasinc.com\/da\/#website","url":"https:\/\/medicinasinc.com\/da\/","name":"Medicinas Inc","description":"Health Medical Clinic","potentialAction":[{"@type":"SearchAction","target":{"@type":"EntryPoint","urlTemplate":"https:\/\/medicinasinc.com\/da\/?s={search_term_string}"},"query-input":{"@type":"PropertyValueSpecification","valueRequired":true,"valueName":"search_term_string"}}],"inLanguage":"en-US"}]}},"_links":{"self":[{"href":"https:\/\/medicinasinc.com\/da\/wp-json\/wp\/v2\/product\/5148","targetHints":{"allow":["GET"]}}],"collection":[{"href":"https:\/\/medicinasinc.com\/da\/wp-json\/wp\/v2\/product"}],"about":[{"href":"https:\/\/medicinasinc.com\/da\/wp-json\/wp\/v2\/types\/product"}],"replies":[{"embeddable":true,"href":"https:\/\/medicinasinc.com\/da\/wp-json\/wp\/v2\/comments?post=5148"}],"wp:featuredmedia":[{"embeddable":true,"href":"https:\/\/medicinasinc.com\/da\/wp-json\/wp\/v2\/media\/5164"}],"wp:attachment":[{"href":"https:\/\/medicinasinc.com\/da\/wp-json\/wp\/v2\/media?parent=5148"}],"wp:term":[{"taxonomy":"product_brand","embeddable":true,"href":"https:\/\/medicinasinc.com\/da\/wp-json\/wp\/v2\/product_brand?post=5148"},{"taxonomy":"product_cat","embeddable":true,"href":"https:\/\/medicinasinc.com\/da\/wp-json\/wp\/v2\/product_cat?post=5148"},{"taxonomy":"product_tag","embeddable":true,"href":"https:\/\/medicinasinc.com\/da\/wp-json\/wp\/v2\/product_tag?post=5148"}],"curies":[{"name":"wp","href":"https:\/\/api.w.org\/{rel}","templated":true}]}}