{"id":5125,"date":"2022-02-20T20:43:45","date_gmt":"2022-02-20T20:43:45","guid":{"rendered":"https:\/\/medicinasinc.com\/da\/?post_type=product&#038;p=5125"},"modified":"2022-03-20T00:43:03","modified_gmt":"2022-03-20T00:43:03","slug":"buy-ativan-0-5mg-1mg-2mg","status":"publish","type":"product","link":"https:\/\/medicinasinc.com\/da\/product\/buy-ativan-0-5mg-1mg-2mg\/","title":{"rendered":"K\u00f8b Ativan 0,5mg, 1mg, 2mg"},"content":{"rendered":"<p>Det bedste sted at k\u00f8be Ativan er p\u00e5 internettet. Pr\u00e6cis hvad er Lorazepam, og hvordan virker det?<br \/> Klik her for at k\u00f8be Ativan online. Benzodiazepinerne, som lorazepam er medlem af, er en klasse af medicin. Ved at \u00f8ge aktiviteten af \u200b\u200bbestemte neurotransmittere i hjernen, menes lorazepam at v\u00e6re effektivt.<\/p>\n<p>For at lindre angst og anfald ordineres lorazepam.<\/p>\n<p>K\u00f8b af lorazepam p\u00e5 internettet eller fra en kilde uden for USA er fyldt med fare. Medicin, der s\u00e6lges og distribueres i andre lande end USA, opfylder ikke FDAs krav om sikker brug (FDA). Det er muligt, at disse piller ikke kommer fra et lovligt apotek eller indeholder skadelige stoffer.<\/p>\n<p>L\u00e6s dette omhyggeligt.<br \/> Hvis du har myasthenia gravis, sn\u00e6vervinklet glaukom, alvorlig respiratorisk insufficiens eller en allergi over for Valium eller en tilsvarende medicin, b\u00f8r du undg\u00e5 at tage lorazepam.<\/p>\n<p>Medikamentet lorazepam b\u00f8r ikke tages af kvinder, der er gravide. N\u00e5r den administreres til en baby, har denne medicin potentiale til at fremkalde alvorlige f\u00f8dselsabnormaliteter eller livstruende abstinenssymptomer.<\/p>\n<p>Kun dem, der f\u00e5r Lorazepam, b\u00f8r tage det, da det kan v\u00e6re vanedannende. Stofmisbrug kan f\u00f8re til afh\u00e6ngighed, overdosis eller d\u00f8d, hvis medicinen misbruges p\u00e5 nogen m\u00e5de. Enhver med en historie med stofmisbrug eller afh\u00e6ngighed b\u00f8r aldrig f\u00e5 denne medicin. S\u00f8rg for, at medicinen opbevares et sikkert sted, hvor andre ikke kan f\u00e5 adgang til det.<\/p>\n<p>Hvis du bruger lorazepam sammen med alkohol, opioider eller anden medicin, der g\u00f8r dig d\u00f8sig eller bremser din vejrtr\u00e6kning, kan du opleve d\u00f8delig udgang bivirkninger.<\/p>\n<p>F\u00f8r du bruger nogen form for medicin, bedes du kontakte din l\u00e6ge.<br \/> f\u00f8lgende forhold n\u00f8dvendigg\u00f8r \u00f8jeblikkelig afbrydelse af behandlingen med lorazepam<\/p>\n<p>gr\u00f8n st\u00e6r med en sn\u00e6ver vinkel; eller<\/p>\n<p>En historie med benzodiazepinallergier (diazepam, alprazolam, Ativan, Klonopin, Restoril, Tranxene, Valium, Versed, Xanax og andre).<\/p>\n<p>Hvis du har nogen af \u200b\u200bf\u00f8lgende forhold, b\u00f8r du ikke tage lorazepam:<\/p>\n<p>KOL (kronisk obstruktiv lungesygdom) eller s\u00f8vnapn\u00f8 (vejrtr\u00e6kning, der holder pause, mens du sover) er eksempler p\u00e5 vejrtr\u00e6kningsproblemer.<\/p>\n<p>afh\u00e6ngighed af stoffer eller alkohol <\/p>\n<p>symptomer p\u00e5 tristhed, lavt hum\u00f8r eller selvmordstanker eller -handling<\/p>\n<p>sygdom i nyrer eller lever<\/p>\n<p>ufrivillige kramper<\/p>\n<p>gr\u00f8n st\u00e6r. <\/p>\n<p>Brug af lorazepam, mens du er gravid, \u00f8ger risikoen for, at dit barn bliver afh\u00e6ngig af medicinen. Efter f\u00f8dslen kan den nyf\u00f8dte opleve livstruende abstinenssymptomer som f\u00f8lge heraf. L\u00e6gehj\u00e6lp kan v\u00e6re p\u00e5kr\u00e6vet i flere uger for babyer f\u00f8dt afh\u00e6ngige af vanedannende stoffer.<\/p>\n<p>Beh\u00f8ver jeg at tage lorazepam p\u00e5 en bestemt m\u00e5de?<br \/> Lorazepam skal bruges n\u00f8jagtigt som foreskrevet. L\u00e6s alle l\u00e6gemiddelanbefalinger og instruktioner p\u00e5 receptetiketten. F\u00f8lg altid din l\u00e6ges anvisninger, n\u00e5r du tager lorazepam. Jo mere du bruger denne medicin, jo mere sandsynligt er det, at du bliver n\u00f8dt til at fort\u00e6lle det til din l\u00e6ge.<\/p>\n<p>Lorazepam kan v\u00e6re vanedannende. Misbrug kan f\u00f8re til afh\u00e6ngighed, overdosis eller endda d\u00f8d. Bortskaf medicinen p\u00e5 et omr\u00e5de uden for andres r\u00e6kkevidde. Det er en forbrydelse at distribuere eller s\u00e6lge denne medicin.<\/p>\n<p>M\u00e5l flydende medicin med omhu. Anskaf et dosism\u00e5leinstrument, eller brug den medf\u00f8lgende spr\u00f8jte (ikke en k\u00f8kkenske).<\/p>\n<p>Medmindre andet er bestemt af din l\u00e6ge, m\u00e5 du ikke tage lorazepam i mere end fire m\u00e5neder ad gangen. Kontakt din l\u00e6ge, hvis dine symptomer ikke forbedres eller forv\u00e6rres.<\/p>\n<p>N\u00e5r du tager denne medicin p\u00e5 l\u00e6ngere sigt, kan du kr\u00e6ve regelm\u00e6ssige l\u00e6geunders\u00f8gelser.<\/p>\n<p>Hvis du pludselig stopper tager denne medicin, risikerer du at opleve ubehagelige bivirkninger. Lav en aftale med din l\u00e6ge for at l\u00e6re, hvordan du stopper med at tage denne medicin.<\/p>\n<p>Uds\u00e6t ikke for fugt eller h\u00f8je temperaturer; opbevares ved stuetemperatur.<\/p>\n<p>Opbevar lorazepam v\u00e6ske p\u00e5 k\u00f8l til langtidsopbevaring. Behold ikke v\u00e6sker, der ikke er blevet brugt inden for 90 dage.<\/p>\n<p>Bevar en fortegnelse over din medicin. Du b\u00f8r holde \u00f8je med nogen, der misbruger eller misbruger det.<\/p>\n","protected":false},"excerpt":{"rendered":"<p>Lorazepam 0,5 mg, 1 mg, 2 mg onlinepriser, k\u00f8b ativan 2mg online, k\u00f8b Lorazepam-tabletter online.<\/p>\n<p>Tramadol 50mg h\u00f8j onlinepris p\u00e5 lorazepam (Ativan) 2mg tablet. Det bruges ogs\u00e5 til behandling af angst.<\/p>\n<p>piller\/tabletter af Lorazepam (Ativan) 2mg<\/p>\n<p>Angst, tristhed og s\u00f8vnl\u00f8shed er alle almindelige bivirkninger af angstmedicinen Ativan ( Lorazepam) (besv\u00e6r med at sove). Det er en slags benzodiazepin.<\/p>\n<p>Uden recept kan du k\u00f8be Lorazepam 2 mg tabletter online (ingen RX).<\/p>\n","protected":false},"featured_media":5144,"comment_status":"open","ping_status":"closed","template":"","meta":[],"product_brand":[],"product_cat":[1117],"product_tag":[1197,1195,1198,1196,1199,1200,1201,1202,1204,1203,1205,1207,1206,1209,1208,1210,1211,1212,1213,1214,1215,1219,1220,1221,1216,1217,1218,1223,1222,1225,1236,1233,1234,1235,1226,1224,1227,1228,1229,1230,1231,1232],"class_list":{"0":"post-5125","1":"product","2":"type-product","3":"status-publish","4":"has-post-thumbnail","6":"product_cat-kob-smerte-sove-sex-piller","7":"product_tag-ativan-1-tab","8":"product_tag-ativan-1-mg-sublinguale-tabletter","9":"product_tag-ativan-1mg-tablet-dosis","10":"product_tag-ativan-1-mg-tabletter","11":"product_tag-ativan-1mg-tablet-bivirkninger","12":"product_tag-ativan-2-mg-tabletter","13":"product_tag-ativan-2-tab","14":"product_tag-ativan-2-5-mg-pris","15":"product_tag-ativan-2mg-bivirkninger","16":"product_tag-ativan-2mg-pille","17":"product_tag-ativan-2mg-tablet","18":"product_tag-ativan-2mg-tablet-online-order-amazon","19":"product_tag-ativan-2mg-tablet-p-nr","20":"product_tag-ativan-apotek","21":"product_tag-ativan-dosering-2mg","22":"product_tag-ativan-tab-0-5-mg","23":"product_tag-ativan-tab-1mg","24":"product_tag-ativan-tab-1mg-50","25":"product_tag-ativan-tab-1mg-pris","26":"product_tag-ativan-tablet","27":"product_tag-ativan-tablet-0-5mg","28":"product_tag-ativan-tablets-buy","29":"product_tag-ativan-tablets-dosage","30":"product_tag-ativan-tablets-sublingual","31":"product_tag-ativan-tabletter-1mg","32":"product_tag-ativan-tabletter-2-5-mg","33":"product_tag-ativan-tablets-australien","34":"product_tag-ativan-tablet-anvendelser","35":"product_tag-ativan-tablets-dk","36":"product_tag-can-ativan-tabletter-knuses","37":"product_tag-hvad-bruges-ativan-tablets-til","38":"product_tag-hvad-er-ativan-tablets-til","39":"product_tag-hvordan-ligner-ativan-tabletter","40":"product_tag-hvordan-ligner-ativan-tablets","41":"product_tag-can-ativan-tabletter-injiceres","42":"product_tag-kb-ativan-online","43":"product_tag-lorazepam-2-mg-tablet-online-levering","44":"product_tag-lorazepam-tablets-ativan-2mg","45":"product_tag-pfizer-tablet-2mg","46":"product_tag-tab-ativan-1","47":"product_tag-tab-ativan-1mg-bruger-p-hindi","48":"product_tag-tivan-2mg-tablet","50":"first","51":"instock","52":"shipping-taxable","53":"purchasable","54":"product-type-variable"},"yoast_head":"<!-- This site is optimized with the Yoast SEO plugin v27.3 - https:\/\/yoast.com\/product\/yoast-seo-wordpress\/ -->\n<title>K\u00f8b Ativan 2mg - K\u00f8b Ativan 1mg - K\u00f8b Ativan 0,5mg - Bedste globale medicin<\/title>\n<meta name=\"description\" content=\"K\u00f8b Lorazepam-tabletter online, k\u00f8b Lorazepam online, k\u00f8b Ativan online, Lorazepam 0,5 mg, 1 mg, 2 mg onlinepriser,\u00a0k\u00f8b ativan 2mg\u00a0online UK, Europa\" \/>\n<meta name=\"robots\" content=\"index, follow, max-snippet:-1, max-image-preview:large, max-video-preview:-1\" \/>\n<link rel=\"canonical\" href=\"https:\/\/medicinasinc.com\/da\/product\/buy-ativan-0-5mg-1mg-2mg\/\" \/>\n<meta property=\"og:locale\" content=\"en_US\" \/>\n<meta property=\"og:type\" content=\"article\" \/>\n<meta property=\"og:title\" content=\"K\u00f8b Ativan 2mg - K\u00f8b Ativan 1mg - K\u00f8b Ativan 0,5mg - Bedste globale medicin\" \/>\n<meta property=\"og:description\" content=\"K\u00f8b Lorazepam-tabletter online, k\u00f8b Lorazepam online, k\u00f8b Ativan online, Lorazepam 0,5 mg, 1 mg, 2 mg onlinepriser,\u00a0k\u00f8b ativan 2mg\u00a0online UK, Europa\" \/>\n<meta property=\"og:url\" content=\"https:\/\/medicinasinc.com\/da\/product\/buy-ativan-0-5mg-1mg-2mg\/\" \/>\n<meta property=\"og:site_name\" content=\"Medicinas Inc\" \/>\n<meta property=\"article:modified_time\" content=\"2022-03-20T00:43:03+00:00\" \/>\n<meta property=\"og:image\" content=\"https:\/\/medicinasinc.com\/da\/wp-content\/uploads\/sites\/8\/2022\/02\/Buy-Ativan-Online-1.jpg\" \/>\n\t<meta property=\"og:image:width\" content=\"300\" \/>\n\t<meta property=\"og:image:height\" content=\"300\" \/>\n\t<meta property=\"og:image:type\" content=\"image\/jpeg\" \/>\n<meta name=\"twitter:card\" content=\"summary_large_image\" \/>\n<meta name=\"twitter:label1\" content=\"Est. reading time\" \/>\n\t<meta name=\"twitter:data1\" content=\"3 minutes\" \/>\n<script type=\"application\/ld+json\" class=\"yoast-schema-graph\">{\"@context\":\"https:\\\/\\\/schema.org\",\"@graph\":[{\"@type\":\"WebPage\",\"@id\":\"https:\\\/\\\/medicinasinc.com\\\/da\\\/product\\\/buy-ativan-0-5mg-1mg-2mg\\\/\",\"url\":\"https:\\\/\\\/medicinasinc.com\\\/da\\\/product\\\/buy-ativan-0-5mg-1mg-2mg\\\/\",\"name\":\"K\u00f8b Ativan 2mg - K\u00f8b Ativan 1mg - K\u00f8b Ativan 0,5mg - Bedste globale medicin\",\"isPartOf\":{\"@id\":\"https:\\\/\\\/medicinasinc.com\\\/da\\\/#website\"},\"primaryImageOfPage\":{\"@id\":\"https:\\\/\\\/medicinasinc.com\\\/da\\\/product\\\/buy-ativan-0-5mg-1mg-2mg\\\/#primaryimage\"},\"image\":{\"@id\":\"https:\\\/\\\/medicinasinc.com\\\/da\\\/product\\\/buy-ativan-0-5mg-1mg-2mg\\\/#primaryimage\"},\"thumbnailUrl\":\"https:\\\/\\\/medicinasinc.com\\\/da\\\/wp-content\\\/uploads\\\/sites\\\/8\\\/2022\\\/02\\\/Buy-Ativan-Online-1.jpg\",\"datePublished\":\"2022-02-20T20:43:45+00:00\",\"dateModified\":\"2022-03-20T00:43:03+00:00\",\"description\":\"K\u00f8b Lorazepam-tabletter online, k\u00f8b Lorazepam online, k\u00f8b Ativan online, Lorazepam 0,5 mg, 1 mg, 2 mg onlinepriser,\u00a0k\u00f8b ativan 2mg\u00a0online UK, Europa\",\"breadcrumb\":{\"@id\":\"https:\\\/\\\/medicinasinc.com\\\/da\\\/product\\\/buy-ativan-0-5mg-1mg-2mg\\\/#breadcrumb\"},\"inLanguage\":\"en-US\",\"potentialAction\":[{\"@type\":\"ReadAction\",\"target\":[\"https:\\\/\\\/medicinasinc.com\\\/da\\\/product\\\/buy-ativan-0-5mg-1mg-2mg\\\/\"]}]},{\"@type\":\"ImageObject\",\"inLanguage\":\"en-US\",\"@id\":\"https:\\\/\\\/medicinasinc.com\\\/da\\\/product\\\/buy-ativan-0-5mg-1mg-2mg\\\/#primaryimage\",\"url\":\"https:\\\/\\\/medicinasinc.com\\\/da\\\/wp-content\\\/uploads\\\/sites\\\/8\\\/2022\\\/02\\\/Buy-Ativan-Online-1.jpg\",\"contentUrl\":\"https:\\\/\\\/medicinasinc.com\\\/da\\\/wp-content\\\/uploads\\\/sites\\\/8\\\/2022\\\/02\\\/Buy-Ativan-Online-1.jpg\",\"width\":300,\"height\":300},{\"@type\":\"BreadcrumbList\",\"@id\":\"https:\\\/\\\/medicinasinc.com\\\/da\\\/product\\\/buy-ativan-0-5mg-1mg-2mg\\\/#breadcrumb\",\"itemListElement\":[{\"@type\":\"ListItem\",\"position\":1,\"name\":\"Butik\",\"item\":\"https:\\\/\\\/medicinasinc.com\\\/da\\\/butik\\\/\"},{\"@type\":\"ListItem\",\"position\":2,\"name\":\"K\u00f8b Ativan 0,5mg, 1mg, 2mg\"}]},{\"@type\":\"WebSite\",\"@id\":\"https:\\\/\\\/medicinasinc.com\\\/da\\\/#website\",\"url\":\"https:\\\/\\\/medicinasinc.com\\\/da\\\/\",\"name\":\"Medicinas Inc\",\"description\":\"Health Medical Clinic\",\"potentialAction\":[{\"@type\":\"SearchAction\",\"target\":{\"@type\":\"EntryPoint\",\"urlTemplate\":\"https:\\\/\\\/medicinasinc.com\\\/da\\\/?s={search_term_string}\"},\"query-input\":{\"@type\":\"PropertyValueSpecification\",\"valueRequired\":true,\"valueName\":\"search_term_string\"}}],\"inLanguage\":\"en-US\"}]}<\/script>\n<!-- \/ Yoast SEO plugin. -->","yoast_head_json":{"title":"K\u00f8b Ativan 2mg - K\u00f8b Ativan 1mg - K\u00f8b Ativan 0,5mg - Bedste globale medicin","description":"K\u00f8b Lorazepam-tabletter online, k\u00f8b Lorazepam online, k\u00f8b Ativan online, Lorazepam 0,5 mg, 1 mg, 2 mg onlinepriser,\u00a0k\u00f8b ativan 2mg\u00a0online UK, Europa","robots":{"index":"index","follow":"follow","max-snippet":"max-snippet:-1","max-image-preview":"max-image-preview:large","max-video-preview":"max-video-preview:-1"},"canonical":"https:\/\/medicinasinc.com\/da\/product\/buy-ativan-0-5mg-1mg-2mg\/","og_locale":"en_US","og_type":"article","og_title":"K\u00f8b Ativan 2mg - K\u00f8b Ativan 1mg - K\u00f8b Ativan 0,5mg - Bedste globale medicin","og_description":"K\u00f8b Lorazepam-tabletter online, k\u00f8b Lorazepam online, k\u00f8b Ativan online, Lorazepam 0,5 mg, 1 mg, 2 mg onlinepriser,\u00a0k\u00f8b ativan 2mg\u00a0online UK, Europa","og_url":"https:\/\/medicinasinc.com\/da\/product\/buy-ativan-0-5mg-1mg-2mg\/","og_site_name":"Medicinas Inc","article_modified_time":"2022-03-20T00:43:03+00:00","og_image":[{"width":300,"height":300,"url":"https:\/\/medicinasinc.com\/da\/wp-content\/uploads\/sites\/8\/2022\/02\/Buy-Ativan-Online-1.jpg","type":"image\/jpeg"}],"twitter_card":"summary_large_image","twitter_misc":{"Est. reading time":"3 minutes"},"schema":{"@context":"https:\/\/schema.org","@graph":[{"@type":"WebPage","@id":"https:\/\/medicinasinc.com\/da\/product\/buy-ativan-0-5mg-1mg-2mg\/","url":"https:\/\/medicinasinc.com\/da\/product\/buy-ativan-0-5mg-1mg-2mg\/","name":"K\u00f8b Ativan 2mg - K\u00f8b Ativan 1mg - K\u00f8b Ativan 0,5mg - Bedste globale medicin","isPartOf":{"@id":"https:\/\/medicinasinc.com\/da\/#website"},"primaryImageOfPage":{"@id":"https:\/\/medicinasinc.com\/da\/product\/buy-ativan-0-5mg-1mg-2mg\/#primaryimage"},"image":{"@id":"https:\/\/medicinasinc.com\/da\/product\/buy-ativan-0-5mg-1mg-2mg\/#primaryimage"},"thumbnailUrl":"https:\/\/medicinasinc.com\/da\/wp-content\/uploads\/sites\/8\/2022\/02\/Buy-Ativan-Online-1.jpg","datePublished":"2022-02-20T20:43:45+00:00","dateModified":"2022-03-20T00:43:03+00:00","description":"K\u00f8b Lorazepam-tabletter online, k\u00f8b Lorazepam online, k\u00f8b Ativan online, Lorazepam 0,5 mg, 1 mg, 2 mg onlinepriser,\u00a0k\u00f8b ativan 2mg\u00a0online UK, Europa","breadcrumb":{"@id":"https:\/\/medicinasinc.com\/da\/product\/buy-ativan-0-5mg-1mg-2mg\/#breadcrumb"},"inLanguage":"en-US","potentialAction":[{"@type":"ReadAction","target":["https:\/\/medicinasinc.com\/da\/product\/buy-ativan-0-5mg-1mg-2mg\/"]}]},{"@type":"ImageObject","inLanguage":"en-US","@id":"https:\/\/medicinasinc.com\/da\/product\/buy-ativan-0-5mg-1mg-2mg\/#primaryimage","url":"https:\/\/medicinasinc.com\/da\/wp-content\/uploads\/sites\/8\/2022\/02\/Buy-Ativan-Online-1.jpg","contentUrl":"https:\/\/medicinasinc.com\/da\/wp-content\/uploads\/sites\/8\/2022\/02\/Buy-Ativan-Online-1.jpg","width":300,"height":300},{"@type":"BreadcrumbList","@id":"https:\/\/medicinasinc.com\/da\/product\/buy-ativan-0-5mg-1mg-2mg\/#breadcrumb","itemListElement":[{"@type":"ListItem","position":1,"name":"Butik","item":"https:\/\/medicinasinc.com\/da\/butik\/"},{"@type":"ListItem","position":2,"name":"K\u00f8b Ativan 0,5mg, 1mg, 2mg"}]},{"@type":"WebSite","@id":"https:\/\/medicinasinc.com\/da\/#website","url":"https:\/\/medicinasinc.com\/da\/","name":"Medicinas Inc","description":"Health Medical Clinic","potentialAction":[{"@type":"SearchAction","target":{"@type":"EntryPoint","urlTemplate":"https:\/\/medicinasinc.com\/da\/?s={search_term_string}"},"query-input":{"@type":"PropertyValueSpecification","valueRequired":true,"valueName":"search_term_string"}}],"inLanguage":"en-US"}]}},"_links":{"self":[{"href":"https:\/\/medicinasinc.com\/da\/wp-json\/wp\/v2\/product\/5125","targetHints":{"allow":["GET"]}}],"collection":[{"href":"https:\/\/medicinasinc.com\/da\/wp-json\/wp\/v2\/product"}],"about":[{"href":"https:\/\/medicinasinc.com\/da\/wp-json\/wp\/v2\/types\/product"}],"replies":[{"embeddable":true,"href":"https:\/\/medicinasinc.com\/da\/wp-json\/wp\/v2\/comments?post=5125"}],"wp:featuredmedia":[{"embeddable":true,"href":"https:\/\/medicinasinc.com\/da\/wp-json\/wp\/v2\/media\/5144"}],"wp:attachment":[{"href":"https:\/\/medicinasinc.com\/da\/wp-json\/wp\/v2\/media?parent=5125"}],"wp:term":[{"taxonomy":"product_brand","embeddable":true,"href":"https:\/\/medicinasinc.com\/da\/wp-json\/wp\/v2\/product_brand?post=5125"},{"taxonomy":"product_cat","embeddable":true,"href":"https:\/\/medicinasinc.com\/da\/wp-json\/wp\/v2\/product_cat?post=5125"},{"taxonomy":"product_tag","embeddable":true,"href":"https:\/\/medicinasinc.com\/da\/wp-json\/wp\/v2\/product_tag?post=5125"}],"curies":[{"name":"wp","href":"https:\/\/api.w.org\/{rel}","templated":true}]}}