{"id":5124,"date":"2022-02-20T20:42:48","date_gmt":"2022-02-20T20:42:48","guid":{"rendered":"https:\/\/medicinasinc.com\/da\/?post_type=product&#038;p=5124"},"modified":"2022-03-20T00:43:11","modified_gmt":"2022-03-20T00:43:11","slug":"kob-ambien-10-mg","status":"publish","type":"product","link":"https:\/\/medicinasinc.com\/da\/product\/kob-ambien-10-mg\/","title":{"rendered":"K\u00f8b Ambien 10 mg"},"content":{"rendered":"<div class=\"ty-tabs cm-j-tabs clearfix\">\n<p>k\u00f8b Ambien 10mg online<\/p>\n<h2><a href=\"https:\/\/www.bestglobalmeds.com\/category\/blog\/\" target=\"_blank\" rel=\"noopener\">K\u00f8b Ambien 10mg Overnight Delivery<\/a><\/h2>\n<h2>K\u00f8b Ambien 10mg online<\/h2>\n<p>USAs laveste pris p\u00e5\u00a0<em>Ambien<\/em>\u00a0(<em>Zolpidem<\/em>\u00a05mg &amp;\u00a0<em>10mg<\/em>) Piller og USA&#8217;s f\u00f8rste juridiske registrerede onlinel\u00e6geservice, der tilbyder det. Gratis sporet levering i Storbritannien. Ambien, Zolpidem, ambien\u00a0<em>10mg<\/em>, Zolpidem Tartrate, k\u00f8b sovepiller online, k\u00f8b anti-angstmidler online, antidepressiva,\u00a0<em>k\u00f8b ambien<\/em>\u00a0uden recept.<\/p>\n<ul class=\"ty-tabs__list\">\n<li id=\"description\" class=\"ty-tabs__item cm-js active\"><a class=\"ty-tabs__a\">Beskrivelse<\/a><\/li>\n<li id=\"product_tab_9\" class=\"ty-tabs__item cm-js\"><a class=\"ty-tabs__a\">Patientoplysninger<\/a><\/li>\n<\/ul><\/div>\n<div id=\"tabs_content \" class=\"cm-tabs-content ty-tabs__content clearfix\">\n<div id=\"content_description\" class=\"ty-wysiwyg-content content-description active\">\n<div>\n<div class=\"product-description\">\n<h4>Sov med Zolpidem og Ambien<\/h4>\n<table>\n<thead>\n<tr>\n<th>Zolpidem<\/th>\n<th>M\u00e6ngde<\/th>\n<th>Type<\/th>\n<th>Lager<\/th>\n<p> th&gt; <\/tr>\n<\/thead>\n<tbody>\n<tr>\n<th>Ambien<\/th>\n<th>5mg<\/th>\n<th>Tablets<\/th>\n<th>K\u00f8b USA\u2713<\/th>\n<\/tr>\n<tr>\n<td>Zolpidem-tabletter<\/td>\n<td>5mg<\/td>\n<td>Piller<\/td>\n<td>Online USA \u2713<\/td>\n<\/tr>\n<tr>\n<td>Ambien-tabletter<\/td>\n<td>10mg<\/td>\n<td>Medicin e<\/td>\n<td>US \u2713<\/td>\n<\/tr>\n<\/tbody>\n<\/table>\n<h4>Forholdsregler f\u00f8r du tager Zolpidem<\/h4>\n<p>Der er forholdsregler, som skal overvejes, f\u00f8r du beslutter dig for at tag det. Under visse omst\u00e6ndigheder er det muligvis ikke det mest passende valg af l\u00e6gemiddel. Sp\u00f8rg en l\u00e6ge om din helbredsm\u00e6ssige egnethed til at tage det som en behandling for s\u00f8vnl\u00f8shed. Hvis du har nogle af f\u00f8lgende omst\u00e6ndigheder, skal du s\u00f8ge l\u00e6ge:<\/p>\n<ul>\n<li>Historie om alkoholisme eller stofmisbrug<\/li>\n<li>Gravid eller planl\u00e6gger at blive gravid<\/li>\n<li>Har en vejrtr\u00e6kningstilstand (bronkitis, astma eller emfysem)<\/li>\n<li>Historie om lever- eller nyresygdom<\/li>\n<li>Har myasthenia gravis (nervelidelse som f\u00f8lge af sv\u00e6kkelse af muskler)<\/li>\n<li>Allergier til nogen af \u200b\u200bingredienserne<\/li>\n<li>Har tilbagevendende personlighedsforstyrrelse eller depression<\/li>\n<li>Har s\u00f8vnapn\u00f8<\/li>\n<li>\u00c6ldre<\/li>\n<\/ul>\n<p>I meget sj\u00e6ldne tilf\u00e6lde tilf\u00e6lde kan indtagelse af Ambien resultere i bivirkninger, herunder h\u00e6velse af l\u00e6ber, ansigt, hals og tunge eller have besv\u00e6r med at tr\u00e6kke vejret. Det anbefales ogs\u00e5, at det ikke b\u00f8r bruges kontinuerligt i mere end 4 uger, da det kan f\u00f8re til abstinenssymptomer som opkastning, kvalme, angst og mavekramper. Kendt som en kortvarig <a href=\"https:\/\/globalhomemed.com\/\">behandling for\u00a0s\u00f8vnl\u00f8shed<\/a>, er der mulighed for at f\u00e5 problemer med at sove, n\u00e5r du holder op med at bruge det. Det kaldes en &#8216;rebound-s\u00f8vnl\u00f8shed&#8217;, der til sidst aftager efter en til to dage. Kontakt altid din l\u00e6ge ang\u00e5ende brugen af \u200b\u200bdenne sovemedicin.<\/p>\n<h2>k\u00f8b Ambien 10mg online<\/h2>\n<\/p><\/div><\/div><\/div><\/div>\n","protected":false},"excerpt":{"rendered":"<p>K\u00f8b Ambien 10 mg piller online. Ambien bruges til at behandle en s\u00f8vnforstyrrelse. Den hurtige udledningstablet bruges til at hj\u00e6lpe dig med at nikke af, n\u00e5r du f\u00f8rst g\u00e5r i sofaen.<\/p>\n<p>Ambien, Zolpidem, ambien\u00a0<em>10mg<\/em>, Zolpidem Tartrate, k\u00f8b sovemedicin online, k\u00f8b anti angst online, antidepressiva,\u00a0<em>k\u00f8b ambien<\/em>\u00a0uden recept.<\/p>\n","protected":false},"featured_media":5142,"comment_status":"open","ping_status":"closed","template":"","meta":[],"product_brand":[],"product_cat":[1117],"product_tag":[],"class_list":{"0":"post-5124","1":"product","2":"type-product","3":"status-publish","4":"has-post-thumbnail","6":"product_cat-kob-smerte-sove-sex-piller","8":"first","9":"instock","10":"shipping-taxable","11":"purchasable","12":"product-type-variable","13":"has-default-attributes"},"yoast_head":"<!-- This site is optimized with the Yoast SEO plugin v27.3 - https:\/\/yoast.com\/product\/yoast-seo-wordpress\/ -->\n<title>K\u00f8b Ambien 10 mg - Ambien 10 mg - Bedste globale medicin<\/title>\n<meta name=\"description\" content=\"K\u00f8b Ambien 10 mg, Ambien, Zolpidem, ambien\u00a010mg, Zolpidem Tartrate, k\u00f8b sovepiller online, k\u00f8b anti-angst p\u00e5 nettet, antidepressiva,\u00a0k\u00f8b ambien\u00a0uden recept.\" \/>\n<meta name=\"robots\" content=\"index, follow, max-snippet:-1, max-image-preview:large, max-video-preview:-1\" \/>\n<link rel=\"canonical\" href=\"https:\/\/medicinasinc.com\/da\/product\/kob-ambien-10-mg\/\" \/>\n<meta property=\"og:locale\" content=\"en_US\" \/>\n<meta property=\"og:type\" content=\"article\" \/>\n<meta property=\"og:title\" content=\"K\u00f8b Ambien 10 mg - Ambien 10 mg - Bedste globale medicin\" \/>\n<meta property=\"og:description\" content=\"K\u00f8b Ambien 10 mg, Ambien, Zolpidem, ambien\u00a010mg, Zolpidem Tartrate, k\u00f8b sovepiller online, k\u00f8b anti-angst p\u00e5 nettet, antidepressiva,\u00a0k\u00f8b ambien\u00a0uden recept.\" \/>\n<meta property=\"og:url\" content=\"https:\/\/medicinasinc.com\/da\/product\/kob-ambien-10-mg\/\" \/>\n<meta property=\"og:site_name\" content=\"Medicinas Inc\" \/>\n<meta property=\"article:modified_time\" content=\"2022-03-20T00:43:11+00:00\" \/>\n<meta property=\"og:image\" content=\"https:\/\/medicinasinc.com\/da\/wp-content\/uploads\/sites\/8\/2022\/02\/Buy-Ambien-10mg.jpg\" \/>\n\t<meta property=\"og:image:width\" content=\"225\" \/>\n\t<meta property=\"og:image:height\" content=\"225\" \/>\n\t<meta property=\"og:image:type\" content=\"image\/jpeg\" \/>\n<meta name=\"twitter:card\" content=\"summary_large_image\" \/>\n<meta name=\"twitter:label1\" content=\"Est. reading time\" \/>\n\t<meta name=\"twitter:data1\" content=\"2 minutes\" \/>\n<script type=\"application\/ld+json\" class=\"yoast-schema-graph\">{\"@context\":\"https:\\\/\\\/schema.org\",\"@graph\":[{\"@type\":\"WebPage\",\"@id\":\"https:\\\/\\\/medicinasinc.com\\\/da\\\/product\\\/kob-ambien-10-mg\\\/\",\"url\":\"https:\\\/\\\/medicinasinc.com\\\/da\\\/product\\\/kob-ambien-10-mg\\\/\",\"name\":\"K\u00f8b Ambien 10 mg - Ambien 10 mg - Bedste globale medicin\",\"isPartOf\":{\"@id\":\"https:\\\/\\\/medicinasinc.com\\\/da\\\/#website\"},\"primaryImageOfPage\":{\"@id\":\"https:\\\/\\\/medicinasinc.com\\\/da\\\/product\\\/kob-ambien-10-mg\\\/#primaryimage\"},\"image\":{\"@id\":\"https:\\\/\\\/medicinasinc.com\\\/da\\\/product\\\/kob-ambien-10-mg\\\/#primaryimage\"},\"thumbnailUrl\":\"https:\\\/\\\/medicinasinc.com\\\/da\\\/wp-content\\\/uploads\\\/sites\\\/8\\\/2022\\\/02\\\/Buy-Ambien-10mg.jpg\",\"datePublished\":\"2022-02-20T20:42:48+00:00\",\"dateModified\":\"2022-03-20T00:43:11+00:00\",\"description\":\"K\u00f8b Ambien 10 mg, Ambien, Zolpidem, ambien\u00a010mg, Zolpidem Tartrate, k\u00f8b sovepiller online, k\u00f8b anti-angst p\u00e5 nettet, antidepressiva,\u00a0k\u00f8b ambien\u00a0uden recept.\",\"breadcrumb\":{\"@id\":\"https:\\\/\\\/medicinasinc.com\\\/da\\\/product\\\/kob-ambien-10-mg\\\/#breadcrumb\"},\"inLanguage\":\"en-US\",\"potentialAction\":[{\"@type\":\"ReadAction\",\"target\":[\"https:\\\/\\\/medicinasinc.com\\\/da\\\/product\\\/kob-ambien-10-mg\\\/\"]}]},{\"@type\":\"ImageObject\",\"inLanguage\":\"en-US\",\"@id\":\"https:\\\/\\\/medicinasinc.com\\\/da\\\/product\\\/kob-ambien-10-mg\\\/#primaryimage\",\"url\":\"https:\\\/\\\/medicinasinc.com\\\/da\\\/wp-content\\\/uploads\\\/sites\\\/8\\\/2022\\\/02\\\/Buy-Ambien-10mg.jpg\",\"contentUrl\":\"https:\\\/\\\/medicinasinc.com\\\/da\\\/wp-content\\\/uploads\\\/sites\\\/8\\\/2022\\\/02\\\/Buy-Ambien-10mg.jpg\",\"width\":225,\"height\":225},{\"@type\":\"BreadcrumbList\",\"@id\":\"https:\\\/\\\/medicinasinc.com\\\/da\\\/product\\\/kob-ambien-10-mg\\\/#breadcrumb\",\"itemListElement\":[{\"@type\":\"ListItem\",\"position\":1,\"name\":\"Butik\",\"item\":\"https:\\\/\\\/medicinasinc.com\\\/da\\\/butik\\\/\"},{\"@type\":\"ListItem\",\"position\":2,\"name\":\"K\u00f8b Ambien 10 mg\"}]},{\"@type\":\"WebSite\",\"@id\":\"https:\\\/\\\/medicinasinc.com\\\/da\\\/#website\",\"url\":\"https:\\\/\\\/medicinasinc.com\\\/da\\\/\",\"name\":\"Medicinas Inc\",\"description\":\"Health Medical Clinic\",\"potentialAction\":[{\"@type\":\"SearchAction\",\"target\":{\"@type\":\"EntryPoint\",\"urlTemplate\":\"https:\\\/\\\/medicinasinc.com\\\/da\\\/?s={search_term_string}\"},\"query-input\":{\"@type\":\"PropertyValueSpecification\",\"valueRequired\":true,\"valueName\":\"search_term_string\"}}],\"inLanguage\":\"en-US\"}]}<\/script>\n<!-- \/ Yoast SEO plugin. -->","yoast_head_json":{"title":"K\u00f8b Ambien 10 mg - Ambien 10 mg - Bedste globale medicin","description":"K\u00f8b Ambien 10 mg, Ambien, Zolpidem, ambien\u00a010mg, Zolpidem Tartrate, k\u00f8b sovepiller online, k\u00f8b anti-angst p\u00e5 nettet, antidepressiva,\u00a0k\u00f8b ambien\u00a0uden recept.","robots":{"index":"index","follow":"follow","max-snippet":"max-snippet:-1","max-image-preview":"max-image-preview:large","max-video-preview":"max-video-preview:-1"},"canonical":"https:\/\/medicinasinc.com\/da\/product\/kob-ambien-10-mg\/","og_locale":"en_US","og_type":"article","og_title":"K\u00f8b Ambien 10 mg - Ambien 10 mg - Bedste globale medicin","og_description":"K\u00f8b Ambien 10 mg, Ambien, Zolpidem, ambien\u00a010mg, Zolpidem Tartrate, k\u00f8b sovepiller online, k\u00f8b anti-angst p\u00e5 nettet, antidepressiva,\u00a0k\u00f8b ambien\u00a0uden recept.","og_url":"https:\/\/medicinasinc.com\/da\/product\/kob-ambien-10-mg\/","og_site_name":"Medicinas Inc","article_modified_time":"2022-03-20T00:43:11+00:00","og_image":[{"width":225,"height":225,"url":"https:\/\/medicinasinc.com\/da\/wp-content\/uploads\/sites\/8\/2022\/02\/Buy-Ambien-10mg.jpg","type":"image\/jpeg"}],"twitter_card":"summary_large_image","twitter_misc":{"Est. reading time":"2 minutes"},"schema":{"@context":"https:\/\/schema.org","@graph":[{"@type":"WebPage","@id":"https:\/\/medicinasinc.com\/da\/product\/kob-ambien-10-mg\/","url":"https:\/\/medicinasinc.com\/da\/product\/kob-ambien-10-mg\/","name":"K\u00f8b Ambien 10 mg - Ambien 10 mg - Bedste globale medicin","isPartOf":{"@id":"https:\/\/medicinasinc.com\/da\/#website"},"primaryImageOfPage":{"@id":"https:\/\/medicinasinc.com\/da\/product\/kob-ambien-10-mg\/#primaryimage"},"image":{"@id":"https:\/\/medicinasinc.com\/da\/product\/kob-ambien-10-mg\/#primaryimage"},"thumbnailUrl":"https:\/\/medicinasinc.com\/da\/wp-content\/uploads\/sites\/8\/2022\/02\/Buy-Ambien-10mg.jpg","datePublished":"2022-02-20T20:42:48+00:00","dateModified":"2022-03-20T00:43:11+00:00","description":"K\u00f8b Ambien 10 mg, Ambien, Zolpidem, ambien\u00a010mg, Zolpidem Tartrate, k\u00f8b sovepiller online, k\u00f8b anti-angst p\u00e5 nettet, antidepressiva,\u00a0k\u00f8b ambien\u00a0uden recept.","breadcrumb":{"@id":"https:\/\/medicinasinc.com\/da\/product\/kob-ambien-10-mg\/#breadcrumb"},"inLanguage":"en-US","potentialAction":[{"@type":"ReadAction","target":["https:\/\/medicinasinc.com\/da\/product\/kob-ambien-10-mg\/"]}]},{"@type":"ImageObject","inLanguage":"en-US","@id":"https:\/\/medicinasinc.com\/da\/product\/kob-ambien-10-mg\/#primaryimage","url":"https:\/\/medicinasinc.com\/da\/wp-content\/uploads\/sites\/8\/2022\/02\/Buy-Ambien-10mg.jpg","contentUrl":"https:\/\/medicinasinc.com\/da\/wp-content\/uploads\/sites\/8\/2022\/02\/Buy-Ambien-10mg.jpg","width":225,"height":225},{"@type":"BreadcrumbList","@id":"https:\/\/medicinasinc.com\/da\/product\/kob-ambien-10-mg\/#breadcrumb","itemListElement":[{"@type":"ListItem","position":1,"name":"Butik","item":"https:\/\/medicinasinc.com\/da\/butik\/"},{"@type":"ListItem","position":2,"name":"K\u00f8b Ambien 10 mg"}]},{"@type":"WebSite","@id":"https:\/\/medicinasinc.com\/da\/#website","url":"https:\/\/medicinasinc.com\/da\/","name":"Medicinas Inc","description":"Health Medical Clinic","potentialAction":[{"@type":"SearchAction","target":{"@type":"EntryPoint","urlTemplate":"https:\/\/medicinasinc.com\/da\/?s={search_term_string}"},"query-input":{"@type":"PropertyValueSpecification","valueRequired":true,"valueName":"search_term_string"}}],"inLanguage":"en-US"}]}},"_links":{"self":[{"href":"https:\/\/medicinasinc.com\/da\/wp-json\/wp\/v2\/product\/5124","targetHints":{"allow":["GET"]}}],"collection":[{"href":"https:\/\/medicinasinc.com\/da\/wp-json\/wp\/v2\/product"}],"about":[{"href":"https:\/\/medicinasinc.com\/da\/wp-json\/wp\/v2\/types\/product"}],"replies":[{"embeddable":true,"href":"https:\/\/medicinasinc.com\/da\/wp-json\/wp\/v2\/comments?post=5124"}],"wp:featuredmedia":[{"embeddable":true,"href":"https:\/\/medicinasinc.com\/da\/wp-json\/wp\/v2\/media\/5142"}],"wp:attachment":[{"href":"https:\/\/medicinasinc.com\/da\/wp-json\/wp\/v2\/media?parent=5124"}],"wp:term":[{"taxonomy":"product_brand","embeddable":true,"href":"https:\/\/medicinasinc.com\/da\/wp-json\/wp\/v2\/product_brand?post=5124"},{"taxonomy":"product_cat","embeddable":true,"href":"https:\/\/medicinasinc.com\/da\/wp-json\/wp\/v2\/product_cat?post=5124"},{"taxonomy":"product_tag","embeddable":true,"href":"https:\/\/medicinasinc.com\/da\/wp-json\/wp\/v2\/product_tag?post=5124"}],"curies":[{"name":"wp","href":"https:\/\/api.w.org\/{rel}","templated":true}]}}