{"id":5123,"date":"2022-02-20T20:39:42","date_gmt":"2022-02-20T20:39:42","guid":{"rendered":"https:\/\/medicinasinc.com\/da\/?post_type=product&#038;p=5123"},"modified":"2022-03-20T00:43:21","modified_gmt":"2022-03-20T00:43:21","slug":"kob-alprox-2mg-xanax","status":"publish","type":"product","link":"https:\/\/medicinasinc.com\/da\/product\/kob-alprox-2mg-xanax\/","title":{"rendered":"K\u00f8b Alprox 2mg (Xanax)"},"content":{"rendered":"<p>Leder du efter XANAX 2mg til salg til en rimelig pris? Udnyt Best Global Meds&#8217; lave priser og hurtig levering af XANAX 2mg lige til d\u00f8ren!<\/p>\n<p>I Storbritannien kan du k\u00f8be Alprazolam online. UK\/EU-m\u00e6rke af Alprazolam (Xanax) 2mg&#8230; Angstmedicin 2 mg tablet er st\u00e6rkere i Det Forenede Kongerige.<\/p>\n<p>Hvor kan jeg k\u00f8be Xanax online? Hvor kan jeg k\u00f8be Xanax 2MG online? Hvor kan jeg k\u00f8be Xanax 1MG online?<\/p>\n<p>Sedative og beroligende virkninger er mulige med Xanax.<\/p>\n<p>Xanax 2Mg K\u00f8b online Storbritannien Det er krampagtigt at se Bestil Xanax Overnight morfologisk. Waxier Wilburn trodser at k\u00f8be Xanax Online Reddit underordner tilbuddet p\u00e5 en mere kr\u00e6sen m\u00e5de.<\/p>\n<p>Xanax uden recept kan k\u00f8bes billigt online. Hvor kan jeg k\u00f8be phentermin i l\u00f8s v\u00e6gt til den laveste pris? Billeder af 2 mg xanax generika<\/p>\n<p>Denne medicin bruges til at behandle panikangst og angstlidelser s\u00e5som uventet intens frygt og sp\u00e6ndinger for\u00e5rsaget af stress. Alprazolam er 0,5 MG, 1 MG, 2 MG tablet. Det er bedst at begynde med en lav dosis og arbejde dig op til en st\u00f8rre. For at undg\u00e5 abstinenssymptomer s\u00e5som anfald, aggressiv adf\u00e6rd, sl\u00f8ret syn osv., hvis du pludselig holder op med at tage denne medicin.<\/p>\n<p>Alprazolam 0,5 MG tablet kan tages med eller uden mad, alt efter hvad du foretr\u00e6kker. Overskrid ikke den anbefalede dosis. Hvis du bem\u00e6rker nogen bivirkninger, skal du straks bestille en tid med din l\u00e6ge. For at undg\u00e5 abstinenssymptomer skal du ikke stoppe med at tage medicinen uden f\u00f8rst at bes\u00f8ge din l\u00e6ge!<\/p>\n<p>Hvad er involveret i processen<br \/> Hyperpolarisering og stabilitet af den neuronale membran opn\u00e5s begge gennem denne medicins interaktion med klorid kanaler, hvilket forhindrer yderligere celleexcitation.<\/p>\n","protected":false},"excerpt":{"rendered":"<p>Alprox 2 mg piller kan k\u00f8bes online (Xanax). Hvad er Alprox 2mg? Er det muligt at k\u00f8be det online? Er Alprox 2mg tilg\u00e6ngelig i h\u00e5ndk\u00f8b?<\/p>\n<p>K\u00f8b Alprazolam Xanax 2 mg tablet i Storbritannien, Europa p\u00e5 vores bedste globale medicin online-apotek med hurtig global levering! Du vil opdage de bedste priser p\u00e5 Alprazolam 2 MG tablet lige her!<\/p>\n<p>Xanax 2 mg tablet bruges til at behandle panikangst og angst, s\u00e5som uventet intens frygt og sp\u00e6ndinger for\u00e5rsaget af stress. K\u00f8b Xanax 2 mg tablet. Det er bedst at begynde med en lav dosis og arbejde dig op til en st\u00f8rre. Abstinenssymptomer, herunder anfald, aggressiv adf\u00e6rd, sl\u00f8ret syn og mere kan forekomme, hvis du pludselig holder op med at tage denne medicin.<\/p>\n","protected":false},"featured_media":5140,"comment_status":"open","ping_status":"closed","template":"","meta":[],"product_brand":[],"product_cat":[703],"product_tag":[1125,1126,1127,1128,1129,1130,1158,1132,1133,1161,1138,1137,1139,1134,1144,1145,1166,1136,1151,1146,1147,1131,1135,1149,1153,1154,1156,1152,1157,1159,1140,1142,1141,1143,1150,1155,1160,1162,1163,1164,1165,1169,1188,1167,1171,1192,1172,1148,1183,1176,1177,1179,1184,1173,1174,1180,1181,1182,1193,1194,1178,1170,1168,1175,1185,1186,1187,1191,1189,1190],"class_list":{"0":"post-5123","1":"product","2":"type-product","3":"status-publish","4":"has-post-thumbnail","6":"product_cat-kbe-psykedeliske-stoffer","7":"product_tag-alprazolam-25","8":"product_tag-alprazolam-25-til-katte","9":"product_tag-alprazolam-0-25-mg","10":"product_tag-alprazolam-0-5-mg-pris","11":"product_tag-alprazolam-1mg-bl","12":"product_tag-alprazolam-2mg-barer","13":"product_tag-alprazolam-anmeldelser","14":"product_tag-alprazolam-bl","15":"product_tag-alprazolam-blue-pill","16":"product_tag-alprazolam-brug","17":"product_tag-alprazolam-dosis-para-dormir-profundamente","18":"product_tag-alprazolam-dosis-til-hunde","19":"product_tag-alprazolam-efectos-secundarios","20":"product_tag-alprazolam-flaske","21":"product_tag-alprazolam-for-sleep","22":"product_tag-alprazolam-from-mexico","23":"product_tag-alprazolam-gul","24":"product_tag-alprazolam-hunde","25":"product_tag-alprazolam-hvad-bruges-det-til","26":"product_tag-alprazolam-intensol","27":"product_tag-alprazolam-interaktioner","28":"product_tag-alprazolam-og-alkohol","29":"product_tag-alprazolam-omkostninger","30":"product_tag-alprazolam-online","31":"product_tag-alprazolam-powder-for-sale","32":"product_tag-alprazolam-pris","33":"product_tag-alprazolam-psychonaut","34":"product_tag-alprazolam-pulver","35":"product_tag-alprazolam-refill-regler","36":"product_tag-alprazolam-syntese","37":"product_tag-alprazolam-til-hunde","38":"product_tag-alprazolam-til-hunde-bivirkninger","39":"product_tag-alprazolam-til-hunde-online","40":"product_tag-alprazolam-til-salg","41":"product_tag-alprazolam-til-svn","42":"product_tag-alprazolam-udtale","43":"product_tag-alprazolam-urin-detektionstid","44":"product_tag-alprazolam-vs-clonazepam","45":"product_tag-alprazolam-vs-lorazepam","46":"product_tag-alprazolam-xanax","47":"product_tag-alprazolam-xr","48":"product_tag-kb-alprazolam","49":"product_tag-bestil-alprazolam-online","50":"product_tag-buy-alprazolam","51":"product_tag-clonazepam-vs-alprazolam","52":"product_tag-det-bedste-sted-at-kbe-alprazolam-online","53":"product_tag-diazepam-vs-alprazolam","54":"product_tag-alprazolam-muskel-afslappende-dosis","55":"product_tag-er-alprazolam-et-kontrolleret-stof","56":"product_tag-farmapram-alprazolam","57":"product_tag-farmapram-alprazolam-2mg","58":"product_tag-flualprazolam-vs-alprazolam","59":"product_tag-flydende-alprazolam","60":"product_tag-forskel-mellem-alprazolam-og-lorazepam","61":"product_tag-forskel-mellem-lorazepam-og-alprazolam","62":"product_tag-greenstone-alprazolam","63":"product_tag-how-long-does-alprazolam-last-in-urine-reddit","64":"product_tag-how-to-buy-alprazolam-online","65":"product_tag-hvad-bruges-alprazolam-til-deling","66":"product_tag-hvor-kan-kbes-alprazolam-online","67":"product_tag-influenza-alprazolam","68":"product_tag-kan-alprazolam-f-dig-hj","69":"product_tag-kb-alprazolam-online","70":"product_tag-lger-der-ordinerer-alprazolam-nr-mig","71":"product_tag-lorazepam-vs-alprazolam","72":"product_tag-lorazepam-vs-alprazolam-reddit","73":"product_tag-mexicansk-alprazolam-2mg","74":"product_tag-snort-alprazolam","75":"product_tag-purchase-alprazolam-online","76":"product_tag-sandoz-alprazolam","78":"first","79":"instock","80":"shipping-taxable","81":"purchasable","82":"product-type-variable"},"yoast_head":"<!-- This site is optimized with the Yoast SEO plugin v27.3 - https:\/\/yoast.com\/product\/yoast-seo-wordpress\/ -->\n<title>K\u00f8b Alprox 2mg (Xanax) - Bestil Xanax - Bedste bedste globale medicin<\/title>\n<meta name=\"description\" content=\"K\u00f8b Alprox 2mg piller online (Xanax). k\u00f8b Alprox online, Alprox online, k\u00f8b online alprox, k\u00f8b xanax, K\u00f8b Alprazolam Xanax 2 mg tablet UK, Europa\" \/>\n<meta name=\"robots\" content=\"index, follow, max-snippet:-1, max-image-preview:large, max-video-preview:-1\" \/>\n<link rel=\"canonical\" href=\"https:\/\/medicinasinc.com\/da\/product\/kob-alprox-2mg-xanax\/\" \/>\n<meta property=\"og:locale\" content=\"en_US\" \/>\n<meta property=\"og:type\" content=\"article\" \/>\n<meta property=\"og:title\" content=\"K\u00f8b Alprox 2mg (Xanax) - Bestil Xanax - Bedste bedste globale medicin\" \/>\n<meta property=\"og:description\" content=\"K\u00f8b Alprox 2mg piller online (Xanax). k\u00f8b Alprox online, Alprox online, k\u00f8b online alprox, k\u00f8b xanax, K\u00f8b Alprazolam Xanax 2 mg tablet UK, Europa\" \/>\n<meta property=\"og:url\" content=\"https:\/\/medicinasinc.com\/da\/product\/kob-alprox-2mg-xanax\/\" \/>\n<meta property=\"og:site_name\" content=\"Medicinas Inc\" \/>\n<meta property=\"article:modified_time\" content=\"2022-03-20T00:43:21+00:00\" \/>\n<meta property=\"og:image\" content=\"https:\/\/medicinasinc.com\/da\/wp-content\/uploads\/sites\/8\/2022\/02\/Buy-Alprox-2mg.jpg\" \/>\n\t<meta property=\"og:image:width\" content=\"600\" \/>\n\t<meta property=\"og:image:height\" content=\"600\" \/>\n\t<meta property=\"og:image:type\" content=\"image\/jpeg\" \/>\n<meta name=\"twitter:card\" content=\"summary_large_image\" \/>\n<meta name=\"twitter:label1\" content=\"Est. reading time\" \/>\n\t<meta name=\"twitter:data1\" content=\"2 minutes\" \/>\n<script type=\"application\/ld+json\" class=\"yoast-schema-graph\">{\"@context\":\"https:\\\/\\\/schema.org\",\"@graph\":[{\"@type\":\"WebPage\",\"@id\":\"https:\\\/\\\/medicinasinc.com\\\/da\\\/product\\\/kob-alprox-2mg-xanax\\\/\",\"url\":\"https:\\\/\\\/medicinasinc.com\\\/da\\\/product\\\/kob-alprox-2mg-xanax\\\/\",\"name\":\"K\u00f8b Alprox 2mg (Xanax) - Bestil Xanax - Bedste bedste globale medicin\",\"isPartOf\":{\"@id\":\"https:\\\/\\\/medicinasinc.com\\\/da\\\/#website\"},\"primaryImageOfPage\":{\"@id\":\"https:\\\/\\\/medicinasinc.com\\\/da\\\/product\\\/kob-alprox-2mg-xanax\\\/#primaryimage\"},\"image\":{\"@id\":\"https:\\\/\\\/medicinasinc.com\\\/da\\\/product\\\/kob-alprox-2mg-xanax\\\/#primaryimage\"},\"thumbnailUrl\":\"https:\\\/\\\/medicinasinc.com\\\/da\\\/wp-content\\\/uploads\\\/sites\\\/8\\\/2022\\\/02\\\/Buy-Alprox-2mg.jpg\",\"datePublished\":\"2022-02-20T20:39:42+00:00\",\"dateModified\":\"2022-03-20T00:43:21+00:00\",\"description\":\"K\u00f8b Alprox 2mg piller online (Xanax). k\u00f8b Alprox online, Alprox online, k\u00f8b online alprox, k\u00f8b xanax, K\u00f8b Alprazolam Xanax 2 mg tablet UK, Europa\",\"breadcrumb\":{\"@id\":\"https:\\\/\\\/medicinasinc.com\\\/da\\\/product\\\/kob-alprox-2mg-xanax\\\/#breadcrumb\"},\"inLanguage\":\"en-US\",\"potentialAction\":[{\"@type\":\"ReadAction\",\"target\":[\"https:\\\/\\\/medicinasinc.com\\\/da\\\/product\\\/kob-alprox-2mg-xanax\\\/\"]}]},{\"@type\":\"ImageObject\",\"inLanguage\":\"en-US\",\"@id\":\"https:\\\/\\\/medicinasinc.com\\\/da\\\/product\\\/kob-alprox-2mg-xanax\\\/#primaryimage\",\"url\":\"https:\\\/\\\/medicinasinc.com\\\/da\\\/wp-content\\\/uploads\\\/sites\\\/8\\\/2022\\\/02\\\/Buy-Alprox-2mg.jpg\",\"contentUrl\":\"https:\\\/\\\/medicinasinc.com\\\/da\\\/wp-content\\\/uploads\\\/sites\\\/8\\\/2022\\\/02\\\/Buy-Alprox-2mg.jpg\",\"width\":600,\"height\":600},{\"@type\":\"BreadcrumbList\",\"@id\":\"https:\\\/\\\/medicinasinc.com\\\/da\\\/product\\\/kob-alprox-2mg-xanax\\\/#breadcrumb\",\"itemListElement\":[{\"@type\":\"ListItem\",\"position\":1,\"name\":\"Butik\",\"item\":\"https:\\\/\\\/medicinasinc.com\\\/da\\\/butik\\\/\"},{\"@type\":\"ListItem\",\"position\":2,\"name\":\"K\u00f8b Alprox 2mg (Xanax)\"}]},{\"@type\":\"WebSite\",\"@id\":\"https:\\\/\\\/medicinasinc.com\\\/da\\\/#website\",\"url\":\"https:\\\/\\\/medicinasinc.com\\\/da\\\/\",\"name\":\"Medicinas Inc\",\"description\":\"Health Medical Clinic\",\"potentialAction\":[{\"@type\":\"SearchAction\",\"target\":{\"@type\":\"EntryPoint\",\"urlTemplate\":\"https:\\\/\\\/medicinasinc.com\\\/da\\\/?s={search_term_string}\"},\"query-input\":{\"@type\":\"PropertyValueSpecification\",\"valueRequired\":true,\"valueName\":\"search_term_string\"}}],\"inLanguage\":\"en-US\"}]}<\/script>\n<!-- \/ Yoast SEO plugin. -->","yoast_head_json":{"title":"K\u00f8b Alprox 2mg (Xanax) - Bestil Xanax - Bedste bedste globale medicin","description":"K\u00f8b Alprox 2mg piller online (Xanax). k\u00f8b Alprox online, Alprox online, k\u00f8b online alprox, k\u00f8b xanax, K\u00f8b Alprazolam Xanax 2 mg tablet UK, Europa","robots":{"index":"index","follow":"follow","max-snippet":"max-snippet:-1","max-image-preview":"max-image-preview:large","max-video-preview":"max-video-preview:-1"},"canonical":"https:\/\/medicinasinc.com\/da\/product\/kob-alprox-2mg-xanax\/","og_locale":"en_US","og_type":"article","og_title":"K\u00f8b Alprox 2mg (Xanax) - Bestil Xanax - Bedste bedste globale medicin","og_description":"K\u00f8b Alprox 2mg piller online (Xanax). k\u00f8b Alprox online, Alprox online, k\u00f8b online alprox, k\u00f8b xanax, K\u00f8b Alprazolam Xanax 2 mg tablet UK, Europa","og_url":"https:\/\/medicinasinc.com\/da\/product\/kob-alprox-2mg-xanax\/","og_site_name":"Medicinas Inc","article_modified_time":"2022-03-20T00:43:21+00:00","og_image":[{"width":600,"height":600,"url":"https:\/\/medicinasinc.com\/da\/wp-content\/uploads\/sites\/8\/2022\/02\/Buy-Alprox-2mg.jpg","type":"image\/jpeg"}],"twitter_card":"summary_large_image","twitter_misc":{"Est. reading time":"2 minutes"},"schema":{"@context":"https:\/\/schema.org","@graph":[{"@type":"WebPage","@id":"https:\/\/medicinasinc.com\/da\/product\/kob-alprox-2mg-xanax\/","url":"https:\/\/medicinasinc.com\/da\/product\/kob-alprox-2mg-xanax\/","name":"K\u00f8b Alprox 2mg (Xanax) - Bestil Xanax - Bedste bedste globale medicin","isPartOf":{"@id":"https:\/\/medicinasinc.com\/da\/#website"},"primaryImageOfPage":{"@id":"https:\/\/medicinasinc.com\/da\/product\/kob-alprox-2mg-xanax\/#primaryimage"},"image":{"@id":"https:\/\/medicinasinc.com\/da\/product\/kob-alprox-2mg-xanax\/#primaryimage"},"thumbnailUrl":"https:\/\/medicinasinc.com\/da\/wp-content\/uploads\/sites\/8\/2022\/02\/Buy-Alprox-2mg.jpg","datePublished":"2022-02-20T20:39:42+00:00","dateModified":"2022-03-20T00:43:21+00:00","description":"K\u00f8b Alprox 2mg piller online (Xanax). k\u00f8b Alprox online, Alprox online, k\u00f8b online alprox, k\u00f8b xanax, K\u00f8b Alprazolam Xanax 2 mg tablet UK, Europa","breadcrumb":{"@id":"https:\/\/medicinasinc.com\/da\/product\/kob-alprox-2mg-xanax\/#breadcrumb"},"inLanguage":"en-US","potentialAction":[{"@type":"ReadAction","target":["https:\/\/medicinasinc.com\/da\/product\/kob-alprox-2mg-xanax\/"]}]},{"@type":"ImageObject","inLanguage":"en-US","@id":"https:\/\/medicinasinc.com\/da\/product\/kob-alprox-2mg-xanax\/#primaryimage","url":"https:\/\/medicinasinc.com\/da\/wp-content\/uploads\/sites\/8\/2022\/02\/Buy-Alprox-2mg.jpg","contentUrl":"https:\/\/medicinasinc.com\/da\/wp-content\/uploads\/sites\/8\/2022\/02\/Buy-Alprox-2mg.jpg","width":600,"height":600},{"@type":"BreadcrumbList","@id":"https:\/\/medicinasinc.com\/da\/product\/kob-alprox-2mg-xanax\/#breadcrumb","itemListElement":[{"@type":"ListItem","position":1,"name":"Butik","item":"https:\/\/medicinasinc.com\/da\/butik\/"},{"@type":"ListItem","position":2,"name":"K\u00f8b Alprox 2mg (Xanax)"}]},{"@type":"WebSite","@id":"https:\/\/medicinasinc.com\/da\/#website","url":"https:\/\/medicinasinc.com\/da\/","name":"Medicinas Inc","description":"Health Medical Clinic","potentialAction":[{"@type":"SearchAction","target":{"@type":"EntryPoint","urlTemplate":"https:\/\/medicinasinc.com\/da\/?s={search_term_string}"},"query-input":{"@type":"PropertyValueSpecification","valueRequired":true,"valueName":"search_term_string"}}],"inLanguage":"en-US"}]}},"_links":{"self":[{"href":"https:\/\/medicinasinc.com\/da\/wp-json\/wp\/v2\/product\/5123","targetHints":{"allow":["GET"]}}],"collection":[{"href":"https:\/\/medicinasinc.com\/da\/wp-json\/wp\/v2\/product"}],"about":[{"href":"https:\/\/medicinasinc.com\/da\/wp-json\/wp\/v2\/types\/product"}],"replies":[{"embeddable":true,"href":"https:\/\/medicinasinc.com\/da\/wp-json\/wp\/v2\/comments?post=5123"}],"wp:featuredmedia":[{"embeddable":true,"href":"https:\/\/medicinasinc.com\/da\/wp-json\/wp\/v2\/media\/5140"}],"wp:attachment":[{"href":"https:\/\/medicinasinc.com\/da\/wp-json\/wp\/v2\/media?parent=5123"}],"wp:term":[{"taxonomy":"product_brand","embeddable":true,"href":"https:\/\/medicinasinc.com\/da\/wp-json\/wp\/v2\/product_brand?post=5123"},{"taxonomy":"product_cat","embeddable":true,"href":"https:\/\/medicinasinc.com\/da\/wp-json\/wp\/v2\/product_cat?post=5123"},{"taxonomy":"product_tag","embeddable":true,"href":"https:\/\/medicinasinc.com\/da\/wp-json\/wp\/v2\/product_tag?post=5123"}],"curies":[{"name":"wp","href":"https:\/\/api.w.org\/{rel}","templated":true}]}}