{"id":5122,"date":"2022-02-20T20:38:15","date_gmt":"2022-02-20T20:38:15","guid":{"rendered":"https:\/\/medicinasinc.com\/da\/?post_type=product&#038;p=5122"},"modified":"2022-03-20T00:43:32","modified_gmt":"2022-03-20T00:43:32","slug":"buy-adderall-30-mg","status":"publish","type":"product","link":"https:\/\/medicinasinc.com\/da\/product\/buy-adderall-30-mg\/","title":{"rendered":"K\u00f8b Adderall 30 mg"},"content":{"rendered":"<p>K\u00f8b Adderall 30mg orale piller online ved hj\u00e6lp af Bitcoin. Derudover bruges det til at behandle ADHD (Attention Deficit Hyperactivity Disorder) og narkolepsi.<\/p>\n<p>K\u00f8b Adderall 30 mg online med hurtig global levering fra vores Global Med onlineapotek! Du finder den bedste Adderall 30 mg til k\u00f8b her!<\/p>\n<p>Adderall 30 MG er en receptpligtig medicin, der er skabt ved at blande og dextroamphetamin. Disse to komponenter fungerer som nervesystemets vigtigste stimulanser. Derudover har disse stimulanser en effekt p\u00e5 hjernens kemikalier og neuroner, der regulerer impuls og hyperaktivitet. Medicinen bruges prim\u00e6rt til behandling af narkolepsi og ADHD (Attention Deficit Hyperactivity Disorder). Forbrug er tilladt i et begr\u00e6nset antal nationer, nemlig Canada og USA.<\/p>\n<p>Det mest alvorlige problem med K\u00f8b Adderall 30Mg online er dette ord, der starter med W<\/p>\n<p>Hver datter eller dreng er f\u00f8dt med en ret god hukommelse.<\/p>\n<p>K\u00f8b Adderall 30mg. Der er ikke krav om recept. Forsendelse er fuldst\u00e6ndig sikker og diskret. Levering er tilg\u00e6ngelig over natten. Garanteret penge refunderet.<\/p>\n<p>Du kan k\u00f8be Adderall-piller uden recept online, Adderall p\u00e5 pc \u00e5ben, og kan jeg k\u00f8be Adderall online.<\/p>\n<p>Forholdsregler ved dosering:<\/p>\n<p> Selvom en person kan kr\u00e6ve Adderall XR, b\u00f8r han eller hun bes\u00f8ge en l\u00e6ge f\u00f8r den f\u00f8rste dosis, hvis de har en overaktiv skjoldbruskkirtel, moderat til alvorligt forh\u00f8jet blodtryk, glaukom, enhver hjertesygdom eller tidligere var stof- eller alkoholmisbruger. Derudover opfordres enkeltpersoner til ikke at misbruge medicinens dosering, da dette kan resultere i store negative virkninger p\u00e5 hjertet eller i v\u00e6rste fald d\u00f8d.<\/p>\n<p>Positivt resultat:<\/p>\n<p>Som med ethvert stof har det at spise det en r\u00e6kke p\u00e5virkninger, b\u00e5de positive og d\u00e5rlige. Derudover har Adderall 30 MG. Det er blevet bem\u00e6rket, at brug af det i en kortere periode som anbefalet af en l\u00e6ge har en gavnlig effekt p\u00e5 en persons helbred ved at forhindre ADHD-symptomer. Dette sker af f\u00f8lgende \u00e5rsager:<\/p>\n<p>Det \u00f8ger niveauet af neurotransmittere s\u00e5som dopamin og noradrenalin i vores hjerner. Derudover tjener disse specifikke forbindelser i hjernen til at \u00f8ge energiniveauer, \u00e5rv\u00e5genhed og fokus.<br \/> Medicinen kan fremskynde hjertefrekvensen og opretholde blodforsyningen til musklerne.<br \/> Konsekvent brug som ordineret af l\u00e6ger kan resultere i \u00f8get energi og handlekraft, hvilket anses for at kunne sammenlignes med kokainforbrug.<br \/> Negativt resultat:<\/p>\n<p>P\u00e5 grund af det faktum, at Adderall 30 MG er en meget f\u00f8lsom medicin, der indtager det uden en l\u00e6ges recept kan have en d\u00e5rlig effekt p\u00e5 dit helbred.<\/p>\n<p>Irritabilitet<br \/> V\u00e6gtreduktion, der er usundt som f\u00f8lge af appetitd\u00e6mpning<br \/> S\u00f8vnl\u00f8shed og forstyrret s\u00f8vnm\u00f8nster<br \/> Alvorlige hjertekomplikationer<\/p>\n<p>&nbsp;<\/p>\n<p>&nbsp;<\/p>\n<p>&nbsp;<\/p>\n<p>I tilf\u00e6lde af misbrug:<\/p>\n<p>L\u00e6ger har altid r\u00e5dgivet patienter til at bruge medicin forsigtigt, og hvis Adderall 30 MG blev misbrugt, resulterede det i \u00f8get energiniveau og st\u00e6rk opkvikning. Derudover kan overforbrug af sidstn\u00e6vnte stof resultere i ubehagelige symptomer s\u00e5som:<\/p>\n<p>Reduceret opm\u00e6rksomhed p\u00e5 specifikke opgaver<br \/> Depression og tr\u00e6ghed<br \/> Husk disse tr\u00e6thedspunkter:<\/p>\n<p>Derudover er der et par ting, man skal overveje, inden man bruger Adderall 30 MG.<\/p>\n<p>Forskere r\u00e5dede personer til ikke at indtage det, hvis de havde taget MAO-h\u00e6mmere s\u00e5som linezolid, methylenbl\u00e5t injektion, isocarboxazid eller rasagilin inden for de foreg\u00e5ende 14 dage, da dette kan resultere i en alvorlig farmakologisk interaktion, som helt sikkert er usund.<\/p>\n<p>Derudover b\u00f8r en person, der er allergisk over for stimulerende medicin, undg\u00e5 det, eller hvis han eller hun allerede klarer f\u00f8lgende:<\/p>\n<p>Enhver alvorlig kranspuls\u00e5re eller hjertesygdom<br \/> Hypertension (normal til h\u00f8j)<br \/> Angst og stress p\u00e5 et rekordh\u00f8jt niveau<br \/> Afh\u00e6ngighed af stoffer eller alkohol<br \/> Hvad hvis nogen er Adderall XR-afh\u00e6ngig?<\/p>\n<p>Afh\u00e6ngighed af et s\u00e5dant stof kan vise sig p\u00e5 to m\u00e5der: psykologisk og fysisk.<\/p>\n<p>Hvis en person tager det p\u00e5 daglig basis, og det bliver rodf\u00e6stet i hans liv, vil han udvikle en psykologisk afh\u00e6ngighed eller afh\u00e6ngighed af det. Derudover kunne begr\u00e6nsning af adgangen til det uanset \u00e5rsagen v\u00e6re foruroligende, og mentalt afh\u00e6ngige personer ville have regelm\u00e6ssig stress eller hovedpine.<\/p>\n<p>Derudover, for mentalt afh\u00e6ngige individer, eskalerer forbruget ofte til farlige niveauer, og de er tvunget til at forts\u00e6tte med at drikke det selv med fare for deres liv. Men en kur er tilg\u00e6ngelig i dette tilf\u00e6lde. Dette adf\u00e6rdsm\u00f8nster kan \u00e6ndres gennem psykiatrisk behandling. If\u00f8lge specialister kan en terapi kaldet kognitiv adf\u00e6rdsterapi v\u00e6re gavnlig.<\/p>\n<p>For det andet, n\u00e5r en person er vant til at have et h\u00f8jere niveau af dopamin tilg\u00e6ngeligt i sin hjerne, kan en reduktion af Adderall XR resultere i et fald i dopamin niveauer, hvilket resulterer i f\u00f8lgende:<\/p>\n<p>&nbsp;<\/p>\n<p>Depression eller udmattelse<br \/> Sove unaturligt eller forblive v\u00e5gen i us\u00e6dvanligt lange perioder<\/p>\n<p>Det er n\u00f8dvendigt at understrege her, at fysisk afh\u00e6ngighed kan fremkalde en trang til at indtage mere af stoffet for at bevare tilfredsheden, hvilket kan resultere i en r\u00e6kke u\u00f8nskede virkninger og overdosering.<\/p>\n<p>Men indtagelse af dem kun efter ekspertvejledning eller med den st\u00f8rste forsigtighed kan beskytte folk mod negative konsekvenser.<\/p>\n","protected":false},"excerpt":{"rendered":"<p>K\u00f8b Adderall 30 mg i Storbritannien og Europa fra vores bedste globale medicin onlineapotek med hurtig international levering! Du finder den bedste Adderall 30 mg til k\u00f8b her!<\/p>\n<p>K\u00f8b Adderall 30 mg online. K\u00f8b Adderall 30 mg online fra en af \u200b\u200bde st\u00f8rste online forhandlere til den bedste pris. Adderall er ogs\u00e5 kendt som amfetamin og dextroamphetamin og bruges til at behandle opm\u00e6rksomhedsunderskud hyperaktivitetsforstyrrelse (ADHD) (attention deficit hyperactivity disorder).<\/p>\n<p>Adderall 30 MG er en receptpligtig medicin, der er fremstillet ved blanding og dextroamphetamin. Disse to komponenter fungerer som nervesystemets vigtigste stimulanser. Derudover har disse stimulanter en effekt p\u00e5 hjernens kemikalier og neuroner, der regulerer impulser og hyperaktivitet.<\/p>\n","protected":false},"featured_media":5138,"comment_status":"open","ping_status":"closed","template":"","meta":[],"product_brand":[],"product_cat":[1117],"product_tag":[1118,1121,1123,1124,1119,1122,1120],"class_list":{"0":"post-5122","1":"product","2":"type-product","3":"status-publish","4":"has-post-thumbnail","6":"product_cat-kob-smerte-sove-sex-piller","7":"product_tag-adderall-30-mg-til-salg","8":"product_tag-bestil-adderall-30-mg-online","9":"product_tag-det-bedste-sted-at-kbe-adderall-30-mg-online","10":"product_tag-hvor-kan-kbes-adderall-30-mg-online","11":"product_tag-buy-adderall-30-mg-online","12":"product_tag-purchase-adderall-30-mg-online","13":"product_tag-sdan-kber-man-adderall-30-mg-online","15":"first","16":"instock","17":"shipping-taxable","18":"purchasable","19":"product-type-variable","20":"has-default-attributes"},"yoast_head":"<!-- This site is optimized with the Yoast SEO plugin v27.3 - https:\/\/yoast.com\/product\/yoast-seo-wordpress\/ -->\n<title>K\u00f8b Adderall 30 mg - Adderall 30 mg - Bedste globale medicin<\/title>\n<meta name=\"description\" content=\"K\u00f8b Adderall 30mg piller online. K\u00f8b Adderall online 30 mg hos en af \u200b\u200bde bedste forhandlere online til den bedste pris. Adderall er ogs\u00e5 kendt som amfetamin og dextroamphetamin, der bruges til behandling af ADHD (attention deficit hyperactivity disorder).\" \/>\n<meta name=\"robots\" content=\"index, follow, max-snippet:-1, max-image-preview:large, max-video-preview:-1\" \/>\n<link rel=\"canonical\" href=\"https:\/\/medicinasinc.com\/da\/product\/buy-adderall-30-mg\/\" \/>\n<meta property=\"og:locale\" content=\"en_US\" \/>\n<meta property=\"og:type\" content=\"article\" \/>\n<meta property=\"og:title\" content=\"K\u00f8b Adderall 30 mg - Adderall 30 mg - Bedste globale medicin\" \/>\n<meta property=\"og:description\" content=\"K\u00f8b Adderall 30mg piller online. K\u00f8b Adderall online 30 mg hos en af \u200b\u200bde bedste forhandlere online til den bedste pris. Adderall er ogs\u00e5 kendt som amfetamin og dextroamphetamin, der bruges til behandling af ADHD (attention deficit hyperactivity disorder).\" \/>\n<meta property=\"og:url\" content=\"https:\/\/medicinasinc.com\/da\/product\/buy-adderall-30-mg\/\" \/>\n<meta property=\"og:site_name\" content=\"Medicinas Inc\" \/>\n<meta property=\"article:modified_time\" content=\"2022-03-20T00:43:32+00:00\" \/>\n<meta property=\"og:image\" content=\"https:\/\/medicinasinc.com\/da\/wp-content\/uploads\/sites\/8\/2022\/02\/Buy-Adderall-30-MG.jpg\" \/>\n\t<meta property=\"og:image:width\" content=\"392\" \/>\n\t<meta property=\"og:image:height\" content=\"300\" \/>\n\t<meta property=\"og:image:type\" content=\"image\/jpeg\" \/>\n<meta name=\"twitter:card\" content=\"summary_large_image\" \/>\n<meta name=\"twitter:label1\" content=\"Est. reading time\" \/>\n\t<meta name=\"twitter:data1\" content=\"4 minutes\" \/>\n<script type=\"application\/ld+json\" class=\"yoast-schema-graph\">{\"@context\":\"https:\\\/\\\/schema.org\",\"@graph\":[{\"@type\":\"WebPage\",\"@id\":\"https:\\\/\\\/medicinasinc.com\\\/da\\\/product\\\/buy-adderall-30-mg\\\/\",\"url\":\"https:\\\/\\\/medicinasinc.com\\\/da\\\/product\\\/buy-adderall-30-mg\\\/\",\"name\":\"K\u00f8b Adderall 30 mg - Adderall 30 mg - Bedste globale medicin\",\"isPartOf\":{\"@id\":\"https:\\\/\\\/medicinasinc.com\\\/da\\\/#website\"},\"primaryImageOfPage\":{\"@id\":\"https:\\\/\\\/medicinasinc.com\\\/da\\\/product\\\/buy-adderall-30-mg\\\/#primaryimage\"},\"image\":{\"@id\":\"https:\\\/\\\/medicinasinc.com\\\/da\\\/product\\\/buy-adderall-30-mg\\\/#primaryimage\"},\"thumbnailUrl\":\"https:\\\/\\\/medicinasinc.com\\\/da\\\/wp-content\\\/uploads\\\/sites\\\/8\\\/2022\\\/02\\\/Buy-Adderall-30-MG.jpg\",\"datePublished\":\"2022-02-20T20:38:15+00:00\",\"dateModified\":\"2022-03-20T00:43:32+00:00\",\"description\":\"K\u00f8b Adderall 30mg piller online. K\u00f8b Adderall online 30 mg hos en af \u200b\u200bde bedste forhandlere online til den bedste pris. Adderall er ogs\u00e5 kendt som amfetamin og dextroamphetamin, der bruges til behandling af ADHD (attention deficit hyperactivity disorder).\",\"breadcrumb\":{\"@id\":\"https:\\\/\\\/medicinasinc.com\\\/da\\\/product\\\/buy-adderall-30-mg\\\/#breadcrumb\"},\"inLanguage\":\"en-US\",\"potentialAction\":[{\"@type\":\"ReadAction\",\"target\":[\"https:\\\/\\\/medicinasinc.com\\\/da\\\/product\\\/buy-adderall-30-mg\\\/\"]}]},{\"@type\":\"ImageObject\",\"inLanguage\":\"en-US\",\"@id\":\"https:\\\/\\\/medicinasinc.com\\\/da\\\/product\\\/buy-adderall-30-mg\\\/#primaryimage\",\"url\":\"https:\\\/\\\/medicinasinc.com\\\/da\\\/wp-content\\\/uploads\\\/sites\\\/8\\\/2022\\\/02\\\/Buy-Adderall-30-MG.jpg\",\"contentUrl\":\"https:\\\/\\\/medicinasinc.com\\\/da\\\/wp-content\\\/uploads\\\/sites\\\/8\\\/2022\\\/02\\\/Buy-Adderall-30-MG.jpg\",\"width\":392,\"height\":300},{\"@type\":\"BreadcrumbList\",\"@id\":\"https:\\\/\\\/medicinasinc.com\\\/da\\\/product\\\/buy-adderall-30-mg\\\/#breadcrumb\",\"itemListElement\":[{\"@type\":\"ListItem\",\"position\":1,\"name\":\"Butik\",\"item\":\"https:\\\/\\\/medicinasinc.com\\\/da\\\/butik\\\/\"},{\"@type\":\"ListItem\",\"position\":2,\"name\":\"K\u00f8b Adderall 30 mg\"}]},{\"@type\":\"WebSite\",\"@id\":\"https:\\\/\\\/medicinasinc.com\\\/da\\\/#website\",\"url\":\"https:\\\/\\\/medicinasinc.com\\\/da\\\/\",\"name\":\"Medicinas Inc\",\"description\":\"Health Medical Clinic\",\"potentialAction\":[{\"@type\":\"SearchAction\",\"target\":{\"@type\":\"EntryPoint\",\"urlTemplate\":\"https:\\\/\\\/medicinasinc.com\\\/da\\\/?s={search_term_string}\"},\"query-input\":{\"@type\":\"PropertyValueSpecification\",\"valueRequired\":true,\"valueName\":\"search_term_string\"}}],\"inLanguage\":\"en-US\"}]}<\/script>\n<!-- \/ Yoast SEO plugin. -->","yoast_head_json":{"title":"K\u00f8b Adderall 30 mg - Adderall 30 mg - Bedste globale medicin","description":"K\u00f8b Adderall 30mg piller online. K\u00f8b Adderall online 30 mg hos en af \u200b\u200bde bedste forhandlere online til den bedste pris. Adderall er ogs\u00e5 kendt som amfetamin og dextroamphetamin, der bruges til behandling af ADHD (attention deficit hyperactivity disorder).","robots":{"index":"index","follow":"follow","max-snippet":"max-snippet:-1","max-image-preview":"max-image-preview:large","max-video-preview":"max-video-preview:-1"},"canonical":"https:\/\/medicinasinc.com\/da\/product\/buy-adderall-30-mg\/","og_locale":"en_US","og_type":"article","og_title":"K\u00f8b Adderall 30 mg - Adderall 30 mg - Bedste globale medicin","og_description":"K\u00f8b Adderall 30mg piller online. K\u00f8b Adderall online 30 mg hos en af \u200b\u200bde bedste forhandlere online til den bedste pris. Adderall er ogs\u00e5 kendt som amfetamin og dextroamphetamin, der bruges til behandling af ADHD (attention deficit hyperactivity disorder).","og_url":"https:\/\/medicinasinc.com\/da\/product\/buy-adderall-30-mg\/","og_site_name":"Medicinas Inc","article_modified_time":"2022-03-20T00:43:32+00:00","og_image":[{"width":392,"height":300,"url":"https:\/\/medicinasinc.com\/da\/wp-content\/uploads\/sites\/8\/2022\/02\/Buy-Adderall-30-MG.jpg","type":"image\/jpeg"}],"twitter_card":"summary_large_image","twitter_misc":{"Est. reading time":"4 minutes"},"schema":{"@context":"https:\/\/schema.org","@graph":[{"@type":"WebPage","@id":"https:\/\/medicinasinc.com\/da\/product\/buy-adderall-30-mg\/","url":"https:\/\/medicinasinc.com\/da\/product\/buy-adderall-30-mg\/","name":"K\u00f8b Adderall 30 mg - Adderall 30 mg - Bedste globale medicin","isPartOf":{"@id":"https:\/\/medicinasinc.com\/da\/#website"},"primaryImageOfPage":{"@id":"https:\/\/medicinasinc.com\/da\/product\/buy-adderall-30-mg\/#primaryimage"},"image":{"@id":"https:\/\/medicinasinc.com\/da\/product\/buy-adderall-30-mg\/#primaryimage"},"thumbnailUrl":"https:\/\/medicinasinc.com\/da\/wp-content\/uploads\/sites\/8\/2022\/02\/Buy-Adderall-30-MG.jpg","datePublished":"2022-02-20T20:38:15+00:00","dateModified":"2022-03-20T00:43:32+00:00","description":"K\u00f8b Adderall 30mg piller online. K\u00f8b Adderall online 30 mg hos en af \u200b\u200bde bedste forhandlere online til den bedste pris. Adderall er ogs\u00e5 kendt som amfetamin og dextroamphetamin, der bruges til behandling af ADHD (attention deficit hyperactivity disorder).","breadcrumb":{"@id":"https:\/\/medicinasinc.com\/da\/product\/buy-adderall-30-mg\/#breadcrumb"},"inLanguage":"en-US","potentialAction":[{"@type":"ReadAction","target":["https:\/\/medicinasinc.com\/da\/product\/buy-adderall-30-mg\/"]}]},{"@type":"ImageObject","inLanguage":"en-US","@id":"https:\/\/medicinasinc.com\/da\/product\/buy-adderall-30-mg\/#primaryimage","url":"https:\/\/medicinasinc.com\/da\/wp-content\/uploads\/sites\/8\/2022\/02\/Buy-Adderall-30-MG.jpg","contentUrl":"https:\/\/medicinasinc.com\/da\/wp-content\/uploads\/sites\/8\/2022\/02\/Buy-Adderall-30-MG.jpg","width":392,"height":300},{"@type":"BreadcrumbList","@id":"https:\/\/medicinasinc.com\/da\/product\/buy-adderall-30-mg\/#breadcrumb","itemListElement":[{"@type":"ListItem","position":1,"name":"Butik","item":"https:\/\/medicinasinc.com\/da\/butik\/"},{"@type":"ListItem","position":2,"name":"K\u00f8b Adderall 30 mg"}]},{"@type":"WebSite","@id":"https:\/\/medicinasinc.com\/da\/#website","url":"https:\/\/medicinasinc.com\/da\/","name":"Medicinas Inc","description":"Health Medical Clinic","potentialAction":[{"@type":"SearchAction","target":{"@type":"EntryPoint","urlTemplate":"https:\/\/medicinasinc.com\/da\/?s={search_term_string}"},"query-input":{"@type":"PropertyValueSpecification","valueRequired":true,"valueName":"search_term_string"}}],"inLanguage":"en-US"}]}},"_links":{"self":[{"href":"https:\/\/medicinasinc.com\/da\/wp-json\/wp\/v2\/product\/5122","targetHints":{"allow":["GET"]}}],"collection":[{"href":"https:\/\/medicinasinc.com\/da\/wp-json\/wp\/v2\/product"}],"about":[{"href":"https:\/\/medicinasinc.com\/da\/wp-json\/wp\/v2\/types\/product"}],"replies":[{"embeddable":true,"href":"https:\/\/medicinasinc.com\/da\/wp-json\/wp\/v2\/comments?post=5122"}],"wp:featuredmedia":[{"embeddable":true,"href":"https:\/\/medicinasinc.com\/da\/wp-json\/wp\/v2\/media\/5138"}],"wp:attachment":[{"href":"https:\/\/medicinasinc.com\/da\/wp-json\/wp\/v2\/media?parent=5122"}],"wp:term":[{"taxonomy":"product_brand","embeddable":true,"href":"https:\/\/medicinasinc.com\/da\/wp-json\/wp\/v2\/product_brand?post=5122"},{"taxonomy":"product_cat","embeddable":true,"href":"https:\/\/medicinasinc.com\/da\/wp-json\/wp\/v2\/product_cat?post=5122"},{"taxonomy":"product_tag","embeddable":true,"href":"https:\/\/medicinasinc.com\/da\/wp-json\/wp\/v2\/product_tag?post=5122"}],"curies":[{"name":"wp","href":"https:\/\/api.w.org\/{rel}","templated":true}]}}