{"id":5096,"date":"2022-02-20T20:15:06","date_gmt":"2022-02-20T20:15:06","guid":{"rendered":"https:\/\/medicinasinc.com\/da\/?post_type=product&#038;p=5096"},"modified":"2022-03-20T00:43:40","modified_gmt":"2022-03-20T00:43:40","slug":"grapefrugt-ukrudt-stamme","status":"publish","type":"product","link":"https:\/\/medicinasinc.com\/da\/product\/grapefrugt-ukrudt-stamme\/","title":{"rendered":"Grapefrugt ukrudtsstamme"},"content":{"rendered":"<p><strong>Online k\u00f8b af h\u00f8jkvalitets grapefrugtmarihuana<\/strong><\/p>\n<p>Grapefrugt er en n\u00e6sten ren sativa-stamme. Den blev skabt ved at krydse Askepot 99 med en ukendt grapefrugtsmagende sativa. Dette er ikke en rekreativ marihuana-stamme; det tilbyder ogs\u00e5 et v\u00e6ld af medicinske egenskaber. Efter et par pust vil du f\u00f8le dig mindre stresset, deprimeret og have smerter.<\/p>\n<p><strong>Sativa<\/strong>\u00a0\u2013 100 %<\/p>\n<p><strong>THC<\/strong> &gt;: 17-20%<\/p>\n<h3><strong>Vigtige forsendelsesoplysninger<\/strong><\/h3>\n<ul>\n<li><strong>GRATIS forsendelse for ordrer p\u00e5 $175 eller mere<\/strong><\/li>\n<li>Vi er beliggende p\u00e5 Canadas vestkyst<\/li>\n<li><strong>Ordrer vil tage omkring 3 hverdage at ankomme<\/strong>\u00a0efter Canada Post har modtaget pakken *forudsat at der ikke er forsinkelser fra Canada Post*<\/li>\n<li>Pakker afsendes baseret p\u00e5 tidspunktet\u00a0<strong>hvor betalingen modtages<\/strong>\u00a0IKKE n\u00e5r ordren er afgivet.<\/li>\n<li>Ordrer med betaling modtaget mellem kl. 12.00 PST \u2013 12.00 PST (midnat til middag) vil blive afsendt samme dag.<\/li>\n<li>Ordrer med betaling modtaget efter kl. 12.00 PST (middag) vil blive afsendt dagen efter.<\/li>\n<\/ul>\n<div class=\" product-next-previous\">\n<div class=\"product-prev\"><\/div><\/div>\n","protected":false},"excerpt":{"rendered":"<div class=\"woocommerce-product-details__short-description\">\n<p>Grapefrugt er en yderst kraftfuld sativa marihuana-stamme skabt ved at krydse Askepot 99 med grapefrugt. Grapefrugt har revitaliserende egenskaber og fremkalder en f\u00f8lelse af munterhed. Denne stamme har en tropisk smagsprofil og en duft af citrus.<\/p>\n<p>K\u00f8b Grapefruit Marihuana Strain er en yderst kraftfuld sativa-marihuana-stamme skabt ved at krydse Askepot 99 med Grapefruit. Grapefrugt-marihuana-stamme til salg online<\/p>\n<p>Grapefrugt-marihuana af den h\u00f8jeste kvalitet, der er tilg\u00e6ngelig online.<\/p>\n<p>Grapefrugt-Cannabis er en sativa-stamme. 70 % Dominant Hybrid Sativa \/ 30 % Indica THC: 20 %\u201325 %, CBN: 1 %<\/p>\n<\/p><\/div>\n","protected":false},"featured_media":5115,"comment_status":"open","ping_status":"closed","template":"","meta":[],"product_brand":[],"product_cat":[778],"product_tag":[1115,1064,1065,1066,1067,1072,1073,1074,1075,1080,1081,1082,1083,1089,1090,1091,1092,1097,1098,1099,1100,1105,1106,1107,1108,1113,1116,1088,1095,1096,1101,1102,1103,1093,1094,1111,1109,1110,1112,1114,1104,1060,1063,1068,1069,1070,1062,1077,1078,1061,1079,1084,1071,1085,1086,1076,1087],"class_list":{"0":"post-5096","1":"product","2":"type-product","3":"status-publish","4":"has-post-thumbnail","6":"product_cat-ukrudt-til-salg","7":"product_tag-billig-grapefrugt-marihuana-til-salg-online","8":"product_tag-buy-grapefruit-strain-online-in-canada","9":"product_tag-buy-grapefruit-strain-online-in-china","10":"product_tag-buy-grapefruit-strain-online-in-croatia","11":"product_tag-buy-grapefruit-strain-online-in-denmark","12":"product_tag-buy-grapefruit-strain-online-in-hungary","13":"product_tag-buy-grapefruit-strain-online-in-ireland","14":"product_tag-buy-grapefruit-strain-online-in-italy","15":"product_tag-buy-grapefruit-strain-online-in-japan","16":"product_tag-buy-grapefruit-strain-online-in-russia","17":"product_tag-buy-grapefruit-strain-online-in-scotland","18":"product_tag-buy-grapefruit-strain-online-in-spain","19":"product_tag-buy-grapefruit-strain-online-in-switzerland","20":"product_tag-buy-weed-online-in-austria","21":"product_tag-buy-weed-online-in-belarus","22":"product_tag-buy-weed-online-in-bulgary","23":"product_tag-buy-weed-online-in-canada","24":"product_tag-buy-weed-online-in-finland","25":"product_tag-buy-weed-online-in-france","26":"product_tag-buy-weed-online-in-germany","27":"product_tag-buy-weed-online-in-hungary","28":"product_tag-buy-weed-online-in-mexico","29":"product_tag-buy-weed-online-in-new-zealand","30":"product_tag-buy-weed-online-in-pillipines","31":"product_tag-buy-weed-online-in-russia","32":"product_tag-buy-weed-online-in-usa","33":"product_tag-grapefrugt-ukrudt-til-salg-online","34":"product_tag-kb-ukrudt-online-i-australien","35":"product_tag-kb-ukrudt-online-i-danmark","36":"product_tag-kb-ukrudt-online-i-england","37":"product_tag-kb-ukrudt-online-i-irland","38":"product_tag-kb-ukrudt-online-i-italien","39":"product_tag-kb-ukrudt-online-i-japan","40":"product_tag-kb-ukrudt-online-i-kina","41":"product_tag-kb-ukrudt-online-i-kroatien","42":"product_tag-kb-ukrudt-online-i-schweitz","43":"product_tag-kb-ukrudt-online-i-skotland","44":"product_tag-kb-ukrudt-online-i-spanien","45":"product_tag-kb-ukrudt-online-i-tyrkiet","46":"product_tag-kb-ukrudt-online-online-i-dk","47":"product_tag-kb-ukrudt-online-p-malta","48":"product_tag-kb-grapefrugt-stamme-online-i-australien","49":"product_tag-kb-grapefrugt-stamme-online-i-bulgary","50":"product_tag-kb-grapefrugt-stamme-online-i-england","51":"product_tag-kb-grapefrugt-stamme-online-i-finland","52":"product_tag-kb-grapefrugt-stamme-online-i-frankrig","53":"product_tag-kb-grapefrugt-stamme-online-i-hviderusland","54":"product_tag-kb-grapefrugt-stamme-online-i-mexico","55":"product_tag-kb-grapefrugt-stamme-online-i-ny-sjlland","56":"product_tag-kb-grapefrugt-stamme-online-i-strig","57":"product_tag-kb-grapefrugt-stamme-online-i-pillipiner","58":"product_tag-kb-grapefrugt-stamme-online-i-tyrkiet","59":"product_tag-kb-grapefrugt-stamme-online-i-tyskland","60":"product_tag-kb-grapefrugt-stamme-online-i-usa","61":"product_tag-kb-grapefrugt-stamme-online-online-i-dk","62":"product_tag-kb-grapefrugt-stamme-online-p-malta","63":"product_tag-kb-grapefrugt-ukrudt-stamme-online","65":"first","66":"instock","67":"shipping-taxable","68":"purchasable","69":"product-type-variable","70":"has-default-attributes"},"yoast_head":"<!-- This site is optimized with the Yoast SEO plugin v27.3 - https:\/\/yoast.com\/product\/yoast-seo-wordpress\/ -->\n<title>K\u00f8b Grapefruit Weed Strain - Bedste bedste globale medicin<\/title>\n<meta name=\"description\" content=\"K\u00f8b Grapefruit Weed Strain er en potent sativa marihuana stamme lavet gennem en krydsning af Askepot 99. K\u00f8b Grapefruit Marihuana Strain online\" \/>\n<meta name=\"robots\" content=\"index, follow, max-snippet:-1, max-image-preview:large, max-video-preview:-1\" \/>\n<link rel=\"canonical\" href=\"https:\/\/medicinasinc.com\/da\/product\/grapefrugt-ukrudt-stamme\/\" \/>\n<meta property=\"og:locale\" content=\"en_US\" \/>\n<meta property=\"og:type\" content=\"article\" \/>\n<meta property=\"og:title\" content=\"K\u00f8b Grapefruit Weed Strain - Bedste bedste globale medicin\" \/>\n<meta property=\"og:description\" content=\"K\u00f8b Grapefruit Weed Strain er en potent sativa marihuana stamme lavet gennem en krydsning af Askepot 99. K\u00f8b Grapefruit Marihuana Strain online\" \/>\n<meta property=\"og:url\" content=\"https:\/\/medicinasinc.com\/da\/product\/grapefrugt-ukrudt-stamme\/\" \/>\n<meta property=\"og:site_name\" content=\"Medicinas Inc\" \/>\n<meta property=\"article:modified_time\" content=\"2022-03-20T00:43:40+00:00\" \/>\n<meta property=\"og:image\" content=\"https:\/\/medicinasinc.com\/da\/wp-content\/uploads\/sites\/8\/2022\/02\/Buy-Grapefruit-Weed-Strain.jpg\" \/>\n\t<meta property=\"og:image:width\" content=\"600\" \/>\n\t<meta property=\"og:image:height\" content=\"600\" \/>\n\t<meta property=\"og:image:type\" content=\"image\/jpeg\" \/>\n<meta name=\"twitter:card\" content=\"summary_large_image\" \/>\n<meta name=\"twitter:label1\" content=\"Est. reading time\" \/>\n\t<meta name=\"twitter:data1\" content=\"1 minute\" \/>\n<script type=\"application\/ld+json\" class=\"yoast-schema-graph\">{\"@context\":\"https:\\\/\\\/schema.org\",\"@graph\":[{\"@type\":\"WebPage\",\"@id\":\"https:\\\/\\\/medicinasinc.com\\\/da\\\/product\\\/grapefrugt-ukrudt-stamme\\\/\",\"url\":\"https:\\\/\\\/medicinasinc.com\\\/da\\\/product\\\/grapefrugt-ukrudt-stamme\\\/\",\"name\":\"K\u00f8b Grapefruit Weed Strain - Bedste bedste globale medicin\",\"isPartOf\":{\"@id\":\"https:\\\/\\\/medicinasinc.com\\\/da\\\/#website\"},\"primaryImageOfPage\":{\"@id\":\"https:\\\/\\\/medicinasinc.com\\\/da\\\/product\\\/grapefrugt-ukrudt-stamme\\\/#primaryimage\"},\"image\":{\"@id\":\"https:\\\/\\\/medicinasinc.com\\\/da\\\/product\\\/grapefrugt-ukrudt-stamme\\\/#primaryimage\"},\"thumbnailUrl\":\"https:\\\/\\\/medicinasinc.com\\\/da\\\/wp-content\\\/uploads\\\/sites\\\/8\\\/2022\\\/02\\\/Buy-Grapefruit-Weed-Strain.jpg\",\"datePublished\":\"2022-02-20T20:15:06+00:00\",\"dateModified\":\"2022-03-20T00:43:40+00:00\",\"description\":\"K\u00f8b Grapefruit Weed Strain er en potent sativa marihuana stamme lavet gennem en krydsning af Askepot 99. K\u00f8b Grapefruit Marihuana Strain online\",\"breadcrumb\":{\"@id\":\"https:\\\/\\\/medicinasinc.com\\\/da\\\/product\\\/grapefrugt-ukrudt-stamme\\\/#breadcrumb\"},\"inLanguage\":\"en-US\",\"potentialAction\":[{\"@type\":\"ReadAction\",\"target\":[\"https:\\\/\\\/medicinasinc.com\\\/da\\\/product\\\/grapefrugt-ukrudt-stamme\\\/\"]}]},{\"@type\":\"ImageObject\",\"inLanguage\":\"en-US\",\"@id\":\"https:\\\/\\\/medicinasinc.com\\\/da\\\/product\\\/grapefrugt-ukrudt-stamme\\\/#primaryimage\",\"url\":\"https:\\\/\\\/medicinasinc.com\\\/da\\\/wp-content\\\/uploads\\\/sites\\\/8\\\/2022\\\/02\\\/Buy-Grapefruit-Weed-Strain.jpg\",\"contentUrl\":\"https:\\\/\\\/medicinasinc.com\\\/da\\\/wp-content\\\/uploads\\\/sites\\\/8\\\/2022\\\/02\\\/Buy-Grapefruit-Weed-Strain.jpg\",\"width\":600,\"height\":600},{\"@type\":\"BreadcrumbList\",\"@id\":\"https:\\\/\\\/medicinasinc.com\\\/da\\\/product\\\/grapefrugt-ukrudt-stamme\\\/#breadcrumb\",\"itemListElement\":[{\"@type\":\"ListItem\",\"position\":1,\"name\":\"Butik\",\"item\":\"https:\\\/\\\/medicinasinc.com\\\/da\\\/butik\\\/\"},{\"@type\":\"ListItem\",\"position\":2,\"name\":\"Grapefrugt ukrudtsstamme\"}]},{\"@type\":\"WebSite\",\"@id\":\"https:\\\/\\\/medicinasinc.com\\\/da\\\/#website\",\"url\":\"https:\\\/\\\/medicinasinc.com\\\/da\\\/\",\"name\":\"Medicinas Inc\",\"description\":\"Health Medical Clinic\",\"potentialAction\":[{\"@type\":\"SearchAction\",\"target\":{\"@type\":\"EntryPoint\",\"urlTemplate\":\"https:\\\/\\\/medicinasinc.com\\\/da\\\/?s={search_term_string}\"},\"query-input\":{\"@type\":\"PropertyValueSpecification\",\"valueRequired\":true,\"valueName\":\"search_term_string\"}}],\"inLanguage\":\"en-US\"}]}<\/script>\n<!-- \/ Yoast SEO plugin. -->","yoast_head_json":{"title":"K\u00f8b Grapefruit Weed Strain - Bedste bedste globale medicin","description":"K\u00f8b Grapefruit Weed Strain er en potent sativa marihuana stamme lavet gennem en krydsning af Askepot 99. K\u00f8b Grapefruit Marihuana Strain online","robots":{"index":"index","follow":"follow","max-snippet":"max-snippet:-1","max-image-preview":"max-image-preview:large","max-video-preview":"max-video-preview:-1"},"canonical":"https:\/\/medicinasinc.com\/da\/product\/grapefrugt-ukrudt-stamme\/","og_locale":"en_US","og_type":"article","og_title":"K\u00f8b Grapefruit Weed Strain - Bedste bedste globale medicin","og_description":"K\u00f8b Grapefruit Weed Strain er en potent sativa marihuana stamme lavet gennem en krydsning af Askepot 99. K\u00f8b Grapefruit Marihuana Strain online","og_url":"https:\/\/medicinasinc.com\/da\/product\/grapefrugt-ukrudt-stamme\/","og_site_name":"Medicinas Inc","article_modified_time":"2022-03-20T00:43:40+00:00","og_image":[{"width":600,"height":600,"url":"https:\/\/medicinasinc.com\/da\/wp-content\/uploads\/sites\/8\/2022\/02\/Buy-Grapefruit-Weed-Strain.jpg","type":"image\/jpeg"}],"twitter_card":"summary_large_image","twitter_misc":{"Est. reading time":"1 minute"},"schema":{"@context":"https:\/\/schema.org","@graph":[{"@type":"WebPage","@id":"https:\/\/medicinasinc.com\/da\/product\/grapefrugt-ukrudt-stamme\/","url":"https:\/\/medicinasinc.com\/da\/product\/grapefrugt-ukrudt-stamme\/","name":"K\u00f8b Grapefruit Weed Strain - Bedste bedste globale medicin","isPartOf":{"@id":"https:\/\/medicinasinc.com\/da\/#website"},"primaryImageOfPage":{"@id":"https:\/\/medicinasinc.com\/da\/product\/grapefrugt-ukrudt-stamme\/#primaryimage"},"image":{"@id":"https:\/\/medicinasinc.com\/da\/product\/grapefrugt-ukrudt-stamme\/#primaryimage"},"thumbnailUrl":"https:\/\/medicinasinc.com\/da\/wp-content\/uploads\/sites\/8\/2022\/02\/Buy-Grapefruit-Weed-Strain.jpg","datePublished":"2022-02-20T20:15:06+00:00","dateModified":"2022-03-20T00:43:40+00:00","description":"K\u00f8b Grapefruit Weed Strain er en potent sativa marihuana stamme lavet gennem en krydsning af Askepot 99. K\u00f8b Grapefruit Marihuana Strain online","breadcrumb":{"@id":"https:\/\/medicinasinc.com\/da\/product\/grapefrugt-ukrudt-stamme\/#breadcrumb"},"inLanguage":"en-US","potentialAction":[{"@type":"ReadAction","target":["https:\/\/medicinasinc.com\/da\/product\/grapefrugt-ukrudt-stamme\/"]}]},{"@type":"ImageObject","inLanguage":"en-US","@id":"https:\/\/medicinasinc.com\/da\/product\/grapefrugt-ukrudt-stamme\/#primaryimage","url":"https:\/\/medicinasinc.com\/da\/wp-content\/uploads\/sites\/8\/2022\/02\/Buy-Grapefruit-Weed-Strain.jpg","contentUrl":"https:\/\/medicinasinc.com\/da\/wp-content\/uploads\/sites\/8\/2022\/02\/Buy-Grapefruit-Weed-Strain.jpg","width":600,"height":600},{"@type":"BreadcrumbList","@id":"https:\/\/medicinasinc.com\/da\/product\/grapefrugt-ukrudt-stamme\/#breadcrumb","itemListElement":[{"@type":"ListItem","position":1,"name":"Butik","item":"https:\/\/medicinasinc.com\/da\/butik\/"},{"@type":"ListItem","position":2,"name":"Grapefrugt ukrudtsstamme"}]},{"@type":"WebSite","@id":"https:\/\/medicinasinc.com\/da\/#website","url":"https:\/\/medicinasinc.com\/da\/","name":"Medicinas Inc","description":"Health Medical Clinic","potentialAction":[{"@type":"SearchAction","target":{"@type":"EntryPoint","urlTemplate":"https:\/\/medicinasinc.com\/da\/?s={search_term_string}"},"query-input":{"@type":"PropertyValueSpecification","valueRequired":true,"valueName":"search_term_string"}}],"inLanguage":"en-US"}]}},"_links":{"self":[{"href":"https:\/\/medicinasinc.com\/da\/wp-json\/wp\/v2\/product\/5096","targetHints":{"allow":["GET"]}}],"collection":[{"href":"https:\/\/medicinasinc.com\/da\/wp-json\/wp\/v2\/product"}],"about":[{"href":"https:\/\/medicinasinc.com\/da\/wp-json\/wp\/v2\/types\/product"}],"replies":[{"embeddable":true,"href":"https:\/\/medicinasinc.com\/da\/wp-json\/wp\/v2\/comments?post=5096"}],"wp:featuredmedia":[{"embeddable":true,"href":"https:\/\/medicinasinc.com\/da\/wp-json\/wp\/v2\/media\/5115"}],"wp:attachment":[{"href":"https:\/\/medicinasinc.com\/da\/wp-json\/wp\/v2\/media?parent=5096"}],"wp:term":[{"taxonomy":"product_brand","embeddable":true,"href":"https:\/\/medicinasinc.com\/da\/wp-json\/wp\/v2\/product_brand?post=5096"},{"taxonomy":"product_cat","embeddable":true,"href":"https:\/\/medicinasinc.com\/da\/wp-json\/wp\/v2\/product_cat?post=5096"},{"taxonomy":"product_tag","embeddable":true,"href":"https:\/\/medicinasinc.com\/da\/wp-json\/wp\/v2\/product_tag?post=5096"}],"curies":[{"name":"wp","href":"https:\/\/api.w.org\/{rel}","templated":true}]}}