{"id":5095,"date":"2022-02-20T20:14:14","date_gmt":"2022-02-20T20:14:14","guid":{"rendered":"https:\/\/medicinasinc.com\/da\/?post_type=product&#038;p=5095"},"modified":"2022-03-20T00:43:48","modified_gmt":"2022-03-20T00:43:48","slug":"tun-kush","status":"publish","type":"product","link":"https:\/\/medicinasinc.com\/da\/product\/tun-kush\/","title":{"rendered":"Tun Kush"},"content":{"rendered":"<p><strong>Knapst\u00f8rrelse: Medium<\/strong><br \/> <strong>Tekstur: Let kl\u00e6brig \/ let kl\u00e6brig<br \/> Smag: Jordagtig \/ Tr\u00e6agtig \/ skarp<\/strong><\/p>\n<div>\n<div class=\"product-prev\">Tuna Kush er et British Columbia-f\u00e6nomen, der er ved at g\u00f8re comeback p\u00e5 de nordamerikanske markeder for medicinsk cannabis. Denne race er blevet kaldt en af \u200b\u200bde mest potente p\u00e5 markedet og genererer kompakte, tykke klumper, der er t\u00e6t belagt med harpiks. Selvom Tuna Kush ikke er kendt for at have h\u00f8je udbytter, vil det, der kommer ud af disse tyndere stilke, v\u00e6re potent og smagfuldt. N\u00e5r det er sagt, hvis denne stamme kommer ind i din v\u00e6kst, vil du m\u00e5ske forbedre dine kulfiltre, da denne knop stinker! Forvent en kombination af skarp skunk, br\u00e6ndstof og en delikat s\u00f8dme.<\/div><\/div>\n","protected":false},"excerpt":{"rendered":"<p>K\u00f8b Tuna Kush er en af \u200b\u200bde mest potente indica cannabis-stammer, der er til salg. \u00c9n toke vil fremkalde en dyb f\u00f8lelse af opstemthed og afslapning.<\/p>\n<p>Bluefin Tuna Kush er en indica dominerende hybridstamme, der kombinerer det bedste fra Blueberry og BC ber\u00f8mte Tuna Kush.<\/p>\n","protected":false},"featured_media":5113,"comment_status":"open","ping_status":"closed","template":"","meta":[],"product_brand":[],"product_cat":[778],"product_tag":[],"class_list":{"0":"post-5095","1":"product","2":"type-product","3":"status-publish","4":"has-post-thumbnail","6":"product_cat-ukrudt-til-salg","8":"first","9":"instock","10":"shipping-taxable","11":"purchasable","12":"product-type-variable","13":"has-default-attributes"},"yoast_head":"<!-- This site is optimized with the Yoast SEO plugin v27.3 - https:\/\/yoast.com\/product\/yoast-seo-wordpress\/ -->\n<title>K\u00f8b Tuna Kush - Tuna Kush - Bedste globale medicin<\/title>\n<meta name=\"description\" content=\"K\u00f8b Tuna Kush-ukrudt til salg er en af \u200b\u200bde mest potente indica cannabis-stammer, der findes. En toke vil s\u00e6tte dig i en dyb tilstand af eufori og afslapning.\" \/>\n<meta name=\"robots\" content=\"index, follow, max-snippet:-1, max-image-preview:large, max-video-preview:-1\" \/>\n<link rel=\"canonical\" href=\"https:\/\/medicinasinc.com\/da\/product\/tun-kush\/\" \/>\n<meta property=\"og:locale\" content=\"en_US\" \/>\n<meta property=\"og:type\" content=\"article\" \/>\n<meta property=\"og:title\" content=\"K\u00f8b Tuna Kush - Tuna Kush - Bedste globale medicin\" \/>\n<meta property=\"og:description\" content=\"K\u00f8b Tuna Kush-ukrudt til salg er en af \u200b\u200bde mest potente indica cannabis-stammer, der findes. En toke vil s\u00e6tte dig i en dyb tilstand af eufori og afslapning.\" \/>\n<meta property=\"og:url\" content=\"https:\/\/medicinasinc.com\/da\/product\/tun-kush\/\" \/>\n<meta property=\"og:site_name\" content=\"Medicinas Inc\" \/>\n<meta property=\"article:modified_time\" content=\"2022-03-20T00:43:48+00:00\" \/>\n<meta property=\"og:image\" content=\"https:\/\/medicinasinc.com\/da\/wp-content\/uploads\/sites\/8\/2022\/02\/Buy-Tuna-Kush.jpg\" \/>\n\t<meta property=\"og:image:width\" content=\"1024\" \/>\n\t<meta property=\"og:image:height\" content=\"768\" \/>\n\t<meta property=\"og:image:type\" content=\"image\/jpeg\" \/>\n<meta name=\"twitter:card\" content=\"summary_large_image\" \/>\n<meta name=\"twitter:label1\" content=\"Est. reading time\" \/>\n\t<meta name=\"twitter:data1\" content=\"1 minute\" \/>\n<script type=\"application\/ld+json\" class=\"yoast-schema-graph\">{\"@context\":\"https:\\\/\\\/schema.org\",\"@graph\":[{\"@type\":\"WebPage\",\"@id\":\"https:\\\/\\\/medicinasinc.com\\\/da\\\/product\\\/tun-kush\\\/\",\"url\":\"https:\\\/\\\/medicinasinc.com\\\/da\\\/product\\\/tun-kush\\\/\",\"name\":\"K\u00f8b Tuna Kush - Tuna Kush - Bedste globale medicin\",\"isPartOf\":{\"@id\":\"https:\\\/\\\/medicinasinc.com\\\/da\\\/#website\"},\"primaryImageOfPage\":{\"@id\":\"https:\\\/\\\/medicinasinc.com\\\/da\\\/product\\\/tun-kush\\\/#primaryimage\"},\"image\":{\"@id\":\"https:\\\/\\\/medicinasinc.com\\\/da\\\/product\\\/tun-kush\\\/#primaryimage\"},\"thumbnailUrl\":\"https:\\\/\\\/medicinasinc.com\\\/da\\\/wp-content\\\/uploads\\\/sites\\\/8\\\/2022\\\/02\\\/Buy-Tuna-Kush.jpg\",\"datePublished\":\"2022-02-20T20:14:14+00:00\",\"dateModified\":\"2022-03-20T00:43:48+00:00\",\"description\":\"K\u00f8b Tuna Kush-ukrudt til salg er en af \u200b\u200bde mest potente indica cannabis-stammer, der findes. En toke vil s\u00e6tte dig i en dyb tilstand af eufori og afslapning.\",\"breadcrumb\":{\"@id\":\"https:\\\/\\\/medicinasinc.com\\\/da\\\/product\\\/tun-kush\\\/#breadcrumb\"},\"inLanguage\":\"en-US\",\"potentialAction\":[{\"@type\":\"ReadAction\",\"target\":[\"https:\\\/\\\/medicinasinc.com\\\/da\\\/product\\\/tun-kush\\\/\"]}]},{\"@type\":\"ImageObject\",\"inLanguage\":\"en-US\",\"@id\":\"https:\\\/\\\/medicinasinc.com\\\/da\\\/product\\\/tun-kush\\\/#primaryimage\",\"url\":\"https:\\\/\\\/medicinasinc.com\\\/da\\\/wp-content\\\/uploads\\\/sites\\\/8\\\/2022\\\/02\\\/Buy-Tuna-Kush.jpg\",\"contentUrl\":\"https:\\\/\\\/medicinasinc.com\\\/da\\\/wp-content\\\/uploads\\\/sites\\\/8\\\/2022\\\/02\\\/Buy-Tuna-Kush.jpg\",\"width\":1024,\"height\":768},{\"@type\":\"BreadcrumbList\",\"@id\":\"https:\\\/\\\/medicinasinc.com\\\/da\\\/product\\\/tun-kush\\\/#breadcrumb\",\"itemListElement\":[{\"@type\":\"ListItem\",\"position\":1,\"name\":\"Butik\",\"item\":\"https:\\\/\\\/medicinasinc.com\\\/da\\\/butik\\\/\"},{\"@type\":\"ListItem\",\"position\":2,\"name\":\"Tun Kush\"}]},{\"@type\":\"WebSite\",\"@id\":\"https:\\\/\\\/medicinasinc.com\\\/da\\\/#website\",\"url\":\"https:\\\/\\\/medicinasinc.com\\\/da\\\/\",\"name\":\"Medicinas Inc\",\"description\":\"Health Medical Clinic\",\"potentialAction\":[{\"@type\":\"SearchAction\",\"target\":{\"@type\":\"EntryPoint\",\"urlTemplate\":\"https:\\\/\\\/medicinasinc.com\\\/da\\\/?s={search_term_string}\"},\"query-input\":{\"@type\":\"PropertyValueSpecification\",\"valueRequired\":true,\"valueName\":\"search_term_string\"}}],\"inLanguage\":\"en-US\"}]}<\/script>\n<!-- \/ Yoast SEO plugin. -->","yoast_head_json":{"title":"K\u00f8b Tuna Kush - Tuna Kush - Bedste globale medicin","description":"K\u00f8b Tuna Kush-ukrudt til salg er en af \u200b\u200bde mest potente indica cannabis-stammer, der findes. En toke vil s\u00e6tte dig i en dyb tilstand af eufori og afslapning.","robots":{"index":"index","follow":"follow","max-snippet":"max-snippet:-1","max-image-preview":"max-image-preview:large","max-video-preview":"max-video-preview:-1"},"canonical":"https:\/\/medicinasinc.com\/da\/product\/tun-kush\/","og_locale":"en_US","og_type":"article","og_title":"K\u00f8b Tuna Kush - Tuna Kush - Bedste globale medicin","og_description":"K\u00f8b Tuna Kush-ukrudt til salg er en af \u200b\u200bde mest potente indica cannabis-stammer, der findes. En toke vil s\u00e6tte dig i en dyb tilstand af eufori og afslapning.","og_url":"https:\/\/medicinasinc.com\/da\/product\/tun-kush\/","og_site_name":"Medicinas Inc","article_modified_time":"2022-03-20T00:43:48+00:00","og_image":[{"width":1024,"height":768,"url":"https:\/\/medicinasinc.com\/da\/wp-content\/uploads\/sites\/8\/2022\/02\/Buy-Tuna-Kush.jpg","type":"image\/jpeg"}],"twitter_card":"summary_large_image","twitter_misc":{"Est. reading time":"1 minute"},"schema":{"@context":"https:\/\/schema.org","@graph":[{"@type":"WebPage","@id":"https:\/\/medicinasinc.com\/da\/product\/tun-kush\/","url":"https:\/\/medicinasinc.com\/da\/product\/tun-kush\/","name":"K\u00f8b Tuna Kush - Tuna Kush - Bedste globale medicin","isPartOf":{"@id":"https:\/\/medicinasinc.com\/da\/#website"},"primaryImageOfPage":{"@id":"https:\/\/medicinasinc.com\/da\/product\/tun-kush\/#primaryimage"},"image":{"@id":"https:\/\/medicinasinc.com\/da\/product\/tun-kush\/#primaryimage"},"thumbnailUrl":"https:\/\/medicinasinc.com\/da\/wp-content\/uploads\/sites\/8\/2022\/02\/Buy-Tuna-Kush.jpg","datePublished":"2022-02-20T20:14:14+00:00","dateModified":"2022-03-20T00:43:48+00:00","description":"K\u00f8b Tuna Kush-ukrudt til salg er en af \u200b\u200bde mest potente indica cannabis-stammer, der findes. En toke vil s\u00e6tte dig i en dyb tilstand af eufori og afslapning.","breadcrumb":{"@id":"https:\/\/medicinasinc.com\/da\/product\/tun-kush\/#breadcrumb"},"inLanguage":"en-US","potentialAction":[{"@type":"ReadAction","target":["https:\/\/medicinasinc.com\/da\/product\/tun-kush\/"]}]},{"@type":"ImageObject","inLanguage":"en-US","@id":"https:\/\/medicinasinc.com\/da\/product\/tun-kush\/#primaryimage","url":"https:\/\/medicinasinc.com\/da\/wp-content\/uploads\/sites\/8\/2022\/02\/Buy-Tuna-Kush.jpg","contentUrl":"https:\/\/medicinasinc.com\/da\/wp-content\/uploads\/sites\/8\/2022\/02\/Buy-Tuna-Kush.jpg","width":1024,"height":768},{"@type":"BreadcrumbList","@id":"https:\/\/medicinasinc.com\/da\/product\/tun-kush\/#breadcrumb","itemListElement":[{"@type":"ListItem","position":1,"name":"Butik","item":"https:\/\/medicinasinc.com\/da\/butik\/"},{"@type":"ListItem","position":2,"name":"Tun Kush"}]},{"@type":"WebSite","@id":"https:\/\/medicinasinc.com\/da\/#website","url":"https:\/\/medicinasinc.com\/da\/","name":"Medicinas Inc","description":"Health Medical Clinic","potentialAction":[{"@type":"SearchAction","target":{"@type":"EntryPoint","urlTemplate":"https:\/\/medicinasinc.com\/da\/?s={search_term_string}"},"query-input":{"@type":"PropertyValueSpecification","valueRequired":true,"valueName":"search_term_string"}}],"inLanguage":"en-US"}]}},"_links":{"self":[{"href":"https:\/\/medicinasinc.com\/da\/wp-json\/wp\/v2\/product\/5095","targetHints":{"allow":["GET"]}}],"collection":[{"href":"https:\/\/medicinasinc.com\/da\/wp-json\/wp\/v2\/product"}],"about":[{"href":"https:\/\/medicinasinc.com\/da\/wp-json\/wp\/v2\/types\/product"}],"replies":[{"embeddable":true,"href":"https:\/\/medicinasinc.com\/da\/wp-json\/wp\/v2\/comments?post=5095"}],"wp:featuredmedia":[{"embeddable":true,"href":"https:\/\/medicinasinc.com\/da\/wp-json\/wp\/v2\/media\/5113"}],"wp:attachment":[{"href":"https:\/\/medicinasinc.com\/da\/wp-json\/wp\/v2\/media?parent=5095"}],"wp:term":[{"taxonomy":"product_brand","embeddable":true,"href":"https:\/\/medicinasinc.com\/da\/wp-json\/wp\/v2\/product_brand?post=5095"},{"taxonomy":"product_cat","embeddable":true,"href":"https:\/\/medicinasinc.com\/da\/wp-json\/wp\/v2\/product_cat?post=5095"},{"taxonomy":"product_tag","embeddable":true,"href":"https:\/\/medicinasinc.com\/da\/wp-json\/wp\/v2\/product_tag?post=5095"}],"curies":[{"name":"wp","href":"https:\/\/api.w.org\/{rel}","templated":true}]}}