{"id":5094,"date":"2022-02-20T20:12:57","date_gmt":"2022-02-20T20:12:57","guid":{"rendered":"https:\/\/medicinasinc.com\/da\/?post_type=product&#038;p=5094"},"modified":"2022-03-20T00:43:59","modified_gmt":"2022-03-20T00:43:59","slug":"kob-pink-kush","status":"publish","type":"product","link":"https:\/\/medicinasinc.com\/da\/product\/kob-pink-kush\/","title":{"rendered":"K\u00f8b Pink Kush"},"content":{"rendered":"<p><strong>Online k\u00f8b af Pink Kush<\/strong><\/p>\n<p>Pink Kush er ligesom sin OG Kush-s\u00f8skende en meget efterspurgt indica-dominerende hybrid med potente kropsfokuserede effekter. Pink h\u00e5r dukker op fra lyse gr\u00f8nne knopper, der knap er synlige under et lag af sukkerlignende trichomer, hvilket giver en s\u00f8d vanilje- og slikduft. Denne stammes effektivitet menes at v\u00e6re overv\u00e6ldende, og selv sm\u00e5 doser har vist sig at lindre smerte, s\u00f8vnl\u00f8shed og appetitl\u00f8shed. Pink Kush-blomstringen tager 10 til 11 uger, men det enorme udbytte af knopper p\u00e5 \u00f8verste hylde g\u00f8r ventetiden umagen v\u00e6rd.<\/p>\n<div class=\"product-next-previous\">\n<div class=\"product-prev\"><\/div><\/div>\n","protected":false},"excerpt":{"rendered":"<p>K\u00f8b Pink Kush cannabis og andre AAA+ ukrudtsstammer fra Europas foretrukne online apotek. Bestil din ordre i dag, og drag fordel af gratis levering p\u00e5 alle ordrer over $150!<\/p>\n<p>Pink Kush er ligesom sin OG Kush-s\u00f8skende en meget eftertragtet indica-dominerende hybrid med potente kropsfokuserede effekter.<\/p>\n<div>\n<p class=\"percentage\"><span class=\"heading\">THC:\u00a0<\/span>25 %<\/p>\n<\/p><\/div>\n<div class=\"panel-heading\">Kan aflaste <i class=\"fa fa-info-circle\" title=\"Ansvarsfraskrivelse: Alle oplysninger om cannabisstammer, der vises p\u00e5 denne hjemmeside, er baseret p\u00e5 brugeranmeldelser. De viste stammedata skal behandles som et informativt v\u00e6rkt\u00f8j og ikke som medicinsk anbefaling. Kontakt venligst din l\u00e6ge, f\u00f8r du bruger cannabis til medicinske form\u00e5l.\" data-toggle=\"tooltip\" data-placement=\"right\"><\/i><\/div>\n<div class=\"panel-body well tags-list\">Appetitttab,\u00a0kroniske smerter,\u00a0depression,\u00a0s\u00f8vnl\u00f8shed,\u00a0kvalme<\/div>\n<ul>\n<li>AAAA repr\u00e6senterer det bedste af det bedste!<\/li>\n<li>Kontakt os for engrosordrer<\/li>\n<li>Forsendelse til hele verden.<\/li>\n<\/ul>\n","protected":false},"featured_media":5111,"comment_status":"open","ping_status":"closed","template":"","meta":[],"product_brand":[],"product_cat":[778],"product_tag":[1049,1050,1051,1052,634,1053,1055,1054,1056,1058,1057,1059],"class_list":{"0":"post-5094","1":"product","2":"type-product","3":"status-publish","4":"has-post-thumbnail","6":"product_cat-ukrudt-til-salg","7":"product_tag-buy-cannabis-online-uk","8":"product_tag-buy-medical-marijuana-online-uk","9":"product_tag-buy-nembutal","10":"product_tag-hybrid-ukrudts-stammer","11":"product_tag-kb-marihuana-online-uk","12":"product_tag-marihuana-stammer-online","13":"product_tag-online-medicinsk-marihuana-salg","14":"product_tag-online-marihuana-salg","15":"product_tag-oxycontin-80-mg","16":"product_tag-rekreativt-marihuana-ambulatorium","17":"product_tag-smerte-tabletter-til-salg","18":"product_tag-ukrudt-til-salg-i-italien","20":"first","21":"instock","22":"shipping-taxable","23":"purchasable","24":"product-type-variable","25":"has-default-attributes"},"yoast_head":"<!-- This site is optimized with the Yoast SEO plugin v27.3 - https:\/\/yoast.com\/product\/yoast-seo-wordpress\/ -->\n<title>K\u00f8b Pink Kush Online - Bedste bedste globale medicin<\/title>\n<meta name=\"description\" content=\"K\u00f8b Pink Kush ukrudtsstamme og mere AAA+ ukrudt fra Europas foretrukne online apotek. Bestil i dag og nyd gratis fragt p\u00e5 alle ordrer over $150!\" \/>\n<meta name=\"robots\" content=\"index, follow, max-snippet:-1, max-image-preview:large, max-video-preview:-1\" \/>\n<link rel=\"canonical\" href=\"https:\/\/medicinasinc.com\/da\/product\/kob-pink-kush\/\" \/>\n<meta property=\"og:locale\" content=\"en_US\" \/>\n<meta property=\"og:type\" content=\"article\" \/>\n<meta property=\"og:title\" content=\"K\u00f8b Pink Kush Online - Bedste bedste globale medicin\" \/>\n<meta property=\"og:description\" content=\"K\u00f8b Pink Kush ukrudtsstamme og mere AAA+ ukrudt fra Europas foretrukne online apotek. Bestil i dag og nyd gratis fragt p\u00e5 alle ordrer over $150!\" \/>\n<meta property=\"og:url\" content=\"https:\/\/medicinasinc.com\/da\/product\/kob-pink-kush\/\" \/>\n<meta property=\"og:site_name\" content=\"Medicinas Inc\" \/>\n<meta property=\"article:modified_time\" content=\"2022-03-20T00:43:59+00:00\" \/>\n<meta property=\"og:image\" content=\"https:\/\/medicinasinc.com\/da\/wp-content\/uploads\/sites\/8\/2022\/02\/Buy-Pink-Kush.jpg\" \/>\n\t<meta property=\"og:image:width\" content=\"450\" \/>\n\t<meta property=\"og:image:height\" content=\"450\" \/>\n\t<meta property=\"og:image:type\" content=\"image\/jpeg\" \/>\n<meta name=\"twitter:card\" content=\"summary_large_image\" \/>\n<meta name=\"twitter:label1\" content=\"Est. reading time\" \/>\n\t<meta name=\"twitter:data1\" content=\"1 minute\" \/>\n<script type=\"application\/ld+json\" class=\"yoast-schema-graph\">{\"@context\":\"https:\\\/\\\/schema.org\",\"@graph\":[{\"@type\":\"WebPage\",\"@id\":\"https:\\\/\\\/medicinasinc.com\\\/da\\\/product\\\/kob-pink-kush\\\/\",\"url\":\"https:\\\/\\\/medicinasinc.com\\\/da\\\/product\\\/kob-pink-kush\\\/\",\"name\":\"K\u00f8b Pink Kush Online - Bedste bedste globale medicin\",\"isPartOf\":{\"@id\":\"https:\\\/\\\/medicinasinc.com\\\/da\\\/#website\"},\"primaryImageOfPage\":{\"@id\":\"https:\\\/\\\/medicinasinc.com\\\/da\\\/product\\\/kob-pink-kush\\\/#primaryimage\"},\"image\":{\"@id\":\"https:\\\/\\\/medicinasinc.com\\\/da\\\/product\\\/kob-pink-kush\\\/#primaryimage\"},\"thumbnailUrl\":\"https:\\\/\\\/medicinasinc.com\\\/da\\\/wp-content\\\/uploads\\\/sites\\\/8\\\/2022\\\/02\\\/Buy-Pink-Kush.jpg\",\"datePublished\":\"2022-02-20T20:12:57+00:00\",\"dateModified\":\"2022-03-20T00:43:59+00:00\",\"description\":\"K\u00f8b Pink Kush ukrudtsstamme og mere AAA+ ukrudt fra Europas foretrukne online apotek. Bestil i dag og nyd gratis fragt p\u00e5 alle ordrer over $150!\",\"breadcrumb\":{\"@id\":\"https:\\\/\\\/medicinasinc.com\\\/da\\\/product\\\/kob-pink-kush\\\/#breadcrumb\"},\"inLanguage\":\"en-US\",\"potentialAction\":[{\"@type\":\"ReadAction\",\"target\":[\"https:\\\/\\\/medicinasinc.com\\\/da\\\/product\\\/kob-pink-kush\\\/\"]}]},{\"@type\":\"ImageObject\",\"inLanguage\":\"en-US\",\"@id\":\"https:\\\/\\\/medicinasinc.com\\\/da\\\/product\\\/kob-pink-kush\\\/#primaryimage\",\"url\":\"https:\\\/\\\/medicinasinc.com\\\/da\\\/wp-content\\\/uploads\\\/sites\\\/8\\\/2022\\\/02\\\/Buy-Pink-Kush.jpg\",\"contentUrl\":\"https:\\\/\\\/medicinasinc.com\\\/da\\\/wp-content\\\/uploads\\\/sites\\\/8\\\/2022\\\/02\\\/Buy-Pink-Kush.jpg\",\"width\":450,\"height\":450},{\"@type\":\"BreadcrumbList\",\"@id\":\"https:\\\/\\\/medicinasinc.com\\\/da\\\/product\\\/kob-pink-kush\\\/#breadcrumb\",\"itemListElement\":[{\"@type\":\"ListItem\",\"position\":1,\"name\":\"Butik\",\"item\":\"https:\\\/\\\/medicinasinc.com\\\/da\\\/butik\\\/\"},{\"@type\":\"ListItem\",\"position\":2,\"name\":\"K\u00f8b Pink Kush\"}]},{\"@type\":\"WebSite\",\"@id\":\"https:\\\/\\\/medicinasinc.com\\\/da\\\/#website\",\"url\":\"https:\\\/\\\/medicinasinc.com\\\/da\\\/\",\"name\":\"Medicinas Inc\",\"description\":\"Health Medical Clinic\",\"potentialAction\":[{\"@type\":\"SearchAction\",\"target\":{\"@type\":\"EntryPoint\",\"urlTemplate\":\"https:\\\/\\\/medicinasinc.com\\\/da\\\/?s={search_term_string}\"},\"query-input\":{\"@type\":\"PropertyValueSpecification\",\"valueRequired\":true,\"valueName\":\"search_term_string\"}}],\"inLanguage\":\"en-US\"}]}<\/script>\n<!-- \/ Yoast SEO plugin. -->","yoast_head_json":{"title":"K\u00f8b Pink Kush Online - Bedste bedste globale medicin","description":"K\u00f8b Pink Kush ukrudtsstamme og mere AAA+ ukrudt fra Europas foretrukne online apotek. Bestil i dag og nyd gratis fragt p\u00e5 alle ordrer over $150!","robots":{"index":"index","follow":"follow","max-snippet":"max-snippet:-1","max-image-preview":"max-image-preview:large","max-video-preview":"max-video-preview:-1"},"canonical":"https:\/\/medicinasinc.com\/da\/product\/kob-pink-kush\/","og_locale":"en_US","og_type":"article","og_title":"K\u00f8b Pink Kush Online - Bedste bedste globale medicin","og_description":"K\u00f8b Pink Kush ukrudtsstamme og mere AAA+ ukrudt fra Europas foretrukne online apotek. Bestil i dag og nyd gratis fragt p\u00e5 alle ordrer over $150!","og_url":"https:\/\/medicinasinc.com\/da\/product\/kob-pink-kush\/","og_site_name":"Medicinas Inc","article_modified_time":"2022-03-20T00:43:59+00:00","og_image":[{"width":450,"height":450,"url":"https:\/\/medicinasinc.com\/da\/wp-content\/uploads\/sites\/8\/2022\/02\/Buy-Pink-Kush.jpg","type":"image\/jpeg"}],"twitter_card":"summary_large_image","twitter_misc":{"Est. reading time":"1 minute"},"schema":{"@context":"https:\/\/schema.org","@graph":[{"@type":"WebPage","@id":"https:\/\/medicinasinc.com\/da\/product\/kob-pink-kush\/","url":"https:\/\/medicinasinc.com\/da\/product\/kob-pink-kush\/","name":"K\u00f8b Pink Kush Online - Bedste bedste globale medicin","isPartOf":{"@id":"https:\/\/medicinasinc.com\/da\/#website"},"primaryImageOfPage":{"@id":"https:\/\/medicinasinc.com\/da\/product\/kob-pink-kush\/#primaryimage"},"image":{"@id":"https:\/\/medicinasinc.com\/da\/product\/kob-pink-kush\/#primaryimage"},"thumbnailUrl":"https:\/\/medicinasinc.com\/da\/wp-content\/uploads\/sites\/8\/2022\/02\/Buy-Pink-Kush.jpg","datePublished":"2022-02-20T20:12:57+00:00","dateModified":"2022-03-20T00:43:59+00:00","description":"K\u00f8b Pink Kush ukrudtsstamme og mere AAA+ ukrudt fra Europas foretrukne online apotek. Bestil i dag og nyd gratis fragt p\u00e5 alle ordrer over $150!","breadcrumb":{"@id":"https:\/\/medicinasinc.com\/da\/product\/kob-pink-kush\/#breadcrumb"},"inLanguage":"en-US","potentialAction":[{"@type":"ReadAction","target":["https:\/\/medicinasinc.com\/da\/product\/kob-pink-kush\/"]}]},{"@type":"ImageObject","inLanguage":"en-US","@id":"https:\/\/medicinasinc.com\/da\/product\/kob-pink-kush\/#primaryimage","url":"https:\/\/medicinasinc.com\/da\/wp-content\/uploads\/sites\/8\/2022\/02\/Buy-Pink-Kush.jpg","contentUrl":"https:\/\/medicinasinc.com\/da\/wp-content\/uploads\/sites\/8\/2022\/02\/Buy-Pink-Kush.jpg","width":450,"height":450},{"@type":"BreadcrumbList","@id":"https:\/\/medicinasinc.com\/da\/product\/kob-pink-kush\/#breadcrumb","itemListElement":[{"@type":"ListItem","position":1,"name":"Butik","item":"https:\/\/medicinasinc.com\/da\/butik\/"},{"@type":"ListItem","position":2,"name":"K\u00f8b Pink Kush"}]},{"@type":"WebSite","@id":"https:\/\/medicinasinc.com\/da\/#website","url":"https:\/\/medicinasinc.com\/da\/","name":"Medicinas Inc","description":"Health Medical Clinic","potentialAction":[{"@type":"SearchAction","target":{"@type":"EntryPoint","urlTemplate":"https:\/\/medicinasinc.com\/da\/?s={search_term_string}"},"query-input":{"@type":"PropertyValueSpecification","valueRequired":true,"valueName":"search_term_string"}}],"inLanguage":"en-US"}]}},"_links":{"self":[{"href":"https:\/\/medicinasinc.com\/da\/wp-json\/wp\/v2\/product\/5094","targetHints":{"allow":["GET"]}}],"collection":[{"href":"https:\/\/medicinasinc.com\/da\/wp-json\/wp\/v2\/product"}],"about":[{"href":"https:\/\/medicinasinc.com\/da\/wp-json\/wp\/v2\/types\/product"}],"replies":[{"embeddable":true,"href":"https:\/\/medicinasinc.com\/da\/wp-json\/wp\/v2\/comments?post=5094"}],"wp:featuredmedia":[{"embeddable":true,"href":"https:\/\/medicinasinc.com\/da\/wp-json\/wp\/v2\/media\/5111"}],"wp:attachment":[{"href":"https:\/\/medicinasinc.com\/da\/wp-json\/wp\/v2\/media?parent=5094"}],"wp:term":[{"taxonomy":"product_brand","embeddable":true,"href":"https:\/\/medicinasinc.com\/da\/wp-json\/wp\/v2\/product_brand?post=5094"},{"taxonomy":"product_cat","embeddable":true,"href":"https:\/\/medicinasinc.com\/da\/wp-json\/wp\/v2\/product_cat?post=5094"},{"taxonomy":"product_tag","embeddable":true,"href":"https:\/\/medicinasinc.com\/da\/wp-json\/wp\/v2\/product_tag?post=5094"}],"curies":[{"name":"wp","href":"https:\/\/api.w.org\/{rel}","templated":true}]}}