{"id":5093,"date":"2022-02-20T20:12:04","date_gmt":"2022-02-20T20:12:04","guid":{"rendered":"https:\/\/medicinasinc.com\/da\/?post_type=product&#038;p=5093"},"modified":"2022-03-20T00:44:08","modified_gmt":"2022-03-20T00:44:08","slug":"kob-kirsebaer-gorilla-lim","status":"publish","type":"product","link":"https:\/\/medicinasinc.com\/da\/product\/kob-kirsebaer-gorilla-lim\/","title":{"rendered":"K\u00f8b Cherry Gorilla Lim"},"content":{"rendered":"<p><strong>K\u00f8b online Cherry Gorilla Marijuana.<\/strong><\/p>\n<p>Cherry Gorilla Marijuana kan k\u00f8bes online. K\u00f8b Cherry Gorilla cannabis stamme. En hybrid indeholdende 50 % Sativa og 50 % Indica THC: 17\u201318 %<\/p>\n<p>Effekter<br \/> Body High, Cerebral, Glad, Afslappende, Opl\u00f8ftende<br \/> Kan lindre<br \/> Depression, Tr\u00e6thed, s\u00f8vnl\u00f8shed, kvalme, stress<br \/> Smag<br \/> Kirseb\u00e6r, kaffe, diesel, s\u00f8dt<\/p>\n","protected":false},"excerpt":{"rendered":"<div class=\"woocommerce-product-details__short-description\">\n<p>K\u00f8b aka Cherry Gorilla Glue Marihuana p\u00e5 det sorte marked til den bedste pris. Alle vores produkter er skabt ved hj\u00e6lp af helt naturlige, THC-frie komponenter. Bestil din bestilling online i dag!<\/p>\n<p>Cherry Gorilla Marijuana kan k\u00f8bes online. 100 % garanteret levering og sporing, samt et stort udvalg af spiselige varer, koncentrater, Sativa&#8217;s, Indica&#8217;s og hybrider.<\/p>\n<p>Cherry Gorilla, nogle gange omtalt som &amp;#8220 ;Cherry Gorilla Lim,&#8221; er en sj\u00e6lden, j\u00e6vnt afbalanceret hybridstamme (50 indica\/50 sativa) produceret ved krydsning.<\/p>\n<\/p><\/div>\n","protected":false},"featured_media":5109,"comment_status":"open","ping_status":"closed","template":"","meta":[],"product_brand":[],"product_cat":[778],"product_tag":[1044,1045,1046,1047,1048,1042,1043,1041],"class_list":{"0":"post-5093","1":"product","2":"type-product","3":"status-publish","4":"has-post-thumbnail","6":"product_cat-ukrudt-til-salg","7":"product_tag-cherry-gorilla-strain-effects","8":"product_tag-cherry-gorilla-strain-leafly","9":"product_tag-cherry-gorilla-strain-reddit","10":"product_tag-cherry-gorilla-strain-review","11":"product_tag-gorilla-kirsebr-frugt","12":"product_tag-kirsebr-gorilla-f2","13":"product_tag-kirsebr-gorilla-fr","14":"product_tag-kirsebr-lim-stamme-blad","16":"first","17":"instock","18":"shipping-taxable","19":"purchasable","20":"product-type-variable","21":"has-default-attributes"},"yoast_head":"<!-- This site is optimized with the Yoast SEO plugin v27.3 - https:\/\/yoast.com\/product\/yoast-seo-wordpress\/ -->\n<title>K\u00f8b Cherry Gorilla Glue - aka Cherry Gorilla Glue - Best Global Meds<\/title>\n<meta name=\"description\" content=\"K\u00f8b aka Cherry Gorilla Glue Marihuana Online til den bedste markedspris. Alle vores produkter er lavet med rene naturlige ingredienser fri for THC. Bestil online nu!\" \/>\n<meta name=\"robots\" content=\"index, follow, max-snippet:-1, max-image-preview:large, max-video-preview:-1\" \/>\n<link rel=\"canonical\" href=\"https:\/\/medicinasinc.com\/da\/product\/kob-kirsebaer-gorilla-lim\/\" \/>\n<meta property=\"og:locale\" content=\"en_US\" \/>\n<meta property=\"og:type\" content=\"article\" \/>\n<meta property=\"og:title\" content=\"K\u00f8b Cherry Gorilla Glue - aka Cherry Gorilla Glue - Best Global Meds\" \/>\n<meta property=\"og:description\" content=\"K\u00f8b aka Cherry Gorilla Glue Marihuana Online til den bedste markedspris. Alle vores produkter er lavet med rene naturlige ingredienser fri for THC. Bestil online nu!\" \/>\n<meta property=\"og:url\" content=\"https:\/\/medicinasinc.com\/da\/product\/kob-kirsebaer-gorilla-lim\/\" \/>\n<meta property=\"og:site_name\" content=\"Medicinas Inc\" \/>\n<meta property=\"article:modified_time\" content=\"2022-03-20T00:44:08+00:00\" \/>\n<meta property=\"og:image\" content=\"https:\/\/medicinasinc.com\/da\/wp-content\/uploads\/sites\/8\/2022\/02\/Buy-Cherry-Gorilla-Marijuana.jpg\" \/>\n\t<meta property=\"og:image:width\" content=\"1080\" \/>\n\t<meta property=\"og:image:height\" content=\"1080\" \/>\n\t<meta property=\"og:image:type\" content=\"image\/jpeg\" \/>\n<meta name=\"twitter:card\" content=\"summary_large_image\" \/>\n<meta name=\"twitter:label1\" content=\"Est. reading time\" \/>\n\t<meta name=\"twitter:data1\" content=\"1 minute\" \/>\n<script type=\"application\/ld+json\" class=\"yoast-schema-graph\">{\"@context\":\"https:\\\/\\\/schema.org\",\"@graph\":[{\"@type\":\"WebPage\",\"@id\":\"https:\\\/\\\/medicinasinc.com\\\/da\\\/product\\\/kob-kirsebaer-gorilla-lim\\\/\",\"url\":\"https:\\\/\\\/medicinasinc.com\\\/da\\\/product\\\/kob-kirsebaer-gorilla-lim\\\/\",\"name\":\"K\u00f8b Cherry Gorilla Glue - aka Cherry Gorilla Glue - Best Global Meds\",\"isPartOf\":{\"@id\":\"https:\\\/\\\/medicinasinc.com\\\/da\\\/#website\"},\"primaryImageOfPage\":{\"@id\":\"https:\\\/\\\/medicinasinc.com\\\/da\\\/product\\\/kob-kirsebaer-gorilla-lim\\\/#primaryimage\"},\"image\":{\"@id\":\"https:\\\/\\\/medicinasinc.com\\\/da\\\/product\\\/kob-kirsebaer-gorilla-lim\\\/#primaryimage\"},\"thumbnailUrl\":\"https:\\\/\\\/medicinasinc.com\\\/da\\\/wp-content\\\/uploads\\\/sites\\\/8\\\/2022\\\/02\\\/Buy-Cherry-Gorilla-Marijuana.jpg\",\"datePublished\":\"2022-02-20T20:12:04+00:00\",\"dateModified\":\"2022-03-20T00:44:08+00:00\",\"description\":\"K\u00f8b aka Cherry Gorilla Glue Marihuana Online til den bedste markedspris. Alle vores produkter er lavet med rene naturlige ingredienser fri for THC. Bestil online nu!\",\"breadcrumb\":{\"@id\":\"https:\\\/\\\/medicinasinc.com\\\/da\\\/product\\\/kob-kirsebaer-gorilla-lim\\\/#breadcrumb\"},\"inLanguage\":\"en-US\",\"potentialAction\":[{\"@type\":\"ReadAction\",\"target\":[\"https:\\\/\\\/medicinasinc.com\\\/da\\\/product\\\/kob-kirsebaer-gorilla-lim\\\/\"]}]},{\"@type\":\"ImageObject\",\"inLanguage\":\"en-US\",\"@id\":\"https:\\\/\\\/medicinasinc.com\\\/da\\\/product\\\/kob-kirsebaer-gorilla-lim\\\/#primaryimage\",\"url\":\"https:\\\/\\\/medicinasinc.com\\\/da\\\/wp-content\\\/uploads\\\/sites\\\/8\\\/2022\\\/02\\\/Buy-Cherry-Gorilla-Marijuana.jpg\",\"contentUrl\":\"https:\\\/\\\/medicinasinc.com\\\/da\\\/wp-content\\\/uploads\\\/sites\\\/8\\\/2022\\\/02\\\/Buy-Cherry-Gorilla-Marijuana.jpg\",\"width\":1080,\"height\":1080},{\"@type\":\"BreadcrumbList\",\"@id\":\"https:\\\/\\\/medicinasinc.com\\\/da\\\/product\\\/kob-kirsebaer-gorilla-lim\\\/#breadcrumb\",\"itemListElement\":[{\"@type\":\"ListItem\",\"position\":1,\"name\":\"Butik\",\"item\":\"https:\\\/\\\/medicinasinc.com\\\/da\\\/butik\\\/\"},{\"@type\":\"ListItem\",\"position\":2,\"name\":\"K\u00f8b Cherry Gorilla Lim\"}]},{\"@type\":\"WebSite\",\"@id\":\"https:\\\/\\\/medicinasinc.com\\\/da\\\/#website\",\"url\":\"https:\\\/\\\/medicinasinc.com\\\/da\\\/\",\"name\":\"Medicinas Inc\",\"description\":\"Health Medical Clinic\",\"potentialAction\":[{\"@type\":\"SearchAction\",\"target\":{\"@type\":\"EntryPoint\",\"urlTemplate\":\"https:\\\/\\\/medicinasinc.com\\\/da\\\/?s={search_term_string}\"},\"query-input\":{\"@type\":\"PropertyValueSpecification\",\"valueRequired\":true,\"valueName\":\"search_term_string\"}}],\"inLanguage\":\"en-US\"}]}<\/script>\n<!-- \/ Yoast SEO plugin. -->","yoast_head_json":{"title":"K\u00f8b Cherry Gorilla Glue - aka Cherry Gorilla Glue - Best Global Meds","description":"K\u00f8b aka Cherry Gorilla Glue Marihuana Online til den bedste markedspris. Alle vores produkter er lavet med rene naturlige ingredienser fri for THC. Bestil online nu!","robots":{"index":"index","follow":"follow","max-snippet":"max-snippet:-1","max-image-preview":"max-image-preview:large","max-video-preview":"max-video-preview:-1"},"canonical":"https:\/\/medicinasinc.com\/da\/product\/kob-kirsebaer-gorilla-lim\/","og_locale":"en_US","og_type":"article","og_title":"K\u00f8b Cherry Gorilla Glue - aka Cherry Gorilla Glue - Best Global Meds","og_description":"K\u00f8b aka Cherry Gorilla Glue Marihuana Online til den bedste markedspris. Alle vores produkter er lavet med rene naturlige ingredienser fri for THC. Bestil online nu!","og_url":"https:\/\/medicinasinc.com\/da\/product\/kob-kirsebaer-gorilla-lim\/","og_site_name":"Medicinas Inc","article_modified_time":"2022-03-20T00:44:08+00:00","og_image":[{"width":1080,"height":1080,"url":"https:\/\/medicinasinc.com\/da\/wp-content\/uploads\/sites\/8\/2022\/02\/Buy-Cherry-Gorilla-Marijuana.jpg","type":"image\/jpeg"}],"twitter_card":"summary_large_image","twitter_misc":{"Est. reading time":"1 minute"},"schema":{"@context":"https:\/\/schema.org","@graph":[{"@type":"WebPage","@id":"https:\/\/medicinasinc.com\/da\/product\/kob-kirsebaer-gorilla-lim\/","url":"https:\/\/medicinasinc.com\/da\/product\/kob-kirsebaer-gorilla-lim\/","name":"K\u00f8b Cherry Gorilla Glue - aka Cherry Gorilla Glue - Best Global Meds","isPartOf":{"@id":"https:\/\/medicinasinc.com\/da\/#website"},"primaryImageOfPage":{"@id":"https:\/\/medicinasinc.com\/da\/product\/kob-kirsebaer-gorilla-lim\/#primaryimage"},"image":{"@id":"https:\/\/medicinasinc.com\/da\/product\/kob-kirsebaer-gorilla-lim\/#primaryimage"},"thumbnailUrl":"https:\/\/medicinasinc.com\/da\/wp-content\/uploads\/sites\/8\/2022\/02\/Buy-Cherry-Gorilla-Marijuana.jpg","datePublished":"2022-02-20T20:12:04+00:00","dateModified":"2022-03-20T00:44:08+00:00","description":"K\u00f8b aka Cherry Gorilla Glue Marihuana Online til den bedste markedspris. Alle vores produkter er lavet med rene naturlige ingredienser fri for THC. Bestil online nu!","breadcrumb":{"@id":"https:\/\/medicinasinc.com\/da\/product\/kob-kirsebaer-gorilla-lim\/#breadcrumb"},"inLanguage":"en-US","potentialAction":[{"@type":"ReadAction","target":["https:\/\/medicinasinc.com\/da\/product\/kob-kirsebaer-gorilla-lim\/"]}]},{"@type":"ImageObject","inLanguage":"en-US","@id":"https:\/\/medicinasinc.com\/da\/product\/kob-kirsebaer-gorilla-lim\/#primaryimage","url":"https:\/\/medicinasinc.com\/da\/wp-content\/uploads\/sites\/8\/2022\/02\/Buy-Cherry-Gorilla-Marijuana.jpg","contentUrl":"https:\/\/medicinasinc.com\/da\/wp-content\/uploads\/sites\/8\/2022\/02\/Buy-Cherry-Gorilla-Marijuana.jpg","width":1080,"height":1080},{"@type":"BreadcrumbList","@id":"https:\/\/medicinasinc.com\/da\/product\/kob-kirsebaer-gorilla-lim\/#breadcrumb","itemListElement":[{"@type":"ListItem","position":1,"name":"Butik","item":"https:\/\/medicinasinc.com\/da\/butik\/"},{"@type":"ListItem","position":2,"name":"K\u00f8b Cherry Gorilla Lim"}]},{"@type":"WebSite","@id":"https:\/\/medicinasinc.com\/da\/#website","url":"https:\/\/medicinasinc.com\/da\/","name":"Medicinas Inc","description":"Health Medical Clinic","potentialAction":[{"@type":"SearchAction","target":{"@type":"EntryPoint","urlTemplate":"https:\/\/medicinasinc.com\/da\/?s={search_term_string}"},"query-input":{"@type":"PropertyValueSpecification","valueRequired":true,"valueName":"search_term_string"}}],"inLanguage":"en-US"}]}},"_links":{"self":[{"href":"https:\/\/medicinasinc.com\/da\/wp-json\/wp\/v2\/product\/5093","targetHints":{"allow":["GET"]}}],"collection":[{"href":"https:\/\/medicinasinc.com\/da\/wp-json\/wp\/v2\/product"}],"about":[{"href":"https:\/\/medicinasinc.com\/da\/wp-json\/wp\/v2\/types\/product"}],"replies":[{"embeddable":true,"href":"https:\/\/medicinasinc.com\/da\/wp-json\/wp\/v2\/comments?post=5093"}],"wp:featuredmedia":[{"embeddable":true,"href":"https:\/\/medicinasinc.com\/da\/wp-json\/wp\/v2\/media\/5109"}],"wp:attachment":[{"href":"https:\/\/medicinasinc.com\/da\/wp-json\/wp\/v2\/media?parent=5093"}],"wp:term":[{"taxonomy":"product_brand","embeddable":true,"href":"https:\/\/medicinasinc.com\/da\/wp-json\/wp\/v2\/product_brand?post=5093"},{"taxonomy":"product_cat","embeddable":true,"href":"https:\/\/medicinasinc.com\/da\/wp-json\/wp\/v2\/product_cat?post=5093"},{"taxonomy":"product_tag","embeddable":true,"href":"https:\/\/medicinasinc.com\/da\/wp-json\/wp\/v2\/product_tag?post=5093"}],"curies":[{"name":"wp","href":"https:\/\/api.w.org\/{rel}","templated":true}]}}