{"id":5068,"date":"2022-02-20T19:50:54","date_gmt":"2022-02-20T19:50:54","guid":{"rendered":"https:\/\/medicinasinc.com\/da\/?post_type=product&#038;p=5068"},"modified":"2022-03-20T00:44:38","modified_gmt":"2022-03-20T00:44:38","slug":"kob-super-citron-dis","status":"publish","type":"product","link":"https:\/\/medicinasinc.com\/da\/product\/kob-super-citron-dis\/","title":{"rendered":"K\u00f8b Super Lemon Haze"},"content":{"rendered":"<p>Online k\u00f8b af Super Lamon Haze<\/p>\n<p>Denne l\u00e6kre citronstamme er en god eftergivende stamme, der er velegnet til enhver veterangruppe. Super Lemon Haze er en af \u200b\u200bde mest popul\u00e6re stammer, is\u00e6r blandt indiske entusiaster, og har med succes konverteret dem til sativa. Uden tvivl er Super Lemon Haze unik. Denne Cannabis Cup-vinder er en krydsning mellem Lemon Skunk og Super Silver Haze, hvilket g\u00f8r den til en stamtavle og en af \u200b\u200bde bedste sativaer, der er tilg\u00e6ngelige i dag. Du kan k\u00f8be Super Lamon Haze online og finde det til salg online. Denne sativa-dominerende hybrid lever virkelig op til sit navn med en kraftfuld limonisk aroma, der dufter utroligt. Super Lemon Haze begynder langsomt, men st\u00f8t, og bygger til et enormt euforisk h\u00f8jdepunkt, der giver dig lyst til at hoppe fra din stol af begejstring. Denne stamme er ogs\u00e5 en popul\u00e6r medicinsk version, da den kan bruges til at behandle en lang r\u00e6kke lidelser.<\/p>\n<p>Effekter<\/p>\n<p>Alle disse super-sativa-effekter er energibaserede. Det prim\u00e6re kendetegn er dog, at det er et forrygende hverdagsfors\u00f8g p\u00e5 grund af dets evne til at g\u00f8re det effektivt og indimellem innovativt. Super Lemon Haze er i stand til at berolige dig tilstr\u00e6kkeligt til at f\u00e5 dig til at f\u00f8le dig rar. Super Lemon Haze er den ideelle glade f\u00f8lgesvend. Hvis du har en lang dag foran dig og har brug for at f\u00e5 tingene gjort grundigt, er denne sativa vejen at g\u00e5.<br \/> Du har et halvt kilo af denne l\u00e6kre knop til at holde alle i hallen, og en anden at tr\u00e6kke dig op. Super Lemon Haze p\u00e5l\u00e6gger ingen indvirkning p\u00e5 start-ups. Dens virkning kan give en behagelig cerebral high, som s\u00e6tter dig i stand til at t\u00e6nke mere klart og huske information, som du ellers ville glemme. Derudover menes dette pres at f\u00e5 dig til at f\u00f8le dig lidt frisk, hvilket er ideelt til en romantisk aften. Duften: En duftende knop skal fremkalde billeder af citrusfrugter. Super Lemon Haze har en citrons\u00f8d smag med et strejf af krydderi og en ekstremt syrlig aroma. Den s\u00f8de citronsmag afbalanceres af et strejf af jord og krydderi, hvilket skaber en vidunderlig oplevelse. Super Lemon Haze har en yderst behagelig lugt. Denne sativa har en behagelig, forfriskende aroma, og den citronagtige jordighed b\u00f8r blive h\u00e6ngende p\u00e5 din tunge. Det er, som om du inhalerer et stykke slik med en tydelig urteundertone.<\/p>\n<p>Medicinske fordele<\/p>\n<p>Super Lemon Haze er foresl\u00e5et til en r\u00e6kke forskellige lidelser og symptomer. Kronisk tr\u00e6thed kan let bek\u00e6mpes med denne potente stamme p\u00e5 grund af dens evne til at indgyde en stabil og forh\u00f8jet sindstilstand, der stimulerer dig til selv at g\u00f8re ting. Derudover er denne stamme god til at bek\u00e6mpe stress og tristhed. Super Lemon Haze har evnen til at behandle en r\u00e6kke forskellige lidelser forbundet med en h\u00f8jstress livsstil, og den kan let befri sig for mindre \u00f8mhed og smerter s\u00e5som migr\u00e6ne, hovedpine, led og muskelspasmer. Super Lemon Haze er et alsidigt, p\u00e5lideligt smertestillende middel, der afslapper og prikker i kroppen og skjuler andre fysiske problemer, der m\u00e5tte opst\u00e5. Den opl\u00f8ftende smag og aroma bidrager til dets tiltr\u00e6kningskraft, hvilket g\u00f8r det behageligt selv for folk, der n\u00e6ppe vil bruge cannabis til at behandle deres lidelse.<\/p>\n","protected":false},"excerpt":{"rendered":"<div class=\"woocommerce-product-details__short-description\">\n<p>K\u00f8b Super Lemon Haze marihuana-stamme i Storbritannien og Europa. Det er en st\u00e6rk citrus og s\u00f8d Sativa-dominerende hybrid. Denne blomst er resultatet af en krydsning mellem citron skunk og s\u00f8lvhaze.<\/p>\n<p>Online k\u00f8b af Super Lemon Haze Marihuana Strain.<\/p>\n<p>Super Lemon Haze er en Sativa Dominant Hybrid &#8211; 80% Sativa \/ 20% Indica. Indica THC-indhold er 25%, CBD-indhold er 1%, og CBN-indhold er 2%.<\/p>\n<\/p><\/div>\n","protected":false},"featured_media":5085,"comment_status":"open","ping_status":"closed","template":"","meta":[],"product_brand":[],"product_cat":[778],"product_tag":[1020,1019,1021,1022,486,487,1023,1024],"class_list":{"0":"post-5068","1":"product","2":"type-product","3":"status-publish","4":"has-post-thumbnail","6":"product_cat-ukrudt-til-salg","7":"product_tag-citron-dis-fr-til-salg","8":"product_tag-er-super-citron-dis-psykedelisk","9":"product_tag-super-citron-dis-autoflower","10":"product_tag-super-citron-dis-autoflower-fr","11":"product_tag-super-citron-dis-pris","12":"product_tag-super-citron-dis-fr","13":"product_tag-super-lemon-haze-effects","14":"product_tag-super-citron-dis-fr-usa","16":"first","17":"instock","18":"shipping-taxable","19":"purchasable","20":"product-type-variable","21":"has-default-attributes"},"yoast_head":"<!-- This site is optimized with the Yoast SEO plugin v27.3 - https:\/\/yoast.com\/product\/yoast-seo-wordpress\/ -->\n<title>K\u00f8b Super Lemon Haze - Bedste bedste globale medicin<\/title>\n<meta name=\"description\" content=\"K\u00f8b Super Lemon Haze marihuana-stamme UK, Europa skarp citrus og s\u00f8d Sativa-dominerende hybrid. Denne blomst er en krydsning af citron skunk &amp; s\u00f8lv dis.\" \/>\n<meta name=\"robots\" content=\"index, follow, max-snippet:-1, max-image-preview:large, max-video-preview:-1\" \/>\n<link rel=\"canonical\" href=\"https:\/\/medicinasinc.com\/da\/product\/kob-super-citron-dis\/\" \/>\n<meta property=\"og:locale\" content=\"en_US\" \/>\n<meta property=\"og:type\" content=\"article\" \/>\n<meta property=\"og:title\" content=\"K\u00f8b Super Lemon Haze - Bedste bedste globale medicin\" \/>\n<meta property=\"og:description\" content=\"K\u00f8b Super Lemon Haze marihuana-stamme UK, Europa skarp citrus og s\u00f8d Sativa-dominerende hybrid. Denne blomst er en krydsning af citron skunk &amp; s\u00f8lv dis.\" \/>\n<meta property=\"og:url\" content=\"https:\/\/medicinasinc.com\/da\/product\/kob-super-citron-dis\/\" \/>\n<meta property=\"og:site_name\" content=\"Medicinas Inc\" \/>\n<meta property=\"article:modified_time\" content=\"2022-03-20T00:44:38+00:00\" \/>\n<meta property=\"og:image\" content=\"https:\/\/medicinasinc.com\/da\/wp-content\/uploads\/sites\/8\/2022\/02\/Buy-Super-Lemon-Haze.jpg\" \/>\n\t<meta property=\"og:image:width\" content=\"1080\" \/>\n\t<meta property=\"og:image:height\" content=\"1080\" \/>\n\t<meta property=\"og:image:type\" content=\"image\/jpeg\" \/>\n<meta name=\"twitter:card\" content=\"summary_large_image\" \/>\n<meta name=\"twitter:label1\" content=\"Est. reading time\" \/>\n\t<meta name=\"twitter:data1\" content=\"3 minutes\" \/>\n<script type=\"application\/ld+json\" class=\"yoast-schema-graph\">{\"@context\":\"https:\\\/\\\/schema.org\",\"@graph\":[{\"@type\":\"WebPage\",\"@id\":\"https:\\\/\\\/medicinasinc.com\\\/da\\\/product\\\/kob-super-citron-dis\\\/\",\"url\":\"https:\\\/\\\/medicinasinc.com\\\/da\\\/product\\\/kob-super-citron-dis\\\/\",\"name\":\"K\u00f8b Super Lemon Haze - Bedste bedste globale medicin\",\"isPartOf\":{\"@id\":\"https:\\\/\\\/medicinasinc.com\\\/da\\\/#website\"},\"primaryImageOfPage\":{\"@id\":\"https:\\\/\\\/medicinasinc.com\\\/da\\\/product\\\/kob-super-citron-dis\\\/#primaryimage\"},\"image\":{\"@id\":\"https:\\\/\\\/medicinasinc.com\\\/da\\\/product\\\/kob-super-citron-dis\\\/#primaryimage\"},\"thumbnailUrl\":\"https:\\\/\\\/medicinasinc.com\\\/da\\\/wp-content\\\/uploads\\\/sites\\\/8\\\/2022\\\/02\\\/Buy-Super-Lemon-Haze.jpg\",\"datePublished\":\"2022-02-20T19:50:54+00:00\",\"dateModified\":\"2022-03-20T00:44:38+00:00\",\"description\":\"K\u00f8b Super Lemon Haze marihuana-stamme UK, Europa skarp citrus og s\u00f8d Sativa-dominerende hybrid. Denne blomst er en krydsning af citron skunk &amp; s\u00f8lv dis.\",\"breadcrumb\":{\"@id\":\"https:\\\/\\\/medicinasinc.com\\\/da\\\/product\\\/kob-super-citron-dis\\\/#breadcrumb\"},\"inLanguage\":\"en-US\",\"potentialAction\":[{\"@type\":\"ReadAction\",\"target\":[\"https:\\\/\\\/medicinasinc.com\\\/da\\\/product\\\/kob-super-citron-dis\\\/\"]}]},{\"@type\":\"ImageObject\",\"inLanguage\":\"en-US\",\"@id\":\"https:\\\/\\\/medicinasinc.com\\\/da\\\/product\\\/kob-super-citron-dis\\\/#primaryimage\",\"url\":\"https:\\\/\\\/medicinasinc.com\\\/da\\\/wp-content\\\/uploads\\\/sites\\\/8\\\/2022\\\/02\\\/Buy-Super-Lemon-Haze.jpg\",\"contentUrl\":\"https:\\\/\\\/medicinasinc.com\\\/da\\\/wp-content\\\/uploads\\\/sites\\\/8\\\/2022\\\/02\\\/Buy-Super-Lemon-Haze.jpg\",\"width\":1080,\"height\":1080},{\"@type\":\"BreadcrumbList\",\"@id\":\"https:\\\/\\\/medicinasinc.com\\\/da\\\/product\\\/kob-super-citron-dis\\\/#breadcrumb\",\"itemListElement\":[{\"@type\":\"ListItem\",\"position\":1,\"name\":\"Butik\",\"item\":\"https:\\\/\\\/medicinasinc.com\\\/da\\\/butik\\\/\"},{\"@type\":\"ListItem\",\"position\":2,\"name\":\"K\u00f8b Super Lemon Haze\"}]},{\"@type\":\"WebSite\",\"@id\":\"https:\\\/\\\/medicinasinc.com\\\/da\\\/#website\",\"url\":\"https:\\\/\\\/medicinasinc.com\\\/da\\\/\",\"name\":\"Medicinas Inc\",\"description\":\"Health Medical Clinic\",\"potentialAction\":[{\"@type\":\"SearchAction\",\"target\":{\"@type\":\"EntryPoint\",\"urlTemplate\":\"https:\\\/\\\/medicinasinc.com\\\/da\\\/?s={search_term_string}\"},\"query-input\":{\"@type\":\"PropertyValueSpecification\",\"valueRequired\":true,\"valueName\":\"search_term_string\"}}],\"inLanguage\":\"en-US\"}]}<\/script>\n<!-- \/ Yoast SEO plugin. -->","yoast_head_json":{"title":"K\u00f8b Super Lemon Haze - Bedste bedste globale medicin","description":"K\u00f8b Super Lemon Haze marihuana-stamme UK, Europa skarp citrus og s\u00f8d Sativa-dominerende hybrid. Denne blomst er en krydsning af citron skunk &amp; s\u00f8lv dis.","robots":{"index":"index","follow":"follow","max-snippet":"max-snippet:-1","max-image-preview":"max-image-preview:large","max-video-preview":"max-video-preview:-1"},"canonical":"https:\/\/medicinasinc.com\/da\/product\/kob-super-citron-dis\/","og_locale":"en_US","og_type":"article","og_title":"K\u00f8b Super Lemon Haze - Bedste bedste globale medicin","og_description":"K\u00f8b Super Lemon Haze marihuana-stamme UK, Europa skarp citrus og s\u00f8d Sativa-dominerende hybrid. Denne blomst er en krydsning af citron skunk &amp; s\u00f8lv dis.","og_url":"https:\/\/medicinasinc.com\/da\/product\/kob-super-citron-dis\/","og_site_name":"Medicinas Inc","article_modified_time":"2022-03-20T00:44:38+00:00","og_image":[{"width":1080,"height":1080,"url":"https:\/\/medicinasinc.com\/da\/wp-content\/uploads\/sites\/8\/2022\/02\/Buy-Super-Lemon-Haze.jpg","type":"image\/jpeg"}],"twitter_card":"summary_large_image","twitter_misc":{"Est. reading time":"3 minutes"},"schema":{"@context":"https:\/\/schema.org","@graph":[{"@type":"WebPage","@id":"https:\/\/medicinasinc.com\/da\/product\/kob-super-citron-dis\/","url":"https:\/\/medicinasinc.com\/da\/product\/kob-super-citron-dis\/","name":"K\u00f8b Super Lemon Haze - Bedste bedste globale medicin","isPartOf":{"@id":"https:\/\/medicinasinc.com\/da\/#website"},"primaryImageOfPage":{"@id":"https:\/\/medicinasinc.com\/da\/product\/kob-super-citron-dis\/#primaryimage"},"image":{"@id":"https:\/\/medicinasinc.com\/da\/product\/kob-super-citron-dis\/#primaryimage"},"thumbnailUrl":"https:\/\/medicinasinc.com\/da\/wp-content\/uploads\/sites\/8\/2022\/02\/Buy-Super-Lemon-Haze.jpg","datePublished":"2022-02-20T19:50:54+00:00","dateModified":"2022-03-20T00:44:38+00:00","description":"K\u00f8b Super Lemon Haze marihuana-stamme UK, Europa skarp citrus og s\u00f8d Sativa-dominerende hybrid. Denne blomst er en krydsning af citron skunk &amp; s\u00f8lv dis.","breadcrumb":{"@id":"https:\/\/medicinasinc.com\/da\/product\/kob-super-citron-dis\/#breadcrumb"},"inLanguage":"en-US","potentialAction":[{"@type":"ReadAction","target":["https:\/\/medicinasinc.com\/da\/product\/kob-super-citron-dis\/"]}]},{"@type":"ImageObject","inLanguage":"en-US","@id":"https:\/\/medicinasinc.com\/da\/product\/kob-super-citron-dis\/#primaryimage","url":"https:\/\/medicinasinc.com\/da\/wp-content\/uploads\/sites\/8\/2022\/02\/Buy-Super-Lemon-Haze.jpg","contentUrl":"https:\/\/medicinasinc.com\/da\/wp-content\/uploads\/sites\/8\/2022\/02\/Buy-Super-Lemon-Haze.jpg","width":1080,"height":1080},{"@type":"BreadcrumbList","@id":"https:\/\/medicinasinc.com\/da\/product\/kob-super-citron-dis\/#breadcrumb","itemListElement":[{"@type":"ListItem","position":1,"name":"Butik","item":"https:\/\/medicinasinc.com\/da\/butik\/"},{"@type":"ListItem","position":2,"name":"K\u00f8b Super Lemon Haze"}]},{"@type":"WebSite","@id":"https:\/\/medicinasinc.com\/da\/#website","url":"https:\/\/medicinasinc.com\/da\/","name":"Medicinas Inc","description":"Health Medical Clinic","potentialAction":[{"@type":"SearchAction","target":{"@type":"EntryPoint","urlTemplate":"https:\/\/medicinasinc.com\/da\/?s={search_term_string}"},"query-input":{"@type":"PropertyValueSpecification","valueRequired":true,"valueName":"search_term_string"}}],"inLanguage":"en-US"}]}},"_links":{"self":[{"href":"https:\/\/medicinasinc.com\/da\/wp-json\/wp\/v2\/product\/5068","targetHints":{"allow":["GET"]}}],"collection":[{"href":"https:\/\/medicinasinc.com\/da\/wp-json\/wp\/v2\/product"}],"about":[{"href":"https:\/\/medicinasinc.com\/da\/wp-json\/wp\/v2\/types\/product"}],"replies":[{"embeddable":true,"href":"https:\/\/medicinasinc.com\/da\/wp-json\/wp\/v2\/comments?post=5068"}],"wp:featuredmedia":[{"embeddable":true,"href":"https:\/\/medicinasinc.com\/da\/wp-json\/wp\/v2\/media\/5085"}],"wp:attachment":[{"href":"https:\/\/medicinasinc.com\/da\/wp-json\/wp\/v2\/media?parent=5068"}],"wp:term":[{"taxonomy":"product_brand","embeddable":true,"href":"https:\/\/medicinasinc.com\/da\/wp-json\/wp\/v2\/product_brand?post=5068"},{"taxonomy":"product_cat","embeddable":true,"href":"https:\/\/medicinasinc.com\/da\/wp-json\/wp\/v2\/product_cat?post=5068"},{"taxonomy":"product_tag","embeddable":true,"href":"https:\/\/medicinasinc.com\/da\/wp-json\/wp\/v2\/product_tag?post=5068"}],"curies":[{"name":"wp","href":"https:\/\/api.w.org\/{rel}","templated":true}]}}