{"id":5047,"date":"2022-02-20T19:35:13","date_gmt":"2022-02-20T19:35:13","guid":{"rendered":"https:\/\/medicinasinc.com\/da\/?post_type=product&#038;p=5047"},"modified":"2022-03-20T00:44:54","modified_gmt":"2022-03-20T00:44:54","slug":"kob-lilla-drage-marihuana-aaaaa","status":"publish","type":"product","link":"https:\/\/medicinasinc.com\/da\/product\/kob-lilla-drage-marihuana-aaaaa\/","title":{"rendered":"K\u00f8b Purple Dragon Marihuana (AAAAA)"},"content":{"rendered":"<p>Purple Dragon cannabis (AAAAA) &#8211; 30% Sativa \/ 60% Indica<\/p>\n<p>Purple Dragon er en indica-dominerende hybridstamme skabt ved at krydse den potente Purple Urkle med Blue Dragon. Purple Dragon giver en afbalanceret high, der beroliger og afslapper sind og krop. Denne stamme genererer en aroma, der er ret us\u00e6dvanlig, og kombinerer moskussalvie med en karakteristisk blomstersmag, der bliver h\u00e6ngende i ganen. Efter at have ind\u00e5ndet denne belastning, bliver sindet energisk, og en st\u00e6rk eufori fjerner hurtigt bekymring og depression. Purple Dragon giver f\u00f8rst brugerne en sp\u00e6ndende og stimulerende mental klarhed; disse fordele forsvinder dog gradvist og efterlader brugerne med timevis af smertelindring og sedation. Generelle kropslige smerter og smerter vil aftage, efterh\u00e5nden som brugerens krop gradvist g\u00e5r ind i en tilstand af afslapning, som m\u00e6rkes b\u00e5de fysisk og mentalt. Purple Dragon er en nyttig behandlingsmulighed for en r\u00e6kke sygdomme, herunder angst, depression, hum\u00f8rforstyrrelser, fysisk udmattelse, migr\u00e6ne\/hovedpine, kroniske smerter og tab af appetit.<\/p>\n<div class=\"product-next-previous\">\n<div class=\"product-prev\"><\/div><\/div>\n","protected":false},"excerpt":{"rendered":"<p>Purple Dragon Crassula (Crassula multicava) er en fantastisk og farverig sukkulent, der har store&#8230; K\u00f8b tre eller flere varer, og modtag dem for 10,80 USD stykket.<\/p>\n<ul>\n<li>AAAA repr\u00e6senterer det bedste af det bedste!<\/li>\n<li>Kontakt os for engrosordrer<\/li>\n<li>Verdensomsp\u00e6ndende forsendelse.<\/li>\n<\/ul>\n","protected":false},"featured_media":5067,"comment_status":"open","ping_status":"closed","template":"","meta":[],"product_brand":[],"product_cat":[778],"product_tag":[1008,1006,1009,1010,1007],"class_list":{"0":"post-5047","1":"product","2":"type-product","3":"status-publish","4":"has-post-thumbnail","6":"product_cat-ukrudt-til-salg","7":"product_tag-lilla-drage-saks-anmeldelser","8":"product_tag-grnne-og-lilla-drage-navne","9":"product_tag-lilla-drage-saks-hjemmeside","10":"product_tag-lilla-drage-udstoppet-dyr-stor","11":"product_tag-lilla-og-grn-drage-tegnefilm","13":"first","14":"instock","15":"shipping-taxable","16":"purchasable","17":"product-type-variable","18":"has-default-attributes"},"yoast_head":"<!-- This site is optimized with the Yoast SEO plugin v27.3 - https:\/\/yoast.com\/product\/yoast-seo-wordpress\/ -->\n<title>K\u00f8b Purple Dragon (AAAAA) - Bedste bedste globale medicin<\/title>\n<meta name=\"description\" content=\"K\u00f8b Purple Dragon marihuana-stamme. \u00c6terisk og surrealistisk, den lilla drage er vogteren af \u200b\u200bujordiske krystaller. Digitalt malet af Tobias Vyseri.\" \/>\n<meta name=\"robots\" content=\"index, follow, max-snippet:-1, max-image-preview:large, max-video-preview:-1\" \/>\n<link rel=\"canonical\" href=\"https:\/\/medicinasinc.com\/da\/product\/kob-lilla-drage-marihuana-aaaaa\/\" \/>\n<meta property=\"og:locale\" content=\"en_US\" \/>\n<meta property=\"og:type\" content=\"article\" \/>\n<meta property=\"og:title\" content=\"K\u00f8b Purple Dragon (AAAAA) - Bedste bedste globale medicin\" \/>\n<meta property=\"og:description\" content=\"K\u00f8b Purple Dragon marihuana-stamme. \u00c6terisk og surrealistisk, den lilla drage er vogteren af \u200b\u200bujordiske krystaller. Digitalt malet af Tobias Vyseri.\" \/>\n<meta property=\"og:url\" content=\"https:\/\/medicinasinc.com\/da\/product\/kob-lilla-drage-marihuana-aaaaa\/\" \/>\n<meta property=\"og:site_name\" content=\"Medicinas Inc\" \/>\n<meta property=\"article:modified_time\" content=\"2022-03-20T00:44:54+00:00\" \/>\n<meta property=\"og:image\" content=\"https:\/\/medicinasinc.com\/da\/wp-content\/uploads\/sites\/8\/2022\/02\/Buy-Purple-Dragon.jpg\" \/>\n\t<meta property=\"og:image:width\" content=\"541\" \/>\n\t<meta property=\"og:image:height\" content=\"459\" \/>\n\t<meta property=\"og:image:type\" content=\"image\/jpeg\" \/>\n<meta name=\"twitter:card\" content=\"summary_large_image\" \/>\n<meta name=\"twitter:label1\" content=\"Est. reading time\" \/>\n\t<meta name=\"twitter:data1\" content=\"1 minute\" \/>\n<script type=\"application\/ld+json\" class=\"yoast-schema-graph\">{\"@context\":\"https:\\\/\\\/schema.org\",\"@graph\":[{\"@type\":\"WebPage\",\"@id\":\"https:\\\/\\\/medicinasinc.com\\\/da\\\/product\\\/kob-lilla-drage-marihuana-aaaaa\\\/\",\"url\":\"https:\\\/\\\/medicinasinc.com\\\/da\\\/product\\\/kob-lilla-drage-marihuana-aaaaa\\\/\",\"name\":\"K\u00f8b Purple Dragon (AAAAA) - Bedste bedste globale medicin\",\"isPartOf\":{\"@id\":\"https:\\\/\\\/medicinasinc.com\\\/da\\\/#website\"},\"primaryImageOfPage\":{\"@id\":\"https:\\\/\\\/medicinasinc.com\\\/da\\\/product\\\/kob-lilla-drage-marihuana-aaaaa\\\/#primaryimage\"},\"image\":{\"@id\":\"https:\\\/\\\/medicinasinc.com\\\/da\\\/product\\\/kob-lilla-drage-marihuana-aaaaa\\\/#primaryimage\"},\"thumbnailUrl\":\"https:\\\/\\\/medicinasinc.com\\\/da\\\/wp-content\\\/uploads\\\/sites\\\/8\\\/2022\\\/02\\\/Buy-Purple-Dragon.jpg\",\"datePublished\":\"2022-02-20T19:35:13+00:00\",\"dateModified\":\"2022-03-20T00:44:54+00:00\",\"description\":\"K\u00f8b Purple Dragon marihuana-stamme. \u00c6terisk og surrealistisk, den lilla drage er vogteren af \u200b\u200bujordiske krystaller. Digitalt malet af Tobias Vyseri.\",\"breadcrumb\":{\"@id\":\"https:\\\/\\\/medicinasinc.com\\\/da\\\/product\\\/kob-lilla-drage-marihuana-aaaaa\\\/#breadcrumb\"},\"inLanguage\":\"en-US\",\"potentialAction\":[{\"@type\":\"ReadAction\",\"target\":[\"https:\\\/\\\/medicinasinc.com\\\/da\\\/product\\\/kob-lilla-drage-marihuana-aaaaa\\\/\"]}]},{\"@type\":\"ImageObject\",\"inLanguage\":\"en-US\",\"@id\":\"https:\\\/\\\/medicinasinc.com\\\/da\\\/product\\\/kob-lilla-drage-marihuana-aaaaa\\\/#primaryimage\",\"url\":\"https:\\\/\\\/medicinasinc.com\\\/da\\\/wp-content\\\/uploads\\\/sites\\\/8\\\/2022\\\/02\\\/Buy-Purple-Dragon.jpg\",\"contentUrl\":\"https:\\\/\\\/medicinasinc.com\\\/da\\\/wp-content\\\/uploads\\\/sites\\\/8\\\/2022\\\/02\\\/Buy-Purple-Dragon.jpg\",\"width\":541,\"height\":459},{\"@type\":\"BreadcrumbList\",\"@id\":\"https:\\\/\\\/medicinasinc.com\\\/da\\\/product\\\/kob-lilla-drage-marihuana-aaaaa\\\/#breadcrumb\",\"itemListElement\":[{\"@type\":\"ListItem\",\"position\":1,\"name\":\"Butik\",\"item\":\"https:\\\/\\\/medicinasinc.com\\\/da\\\/butik\\\/\"},{\"@type\":\"ListItem\",\"position\":2,\"name\":\"K\u00f8b Purple Dragon Marihuana (AAAAA)\"}]},{\"@type\":\"WebSite\",\"@id\":\"https:\\\/\\\/medicinasinc.com\\\/da\\\/#website\",\"url\":\"https:\\\/\\\/medicinasinc.com\\\/da\\\/\",\"name\":\"Medicinas Inc\",\"description\":\"Health Medical Clinic\",\"potentialAction\":[{\"@type\":\"SearchAction\",\"target\":{\"@type\":\"EntryPoint\",\"urlTemplate\":\"https:\\\/\\\/medicinasinc.com\\\/da\\\/?s={search_term_string}\"},\"query-input\":{\"@type\":\"PropertyValueSpecification\",\"valueRequired\":true,\"valueName\":\"search_term_string\"}}],\"inLanguage\":\"en-US\"}]}<\/script>\n<!-- \/ Yoast SEO plugin. -->","yoast_head_json":{"title":"K\u00f8b Purple Dragon (AAAAA) - Bedste bedste globale medicin","description":"K\u00f8b Purple Dragon marihuana-stamme. \u00c6terisk og surrealistisk, den lilla drage er vogteren af \u200b\u200bujordiske krystaller. Digitalt malet af Tobias Vyseri.","robots":{"index":"index","follow":"follow","max-snippet":"max-snippet:-1","max-image-preview":"max-image-preview:large","max-video-preview":"max-video-preview:-1"},"canonical":"https:\/\/medicinasinc.com\/da\/product\/kob-lilla-drage-marihuana-aaaaa\/","og_locale":"en_US","og_type":"article","og_title":"K\u00f8b Purple Dragon (AAAAA) - Bedste bedste globale medicin","og_description":"K\u00f8b Purple Dragon marihuana-stamme. \u00c6terisk og surrealistisk, den lilla drage er vogteren af \u200b\u200bujordiske krystaller. Digitalt malet af Tobias Vyseri.","og_url":"https:\/\/medicinasinc.com\/da\/product\/kob-lilla-drage-marihuana-aaaaa\/","og_site_name":"Medicinas Inc","article_modified_time":"2022-03-20T00:44:54+00:00","og_image":[{"width":541,"height":459,"url":"https:\/\/medicinasinc.com\/da\/wp-content\/uploads\/sites\/8\/2022\/02\/Buy-Purple-Dragon.jpg","type":"image\/jpeg"}],"twitter_card":"summary_large_image","twitter_misc":{"Est. reading time":"1 minute"},"schema":{"@context":"https:\/\/schema.org","@graph":[{"@type":"WebPage","@id":"https:\/\/medicinasinc.com\/da\/product\/kob-lilla-drage-marihuana-aaaaa\/","url":"https:\/\/medicinasinc.com\/da\/product\/kob-lilla-drage-marihuana-aaaaa\/","name":"K\u00f8b Purple Dragon (AAAAA) - Bedste bedste globale medicin","isPartOf":{"@id":"https:\/\/medicinasinc.com\/da\/#website"},"primaryImageOfPage":{"@id":"https:\/\/medicinasinc.com\/da\/product\/kob-lilla-drage-marihuana-aaaaa\/#primaryimage"},"image":{"@id":"https:\/\/medicinasinc.com\/da\/product\/kob-lilla-drage-marihuana-aaaaa\/#primaryimage"},"thumbnailUrl":"https:\/\/medicinasinc.com\/da\/wp-content\/uploads\/sites\/8\/2022\/02\/Buy-Purple-Dragon.jpg","datePublished":"2022-02-20T19:35:13+00:00","dateModified":"2022-03-20T00:44:54+00:00","description":"K\u00f8b Purple Dragon marihuana-stamme. \u00c6terisk og surrealistisk, den lilla drage er vogteren af \u200b\u200bujordiske krystaller. Digitalt malet af Tobias Vyseri.","breadcrumb":{"@id":"https:\/\/medicinasinc.com\/da\/product\/kob-lilla-drage-marihuana-aaaaa\/#breadcrumb"},"inLanguage":"en-US","potentialAction":[{"@type":"ReadAction","target":["https:\/\/medicinasinc.com\/da\/product\/kob-lilla-drage-marihuana-aaaaa\/"]}]},{"@type":"ImageObject","inLanguage":"en-US","@id":"https:\/\/medicinasinc.com\/da\/product\/kob-lilla-drage-marihuana-aaaaa\/#primaryimage","url":"https:\/\/medicinasinc.com\/da\/wp-content\/uploads\/sites\/8\/2022\/02\/Buy-Purple-Dragon.jpg","contentUrl":"https:\/\/medicinasinc.com\/da\/wp-content\/uploads\/sites\/8\/2022\/02\/Buy-Purple-Dragon.jpg","width":541,"height":459},{"@type":"BreadcrumbList","@id":"https:\/\/medicinasinc.com\/da\/product\/kob-lilla-drage-marihuana-aaaaa\/#breadcrumb","itemListElement":[{"@type":"ListItem","position":1,"name":"Butik","item":"https:\/\/medicinasinc.com\/da\/butik\/"},{"@type":"ListItem","position":2,"name":"K\u00f8b Purple Dragon Marihuana (AAAAA)"}]},{"@type":"WebSite","@id":"https:\/\/medicinasinc.com\/da\/#website","url":"https:\/\/medicinasinc.com\/da\/","name":"Medicinas Inc","description":"Health Medical Clinic","potentialAction":[{"@type":"SearchAction","target":{"@type":"EntryPoint","urlTemplate":"https:\/\/medicinasinc.com\/da\/?s={search_term_string}"},"query-input":{"@type":"PropertyValueSpecification","valueRequired":true,"valueName":"search_term_string"}}],"inLanguage":"en-US"}]}},"_links":{"self":[{"href":"https:\/\/medicinasinc.com\/da\/wp-json\/wp\/v2\/product\/5047","targetHints":{"allow":["GET"]}}],"collection":[{"href":"https:\/\/medicinasinc.com\/da\/wp-json\/wp\/v2\/product"}],"about":[{"href":"https:\/\/medicinasinc.com\/da\/wp-json\/wp\/v2\/types\/product"}],"replies":[{"embeddable":true,"href":"https:\/\/medicinasinc.com\/da\/wp-json\/wp\/v2\/comments?post=5047"}],"wp:featuredmedia":[{"embeddable":true,"href":"https:\/\/medicinasinc.com\/da\/wp-json\/wp\/v2\/media\/5067"}],"wp:attachment":[{"href":"https:\/\/medicinasinc.com\/da\/wp-json\/wp\/v2\/media?parent=5047"}],"wp:term":[{"taxonomy":"product_brand","embeddable":true,"href":"https:\/\/medicinasinc.com\/da\/wp-json\/wp\/v2\/product_brand?post=5047"},{"taxonomy":"product_cat","embeddable":true,"href":"https:\/\/medicinasinc.com\/da\/wp-json\/wp\/v2\/product_cat?post=5047"},{"taxonomy":"product_tag","embeddable":true,"href":"https:\/\/medicinasinc.com\/da\/wp-json\/wp\/v2\/product_tag?post=5047"}],"curies":[{"name":"wp","href":"https:\/\/api.w.org\/{rel}","templated":true}]}}