{"id":5046,"date":"2022-02-20T19:34:10","date_gmt":"2022-02-20T19:34:10","guid":{"rendered":"https:\/\/medicinasinc.com\/da\/?post_type=product&#038;p=5046"},"modified":"2022-03-20T00:45:02","modified_gmt":"2022-03-20T00:45:02","slug":"kob-chokolade-fondue-stamme","status":"publish","type":"product","link":"https:\/\/medicinasinc.com\/da\/product\/kob-chokolade-fondue-stamme\/","title":{"rendered":"K\u00f8b Chokolade Fondue Strain"},"content":{"rendered":"<p>Information om chokoladefondue-stammen<\/p>\n<p>Chokoladefondue er en Sativa-dominerende krydsning udviklet af DNA Genetics, der kombinerer de opl\u00f8ftende kr\u00e6fter fra Chocolope med de beroligende virkninger og unikke smag af Exodus Cheese.<\/p>\n<p>Chokoladefondue&#8217;s virkninger beroliger kroppen og stiller sindet til ro, og lokker dig ind i en tilstand af behagelig bevidsthed. Denne cannabisstamme er fantastisk dag eller nat p\u00e5 grund af dens forskelligartede duft og s\u00f8de smag.<\/p>\n<p>Chokoladefondue-stammens medicinske egenskaber<\/p>\n<p>Der er mange grunde til at bruge cannabisstammer. F\u00f8lgende er de seks bedste grunde til at overveje at ans\u00e6tte dem. Naturligvis, jo h\u00f8jere styrke, jo st\u00e6rkere jo h\u00f8j!<\/p>\n<p>1 \u2013 Lindrer kroniske smerter<\/p>\n<p>Cannabis indeholder en kemisk sammens\u00e6tning, der hj\u00e6lper med at reducere smerte. Generelt indikerer farven p\u00e5 cannabis ogs\u00e5 dens styrke. Adskillige mennesker har opdaget, at dette er sandt.<\/p>\n<p>2 &#8211; \u00d8get lungekapacitet<\/p>\n<p>Er du klar over det? Cannabisrygning er langt bedre end rygning af cigaretter. Derudover vil det hj\u00e6lpe dig med at \u00f8ge lungekapaciteten.<\/p>\n<p>3 \u2013 Fedme<\/p>\n<p>Det store flertal af marihuanabrugere er ikke overv\u00e6gtige. Dette skyldes, at regelm\u00e6ssig brug af denne marihuanablomst vil hj\u00e6lpe dig med at kontrollere dit kalorieforbrug.<\/p>\n<p>4 \u2013 Diabetesforebyggelse<\/p>\n<p>N\u00e5r du har f\u00e5et diagnosen diabetes, vil du have det resten af \u200b\u200bdin liv. Du kan simpelthen styre dit blodsukkerniveau, s\u00e5 det ikke forts\u00e6tter med at stige.<\/p>\n<p>Cannabis kan hj\u00e6lpe med at stabilisere blodsukkeret og reducere blodtrykket!<\/p>\n<p>5 \u2013 Hj\u00e6lper deprimerede personer<\/p>\n<p> p&gt; <\/p>\n<p>Nogle mennesker er deprimerede uden at v\u00e6re klar over det. Cannabis kan hj\u00e6lpe med at berolige dit hum\u00f8r i tilf\u00e6lde af depression.<\/p>\n<p>Hvor kan man k\u00f8be en fondue-chokoladestamme i Canada<\/p>\n<p>Mens der er andre apoteker i Canada, hvor du kan f\u00e5 chokoladefondue ukrudtsstamme, vores apotek hos Mail Order Marihuana tilbyder nogle af varer af h\u00f8jeste kvalitet til r\u00e5dighed.<\/p>\n<p>Vi garanterer, at du vil modtage produkter af h\u00f8j kvalitet, eller vi refunderer dine penge!<\/p>\n<p>Yderligere , ordrer over $100 modtager gratis forsendelse!<\/p>\n","protected":false},"excerpt":{"rendered":"<div class=\"woocommerce-product-details__short-description\">\n<p>K\u00f8b kvalitetschokoladefondue-stamme online. Chokoladefondue stamme er en sativa dominerende hybrid \u2013 80% Sativa \/ 20% Indica THC: 17%<\/p>\n<\/p><\/div>\n","protected":false},"featured_media":5065,"comment_status":"open","ping_status":"closed","template":"","meta":[],"product_brand":[],"product_cat":[778],"product_tag":[1005,1004],"class_list":{"0":"post-5046","1":"product","2":"type-product","3":"status-publish","4":"has-post-thumbnail","6":"product_cat-ukrudt-til-salg","7":"product_tag-chokolade-fudge-stamme","8":"product_tag-oste-fondue-stamme","10":"first","11":"instock","12":"shipping-taxable","13":"purchasable","14":"product-type-variable","15":"has-default-attributes"},"yoast_head":"<!-- This site is optimized with the Yoast SEO plugin v27.3 - https:\/\/yoast.com\/product\/yoast-seo-wordpress\/ -->\n<title>K\u00f8b kvalitetschokoladefondue-stamme online - bedste globale medicin<\/title>\n<meta name=\"description\" content=\"K\u00f8b kvalitetschokoladefondue-stamme online. Chokoladefondue stamme er en sativa dominerende hybrid \u2013 80% Sativa \/ 20% Indica THC: 17%\" \/>\n<meta name=\"robots\" content=\"index, follow, max-snippet:-1, max-image-preview:large, max-video-preview:-1\" \/>\n<link rel=\"canonical\" href=\"https:\/\/medicinasinc.com\/da\/product\/kob-chokolade-fondue-stamme\/\" \/>\n<meta property=\"og:locale\" content=\"en_US\" \/>\n<meta property=\"og:type\" content=\"article\" \/>\n<meta property=\"og:title\" content=\"K\u00f8b kvalitetschokoladefondue-stamme online - bedste globale medicin\" \/>\n<meta property=\"og:description\" content=\"K\u00f8b kvalitetschokoladefondue-stamme online. Chokoladefondue stamme er en sativa dominerende hybrid \u2013 80% Sativa \/ 20% Indica THC: 17%\" \/>\n<meta property=\"og:url\" content=\"https:\/\/medicinasinc.com\/da\/product\/kob-chokolade-fondue-stamme\/\" \/>\n<meta property=\"og:site_name\" content=\"Medicinas Inc\" \/>\n<meta property=\"article:modified_time\" content=\"2022-03-20T00:45:02+00:00\" \/>\n<meta property=\"og:image\" content=\"https:\/\/medicinasinc.com\/da\/wp-content\/uploads\/sites\/8\/2022\/02\/Buy-Quality-Chocolate-Fondue.jpg\" \/>\n\t<meta property=\"og:image:width\" content=\"667\" \/>\n\t<meta property=\"og:image:height\" content=\"1000\" \/>\n\t<meta property=\"og:image:type\" content=\"image\/jpeg\" \/>\n<meta name=\"twitter:card\" content=\"summary_large_image\" \/>\n<meta name=\"twitter:label1\" content=\"Est. reading time\" \/>\n\t<meta name=\"twitter:data1\" content=\"2 minutes\" \/>\n<script type=\"application\/ld+json\" class=\"yoast-schema-graph\">{\"@context\":\"https:\\\/\\\/schema.org\",\"@graph\":[{\"@type\":\"WebPage\",\"@id\":\"https:\\\/\\\/medicinasinc.com\\\/da\\\/product\\\/kob-chokolade-fondue-stamme\\\/\",\"url\":\"https:\\\/\\\/medicinasinc.com\\\/da\\\/product\\\/kob-chokolade-fondue-stamme\\\/\",\"name\":\"K\u00f8b kvalitetschokoladefondue-stamme online - bedste globale medicin\",\"isPartOf\":{\"@id\":\"https:\\\/\\\/medicinasinc.com\\\/da\\\/#website\"},\"primaryImageOfPage\":{\"@id\":\"https:\\\/\\\/medicinasinc.com\\\/da\\\/product\\\/kob-chokolade-fondue-stamme\\\/#primaryimage\"},\"image\":{\"@id\":\"https:\\\/\\\/medicinasinc.com\\\/da\\\/product\\\/kob-chokolade-fondue-stamme\\\/#primaryimage\"},\"thumbnailUrl\":\"https:\\\/\\\/medicinasinc.com\\\/da\\\/wp-content\\\/uploads\\\/sites\\\/8\\\/2022\\\/02\\\/Buy-Quality-Chocolate-Fondue.jpg\",\"datePublished\":\"2022-02-20T19:34:10+00:00\",\"dateModified\":\"2022-03-20T00:45:02+00:00\",\"description\":\"K\u00f8b kvalitetschokoladefondue-stamme online. Chokoladefondue stamme er en sativa dominerende hybrid \u2013 80% Sativa \\\/ 20% Indica THC: 17%\",\"breadcrumb\":{\"@id\":\"https:\\\/\\\/medicinasinc.com\\\/da\\\/product\\\/kob-chokolade-fondue-stamme\\\/#breadcrumb\"},\"inLanguage\":\"en-US\",\"potentialAction\":[{\"@type\":\"ReadAction\",\"target\":[\"https:\\\/\\\/medicinasinc.com\\\/da\\\/product\\\/kob-chokolade-fondue-stamme\\\/\"]}]},{\"@type\":\"ImageObject\",\"inLanguage\":\"en-US\",\"@id\":\"https:\\\/\\\/medicinasinc.com\\\/da\\\/product\\\/kob-chokolade-fondue-stamme\\\/#primaryimage\",\"url\":\"https:\\\/\\\/medicinasinc.com\\\/da\\\/wp-content\\\/uploads\\\/sites\\\/8\\\/2022\\\/02\\\/Buy-Quality-Chocolate-Fondue.jpg\",\"contentUrl\":\"https:\\\/\\\/medicinasinc.com\\\/da\\\/wp-content\\\/uploads\\\/sites\\\/8\\\/2022\\\/02\\\/Buy-Quality-Chocolate-Fondue.jpg\",\"width\":667,\"height\":1000},{\"@type\":\"BreadcrumbList\",\"@id\":\"https:\\\/\\\/medicinasinc.com\\\/da\\\/product\\\/kob-chokolade-fondue-stamme\\\/#breadcrumb\",\"itemListElement\":[{\"@type\":\"ListItem\",\"position\":1,\"name\":\"Butik\",\"item\":\"https:\\\/\\\/medicinasinc.com\\\/da\\\/butik\\\/\"},{\"@type\":\"ListItem\",\"position\":2,\"name\":\"K\u00f8b Chokolade Fondue Strain\"}]},{\"@type\":\"WebSite\",\"@id\":\"https:\\\/\\\/medicinasinc.com\\\/da\\\/#website\",\"url\":\"https:\\\/\\\/medicinasinc.com\\\/da\\\/\",\"name\":\"Medicinas Inc\",\"description\":\"Health Medical Clinic\",\"potentialAction\":[{\"@type\":\"SearchAction\",\"target\":{\"@type\":\"EntryPoint\",\"urlTemplate\":\"https:\\\/\\\/medicinasinc.com\\\/da\\\/?s={search_term_string}\"},\"query-input\":{\"@type\":\"PropertyValueSpecification\",\"valueRequired\":true,\"valueName\":\"search_term_string\"}}],\"inLanguage\":\"en-US\"}]}<\/script>\n<!-- \/ Yoast SEO plugin. -->","yoast_head_json":{"title":"K\u00f8b kvalitetschokoladefondue-stamme online - bedste globale medicin","description":"K\u00f8b kvalitetschokoladefondue-stamme online. Chokoladefondue stamme er en sativa dominerende hybrid \u2013 80% Sativa \/ 20% Indica THC: 17%","robots":{"index":"index","follow":"follow","max-snippet":"max-snippet:-1","max-image-preview":"max-image-preview:large","max-video-preview":"max-video-preview:-1"},"canonical":"https:\/\/medicinasinc.com\/da\/product\/kob-chokolade-fondue-stamme\/","og_locale":"en_US","og_type":"article","og_title":"K\u00f8b kvalitetschokoladefondue-stamme online - bedste globale medicin","og_description":"K\u00f8b kvalitetschokoladefondue-stamme online. Chokoladefondue stamme er en sativa dominerende hybrid \u2013 80% Sativa \/ 20% Indica THC: 17%","og_url":"https:\/\/medicinasinc.com\/da\/product\/kob-chokolade-fondue-stamme\/","og_site_name":"Medicinas Inc","article_modified_time":"2022-03-20T00:45:02+00:00","og_image":[{"width":667,"height":1000,"url":"https:\/\/medicinasinc.com\/da\/wp-content\/uploads\/sites\/8\/2022\/02\/Buy-Quality-Chocolate-Fondue.jpg","type":"image\/jpeg"}],"twitter_card":"summary_large_image","twitter_misc":{"Est. reading time":"2 minutes"},"schema":{"@context":"https:\/\/schema.org","@graph":[{"@type":"WebPage","@id":"https:\/\/medicinasinc.com\/da\/product\/kob-chokolade-fondue-stamme\/","url":"https:\/\/medicinasinc.com\/da\/product\/kob-chokolade-fondue-stamme\/","name":"K\u00f8b kvalitetschokoladefondue-stamme online - bedste globale medicin","isPartOf":{"@id":"https:\/\/medicinasinc.com\/da\/#website"},"primaryImageOfPage":{"@id":"https:\/\/medicinasinc.com\/da\/product\/kob-chokolade-fondue-stamme\/#primaryimage"},"image":{"@id":"https:\/\/medicinasinc.com\/da\/product\/kob-chokolade-fondue-stamme\/#primaryimage"},"thumbnailUrl":"https:\/\/medicinasinc.com\/da\/wp-content\/uploads\/sites\/8\/2022\/02\/Buy-Quality-Chocolate-Fondue.jpg","datePublished":"2022-02-20T19:34:10+00:00","dateModified":"2022-03-20T00:45:02+00:00","description":"K\u00f8b kvalitetschokoladefondue-stamme online. Chokoladefondue stamme er en sativa dominerende hybrid \u2013 80% Sativa \/ 20% Indica THC: 17%","breadcrumb":{"@id":"https:\/\/medicinasinc.com\/da\/product\/kob-chokolade-fondue-stamme\/#breadcrumb"},"inLanguage":"en-US","potentialAction":[{"@type":"ReadAction","target":["https:\/\/medicinasinc.com\/da\/product\/kob-chokolade-fondue-stamme\/"]}]},{"@type":"ImageObject","inLanguage":"en-US","@id":"https:\/\/medicinasinc.com\/da\/product\/kob-chokolade-fondue-stamme\/#primaryimage","url":"https:\/\/medicinasinc.com\/da\/wp-content\/uploads\/sites\/8\/2022\/02\/Buy-Quality-Chocolate-Fondue.jpg","contentUrl":"https:\/\/medicinasinc.com\/da\/wp-content\/uploads\/sites\/8\/2022\/02\/Buy-Quality-Chocolate-Fondue.jpg","width":667,"height":1000},{"@type":"BreadcrumbList","@id":"https:\/\/medicinasinc.com\/da\/product\/kob-chokolade-fondue-stamme\/#breadcrumb","itemListElement":[{"@type":"ListItem","position":1,"name":"Butik","item":"https:\/\/medicinasinc.com\/da\/butik\/"},{"@type":"ListItem","position":2,"name":"K\u00f8b Chokolade Fondue Strain"}]},{"@type":"WebSite","@id":"https:\/\/medicinasinc.com\/da\/#website","url":"https:\/\/medicinasinc.com\/da\/","name":"Medicinas Inc","description":"Health Medical Clinic","potentialAction":[{"@type":"SearchAction","target":{"@type":"EntryPoint","urlTemplate":"https:\/\/medicinasinc.com\/da\/?s={search_term_string}"},"query-input":{"@type":"PropertyValueSpecification","valueRequired":true,"valueName":"search_term_string"}}],"inLanguage":"en-US"}]}},"_links":{"self":[{"href":"https:\/\/medicinasinc.com\/da\/wp-json\/wp\/v2\/product\/5046","targetHints":{"allow":["GET"]}}],"collection":[{"href":"https:\/\/medicinasinc.com\/da\/wp-json\/wp\/v2\/product"}],"about":[{"href":"https:\/\/medicinasinc.com\/da\/wp-json\/wp\/v2\/types\/product"}],"replies":[{"embeddable":true,"href":"https:\/\/medicinasinc.com\/da\/wp-json\/wp\/v2\/comments?post=5046"}],"wp:featuredmedia":[{"embeddable":true,"href":"https:\/\/medicinasinc.com\/da\/wp-json\/wp\/v2\/media\/5065"}],"wp:attachment":[{"href":"https:\/\/medicinasinc.com\/da\/wp-json\/wp\/v2\/media?parent=5046"}],"wp:term":[{"taxonomy":"product_brand","embeddable":true,"href":"https:\/\/medicinasinc.com\/da\/wp-json\/wp\/v2\/product_brand?post=5046"},{"taxonomy":"product_cat","embeddable":true,"href":"https:\/\/medicinasinc.com\/da\/wp-json\/wp\/v2\/product_cat?post=5046"},{"taxonomy":"product_tag","embeddable":true,"href":"https:\/\/medicinasinc.com\/da\/wp-json\/wp\/v2\/product_tag?post=5046"}],"curies":[{"name":"wp","href":"https:\/\/api.w.org\/{rel}","templated":true}]}}