{"id":5045,"date":"2022-02-20T19:32:59","date_gmt":"2022-02-20T19:32:59","guid":{"rendered":"https:\/\/medicinasinc.com\/da\/?post_type=product&#038;p=5045"},"modified":"2022-03-20T00:45:13","modified_gmt":"2022-03-20T00:45:13","slug":"kob-rocky-mountain-blabaer","status":"publish","type":"product","link":"https:\/\/medicinasinc.com\/da\/product\/kob-rocky-mountain-blabaer\/","title":{"rendered":"K\u00f8b Rocky Mountain Blueberry"},"content":{"rendered":"<h1><a href=\"https:\/\/www.bestglobalmeds.com\/product\/marijuana\/rocky-mountain\/\">K\u00f8b Rocky Mountain Blueberry<\/a> Stamme<\/h1>\n<p>Rocky Mountain Blueberry er Indica-dominerende Hybrid \u2013 70 % Indica \/ 30 % Sativa THC: 15 % \u2013 18 %<\/p>\n<p>Effekter<br \/> Ophidset, Kreativ, Energigivende, Glad, Motivation, Afslappende<br \/> Kan lindre<br \/> Depression , Tr\u00e6thed, Gr\u00f8n st\u00e6r, Hovedpine, Stress<br \/> Smag<br \/> B\u00e6r, Slik, frugtagtig, s\u00f8d<br \/> Aromaer<br \/> B\u00e6r, Bl\u00e5b\u00e6r, Jordagtig, Urte, S\u00f8d<\/p>\n<p>Stenet Mountain Blueberry er en indica-dominerende hybridstamme opdr\u00e6ttet af de utroligt velsmagende Shishkaberry- og Blueberry-stammer. Denne stamme er kendt for sin forf\u00f8rende smag &#8211; ligner l\u00e6kre, friskplukkede bl\u00e5b\u00e6r eller en saftig slik med bl\u00e5b\u00e6rsmag! Duften er lige s\u00e5 l\u00e6kker med noter af jordiske bl\u00e5b\u00e6r, frisk fyrretr\u00e6 og et skv\u00e6t citron. Rocky Mountain Blueberry-h\u00f8jen er lige s\u00e5 s\u00f8d, som den smager, med stimulerende og forfriskende effekter, der er ideelle til at ruste op til et udend\u00f8rs eventyr. Du vil f\u00f8le dig godt tilpas, men alligevel parat til at tage p\u00e5 vandretur, sv\u00f8mme, l\u00f8be eller hvad der ellers falder dig ind, mens du er udenfor. Denne stemning kan til tider v\u00e6re en smule prikkende, hvilket f\u00e5r dig til at f\u00f8le dig lidt \u00e6ngstelig og let ophidset. Rocky Mountain Blueberry er rapporteret at v\u00e6re ideel til behandling af lidelser som udmattelse, depression, hovedpine eller migr\u00e6ne og gr\u00f8n st\u00e6r eller h\u00f8jt \u00f8jentryk p\u00e5 grund af disse virkninger og dets betydelige 15-18 procent gennemsnitlige THC-indhold. M\u00f8rke olivengr\u00f8nne klumper med bl\u00e5 overtoner og en bel\u00e6gning af livlige lavendelfarvede trikomer karakteriserer denne knop.<\/p>\n","protected":false},"excerpt":{"rendered":"<div class=\"woocommerce-product-details__short-description\">\n<p>Online k\u00f8b af Rocky Mountain Blueberry Strain. Rocky Mountain Blueberry er en dominerende indica hybrid &#8211; 70% Indica \/ 30% Sativa. THC-indhold i sativa: 15%\u201318%<\/p>\n<p>Rocky Mountain Blueberry er en indica-dominerende hybridstamme opdr\u00e6ttet fra de utroligt velsmagende Shishkaberry X Blueberry-for\u00e6ldre.<\/p>\n<\/p><\/div>\n","protected":false},"featured_media":5063,"comment_status":"open","ping_status":"closed","template":"","meta":[],"product_brand":[],"product_cat":[778],"product_tag":[998,996,997,999,1001,1003,1002,1000],"class_list":{"0":"post-5045","1":"product","2":"type-product","3":"status-publish","4":"has-post-thumbnail","6":"product_cat-ukrudt-til-salg","7":"product_tag-bjerg-br-kush-stamme","8":"product_tag-blbr-stamme-alleknop","9":"product_tag-mikado-stamme-blad","10":"product_tag-mountain-og","11":"product_tag-rocky-mountain-high-strain","12":"product_tag-schweizisk-br-stamme","13":"product_tag-shazam-stamme-blad","14":"product_tag-stenet-bjerg-brand-stamme","16":"first","17":"instock","18":"shipping-taxable","19":"purchasable","20":"product-type-variable","21":"has-default-attributes"},"yoast_head":"<!-- This site is optimized with the Yoast SEO plugin v27.3 - https:\/\/yoast.com\/product\/yoast-seo-wordpress\/ -->\n<title>K\u00f8b Rocky Mountain Blueberry Strain - Bedste globale medicin<\/title>\n<meta name=\"description\" content=\"K\u00f8b Rocky Mountain Blueberry Strain Rocky Mountain Blueberry er Indica Dominant Hybrid - 70% Indica \/ 30% Sativa THC: 15% - 18% Effekter v\u00e6kket, kreative.\" \/>\n<meta name=\"robots\" content=\"index, follow, max-snippet:-1, max-image-preview:large, max-video-preview:-1\" \/>\n<link rel=\"canonical\" href=\"https:\/\/medicinasinc.com\/da\/product\/kob-rocky-mountain-blabaer\/\" \/>\n<meta property=\"og:locale\" content=\"en_US\" \/>\n<meta property=\"og:type\" content=\"article\" \/>\n<meta property=\"og:title\" content=\"K\u00f8b Rocky Mountain Blueberry Strain - Bedste globale medicin\" \/>\n<meta property=\"og:description\" content=\"K\u00f8b Rocky Mountain Blueberry Strain Rocky Mountain Blueberry er Indica Dominant Hybrid - 70% Indica \/ 30% Sativa THC: 15% - 18% Effekter v\u00e6kket, kreative.\" \/>\n<meta property=\"og:url\" content=\"https:\/\/medicinasinc.com\/da\/product\/kob-rocky-mountain-blabaer\/\" \/>\n<meta property=\"og:site_name\" content=\"Medicinas Inc\" \/>\n<meta property=\"article:modified_time\" content=\"2022-03-20T00:45:13+00:00\" \/>\n<meta property=\"og:image\" content=\"https:\/\/medicinasinc.com\/da\/wp-content\/uploads\/sites\/8\/2022\/02\/Buy-Rocky-Mountain-Blueberry.jpg\" \/>\n\t<meta property=\"og:image:width\" content=\"1200\" \/>\n\t<meta property=\"og:image:height\" content=\"630\" \/>\n\t<meta property=\"og:image:type\" content=\"image\/jpeg\" \/>\n<meta name=\"twitter:card\" content=\"summary_large_image\" \/>\n<meta name=\"twitter:label1\" content=\"Est. reading time\" \/>\n\t<meta name=\"twitter:data1\" content=\"1 minute\" \/>\n<script type=\"application\/ld+json\" class=\"yoast-schema-graph\">{\"@context\":\"https:\\\/\\\/schema.org\",\"@graph\":[{\"@type\":\"WebPage\",\"@id\":\"https:\\\/\\\/medicinasinc.com\\\/da\\\/product\\\/kob-rocky-mountain-blabaer\\\/\",\"url\":\"https:\\\/\\\/medicinasinc.com\\\/da\\\/product\\\/kob-rocky-mountain-blabaer\\\/\",\"name\":\"K\u00f8b Rocky Mountain Blueberry Strain - Bedste globale medicin\",\"isPartOf\":{\"@id\":\"https:\\\/\\\/medicinasinc.com\\\/da\\\/#website\"},\"primaryImageOfPage\":{\"@id\":\"https:\\\/\\\/medicinasinc.com\\\/da\\\/product\\\/kob-rocky-mountain-blabaer\\\/#primaryimage\"},\"image\":{\"@id\":\"https:\\\/\\\/medicinasinc.com\\\/da\\\/product\\\/kob-rocky-mountain-blabaer\\\/#primaryimage\"},\"thumbnailUrl\":\"https:\\\/\\\/medicinasinc.com\\\/da\\\/wp-content\\\/uploads\\\/sites\\\/8\\\/2022\\\/02\\\/Buy-Rocky-Mountain-Blueberry.jpg\",\"datePublished\":\"2022-02-20T19:32:59+00:00\",\"dateModified\":\"2022-03-20T00:45:13+00:00\",\"description\":\"K\u00f8b Rocky Mountain Blueberry Strain Rocky Mountain Blueberry er Indica Dominant Hybrid - 70% Indica \\\/ 30% Sativa THC: 15% - 18% Effekter v\u00e6kket, kreative.\",\"breadcrumb\":{\"@id\":\"https:\\\/\\\/medicinasinc.com\\\/da\\\/product\\\/kob-rocky-mountain-blabaer\\\/#breadcrumb\"},\"inLanguage\":\"en-US\",\"potentialAction\":[{\"@type\":\"ReadAction\",\"target\":[\"https:\\\/\\\/medicinasinc.com\\\/da\\\/product\\\/kob-rocky-mountain-blabaer\\\/\"]}]},{\"@type\":\"ImageObject\",\"inLanguage\":\"en-US\",\"@id\":\"https:\\\/\\\/medicinasinc.com\\\/da\\\/product\\\/kob-rocky-mountain-blabaer\\\/#primaryimage\",\"url\":\"https:\\\/\\\/medicinasinc.com\\\/da\\\/wp-content\\\/uploads\\\/sites\\\/8\\\/2022\\\/02\\\/Buy-Rocky-Mountain-Blueberry.jpg\",\"contentUrl\":\"https:\\\/\\\/medicinasinc.com\\\/da\\\/wp-content\\\/uploads\\\/sites\\\/8\\\/2022\\\/02\\\/Buy-Rocky-Mountain-Blueberry.jpg\",\"width\":1200,\"height\":630},{\"@type\":\"BreadcrumbList\",\"@id\":\"https:\\\/\\\/medicinasinc.com\\\/da\\\/product\\\/kob-rocky-mountain-blabaer\\\/#breadcrumb\",\"itemListElement\":[{\"@type\":\"ListItem\",\"position\":1,\"name\":\"Butik\",\"item\":\"https:\\\/\\\/medicinasinc.com\\\/da\\\/butik\\\/\"},{\"@type\":\"ListItem\",\"position\":2,\"name\":\"K\u00f8b Rocky Mountain Blueberry\"}]},{\"@type\":\"WebSite\",\"@id\":\"https:\\\/\\\/medicinasinc.com\\\/da\\\/#website\",\"url\":\"https:\\\/\\\/medicinasinc.com\\\/da\\\/\",\"name\":\"Medicinas Inc\",\"description\":\"Health Medical Clinic\",\"potentialAction\":[{\"@type\":\"SearchAction\",\"target\":{\"@type\":\"EntryPoint\",\"urlTemplate\":\"https:\\\/\\\/medicinasinc.com\\\/da\\\/?s={search_term_string}\"},\"query-input\":{\"@type\":\"PropertyValueSpecification\",\"valueRequired\":true,\"valueName\":\"search_term_string\"}}],\"inLanguage\":\"en-US\"}]}<\/script>\n<!-- \/ Yoast SEO plugin. -->","yoast_head_json":{"title":"K\u00f8b Rocky Mountain Blueberry Strain - Bedste globale medicin","description":"K\u00f8b Rocky Mountain Blueberry Strain Rocky Mountain Blueberry er Indica Dominant Hybrid - 70% Indica \/ 30% Sativa THC: 15% - 18% Effekter v\u00e6kket, kreative.","robots":{"index":"index","follow":"follow","max-snippet":"max-snippet:-1","max-image-preview":"max-image-preview:large","max-video-preview":"max-video-preview:-1"},"canonical":"https:\/\/medicinasinc.com\/da\/product\/kob-rocky-mountain-blabaer\/","og_locale":"en_US","og_type":"article","og_title":"K\u00f8b Rocky Mountain Blueberry Strain - Bedste globale medicin","og_description":"K\u00f8b Rocky Mountain Blueberry Strain Rocky Mountain Blueberry er Indica Dominant Hybrid - 70% Indica \/ 30% Sativa THC: 15% - 18% Effekter v\u00e6kket, kreative.","og_url":"https:\/\/medicinasinc.com\/da\/product\/kob-rocky-mountain-blabaer\/","og_site_name":"Medicinas Inc","article_modified_time":"2022-03-20T00:45:13+00:00","og_image":[{"width":1200,"height":630,"url":"https:\/\/medicinasinc.com\/da\/wp-content\/uploads\/sites\/8\/2022\/02\/Buy-Rocky-Mountain-Blueberry.jpg","type":"image\/jpeg"}],"twitter_card":"summary_large_image","twitter_misc":{"Est. reading time":"1 minute"},"schema":{"@context":"https:\/\/schema.org","@graph":[{"@type":"WebPage","@id":"https:\/\/medicinasinc.com\/da\/product\/kob-rocky-mountain-blabaer\/","url":"https:\/\/medicinasinc.com\/da\/product\/kob-rocky-mountain-blabaer\/","name":"K\u00f8b Rocky Mountain Blueberry Strain - Bedste globale medicin","isPartOf":{"@id":"https:\/\/medicinasinc.com\/da\/#website"},"primaryImageOfPage":{"@id":"https:\/\/medicinasinc.com\/da\/product\/kob-rocky-mountain-blabaer\/#primaryimage"},"image":{"@id":"https:\/\/medicinasinc.com\/da\/product\/kob-rocky-mountain-blabaer\/#primaryimage"},"thumbnailUrl":"https:\/\/medicinasinc.com\/da\/wp-content\/uploads\/sites\/8\/2022\/02\/Buy-Rocky-Mountain-Blueberry.jpg","datePublished":"2022-02-20T19:32:59+00:00","dateModified":"2022-03-20T00:45:13+00:00","description":"K\u00f8b Rocky Mountain Blueberry Strain Rocky Mountain Blueberry er Indica Dominant Hybrid - 70% Indica \/ 30% Sativa THC: 15% - 18% Effekter v\u00e6kket, kreative.","breadcrumb":{"@id":"https:\/\/medicinasinc.com\/da\/product\/kob-rocky-mountain-blabaer\/#breadcrumb"},"inLanguage":"en-US","potentialAction":[{"@type":"ReadAction","target":["https:\/\/medicinasinc.com\/da\/product\/kob-rocky-mountain-blabaer\/"]}]},{"@type":"ImageObject","inLanguage":"en-US","@id":"https:\/\/medicinasinc.com\/da\/product\/kob-rocky-mountain-blabaer\/#primaryimage","url":"https:\/\/medicinasinc.com\/da\/wp-content\/uploads\/sites\/8\/2022\/02\/Buy-Rocky-Mountain-Blueberry.jpg","contentUrl":"https:\/\/medicinasinc.com\/da\/wp-content\/uploads\/sites\/8\/2022\/02\/Buy-Rocky-Mountain-Blueberry.jpg","width":1200,"height":630},{"@type":"BreadcrumbList","@id":"https:\/\/medicinasinc.com\/da\/product\/kob-rocky-mountain-blabaer\/#breadcrumb","itemListElement":[{"@type":"ListItem","position":1,"name":"Butik","item":"https:\/\/medicinasinc.com\/da\/butik\/"},{"@type":"ListItem","position":2,"name":"K\u00f8b Rocky Mountain Blueberry"}]},{"@type":"WebSite","@id":"https:\/\/medicinasinc.com\/da\/#website","url":"https:\/\/medicinasinc.com\/da\/","name":"Medicinas Inc","description":"Health Medical Clinic","potentialAction":[{"@type":"SearchAction","target":{"@type":"EntryPoint","urlTemplate":"https:\/\/medicinasinc.com\/da\/?s={search_term_string}"},"query-input":{"@type":"PropertyValueSpecification","valueRequired":true,"valueName":"search_term_string"}}],"inLanguage":"en-US"}]}},"_links":{"self":[{"href":"https:\/\/medicinasinc.com\/da\/wp-json\/wp\/v2\/product\/5045","targetHints":{"allow":["GET"]}}],"collection":[{"href":"https:\/\/medicinasinc.com\/da\/wp-json\/wp\/v2\/product"}],"about":[{"href":"https:\/\/medicinasinc.com\/da\/wp-json\/wp\/v2\/types\/product"}],"replies":[{"embeddable":true,"href":"https:\/\/medicinasinc.com\/da\/wp-json\/wp\/v2\/comments?post=5045"}],"wp:featuredmedia":[{"embeddable":true,"href":"https:\/\/medicinasinc.com\/da\/wp-json\/wp\/v2\/media\/5063"}],"wp:attachment":[{"href":"https:\/\/medicinasinc.com\/da\/wp-json\/wp\/v2\/media?parent=5045"}],"wp:term":[{"taxonomy":"product_brand","embeddable":true,"href":"https:\/\/medicinasinc.com\/da\/wp-json\/wp\/v2\/product_brand?post=5045"},{"taxonomy":"product_cat","embeddable":true,"href":"https:\/\/medicinasinc.com\/da\/wp-json\/wp\/v2\/product_cat?post=5045"},{"taxonomy":"product_tag","embeddable":true,"href":"https:\/\/medicinasinc.com\/da\/wp-json\/wp\/v2\/product_tag?post=5045"}],"curies":[{"name":"wp","href":"https:\/\/api.w.org\/{rel}","templated":true}]}}