{"id":5044,"date":"2022-02-20T19:31:39","date_gmt":"2022-02-20T19:31:39","guid":{"rendered":"https:\/\/medicinasinc.com\/da\/?post_type=product&#038;p=5044"},"modified":"2022-03-20T00:45:21","modified_gmt":"2022-03-20T00:45:21","slug":"kob-lilla-vrag-marihuana","status":"publish","type":"product","link":"https:\/\/medicinasinc.com\/da\/product\/kob-lilla-vrag-marihuana\/","title":{"rendered":"K\u00f8b Purple Wreck Marihuana"},"content":{"rendered":"<div class=\"et_pb_column et_pb_column_3_8 et_pb_column_inner et_pb_column_inner_4 \">\n<div> for Marianne Wrecke <\/p>\n<p>&#8221; indica-dominerende hybridstamme, der har evnen til at imponere selv den mest garvede cannabisforbruger. Purple Wreck er en blanding mellem den ekstremt popul\u00e6re sativa Trainwreck og den farverige, aromatiske Purple Urkle. Det blev skabt af DNA Genetics, de ber\u00f8mte opdr\u00e6ttere bag Chocolope og LA Confidential. Purple Wreck er et glimrende valg til slutningen af \u200b\u200bdagen p\u00e5 grund af dets st\u00e6rke, beroligende kropsh\u00f8je og dristige smag. Analytical 360, en cannabis-testfacilitet, opdagede, at pr\u00f8ver af stammen indeholdt THC-niveauer fra 10 % til svimlende 31 %.<\/p>\n<p>Purple Wreck er kendetegnet ved sine enorme, perfekt formede blomster. Disse knopper ser ud som miniature juletr\u00e6er, der tilspidser fra en bred base til en spids spids. Deres struktur ser ud til at v\u00e6re en krydsning mellem indica og sativa &#8211; selvom de er kompakte og t\u00e6tte p\u00e5 indersiden, spiraler bladene udad med en luftig tekstur p\u00e5 ydersiden. Stammens sande stjerne er disse blade, som bl\u00e6nder forbrugerne med en broget kombination af olivengr\u00f8n, lilla og violet. Disse lilla nuancer er for\u00e5rsaget af koldere end gennemsnittet vejr, der aktiverer anthocyaninpigmenter i stammens DNA. Endelig d\u00e6kker kl\u00e6brige hvide trichomer hele overfladen af \u200b\u200bdisse enorme klumper, hvilket giver et dugfrit, frostigt udseende.<\/p>\n<p>Cannabishybrider er en krydsning mellem indica- og sativa-stammer. Mens samtaler om cannabis-stammer har en tendens til at fokusere p\u00e5 sondringen mellem sativa og indica, er dette kun et aspekt af billedet. Faktisk er st\u00f8rstedelen af \u200b\u200bde marihuana-kultivarer, der er tilg\u00e6ngelige nu, ikke rene sativa. Typisk vil de v\u00e6re indica- eller sativa-dominante hybrider eller en 50\/50 kombination af de to. Purple vrag k\u00f8b online<\/p>\n<p>Lilla vrag k\u00f8b online<\/p>\n<\/p><\/div><\/div><\/div>\n<div class=\"product-next-previous\">\n<div class=\"product- forrige\"><\/div><\/div>\n","protected":false},"excerpt":{"rendered":"<p>Lilla vrag &#8211; K\u00f8b Purple Wreck Online &#8211; Purple Wreck er en indica-dominerende hybrid, der har evnen til at imponere selv den mest erfarne cannabisbruger.<\/p>\n<p>Purple Wreck Marihuana-stamme kan k\u00f8bes online.<\/p>\n<p>Purple Wreck Marihuana er en indica stamme af marihuana. Dominerende hybrid &#8211; 60 % Indica \/ 40 % Sativa THC-indhold i sativa: 18\u201325 %<\/p>\n<p>1 oz. minimumsbestilling<\/p>\n<p>&nbsp;<\/p>\n","protected":false},"featured_media":5061,"comment_status":"open","ping_status":"closed","template":"","meta":[],"product_brand":[],"product_cat":[778],"product_tag":[988,989,990,991,992,993,994,995],"class_list":{"0":"post-5044","1":"product","2":"type-product","3":"status-publish","4":"has-post-thumbnail","6":"product_cat-ukrudt-til-salg","7":"product_tag-lilla-togvrag-pris","8":"product_tag-lilla-togvrag-stamme-effekter","9":"product_tag-lilla-togvrag-stamme-anmeldelse","10":"product_tag-lilla-vrag-blad","11":"product_tag-lilla-vrag-sativa-eller-indica","12":"product_tag-lilla-vrag-stamme-allbud","13":"product_tag-lilla-vrag-stamme-reserve-privada","14":"product_tag-togvrag-stamme-pris","16":"first","17":"instock","18":"shipping-taxable","19":"purchasable","20":"product-type-simple"},"yoast_head":"<!-- This site is optimized with the Yoast SEO plugin v27.3 - https:\/\/yoast.com\/product\/yoast-seo-wordpress\/ -->\n<title>K\u00f8b Purple Wreck Marihuana - Bedste bedste globale medicin<\/title>\n<meta name=\"description\" content=\"K\u00f8b Purple Wreck marihuana online - Purple Wreck er en indica-dominerende hybrid med evnen til at imponere selv erfarne cannabisforbrugere.\" \/>\n<meta name=\"robots\" content=\"index, follow, max-snippet:-1, max-image-preview:large, max-video-preview:-1\" \/>\n<link rel=\"canonical\" href=\"https:\/\/medicinasinc.com\/da\/product\/kob-lilla-vrag-marihuana\/\" \/>\n<meta property=\"og:locale\" content=\"en_US\" \/>\n<meta property=\"og:type\" content=\"article\" \/>\n<meta property=\"og:title\" content=\"K\u00f8b Purple Wreck Marihuana - Bedste bedste globale medicin\" \/>\n<meta property=\"og:description\" content=\"K\u00f8b Purple Wreck marihuana online - Purple Wreck er en indica-dominerende hybrid med evnen til at imponere selv erfarne cannabisforbrugere.\" \/>\n<meta property=\"og:url\" content=\"https:\/\/medicinasinc.com\/da\/product\/kob-lilla-vrag-marihuana\/\" \/>\n<meta property=\"og:site_name\" content=\"Medicinas Inc\" \/>\n<meta property=\"article:modified_time\" content=\"2022-03-20T00:45:21+00:00\" \/>\n<meta property=\"og:image\" content=\"https:\/\/medicinasinc.com\/da\/wp-content\/uploads\/sites\/8\/2022\/02\/Buy-Purple-Wreck-Marijuana-1.jpg\" \/>\n\t<meta property=\"og:image:width\" content=\"1245\" \/>\n\t<meta property=\"og:image:height\" content=\"1024\" \/>\n\t<meta property=\"og:image:type\" content=\"image\/jpeg\" \/>\n<meta name=\"twitter:card\" content=\"summary_large_image\" \/>\n<meta name=\"twitter:label1\" content=\"Est. reading time\" \/>\n\t<meta name=\"twitter:data1\" content=\"2 minutes\" \/>\n<script type=\"application\/ld+json\" class=\"yoast-schema-graph\">{\"@context\":\"https:\\\/\\\/schema.org\",\"@graph\":[{\"@type\":\"WebPage\",\"@id\":\"https:\\\/\\\/medicinasinc.com\\\/da\\\/product\\\/kob-lilla-vrag-marihuana\\\/\",\"url\":\"https:\\\/\\\/medicinasinc.com\\\/da\\\/product\\\/kob-lilla-vrag-marihuana\\\/\",\"name\":\"K\u00f8b Purple Wreck Marihuana - Bedste bedste globale medicin\",\"isPartOf\":{\"@id\":\"https:\\\/\\\/medicinasinc.com\\\/da\\\/#website\"},\"primaryImageOfPage\":{\"@id\":\"https:\\\/\\\/medicinasinc.com\\\/da\\\/product\\\/kob-lilla-vrag-marihuana\\\/#primaryimage\"},\"image\":{\"@id\":\"https:\\\/\\\/medicinasinc.com\\\/da\\\/product\\\/kob-lilla-vrag-marihuana\\\/#primaryimage\"},\"thumbnailUrl\":\"https:\\\/\\\/medicinasinc.com\\\/da\\\/wp-content\\\/uploads\\\/sites\\\/8\\\/2022\\\/02\\\/Buy-Purple-Wreck-Marijuana-1.jpg\",\"datePublished\":\"2022-02-20T19:31:39+00:00\",\"dateModified\":\"2022-03-20T00:45:21+00:00\",\"description\":\"K\u00f8b Purple Wreck marihuana online - Purple Wreck er en indica-dominerende hybrid med evnen til at imponere selv erfarne cannabisforbrugere.\",\"breadcrumb\":{\"@id\":\"https:\\\/\\\/medicinasinc.com\\\/da\\\/product\\\/kob-lilla-vrag-marihuana\\\/#breadcrumb\"},\"inLanguage\":\"en-US\",\"potentialAction\":[{\"@type\":\"ReadAction\",\"target\":[\"https:\\\/\\\/medicinasinc.com\\\/da\\\/product\\\/kob-lilla-vrag-marihuana\\\/\"]}]},{\"@type\":\"ImageObject\",\"inLanguage\":\"en-US\",\"@id\":\"https:\\\/\\\/medicinasinc.com\\\/da\\\/product\\\/kob-lilla-vrag-marihuana\\\/#primaryimage\",\"url\":\"https:\\\/\\\/medicinasinc.com\\\/da\\\/wp-content\\\/uploads\\\/sites\\\/8\\\/2022\\\/02\\\/Buy-Purple-Wreck-Marijuana-1.jpg\",\"contentUrl\":\"https:\\\/\\\/medicinasinc.com\\\/da\\\/wp-content\\\/uploads\\\/sites\\\/8\\\/2022\\\/02\\\/Buy-Purple-Wreck-Marijuana-1.jpg\",\"width\":1245,\"height\":1024},{\"@type\":\"BreadcrumbList\",\"@id\":\"https:\\\/\\\/medicinasinc.com\\\/da\\\/product\\\/kob-lilla-vrag-marihuana\\\/#breadcrumb\",\"itemListElement\":[{\"@type\":\"ListItem\",\"position\":1,\"name\":\"Butik\",\"item\":\"https:\\\/\\\/medicinasinc.com\\\/da\\\/butik\\\/\"},{\"@type\":\"ListItem\",\"position\":2,\"name\":\"K\u00f8b Purple Wreck Marihuana\"}]},{\"@type\":\"WebSite\",\"@id\":\"https:\\\/\\\/medicinasinc.com\\\/da\\\/#website\",\"url\":\"https:\\\/\\\/medicinasinc.com\\\/da\\\/\",\"name\":\"Medicinas Inc\",\"description\":\"Health Medical Clinic\",\"potentialAction\":[{\"@type\":\"SearchAction\",\"target\":{\"@type\":\"EntryPoint\",\"urlTemplate\":\"https:\\\/\\\/medicinasinc.com\\\/da\\\/?s={search_term_string}\"},\"query-input\":{\"@type\":\"PropertyValueSpecification\",\"valueRequired\":true,\"valueName\":\"search_term_string\"}}],\"inLanguage\":\"en-US\"}]}<\/script>\n<!-- \/ Yoast SEO plugin. -->","yoast_head_json":{"title":"K\u00f8b Purple Wreck Marihuana - Bedste bedste globale medicin","description":"K\u00f8b Purple Wreck marihuana online - Purple Wreck er en indica-dominerende hybrid med evnen til at imponere selv erfarne cannabisforbrugere.","robots":{"index":"index","follow":"follow","max-snippet":"max-snippet:-1","max-image-preview":"max-image-preview:large","max-video-preview":"max-video-preview:-1"},"canonical":"https:\/\/medicinasinc.com\/da\/product\/kob-lilla-vrag-marihuana\/","og_locale":"en_US","og_type":"article","og_title":"K\u00f8b Purple Wreck Marihuana - Bedste bedste globale medicin","og_description":"K\u00f8b Purple Wreck marihuana online - Purple Wreck er en indica-dominerende hybrid med evnen til at imponere selv erfarne cannabisforbrugere.","og_url":"https:\/\/medicinasinc.com\/da\/product\/kob-lilla-vrag-marihuana\/","og_site_name":"Medicinas Inc","article_modified_time":"2022-03-20T00:45:21+00:00","og_image":[{"width":1245,"height":1024,"url":"https:\/\/medicinasinc.com\/da\/wp-content\/uploads\/sites\/8\/2022\/02\/Buy-Purple-Wreck-Marijuana-1.jpg","type":"image\/jpeg"}],"twitter_card":"summary_large_image","twitter_misc":{"Est. reading time":"2 minutes"},"schema":{"@context":"https:\/\/schema.org","@graph":[{"@type":"WebPage","@id":"https:\/\/medicinasinc.com\/da\/product\/kob-lilla-vrag-marihuana\/","url":"https:\/\/medicinasinc.com\/da\/product\/kob-lilla-vrag-marihuana\/","name":"K\u00f8b Purple Wreck Marihuana - Bedste bedste globale medicin","isPartOf":{"@id":"https:\/\/medicinasinc.com\/da\/#website"},"primaryImageOfPage":{"@id":"https:\/\/medicinasinc.com\/da\/product\/kob-lilla-vrag-marihuana\/#primaryimage"},"image":{"@id":"https:\/\/medicinasinc.com\/da\/product\/kob-lilla-vrag-marihuana\/#primaryimage"},"thumbnailUrl":"https:\/\/medicinasinc.com\/da\/wp-content\/uploads\/sites\/8\/2022\/02\/Buy-Purple-Wreck-Marijuana-1.jpg","datePublished":"2022-02-20T19:31:39+00:00","dateModified":"2022-03-20T00:45:21+00:00","description":"K\u00f8b Purple Wreck marihuana online - Purple Wreck er en indica-dominerende hybrid med evnen til at imponere selv erfarne cannabisforbrugere.","breadcrumb":{"@id":"https:\/\/medicinasinc.com\/da\/product\/kob-lilla-vrag-marihuana\/#breadcrumb"},"inLanguage":"en-US","potentialAction":[{"@type":"ReadAction","target":["https:\/\/medicinasinc.com\/da\/product\/kob-lilla-vrag-marihuana\/"]}]},{"@type":"ImageObject","inLanguage":"en-US","@id":"https:\/\/medicinasinc.com\/da\/product\/kob-lilla-vrag-marihuana\/#primaryimage","url":"https:\/\/medicinasinc.com\/da\/wp-content\/uploads\/sites\/8\/2022\/02\/Buy-Purple-Wreck-Marijuana-1.jpg","contentUrl":"https:\/\/medicinasinc.com\/da\/wp-content\/uploads\/sites\/8\/2022\/02\/Buy-Purple-Wreck-Marijuana-1.jpg","width":1245,"height":1024},{"@type":"BreadcrumbList","@id":"https:\/\/medicinasinc.com\/da\/product\/kob-lilla-vrag-marihuana\/#breadcrumb","itemListElement":[{"@type":"ListItem","position":1,"name":"Butik","item":"https:\/\/medicinasinc.com\/da\/butik\/"},{"@type":"ListItem","position":2,"name":"K\u00f8b Purple Wreck Marihuana"}]},{"@type":"WebSite","@id":"https:\/\/medicinasinc.com\/da\/#website","url":"https:\/\/medicinasinc.com\/da\/","name":"Medicinas Inc","description":"Health Medical Clinic","potentialAction":[{"@type":"SearchAction","target":{"@type":"EntryPoint","urlTemplate":"https:\/\/medicinasinc.com\/da\/?s={search_term_string}"},"query-input":{"@type":"PropertyValueSpecification","valueRequired":true,"valueName":"search_term_string"}}],"inLanguage":"en-US"}]}},"_links":{"self":[{"href":"https:\/\/medicinasinc.com\/da\/wp-json\/wp\/v2\/product\/5044","targetHints":{"allow":["GET"]}}],"collection":[{"href":"https:\/\/medicinasinc.com\/da\/wp-json\/wp\/v2\/product"}],"about":[{"href":"https:\/\/medicinasinc.com\/da\/wp-json\/wp\/v2\/types\/product"}],"replies":[{"embeddable":true,"href":"https:\/\/medicinasinc.com\/da\/wp-json\/wp\/v2\/comments?post=5044"}],"wp:featuredmedia":[{"embeddable":true,"href":"https:\/\/medicinasinc.com\/da\/wp-json\/wp\/v2\/media\/5061"}],"wp:attachment":[{"href":"https:\/\/medicinasinc.com\/da\/wp-json\/wp\/v2\/media?parent=5044"}],"wp:term":[{"taxonomy":"product_brand","embeddable":true,"href":"https:\/\/medicinasinc.com\/da\/wp-json\/wp\/v2\/product_brand?post=5044"},{"taxonomy":"product_cat","embeddable":true,"href":"https:\/\/medicinasinc.com\/da\/wp-json\/wp\/v2\/product_cat?post=5044"},{"taxonomy":"product_tag","embeddable":true,"href":"https:\/\/medicinasinc.com\/da\/wp-json\/wp\/v2\/product_tag?post=5044"}],"curies":[{"name":"wp","href":"https:\/\/api.w.org\/{rel}","templated":true}]}}