{"id":5037,"date":"2022-02-20T19:24:52","date_gmt":"2022-02-20T19:24:52","guid":{"rendered":"https:\/\/medicinasinc.com\/da\/?post_type=product&#038;p=5037"},"modified":"2022-03-20T00:45:30","modified_gmt":"2022-03-20T00:45:30","slug":"kob-nirvana-special-cannabis","status":"publish","type":"product","link":"https:\/\/medicinasinc.com\/da\/product\/kob-nirvana-special-cannabis\/","title":{"rendered":"K\u00f8b Nirvana Special Cannabis"},"content":{"rendered":"<p>Nirvana Special er en unik sativa-dominerende hybridstamme (75 % sativa\/25 % indica) produceret ved at blande de ikoniske Jock Horror- og Oaxacan Sativa-stammer. Denne rolige knop vandt 2008 HighLife Cup i Amsterdam og tog guldmedaljen hjem for den samlede bedste bio. Med dets potente funktionelle, men kreative h\u00f8je og betagende gennemsnitlige THC-indhold p\u00e5 26-27 procent, er det ikke underligt, at Nirvana Special er s\u00e5 popul\u00e6r en stamme! Nirvana Special high begynder med et udbrud af forh\u00f8jet energi, der efterlader dig glad og motiveret. Du vil f\u00f8le dig forfrisket og ekstremt kreativ, hvilket g\u00f8r dette fremragende til alle mentale g\u00f8rem\u00e5l ved h\u00e5nden eller blot at komme udenfor. Disse effekter sammen med det h\u00f8je THC-indhold g\u00f8r Nirvana Special ideel til behandling af kronisk tr\u00e6thed, depression, kronisk stress, s\u00f8vnl\u00f8shed og appetitl\u00f8shed. Denne knop har en s\u00f8d og frugtagtig skunky smag med en ud\u00e5nding, der er ret syrlig. Duften er noget skunky og aromatisk med en kraftig syrlig frugtagtig overtone. Nirvana Special-knopper er luftige, popcornformede mintegr\u00f8nne nuancer d\u00e6kket af lyse sandede krystaltrichomer.<\/p>\n<p>Sativa Dominant Hybrid \u2013 75 % Sativa \/ 25 % Indica<\/p>\n<p>THC: 26-27 % <\/p>\n<p>Almindelig brug: Depression, tr\u00e6thed, s\u00f8vnl\u00f8shed, appetitl\u00f8shed, stress<\/p>\n<p>Effekter: Kreativ, energigivende, glad, motivation, opl\u00f8ftende<\/p>\n","protected":false},"excerpt":{"rendered":"<p>Nirvana Special Cannabis stamme USA. Dette er en sj\u00e6lden dominerende hybridstamme (75 % sativa\/25 % indica).<em>K\u00f8b Nirvana Special Cannabis<\/em>\u00a0Stamme.<\/p>\n","protected":false},"featured_media":5054,"comment_status":"open","ping_status":"closed","template":"","meta":[],"product_brand":[],"product_cat":[778],"product_tag":[],"class_list":{"0":"post-5037","1":"product","2":"type-product","3":"status-publish","4":"has-post-thumbnail","6":"product_cat-ukrudt-til-salg","8":"first","9":"instock","10":"shipping-taxable","11":"purchasable","12":"product-type-variable","13":"has-default-attributes"},"yoast_head":"<!-- This site is optimized with the Yoast SEO plugin v27.3 - https:\/\/yoast.com\/product\/yoast-seo-wordpress\/ -->\n<title>K\u00f8b Nirvana Special Cannabis - Bedste bedste globale medicin<\/title>\n<meta name=\"description\" content=\"Nirvana Special Cannabis stamme USA. Dette er en sj\u00e6lden dominerende hybrid (75% sativa\/25% indica) stamme. K\u00f8b Nirvana Special Cannabis Strain.\" \/>\n<meta name=\"robots\" content=\"index, follow, max-snippet:-1, max-image-preview:large, max-video-preview:-1\" \/>\n<link rel=\"canonical\" href=\"https:\/\/medicinasinc.com\/da\/product\/kob-nirvana-special-cannabis\/\" \/>\n<meta property=\"og:locale\" content=\"en_US\" \/>\n<meta property=\"og:type\" content=\"article\" \/>\n<meta property=\"og:title\" content=\"K\u00f8b Nirvana Special Cannabis - Bedste bedste globale medicin\" \/>\n<meta property=\"og:description\" content=\"Nirvana Special Cannabis stamme USA. Dette er en sj\u00e6lden dominerende hybrid (75% sativa\/25% indica) stamme. K\u00f8b Nirvana Special Cannabis Strain.\" \/>\n<meta property=\"og:url\" content=\"https:\/\/medicinasinc.com\/da\/product\/kob-nirvana-special-cannabis\/\" \/>\n<meta property=\"og:site_name\" content=\"Medicinas Inc\" \/>\n<meta property=\"article:modified_time\" content=\"2022-03-20T00:45:30+00:00\" \/>\n<meta property=\"og:image\" content=\"https:\/\/medicinasinc.com\/da\/wp-content\/uploads\/sites\/8\/2022\/02\/Buy-Nirvana-Special-Cannabis.jpg\" \/>\n\t<meta property=\"og:image:width\" content=\"1920\" \/>\n\t<meta property=\"og:image:height\" content=\"1920\" \/>\n\t<meta property=\"og:image:type\" content=\"image\/jpeg\" \/>\n<meta name=\"twitter:card\" content=\"summary_large_image\" \/>\n<meta name=\"twitter:label1\" content=\"Est. reading time\" \/>\n\t<meta name=\"twitter:data1\" content=\"1 minute\" \/>\n<script type=\"application\/ld+json\" class=\"yoast-schema-graph\">{\"@context\":\"https:\\\/\\\/schema.org\",\"@graph\":[{\"@type\":\"WebPage\",\"@id\":\"https:\\\/\\\/medicinasinc.com\\\/da\\\/product\\\/kob-nirvana-special-cannabis\\\/\",\"url\":\"https:\\\/\\\/medicinasinc.com\\\/da\\\/product\\\/kob-nirvana-special-cannabis\\\/\",\"name\":\"K\u00f8b Nirvana Special Cannabis - Bedste bedste globale medicin\",\"isPartOf\":{\"@id\":\"https:\\\/\\\/medicinasinc.com\\\/da\\\/#website\"},\"primaryImageOfPage\":{\"@id\":\"https:\\\/\\\/medicinasinc.com\\\/da\\\/product\\\/kob-nirvana-special-cannabis\\\/#primaryimage\"},\"image\":{\"@id\":\"https:\\\/\\\/medicinasinc.com\\\/da\\\/product\\\/kob-nirvana-special-cannabis\\\/#primaryimage\"},\"thumbnailUrl\":\"https:\\\/\\\/medicinasinc.com\\\/da\\\/wp-content\\\/uploads\\\/sites\\\/8\\\/2022\\\/02\\\/Buy-Nirvana-Special-Cannabis.jpg\",\"datePublished\":\"2022-02-20T19:24:52+00:00\",\"dateModified\":\"2022-03-20T00:45:30+00:00\",\"description\":\"Nirvana Special Cannabis stamme USA. Dette er en sj\u00e6lden dominerende hybrid (75% sativa\\\/25% indica) stamme. K\u00f8b Nirvana Special Cannabis Strain.\",\"breadcrumb\":{\"@id\":\"https:\\\/\\\/medicinasinc.com\\\/da\\\/product\\\/kob-nirvana-special-cannabis\\\/#breadcrumb\"},\"inLanguage\":\"en-US\",\"potentialAction\":[{\"@type\":\"ReadAction\",\"target\":[\"https:\\\/\\\/medicinasinc.com\\\/da\\\/product\\\/kob-nirvana-special-cannabis\\\/\"]}]},{\"@type\":\"ImageObject\",\"inLanguage\":\"en-US\",\"@id\":\"https:\\\/\\\/medicinasinc.com\\\/da\\\/product\\\/kob-nirvana-special-cannabis\\\/#primaryimage\",\"url\":\"https:\\\/\\\/medicinasinc.com\\\/da\\\/wp-content\\\/uploads\\\/sites\\\/8\\\/2022\\\/02\\\/Buy-Nirvana-Special-Cannabis.jpg\",\"contentUrl\":\"https:\\\/\\\/medicinasinc.com\\\/da\\\/wp-content\\\/uploads\\\/sites\\\/8\\\/2022\\\/02\\\/Buy-Nirvana-Special-Cannabis.jpg\",\"width\":1920,\"height\":1920},{\"@type\":\"BreadcrumbList\",\"@id\":\"https:\\\/\\\/medicinasinc.com\\\/da\\\/product\\\/kob-nirvana-special-cannabis\\\/#breadcrumb\",\"itemListElement\":[{\"@type\":\"ListItem\",\"position\":1,\"name\":\"Butik\",\"item\":\"https:\\\/\\\/medicinasinc.com\\\/da\\\/butik\\\/\"},{\"@type\":\"ListItem\",\"position\":2,\"name\":\"K\u00f8b Nirvana Special Cannabis\"}]},{\"@type\":\"WebSite\",\"@id\":\"https:\\\/\\\/medicinasinc.com\\\/da\\\/#website\",\"url\":\"https:\\\/\\\/medicinasinc.com\\\/da\\\/\",\"name\":\"Medicinas Inc\",\"description\":\"Health Medical Clinic\",\"potentialAction\":[{\"@type\":\"SearchAction\",\"target\":{\"@type\":\"EntryPoint\",\"urlTemplate\":\"https:\\\/\\\/medicinasinc.com\\\/da\\\/?s={search_term_string}\"},\"query-input\":{\"@type\":\"PropertyValueSpecification\",\"valueRequired\":true,\"valueName\":\"search_term_string\"}}],\"inLanguage\":\"en-US\"}]}<\/script>\n<!-- \/ Yoast SEO plugin. -->","yoast_head_json":{"title":"K\u00f8b Nirvana Special Cannabis - Bedste bedste globale medicin","description":"Nirvana Special Cannabis stamme USA. Dette er en sj\u00e6lden dominerende hybrid (75% sativa\/25% indica) stamme. K\u00f8b Nirvana Special Cannabis Strain.","robots":{"index":"index","follow":"follow","max-snippet":"max-snippet:-1","max-image-preview":"max-image-preview:large","max-video-preview":"max-video-preview:-1"},"canonical":"https:\/\/medicinasinc.com\/da\/product\/kob-nirvana-special-cannabis\/","og_locale":"en_US","og_type":"article","og_title":"K\u00f8b Nirvana Special Cannabis - Bedste bedste globale medicin","og_description":"Nirvana Special Cannabis stamme USA. Dette er en sj\u00e6lden dominerende hybrid (75% sativa\/25% indica) stamme. K\u00f8b Nirvana Special Cannabis Strain.","og_url":"https:\/\/medicinasinc.com\/da\/product\/kob-nirvana-special-cannabis\/","og_site_name":"Medicinas Inc","article_modified_time":"2022-03-20T00:45:30+00:00","og_image":[{"width":1920,"height":1920,"url":"https:\/\/medicinasinc.com\/da\/wp-content\/uploads\/sites\/8\/2022\/02\/Buy-Nirvana-Special-Cannabis.jpg","type":"image\/jpeg"}],"twitter_card":"summary_large_image","twitter_misc":{"Est. reading time":"1 minute"},"schema":{"@context":"https:\/\/schema.org","@graph":[{"@type":"WebPage","@id":"https:\/\/medicinasinc.com\/da\/product\/kob-nirvana-special-cannabis\/","url":"https:\/\/medicinasinc.com\/da\/product\/kob-nirvana-special-cannabis\/","name":"K\u00f8b Nirvana Special Cannabis - Bedste bedste globale medicin","isPartOf":{"@id":"https:\/\/medicinasinc.com\/da\/#website"},"primaryImageOfPage":{"@id":"https:\/\/medicinasinc.com\/da\/product\/kob-nirvana-special-cannabis\/#primaryimage"},"image":{"@id":"https:\/\/medicinasinc.com\/da\/product\/kob-nirvana-special-cannabis\/#primaryimage"},"thumbnailUrl":"https:\/\/medicinasinc.com\/da\/wp-content\/uploads\/sites\/8\/2022\/02\/Buy-Nirvana-Special-Cannabis.jpg","datePublished":"2022-02-20T19:24:52+00:00","dateModified":"2022-03-20T00:45:30+00:00","description":"Nirvana Special Cannabis stamme USA. Dette er en sj\u00e6lden dominerende hybrid (75% sativa\/25% indica) stamme. K\u00f8b Nirvana Special Cannabis Strain.","breadcrumb":{"@id":"https:\/\/medicinasinc.com\/da\/product\/kob-nirvana-special-cannabis\/#breadcrumb"},"inLanguage":"en-US","potentialAction":[{"@type":"ReadAction","target":["https:\/\/medicinasinc.com\/da\/product\/kob-nirvana-special-cannabis\/"]}]},{"@type":"ImageObject","inLanguage":"en-US","@id":"https:\/\/medicinasinc.com\/da\/product\/kob-nirvana-special-cannabis\/#primaryimage","url":"https:\/\/medicinasinc.com\/da\/wp-content\/uploads\/sites\/8\/2022\/02\/Buy-Nirvana-Special-Cannabis.jpg","contentUrl":"https:\/\/medicinasinc.com\/da\/wp-content\/uploads\/sites\/8\/2022\/02\/Buy-Nirvana-Special-Cannabis.jpg","width":1920,"height":1920},{"@type":"BreadcrumbList","@id":"https:\/\/medicinasinc.com\/da\/product\/kob-nirvana-special-cannabis\/#breadcrumb","itemListElement":[{"@type":"ListItem","position":1,"name":"Butik","item":"https:\/\/medicinasinc.com\/da\/butik\/"},{"@type":"ListItem","position":2,"name":"K\u00f8b Nirvana Special Cannabis"}]},{"@type":"WebSite","@id":"https:\/\/medicinasinc.com\/da\/#website","url":"https:\/\/medicinasinc.com\/da\/","name":"Medicinas Inc","description":"Health Medical Clinic","potentialAction":[{"@type":"SearchAction","target":{"@type":"EntryPoint","urlTemplate":"https:\/\/medicinasinc.com\/da\/?s={search_term_string}"},"query-input":{"@type":"PropertyValueSpecification","valueRequired":true,"valueName":"search_term_string"}}],"inLanguage":"en-US"}]}},"_links":{"self":[{"href":"https:\/\/medicinasinc.com\/da\/wp-json\/wp\/v2\/product\/5037","targetHints":{"allow":["GET"]}}],"collection":[{"href":"https:\/\/medicinasinc.com\/da\/wp-json\/wp\/v2\/product"}],"about":[{"href":"https:\/\/medicinasinc.com\/da\/wp-json\/wp\/v2\/types\/product"}],"replies":[{"embeddable":true,"href":"https:\/\/medicinasinc.com\/da\/wp-json\/wp\/v2\/comments?post=5037"}],"wp:featuredmedia":[{"embeddable":true,"href":"https:\/\/medicinasinc.com\/da\/wp-json\/wp\/v2\/media\/5054"}],"wp:attachment":[{"href":"https:\/\/medicinasinc.com\/da\/wp-json\/wp\/v2\/media?parent=5037"}],"wp:term":[{"taxonomy":"product_brand","embeddable":true,"href":"https:\/\/medicinasinc.com\/da\/wp-json\/wp\/v2\/product_brand?post=5037"},{"taxonomy":"product_cat","embeddable":true,"href":"https:\/\/medicinasinc.com\/da\/wp-json\/wp\/v2\/product_cat?post=5037"},{"taxonomy":"product_tag","embeddable":true,"href":"https:\/\/medicinasinc.com\/da\/wp-json\/wp\/v2\/product_tag?post=5037"}],"curies":[{"name":"wp","href":"https:\/\/api.w.org\/{rel}","templated":true}]}}