{"id":5020,"date":"2022-02-20T19:11:16","date_gmt":"2022-02-20T19:11:16","guid":{"rendered":"https:\/\/medicinasinc.com\/da\/?post_type=product&#038;p=5020"},"modified":"2022-03-20T00:45:39","modified_gmt":"2022-03-20T00:45:39","slug":"kob-mor-til-drager-marihuana","status":"publish","type":"product","link":"https:\/\/medicinasinc.com\/da\/product\/kob-mor-til-drager-marihuana\/","title":{"rendered":"K\u00f8b Mother of Dragons Marihuana"},"content":{"rendered":"<p>K\u00f8b af marihuana Mother of Dragons<\/p>\n<p>Mother of Dragons er en meget sj\u00e6lden j\u00e6vnt afbalanceret hybrid (50 procent Indica\/50 procent Sativa) stamme med ukendt afstamning p\u00e5 grund af opdr\u00e6tterhemmelighed og en generel mangel p\u00e5 viden om dens oprindelse. Opkaldt efter den ber\u00f8mte Daenerys Targaryen fra Game of Thrones, denne sj\u00e6ldne stamme pakker en br\u00e6ndende smag, der vil s\u00e6tte ild til dine smagsl\u00f8g. Duften er en match made in heaven, med en tung og bidende kushy skunky overtone og en meget krydret gr\u00e6skl\u00e6dt effekt, der frigives, n\u00e5r klumserne br\u00e6nder. Efter blot et par hits vil Mother of Dragons h\u00f8j efterlade dig l\u00f8ftet og dine tanker sv\u00e6ve i timevis. Det begynder med en cerebral p\u00e5virkning, der transporterer dit sind til en tilstand af perfekt ekstase og din \u00e5nd til en tilstand af ren tilfredshed. Mens dit sind og din \u00e5nd flyver over himlen, vil din krop opleve et mildt niveau af afslapning, som kan efterlade en f\u00f8lelse af lidt d\u00f8sig. Denne stemning har v\u00e6ret kendt for at for\u00e5rsage angst hos nogle mennesker, s\u00e5 undg\u00e5 det, hvis du er tilb\u00f8jelig til det. Mother of Dragons er et ideelt alternativ for personer, der lider af kronisk stress, tristhed, hum\u00f8rsvingninger og kroniske smerter p\u00e5 grund af disse effekter plus dets h\u00f8je 23-28 procent gennemsnitlige THC-indhold. Denne knop er sammensat af drueformede skovgr\u00f8nne klumper d\u00e6kket med beh\u00e5rede ravh\u00e5r og trikomer af bl\u00e6ndende ravkrystaller.<\/p>\n<p>K\u00f8b Mother of Dragons Marihuana nu fra Tegridy Farms&#8217; online cannabisdispensary<\/p>\n","protected":false},"excerpt":{"rendered":"<div class=\"woocommerce-product-details__short-description\">\n<p>K\u00f8b Mother of Dragons Marihuana billigt online. Mor til drager marihuana er hybrid \u2013 50% Sativa \/50% Indica THC: 23% \u2013 28%<\/p>\n<div class=\"woocommerce-product-details__short-description\">\n<p><strong>Knapst\u00f8rrelse<\/strong>: Lille \u2013 Medium<br \/> <strong>Strain Type<\/strong>: 40 % Indica 60 % Sativa<br \/> <strong>Tekstur<\/strong>: Normal \u2013 Sticky<br \/> <strong>Smag<\/strong>: Urte | S\u00f8d<br \/> <strong>Medicinsk brug<\/strong>: Angst | Kroniske smerter | Depression | Stress<br \/> <strong>THC-indhold<\/strong>: 26 % h\u00f8jeste test\u00a0<strong>CBD<\/strong>: &gt;1 %<\/p>\n<\/p><\/div>\n<p class=\"stock out-of- lager\"> <\/div>\n","protected":false},"featured_media":5038,"comment_status":"open","ping_status":"closed","template":"","meta":[],"product_brand":[],"product_cat":[778],"product_tag":[960,983,961,615,964,455,967,968,969,461,973,978,986,985,987,480,975,977,976,972,962,966,970,971,974,965,963,979,980,981,982,984],"class_list":{"0":"post-5020","1":"product","2":"type-product","3":"status-publish","4":"has-post-thumbnail","6":"product_cat-ukrudt-til-salg","7":"product_tag-bedste-sted-at-kbe-marihuana-fr-online","8":"product_tag-bestille-kodein-hostesaft-online","9":"product_tag-buy-actavis-syrup","10":"product_tag-buy-cannabis-oil-online","11":"product_tag-buy-lean-codeine-online","12":"product_tag-buy-marijuana-online","13":"product_tag-buy-marijuana-seeds-online","14":"product_tag-buy-marijuana-seeds-online-canada","15":"product_tag-buy-marijuana-seeds-online-usa","16":"product_tag-buy-medical-marijuana-online","17":"product_tag-buy-safe-medical-marijuana-online","18":"product_tag-how-to-buy-marijuana-online","19":"product_tag-hvor-kan-jeg-kbe-marihuana-fr-online","20":"product_tag-hvor-kan-jeg-kbe-marihuana-online","21":"product_tag-hvor-kan-kbes-cbd-olie-nr-mig","22":"product_tag-hvor-kan-kan-kbes-marihuana-online","23":"product_tag-kan-du-k-c3-b8be","24":"product_tag-kan-du-k-c3-b8be-marihuana-fr-c3-b8-online","25":"product_tag-kan-du-kbe-marihuana-online","26":"product_tag-kb-rigtig-marihuana-online","27":"product_tag-k-c3-b8b-hostesaft-med-kodein","28":"product_tag-kb-marihuana-online-canada","29":"product_tag-kb-nirvana-special-marihuana-stamme-online","30":"product_tag-k-c3-b8b-online-actavis-hostesaft","31":"product_tag-kb-syntetisk-marihuana-online","32":"product_tag-kbe-marihuana","33":"product_tag-kb-ulovlig-marihuana-online","34":"product_tag-marihuana-olier-til-vaping-til-salg","35":"product_tag-marihuana-online-kb-cannabis","36":"product_tag-medical-marijuana-online","37":"product_tag-online-lovligt","38":"product_tag-promethazine-codeine-syrup-for-sale","40":"first","41":"instock","42":"shipping-taxable","43":"purchasable","44":"product-type-variable","45":"has-default-attributes"},"yoast_head":"<!-- This site is optimized with the Yoast SEO plugin v27.3 - https:\/\/yoast.com\/product\/yoast-seo-wordpress\/ -->\n<title>K\u00f8b Mother of Dragons Marihuana - Bedste globale medicin<\/title>\n<meta name=\"description\" content=\"K\u00f8b Mother of Dragons Marihuana billigt online. Mor til drager marihuana er hybrid - 50% Sativa \/50% Indica THC: 23% - 28%\" \/>\n<meta name=\"robots\" content=\"index, follow, max-snippet:-1, max-image-preview:large, max-video-preview:-1\" \/>\n<link rel=\"canonical\" href=\"https:\/\/medicinasinc.com\/da\/product\/kob-mor-til-drager-marihuana\/\" \/>\n<meta property=\"og:locale\" content=\"en_US\" \/>\n<meta property=\"og:type\" content=\"article\" \/>\n<meta property=\"og:title\" content=\"K\u00f8b Mother of Dragons Marihuana - Bedste globale medicin\" \/>\n<meta property=\"og:description\" content=\"K\u00f8b Mother of Dragons Marihuana billigt online. Mor til drager marihuana er hybrid - 50% Sativa \/50% Indica THC: 23% - 28%\" \/>\n<meta property=\"og:url\" content=\"https:\/\/medicinasinc.com\/da\/product\/kob-mor-til-drager-marihuana\/\" \/>\n<meta property=\"og:site_name\" content=\"Medicinas Inc\" \/>\n<meta property=\"article:modified_time\" content=\"2022-03-20T00:45:39+00:00\" \/>\n<meta property=\"og:image\" content=\"https:\/\/medicinasinc.com\/da\/wp-content\/uploads\/sites\/8\/2022\/02\/Buy-Mother-of-Dragons-Marijuana.jpg\" \/>\n\t<meta property=\"og:image:width\" content=\"1000\" \/>\n\t<meta property=\"og:image:height\" content=\"1000\" \/>\n\t<meta property=\"og:image:type\" content=\"image\/jpeg\" \/>\n<meta name=\"twitter:card\" content=\"summary_large_image\" \/>\n<meta name=\"twitter:label1\" content=\"Est. reading time\" \/>\n\t<meta name=\"twitter:data1\" content=\"2 minutes\" \/>\n<script type=\"application\/ld+json\" class=\"yoast-schema-graph\">{\"@context\":\"https:\\\/\\\/schema.org\",\"@graph\":[{\"@type\":\"WebPage\",\"@id\":\"https:\\\/\\\/medicinasinc.com\\\/da\\\/product\\\/kob-mor-til-drager-marihuana\\\/\",\"url\":\"https:\\\/\\\/medicinasinc.com\\\/da\\\/product\\\/kob-mor-til-drager-marihuana\\\/\",\"name\":\"K\u00f8b Mother of Dragons Marihuana - Bedste globale medicin\",\"isPartOf\":{\"@id\":\"https:\\\/\\\/medicinasinc.com\\\/da\\\/#website\"},\"primaryImageOfPage\":{\"@id\":\"https:\\\/\\\/medicinasinc.com\\\/da\\\/product\\\/kob-mor-til-drager-marihuana\\\/#primaryimage\"},\"image\":{\"@id\":\"https:\\\/\\\/medicinasinc.com\\\/da\\\/product\\\/kob-mor-til-drager-marihuana\\\/#primaryimage\"},\"thumbnailUrl\":\"https:\\\/\\\/medicinasinc.com\\\/da\\\/wp-content\\\/uploads\\\/sites\\\/8\\\/2022\\\/02\\\/Buy-Mother-of-Dragons-Marijuana.jpg\",\"datePublished\":\"2022-02-20T19:11:16+00:00\",\"dateModified\":\"2022-03-20T00:45:39+00:00\",\"description\":\"K\u00f8b Mother of Dragons Marihuana billigt online. Mor til drager marihuana er hybrid - 50% Sativa \\\/50% Indica THC: 23% - 28%\",\"breadcrumb\":{\"@id\":\"https:\\\/\\\/medicinasinc.com\\\/da\\\/product\\\/kob-mor-til-drager-marihuana\\\/#breadcrumb\"},\"inLanguage\":\"en-US\",\"potentialAction\":[{\"@type\":\"ReadAction\",\"target\":[\"https:\\\/\\\/medicinasinc.com\\\/da\\\/product\\\/kob-mor-til-drager-marihuana\\\/\"]}]},{\"@type\":\"ImageObject\",\"inLanguage\":\"en-US\",\"@id\":\"https:\\\/\\\/medicinasinc.com\\\/da\\\/product\\\/kob-mor-til-drager-marihuana\\\/#primaryimage\",\"url\":\"https:\\\/\\\/medicinasinc.com\\\/da\\\/wp-content\\\/uploads\\\/sites\\\/8\\\/2022\\\/02\\\/Buy-Mother-of-Dragons-Marijuana.jpg\",\"contentUrl\":\"https:\\\/\\\/medicinasinc.com\\\/da\\\/wp-content\\\/uploads\\\/sites\\\/8\\\/2022\\\/02\\\/Buy-Mother-of-Dragons-Marijuana.jpg\",\"width\":1000,\"height\":1000},{\"@type\":\"BreadcrumbList\",\"@id\":\"https:\\\/\\\/medicinasinc.com\\\/da\\\/product\\\/kob-mor-til-drager-marihuana\\\/#breadcrumb\",\"itemListElement\":[{\"@type\":\"ListItem\",\"position\":1,\"name\":\"Butik\",\"item\":\"https:\\\/\\\/medicinasinc.com\\\/da\\\/butik\\\/\"},{\"@type\":\"ListItem\",\"position\":2,\"name\":\"K\u00f8b Mother of Dragons Marihuana\"}]},{\"@type\":\"WebSite\",\"@id\":\"https:\\\/\\\/medicinasinc.com\\\/da\\\/#website\",\"url\":\"https:\\\/\\\/medicinasinc.com\\\/da\\\/\",\"name\":\"Medicinas Inc\",\"description\":\"Health Medical Clinic\",\"potentialAction\":[{\"@type\":\"SearchAction\",\"target\":{\"@type\":\"EntryPoint\",\"urlTemplate\":\"https:\\\/\\\/medicinasinc.com\\\/da\\\/?s={search_term_string}\"},\"query-input\":{\"@type\":\"PropertyValueSpecification\",\"valueRequired\":true,\"valueName\":\"search_term_string\"}}],\"inLanguage\":\"en-US\"}]}<\/script>\n<!-- \/ Yoast SEO plugin. -->","yoast_head_json":{"title":"K\u00f8b Mother of Dragons Marihuana - Bedste globale medicin","description":"K\u00f8b Mother of Dragons Marihuana billigt online. Mor til drager marihuana er hybrid - 50% Sativa \/50% Indica THC: 23% - 28%","robots":{"index":"index","follow":"follow","max-snippet":"max-snippet:-1","max-image-preview":"max-image-preview:large","max-video-preview":"max-video-preview:-1"},"canonical":"https:\/\/medicinasinc.com\/da\/product\/kob-mor-til-drager-marihuana\/","og_locale":"en_US","og_type":"article","og_title":"K\u00f8b Mother of Dragons Marihuana - Bedste globale medicin","og_description":"K\u00f8b Mother of Dragons Marihuana billigt online. Mor til drager marihuana er hybrid - 50% Sativa \/50% Indica THC: 23% - 28%","og_url":"https:\/\/medicinasinc.com\/da\/product\/kob-mor-til-drager-marihuana\/","og_site_name":"Medicinas Inc","article_modified_time":"2022-03-20T00:45:39+00:00","og_image":[{"width":1000,"height":1000,"url":"https:\/\/medicinasinc.com\/da\/wp-content\/uploads\/sites\/8\/2022\/02\/Buy-Mother-of-Dragons-Marijuana.jpg","type":"image\/jpeg"}],"twitter_card":"summary_large_image","twitter_misc":{"Est. reading time":"2 minutes"},"schema":{"@context":"https:\/\/schema.org","@graph":[{"@type":"WebPage","@id":"https:\/\/medicinasinc.com\/da\/product\/kob-mor-til-drager-marihuana\/","url":"https:\/\/medicinasinc.com\/da\/product\/kob-mor-til-drager-marihuana\/","name":"K\u00f8b Mother of Dragons Marihuana - Bedste globale medicin","isPartOf":{"@id":"https:\/\/medicinasinc.com\/da\/#website"},"primaryImageOfPage":{"@id":"https:\/\/medicinasinc.com\/da\/product\/kob-mor-til-drager-marihuana\/#primaryimage"},"image":{"@id":"https:\/\/medicinasinc.com\/da\/product\/kob-mor-til-drager-marihuana\/#primaryimage"},"thumbnailUrl":"https:\/\/medicinasinc.com\/da\/wp-content\/uploads\/sites\/8\/2022\/02\/Buy-Mother-of-Dragons-Marijuana.jpg","datePublished":"2022-02-20T19:11:16+00:00","dateModified":"2022-03-20T00:45:39+00:00","description":"K\u00f8b Mother of Dragons Marihuana billigt online. Mor til drager marihuana er hybrid - 50% Sativa \/50% Indica THC: 23% - 28%","breadcrumb":{"@id":"https:\/\/medicinasinc.com\/da\/product\/kob-mor-til-drager-marihuana\/#breadcrumb"},"inLanguage":"en-US","potentialAction":[{"@type":"ReadAction","target":["https:\/\/medicinasinc.com\/da\/product\/kob-mor-til-drager-marihuana\/"]}]},{"@type":"ImageObject","inLanguage":"en-US","@id":"https:\/\/medicinasinc.com\/da\/product\/kob-mor-til-drager-marihuana\/#primaryimage","url":"https:\/\/medicinasinc.com\/da\/wp-content\/uploads\/sites\/8\/2022\/02\/Buy-Mother-of-Dragons-Marijuana.jpg","contentUrl":"https:\/\/medicinasinc.com\/da\/wp-content\/uploads\/sites\/8\/2022\/02\/Buy-Mother-of-Dragons-Marijuana.jpg","width":1000,"height":1000},{"@type":"BreadcrumbList","@id":"https:\/\/medicinasinc.com\/da\/product\/kob-mor-til-drager-marihuana\/#breadcrumb","itemListElement":[{"@type":"ListItem","position":1,"name":"Butik","item":"https:\/\/medicinasinc.com\/da\/butik\/"},{"@type":"ListItem","position":2,"name":"K\u00f8b Mother of Dragons Marihuana"}]},{"@type":"WebSite","@id":"https:\/\/medicinasinc.com\/da\/#website","url":"https:\/\/medicinasinc.com\/da\/","name":"Medicinas Inc","description":"Health Medical Clinic","potentialAction":[{"@type":"SearchAction","target":{"@type":"EntryPoint","urlTemplate":"https:\/\/medicinasinc.com\/da\/?s={search_term_string}"},"query-input":{"@type":"PropertyValueSpecification","valueRequired":true,"valueName":"search_term_string"}}],"inLanguage":"en-US"}]}},"_links":{"self":[{"href":"https:\/\/medicinasinc.com\/da\/wp-json\/wp\/v2\/product\/5020","targetHints":{"allow":["GET"]}}],"collection":[{"href":"https:\/\/medicinasinc.com\/da\/wp-json\/wp\/v2\/product"}],"about":[{"href":"https:\/\/medicinasinc.com\/da\/wp-json\/wp\/v2\/types\/product"}],"replies":[{"embeddable":true,"href":"https:\/\/medicinasinc.com\/da\/wp-json\/wp\/v2\/comments?post=5020"}],"wp:featuredmedia":[{"embeddable":true,"href":"https:\/\/medicinasinc.com\/da\/wp-json\/wp\/v2\/media\/5038"}],"wp:attachment":[{"href":"https:\/\/medicinasinc.com\/da\/wp-json\/wp\/v2\/media?parent=5020"}],"wp:term":[{"taxonomy":"product_brand","embeddable":true,"href":"https:\/\/medicinasinc.com\/da\/wp-json\/wp\/v2\/product_brand?post=5020"},{"taxonomy":"product_cat","embeddable":true,"href":"https:\/\/medicinasinc.com\/da\/wp-json\/wp\/v2\/product_cat?post=5020"},{"taxonomy":"product_tag","embeddable":true,"href":"https:\/\/medicinasinc.com\/da\/wp-json\/wp\/v2\/product_tag?post=5020"}],"curies":[{"name":"wp","href":"https:\/\/api.w.org\/{rel}","templated":true}]}}