{"id":5019,"date":"2022-02-20T19:10:26","date_gmt":"2022-02-20T19:10:26","guid":{"rendered":"https:\/\/medicinasinc.com\/da\/?post_type=product&#038;p=5019"},"modified":"2022-03-20T00:45:52","modified_gmt":"2022-03-20T00:45:52","slug":"amnesi-dis","status":"publish","type":"product","link":"https:\/\/medicinasinc.com\/da\/product\/amnesi-dis\/","title":{"rendered":"Amnesi Haze"},"content":{"rendered":"<p>Amnesia Haze Strain K\u00f8b online<\/p>\n<p>Amnesia Haze Strain Online er en Sativa-dominerende hybrid skabt ved at krydse Haze med adskillige forskellige jordrace-stammer, herunder thailandsk, hawaiiansk og afghansk. Sativa til indica-forholdet er cirka 80:20. THC er ret h\u00f8jt og overstiger 22% i visse tests, men CBD er betydeligt mindre potent og kommer ind p\u00e5 lidt mindre end 1%. High&#8217;en er euforisk og kreativ med et psykoaktivt hum\u00f8rboost og et tilf\u00e6lde af fnis. Amnesia Haze har en frugtagtig, hashy smag og en s\u00f8d, jordagtig aroma med spor af br\u00e6ndende peber. Nugs er lysegr\u00f8nne med m\u00f8rkere brune filamenter og en trichome-d\u00e6kket overflade. Det er et glimrende alternativ til lindring af angst og depression, s\u00e5vel som tr\u00e6thed, ADHD-symptomer, migr\u00e6nehovedpine, hum\u00f8rsvingninger og fysiske smerter.<\/p>\n<p>K\u00f8b online fra Best Global Meds til en billig pris!<\/p>\n<p>Vi hos Best Global Meds tilbyder amnesia haze marihuana-blomster til en rimelig pris. Amnesia Haze er en Sativa-dominerende hybrid lavet af de to prim\u00e6re stammer af cannabis, Sativa og Indica. Det bruges til en r\u00e6kke terapeutiske og rekreative form\u00e5l. Amnesia Haze er et glimrende alternativ til at koncentrere sig om arbejde et fjerntliggende sted. Med jordagtige citron- og citrusnoter er Amnesia Haze den ideelle variant til at starte din dag med et smil.<\/p>\n<div class=\"product-next-previous\">\n<div class=\"product-prev\"><\/div><\/div>\n","protected":false},"excerpt":{"rendered":"<p>Amnesia Haze til salg online i Storbritannien og Europa, Amnesia Haze er en europ\u00e6isk favorit. Denne meget psykedeliske Sativa er bedst forbeholdt erfarne forbrugere.<\/p>\n<p>Amnesia Haze er muligvis verdens mest popul\u00e6re stamme.<\/p>\n<p>Amnesia Haze er en ekstremt berusende og psykedelisk hybridstamme. <\/p>\n","protected":false},"featured_media":5036,"comment_status":"open","ping_status":"closed","template":"","meta":[],"product_brand":[],"product_cat":[778],"product_tag":[956,959,957,958],"class_list":{"0":"post-5019","1":"product","2":"type-product","3":"status-publish","4":"has-post-thumbnail","6":"product_cat-ukrudt-til-salg","7":"product_tag-amnesi","8":"product_tag-hvor-kan-kbes-amnesi-haze-strain-online","9":"product_tag-kb-amnesi-haze-online","10":"product_tag-marihuana","12":"first","13":"instock","14":"shipping-taxable","15":"purchasable","16":"product-type-variable","17":"has-default-attributes"},"yoast_head":"<!-- This site is optimized with the Yoast SEO plugin v27.3 - https:\/\/yoast.com\/product\/yoast-seo-wordpress\/ -->\n<title>Amnesia Haze - Amnesia Haze ukrudtsstammer - Bedste bedste globale medicin<\/title>\n<meta name=\"description\" content=\"K\u00f8b Amnesia Haze Til salg UK, Europa online, Amnesia Haze er en europ\u00e6isk favorit. Denne intenst psykedeliske stamme er en Sativa, der bedst overlades til erfarne forbrugere.\" \/>\n<meta name=\"robots\" content=\"index, follow, max-snippet:-1, max-image-preview:large, max-video-preview:-1\" \/>\n<link rel=\"canonical\" href=\"https:\/\/medicinasinc.com\/da\/product\/amnesi-dis\/\" \/>\n<meta property=\"og:locale\" content=\"en_US\" \/>\n<meta property=\"og:type\" content=\"article\" \/>\n<meta property=\"og:title\" content=\"Amnesia Haze - Amnesia Haze ukrudtsstammer - Bedste bedste globale medicin\" \/>\n<meta property=\"og:description\" content=\"K\u00f8b Amnesia Haze Til salg UK, Europa online, Amnesia Haze er en europ\u00e6isk favorit. Denne intenst psykedeliske stamme er en Sativa, der bedst overlades til erfarne forbrugere.\" \/>\n<meta property=\"og:url\" content=\"https:\/\/medicinasinc.com\/da\/product\/amnesi-dis\/\" \/>\n<meta property=\"og:site_name\" content=\"Medicinas Inc\" \/>\n<meta property=\"article:modified_time\" content=\"2022-03-20T00:45:52+00:00\" \/>\n<meta property=\"og:image\" content=\"https:\/\/medicinasinc.com\/da\/wp-content\/uploads\/sites\/8\/2022\/02\/Buy-Amnesia-Haze.jpg\" \/>\n\t<meta property=\"og:image:width\" content=\"1159\" \/>\n\t<meta property=\"og:image:height\" content=\"1043\" \/>\n\t<meta property=\"og:image:type\" content=\"image\/jpeg\" \/>\n<meta name=\"twitter:card\" content=\"summary_large_image\" \/>\n<meta name=\"twitter:label1\" content=\"Est. reading time\" \/>\n\t<meta name=\"twitter:data1\" content=\"1 minute\" \/>\n<script type=\"application\/ld+json\" class=\"yoast-schema-graph\">{\"@context\":\"https:\\\/\\\/schema.org\",\"@graph\":[{\"@type\":\"WebPage\",\"@id\":\"https:\\\/\\\/medicinasinc.com\\\/da\\\/product\\\/amnesi-dis\\\/\",\"url\":\"https:\\\/\\\/medicinasinc.com\\\/da\\\/product\\\/amnesi-dis\\\/\",\"name\":\"Amnesia Haze - Amnesia Haze ukrudtsstammer - Bedste bedste globale medicin\",\"isPartOf\":{\"@id\":\"https:\\\/\\\/medicinasinc.com\\\/da\\\/#website\"},\"primaryImageOfPage\":{\"@id\":\"https:\\\/\\\/medicinasinc.com\\\/da\\\/product\\\/amnesi-dis\\\/#primaryimage\"},\"image\":{\"@id\":\"https:\\\/\\\/medicinasinc.com\\\/da\\\/product\\\/amnesi-dis\\\/#primaryimage\"},\"thumbnailUrl\":\"https:\\\/\\\/medicinasinc.com\\\/da\\\/wp-content\\\/uploads\\\/sites\\\/8\\\/2022\\\/02\\\/Buy-Amnesia-Haze.jpg\",\"datePublished\":\"2022-02-20T19:10:26+00:00\",\"dateModified\":\"2022-03-20T00:45:52+00:00\",\"description\":\"K\u00f8b Amnesia Haze Til salg UK, Europa online, Amnesia Haze er en europ\u00e6isk favorit. Denne intenst psykedeliske stamme er en Sativa, der bedst overlades til erfarne forbrugere.\",\"breadcrumb\":{\"@id\":\"https:\\\/\\\/medicinasinc.com\\\/da\\\/product\\\/amnesi-dis\\\/#breadcrumb\"},\"inLanguage\":\"en-US\",\"potentialAction\":[{\"@type\":\"ReadAction\",\"target\":[\"https:\\\/\\\/medicinasinc.com\\\/da\\\/product\\\/amnesi-dis\\\/\"]}]},{\"@type\":\"ImageObject\",\"inLanguage\":\"en-US\",\"@id\":\"https:\\\/\\\/medicinasinc.com\\\/da\\\/product\\\/amnesi-dis\\\/#primaryimage\",\"url\":\"https:\\\/\\\/medicinasinc.com\\\/da\\\/wp-content\\\/uploads\\\/sites\\\/8\\\/2022\\\/02\\\/Buy-Amnesia-Haze.jpg\",\"contentUrl\":\"https:\\\/\\\/medicinasinc.com\\\/da\\\/wp-content\\\/uploads\\\/sites\\\/8\\\/2022\\\/02\\\/Buy-Amnesia-Haze.jpg\",\"width\":1159,\"height\":1043},{\"@type\":\"BreadcrumbList\",\"@id\":\"https:\\\/\\\/medicinasinc.com\\\/da\\\/product\\\/amnesi-dis\\\/#breadcrumb\",\"itemListElement\":[{\"@type\":\"ListItem\",\"position\":1,\"name\":\"Butik\",\"item\":\"https:\\\/\\\/medicinasinc.com\\\/da\\\/butik\\\/\"},{\"@type\":\"ListItem\",\"position\":2,\"name\":\"Amnesi Haze\"}]},{\"@type\":\"WebSite\",\"@id\":\"https:\\\/\\\/medicinasinc.com\\\/da\\\/#website\",\"url\":\"https:\\\/\\\/medicinasinc.com\\\/da\\\/\",\"name\":\"Medicinas Inc\",\"description\":\"Health Medical Clinic\",\"potentialAction\":[{\"@type\":\"SearchAction\",\"target\":{\"@type\":\"EntryPoint\",\"urlTemplate\":\"https:\\\/\\\/medicinasinc.com\\\/da\\\/?s={search_term_string}\"},\"query-input\":{\"@type\":\"PropertyValueSpecification\",\"valueRequired\":true,\"valueName\":\"search_term_string\"}}],\"inLanguage\":\"en-US\"}]}<\/script>\n<!-- \/ Yoast SEO plugin. -->","yoast_head_json":{"title":"Amnesia Haze - Amnesia Haze ukrudtsstammer - Bedste bedste globale medicin","description":"K\u00f8b Amnesia Haze Til salg UK, Europa online, Amnesia Haze er en europ\u00e6isk favorit. Denne intenst psykedeliske stamme er en Sativa, der bedst overlades til erfarne forbrugere.","robots":{"index":"index","follow":"follow","max-snippet":"max-snippet:-1","max-image-preview":"max-image-preview:large","max-video-preview":"max-video-preview:-1"},"canonical":"https:\/\/medicinasinc.com\/da\/product\/amnesi-dis\/","og_locale":"en_US","og_type":"article","og_title":"Amnesia Haze - Amnesia Haze ukrudtsstammer - Bedste bedste globale medicin","og_description":"K\u00f8b Amnesia Haze Til salg UK, Europa online, Amnesia Haze er en europ\u00e6isk favorit. Denne intenst psykedeliske stamme er en Sativa, der bedst overlades til erfarne forbrugere.","og_url":"https:\/\/medicinasinc.com\/da\/product\/amnesi-dis\/","og_site_name":"Medicinas Inc","article_modified_time":"2022-03-20T00:45:52+00:00","og_image":[{"width":1159,"height":1043,"url":"https:\/\/medicinasinc.com\/da\/wp-content\/uploads\/sites\/8\/2022\/02\/Buy-Amnesia-Haze.jpg","type":"image\/jpeg"}],"twitter_card":"summary_large_image","twitter_misc":{"Est. reading time":"1 minute"},"schema":{"@context":"https:\/\/schema.org","@graph":[{"@type":"WebPage","@id":"https:\/\/medicinasinc.com\/da\/product\/amnesi-dis\/","url":"https:\/\/medicinasinc.com\/da\/product\/amnesi-dis\/","name":"Amnesia Haze - Amnesia Haze ukrudtsstammer - Bedste bedste globale medicin","isPartOf":{"@id":"https:\/\/medicinasinc.com\/da\/#website"},"primaryImageOfPage":{"@id":"https:\/\/medicinasinc.com\/da\/product\/amnesi-dis\/#primaryimage"},"image":{"@id":"https:\/\/medicinasinc.com\/da\/product\/amnesi-dis\/#primaryimage"},"thumbnailUrl":"https:\/\/medicinasinc.com\/da\/wp-content\/uploads\/sites\/8\/2022\/02\/Buy-Amnesia-Haze.jpg","datePublished":"2022-02-20T19:10:26+00:00","dateModified":"2022-03-20T00:45:52+00:00","description":"K\u00f8b Amnesia Haze Til salg UK, Europa online, Amnesia Haze er en europ\u00e6isk favorit. Denne intenst psykedeliske stamme er en Sativa, der bedst overlades til erfarne forbrugere.","breadcrumb":{"@id":"https:\/\/medicinasinc.com\/da\/product\/amnesi-dis\/#breadcrumb"},"inLanguage":"en-US","potentialAction":[{"@type":"ReadAction","target":["https:\/\/medicinasinc.com\/da\/product\/amnesi-dis\/"]}]},{"@type":"ImageObject","inLanguage":"en-US","@id":"https:\/\/medicinasinc.com\/da\/product\/amnesi-dis\/#primaryimage","url":"https:\/\/medicinasinc.com\/da\/wp-content\/uploads\/sites\/8\/2022\/02\/Buy-Amnesia-Haze.jpg","contentUrl":"https:\/\/medicinasinc.com\/da\/wp-content\/uploads\/sites\/8\/2022\/02\/Buy-Amnesia-Haze.jpg","width":1159,"height":1043},{"@type":"BreadcrumbList","@id":"https:\/\/medicinasinc.com\/da\/product\/amnesi-dis\/#breadcrumb","itemListElement":[{"@type":"ListItem","position":1,"name":"Butik","item":"https:\/\/medicinasinc.com\/da\/butik\/"},{"@type":"ListItem","position":2,"name":"Amnesi Haze"}]},{"@type":"WebSite","@id":"https:\/\/medicinasinc.com\/da\/#website","url":"https:\/\/medicinasinc.com\/da\/","name":"Medicinas Inc","description":"Health Medical Clinic","potentialAction":[{"@type":"SearchAction","target":{"@type":"EntryPoint","urlTemplate":"https:\/\/medicinasinc.com\/da\/?s={search_term_string}"},"query-input":{"@type":"PropertyValueSpecification","valueRequired":true,"valueName":"search_term_string"}}],"inLanguage":"en-US"}]}},"_links":{"self":[{"href":"https:\/\/medicinasinc.com\/da\/wp-json\/wp\/v2\/product\/5019","targetHints":{"allow":["GET"]}}],"collection":[{"href":"https:\/\/medicinasinc.com\/da\/wp-json\/wp\/v2\/product"}],"about":[{"href":"https:\/\/medicinasinc.com\/da\/wp-json\/wp\/v2\/types\/product"}],"replies":[{"embeddable":true,"href":"https:\/\/medicinasinc.com\/da\/wp-json\/wp\/v2\/comments?post=5019"}],"wp:featuredmedia":[{"embeddable":true,"href":"https:\/\/medicinasinc.com\/da\/wp-json\/wp\/v2\/media\/5036"}],"wp:attachment":[{"href":"https:\/\/medicinasinc.com\/da\/wp-json\/wp\/v2\/media?parent=5019"}],"wp:term":[{"taxonomy":"product_brand","embeddable":true,"href":"https:\/\/medicinasinc.com\/da\/wp-json\/wp\/v2\/product_brand?post=5019"},{"taxonomy":"product_cat","embeddable":true,"href":"https:\/\/medicinasinc.com\/da\/wp-json\/wp\/v2\/product_cat?post=5019"},{"taxonomy":"product_tag","embeddable":true,"href":"https:\/\/medicinasinc.com\/da\/wp-json\/wp\/v2\/product_tag?post=5019"}],"curies":[{"name":"wp","href":"https:\/\/api.w.org\/{rel}","templated":true}]}}