{"id":5018,"date":"2022-02-20T19:09:20","date_gmt":"2022-02-20T19:09:20","guid":{"rendered":"https:\/\/medicinasinc.com\/da\/?post_type=product&#038;p=5018"},"modified":"2022-03-20T00:46:00","modified_gmt":"2022-03-20T00:46:00","slug":"kob-ananas-ekspress-marihuana","status":"publish","type":"product","link":"https:\/\/medicinasinc.com\/da\/product\/kob-ananas-ekspress-marihuana\/","title":{"rendered":"K\u00f8b Pineapple Express Marihuana"},"content":{"rendered":"<h1>K\u00f8b Pineapple Express Marihuana Strain Online.<\/h1>\n<p>K\u00f8b Pineapple Express Marihuana Strain Online.<\/p>\n<p>Effekter<br \/> Energigivende, Eufori, Fokus<br \/> Kan lindre<br \/> Kroniske smerter, depression, tr\u00e6thed, appetitl\u00f8shed, migr\u00e6ne, kvalme, mareridt<br \/> Smag<br \/> Citrus, fyrretr\u00e6, ananas, s\u00f8d, tropisk<br \/> Aromaer<br \/> Jordagtig, fyrretr\u00e6, ananas, S\u00f8d<\/p>\n<p>Du skal dog huske p\u00e5, at sp\u00e6ndingen ikke er helt s\u00e5 stor, som filmen portr\u00e6tterer den. Pineapple Express giver dog en let og behagelig kropsbed\u00f8vende effekt, som er noget at se frem til.<\/p>\n<p>Stammen f\u00e5s i form af pr\u00e6cist v\u00e6gtede nuggets, der ligner Styrofoam-popcorn. Den har ikke en s\u00f8d smag, men den har en underlig aroma p\u00e5 grund af citrusovertonerne. Smagen er ret unik, med et strejf af ananas p\u00e5 ind\u00e5ndingen. Pineapple Express foretr\u00e6kkes til behandling af en r\u00e6kke medicinske tilstande, herunder angst og stress. Det er dog betydeligt mere vellykket til samtidig behandling af symptomerne p\u00e5 kronisk depression. Hvis du oplever milde smerter og \u00f8mhed, er du kommet til det rette sted. Efter et sug vil du bem\u00e6rke Pineapple Express er b\u00e5de fredfyldt og opkvikkende.<\/p>\n","protected":false},"excerpt":{"rendered":"<div class=\"woocommerce-product-details__short-description\">\n<p>K\u00f8b Pineapple Express Marihuana-stamme til salg online. K\u00f8b Pineapple Express Marihuana Strain. En sativa dominerende hybrid \u2013 60 % Sativa \/ 40 % Indica THC: 25 %, CBN: 1 %<\/p>\n<\/p><\/div>\n","protected":false},"featured_media":5034,"comment_status":"open","ping_status":"closed","template":"","meta":[],"product_brand":[],"product_cat":[778],"product_tag":[949,948,950,951,955,954,953,952],"class_list":{"0":"post-5018","1":"product","2":"type-product","3":"status-publish","4":"has-post-thumbnail","6":"product_cat-ukrudt-til-salg","7":"product_tag-ananas-ekspress-fr","8":"product_tag-ananas-ekspress-afghanistan","9":"product_tag-ananas-ekspress-stamme-allbud","10":"product_tag-ananas-ekspress-stamme-effekter","11":"product_tag-ananas-ekspress-vape-patron","12":"product_tag-ananas-ekspress-stamme-sativa-eller-indica","13":"product_tag-ananas-ekspress-stamme-anmeldelse","14":"product_tag-ananas-ekspress-stamme-info","16":"first","17":"instock","18":"shipping-taxable","19":"purchasable","20":"product-type-variable","21":"has-default-attributes"},"yoast_head":"<!-- This site is optimized with the Yoast SEO plugin v27.3 - https:\/\/yoast.com\/product\/yoast-seo-wordpress\/ -->\n<title>K\u00f8b Pineapple Express Marihuana - Bedste bedste globale medicin<\/title>\n<meta name=\"description\" content=\"K\u00f8b Pineapple Express Marihuana-stamme til salg online. K\u00f8b Pineapple Express Marihuana Strain. En sativa dominerende hybrid \u2013 60 % Sativa \/ 40 % Indica THC: 25 %, CBN: 1 %\" \/>\n<meta name=\"robots\" content=\"index, follow, max-snippet:-1, max-image-preview:large, max-video-preview:-1\" \/>\n<link rel=\"canonical\" href=\"https:\/\/medicinasinc.com\/da\/product\/kob-ananas-ekspress-marihuana\/\" \/>\n<meta property=\"og:locale\" content=\"en_US\" \/>\n<meta property=\"og:type\" content=\"article\" \/>\n<meta property=\"og:title\" content=\"K\u00f8b Pineapple Express Marihuana - Bedste bedste globale medicin\" \/>\n<meta property=\"og:description\" content=\"K\u00f8b Pineapple Express Marihuana-stamme til salg online. K\u00f8b Pineapple Express Marihuana Strain. En sativa dominerende hybrid \u2013 60 % Sativa \/ 40 % Indica THC: 25 %, CBN: 1 %\" \/>\n<meta property=\"og:url\" content=\"https:\/\/medicinasinc.com\/da\/product\/kob-ananas-ekspress-marihuana\/\" \/>\n<meta property=\"og:site_name\" content=\"Medicinas Inc\" \/>\n<meta property=\"article:modified_time\" content=\"2022-03-20T00:46:00+00:00\" \/>\n<meta property=\"og:image\" content=\"https:\/\/medicinasinc.com\/da\/wp-content\/uploads\/sites\/8\/2022\/02\/Buy-Pineapple-Express-Marijuana.jpeg\" \/>\n\t<meta property=\"og:image:width\" content=\"600\" \/>\n\t<meta property=\"og:image:height\" content=\"600\" \/>\n\t<meta property=\"og:image:type\" content=\"image\/jpeg\" \/>\n<meta name=\"twitter:card\" content=\"summary_large_image\" \/>\n<meta name=\"twitter:label1\" content=\"Est. reading time\" \/>\n\t<meta name=\"twitter:data1\" content=\"1 minute\" \/>\n<script type=\"application\/ld+json\" class=\"yoast-schema-graph\">{\"@context\":\"https:\\\/\\\/schema.org\",\"@graph\":[{\"@type\":\"WebPage\",\"@id\":\"https:\\\/\\\/medicinasinc.com\\\/da\\\/product\\\/kob-ananas-ekspress-marihuana\\\/\",\"url\":\"https:\\\/\\\/medicinasinc.com\\\/da\\\/product\\\/kob-ananas-ekspress-marihuana\\\/\",\"name\":\"K\u00f8b Pineapple Express Marihuana - Bedste bedste globale medicin\",\"isPartOf\":{\"@id\":\"https:\\\/\\\/medicinasinc.com\\\/da\\\/#website\"},\"primaryImageOfPage\":{\"@id\":\"https:\\\/\\\/medicinasinc.com\\\/da\\\/product\\\/kob-ananas-ekspress-marihuana\\\/#primaryimage\"},\"image\":{\"@id\":\"https:\\\/\\\/medicinasinc.com\\\/da\\\/product\\\/kob-ananas-ekspress-marihuana\\\/#primaryimage\"},\"thumbnailUrl\":\"https:\\\/\\\/medicinasinc.com\\\/da\\\/wp-content\\\/uploads\\\/sites\\\/8\\\/2022\\\/02\\\/Buy-Pineapple-Express-Marijuana.jpeg\",\"datePublished\":\"2022-02-20T19:09:20+00:00\",\"dateModified\":\"2022-03-20T00:46:00+00:00\",\"description\":\"K\u00f8b Pineapple Express Marihuana-stamme til salg online. K\u00f8b Pineapple Express Marihuana Strain. En sativa dominerende hybrid \u2013 60 % Sativa \\\/ 40 % Indica THC: 25 %, CBN: 1 %\",\"breadcrumb\":{\"@id\":\"https:\\\/\\\/medicinasinc.com\\\/da\\\/product\\\/kob-ananas-ekspress-marihuana\\\/#breadcrumb\"},\"inLanguage\":\"en-US\",\"potentialAction\":[{\"@type\":\"ReadAction\",\"target\":[\"https:\\\/\\\/medicinasinc.com\\\/da\\\/product\\\/kob-ananas-ekspress-marihuana\\\/\"]}]},{\"@type\":\"ImageObject\",\"inLanguage\":\"en-US\",\"@id\":\"https:\\\/\\\/medicinasinc.com\\\/da\\\/product\\\/kob-ananas-ekspress-marihuana\\\/#primaryimage\",\"url\":\"https:\\\/\\\/medicinasinc.com\\\/da\\\/wp-content\\\/uploads\\\/sites\\\/8\\\/2022\\\/02\\\/Buy-Pineapple-Express-Marijuana.jpeg\",\"contentUrl\":\"https:\\\/\\\/medicinasinc.com\\\/da\\\/wp-content\\\/uploads\\\/sites\\\/8\\\/2022\\\/02\\\/Buy-Pineapple-Express-Marijuana.jpeg\",\"width\":600,\"height\":600},{\"@type\":\"BreadcrumbList\",\"@id\":\"https:\\\/\\\/medicinasinc.com\\\/da\\\/product\\\/kob-ananas-ekspress-marihuana\\\/#breadcrumb\",\"itemListElement\":[{\"@type\":\"ListItem\",\"position\":1,\"name\":\"Butik\",\"item\":\"https:\\\/\\\/medicinasinc.com\\\/da\\\/butik\\\/\"},{\"@type\":\"ListItem\",\"position\":2,\"name\":\"K\u00f8b Pineapple Express Marihuana\"}]},{\"@type\":\"WebSite\",\"@id\":\"https:\\\/\\\/medicinasinc.com\\\/da\\\/#website\",\"url\":\"https:\\\/\\\/medicinasinc.com\\\/da\\\/\",\"name\":\"Medicinas Inc\",\"description\":\"Health Medical Clinic\",\"potentialAction\":[{\"@type\":\"SearchAction\",\"target\":{\"@type\":\"EntryPoint\",\"urlTemplate\":\"https:\\\/\\\/medicinasinc.com\\\/da\\\/?s={search_term_string}\"},\"query-input\":{\"@type\":\"PropertyValueSpecification\",\"valueRequired\":true,\"valueName\":\"search_term_string\"}}],\"inLanguage\":\"en-US\"}]}<\/script>\n<!-- \/ Yoast SEO plugin. -->","yoast_head_json":{"title":"K\u00f8b Pineapple Express Marihuana - Bedste bedste globale medicin","description":"K\u00f8b Pineapple Express Marihuana-stamme til salg online. K\u00f8b Pineapple Express Marihuana Strain. En sativa dominerende hybrid \u2013 60 % Sativa \/ 40 % Indica THC: 25 %, CBN: 1 %","robots":{"index":"index","follow":"follow","max-snippet":"max-snippet:-1","max-image-preview":"max-image-preview:large","max-video-preview":"max-video-preview:-1"},"canonical":"https:\/\/medicinasinc.com\/da\/product\/kob-ananas-ekspress-marihuana\/","og_locale":"en_US","og_type":"article","og_title":"K\u00f8b Pineapple Express Marihuana - Bedste bedste globale medicin","og_description":"K\u00f8b Pineapple Express Marihuana-stamme til salg online. K\u00f8b Pineapple Express Marihuana Strain. En sativa dominerende hybrid \u2013 60 % Sativa \/ 40 % Indica THC: 25 %, CBN: 1 %","og_url":"https:\/\/medicinasinc.com\/da\/product\/kob-ananas-ekspress-marihuana\/","og_site_name":"Medicinas Inc","article_modified_time":"2022-03-20T00:46:00+00:00","og_image":[{"width":600,"height":600,"url":"https:\/\/medicinasinc.com\/da\/wp-content\/uploads\/sites\/8\/2022\/02\/Buy-Pineapple-Express-Marijuana.jpeg","type":"image\/jpeg"}],"twitter_card":"summary_large_image","twitter_misc":{"Est. reading time":"1 minute"},"schema":{"@context":"https:\/\/schema.org","@graph":[{"@type":"WebPage","@id":"https:\/\/medicinasinc.com\/da\/product\/kob-ananas-ekspress-marihuana\/","url":"https:\/\/medicinasinc.com\/da\/product\/kob-ananas-ekspress-marihuana\/","name":"K\u00f8b Pineapple Express Marihuana - Bedste bedste globale medicin","isPartOf":{"@id":"https:\/\/medicinasinc.com\/da\/#website"},"primaryImageOfPage":{"@id":"https:\/\/medicinasinc.com\/da\/product\/kob-ananas-ekspress-marihuana\/#primaryimage"},"image":{"@id":"https:\/\/medicinasinc.com\/da\/product\/kob-ananas-ekspress-marihuana\/#primaryimage"},"thumbnailUrl":"https:\/\/medicinasinc.com\/da\/wp-content\/uploads\/sites\/8\/2022\/02\/Buy-Pineapple-Express-Marijuana.jpeg","datePublished":"2022-02-20T19:09:20+00:00","dateModified":"2022-03-20T00:46:00+00:00","description":"K\u00f8b Pineapple Express Marihuana-stamme til salg online. K\u00f8b Pineapple Express Marihuana Strain. En sativa dominerende hybrid \u2013 60 % Sativa \/ 40 % Indica THC: 25 %, CBN: 1 %","breadcrumb":{"@id":"https:\/\/medicinasinc.com\/da\/product\/kob-ananas-ekspress-marihuana\/#breadcrumb"},"inLanguage":"en-US","potentialAction":[{"@type":"ReadAction","target":["https:\/\/medicinasinc.com\/da\/product\/kob-ananas-ekspress-marihuana\/"]}]},{"@type":"ImageObject","inLanguage":"en-US","@id":"https:\/\/medicinasinc.com\/da\/product\/kob-ananas-ekspress-marihuana\/#primaryimage","url":"https:\/\/medicinasinc.com\/da\/wp-content\/uploads\/sites\/8\/2022\/02\/Buy-Pineapple-Express-Marijuana.jpeg","contentUrl":"https:\/\/medicinasinc.com\/da\/wp-content\/uploads\/sites\/8\/2022\/02\/Buy-Pineapple-Express-Marijuana.jpeg","width":600,"height":600},{"@type":"BreadcrumbList","@id":"https:\/\/medicinasinc.com\/da\/product\/kob-ananas-ekspress-marihuana\/#breadcrumb","itemListElement":[{"@type":"ListItem","position":1,"name":"Butik","item":"https:\/\/medicinasinc.com\/da\/butik\/"},{"@type":"ListItem","position":2,"name":"K\u00f8b Pineapple Express Marihuana"}]},{"@type":"WebSite","@id":"https:\/\/medicinasinc.com\/da\/#website","url":"https:\/\/medicinasinc.com\/da\/","name":"Medicinas Inc","description":"Health Medical Clinic","potentialAction":[{"@type":"SearchAction","target":{"@type":"EntryPoint","urlTemplate":"https:\/\/medicinasinc.com\/da\/?s={search_term_string}"},"query-input":{"@type":"PropertyValueSpecification","valueRequired":true,"valueName":"search_term_string"}}],"inLanguage":"en-US"}]}},"_links":{"self":[{"href":"https:\/\/medicinasinc.com\/da\/wp-json\/wp\/v2\/product\/5018","targetHints":{"allow":["GET"]}}],"collection":[{"href":"https:\/\/medicinasinc.com\/da\/wp-json\/wp\/v2\/product"}],"about":[{"href":"https:\/\/medicinasinc.com\/da\/wp-json\/wp\/v2\/types\/product"}],"replies":[{"embeddable":true,"href":"https:\/\/medicinasinc.com\/da\/wp-json\/wp\/v2\/comments?post=5018"}],"wp:featuredmedia":[{"embeddable":true,"href":"https:\/\/medicinasinc.com\/da\/wp-json\/wp\/v2\/media\/5034"}],"wp:attachment":[{"href":"https:\/\/medicinasinc.com\/da\/wp-json\/wp\/v2\/media?parent=5018"}],"wp:term":[{"taxonomy":"product_brand","embeddable":true,"href":"https:\/\/medicinasinc.com\/da\/wp-json\/wp\/v2\/product_brand?post=5018"},{"taxonomy":"product_cat","embeddable":true,"href":"https:\/\/medicinasinc.com\/da\/wp-json\/wp\/v2\/product_cat?post=5018"},{"taxonomy":"product_tag","embeddable":true,"href":"https:\/\/medicinasinc.com\/da\/wp-json\/wp\/v2\/product_tag?post=5018"}],"curies":[{"name":"wp","href":"https:\/\/api.w.org\/{rel}","templated":true}]}}