{"id":4996,"date":"2022-02-20T18:53:00","date_gmt":"2022-02-20T18:53:00","guid":{"rendered":"https:\/\/medicinasinc.com\/da\/?post_type=product&#038;p=4996"},"modified":"2022-03-20T00:46:31","modified_gmt":"2022-03-20T00:46:31","slug":"kob-citron-skunk","status":"publish","type":"product","link":"https:\/\/medicinasinc.com\/da\/product\/kob-citron-skunk\/","title":{"rendered":"K\u00f8b Lemon Skunk"},"content":{"rendered":"<p>Lemon Skunk er tilg\u00e6ngelig p\u00e5 Chronic Posts online marihuana-dispensary.<\/p>\n<p>ChronicPost Lemon Skunk er en multi-prisvindende Sativa-hybrid med en citronsmag og et THC-indhold p\u00e5 op til 22 %. I 2009 blev den inkluderet i High Times&#8217; rangering af de ti bedste stammer.<\/p>\n<p>Lemon Skunks THC-indhold varierer mellem 14 og 15 % i gennemsnit og er blevet testet s\u00e5 h\u00f8jt som 22 % THC. Dens h\u00f8je er kendt for at stimulere cerebral funktion, hvilket resulterer i st\u00f8rre kreativitet og omslutter brugeren i en gl\u00e6delig og energigivende summen. Adskillige anmeldere har karakteriseret deres Lemon Skunk h\u00f8jt som introspektivt, der v\u00e6kker tanker og forbedrer opfindsomheden. Efter en til to timer begynder stammens indica-komponenter at sl\u00e5 ind, hvilket efterlader brugeren en smule tr\u00e6t, efterh\u00e5nden som de cerebrale effekter aftager.<\/p>\n<p>Citron Skunk er en noget h\u00f8j og produktiv plante, der er pr\u00e6cis, hvad navnet antyder \u2013 en st\u00e6rkt citrusfarvet Skunk-variant med en potent og beroligende effekt. Den besidder de karakteristiske limegr\u00f8nne knopper og livlige orange pistiller af Skunk, hvilket resulterer i frostklare, t\u00e6tte, spydformede colaer.<\/p>\n","protected":false},"excerpt":{"rendered":"<div class=\"woocommerce-product-details__short-description\">\n<p>Citron Skunk indeholder en moderat m\u00e6ngde THC og meget lidt CBD. Opdag mere om DNA Genetics Lemon Skunk og foretag dit k\u00f8b hos Tokyo Smoke i dag.<\/p>\n<p>Lemon Skunk Weed til salg online. Lemon Kush er en blanding mellem Master Kush og Lemon Joy og giver et lavt til moderat udbytte. Anbefales til patienter med hiv\/aids, glaukom, Parkinsons sygdom, angst og kroniske smerter<\/p>\n<p><strong>Knapst\u00f8rrelse:\u00a0<\/strong>Lille<br \/> <strong>tekstur:\u00a0<\/strong> strong&gt;T\u00f8r<br \/> <strong>Smag:\u00a0<\/strong>Citron \/ Citrus \/ Frisk<br \/> <strong>Almindelig brug:<\/strong>\u00a0Smerte \/ appetit \/ depression<br \/> <strong><a href=\"https:\/\/www.bestglobalmeds.com\/product\/marijuana\/lemon-skunk\/\">THC<\/a>:<\/strong>\u00a022 %\u00a0 \u00a0<strong><a href=\"https:\/\/www.bestglobalmeds. com\/product\/marijuana\/lemon-skunk\/\">CBD<\/a>: &lt;<\/strong>1 %<\/p>\n<\/p><\/div>\n","protected":false},"featured_media":5013,"comment_status":"open","ping_status":"closed","template":"","meta":[],"product_brand":[],"product_cat":[778],"product_tag":[932,933,935,936,937,934,938,939],"class_list":{"0":"post-4996","1":"product","2":"type-product","3":"status-publish","4":"has-post-thumbnail","6":"product_cat-ukrudt-til-salg","7":"product_tag-bedste-citron-skunk-fr","8":"product_tag-citron-skunk-auto","9":"product_tag-citron-skunk-cbd","10":"product_tag-citron-skunk-drivhus-fr-anmeldelse","11":"product_tag-citron-skunk-indica-eller-sativa","12":"product_tag-citron-skunk-patron","13":"product_tag-citron-skunk-pris","14":"product_tag-citron-skunk-smag","16":"first","17":"instock","18":"shipping-taxable","19":"purchasable","20":"product-type-variable","21":"has-default-attributes"},"yoast_head":"<!-- This site is optimized with the Yoast SEO plugin v27.3 - https:\/\/yoast.com\/product\/yoast-seo-wordpress\/ -->\n<title>K\u00f8b Lemon Skunk - Bedste bedste globale medicin<\/title>\n<meta name=\"description\" content=\"K\u00f8b Lemon Skunk Weed online. Lemon Kush er en krydsning mellem Master Kush og Lemon Joy, den har et lavt til medium udbytte. Anbefales til patienter med HIV\/AIDS, glaukom, Parkinsons sygdom, angst, kroniske smerter...\" \/>\n<meta name=\"robots\" content=\"index, follow, max-snippet:-1, max-image-preview:large, max-video-preview:-1\" \/>\n<link rel=\"canonical\" href=\"https:\/\/medicinasinc.com\/da\/product\/kob-citron-skunk\/\" \/>\n<meta property=\"og:locale\" content=\"en_US\" \/>\n<meta property=\"og:type\" content=\"article\" \/>\n<meta property=\"og:title\" content=\"K\u00f8b Lemon Skunk - Bedste bedste globale medicin\" \/>\n<meta property=\"og:description\" content=\"K\u00f8b Lemon Skunk Weed online. Lemon Kush er en krydsning mellem Master Kush og Lemon Joy, den har et lavt til medium udbytte. Anbefales til patienter med HIV\/AIDS, glaukom, Parkinsons sygdom, angst, kroniske smerter...\" \/>\n<meta property=\"og:url\" content=\"https:\/\/medicinasinc.com\/da\/product\/kob-citron-skunk\/\" \/>\n<meta property=\"og:site_name\" content=\"Medicinas Inc\" \/>\n<meta property=\"article:modified_time\" content=\"2022-03-20T00:46:31+00:00\" \/>\n<meta property=\"og:image\" content=\"https:\/\/medicinasinc.com\/da\/wp-content\/uploads\/sites\/8\/2022\/02\/Buy-Lemon-Skunk.jpg\" \/>\n\t<meta property=\"og:image:width\" content=\"2403\" \/>\n\t<meta property=\"og:image:height\" content=\"2403\" \/>\n\t<meta property=\"og:image:type\" content=\"image\/jpeg\" \/>\n<meta name=\"twitter:card\" content=\"summary_large_image\" \/>\n<meta name=\"twitter:label1\" content=\"Est. reading time\" \/>\n\t<meta name=\"twitter:data1\" content=\"1 minute\" \/>\n<script type=\"application\/ld+json\" class=\"yoast-schema-graph\">{\"@context\":\"https:\\\/\\\/schema.org\",\"@graph\":[{\"@type\":\"WebPage\",\"@id\":\"https:\\\/\\\/medicinasinc.com\\\/da\\\/product\\\/kob-citron-skunk\\\/\",\"url\":\"https:\\\/\\\/medicinasinc.com\\\/da\\\/product\\\/kob-citron-skunk\\\/\",\"name\":\"K\u00f8b Lemon Skunk - Bedste bedste globale medicin\",\"isPartOf\":{\"@id\":\"https:\\\/\\\/medicinasinc.com\\\/da\\\/#website\"},\"primaryImageOfPage\":{\"@id\":\"https:\\\/\\\/medicinasinc.com\\\/da\\\/product\\\/kob-citron-skunk\\\/#primaryimage\"},\"image\":{\"@id\":\"https:\\\/\\\/medicinasinc.com\\\/da\\\/product\\\/kob-citron-skunk\\\/#primaryimage\"},\"thumbnailUrl\":\"https:\\\/\\\/medicinasinc.com\\\/da\\\/wp-content\\\/uploads\\\/sites\\\/8\\\/2022\\\/02\\\/Buy-Lemon-Skunk.jpg\",\"datePublished\":\"2022-02-20T18:53:00+00:00\",\"dateModified\":\"2022-03-20T00:46:31+00:00\",\"description\":\"K\u00f8b Lemon Skunk Weed online. Lemon Kush er en krydsning mellem Master Kush og Lemon Joy, den har et lavt til medium udbytte. Anbefales til patienter med HIV\\\/AIDS, glaukom, Parkinsons sygdom, angst, kroniske smerter...\",\"breadcrumb\":{\"@id\":\"https:\\\/\\\/medicinasinc.com\\\/da\\\/product\\\/kob-citron-skunk\\\/#breadcrumb\"},\"inLanguage\":\"en-US\",\"potentialAction\":[{\"@type\":\"ReadAction\",\"target\":[\"https:\\\/\\\/medicinasinc.com\\\/da\\\/product\\\/kob-citron-skunk\\\/\"]}]},{\"@type\":\"ImageObject\",\"inLanguage\":\"en-US\",\"@id\":\"https:\\\/\\\/medicinasinc.com\\\/da\\\/product\\\/kob-citron-skunk\\\/#primaryimage\",\"url\":\"https:\\\/\\\/medicinasinc.com\\\/da\\\/wp-content\\\/uploads\\\/sites\\\/8\\\/2022\\\/02\\\/Buy-Lemon-Skunk.jpg\",\"contentUrl\":\"https:\\\/\\\/medicinasinc.com\\\/da\\\/wp-content\\\/uploads\\\/sites\\\/8\\\/2022\\\/02\\\/Buy-Lemon-Skunk.jpg\",\"width\":2403,\"height\":2403},{\"@type\":\"BreadcrumbList\",\"@id\":\"https:\\\/\\\/medicinasinc.com\\\/da\\\/product\\\/kob-citron-skunk\\\/#breadcrumb\",\"itemListElement\":[{\"@type\":\"ListItem\",\"position\":1,\"name\":\"Butik\",\"item\":\"https:\\\/\\\/medicinasinc.com\\\/da\\\/butik\\\/\"},{\"@type\":\"ListItem\",\"position\":2,\"name\":\"K\u00f8b Lemon Skunk\"}]},{\"@type\":\"WebSite\",\"@id\":\"https:\\\/\\\/medicinasinc.com\\\/da\\\/#website\",\"url\":\"https:\\\/\\\/medicinasinc.com\\\/da\\\/\",\"name\":\"Medicinas Inc\",\"description\":\"Health Medical Clinic\",\"potentialAction\":[{\"@type\":\"SearchAction\",\"target\":{\"@type\":\"EntryPoint\",\"urlTemplate\":\"https:\\\/\\\/medicinasinc.com\\\/da\\\/?s={search_term_string}\"},\"query-input\":{\"@type\":\"PropertyValueSpecification\",\"valueRequired\":true,\"valueName\":\"search_term_string\"}}],\"inLanguage\":\"en-US\"}]}<\/script>\n<!-- \/ Yoast SEO plugin. -->","yoast_head_json":{"title":"K\u00f8b Lemon Skunk - Bedste bedste globale medicin","description":"K\u00f8b Lemon Skunk Weed online. Lemon Kush er en krydsning mellem Master Kush og Lemon Joy, den har et lavt til medium udbytte. Anbefales til patienter med HIV\/AIDS, glaukom, Parkinsons sygdom, angst, kroniske smerter...","robots":{"index":"index","follow":"follow","max-snippet":"max-snippet:-1","max-image-preview":"max-image-preview:large","max-video-preview":"max-video-preview:-1"},"canonical":"https:\/\/medicinasinc.com\/da\/product\/kob-citron-skunk\/","og_locale":"en_US","og_type":"article","og_title":"K\u00f8b Lemon Skunk - Bedste bedste globale medicin","og_description":"K\u00f8b Lemon Skunk Weed online. Lemon Kush er en krydsning mellem Master Kush og Lemon Joy, den har et lavt til medium udbytte. Anbefales til patienter med HIV\/AIDS, glaukom, Parkinsons sygdom, angst, kroniske smerter...","og_url":"https:\/\/medicinasinc.com\/da\/product\/kob-citron-skunk\/","og_site_name":"Medicinas Inc","article_modified_time":"2022-03-20T00:46:31+00:00","og_image":[{"width":2403,"height":2403,"url":"https:\/\/medicinasinc.com\/da\/wp-content\/uploads\/sites\/8\/2022\/02\/Buy-Lemon-Skunk.jpg","type":"image\/jpeg"}],"twitter_card":"summary_large_image","twitter_misc":{"Est. reading time":"1 minute"},"schema":{"@context":"https:\/\/schema.org","@graph":[{"@type":"WebPage","@id":"https:\/\/medicinasinc.com\/da\/product\/kob-citron-skunk\/","url":"https:\/\/medicinasinc.com\/da\/product\/kob-citron-skunk\/","name":"K\u00f8b Lemon Skunk - Bedste bedste globale medicin","isPartOf":{"@id":"https:\/\/medicinasinc.com\/da\/#website"},"primaryImageOfPage":{"@id":"https:\/\/medicinasinc.com\/da\/product\/kob-citron-skunk\/#primaryimage"},"image":{"@id":"https:\/\/medicinasinc.com\/da\/product\/kob-citron-skunk\/#primaryimage"},"thumbnailUrl":"https:\/\/medicinasinc.com\/da\/wp-content\/uploads\/sites\/8\/2022\/02\/Buy-Lemon-Skunk.jpg","datePublished":"2022-02-20T18:53:00+00:00","dateModified":"2022-03-20T00:46:31+00:00","description":"K\u00f8b Lemon Skunk Weed online. Lemon Kush er en krydsning mellem Master Kush og Lemon Joy, den har et lavt til medium udbytte. Anbefales til patienter med HIV\/AIDS, glaukom, Parkinsons sygdom, angst, kroniske smerter...","breadcrumb":{"@id":"https:\/\/medicinasinc.com\/da\/product\/kob-citron-skunk\/#breadcrumb"},"inLanguage":"en-US","potentialAction":[{"@type":"ReadAction","target":["https:\/\/medicinasinc.com\/da\/product\/kob-citron-skunk\/"]}]},{"@type":"ImageObject","inLanguage":"en-US","@id":"https:\/\/medicinasinc.com\/da\/product\/kob-citron-skunk\/#primaryimage","url":"https:\/\/medicinasinc.com\/da\/wp-content\/uploads\/sites\/8\/2022\/02\/Buy-Lemon-Skunk.jpg","contentUrl":"https:\/\/medicinasinc.com\/da\/wp-content\/uploads\/sites\/8\/2022\/02\/Buy-Lemon-Skunk.jpg","width":2403,"height":2403},{"@type":"BreadcrumbList","@id":"https:\/\/medicinasinc.com\/da\/product\/kob-citron-skunk\/#breadcrumb","itemListElement":[{"@type":"ListItem","position":1,"name":"Butik","item":"https:\/\/medicinasinc.com\/da\/butik\/"},{"@type":"ListItem","position":2,"name":"K\u00f8b Lemon Skunk"}]},{"@type":"WebSite","@id":"https:\/\/medicinasinc.com\/da\/#website","url":"https:\/\/medicinasinc.com\/da\/","name":"Medicinas Inc","description":"Health Medical Clinic","potentialAction":[{"@type":"SearchAction","target":{"@type":"EntryPoint","urlTemplate":"https:\/\/medicinasinc.com\/da\/?s={search_term_string}"},"query-input":{"@type":"PropertyValueSpecification","valueRequired":true,"valueName":"search_term_string"}}],"inLanguage":"en-US"}]}},"_links":{"self":[{"href":"https:\/\/medicinasinc.com\/da\/wp-json\/wp\/v2\/product\/4996","targetHints":{"allow":["GET"]}}],"collection":[{"href":"https:\/\/medicinasinc.com\/da\/wp-json\/wp\/v2\/product"}],"about":[{"href":"https:\/\/medicinasinc.com\/da\/wp-json\/wp\/v2\/types\/product"}],"replies":[{"embeddable":true,"href":"https:\/\/medicinasinc.com\/da\/wp-json\/wp\/v2\/comments?post=4996"}],"wp:featuredmedia":[{"embeddable":true,"href":"https:\/\/medicinasinc.com\/da\/wp-json\/wp\/v2\/media\/5013"}],"wp:attachment":[{"href":"https:\/\/medicinasinc.com\/da\/wp-json\/wp\/v2\/media?parent=4996"}],"wp:term":[{"taxonomy":"product_brand","embeddable":true,"href":"https:\/\/medicinasinc.com\/da\/wp-json\/wp\/v2\/product_brand?post=4996"},{"taxonomy":"product_cat","embeddable":true,"href":"https:\/\/medicinasinc.com\/da\/wp-json\/wp\/v2\/product_cat?post=4996"},{"taxonomy":"product_tag","embeddable":true,"href":"https:\/\/medicinasinc.com\/da\/wp-json\/wp\/v2\/product_tag?post=4996"}],"curies":[{"name":"wp","href":"https:\/\/api.w.org\/{rel}","templated":true}]}}