{"id":4971,"date":"2022-02-20T18:31:57","date_gmt":"2022-02-20T18:31:57","guid":{"rendered":"https:\/\/medicinasinc.com\/da\/?post_type=product&#038;p=4971"},"modified":"2022-03-20T00:46:45","modified_gmt":"2022-03-20T00:46:45","slug":"kob-khalifa-kush","status":"publish","type":"product","link":"https:\/\/medicinasinc.com\/da\/product\/kob-khalifa-kush\/","title":{"rendered":"K\u00f8b Khalifa Kush"},"content":{"rendered":"<p>Online-k\u00f8b af Khalifa Kush Marijuana.<\/p>\n<p>Online-k\u00f8b af Khalifa Kush Marijuana.<\/p>\n<p>Cerebrale, kreative, euforiske og afslappende effekter<br \/> Kan hj\u00e6lpe med at lindre Gigt, kroniske smerter, depression, tr\u00e6thed, hovedpine, appetittab, migr\u00e6ne, kvalme, PTSD og stress smag<br \/> Citron, citrus, fyrretr\u00e6 og s\u00f8dt<\/p>\n","protected":false},"excerpt":{"rendered":"<p>Online k\u00f8b af Khalifa Kush Khalifa Kush til salg online Top medicinske Khalifa Cannabis til salg i mit nabolag K\u00f8b medicinsk marihuana online Online k\u00f8b af medicinsk marihuana.<\/p>\n<p>Hvad skal du vide, f\u00f8r du k\u00f8ber Wiz Khalifa OG? Wiz Khalifa OG, ofte kendt som Khalifa Kush, er en cannabishybridstamme. K\u00f8b\u00a0online!<\/p>\n<p>Smagen og aromaen af \u200b\u200bkhalifa kush er citrus og pinje. N\u00e5r den bruges medicinsk, kan khalifa kush v\u00e6re effektiv mod tr\u00e6thed, sp\u00e6ndinger, angst og depression, mens det h\u00f8je CBD-indhold er fremragende til mere alvorlige lidelser. THC-koncentrationen af \u200b\u200bkhalifa kush ligger mellem 15 % og 29 %.<\/p>\n<p>OG Hybrid Genetics Lemon x Earthy x Pine Kush Happiness \u00d7 Euphoria x Afslapning x Kreativitet x Opl\u00f8ftende<\/p>\n<p>Online k\u00f8b af Khalifa Kush Marihuana.<\/p>\n<p>En dominerende hybrid &#8211; 80 % Indica \/ 20 % Sativa THC: 24\u201326 %<\/p>\n","protected":false},"featured_media":4985,"comment_status":"open","ping_status":"closed","template":"","meta":[],"product_brand":[],"product_cat":[778],"product_tag":[],"class_list":{"0":"post-4971","1":"product","2":"type-product","3":"status-publish","4":"has-post-thumbnail","6":"product_cat-ukrudt-til-salg","8":"first","9":"instock","10":"shipping-taxable","11":"purchasable","12":"product-type-variable","13":"has-default-attributes"},"yoast_head":"<!-- This site is optimized with the Yoast SEO plugin v27.3 - https:\/\/yoast.com\/product\/yoast-seo-wordpress\/ -->\n<title>K\u00f8b Khalifa Kush Marihuana online - bedste bedste globale medicin<\/title>\n<meta name=\"description\" content=\"K\u00f8b Khalifa Kush Online Khalifa Kush til salg online Top Medicinsk Khalifa Cannabis til salg i n\u00e6rheden af \u200b\u200bmig K\u00f8b Medicinsk Cannabis Online K\u00f8b Medicinsk Marihuana online.\" \/>\n<meta name=\"robots\" content=\"index, follow, max-snippet:-1, max-image-preview:large, max-video-preview:-1\" \/>\n<link rel=\"canonical\" href=\"https:\/\/medicinasinc.com\/da\/product\/kob-khalifa-kush\/\" \/>\n<meta property=\"og:locale\" content=\"en_US\" \/>\n<meta property=\"og:type\" content=\"article\" \/>\n<meta property=\"og:title\" content=\"K\u00f8b Khalifa Kush Marihuana online - bedste bedste globale medicin\" \/>\n<meta property=\"og:description\" content=\"K\u00f8b Khalifa Kush Online Khalifa Kush til salg online Top Medicinsk Khalifa Cannabis til salg i n\u00e6rheden af \u200b\u200bmig K\u00f8b Medicinsk Cannabis Online K\u00f8b Medicinsk Marihuana online.\" \/>\n<meta property=\"og:url\" content=\"https:\/\/medicinasinc.com\/da\/product\/kob-khalifa-kush\/\" \/>\n<meta property=\"og:site_name\" content=\"Medicinas Inc\" \/>\n<meta property=\"article:modified_time\" content=\"2022-03-20T00:46:45+00:00\" \/>\n<meta property=\"og:image\" content=\"https:\/\/medicinasinc.com\/da\/wp-content\/uploads\/sites\/8\/2022\/02\/Buy-Khalifa-Kush.jpeg\" \/>\n\t<meta property=\"og:image:width\" content=\"1141\" \/>\n\t<meta property=\"og:image:height\" content=\"1064\" \/>\n\t<meta property=\"og:image:type\" content=\"image\/jpeg\" \/>\n<meta name=\"twitter:card\" content=\"summary_large_image\" \/>\n<meta name=\"twitter:label1\" content=\"Est. reading time\" \/>\n\t<meta name=\"twitter:data1\" content=\"1 minute\" \/>\n<script type=\"application\/ld+json\" class=\"yoast-schema-graph\">{\"@context\":\"https:\\\/\\\/schema.org\",\"@graph\":[{\"@type\":\"WebPage\",\"@id\":\"https:\\\/\\\/medicinasinc.com\\\/da\\\/product\\\/kob-khalifa-kush\\\/\",\"url\":\"https:\\\/\\\/medicinasinc.com\\\/da\\\/product\\\/kob-khalifa-kush\\\/\",\"name\":\"K\u00f8b Khalifa Kush Marihuana online - bedste bedste globale medicin\",\"isPartOf\":{\"@id\":\"https:\\\/\\\/medicinasinc.com\\\/da\\\/#website\"},\"primaryImageOfPage\":{\"@id\":\"https:\\\/\\\/medicinasinc.com\\\/da\\\/product\\\/kob-khalifa-kush\\\/#primaryimage\"},\"image\":{\"@id\":\"https:\\\/\\\/medicinasinc.com\\\/da\\\/product\\\/kob-khalifa-kush\\\/#primaryimage\"},\"thumbnailUrl\":\"https:\\\/\\\/medicinasinc.com\\\/da\\\/wp-content\\\/uploads\\\/sites\\\/8\\\/2022\\\/02\\\/Buy-Khalifa-Kush.jpeg\",\"datePublished\":\"2022-02-20T18:31:57+00:00\",\"dateModified\":\"2022-03-20T00:46:45+00:00\",\"description\":\"K\u00f8b Khalifa Kush Online Khalifa Kush til salg online Top Medicinsk Khalifa Cannabis til salg i n\u00e6rheden af \u200b\u200bmig K\u00f8b Medicinsk Cannabis Online K\u00f8b Medicinsk Marihuana online.\",\"breadcrumb\":{\"@id\":\"https:\\\/\\\/medicinasinc.com\\\/da\\\/product\\\/kob-khalifa-kush\\\/#breadcrumb\"},\"inLanguage\":\"en-US\",\"potentialAction\":[{\"@type\":\"ReadAction\",\"target\":[\"https:\\\/\\\/medicinasinc.com\\\/da\\\/product\\\/kob-khalifa-kush\\\/\"]}]},{\"@type\":\"ImageObject\",\"inLanguage\":\"en-US\",\"@id\":\"https:\\\/\\\/medicinasinc.com\\\/da\\\/product\\\/kob-khalifa-kush\\\/#primaryimage\",\"url\":\"https:\\\/\\\/medicinasinc.com\\\/da\\\/wp-content\\\/uploads\\\/sites\\\/8\\\/2022\\\/02\\\/Buy-Khalifa-Kush.jpeg\",\"contentUrl\":\"https:\\\/\\\/medicinasinc.com\\\/da\\\/wp-content\\\/uploads\\\/sites\\\/8\\\/2022\\\/02\\\/Buy-Khalifa-Kush.jpeg\",\"width\":1141,\"height\":1064},{\"@type\":\"BreadcrumbList\",\"@id\":\"https:\\\/\\\/medicinasinc.com\\\/da\\\/product\\\/kob-khalifa-kush\\\/#breadcrumb\",\"itemListElement\":[{\"@type\":\"ListItem\",\"position\":1,\"name\":\"Butik\",\"item\":\"https:\\\/\\\/medicinasinc.com\\\/da\\\/butik\\\/\"},{\"@type\":\"ListItem\",\"position\":2,\"name\":\"K\u00f8b Khalifa Kush\"}]},{\"@type\":\"WebSite\",\"@id\":\"https:\\\/\\\/medicinasinc.com\\\/da\\\/#website\",\"url\":\"https:\\\/\\\/medicinasinc.com\\\/da\\\/\",\"name\":\"Medicinas Inc\",\"description\":\"Health Medical Clinic\",\"potentialAction\":[{\"@type\":\"SearchAction\",\"target\":{\"@type\":\"EntryPoint\",\"urlTemplate\":\"https:\\\/\\\/medicinasinc.com\\\/da\\\/?s={search_term_string}\"},\"query-input\":{\"@type\":\"PropertyValueSpecification\",\"valueRequired\":true,\"valueName\":\"search_term_string\"}}],\"inLanguage\":\"en-US\"}]}<\/script>\n<!-- \/ Yoast SEO plugin. -->","yoast_head_json":{"title":"K\u00f8b Khalifa Kush Marihuana online - bedste bedste globale medicin","description":"K\u00f8b Khalifa Kush Online Khalifa Kush til salg online Top Medicinsk Khalifa Cannabis til salg i n\u00e6rheden af \u200b\u200bmig K\u00f8b Medicinsk Cannabis Online K\u00f8b Medicinsk Marihuana online.","robots":{"index":"index","follow":"follow","max-snippet":"max-snippet:-1","max-image-preview":"max-image-preview:large","max-video-preview":"max-video-preview:-1"},"canonical":"https:\/\/medicinasinc.com\/da\/product\/kob-khalifa-kush\/","og_locale":"en_US","og_type":"article","og_title":"K\u00f8b Khalifa Kush Marihuana online - bedste bedste globale medicin","og_description":"K\u00f8b Khalifa Kush Online Khalifa Kush til salg online Top Medicinsk Khalifa Cannabis til salg i n\u00e6rheden af \u200b\u200bmig K\u00f8b Medicinsk Cannabis Online K\u00f8b Medicinsk Marihuana online.","og_url":"https:\/\/medicinasinc.com\/da\/product\/kob-khalifa-kush\/","og_site_name":"Medicinas Inc","article_modified_time":"2022-03-20T00:46:45+00:00","og_image":[{"width":1141,"height":1064,"url":"https:\/\/medicinasinc.com\/da\/wp-content\/uploads\/sites\/8\/2022\/02\/Buy-Khalifa-Kush.jpeg","type":"image\/jpeg"}],"twitter_card":"summary_large_image","twitter_misc":{"Est. reading time":"1 minute"},"schema":{"@context":"https:\/\/schema.org","@graph":[{"@type":"WebPage","@id":"https:\/\/medicinasinc.com\/da\/product\/kob-khalifa-kush\/","url":"https:\/\/medicinasinc.com\/da\/product\/kob-khalifa-kush\/","name":"K\u00f8b Khalifa Kush Marihuana online - bedste bedste globale medicin","isPartOf":{"@id":"https:\/\/medicinasinc.com\/da\/#website"},"primaryImageOfPage":{"@id":"https:\/\/medicinasinc.com\/da\/product\/kob-khalifa-kush\/#primaryimage"},"image":{"@id":"https:\/\/medicinasinc.com\/da\/product\/kob-khalifa-kush\/#primaryimage"},"thumbnailUrl":"https:\/\/medicinasinc.com\/da\/wp-content\/uploads\/sites\/8\/2022\/02\/Buy-Khalifa-Kush.jpeg","datePublished":"2022-02-20T18:31:57+00:00","dateModified":"2022-03-20T00:46:45+00:00","description":"K\u00f8b Khalifa Kush Online Khalifa Kush til salg online Top Medicinsk Khalifa Cannabis til salg i n\u00e6rheden af \u200b\u200bmig K\u00f8b Medicinsk Cannabis Online K\u00f8b Medicinsk Marihuana online.","breadcrumb":{"@id":"https:\/\/medicinasinc.com\/da\/product\/kob-khalifa-kush\/#breadcrumb"},"inLanguage":"en-US","potentialAction":[{"@type":"ReadAction","target":["https:\/\/medicinasinc.com\/da\/product\/kob-khalifa-kush\/"]}]},{"@type":"ImageObject","inLanguage":"en-US","@id":"https:\/\/medicinasinc.com\/da\/product\/kob-khalifa-kush\/#primaryimage","url":"https:\/\/medicinasinc.com\/da\/wp-content\/uploads\/sites\/8\/2022\/02\/Buy-Khalifa-Kush.jpeg","contentUrl":"https:\/\/medicinasinc.com\/da\/wp-content\/uploads\/sites\/8\/2022\/02\/Buy-Khalifa-Kush.jpeg","width":1141,"height":1064},{"@type":"BreadcrumbList","@id":"https:\/\/medicinasinc.com\/da\/product\/kob-khalifa-kush\/#breadcrumb","itemListElement":[{"@type":"ListItem","position":1,"name":"Butik","item":"https:\/\/medicinasinc.com\/da\/butik\/"},{"@type":"ListItem","position":2,"name":"K\u00f8b Khalifa Kush"}]},{"@type":"WebSite","@id":"https:\/\/medicinasinc.com\/da\/#website","url":"https:\/\/medicinasinc.com\/da\/","name":"Medicinas Inc","description":"Health Medical Clinic","potentialAction":[{"@type":"SearchAction","target":{"@type":"EntryPoint","urlTemplate":"https:\/\/medicinasinc.com\/da\/?s={search_term_string}"},"query-input":{"@type":"PropertyValueSpecification","valueRequired":true,"valueName":"search_term_string"}}],"inLanguage":"en-US"}]}},"_links":{"self":[{"href":"https:\/\/medicinasinc.com\/da\/wp-json\/wp\/v2\/product\/4971","targetHints":{"allow":["GET"]}}],"collection":[{"href":"https:\/\/medicinasinc.com\/da\/wp-json\/wp\/v2\/product"}],"about":[{"href":"https:\/\/medicinasinc.com\/da\/wp-json\/wp\/v2\/types\/product"}],"replies":[{"embeddable":true,"href":"https:\/\/medicinasinc.com\/da\/wp-json\/wp\/v2\/comments?post=4971"}],"wp:featuredmedia":[{"embeddable":true,"href":"https:\/\/medicinasinc.com\/da\/wp-json\/wp\/v2\/media\/4985"}],"wp:attachment":[{"href":"https:\/\/medicinasinc.com\/da\/wp-json\/wp\/v2\/media?parent=4971"}],"wp:term":[{"taxonomy":"product_brand","embeddable":true,"href":"https:\/\/medicinasinc.com\/da\/wp-json\/wp\/v2\/product_brand?post=4971"},{"taxonomy":"product_cat","embeddable":true,"href":"https:\/\/medicinasinc.com\/da\/wp-json\/wp\/v2\/product_cat?post=4971"},{"taxonomy":"product_tag","embeddable":true,"href":"https:\/\/medicinasinc.com\/da\/wp-json\/wp\/v2\/product_tag?post=4971"}],"curies":[{"name":"wp","href":"https:\/\/api.w.org\/{rel}","templated":true}]}}