{"id":4955,"date":"2022-02-20T18:16:15","date_gmt":"2022-02-20T18:16:15","guid":{"rendered":"https:\/\/medicinasinc.com\/da\/?post_type=product&#038;p=4955"},"modified":"2022-03-20T00:47:11","modified_gmt":"2022-03-20T00:47:11","slug":"kob-hawaiiansk-marihuana","status":"publish","type":"product","link":"https:\/\/medicinasinc.com\/da\/product\/kob-hawaiiansk-marihuana\/","title":{"rendered":"K\u00f8b hawaiiansk marihuana"},"content":{"rendered":"<p>Online k\u00f8b af Hawaiian Indica Marihuana.<\/p>\n<p>Online k\u00f8b af Hawaiian Indica Marihuana.<\/p>\n<p>Effekter<br \/> Cerebrale, afslappende og opl\u00f8ftende kan hj\u00e6lpe med at lindre kroniske smerter , Depression, tr\u00e6thed, migr\u00e6ne og muskelspasmer<br \/> Smag<br \/> Menthol, Citrus, S\u00f8d, Tropic<\/p>\n","protected":false},"excerpt":{"rendered":"<p>K\u00f8b Hawaiian Indica Marihuana online i Storbritannien og Europa. Hawaiian Indica Cannabis Hybrid &#8211; 60 % Indica \/ 40 % Sativa.<\/p>\n","protected":false},"featured_media":4969,"comment_status":"open","ping_status":"closed","template":"","meta":[],"product_brand":[],"product_cat":[778],"product_tag":[843,844,846,848,847,849,845,850,851],"class_list":{"0":"post-4955","1":"product","2":"type-product","3":"status-publish","4":"has-post-thumbnail","6":"product_cat-ukrudt-til-salg","7":"product_tag-gr-hawaii-accepter-out-of-state-mmj-kort","8":"product_tag-hawaii","9":"product_tag-hvor-lang-tid-tager-det-at-f-329-kort-hawaii","10":"product_tag-kvalificerende-betingelser-for-medicinsk-kort-i-hawaii","11":"product_tag-maui-dispensary","12":"product_tag-recreational-dispensary-honolulu","13":"product_tag-hawaii-329-kort-regler","14":"product_tag-rekreativt-dispensary-maui-hawaii","15":"product_tag-weedmaps-hawaii","17":"first","18":"instock","19":"shipping-taxable","20":"purchasable","21":"product-type-variable","22":"has-default-attributes"},"yoast_head":"<!-- This site is optimized with the Yoast SEO plugin v27.3 - https:\/\/yoast.com\/product\/yoast-seo-wordpress\/ -->\n<title>K\u00f8b Hawaiian Marihuana - Bedste bedste globale medicin<\/title>\n<meta name=\"description\" content=\"K\u00f8b Hawaiian Indica Marihuana til salg i Storbritannien, Europa Online. Hawaiian Indica Marihuana Hybrid \u2013 60% Indica \/ 40% Sativa.\" \/>\n<meta name=\"robots\" content=\"index, follow, max-snippet:-1, max-image-preview:large, max-video-preview:-1\" \/>\n<link rel=\"canonical\" href=\"https:\/\/medicinasinc.com\/da\/product\/kob-hawaiiansk-marihuana\/\" \/>\n<meta property=\"og:locale\" content=\"en_US\" \/>\n<meta property=\"og:type\" content=\"article\" \/>\n<meta property=\"og:title\" content=\"K\u00f8b Hawaiian Marihuana - Bedste bedste globale medicin\" \/>\n<meta property=\"og:description\" content=\"K\u00f8b Hawaiian Indica Marihuana til salg i Storbritannien, Europa Online. Hawaiian Indica Marihuana Hybrid \u2013 60% Indica \/ 40% Sativa.\" \/>\n<meta property=\"og:url\" content=\"https:\/\/medicinasinc.com\/da\/product\/kob-hawaiiansk-marihuana\/\" \/>\n<meta property=\"og:site_name\" content=\"Medicinas Inc\" \/>\n<meta property=\"article:modified_time\" content=\"2022-03-20T00:47:11+00:00\" \/>\n<meta property=\"og:image\" content=\"https:\/\/medicinasinc.com\/da\/wp-content\/uploads\/sites\/8\/2022\/02\/Buy-Hawaiian-Marijuana.jpg\" \/>\n\t<meta property=\"og:image:width\" content=\"233\" \/>\n\t<meta property=\"og:image:height\" content=\"217\" \/>\n\t<meta property=\"og:image:type\" content=\"image\/jpeg\" \/>\n<meta name=\"twitter:card\" content=\"summary_large_image\" \/>\n<meta name=\"twitter:label1\" content=\"Est. reading time\" \/>\n\t<meta name=\"twitter:data1\" content=\"1 minute\" \/>\n<script type=\"application\/ld+json\" class=\"yoast-schema-graph\">{\"@context\":\"https:\\\/\\\/schema.org\",\"@graph\":[{\"@type\":\"WebPage\",\"@id\":\"https:\\\/\\\/medicinasinc.com\\\/da\\\/product\\\/kob-hawaiiansk-marihuana\\\/\",\"url\":\"https:\\\/\\\/medicinasinc.com\\\/da\\\/product\\\/kob-hawaiiansk-marihuana\\\/\",\"name\":\"K\u00f8b Hawaiian Marihuana - Bedste bedste globale medicin\",\"isPartOf\":{\"@id\":\"https:\\\/\\\/medicinasinc.com\\\/da\\\/#website\"},\"primaryImageOfPage\":{\"@id\":\"https:\\\/\\\/medicinasinc.com\\\/da\\\/product\\\/kob-hawaiiansk-marihuana\\\/#primaryimage\"},\"image\":{\"@id\":\"https:\\\/\\\/medicinasinc.com\\\/da\\\/product\\\/kob-hawaiiansk-marihuana\\\/#primaryimage\"},\"thumbnailUrl\":\"https:\\\/\\\/medicinasinc.com\\\/da\\\/wp-content\\\/uploads\\\/sites\\\/8\\\/2022\\\/02\\\/Buy-Hawaiian-Marijuana.jpg\",\"datePublished\":\"2022-02-20T18:16:15+00:00\",\"dateModified\":\"2022-03-20T00:47:11+00:00\",\"description\":\"K\u00f8b Hawaiian Indica Marihuana til salg i Storbritannien, Europa Online. Hawaiian Indica Marihuana Hybrid \u2013 60% Indica \\\/ 40% Sativa.\",\"breadcrumb\":{\"@id\":\"https:\\\/\\\/medicinasinc.com\\\/da\\\/product\\\/kob-hawaiiansk-marihuana\\\/#breadcrumb\"},\"inLanguage\":\"en-US\",\"potentialAction\":[{\"@type\":\"ReadAction\",\"target\":[\"https:\\\/\\\/medicinasinc.com\\\/da\\\/product\\\/kob-hawaiiansk-marihuana\\\/\"]}]},{\"@type\":\"ImageObject\",\"inLanguage\":\"en-US\",\"@id\":\"https:\\\/\\\/medicinasinc.com\\\/da\\\/product\\\/kob-hawaiiansk-marihuana\\\/#primaryimage\",\"url\":\"https:\\\/\\\/medicinasinc.com\\\/da\\\/wp-content\\\/uploads\\\/sites\\\/8\\\/2022\\\/02\\\/Buy-Hawaiian-Marijuana.jpg\",\"contentUrl\":\"https:\\\/\\\/medicinasinc.com\\\/da\\\/wp-content\\\/uploads\\\/sites\\\/8\\\/2022\\\/02\\\/Buy-Hawaiian-Marijuana.jpg\",\"width\":233,\"height\":217},{\"@type\":\"BreadcrumbList\",\"@id\":\"https:\\\/\\\/medicinasinc.com\\\/da\\\/product\\\/kob-hawaiiansk-marihuana\\\/#breadcrumb\",\"itemListElement\":[{\"@type\":\"ListItem\",\"position\":1,\"name\":\"Butik\",\"item\":\"https:\\\/\\\/medicinasinc.com\\\/da\\\/butik\\\/\"},{\"@type\":\"ListItem\",\"position\":2,\"name\":\"K\u00f8b hawaiiansk marihuana\"}]},{\"@type\":\"WebSite\",\"@id\":\"https:\\\/\\\/medicinasinc.com\\\/da\\\/#website\",\"url\":\"https:\\\/\\\/medicinasinc.com\\\/da\\\/\",\"name\":\"Medicinas Inc\",\"description\":\"Health Medical Clinic\",\"potentialAction\":[{\"@type\":\"SearchAction\",\"target\":{\"@type\":\"EntryPoint\",\"urlTemplate\":\"https:\\\/\\\/medicinasinc.com\\\/da\\\/?s={search_term_string}\"},\"query-input\":{\"@type\":\"PropertyValueSpecification\",\"valueRequired\":true,\"valueName\":\"search_term_string\"}}],\"inLanguage\":\"en-US\"}]}<\/script>\n<!-- \/ Yoast SEO plugin. -->","yoast_head_json":{"title":"K\u00f8b Hawaiian Marihuana - Bedste bedste globale medicin","description":"K\u00f8b Hawaiian Indica Marihuana til salg i Storbritannien, Europa Online. Hawaiian Indica Marihuana Hybrid \u2013 60% Indica \/ 40% Sativa.","robots":{"index":"index","follow":"follow","max-snippet":"max-snippet:-1","max-image-preview":"max-image-preview:large","max-video-preview":"max-video-preview:-1"},"canonical":"https:\/\/medicinasinc.com\/da\/product\/kob-hawaiiansk-marihuana\/","og_locale":"en_US","og_type":"article","og_title":"K\u00f8b Hawaiian Marihuana - Bedste bedste globale medicin","og_description":"K\u00f8b Hawaiian Indica Marihuana til salg i Storbritannien, Europa Online. Hawaiian Indica Marihuana Hybrid \u2013 60% Indica \/ 40% Sativa.","og_url":"https:\/\/medicinasinc.com\/da\/product\/kob-hawaiiansk-marihuana\/","og_site_name":"Medicinas Inc","article_modified_time":"2022-03-20T00:47:11+00:00","og_image":[{"width":233,"height":217,"url":"https:\/\/medicinasinc.com\/da\/wp-content\/uploads\/sites\/8\/2022\/02\/Buy-Hawaiian-Marijuana.jpg","type":"image\/jpeg"}],"twitter_card":"summary_large_image","twitter_misc":{"Est. reading time":"1 minute"},"schema":{"@context":"https:\/\/schema.org","@graph":[{"@type":"WebPage","@id":"https:\/\/medicinasinc.com\/da\/product\/kob-hawaiiansk-marihuana\/","url":"https:\/\/medicinasinc.com\/da\/product\/kob-hawaiiansk-marihuana\/","name":"K\u00f8b Hawaiian Marihuana - Bedste bedste globale medicin","isPartOf":{"@id":"https:\/\/medicinasinc.com\/da\/#website"},"primaryImageOfPage":{"@id":"https:\/\/medicinasinc.com\/da\/product\/kob-hawaiiansk-marihuana\/#primaryimage"},"image":{"@id":"https:\/\/medicinasinc.com\/da\/product\/kob-hawaiiansk-marihuana\/#primaryimage"},"thumbnailUrl":"https:\/\/medicinasinc.com\/da\/wp-content\/uploads\/sites\/8\/2022\/02\/Buy-Hawaiian-Marijuana.jpg","datePublished":"2022-02-20T18:16:15+00:00","dateModified":"2022-03-20T00:47:11+00:00","description":"K\u00f8b Hawaiian Indica Marihuana til salg i Storbritannien, Europa Online. Hawaiian Indica Marihuana Hybrid \u2013 60% Indica \/ 40% Sativa.","breadcrumb":{"@id":"https:\/\/medicinasinc.com\/da\/product\/kob-hawaiiansk-marihuana\/#breadcrumb"},"inLanguage":"en-US","potentialAction":[{"@type":"ReadAction","target":["https:\/\/medicinasinc.com\/da\/product\/kob-hawaiiansk-marihuana\/"]}]},{"@type":"ImageObject","inLanguage":"en-US","@id":"https:\/\/medicinasinc.com\/da\/product\/kob-hawaiiansk-marihuana\/#primaryimage","url":"https:\/\/medicinasinc.com\/da\/wp-content\/uploads\/sites\/8\/2022\/02\/Buy-Hawaiian-Marijuana.jpg","contentUrl":"https:\/\/medicinasinc.com\/da\/wp-content\/uploads\/sites\/8\/2022\/02\/Buy-Hawaiian-Marijuana.jpg","width":233,"height":217},{"@type":"BreadcrumbList","@id":"https:\/\/medicinasinc.com\/da\/product\/kob-hawaiiansk-marihuana\/#breadcrumb","itemListElement":[{"@type":"ListItem","position":1,"name":"Butik","item":"https:\/\/medicinasinc.com\/da\/butik\/"},{"@type":"ListItem","position":2,"name":"K\u00f8b hawaiiansk marihuana"}]},{"@type":"WebSite","@id":"https:\/\/medicinasinc.com\/da\/#website","url":"https:\/\/medicinasinc.com\/da\/","name":"Medicinas Inc","description":"Health Medical Clinic","potentialAction":[{"@type":"SearchAction","target":{"@type":"EntryPoint","urlTemplate":"https:\/\/medicinasinc.com\/da\/?s={search_term_string}"},"query-input":{"@type":"PropertyValueSpecification","valueRequired":true,"valueName":"search_term_string"}}],"inLanguage":"en-US"}]}},"_links":{"self":[{"href":"https:\/\/medicinasinc.com\/da\/wp-json\/wp\/v2\/product\/4955","targetHints":{"allow":["GET"]}}],"collection":[{"href":"https:\/\/medicinasinc.com\/da\/wp-json\/wp\/v2\/product"}],"about":[{"href":"https:\/\/medicinasinc.com\/da\/wp-json\/wp\/v2\/types\/product"}],"replies":[{"embeddable":true,"href":"https:\/\/medicinasinc.com\/da\/wp-json\/wp\/v2\/comments?post=4955"}],"wp:featuredmedia":[{"embeddable":true,"href":"https:\/\/medicinasinc.com\/da\/wp-json\/wp\/v2\/media\/4969"}],"wp:attachment":[{"href":"https:\/\/medicinasinc.com\/da\/wp-json\/wp\/v2\/media?parent=4955"}],"wp:term":[{"taxonomy":"product_brand","embeddable":true,"href":"https:\/\/medicinasinc.com\/da\/wp-json\/wp\/v2\/product_brand?post=4955"},{"taxonomy":"product_cat","embeddable":true,"href":"https:\/\/medicinasinc.com\/da\/wp-json\/wp\/v2\/product_cat?post=4955"},{"taxonomy":"product_tag","embeddable":true,"href":"https:\/\/medicinasinc.com\/da\/wp-json\/wp\/v2\/product_tag?post=4955"}],"curies":[{"name":"wp","href":"https:\/\/api.w.org\/{rel}","templated":true}]}}