{"id":4953,"date":"2022-02-20T18:14:51","date_gmt":"2022-02-20T18:14:51","guid":{"rendered":"https:\/\/medicinasinc.com\/da\/?post_type=product&#038;p=4953"},"modified":"2022-03-20T00:47:19","modified_gmt":"2022-03-20T00:47:19","slug":"kob-bedstefar-lilla-stamme","status":"publish","type":"product","link":"https:\/\/medicinasinc.com\/da\/product\/kob-bedstefar-lilla-stamme\/","title":{"rendered":"K\u00f8b Granddaddy Purple Strain"},"content":{"rendered":"<p>K\u00f8b Granddaddy Purple Marihuana online.<\/p>\n<p>K\u00f8b Granddaddy Purple Marihuana online.<\/p>\n<p>Granddaddy Purple Marihuana-stamme er en hybrid \u2013 Granddaddy Purple Marihuana-stamme er en hybrid \u2013 50% Sativa \/ 50 % Indica THC: 20%\u201327%, CBD: 1%<\/p>\n<p>Cerebral, Eufori, glad, sulten, afslappende virkning<br \/> Kan hj\u00e6lpe med at lindre gigt, kroniske smerter, depression, s\u00f8vnl\u00f8shed, Appetittab, migr\u00e6ne, muskelspasmer, PTSD og stress smag<br \/> Frugtagtig, vindrue, fyrretr\u00e6 og s\u00f8d<\/p>\n","protected":false},"excerpt":{"rendered":"<p>Hvad skal du vide, f\u00f8r du k\u00f8ber Granddaddy Purple? Derudover kendt som BNP, er denne stamme en velkendt indica-krydsning af Purple Urkle og Big Bud.<\/p>\n<p>K\u00f8b Granddaddy Purple Marihuana online.<\/p>\n<p>Canada&#8217;s bedste postordre-WEED ! Er du interesseret i at k\u00f8be medicinsk marihuana online i Canada?<\/p>\n<p>&nbsp;<\/p>\n<p>&nbsp;<\/p>\n","protected":false},"featured_media":4967,"comment_status":"open","ping_status":"closed","template":"","meta":[],"product_brand":[],"product_cat":[778],"product_tag":[839,840,837,838,836,835,842,841],"class_list":{"0":"post-4953","1":"product","2":"type-product","3":"status-publish","4":"has-post-thumbnail","6":"product_cat-ukrudt-til-salg","7":"product_tag-bedstefar-lilla-nr-mig","8":"product_tag-bedstefar-lilla-stamme-billeder","9":"product_tag-grand-daddy-lilla-olie","10":"product_tag-grand-daddy-lilla-stamme-indica-eller-sativa","11":"product_tag-grand-daddy-purp-priser","12":"product_tag-grand-daddy-purp-vogn","13":"product_tag-lilla-urkle","14":"product_tag-purple-kush","16":"first","17":"instock","18":"shipping-taxable","19":"purchasable","20":"product-type-simple"},"yoast_head":"<!-- This site is optimized with the Yoast SEO plugin v27.3 - https:\/\/yoast.com\/product\/yoast-seo-wordpress\/ -->\n<title>K\u00f8b Granddaddy Purple Strain - Best Global Meds<\/title>\n<meta name=\"description\" content=\"Hvad skal du vide, f\u00f8r du k\u00f8ber Granddaddy Purple-stamme? Ogs\u00e5 kaldet BNP er denne stamme en ber\u00f8mt indica-krydsning mellem Purple Urkle og Big Bud.\" \/>\n<meta name=\"robots\" content=\"index, follow, max-snippet:-1, max-image-preview:large, max-video-preview:-1\" \/>\n<link rel=\"canonical\" href=\"https:\/\/medicinasinc.com\/da\/product\/kob-bedstefar-lilla-stamme\/\" \/>\n<meta property=\"og:locale\" content=\"en_US\" \/>\n<meta property=\"og:type\" content=\"article\" \/>\n<meta property=\"og:title\" content=\"K\u00f8b Granddaddy Purple Strain - Best Global Meds\" \/>\n<meta property=\"og:description\" content=\"Hvad skal du vide, f\u00f8r du k\u00f8ber Granddaddy Purple-stamme? Ogs\u00e5 kaldet BNP er denne stamme en ber\u00f8mt indica-krydsning mellem Purple Urkle og Big Bud.\" \/>\n<meta property=\"og:url\" content=\"https:\/\/medicinasinc.com\/da\/product\/kob-bedstefar-lilla-stamme\/\" \/>\n<meta property=\"og:site_name\" content=\"Medicinas Inc\" \/>\n<meta property=\"article:modified_time\" content=\"2022-03-20T00:47:19+00:00\" \/>\n<meta property=\"og:image\" content=\"https:\/\/medicinasinc.com\/da\/wp-content\/uploads\/sites\/8\/2022\/02\/Buy-Granddaddy-Purple-Strain.jpg\" \/>\n\t<meta property=\"og:image:width\" content=\"1822\" \/>\n\t<meta property=\"og:image:height\" content=\"2429\" \/>\n\t<meta property=\"og:image:type\" content=\"image\/jpeg\" \/>\n<meta name=\"twitter:card\" content=\"summary_large_image\" \/>\n<meta name=\"twitter:label1\" content=\"Est. reading time\" \/>\n\t<meta name=\"twitter:data1\" content=\"1 minute\" \/>\n<script type=\"application\/ld+json\" class=\"yoast-schema-graph\">{\"@context\":\"https:\\\/\\\/schema.org\",\"@graph\":[{\"@type\":\"WebPage\",\"@id\":\"https:\\\/\\\/medicinasinc.com\\\/da\\\/product\\\/kob-bedstefar-lilla-stamme\\\/\",\"url\":\"https:\\\/\\\/medicinasinc.com\\\/da\\\/product\\\/kob-bedstefar-lilla-stamme\\\/\",\"name\":\"K\u00f8b Granddaddy Purple Strain - Best Global Meds\",\"isPartOf\":{\"@id\":\"https:\\\/\\\/medicinasinc.com\\\/da\\\/#website\"},\"primaryImageOfPage\":{\"@id\":\"https:\\\/\\\/medicinasinc.com\\\/da\\\/product\\\/kob-bedstefar-lilla-stamme\\\/#primaryimage\"},\"image\":{\"@id\":\"https:\\\/\\\/medicinasinc.com\\\/da\\\/product\\\/kob-bedstefar-lilla-stamme\\\/#primaryimage\"},\"thumbnailUrl\":\"https:\\\/\\\/medicinasinc.com\\\/da\\\/wp-content\\\/uploads\\\/sites\\\/8\\\/2022\\\/02\\\/Buy-Granddaddy-Purple-Strain.jpg\",\"datePublished\":\"2022-02-20T18:14:51+00:00\",\"dateModified\":\"2022-03-20T00:47:19+00:00\",\"description\":\"Hvad skal du vide, f\u00f8r du k\u00f8ber Granddaddy Purple-stamme? Ogs\u00e5 kaldet BNP er denne stamme en ber\u00f8mt indica-krydsning mellem Purple Urkle og Big Bud.\",\"breadcrumb\":{\"@id\":\"https:\\\/\\\/medicinasinc.com\\\/da\\\/product\\\/kob-bedstefar-lilla-stamme\\\/#breadcrumb\"},\"inLanguage\":\"en-US\",\"potentialAction\":[{\"@type\":\"ReadAction\",\"target\":[\"https:\\\/\\\/medicinasinc.com\\\/da\\\/product\\\/kob-bedstefar-lilla-stamme\\\/\"]}]},{\"@type\":\"ImageObject\",\"inLanguage\":\"en-US\",\"@id\":\"https:\\\/\\\/medicinasinc.com\\\/da\\\/product\\\/kob-bedstefar-lilla-stamme\\\/#primaryimage\",\"url\":\"https:\\\/\\\/medicinasinc.com\\\/da\\\/wp-content\\\/uploads\\\/sites\\\/8\\\/2022\\\/02\\\/Buy-Granddaddy-Purple-Strain.jpg\",\"contentUrl\":\"https:\\\/\\\/medicinasinc.com\\\/da\\\/wp-content\\\/uploads\\\/sites\\\/8\\\/2022\\\/02\\\/Buy-Granddaddy-Purple-Strain.jpg\",\"width\":1822,\"height\":2429},{\"@type\":\"BreadcrumbList\",\"@id\":\"https:\\\/\\\/medicinasinc.com\\\/da\\\/product\\\/kob-bedstefar-lilla-stamme\\\/#breadcrumb\",\"itemListElement\":[{\"@type\":\"ListItem\",\"position\":1,\"name\":\"Butik\",\"item\":\"https:\\\/\\\/medicinasinc.com\\\/da\\\/butik\\\/\"},{\"@type\":\"ListItem\",\"position\":2,\"name\":\"K\u00f8b Granddaddy Purple Strain\"}]},{\"@type\":\"WebSite\",\"@id\":\"https:\\\/\\\/medicinasinc.com\\\/da\\\/#website\",\"url\":\"https:\\\/\\\/medicinasinc.com\\\/da\\\/\",\"name\":\"Medicinas Inc\",\"description\":\"Health Medical Clinic\",\"potentialAction\":[{\"@type\":\"SearchAction\",\"target\":{\"@type\":\"EntryPoint\",\"urlTemplate\":\"https:\\\/\\\/medicinasinc.com\\\/da\\\/?s={search_term_string}\"},\"query-input\":{\"@type\":\"PropertyValueSpecification\",\"valueRequired\":true,\"valueName\":\"search_term_string\"}}],\"inLanguage\":\"en-US\"}]}<\/script>\n<!-- \/ Yoast SEO plugin. -->","yoast_head_json":{"title":"K\u00f8b Granddaddy Purple Strain - Best Global Meds","description":"Hvad skal du vide, f\u00f8r du k\u00f8ber Granddaddy Purple-stamme? Ogs\u00e5 kaldet BNP er denne stamme en ber\u00f8mt indica-krydsning mellem Purple Urkle og Big Bud.","robots":{"index":"index","follow":"follow","max-snippet":"max-snippet:-1","max-image-preview":"max-image-preview:large","max-video-preview":"max-video-preview:-1"},"canonical":"https:\/\/medicinasinc.com\/da\/product\/kob-bedstefar-lilla-stamme\/","og_locale":"en_US","og_type":"article","og_title":"K\u00f8b Granddaddy Purple Strain - Best Global Meds","og_description":"Hvad skal du vide, f\u00f8r du k\u00f8ber Granddaddy Purple-stamme? Ogs\u00e5 kaldet BNP er denne stamme en ber\u00f8mt indica-krydsning mellem Purple Urkle og Big Bud.","og_url":"https:\/\/medicinasinc.com\/da\/product\/kob-bedstefar-lilla-stamme\/","og_site_name":"Medicinas Inc","article_modified_time":"2022-03-20T00:47:19+00:00","og_image":[{"width":1822,"height":2429,"url":"https:\/\/medicinasinc.com\/da\/wp-content\/uploads\/sites\/8\/2022\/02\/Buy-Granddaddy-Purple-Strain.jpg","type":"image\/jpeg"}],"twitter_card":"summary_large_image","twitter_misc":{"Est. reading time":"1 minute"},"schema":{"@context":"https:\/\/schema.org","@graph":[{"@type":"WebPage","@id":"https:\/\/medicinasinc.com\/da\/product\/kob-bedstefar-lilla-stamme\/","url":"https:\/\/medicinasinc.com\/da\/product\/kob-bedstefar-lilla-stamme\/","name":"K\u00f8b Granddaddy Purple Strain - Best Global Meds","isPartOf":{"@id":"https:\/\/medicinasinc.com\/da\/#website"},"primaryImageOfPage":{"@id":"https:\/\/medicinasinc.com\/da\/product\/kob-bedstefar-lilla-stamme\/#primaryimage"},"image":{"@id":"https:\/\/medicinasinc.com\/da\/product\/kob-bedstefar-lilla-stamme\/#primaryimage"},"thumbnailUrl":"https:\/\/medicinasinc.com\/da\/wp-content\/uploads\/sites\/8\/2022\/02\/Buy-Granddaddy-Purple-Strain.jpg","datePublished":"2022-02-20T18:14:51+00:00","dateModified":"2022-03-20T00:47:19+00:00","description":"Hvad skal du vide, f\u00f8r du k\u00f8ber Granddaddy Purple-stamme? Ogs\u00e5 kaldet BNP er denne stamme en ber\u00f8mt indica-krydsning mellem Purple Urkle og Big Bud.","breadcrumb":{"@id":"https:\/\/medicinasinc.com\/da\/product\/kob-bedstefar-lilla-stamme\/#breadcrumb"},"inLanguage":"en-US","potentialAction":[{"@type":"ReadAction","target":["https:\/\/medicinasinc.com\/da\/product\/kob-bedstefar-lilla-stamme\/"]}]},{"@type":"ImageObject","inLanguage":"en-US","@id":"https:\/\/medicinasinc.com\/da\/product\/kob-bedstefar-lilla-stamme\/#primaryimage","url":"https:\/\/medicinasinc.com\/da\/wp-content\/uploads\/sites\/8\/2022\/02\/Buy-Granddaddy-Purple-Strain.jpg","contentUrl":"https:\/\/medicinasinc.com\/da\/wp-content\/uploads\/sites\/8\/2022\/02\/Buy-Granddaddy-Purple-Strain.jpg","width":1822,"height":2429},{"@type":"BreadcrumbList","@id":"https:\/\/medicinasinc.com\/da\/product\/kob-bedstefar-lilla-stamme\/#breadcrumb","itemListElement":[{"@type":"ListItem","position":1,"name":"Butik","item":"https:\/\/medicinasinc.com\/da\/butik\/"},{"@type":"ListItem","position":2,"name":"K\u00f8b Granddaddy Purple Strain"}]},{"@type":"WebSite","@id":"https:\/\/medicinasinc.com\/da\/#website","url":"https:\/\/medicinasinc.com\/da\/","name":"Medicinas Inc","description":"Health Medical Clinic","potentialAction":[{"@type":"SearchAction","target":{"@type":"EntryPoint","urlTemplate":"https:\/\/medicinasinc.com\/da\/?s={search_term_string}"},"query-input":{"@type":"PropertyValueSpecification","valueRequired":true,"valueName":"search_term_string"}}],"inLanguage":"en-US"}]}},"_links":{"self":[{"href":"https:\/\/medicinasinc.com\/da\/wp-json\/wp\/v2\/product\/4953","targetHints":{"allow":["GET"]}}],"collection":[{"href":"https:\/\/medicinasinc.com\/da\/wp-json\/wp\/v2\/product"}],"about":[{"href":"https:\/\/medicinasinc.com\/da\/wp-json\/wp\/v2\/types\/product"}],"replies":[{"embeddable":true,"href":"https:\/\/medicinasinc.com\/da\/wp-json\/wp\/v2\/comments?post=4953"}],"wp:featuredmedia":[{"embeddable":true,"href":"https:\/\/medicinasinc.com\/da\/wp-json\/wp\/v2\/media\/4967"}],"wp:attachment":[{"href":"https:\/\/medicinasinc.com\/da\/wp-json\/wp\/v2\/media?parent=4953"}],"wp:term":[{"taxonomy":"product_brand","embeddable":true,"href":"https:\/\/medicinasinc.com\/da\/wp-json\/wp\/v2\/product_brand?post=4953"},{"taxonomy":"product_cat","embeddable":true,"href":"https:\/\/medicinasinc.com\/da\/wp-json\/wp\/v2\/product_cat?post=4953"},{"taxonomy":"product_tag","embeddable":true,"href":"https:\/\/medicinasinc.com\/da\/wp-json\/wp\/v2\/product_tag?post=4953"}],"curies":[{"name":"wp","href":"https:\/\/api.w.org\/{rel}","templated":true}]}}