{"id":4946,"date":"2022-02-20T18:08:57","date_gmt":"2022-02-20T18:08:57","guid":{"rendered":"https:\/\/medicinasinc.com\/da\/?post_type=product&#038;p=4946"},"modified":"2022-03-20T00:47:28","modified_gmt":"2022-03-20T00:47:28","slug":"kob-gorilla-kiks-marihuana","status":"publish","type":"product","link":"https:\/\/medicinasinc.com\/da\/product\/kob-gorilla-kiks-marihuana\/","title":{"rendered":"K\u00f8b Gorilla Biscuit Marihuana"},"content":{"rendered":"<h1><\/h1>\n<p>Online k\u00f8b af Gorilla Biscuit Marihuana Strain.<\/p>\n<p>Online k\u00f8b af Gorilla Biscuit Marihuana Strain.<\/p>\n<p>Marihuana fra gorilla kiks er Indica. Dominant Hybrid &#8211; 60% Indica \/ 40% Sativa THC-indhold i sativa: 15%-20%<\/p>\n<p>Ophidselse, eufori, sult, afslapning og s\u00f8vnighed<br \/> Kan hj\u00e6lpe med behandling af anoreksi, kramper , Depression, s\u00f8vnl\u00f8shed og stress smag<br \/> Aromaer af kaffe, citron og fyrretr\u00e6<br \/> Jordagtig, skarp og krydret<\/p>\n<p>Gorilla Biscuit af Seeds of Compassion er en Indien-dominerende udsk\u00e6ring afledt fra krydset mellem Sensi Stars Terpentine og Stardawg IX f\u00e6notyper. Denne us\u00e6dvanlige og ret old-school blanding er opkaldt efter Methaqualone, ofte kendt som quaaludes, et l\u00e6gemiddel med en beroligende og eksotisk effekt p\u00e5 kroppen. Dens besiddelser forts\u00e6tter p\u00e5 en tilsvarende beroligende m\u00e5de, og efterlader vedh\u00e6ngene v\u00e6gtige og l\u00f8se. Gorilla Biscuit har en st\u00e6rk terpenprofil med en st\u00e6rk fyrre-sol og kaffeb\u00f8nnearoma.<\/p>\n<p>Gorilla Biscuit-stamme: En \u00e6gte stener-stamme, Gorilla OG&#8217;s high udvikler sig gradvist og bygger til en tilstand af henrykkelse, der varer i en l\u00e6ngere periode. N\u00e5r f\u00f8rst hendes ejendele fuldst\u00e6ndig tager fat i dine tanker og krop, er dine overvejelser m\u00e5ske ikke s\u00e5 klare, som de var for et par timer siden. Det mest synlige aspekt af din oplevelse vil v\u00e6re det faste indtryk af k\u00e6rlighedss\u00e6del\u00e5sen, som vil g\u00f8re det sv\u00e6rt at tilfredsstille enhver lusket mundgodt. Vores forslag er at komme l\u00e6ngere end tid med en fejning, pude og en stor m\u00e6ngde mad indeholdt inden for armens r\u00e6kkevidde. Denne us\u00e6dvanlige og ret old-school blanding er opkaldt efter Methaqualone, ofte kendt som quaaludes, et l\u00e6gemiddel med en beroligende og eksotisk effekt p\u00e5 kroppen. Dens besiddelser forts\u00e6tter p\u00e5 en tilsvarende beroligende m\u00e5de, og efterlader vedh\u00e6ngene v\u00e6gtige og l\u00f8se. Gorilla Biscuit har en robust terpenprofil med en st\u00e6rk fyrre-sol og kaffebourbonaroma.<\/p>\n","protected":false},"excerpt":{"rendered":"<p>K\u00f8b Gorilla Biscuit Marihuana Strain Online. Med over 15 \u00e5rs erfaring inden for medicinsk marihuana-sektoren er vi Canadas f\u00f8rende inden for cannabispostordrer.<\/p>\n","protected":false},"featured_media":4960,"comment_status":"open","ping_status":"closed","template":"","meta":[],"product_brand":[],"product_cat":[778],"product_tag":[828,829,833,830,832,831,827,834],"class_list":{"0":"post-4946","1":"product","2":"type-product","3":"status-publish","4":"has-post-thumbnail","6":"product_cat-ukrudt-til-salg","7":"product_tag-bizkitz-strain","8":"product_tag-california-orange-strain","9":"product_tag-drue-kler-stamme","10":"product_tag-ekto-kler-stamme","11":"product_tag-gorilla-biscuits-merch","12":"product_tag-gorilla-kiks-stv","13":"product_tag-kiks-stamme","14":"product_tag-sukker-kiks-stamme","16":"first","17":"instock","18":"shipping-taxable","19":"purchasable","20":"product-type-variable","21":"has-default-attributes"},"yoast_head":"<!-- This site is optimized with the Yoast SEO plugin v27.3 - https:\/\/yoast.com\/product\/yoast-seo-wordpress\/ -->\n<title>K\u00f8b Gorilla Biscuit Marihuana - Bedste bedste globale medicin<\/title>\n<meta name=\"description\" content=\"K\u00f8b Gorilla Biscuit Marihuana Strain til salg online. F\u00f8rende inden for cannabispostordrer i Canada med mere end 15 \u00e5rs erfaring i den medicinske marihuana-industri.\" \/>\n<meta name=\"robots\" content=\"index, follow, max-snippet:-1, max-image-preview:large, max-video-preview:-1\" \/>\n<link rel=\"canonical\" href=\"https:\/\/medicinasinc.com\/da\/product\/kob-gorilla-kiks-marihuana\/\" \/>\n<meta property=\"og:locale\" content=\"en_US\" \/>\n<meta property=\"og:type\" content=\"article\" \/>\n<meta property=\"og:title\" content=\"K\u00f8b Gorilla Biscuit Marihuana - Bedste bedste globale medicin\" \/>\n<meta property=\"og:description\" content=\"K\u00f8b Gorilla Biscuit Marihuana Strain til salg online. F\u00f8rende inden for cannabispostordrer i Canada med mere end 15 \u00e5rs erfaring i den medicinske marihuana-industri.\" \/>\n<meta property=\"og:url\" content=\"https:\/\/medicinasinc.com\/da\/product\/kob-gorilla-kiks-marihuana\/\" \/>\n<meta property=\"og:site_name\" content=\"Medicinas Inc\" \/>\n<meta property=\"article:modified_time\" content=\"2022-03-20T00:47:28+00:00\" \/>\n<meta property=\"og:image\" content=\"https:\/\/medicinasinc.com\/da\/wp-content\/uploads\/sites\/8\/2022\/02\/Buy-Gorilla-Biscuit-Marijuana.jpg\" \/>\n\t<meta property=\"og:image:width\" content=\"420\" \/>\n\t<meta property=\"og:image:height\" content=\"630\" \/>\n\t<meta property=\"og:image:type\" content=\"image\/jpeg\" \/>\n<meta name=\"twitter:card\" content=\"summary_large_image\" \/>\n<meta name=\"twitter:label1\" content=\"Est. reading time\" \/>\n\t<meta name=\"twitter:data1\" content=\"2 minutes\" \/>\n<script type=\"application\/ld+json\" class=\"yoast-schema-graph\">{\"@context\":\"https:\\\/\\\/schema.org\",\"@graph\":[{\"@type\":\"WebPage\",\"@id\":\"https:\\\/\\\/medicinasinc.com\\\/da\\\/product\\\/kob-gorilla-kiks-marihuana\\\/\",\"url\":\"https:\\\/\\\/medicinasinc.com\\\/da\\\/product\\\/kob-gorilla-kiks-marihuana\\\/\",\"name\":\"K\u00f8b Gorilla Biscuit Marihuana - Bedste bedste globale medicin\",\"isPartOf\":{\"@id\":\"https:\\\/\\\/medicinasinc.com\\\/da\\\/#website\"},\"primaryImageOfPage\":{\"@id\":\"https:\\\/\\\/medicinasinc.com\\\/da\\\/product\\\/kob-gorilla-kiks-marihuana\\\/#primaryimage\"},\"image\":{\"@id\":\"https:\\\/\\\/medicinasinc.com\\\/da\\\/product\\\/kob-gorilla-kiks-marihuana\\\/#primaryimage\"},\"thumbnailUrl\":\"https:\\\/\\\/medicinasinc.com\\\/da\\\/wp-content\\\/uploads\\\/sites\\\/8\\\/2022\\\/02\\\/Buy-Gorilla-Biscuit-Marijuana.jpg\",\"datePublished\":\"2022-02-20T18:08:57+00:00\",\"dateModified\":\"2022-03-20T00:47:28+00:00\",\"description\":\"K\u00f8b Gorilla Biscuit Marihuana Strain til salg online. F\u00f8rende inden for cannabispostordrer i Canada med mere end 15 \u00e5rs erfaring i den medicinske marihuana-industri.\",\"breadcrumb\":{\"@id\":\"https:\\\/\\\/medicinasinc.com\\\/da\\\/product\\\/kob-gorilla-kiks-marihuana\\\/#breadcrumb\"},\"inLanguage\":\"en-US\",\"potentialAction\":[{\"@type\":\"ReadAction\",\"target\":[\"https:\\\/\\\/medicinasinc.com\\\/da\\\/product\\\/kob-gorilla-kiks-marihuana\\\/\"]}]},{\"@type\":\"ImageObject\",\"inLanguage\":\"en-US\",\"@id\":\"https:\\\/\\\/medicinasinc.com\\\/da\\\/product\\\/kob-gorilla-kiks-marihuana\\\/#primaryimage\",\"url\":\"https:\\\/\\\/medicinasinc.com\\\/da\\\/wp-content\\\/uploads\\\/sites\\\/8\\\/2022\\\/02\\\/Buy-Gorilla-Biscuit-Marijuana.jpg\",\"contentUrl\":\"https:\\\/\\\/medicinasinc.com\\\/da\\\/wp-content\\\/uploads\\\/sites\\\/8\\\/2022\\\/02\\\/Buy-Gorilla-Biscuit-Marijuana.jpg\",\"width\":420,\"height\":630},{\"@type\":\"BreadcrumbList\",\"@id\":\"https:\\\/\\\/medicinasinc.com\\\/da\\\/product\\\/kob-gorilla-kiks-marihuana\\\/#breadcrumb\",\"itemListElement\":[{\"@type\":\"ListItem\",\"position\":1,\"name\":\"Butik\",\"item\":\"https:\\\/\\\/medicinasinc.com\\\/da\\\/butik\\\/\"},{\"@type\":\"ListItem\",\"position\":2,\"name\":\"K\u00f8b Gorilla Biscuit Marihuana\"}]},{\"@type\":\"WebSite\",\"@id\":\"https:\\\/\\\/medicinasinc.com\\\/da\\\/#website\",\"url\":\"https:\\\/\\\/medicinasinc.com\\\/da\\\/\",\"name\":\"Medicinas Inc\",\"description\":\"Health Medical Clinic\",\"potentialAction\":[{\"@type\":\"SearchAction\",\"target\":{\"@type\":\"EntryPoint\",\"urlTemplate\":\"https:\\\/\\\/medicinasinc.com\\\/da\\\/?s={search_term_string}\"},\"query-input\":{\"@type\":\"PropertyValueSpecification\",\"valueRequired\":true,\"valueName\":\"search_term_string\"}}],\"inLanguage\":\"en-US\"}]}<\/script>\n<!-- \/ Yoast SEO plugin. -->","yoast_head_json":{"title":"K\u00f8b Gorilla Biscuit Marihuana - Bedste bedste globale medicin","description":"K\u00f8b Gorilla Biscuit Marihuana Strain til salg online. F\u00f8rende inden for cannabispostordrer i Canada med mere end 15 \u00e5rs erfaring i den medicinske marihuana-industri.","robots":{"index":"index","follow":"follow","max-snippet":"max-snippet:-1","max-image-preview":"max-image-preview:large","max-video-preview":"max-video-preview:-1"},"canonical":"https:\/\/medicinasinc.com\/da\/product\/kob-gorilla-kiks-marihuana\/","og_locale":"en_US","og_type":"article","og_title":"K\u00f8b Gorilla Biscuit Marihuana - Bedste bedste globale medicin","og_description":"K\u00f8b Gorilla Biscuit Marihuana Strain til salg online. F\u00f8rende inden for cannabispostordrer i Canada med mere end 15 \u00e5rs erfaring i den medicinske marihuana-industri.","og_url":"https:\/\/medicinasinc.com\/da\/product\/kob-gorilla-kiks-marihuana\/","og_site_name":"Medicinas Inc","article_modified_time":"2022-03-20T00:47:28+00:00","og_image":[{"width":420,"height":630,"url":"https:\/\/medicinasinc.com\/da\/wp-content\/uploads\/sites\/8\/2022\/02\/Buy-Gorilla-Biscuit-Marijuana.jpg","type":"image\/jpeg"}],"twitter_card":"summary_large_image","twitter_misc":{"Est. reading time":"2 minutes"},"schema":{"@context":"https:\/\/schema.org","@graph":[{"@type":"WebPage","@id":"https:\/\/medicinasinc.com\/da\/product\/kob-gorilla-kiks-marihuana\/","url":"https:\/\/medicinasinc.com\/da\/product\/kob-gorilla-kiks-marihuana\/","name":"K\u00f8b Gorilla Biscuit Marihuana - Bedste bedste globale medicin","isPartOf":{"@id":"https:\/\/medicinasinc.com\/da\/#website"},"primaryImageOfPage":{"@id":"https:\/\/medicinasinc.com\/da\/product\/kob-gorilla-kiks-marihuana\/#primaryimage"},"image":{"@id":"https:\/\/medicinasinc.com\/da\/product\/kob-gorilla-kiks-marihuana\/#primaryimage"},"thumbnailUrl":"https:\/\/medicinasinc.com\/da\/wp-content\/uploads\/sites\/8\/2022\/02\/Buy-Gorilla-Biscuit-Marijuana.jpg","datePublished":"2022-02-20T18:08:57+00:00","dateModified":"2022-03-20T00:47:28+00:00","description":"K\u00f8b Gorilla Biscuit Marihuana Strain til salg online. F\u00f8rende inden for cannabispostordrer i Canada med mere end 15 \u00e5rs erfaring i den medicinske marihuana-industri.","breadcrumb":{"@id":"https:\/\/medicinasinc.com\/da\/product\/kob-gorilla-kiks-marihuana\/#breadcrumb"},"inLanguage":"en-US","potentialAction":[{"@type":"ReadAction","target":["https:\/\/medicinasinc.com\/da\/product\/kob-gorilla-kiks-marihuana\/"]}]},{"@type":"ImageObject","inLanguage":"en-US","@id":"https:\/\/medicinasinc.com\/da\/product\/kob-gorilla-kiks-marihuana\/#primaryimage","url":"https:\/\/medicinasinc.com\/da\/wp-content\/uploads\/sites\/8\/2022\/02\/Buy-Gorilla-Biscuit-Marijuana.jpg","contentUrl":"https:\/\/medicinasinc.com\/da\/wp-content\/uploads\/sites\/8\/2022\/02\/Buy-Gorilla-Biscuit-Marijuana.jpg","width":420,"height":630},{"@type":"BreadcrumbList","@id":"https:\/\/medicinasinc.com\/da\/product\/kob-gorilla-kiks-marihuana\/#breadcrumb","itemListElement":[{"@type":"ListItem","position":1,"name":"Butik","item":"https:\/\/medicinasinc.com\/da\/butik\/"},{"@type":"ListItem","position":2,"name":"K\u00f8b Gorilla Biscuit Marihuana"}]},{"@type":"WebSite","@id":"https:\/\/medicinasinc.com\/da\/#website","url":"https:\/\/medicinasinc.com\/da\/","name":"Medicinas Inc","description":"Health Medical Clinic","potentialAction":[{"@type":"SearchAction","target":{"@type":"EntryPoint","urlTemplate":"https:\/\/medicinasinc.com\/da\/?s={search_term_string}"},"query-input":{"@type":"PropertyValueSpecification","valueRequired":true,"valueName":"search_term_string"}}],"inLanguage":"en-US"}]}},"_links":{"self":[{"href":"https:\/\/medicinasinc.com\/da\/wp-json\/wp\/v2\/product\/4946","targetHints":{"allow":["GET"]}}],"collection":[{"href":"https:\/\/medicinasinc.com\/da\/wp-json\/wp\/v2\/product"}],"about":[{"href":"https:\/\/medicinasinc.com\/da\/wp-json\/wp\/v2\/types\/product"}],"replies":[{"embeddable":true,"href":"https:\/\/medicinasinc.com\/da\/wp-json\/wp\/v2\/comments?post=4946"}],"wp:featuredmedia":[{"embeddable":true,"href":"https:\/\/medicinasinc.com\/da\/wp-json\/wp\/v2\/media\/4960"}],"wp:attachment":[{"href":"https:\/\/medicinasinc.com\/da\/wp-json\/wp\/v2\/media?parent=4946"}],"wp:term":[{"taxonomy":"product_brand","embeddable":true,"href":"https:\/\/medicinasinc.com\/da\/wp-json\/wp\/v2\/product_brand?post=4946"},{"taxonomy":"product_cat","embeddable":true,"href":"https:\/\/medicinasinc.com\/da\/wp-json\/wp\/v2\/product_cat?post=4946"},{"taxonomy":"product_tag","embeddable":true,"href":"https:\/\/medicinasinc.com\/da\/wp-json\/wp\/v2\/product_tag?post=4946"}],"curies":[{"name":"wp","href":"https:\/\/api.w.org\/{rel}","templated":true}]}}