{"id":4940,"date":"2022-02-20T18:04:10","date_gmt":"2022-02-20T18:04:10","guid":{"rendered":"https:\/\/medicinasinc.com\/da\/?post_type=product&#038;p=4940"},"modified":"2022-03-20T00:47:38","modified_gmt":"2022-03-20T00:47:38","slug":"kob-durban-gift-marihuana","status":"publish","type":"product","link":"https:\/\/medicinasinc.com\/da\/product\/kob-durban-gift-marihuana\/","title":{"rendered":"K\u00f8b Durban Poison Marihuana"},"content":{"rendered":"<p>Online k\u00f8b af Durban Poison Marijuana Strain<\/p>\n<p>Denne meget potente stamme vil give et alvorligt slag til hjernen. Durban Poison er en ren sativa-stamme, der er en elsket indavlet efterkommer af en sydafrikansk sativa-stamme. I 1970&#8217;erne identificerede Ed Rosenthal, en amerikansk cannabisaktivist, den oprindelige stamme og introducerede den til USA. Det har l\u00e6nge v\u00e6ret en favorit blandt stenere og medicinske marihuanapatienter i denne by. Durban Poison har et THC-indhold p\u00e5 op til 24%, hvilket g\u00f8r den til en af \u200b\u200bde mest potente stammer, der findes. Denne stamme giver en kraftfuld, behagelig hovedh\u00f8jde, der er ideel til kreative bestr\u00e6belser og dagtimerne aktiviteter. Sammen med mundt\u00f8rhed er paranoia en mulig negativ virkning. Durban Poison er en kraftfuld behandling mod depression og angst samt kroniske smerter og kvalme. Denne stamme er god til at skabe koncentrater p\u00e5 grund af overfloden af \u200b\u200bstore trichomer p\u00e5 knoppen. Durban Poisons dominerende duft og smag er jordagtig og s\u00f8d, med en svag fyrrearoma. Knopperne er runde og tykke, d\u00e6kket af rigelige trichomer. Denne stamme er ideel til perioder med fysisk aktivitet, g\u00f8rem\u00e5l og andre dagslysaktiviteter.<\/p>\n","protected":false},"excerpt":{"rendered":"<div class=\"woocommerce-product-details__short-description\">\n<p>Durban Poison har et THC-indhold p\u00e5 op til 24 %, hvilket g\u00f8r den til en af \u200b\u200bverdens&#8217;s&#8230; at disse butikker s\u00e6lger nogle af disse unikke stammer.<\/p>\n<p>Durban Poison-stammen har f\u00e5et verdensomsp\u00e6ndende appel p\u00e5 grund af dens behagelige aroma og energigivende, opl\u00f8ftende effekter. Bes\u00f8g os venligst.<\/p>\n<p>Durban Poison Marihuana-stamme kan k\u00f8bes online. Durban Poison er en afrikansk Sativa Landrace-stamme af cannabis. Fremragende til patienter, der s\u00f8ger en robust cerebral belastning, der vil hj\u00e6lpe i kampen mod stress og tr\u00e6thed.<\/p>\n<\/p><\/div>\n","protected":false},"featured_media":4954,"comment_status":"open","ping_status":"closed","template":"","meta":[],"product_brand":[],"product_cat":[778],"product_tag":[819,820,823,821,825,824,822,826],"class_list":{"0":"post-4940","1":"product","2":"type-product","3":"status-publish","4":"has-post-thumbnail","6":"product_cat-ukrudt-til-salg","7":"product_tag-bedste-durban-gift-fr","8":"product_tag-durban-gift-autoflower","9":"product_tag-durban-gift-historie","10":"product_tag-durban-gift-kryds","11":"product_tag-durban-poison-veg-time","12":"product_tag-durban-gift-fr-syd-afrika","13":"product_tag-durban-poison-grow","14":"product_tag-er-durban-det-samme-som-durban-gift","16":"first","17":"instock","18":"shipping-taxable","19":"purchasable","20":"product-type-variable","21":"has-default-attributes"},"yoast_head":"<!-- This site is optimized with the Yoast SEO plugin v27.3 - https:\/\/yoast.com\/product\/yoast-seo-wordpress\/ -->\n<title>K\u00f8b Durban Poison Marihuana - Bedste bedste globale medicin<\/title>\n<meta name=\"description\" content=\"K\u00f8b Durban Poison-stamme\u00a0til salg online, har vundet popularitet over hele verden for sin s\u00f8de duft og energiske, opl\u00f8ftende effekter. Bes\u00f8g os venligst.\" \/>\n<meta name=\"robots\" content=\"index, follow, max-snippet:-1, max-image-preview:large, max-video-preview:-1\" \/>\n<link rel=\"canonical\" href=\"https:\/\/medicinasinc.com\/da\/product\/kob-durban-gift-marihuana\/\" \/>\n<meta property=\"og:locale\" content=\"en_US\" \/>\n<meta property=\"og:type\" content=\"article\" \/>\n<meta property=\"og:title\" content=\"K\u00f8b Durban Poison Marihuana - Bedste bedste globale medicin\" \/>\n<meta property=\"og:description\" content=\"K\u00f8b Durban Poison-stamme\u00a0til salg online, har vundet popularitet over hele verden for sin s\u00f8de duft og energiske, opl\u00f8ftende effekter. Bes\u00f8g os venligst.\" \/>\n<meta property=\"og:url\" content=\"https:\/\/medicinasinc.com\/da\/product\/kob-durban-gift-marihuana\/\" \/>\n<meta property=\"og:site_name\" content=\"Medicinas Inc\" \/>\n<meta property=\"article:modified_time\" content=\"2022-03-20T00:47:38+00:00\" \/>\n<meta property=\"og:image\" content=\"https:\/\/medicinasinc.com\/da\/wp-content\/uploads\/sites\/8\/2022\/02\/Buy-Durban-Poison-Marijuana.jpg\" \/>\n\t<meta property=\"og:image:width\" content=\"225\" \/>\n\t<meta property=\"og:image:height\" content=\"225\" \/>\n\t<meta property=\"og:image:type\" content=\"image\/jpeg\" \/>\n<meta name=\"twitter:card\" content=\"summary_large_image\" \/>\n<meta name=\"twitter:label1\" content=\"Est. reading time\" \/>\n\t<meta name=\"twitter:data1\" content=\"1 minute\" \/>\n<script type=\"application\/ld+json\" class=\"yoast-schema-graph\">{\"@context\":\"https:\\\/\\\/schema.org\",\"@graph\":[{\"@type\":\"WebPage\",\"@id\":\"https:\\\/\\\/medicinasinc.com\\\/da\\\/product\\\/kob-durban-gift-marihuana\\\/\",\"url\":\"https:\\\/\\\/medicinasinc.com\\\/da\\\/product\\\/kob-durban-gift-marihuana\\\/\",\"name\":\"K\u00f8b Durban Poison Marihuana - Bedste bedste globale medicin\",\"isPartOf\":{\"@id\":\"https:\\\/\\\/medicinasinc.com\\\/da\\\/#website\"},\"primaryImageOfPage\":{\"@id\":\"https:\\\/\\\/medicinasinc.com\\\/da\\\/product\\\/kob-durban-gift-marihuana\\\/#primaryimage\"},\"image\":{\"@id\":\"https:\\\/\\\/medicinasinc.com\\\/da\\\/product\\\/kob-durban-gift-marihuana\\\/#primaryimage\"},\"thumbnailUrl\":\"https:\\\/\\\/medicinasinc.com\\\/da\\\/wp-content\\\/uploads\\\/sites\\\/8\\\/2022\\\/02\\\/Buy-Durban-Poison-Marijuana.jpg\",\"datePublished\":\"2022-02-20T18:04:10+00:00\",\"dateModified\":\"2022-03-20T00:47:38+00:00\",\"description\":\"K\u00f8b Durban Poison-stamme\u00a0til salg online, har vundet popularitet over hele verden for sin s\u00f8de duft og energiske, opl\u00f8ftende effekter. Bes\u00f8g os venligst.\",\"breadcrumb\":{\"@id\":\"https:\\\/\\\/medicinasinc.com\\\/da\\\/product\\\/kob-durban-gift-marihuana\\\/#breadcrumb\"},\"inLanguage\":\"en-US\",\"potentialAction\":[{\"@type\":\"ReadAction\",\"target\":[\"https:\\\/\\\/medicinasinc.com\\\/da\\\/product\\\/kob-durban-gift-marihuana\\\/\"]}]},{\"@type\":\"ImageObject\",\"inLanguage\":\"en-US\",\"@id\":\"https:\\\/\\\/medicinasinc.com\\\/da\\\/product\\\/kob-durban-gift-marihuana\\\/#primaryimage\",\"url\":\"https:\\\/\\\/medicinasinc.com\\\/da\\\/wp-content\\\/uploads\\\/sites\\\/8\\\/2022\\\/02\\\/Buy-Durban-Poison-Marijuana.jpg\",\"contentUrl\":\"https:\\\/\\\/medicinasinc.com\\\/da\\\/wp-content\\\/uploads\\\/sites\\\/8\\\/2022\\\/02\\\/Buy-Durban-Poison-Marijuana.jpg\",\"width\":225,\"height\":225},{\"@type\":\"BreadcrumbList\",\"@id\":\"https:\\\/\\\/medicinasinc.com\\\/da\\\/product\\\/kob-durban-gift-marihuana\\\/#breadcrumb\",\"itemListElement\":[{\"@type\":\"ListItem\",\"position\":1,\"name\":\"Butik\",\"item\":\"https:\\\/\\\/medicinasinc.com\\\/da\\\/butik\\\/\"},{\"@type\":\"ListItem\",\"position\":2,\"name\":\"K\u00f8b Durban Poison Marihuana\"}]},{\"@type\":\"WebSite\",\"@id\":\"https:\\\/\\\/medicinasinc.com\\\/da\\\/#website\",\"url\":\"https:\\\/\\\/medicinasinc.com\\\/da\\\/\",\"name\":\"Medicinas Inc\",\"description\":\"Health Medical Clinic\",\"potentialAction\":[{\"@type\":\"SearchAction\",\"target\":{\"@type\":\"EntryPoint\",\"urlTemplate\":\"https:\\\/\\\/medicinasinc.com\\\/da\\\/?s={search_term_string}\"},\"query-input\":{\"@type\":\"PropertyValueSpecification\",\"valueRequired\":true,\"valueName\":\"search_term_string\"}}],\"inLanguage\":\"en-US\"}]}<\/script>\n<!-- \/ Yoast SEO plugin. -->","yoast_head_json":{"title":"K\u00f8b Durban Poison Marihuana - Bedste bedste globale medicin","description":"K\u00f8b Durban Poison-stamme\u00a0til salg online, har vundet popularitet over hele verden for sin s\u00f8de duft og energiske, opl\u00f8ftende effekter. Bes\u00f8g os venligst.","robots":{"index":"index","follow":"follow","max-snippet":"max-snippet:-1","max-image-preview":"max-image-preview:large","max-video-preview":"max-video-preview:-1"},"canonical":"https:\/\/medicinasinc.com\/da\/product\/kob-durban-gift-marihuana\/","og_locale":"en_US","og_type":"article","og_title":"K\u00f8b Durban Poison Marihuana - Bedste bedste globale medicin","og_description":"K\u00f8b Durban Poison-stamme\u00a0til salg online, har vundet popularitet over hele verden for sin s\u00f8de duft og energiske, opl\u00f8ftende effekter. Bes\u00f8g os venligst.","og_url":"https:\/\/medicinasinc.com\/da\/product\/kob-durban-gift-marihuana\/","og_site_name":"Medicinas Inc","article_modified_time":"2022-03-20T00:47:38+00:00","og_image":[{"width":225,"height":225,"url":"https:\/\/medicinasinc.com\/da\/wp-content\/uploads\/sites\/8\/2022\/02\/Buy-Durban-Poison-Marijuana.jpg","type":"image\/jpeg"}],"twitter_card":"summary_large_image","twitter_misc":{"Est. reading time":"1 minute"},"schema":{"@context":"https:\/\/schema.org","@graph":[{"@type":"WebPage","@id":"https:\/\/medicinasinc.com\/da\/product\/kob-durban-gift-marihuana\/","url":"https:\/\/medicinasinc.com\/da\/product\/kob-durban-gift-marihuana\/","name":"K\u00f8b Durban Poison Marihuana - Bedste bedste globale medicin","isPartOf":{"@id":"https:\/\/medicinasinc.com\/da\/#website"},"primaryImageOfPage":{"@id":"https:\/\/medicinasinc.com\/da\/product\/kob-durban-gift-marihuana\/#primaryimage"},"image":{"@id":"https:\/\/medicinasinc.com\/da\/product\/kob-durban-gift-marihuana\/#primaryimage"},"thumbnailUrl":"https:\/\/medicinasinc.com\/da\/wp-content\/uploads\/sites\/8\/2022\/02\/Buy-Durban-Poison-Marijuana.jpg","datePublished":"2022-02-20T18:04:10+00:00","dateModified":"2022-03-20T00:47:38+00:00","description":"K\u00f8b Durban Poison-stamme\u00a0til salg online, har vundet popularitet over hele verden for sin s\u00f8de duft og energiske, opl\u00f8ftende effekter. Bes\u00f8g os venligst.","breadcrumb":{"@id":"https:\/\/medicinasinc.com\/da\/product\/kob-durban-gift-marihuana\/#breadcrumb"},"inLanguage":"en-US","potentialAction":[{"@type":"ReadAction","target":["https:\/\/medicinasinc.com\/da\/product\/kob-durban-gift-marihuana\/"]}]},{"@type":"ImageObject","inLanguage":"en-US","@id":"https:\/\/medicinasinc.com\/da\/product\/kob-durban-gift-marihuana\/#primaryimage","url":"https:\/\/medicinasinc.com\/da\/wp-content\/uploads\/sites\/8\/2022\/02\/Buy-Durban-Poison-Marijuana.jpg","contentUrl":"https:\/\/medicinasinc.com\/da\/wp-content\/uploads\/sites\/8\/2022\/02\/Buy-Durban-Poison-Marijuana.jpg","width":225,"height":225},{"@type":"BreadcrumbList","@id":"https:\/\/medicinasinc.com\/da\/product\/kob-durban-gift-marihuana\/#breadcrumb","itemListElement":[{"@type":"ListItem","position":1,"name":"Butik","item":"https:\/\/medicinasinc.com\/da\/butik\/"},{"@type":"ListItem","position":2,"name":"K\u00f8b Durban Poison Marihuana"}]},{"@type":"WebSite","@id":"https:\/\/medicinasinc.com\/da\/#website","url":"https:\/\/medicinasinc.com\/da\/","name":"Medicinas Inc","description":"Health Medical Clinic","potentialAction":[{"@type":"SearchAction","target":{"@type":"EntryPoint","urlTemplate":"https:\/\/medicinasinc.com\/da\/?s={search_term_string}"},"query-input":{"@type":"PropertyValueSpecification","valueRequired":true,"valueName":"search_term_string"}}],"inLanguage":"en-US"}]}},"_links":{"self":[{"href":"https:\/\/medicinasinc.com\/da\/wp-json\/wp\/v2\/product\/4940","targetHints":{"allow":["GET"]}}],"collection":[{"href":"https:\/\/medicinasinc.com\/da\/wp-json\/wp\/v2\/product"}],"about":[{"href":"https:\/\/medicinasinc.com\/da\/wp-json\/wp\/v2\/types\/product"}],"replies":[{"embeddable":true,"href":"https:\/\/medicinasinc.com\/da\/wp-json\/wp\/v2\/comments?post=4940"}],"wp:featuredmedia":[{"embeddable":true,"href":"https:\/\/medicinasinc.com\/da\/wp-json\/wp\/v2\/media\/4954"}],"wp:attachment":[{"href":"https:\/\/medicinasinc.com\/da\/wp-json\/wp\/v2\/media?parent=4940"}],"wp:term":[{"taxonomy":"product_brand","embeddable":true,"href":"https:\/\/medicinasinc.com\/da\/wp-json\/wp\/v2\/product_brand?post=4940"},{"taxonomy":"product_cat","embeddable":true,"href":"https:\/\/medicinasinc.com\/da\/wp-json\/wp\/v2\/product_cat?post=4940"},{"taxonomy":"product_tag","embeddable":true,"href":"https:\/\/medicinasinc.com\/da\/wp-json\/wp\/v2\/product_tag?post=4940"}],"curies":[{"name":"wp","href":"https:\/\/api.w.org\/{rel}","templated":true}]}}