{"id":4928,"date":"2022-02-20T17:53:26","date_gmt":"2022-02-20T17:53:26","guid":{"rendered":"https:\/\/medicinasinc.com\/da\/?post_type=product&#038;p=4928"},"modified":"2022-03-20T00:47:54","modified_gmt":"2022-03-20T00:47:54","slug":"kob-cookies-gelato","status":"publish","type":"product","link":"https:\/\/medicinasinc.com\/da\/product\/kob-cookies-gelato\/","title":{"rendered":"K\u00f8b Cookies Gelato"},"content":{"rendered":"<p>Cookies Gelato er afkom af to ber\u00f8mte marihuana-stammer. Hun arvede en sindssyg m\u00e6ngde styrke, en s\u00f8d smag og en utrolig m\u00e6ngde produktivitet. Og Cali Bliss har optimeret hvert af disse elementer. Dette er nu #2, og det er blevet v\u00e6sentligt forbedret. Derudover bruges 25 % THC i stedet for 23 % THC.<\/p>\n<p>Til at begynde med vil vi gerne give en kontekst for avlerne af denne dejlige Cookies Gelato-stamme. Cali Bliss er et relativt nyt avlerteam. Disse er tunge hitters, og det har taget os omkring halvandet \u00e5r at lagerf\u00f8re nogle af deres stammer. Vi har v\u00e6ret s\u00e5 heldige at erhverve tre af dem lige nu. De er viet til autentisk californisk genetik, men med et twist. Visse stammer tager \u00e5r at udvikle sig til det punkt, hvor disse fyre er tilfredse.<\/p>\n<p>&#8220;N\u00e5r du indtager mere cannabis, \u00f8ges din tolerance. For begyndere skal der ikke meget til at blive stenet. Et par pust fra en svag stamme er tilstr\u00e6kkelig. Efter flere \u00e5r kr\u00e6ver erfarne rygere dog st\u00e6rkere marihuana for at opn\u00e5 de samme effekter. En af disse stammer er Cookies Gelato. Hun leverer en monstr\u00f8s THC-dosis, der \u00f8jeblikkeligt transporterer sindet til en \u00e6ndret bevidsthedstilstand og vedligeholder det i timevis.&#8221;<\/p>\n<p>Cookies Gelatos m\u00e6gtige effekter er et resultat af hendes st\u00e6rke for\u00e6ldrestammer Girl Scout Cookies og Gelato. Denne dynamiske duo er dog kendt for mere end deres r\u00e5 styrke. Som deres navne antyder, har de begge s\u00f8de og sukkerholdige terpenprofiler. Cookies Gelato inkarnerer de bedste egenskaber ved begge disse legendariske varianter.<\/p>\n<p>Knopperne p\u00e5 denne fyr er sparsomme og p\u00e5 den lille side (dette er genetisk bestemt \u2013 der er ingen vej udenom). Yderligere fnug og bl\u00f8dhed. Det vil sige, at selve knoppen har mere luftrum. Dette kan resultere i en hurtigere forbr\u00e6nding og en h\u00e5rdere fornemmelse, hvis det ikke tages i betragtning. S\u00f8rg derfor blot for, at den er t\u00e6t pakket for at eliminere ethvert luftrum. N\u00e5r du ruller en joint eller ryger en sk\u00e5l, skal du pakke den t\u00e6t. Dette er stammens natur.<\/p>\n<p>HVAD BETYDER NUMMER TO?<\/p>\n<p>\u2013 Omfattende effekter (mere raffineret)<\/p>\n<p>\u2013 Forbedret smag (mere raffineret terp-profil) <\/p>\n<p>\u2013 \u00d8get THC-indhold (plejede at v\u00e6re 23 procent, nu 25 procent)<\/p>\n<p>\u2013 Derudover bedre helbredelse og trim<\/p>\n<p>EFFEKTER:<\/p>\n<p>Kreativ, glad og euforisk<\/p>\n<p>MEDICIENSK:<\/p>\n<p>Angst, stress og kroniske smerter<\/p>\n<p>THC:<\/p>\n<p>25 % <\/p>\n<div class=\"product-next-previous\">\n<div class=\"product-prev\"><\/div><\/div>\n","protected":false},"excerpt":{"rendered":"<p>K\u00f8b Marihuana Cookies Gelato til salg online. Chem Willie er en Sativa Dominant Hybrid \u2013 70 % Sativa og 30 % Indica. Indica THC: 15 %<\/p>\n","protected":false},"featured_media":4941,"comment_status":"open","ping_status":"closed","template":"","meta":[],"product_brand":[],"product_cat":[778],"product_tag":[805,806,807,808,809,810,803,804],"class_list":{"0":"post-4928","1":"product","2":"type-product","3":"status-publish","4":"has-post-thumbnail","6":"product_cat-ukrudt-til-salg","7":"product_tag-cookies-gelato-blomstring-tid","8":"product_tag-cookies-gelato-grow-dagbog","9":"product_tag-cookies-gelato-yield","10":"product_tag-gelato-smkager-og-flde","11":"product_tag-gelato-cookies-strain-allbud","12":"product_tag-gelato-cookies-stamme-wikileaf","13":"product_tag-cookies-gelato-42","14":"product_tag-cookies-gelato-41","16":"first","17":"instock","18":"shipping-taxable","19":"purchasable","20":"product-type-variable","21":"has-default-attributes"},"yoast_head":"<!-- This site is optimized with the Yoast SEO plugin v27.3 - https:\/\/yoast.com\/product\/yoast-seo-wordpress\/ -->\n<title>K\u00f8b Cookies Gelato - Cookies Gelato til salg - Bedste bedste globale medicin<\/title>\n<meta name=\"description\" content=\"K\u00f8b Cookies Gelato Marihuana til salg online. Chem willie er Sativa Dominant Hybrid \u2013 70 % Sativa \/ 30 % Indica THC: 15 %\" \/>\n<meta name=\"robots\" content=\"index, follow, max-snippet:-1, max-image-preview:large, max-video-preview:-1\" \/>\n<link rel=\"canonical\" href=\"https:\/\/medicinasinc.com\/da\/product\/kob-cookies-gelato\/\" \/>\n<meta property=\"og:locale\" content=\"en_US\" \/>\n<meta property=\"og:type\" content=\"article\" \/>\n<meta property=\"og:title\" content=\"K\u00f8b Cookies Gelato - Cookies Gelato til salg - Bedste bedste globale medicin\" \/>\n<meta property=\"og:description\" content=\"K\u00f8b Cookies Gelato Marihuana til salg online. Chem willie er Sativa Dominant Hybrid \u2013 70 % Sativa \/ 30 % Indica THC: 15 %\" \/>\n<meta property=\"og:url\" content=\"https:\/\/medicinasinc.com\/da\/product\/kob-cookies-gelato\/\" \/>\n<meta property=\"og:site_name\" content=\"Medicinas Inc\" \/>\n<meta property=\"article:modified_time\" content=\"2022-03-20T00:47:54+00:00\" \/>\n<meta property=\"og:image\" content=\"https:\/\/medicinasinc.com\/da\/wp-content\/uploads\/sites\/8\/2022\/02\/Buy-Cookies-Gelato.jpg\" \/>\n\t<meta property=\"og:image:width\" content=\"420\" \/>\n\t<meta property=\"og:image:height\" content=\"630\" \/>\n\t<meta property=\"og:image:type\" content=\"image\/jpeg\" \/>\n<meta name=\"twitter:card\" content=\"summary_large_image\" \/>\n<meta name=\"twitter:label1\" content=\"Est. reading time\" \/>\n\t<meta name=\"twitter:data1\" content=\"2 minutes\" \/>\n<script type=\"application\/ld+json\" class=\"yoast-schema-graph\">{\"@context\":\"https:\\\/\\\/schema.org\",\"@graph\":[{\"@type\":\"WebPage\",\"@id\":\"https:\\\/\\\/medicinasinc.com\\\/da\\\/product\\\/kob-cookies-gelato\\\/\",\"url\":\"https:\\\/\\\/medicinasinc.com\\\/da\\\/product\\\/kob-cookies-gelato\\\/\",\"name\":\"K\u00f8b Cookies Gelato - Cookies Gelato til salg - Bedste bedste globale medicin\",\"isPartOf\":{\"@id\":\"https:\\\/\\\/medicinasinc.com\\\/da\\\/#website\"},\"primaryImageOfPage\":{\"@id\":\"https:\\\/\\\/medicinasinc.com\\\/da\\\/product\\\/kob-cookies-gelato\\\/#primaryimage\"},\"image\":{\"@id\":\"https:\\\/\\\/medicinasinc.com\\\/da\\\/product\\\/kob-cookies-gelato\\\/#primaryimage\"},\"thumbnailUrl\":\"https:\\\/\\\/medicinasinc.com\\\/da\\\/wp-content\\\/uploads\\\/sites\\\/8\\\/2022\\\/02\\\/Buy-Cookies-Gelato.jpg\",\"datePublished\":\"2022-02-20T17:53:26+00:00\",\"dateModified\":\"2022-03-20T00:47:54+00:00\",\"description\":\"K\u00f8b Cookies Gelato Marihuana til salg online. Chem willie er Sativa Dominant Hybrid \u2013 70 % Sativa \\\/ 30 % Indica THC: 15 %\",\"breadcrumb\":{\"@id\":\"https:\\\/\\\/medicinasinc.com\\\/da\\\/product\\\/kob-cookies-gelato\\\/#breadcrumb\"},\"inLanguage\":\"en-US\",\"potentialAction\":[{\"@type\":\"ReadAction\",\"target\":[\"https:\\\/\\\/medicinasinc.com\\\/da\\\/product\\\/kob-cookies-gelato\\\/\"]}]},{\"@type\":\"ImageObject\",\"inLanguage\":\"en-US\",\"@id\":\"https:\\\/\\\/medicinasinc.com\\\/da\\\/product\\\/kob-cookies-gelato\\\/#primaryimage\",\"url\":\"https:\\\/\\\/medicinasinc.com\\\/da\\\/wp-content\\\/uploads\\\/sites\\\/8\\\/2022\\\/02\\\/Buy-Cookies-Gelato.jpg\",\"contentUrl\":\"https:\\\/\\\/medicinasinc.com\\\/da\\\/wp-content\\\/uploads\\\/sites\\\/8\\\/2022\\\/02\\\/Buy-Cookies-Gelato.jpg\",\"width\":420,\"height\":630},{\"@type\":\"BreadcrumbList\",\"@id\":\"https:\\\/\\\/medicinasinc.com\\\/da\\\/product\\\/kob-cookies-gelato\\\/#breadcrumb\",\"itemListElement\":[{\"@type\":\"ListItem\",\"position\":1,\"name\":\"Butik\",\"item\":\"https:\\\/\\\/medicinasinc.com\\\/da\\\/butik\\\/\"},{\"@type\":\"ListItem\",\"position\":2,\"name\":\"K\u00f8b Cookies Gelato\"}]},{\"@type\":\"WebSite\",\"@id\":\"https:\\\/\\\/medicinasinc.com\\\/da\\\/#website\",\"url\":\"https:\\\/\\\/medicinasinc.com\\\/da\\\/\",\"name\":\"Medicinas Inc\",\"description\":\"Health Medical Clinic\",\"potentialAction\":[{\"@type\":\"SearchAction\",\"target\":{\"@type\":\"EntryPoint\",\"urlTemplate\":\"https:\\\/\\\/medicinasinc.com\\\/da\\\/?s={search_term_string}\"},\"query-input\":{\"@type\":\"PropertyValueSpecification\",\"valueRequired\":true,\"valueName\":\"search_term_string\"}}],\"inLanguage\":\"en-US\"}]}<\/script>\n<!-- \/ Yoast SEO plugin. -->","yoast_head_json":{"title":"K\u00f8b Cookies Gelato - Cookies Gelato til salg - Bedste bedste globale medicin","description":"K\u00f8b Cookies Gelato Marihuana til salg online. Chem willie er Sativa Dominant Hybrid \u2013 70 % Sativa \/ 30 % Indica THC: 15 %","robots":{"index":"index","follow":"follow","max-snippet":"max-snippet:-1","max-image-preview":"max-image-preview:large","max-video-preview":"max-video-preview:-1"},"canonical":"https:\/\/medicinasinc.com\/da\/product\/kob-cookies-gelato\/","og_locale":"en_US","og_type":"article","og_title":"K\u00f8b Cookies Gelato - Cookies Gelato til salg - Bedste bedste globale medicin","og_description":"K\u00f8b Cookies Gelato Marihuana til salg online. Chem willie er Sativa Dominant Hybrid \u2013 70 % Sativa \/ 30 % Indica THC: 15 %","og_url":"https:\/\/medicinasinc.com\/da\/product\/kob-cookies-gelato\/","og_site_name":"Medicinas Inc","article_modified_time":"2022-03-20T00:47:54+00:00","og_image":[{"width":420,"height":630,"url":"https:\/\/medicinasinc.com\/da\/wp-content\/uploads\/sites\/8\/2022\/02\/Buy-Cookies-Gelato.jpg","type":"image\/jpeg"}],"twitter_card":"summary_large_image","twitter_misc":{"Est. reading time":"2 minutes"},"schema":{"@context":"https:\/\/schema.org","@graph":[{"@type":"WebPage","@id":"https:\/\/medicinasinc.com\/da\/product\/kob-cookies-gelato\/","url":"https:\/\/medicinasinc.com\/da\/product\/kob-cookies-gelato\/","name":"K\u00f8b Cookies Gelato - Cookies Gelato til salg - Bedste bedste globale medicin","isPartOf":{"@id":"https:\/\/medicinasinc.com\/da\/#website"},"primaryImageOfPage":{"@id":"https:\/\/medicinasinc.com\/da\/product\/kob-cookies-gelato\/#primaryimage"},"image":{"@id":"https:\/\/medicinasinc.com\/da\/product\/kob-cookies-gelato\/#primaryimage"},"thumbnailUrl":"https:\/\/medicinasinc.com\/da\/wp-content\/uploads\/sites\/8\/2022\/02\/Buy-Cookies-Gelato.jpg","datePublished":"2022-02-20T17:53:26+00:00","dateModified":"2022-03-20T00:47:54+00:00","description":"K\u00f8b Cookies Gelato Marihuana til salg online. Chem willie er Sativa Dominant Hybrid \u2013 70 % Sativa \/ 30 % Indica THC: 15 %","breadcrumb":{"@id":"https:\/\/medicinasinc.com\/da\/product\/kob-cookies-gelato\/#breadcrumb"},"inLanguage":"en-US","potentialAction":[{"@type":"ReadAction","target":["https:\/\/medicinasinc.com\/da\/product\/kob-cookies-gelato\/"]}]},{"@type":"ImageObject","inLanguage":"en-US","@id":"https:\/\/medicinasinc.com\/da\/product\/kob-cookies-gelato\/#primaryimage","url":"https:\/\/medicinasinc.com\/da\/wp-content\/uploads\/sites\/8\/2022\/02\/Buy-Cookies-Gelato.jpg","contentUrl":"https:\/\/medicinasinc.com\/da\/wp-content\/uploads\/sites\/8\/2022\/02\/Buy-Cookies-Gelato.jpg","width":420,"height":630},{"@type":"BreadcrumbList","@id":"https:\/\/medicinasinc.com\/da\/product\/kob-cookies-gelato\/#breadcrumb","itemListElement":[{"@type":"ListItem","position":1,"name":"Butik","item":"https:\/\/medicinasinc.com\/da\/butik\/"},{"@type":"ListItem","position":2,"name":"K\u00f8b Cookies Gelato"}]},{"@type":"WebSite","@id":"https:\/\/medicinasinc.com\/da\/#website","url":"https:\/\/medicinasinc.com\/da\/","name":"Medicinas Inc","description":"Health Medical Clinic","potentialAction":[{"@type":"SearchAction","target":{"@type":"EntryPoint","urlTemplate":"https:\/\/medicinasinc.com\/da\/?s={search_term_string}"},"query-input":{"@type":"PropertyValueSpecification","valueRequired":true,"valueName":"search_term_string"}}],"inLanguage":"en-US"}]}},"_links":{"self":[{"href":"https:\/\/medicinasinc.com\/da\/wp-json\/wp\/v2\/product\/4928","targetHints":{"allow":["GET"]}}],"collection":[{"href":"https:\/\/medicinasinc.com\/da\/wp-json\/wp\/v2\/product"}],"about":[{"href":"https:\/\/medicinasinc.com\/da\/wp-json\/wp\/v2\/types\/product"}],"replies":[{"embeddable":true,"href":"https:\/\/medicinasinc.com\/da\/wp-json\/wp\/v2\/comments?post=4928"}],"wp:featuredmedia":[{"embeddable":true,"href":"https:\/\/medicinasinc.com\/da\/wp-json\/wp\/v2\/media\/4941"}],"wp:attachment":[{"href":"https:\/\/medicinasinc.com\/da\/wp-json\/wp\/v2\/media?parent=4928"}],"wp:term":[{"taxonomy":"product_brand","embeddable":true,"href":"https:\/\/medicinasinc.com\/da\/wp-json\/wp\/v2\/product_brand?post=4928"},{"taxonomy":"product_cat","embeddable":true,"href":"https:\/\/medicinasinc.com\/da\/wp-json\/wp\/v2\/product_cat?post=4928"},{"taxonomy":"product_tag","embeddable":true,"href":"https:\/\/medicinasinc.com\/da\/wp-json\/wp\/v2\/product_tag?post=4928"}],"curies":[{"name":"wp","href":"https:\/\/api.w.org\/{rel}","templated":true}]}}