{"id":4908,"date":"2022-02-20T17:37:57","date_gmt":"2022-02-20T17:37:57","guid":{"rendered":"https:\/\/medicinasinc.com\/da\/?post_type=product&#038;p=4908"},"modified":"2022-03-20T00:48:29","modified_gmt":"2022-03-20T00:48:29","slug":"kob-tredobbelt-g-stamme","status":"publish","type":"product","link":"https:\/\/medicinasinc.com\/da\/product\/kob-tredobbelt-g-stamme\/","title":{"rendered":"K\u00f8b Triple G Strain"},"content":{"rendered":"<p>Med hensyn til denne hybridstamme<\/p>\n<p>Triple G, ogs\u00e5 kendt som Ghost OG, producerer knopper, der er duftende, tropiske, men lidt skunkede med friske, jordagtige undertoner. P\u00e5 grund af dens indica-dominans kan nogle knopper udvise dybe og lokkende lilla nuancer. N\u00e5r den r\u00f8ges eller fordampes, h\u00e6lder smagen til en s\u00f8d, men limeagtig smag.<\/p>\n<p>THC-niveauer ligger typisk mellem lavt og midten af \u200b\u200btyverne, og mange anmeldere fryder sig over denne stammes potentiale for sl\u00f8vende smerter forbundet med en sort af tilstande og symptomer, inklusive ubehag i rygmarven.<\/p>\n<p>Derudover har fans af Triple G udtalt, at det er en fremragende belastning til at berolige nerver, lindre psykologisk stress og tillade sindet at hvile fra angrebet af tanker, der hold os v\u00e5gne om natten.<\/p>\n<p>Denne indica-dominerende stamme kan fremkalde sult eller sedation, s\u00e5 hav nogle sunde snacks ved h\u00e5nden og et behageligt sted at slappe af eller sove i n\u00e6rheden.<\/p>\n<p>K\u00f8b bl\u00e5 Dream Sativa AA med gratis forsendelse til ethvert sted i CEurope. BudStars er verdens #1 bed\u00f8mte online marihuanabutik. Modtag betydelige rabatter p\u00e5 dit f\u00f8rste k\u00f8b.<\/p>\n<p>Blue Dream Sativa-stamme kan k\u00f8bes online.<\/p>\n<p>Du kan k\u00f8be marihuana online med eller uden et medicinsk marihuana-kort. Marihuana via postordre.<\/p>\n","protected":false},"excerpt":{"rendered":"<p>K\u00f8b Triple G-stamme til salg er en hybrid og en krydsning mellem to legendariske stammer i cannabissamfundet: Gorilla Glue og Gelato.<\/p>\n<table>\n<caption>Cannabinoid Lab Data<\/caption>\n<thead>\n<tr>\n<th>Cannabinoid<\/th>\n<th>M\u00e6ngde<\/th>\n<\/tr>\n<\/thead>\n<tbody>\n<tr>\n<td>THC:<\/td>\n<td>21,69%<\/td>\n<\/tr>\n<tr>\n<td>\u03949-THC:<\/td>\n<td>1,04 %<\/td>\n<\/tr>\n<tr>\n<td>THC-A:<\/td>\n<td>23,54 % <\/td>\n<\/tr>\n<\/tbody>\n<\/table>\n<p>&nbsp;<\/p>\n<table>\n<caption>Terpen Lab Data<\/caption>\n<thead>\n<tr>\n<th>Terpene<\/caption>\n<p> th&gt; <\/p>\n<th>M\u00e6ngde<\/th>\n<\/tr>\n<\/thead>\n<tbody>\n<tr>\n<td>Limonen:<\/td>\n<td>0,68 %<\/td>\n<\/tr>\n<tr>\n<td>Beta Caryophyllene:<\/td>\n<td>0,27%<\/td>\n<\/tr>\n<tr>\n<td>Beta Myrcene:<\/td>\n<td>0,22%<\/td>\n<\/tr>\n<\/tbody>\n<\/table>\n","protected":false},"featured_media":4922,"comment_status":"open","ping_status":"closed","template":"","meta":[],"product_brand":[],"product_cat":[778],"product_tag":[787,788,789,793,790,791,792,794],"class_list":{"0":"post-4908","1":"product","2":"type-product","3":"status-publish","4":"has-post-thumbnail","6":"product_cat-ukrudt-til-salg","7":"product_tag-ggg-stamme","8":"product_tag-hulkberry-stamme","9":"product_tag-la-patron-stamme-blad","10":"product_tag-tredobbelt-g-stamme-blad","11":"product_tag-triple-g-grow-dagbog","12":"product_tag-triple-g-strain-allbud","13":"product_tag-triple-g-stamme-blomstringstid","14":"product_tag-triple-g-strain-nr-mig","16":"first","17":"instock","18":"shipping-taxable","19":"purchasable","20":"product-type-variable","21":"has-default-attributes"},"yoast_head":"<!-- This site is optimized with the Yoast SEO plugin v27.3 - https:\/\/yoast.com\/product\/yoast-seo-wordpress\/ -->\n<title>K\u00f8b Triple G Strain - Bedste bedste globale medicin<\/title>\n<meta name=\"description\" content=\"K\u00f8b Triple G-stamme til salg er en hybrid og en krydsning mellem to kraftfulde stammer, der er blevet kendte navne i cannabissamfundet: Gorilla Glue og Gelato.\" \/>\n<meta name=\"robots\" content=\"index, follow, max-snippet:-1, max-image-preview:large, max-video-preview:-1\" \/>\n<link rel=\"canonical\" href=\"https:\/\/medicinasinc.com\/da\/product\/kob-tredobbelt-g-stamme\/\" \/>\n<meta property=\"og:locale\" content=\"en_US\" \/>\n<meta property=\"og:type\" content=\"article\" \/>\n<meta property=\"og:title\" content=\"K\u00f8b Triple G Strain - Bedste bedste globale medicin\" \/>\n<meta property=\"og:description\" content=\"K\u00f8b Triple G-stamme til salg er en hybrid og en krydsning mellem to kraftfulde stammer, der er blevet kendte navne i cannabissamfundet: Gorilla Glue og Gelato.\" \/>\n<meta property=\"og:url\" content=\"https:\/\/medicinasinc.com\/da\/product\/kob-tredobbelt-g-stamme\/\" \/>\n<meta property=\"og:site_name\" content=\"Medicinas Inc\" \/>\n<meta property=\"article:modified_time\" content=\"2022-03-20T00:48:29+00:00\" \/>\n<meta property=\"og:image\" content=\"https:\/\/medicinasinc.com\/da\/wp-content\/uploads\/sites\/8\/2022\/02\/Buy-Triple-G-Strain-1.jpg\" \/>\n\t<meta property=\"og:image:width\" content=\"800\" \/>\n\t<meta property=\"og:image:height\" content=\"800\" \/>\n\t<meta property=\"og:image:type\" content=\"image\/jpeg\" \/>\n<meta name=\"twitter:card\" content=\"summary_large_image\" \/>\n<meta name=\"twitter:label1\" content=\"Est. reading time\" \/>\n\t<meta name=\"twitter:data1\" content=\"1 minute\" \/>\n<script type=\"application\/ld+json\" class=\"yoast-schema-graph\">{\"@context\":\"https:\\\/\\\/schema.org\",\"@graph\":[{\"@type\":\"WebPage\",\"@id\":\"https:\\\/\\\/medicinasinc.com\\\/da\\\/product\\\/kob-tredobbelt-g-stamme\\\/\",\"url\":\"https:\\\/\\\/medicinasinc.com\\\/da\\\/product\\\/kob-tredobbelt-g-stamme\\\/\",\"name\":\"K\u00f8b Triple G Strain - Bedste bedste globale medicin\",\"isPartOf\":{\"@id\":\"https:\\\/\\\/medicinasinc.com\\\/da\\\/#website\"},\"primaryImageOfPage\":{\"@id\":\"https:\\\/\\\/medicinasinc.com\\\/da\\\/product\\\/kob-tredobbelt-g-stamme\\\/#primaryimage\"},\"image\":{\"@id\":\"https:\\\/\\\/medicinasinc.com\\\/da\\\/product\\\/kob-tredobbelt-g-stamme\\\/#primaryimage\"},\"thumbnailUrl\":\"https:\\\/\\\/medicinasinc.com\\\/da\\\/wp-content\\\/uploads\\\/sites\\\/8\\\/2022\\\/02\\\/Buy-Triple-G-Strain-1.jpg\",\"datePublished\":\"2022-02-20T17:37:57+00:00\",\"dateModified\":\"2022-03-20T00:48:29+00:00\",\"description\":\"K\u00f8b Triple G-stamme til salg er en hybrid og en krydsning mellem to kraftfulde stammer, der er blevet kendte navne i cannabissamfundet: Gorilla Glue og Gelato.\",\"breadcrumb\":{\"@id\":\"https:\\\/\\\/medicinasinc.com\\\/da\\\/product\\\/kob-tredobbelt-g-stamme\\\/#breadcrumb\"},\"inLanguage\":\"en-US\",\"potentialAction\":[{\"@type\":\"ReadAction\",\"target\":[\"https:\\\/\\\/medicinasinc.com\\\/da\\\/product\\\/kob-tredobbelt-g-stamme\\\/\"]}]},{\"@type\":\"ImageObject\",\"inLanguage\":\"en-US\",\"@id\":\"https:\\\/\\\/medicinasinc.com\\\/da\\\/product\\\/kob-tredobbelt-g-stamme\\\/#primaryimage\",\"url\":\"https:\\\/\\\/medicinasinc.com\\\/da\\\/wp-content\\\/uploads\\\/sites\\\/8\\\/2022\\\/02\\\/Buy-Triple-G-Strain-1.jpg\",\"contentUrl\":\"https:\\\/\\\/medicinasinc.com\\\/da\\\/wp-content\\\/uploads\\\/sites\\\/8\\\/2022\\\/02\\\/Buy-Triple-G-Strain-1.jpg\",\"width\":800,\"height\":800},{\"@type\":\"BreadcrumbList\",\"@id\":\"https:\\\/\\\/medicinasinc.com\\\/da\\\/product\\\/kob-tredobbelt-g-stamme\\\/#breadcrumb\",\"itemListElement\":[{\"@type\":\"ListItem\",\"position\":1,\"name\":\"Butik\",\"item\":\"https:\\\/\\\/medicinasinc.com\\\/da\\\/butik\\\/\"},{\"@type\":\"ListItem\",\"position\":2,\"name\":\"K\u00f8b Triple G Strain\"}]},{\"@type\":\"WebSite\",\"@id\":\"https:\\\/\\\/medicinasinc.com\\\/da\\\/#website\",\"url\":\"https:\\\/\\\/medicinasinc.com\\\/da\\\/\",\"name\":\"Medicinas Inc\",\"description\":\"Health Medical Clinic\",\"potentialAction\":[{\"@type\":\"SearchAction\",\"target\":{\"@type\":\"EntryPoint\",\"urlTemplate\":\"https:\\\/\\\/medicinasinc.com\\\/da\\\/?s={search_term_string}\"},\"query-input\":{\"@type\":\"PropertyValueSpecification\",\"valueRequired\":true,\"valueName\":\"search_term_string\"}}],\"inLanguage\":\"en-US\"}]}<\/script>\n<!-- \/ Yoast SEO plugin. -->","yoast_head_json":{"title":"K\u00f8b Triple G Strain - Bedste bedste globale medicin","description":"K\u00f8b Triple G-stamme til salg er en hybrid og en krydsning mellem to kraftfulde stammer, der er blevet kendte navne i cannabissamfundet: Gorilla Glue og Gelato.","robots":{"index":"index","follow":"follow","max-snippet":"max-snippet:-1","max-image-preview":"max-image-preview:large","max-video-preview":"max-video-preview:-1"},"canonical":"https:\/\/medicinasinc.com\/da\/product\/kob-tredobbelt-g-stamme\/","og_locale":"en_US","og_type":"article","og_title":"K\u00f8b Triple G Strain - Bedste bedste globale medicin","og_description":"K\u00f8b Triple G-stamme til salg er en hybrid og en krydsning mellem to kraftfulde stammer, der er blevet kendte navne i cannabissamfundet: Gorilla Glue og Gelato.","og_url":"https:\/\/medicinasinc.com\/da\/product\/kob-tredobbelt-g-stamme\/","og_site_name":"Medicinas Inc","article_modified_time":"2022-03-20T00:48:29+00:00","og_image":[{"width":800,"height":800,"url":"https:\/\/medicinasinc.com\/da\/wp-content\/uploads\/sites\/8\/2022\/02\/Buy-Triple-G-Strain-1.jpg","type":"image\/jpeg"}],"twitter_card":"summary_large_image","twitter_misc":{"Est. reading time":"1 minute"},"schema":{"@context":"https:\/\/schema.org","@graph":[{"@type":"WebPage","@id":"https:\/\/medicinasinc.com\/da\/product\/kob-tredobbelt-g-stamme\/","url":"https:\/\/medicinasinc.com\/da\/product\/kob-tredobbelt-g-stamme\/","name":"K\u00f8b Triple G Strain - Bedste bedste globale medicin","isPartOf":{"@id":"https:\/\/medicinasinc.com\/da\/#website"},"primaryImageOfPage":{"@id":"https:\/\/medicinasinc.com\/da\/product\/kob-tredobbelt-g-stamme\/#primaryimage"},"image":{"@id":"https:\/\/medicinasinc.com\/da\/product\/kob-tredobbelt-g-stamme\/#primaryimage"},"thumbnailUrl":"https:\/\/medicinasinc.com\/da\/wp-content\/uploads\/sites\/8\/2022\/02\/Buy-Triple-G-Strain-1.jpg","datePublished":"2022-02-20T17:37:57+00:00","dateModified":"2022-03-20T00:48:29+00:00","description":"K\u00f8b Triple G-stamme til salg er en hybrid og en krydsning mellem to kraftfulde stammer, der er blevet kendte navne i cannabissamfundet: Gorilla Glue og Gelato.","breadcrumb":{"@id":"https:\/\/medicinasinc.com\/da\/product\/kob-tredobbelt-g-stamme\/#breadcrumb"},"inLanguage":"en-US","potentialAction":[{"@type":"ReadAction","target":["https:\/\/medicinasinc.com\/da\/product\/kob-tredobbelt-g-stamme\/"]}]},{"@type":"ImageObject","inLanguage":"en-US","@id":"https:\/\/medicinasinc.com\/da\/product\/kob-tredobbelt-g-stamme\/#primaryimage","url":"https:\/\/medicinasinc.com\/da\/wp-content\/uploads\/sites\/8\/2022\/02\/Buy-Triple-G-Strain-1.jpg","contentUrl":"https:\/\/medicinasinc.com\/da\/wp-content\/uploads\/sites\/8\/2022\/02\/Buy-Triple-G-Strain-1.jpg","width":800,"height":800},{"@type":"BreadcrumbList","@id":"https:\/\/medicinasinc.com\/da\/product\/kob-tredobbelt-g-stamme\/#breadcrumb","itemListElement":[{"@type":"ListItem","position":1,"name":"Butik","item":"https:\/\/medicinasinc.com\/da\/butik\/"},{"@type":"ListItem","position":2,"name":"K\u00f8b Triple G Strain"}]},{"@type":"WebSite","@id":"https:\/\/medicinasinc.com\/da\/#website","url":"https:\/\/medicinasinc.com\/da\/","name":"Medicinas Inc","description":"Health Medical Clinic","potentialAction":[{"@type":"SearchAction","target":{"@type":"EntryPoint","urlTemplate":"https:\/\/medicinasinc.com\/da\/?s={search_term_string}"},"query-input":{"@type":"PropertyValueSpecification","valueRequired":true,"valueName":"search_term_string"}}],"inLanguage":"en-US"}]}},"_links":{"self":[{"href":"https:\/\/medicinasinc.com\/da\/wp-json\/wp\/v2\/product\/4908","targetHints":{"allow":["GET"]}}],"collection":[{"href":"https:\/\/medicinasinc.com\/da\/wp-json\/wp\/v2\/product"}],"about":[{"href":"https:\/\/medicinasinc.com\/da\/wp-json\/wp\/v2\/types\/product"}],"replies":[{"embeddable":true,"href":"https:\/\/medicinasinc.com\/da\/wp-json\/wp\/v2\/comments?post=4908"}],"wp:featuredmedia":[{"embeddable":true,"href":"https:\/\/medicinasinc.com\/da\/wp-json\/wp\/v2\/media\/4922"}],"wp:attachment":[{"href":"https:\/\/medicinasinc.com\/da\/wp-json\/wp\/v2\/media?parent=4908"}],"wp:term":[{"taxonomy":"product_brand","embeddable":true,"href":"https:\/\/medicinasinc.com\/da\/wp-json\/wp\/v2\/product_brand?post=4908"},{"taxonomy":"product_cat","embeddable":true,"href":"https:\/\/medicinasinc.com\/da\/wp-json\/wp\/v2\/product_cat?post=4908"},{"taxonomy":"product_tag","embeddable":true,"href":"https:\/\/medicinasinc.com\/da\/wp-json\/wp\/v2\/product_tag?post=4908"}],"curies":[{"name":"wp","href":"https:\/\/api.w.org\/{rel}","templated":true}]}}