{"id":4895,"date":"2022-02-20T17:27:17","date_gmt":"2022-02-20T17:27:17","guid":{"rendered":"https:\/\/medicinasinc.com\/da\/?post_type=product&#038;p=4895"},"modified":"2022-03-20T00:48:48","modified_gmt":"2022-03-20T00:48:48","slug":"kob-ak-47-marihuana","status":"publish","type":"product","link":"https:\/\/medicinasinc.com\/da\/product\/kob-ak-47-marihuana\/","title":{"rendered":"K\u00f8b AK-47 Marihuana"},"content":{"rendered":"<p><strong>K\u00f8b AK-47 Marijuana Sativa-stamme online.<\/strong><\/p>\n<p><strong>K\u00f8b online af AK-47 Marijuana Sativa-stamme.<\/strong><\/p>\n<p> AK-47 Marihuana er en Sativa Dominant Hybrid \u2013 65% Sativa og 35% Indica. Indica<br \/> THC-indhold varierer mellem 13% og 20%, CBD-indhold er 1%, og CBN-indhold er 1%.<\/p>\n<p>Kreative, energigivende, euforiske og glade smage kan lindre bipolar lidelse, kronisk Smerter, depression, hovedpine, s\u00f8vnl\u00f8shed, appetitl\u00f8shed, migr\u00e6ne, PTSD og stress<br \/> Aromaer af skunk, s\u00f8dme og tr\u00e6<br \/> Skarp, skunky, sur og krydret<\/p>\n","protected":false},"excerpt":{"rendered":"<p>K\u00f8b AK-47 Marijuana Sativa-stamme til salg online i Storbritannien og Europa. K\u00d8B WEED ONLINE AUSTRALIEN<\/p>\n<p>&nbsp;<\/p>\n","protected":false},"featured_media":4909,"comment_status":"open","ping_status":"closed","template":"","meta":[],"product_brand":[],"product_cat":[778],"product_tag":[780,779,781,782,784,783,785,786],"class_list":{"0":"post-4895","1":"product","2":"type-product","3":"status-publish","4":"has-post-thumbnail","6":"product_cat-ukrudt-til-salg","7":"product_tag-ak-47-fr-feminiseret-uk","8":"product_tag-ak-47-runtz-stamme","9":"product_tag-ak-47-stamme-effekter","10":"product_tag-ak-47-strain-for-angst","11":"product_tag-ak-47-stamme-lugt","12":"product_tag-ak-47-stamme-pris","13":"product_tag-kirsebr-ak-47-fr","14":"product_tag-seris-fr-ak-47-anmeldelse","16":"first","17":"instock","18":"shipping-taxable","19":"purchasable","20":"product-type-variable","21":"has-default-attributes"},"yoast_head":"<!-- This site is optimized with the Yoast SEO plugin v27.3 - https:\/\/yoast.com\/product\/yoast-seo-wordpress\/ -->\n<title>K\u00f8b AK-47 Marihuana - Bes Best Global Meds<\/title>\n<meta name=\"description\" content=\"K\u00f8b AK-47 Marihuana Sativa stamme til salg online UK, Europa. K\u00d8B WEED ONLINE AUSTRALIEN k\u00f8b marihuana online Australien, Australien weed til salg.\" \/>\n<meta name=\"robots\" content=\"index, follow, max-snippet:-1, max-image-preview:large, max-video-preview:-1\" \/>\n<link rel=\"canonical\" href=\"https:\/\/medicinasinc.com\/da\/product\/kob-ak-47-marihuana\/\" \/>\n<meta property=\"og:locale\" content=\"en_US\" \/>\n<meta property=\"og:type\" content=\"article\" \/>\n<meta property=\"og:title\" content=\"K\u00f8b AK-47 Marihuana - Bes Best Global Meds\" \/>\n<meta property=\"og:description\" content=\"K\u00f8b AK-47 Marihuana Sativa stamme til salg online UK, Europa. K\u00d8B WEED ONLINE AUSTRALIEN k\u00f8b marihuana online Australien, Australien weed til salg.\" \/>\n<meta property=\"og:url\" content=\"https:\/\/medicinasinc.com\/da\/product\/kob-ak-47-marihuana\/\" \/>\n<meta property=\"og:site_name\" content=\"Medicinas Inc\" \/>\n<meta property=\"article:modified_time\" content=\"2022-03-20T00:48:48+00:00\" \/>\n<meta property=\"og:image\" content=\"https:\/\/medicinasinc.com\/da\/wp-content\/uploads\/sites\/8\/2022\/02\/Buy-AK-47-Marijuana.jpeg\" \/>\n\t<meta property=\"og:image:width\" content=\"1242\" \/>\n\t<meta property=\"og:image:height\" content=\"1051\" \/>\n\t<meta property=\"og:image:type\" content=\"image\/jpeg\" \/>\n<meta name=\"twitter:card\" content=\"summary_large_image\" \/>\n<meta name=\"twitter:label1\" content=\"Est. reading time\" \/>\n\t<meta name=\"twitter:data1\" content=\"1 minute\" \/>\n<script type=\"application\/ld+json\" class=\"yoast-schema-graph\">{\"@context\":\"https:\\\/\\\/schema.org\",\"@graph\":[{\"@type\":\"WebPage\",\"@id\":\"https:\\\/\\\/medicinasinc.com\\\/da\\\/product\\\/kob-ak-47-marihuana\\\/\",\"url\":\"https:\\\/\\\/medicinasinc.com\\\/da\\\/product\\\/kob-ak-47-marihuana\\\/\",\"name\":\"K\u00f8b AK-47 Marihuana - Bes Best Global Meds\",\"isPartOf\":{\"@id\":\"https:\\\/\\\/medicinasinc.com\\\/da\\\/#website\"},\"primaryImageOfPage\":{\"@id\":\"https:\\\/\\\/medicinasinc.com\\\/da\\\/product\\\/kob-ak-47-marihuana\\\/#primaryimage\"},\"image\":{\"@id\":\"https:\\\/\\\/medicinasinc.com\\\/da\\\/product\\\/kob-ak-47-marihuana\\\/#primaryimage\"},\"thumbnailUrl\":\"https:\\\/\\\/medicinasinc.com\\\/da\\\/wp-content\\\/uploads\\\/sites\\\/8\\\/2022\\\/02\\\/Buy-AK-47-Marijuana.jpeg\",\"datePublished\":\"2022-02-20T17:27:17+00:00\",\"dateModified\":\"2022-03-20T00:48:48+00:00\",\"description\":\"K\u00f8b AK-47 Marihuana Sativa stamme til salg online UK, Europa. K\u00d8B WEED ONLINE AUSTRALIEN k\u00f8b marihuana online Australien, Australien weed til salg.\",\"breadcrumb\":{\"@id\":\"https:\\\/\\\/medicinasinc.com\\\/da\\\/product\\\/kob-ak-47-marihuana\\\/#breadcrumb\"},\"inLanguage\":\"en-US\",\"potentialAction\":[{\"@type\":\"ReadAction\",\"target\":[\"https:\\\/\\\/medicinasinc.com\\\/da\\\/product\\\/kob-ak-47-marihuana\\\/\"]}]},{\"@type\":\"ImageObject\",\"inLanguage\":\"en-US\",\"@id\":\"https:\\\/\\\/medicinasinc.com\\\/da\\\/product\\\/kob-ak-47-marihuana\\\/#primaryimage\",\"url\":\"https:\\\/\\\/medicinasinc.com\\\/da\\\/wp-content\\\/uploads\\\/sites\\\/8\\\/2022\\\/02\\\/Buy-AK-47-Marijuana.jpeg\",\"contentUrl\":\"https:\\\/\\\/medicinasinc.com\\\/da\\\/wp-content\\\/uploads\\\/sites\\\/8\\\/2022\\\/02\\\/Buy-AK-47-Marijuana.jpeg\",\"width\":1242,\"height\":1051},{\"@type\":\"BreadcrumbList\",\"@id\":\"https:\\\/\\\/medicinasinc.com\\\/da\\\/product\\\/kob-ak-47-marihuana\\\/#breadcrumb\",\"itemListElement\":[{\"@type\":\"ListItem\",\"position\":1,\"name\":\"Butik\",\"item\":\"https:\\\/\\\/medicinasinc.com\\\/da\\\/butik\\\/\"},{\"@type\":\"ListItem\",\"position\":2,\"name\":\"K\u00f8b AK-47 Marihuana\"}]},{\"@type\":\"WebSite\",\"@id\":\"https:\\\/\\\/medicinasinc.com\\\/da\\\/#website\",\"url\":\"https:\\\/\\\/medicinasinc.com\\\/da\\\/\",\"name\":\"Medicinas Inc\",\"description\":\"Health Medical Clinic\",\"potentialAction\":[{\"@type\":\"SearchAction\",\"target\":{\"@type\":\"EntryPoint\",\"urlTemplate\":\"https:\\\/\\\/medicinasinc.com\\\/da\\\/?s={search_term_string}\"},\"query-input\":{\"@type\":\"PropertyValueSpecification\",\"valueRequired\":true,\"valueName\":\"search_term_string\"}}],\"inLanguage\":\"en-US\"}]}<\/script>\n<!-- \/ Yoast SEO plugin. -->","yoast_head_json":{"title":"K\u00f8b AK-47 Marihuana - Bes Best Global Meds","description":"K\u00f8b AK-47 Marihuana Sativa stamme til salg online UK, Europa. K\u00d8B WEED ONLINE AUSTRALIEN k\u00f8b marihuana online Australien, Australien weed til salg.","robots":{"index":"index","follow":"follow","max-snippet":"max-snippet:-1","max-image-preview":"max-image-preview:large","max-video-preview":"max-video-preview:-1"},"canonical":"https:\/\/medicinasinc.com\/da\/product\/kob-ak-47-marihuana\/","og_locale":"en_US","og_type":"article","og_title":"K\u00f8b AK-47 Marihuana - Bes Best Global Meds","og_description":"K\u00f8b AK-47 Marihuana Sativa stamme til salg online UK, Europa. K\u00d8B WEED ONLINE AUSTRALIEN k\u00f8b marihuana online Australien, Australien weed til salg.","og_url":"https:\/\/medicinasinc.com\/da\/product\/kob-ak-47-marihuana\/","og_site_name":"Medicinas Inc","article_modified_time":"2022-03-20T00:48:48+00:00","og_image":[{"width":1242,"height":1051,"url":"https:\/\/medicinasinc.com\/da\/wp-content\/uploads\/sites\/8\/2022\/02\/Buy-AK-47-Marijuana.jpeg","type":"image\/jpeg"}],"twitter_card":"summary_large_image","twitter_misc":{"Est. reading time":"1 minute"},"schema":{"@context":"https:\/\/schema.org","@graph":[{"@type":"WebPage","@id":"https:\/\/medicinasinc.com\/da\/product\/kob-ak-47-marihuana\/","url":"https:\/\/medicinasinc.com\/da\/product\/kob-ak-47-marihuana\/","name":"K\u00f8b AK-47 Marihuana - Bes Best Global Meds","isPartOf":{"@id":"https:\/\/medicinasinc.com\/da\/#website"},"primaryImageOfPage":{"@id":"https:\/\/medicinasinc.com\/da\/product\/kob-ak-47-marihuana\/#primaryimage"},"image":{"@id":"https:\/\/medicinasinc.com\/da\/product\/kob-ak-47-marihuana\/#primaryimage"},"thumbnailUrl":"https:\/\/medicinasinc.com\/da\/wp-content\/uploads\/sites\/8\/2022\/02\/Buy-AK-47-Marijuana.jpeg","datePublished":"2022-02-20T17:27:17+00:00","dateModified":"2022-03-20T00:48:48+00:00","description":"K\u00f8b AK-47 Marihuana Sativa stamme til salg online UK, Europa. K\u00d8B WEED ONLINE AUSTRALIEN k\u00f8b marihuana online Australien, Australien weed til salg.","breadcrumb":{"@id":"https:\/\/medicinasinc.com\/da\/product\/kob-ak-47-marihuana\/#breadcrumb"},"inLanguage":"en-US","potentialAction":[{"@type":"ReadAction","target":["https:\/\/medicinasinc.com\/da\/product\/kob-ak-47-marihuana\/"]}]},{"@type":"ImageObject","inLanguage":"en-US","@id":"https:\/\/medicinasinc.com\/da\/product\/kob-ak-47-marihuana\/#primaryimage","url":"https:\/\/medicinasinc.com\/da\/wp-content\/uploads\/sites\/8\/2022\/02\/Buy-AK-47-Marijuana.jpeg","contentUrl":"https:\/\/medicinasinc.com\/da\/wp-content\/uploads\/sites\/8\/2022\/02\/Buy-AK-47-Marijuana.jpeg","width":1242,"height":1051},{"@type":"BreadcrumbList","@id":"https:\/\/medicinasinc.com\/da\/product\/kob-ak-47-marihuana\/#breadcrumb","itemListElement":[{"@type":"ListItem","position":1,"name":"Butik","item":"https:\/\/medicinasinc.com\/da\/butik\/"},{"@type":"ListItem","position":2,"name":"K\u00f8b AK-47 Marihuana"}]},{"@type":"WebSite","@id":"https:\/\/medicinasinc.com\/da\/#website","url":"https:\/\/medicinasinc.com\/da\/","name":"Medicinas Inc","description":"Health Medical Clinic","potentialAction":[{"@type":"SearchAction","target":{"@type":"EntryPoint","urlTemplate":"https:\/\/medicinasinc.com\/da\/?s={search_term_string}"},"query-input":{"@type":"PropertyValueSpecification","valueRequired":true,"valueName":"search_term_string"}}],"inLanguage":"en-US"}]}},"_links":{"self":[{"href":"https:\/\/medicinasinc.com\/da\/wp-json\/wp\/v2\/product\/4895","targetHints":{"allow":["GET"]}}],"collection":[{"href":"https:\/\/medicinasinc.com\/da\/wp-json\/wp\/v2\/product"}],"about":[{"href":"https:\/\/medicinasinc.com\/da\/wp-json\/wp\/v2\/types\/product"}],"replies":[{"embeddable":true,"href":"https:\/\/medicinasinc.com\/da\/wp-json\/wp\/v2\/comments?post=4895"}],"wp:featuredmedia":[{"embeddable":true,"href":"https:\/\/medicinasinc.com\/da\/wp-json\/wp\/v2\/media\/4909"}],"wp:attachment":[{"href":"https:\/\/medicinasinc.com\/da\/wp-json\/wp\/v2\/media?parent=4895"}],"wp:term":[{"taxonomy":"product_brand","embeddable":true,"href":"https:\/\/medicinasinc.com\/da\/wp-json\/wp\/v2\/product_brand?post=4895"},{"taxonomy":"product_cat","embeddable":true,"href":"https:\/\/medicinasinc.com\/da\/wp-json\/wp\/v2\/product_cat?post=4895"},{"taxonomy":"product_tag","embeddable":true,"href":"https:\/\/medicinasinc.com\/da\/wp-json\/wp\/v2\/product_tag?post=4895"}],"curies":[{"name":"wp","href":"https:\/\/api.w.org\/{rel}","templated":true}]}}