{"id":4884,"date":"2022-02-20T17:19:27","date_gmt":"2022-02-20T17:19:27","guid":{"rendered":"https:\/\/medicinasinc.com\/da\/?post_type=product&#038;p=4884"},"modified":"2022-03-20T00:48:56","modified_gmt":"2022-03-20T00:48:56","slug":"kob-hvid-enke-splintring","status":"publish","type":"product","link":"https:\/\/medicinasinc.com\/da\/product\/kob-hvid-enke-splintring\/","title":{"rendered":"K\u00f8b White Widow Shatter"},"content":{"rendered":"<p>K\u00d8B ONLINE FRA DEN BEDSTE ONLINEBUTIK WHITE WIDOW SHATTER<\/p>\n<p>Hvis du \u00f8nsker at k\u00f8be White Widow Shatter online, s\u00e5 kontakt MJ Online Bud Store. Vi tilbyder de bedste priser p\u00e5 White Widow Shatter. Som den bedste butik p\u00e5 onlinemarkedet i USA, Det Forenede Kongerige, Canada, Tyskland og Australien, overser vi ikke noget aspekt af at opfylde de krav, som kunderne angiver, n\u00e5r de bestiller White Widow Shatter online.<\/p>\n<p>Hvorfor skal enkeltpersoner g\u00f8re brug af White Widow Shatter?<\/p>\n<p>White Widow Shatter er en legendarisk hybridstamme, som er tilbedt over hele verden. Denne stamme fremstilles udelukkende ved at krydse en brasiliansk Sativa Landrace med en sydindisk indica. Dens farve er m\u00f8rk rav. Dette koncentrat har en ekstremt spr\u00f8d tekstur, som g\u00f8r det meget nemt at bruge. N\u00e5r den er r\u00f8get, giver denne stamme en traditionel cannabisoplevelse. Den indeholder mellem 75% og 80% THC. Derudover er den kendt for at v\u00e6re en fremragende morgen- eller dagtimer. Denne stammes smag er typisk jordagtig, tr\u00e6agtig og blomsteragtig.<\/p>\n<p>Det er en velkendt stamme for dens euforiske og cerebrale effekter.<br \/> Den giver et \u00f8jeblikkeligt og euforisk cerebralt sus.<br \/> Det fremkalder en st\u00e6rk eufori, som resulterer i \u00f8get kreativitet.<br \/> Det lindrer smerte og fremmer ultimativ ro.<br \/> Det er en ideel belastning for mild til moderat smerte, stress, depression og tr\u00e6thed.<br \/> Det fremmer aktiviteter s\u00e5som moderat arbejde eller fysisk aktivitet, social interaktion, rekreation og kreative bestr\u00e6belser.<br \/> Hvilken online butik er bedst at k\u00f8be White Widow Shatter?<\/p>\n<p>White Widow Shatter kan k\u00f8bes hos ingen ringere end MJ Online Bud Store. Du vil modtage din online ordre p\u00e5 White Widow Shatter inden for en kort periode. Bestil White Widow Shatter online i dag, og f\u00e5 kontakt med de bedste leverand\u00f8rer og leverand\u00f8rer p\u00e5 vores online dispensary.<\/p>\n","protected":false},"excerpt":{"rendered":"<p>Hvis du \u00f8nsker at k\u00f8be White Widow Shatter til salg online, s\u00e5 kontakt bestglobalmeds Online Store. Vi har White Widow Shatter til salg til de bedste priser.<\/p>\n<p>&nbsp;<\/p>\n<ul>\n<li>Forsendelse til hele verden<\/li>\n<li><strong>Klasse: AAAAA<\/strong> <\/li>\n<li><strong>Kontakt os<\/strong>\u00a0for st\u00f8rre ordrer<\/li>\n<\/ul>\n","protected":false},"featured_media":4899,"comment_status":"open","ping_status":"closed","template":"","meta":[],"product_brand":[],"product_cat":[777],"product_tag":[],"class_list":{"0":"post-4884","1":"product","2":"type-product","3":"status-publish","4":"has-post-thumbnail","6":"product_cat-kb-skinne","8":"first","9":"instock","10":"shipping-taxable","11":"purchasable","12":"product-type-variable","13":"has-default-attributes"},"yoast_head":"<!-- This site is optimized with the Yoast SEO plugin v27.3 - https:\/\/yoast.com\/product\/yoast-seo-wordpress\/ -->\n<title>K\u00f8b White Widow Shatter - Bedste bedste globale medicin<\/title>\n<meta name=\"description\" content=\"Hvis du \u00f8nsker at k\u00f8be White Widow Shatter til salg online, s\u00e5 kom i kontakt med bestglobalmeds Online Store. Vi har White Widow Shatter til salg til de bedste priser.\" \/>\n<meta name=\"robots\" content=\"index, follow, max-snippet:-1, max-image-preview:large, max-video-preview:-1\" \/>\n<link rel=\"canonical\" href=\"https:\/\/medicinasinc.com\/da\/product\/kob-hvid-enke-splintring\/\" \/>\n<meta property=\"og:locale\" content=\"en_US\" \/>\n<meta property=\"og:type\" content=\"article\" \/>\n<meta property=\"og:title\" content=\"K\u00f8b White Widow Shatter - Bedste bedste globale medicin\" \/>\n<meta property=\"og:description\" content=\"Hvis du \u00f8nsker at k\u00f8be White Widow Shatter til salg online, s\u00e5 kom i kontakt med bestglobalmeds Online Store. Vi har White Widow Shatter til salg til de bedste priser.\" \/>\n<meta property=\"og:url\" content=\"https:\/\/medicinasinc.com\/da\/product\/kob-hvid-enke-splintring\/\" \/>\n<meta property=\"og:site_name\" content=\"Medicinas Inc\" \/>\n<meta property=\"article:modified_time\" content=\"2022-03-20T00:48:56+00:00\" \/>\n<meta property=\"og:image\" content=\"https:\/\/medicinasinc.com\/da\/wp-content\/uploads\/sites\/8\/2022\/02\/Buy-White-Widow-Shatter.jpg\" \/>\n\t<meta property=\"og:image:width\" content=\"600\" \/>\n\t<meta property=\"og:image:height\" content=\"600\" \/>\n\t<meta property=\"og:image:type\" content=\"image\/jpeg\" \/>\n<meta name=\"twitter:card\" content=\"summary_large_image\" \/>\n<script type=\"application\/ld+json\" class=\"yoast-schema-graph\">{\"@context\":\"https:\\\/\\\/schema.org\",\"@graph\":[{\"@type\":\"WebPage\",\"@id\":\"https:\\\/\\\/medicinasinc.com\\\/da\\\/product\\\/kob-hvid-enke-splintring\\\/\",\"url\":\"https:\\\/\\\/medicinasinc.com\\\/da\\\/product\\\/kob-hvid-enke-splintring\\\/\",\"name\":\"K\u00f8b White Widow Shatter - Bedste bedste globale medicin\",\"isPartOf\":{\"@id\":\"https:\\\/\\\/medicinasinc.com\\\/da\\\/#website\"},\"primaryImageOfPage\":{\"@id\":\"https:\\\/\\\/medicinasinc.com\\\/da\\\/product\\\/kob-hvid-enke-splintring\\\/#primaryimage\"},\"image\":{\"@id\":\"https:\\\/\\\/medicinasinc.com\\\/da\\\/product\\\/kob-hvid-enke-splintring\\\/#primaryimage\"},\"thumbnailUrl\":\"https:\\\/\\\/medicinasinc.com\\\/da\\\/wp-content\\\/uploads\\\/sites\\\/8\\\/2022\\\/02\\\/Buy-White-Widow-Shatter.jpg\",\"datePublished\":\"2022-02-20T17:19:27+00:00\",\"dateModified\":\"2022-03-20T00:48:56+00:00\",\"description\":\"Hvis du \u00f8nsker at k\u00f8be White Widow Shatter til salg online, s\u00e5 kom i kontakt med bestglobalmeds Online Store. Vi har White Widow Shatter til salg til de bedste priser.\",\"breadcrumb\":{\"@id\":\"https:\\\/\\\/medicinasinc.com\\\/da\\\/product\\\/kob-hvid-enke-splintring\\\/#breadcrumb\"},\"inLanguage\":\"en-US\",\"potentialAction\":[{\"@type\":\"ReadAction\",\"target\":[\"https:\\\/\\\/medicinasinc.com\\\/da\\\/product\\\/kob-hvid-enke-splintring\\\/\"]}]},{\"@type\":\"ImageObject\",\"inLanguage\":\"en-US\",\"@id\":\"https:\\\/\\\/medicinasinc.com\\\/da\\\/product\\\/kob-hvid-enke-splintring\\\/#primaryimage\",\"url\":\"https:\\\/\\\/medicinasinc.com\\\/da\\\/wp-content\\\/uploads\\\/sites\\\/8\\\/2022\\\/02\\\/Buy-White-Widow-Shatter.jpg\",\"contentUrl\":\"https:\\\/\\\/medicinasinc.com\\\/da\\\/wp-content\\\/uploads\\\/sites\\\/8\\\/2022\\\/02\\\/Buy-White-Widow-Shatter.jpg\",\"width\":600,\"height\":600},{\"@type\":\"BreadcrumbList\",\"@id\":\"https:\\\/\\\/medicinasinc.com\\\/da\\\/product\\\/kob-hvid-enke-splintring\\\/#breadcrumb\",\"itemListElement\":[{\"@type\":\"ListItem\",\"position\":1,\"name\":\"Butik\",\"item\":\"https:\\\/\\\/medicinasinc.com\\\/da\\\/butik\\\/\"},{\"@type\":\"ListItem\",\"position\":2,\"name\":\"K\u00f8b White Widow Shatter\"}]},{\"@type\":\"WebSite\",\"@id\":\"https:\\\/\\\/medicinasinc.com\\\/da\\\/#website\",\"url\":\"https:\\\/\\\/medicinasinc.com\\\/da\\\/\",\"name\":\"Medicinas Inc\",\"description\":\"Health Medical Clinic\",\"potentialAction\":[{\"@type\":\"SearchAction\",\"target\":{\"@type\":\"EntryPoint\",\"urlTemplate\":\"https:\\\/\\\/medicinasinc.com\\\/da\\\/?s={search_term_string}\"},\"query-input\":{\"@type\":\"PropertyValueSpecification\",\"valueRequired\":true,\"valueName\":\"search_term_string\"}}],\"inLanguage\":\"en-US\"}]}<\/script>\n<!-- \/ Yoast SEO plugin. -->","yoast_head_json":{"title":"K\u00f8b White Widow Shatter - Bedste bedste globale medicin","description":"Hvis du \u00f8nsker at k\u00f8be White Widow Shatter til salg online, s\u00e5 kom i kontakt med bestglobalmeds Online Store. Vi har White Widow Shatter til salg til de bedste priser.","robots":{"index":"index","follow":"follow","max-snippet":"max-snippet:-1","max-image-preview":"max-image-preview:large","max-video-preview":"max-video-preview:-1"},"canonical":"https:\/\/medicinasinc.com\/da\/product\/kob-hvid-enke-splintring\/","og_locale":"en_US","og_type":"article","og_title":"K\u00f8b White Widow Shatter - Bedste bedste globale medicin","og_description":"Hvis du \u00f8nsker at k\u00f8be White Widow Shatter til salg online, s\u00e5 kom i kontakt med bestglobalmeds Online Store. Vi har White Widow Shatter til salg til de bedste priser.","og_url":"https:\/\/medicinasinc.com\/da\/product\/kob-hvid-enke-splintring\/","og_site_name":"Medicinas Inc","article_modified_time":"2022-03-20T00:48:56+00:00","og_image":[{"width":600,"height":600,"url":"https:\/\/medicinasinc.com\/da\/wp-content\/uploads\/sites\/8\/2022\/02\/Buy-White-Widow-Shatter.jpg","type":"image\/jpeg"}],"twitter_card":"summary_large_image","schema":{"@context":"https:\/\/schema.org","@graph":[{"@type":"WebPage","@id":"https:\/\/medicinasinc.com\/da\/product\/kob-hvid-enke-splintring\/","url":"https:\/\/medicinasinc.com\/da\/product\/kob-hvid-enke-splintring\/","name":"K\u00f8b White Widow Shatter - Bedste bedste globale medicin","isPartOf":{"@id":"https:\/\/medicinasinc.com\/da\/#website"},"primaryImageOfPage":{"@id":"https:\/\/medicinasinc.com\/da\/product\/kob-hvid-enke-splintring\/#primaryimage"},"image":{"@id":"https:\/\/medicinasinc.com\/da\/product\/kob-hvid-enke-splintring\/#primaryimage"},"thumbnailUrl":"https:\/\/medicinasinc.com\/da\/wp-content\/uploads\/sites\/8\/2022\/02\/Buy-White-Widow-Shatter.jpg","datePublished":"2022-02-20T17:19:27+00:00","dateModified":"2022-03-20T00:48:56+00:00","description":"Hvis du \u00f8nsker at k\u00f8be White Widow Shatter til salg online, s\u00e5 kom i kontakt med bestglobalmeds Online Store. Vi har White Widow Shatter til salg til de bedste priser.","breadcrumb":{"@id":"https:\/\/medicinasinc.com\/da\/product\/kob-hvid-enke-splintring\/#breadcrumb"},"inLanguage":"en-US","potentialAction":[{"@type":"ReadAction","target":["https:\/\/medicinasinc.com\/da\/product\/kob-hvid-enke-splintring\/"]}]},{"@type":"ImageObject","inLanguage":"en-US","@id":"https:\/\/medicinasinc.com\/da\/product\/kob-hvid-enke-splintring\/#primaryimage","url":"https:\/\/medicinasinc.com\/da\/wp-content\/uploads\/sites\/8\/2022\/02\/Buy-White-Widow-Shatter.jpg","contentUrl":"https:\/\/medicinasinc.com\/da\/wp-content\/uploads\/sites\/8\/2022\/02\/Buy-White-Widow-Shatter.jpg","width":600,"height":600},{"@type":"BreadcrumbList","@id":"https:\/\/medicinasinc.com\/da\/product\/kob-hvid-enke-splintring\/#breadcrumb","itemListElement":[{"@type":"ListItem","position":1,"name":"Butik","item":"https:\/\/medicinasinc.com\/da\/butik\/"},{"@type":"ListItem","position":2,"name":"K\u00f8b White Widow Shatter"}]},{"@type":"WebSite","@id":"https:\/\/medicinasinc.com\/da\/#website","url":"https:\/\/medicinasinc.com\/da\/","name":"Medicinas Inc","description":"Health Medical Clinic","potentialAction":[{"@type":"SearchAction","target":{"@type":"EntryPoint","urlTemplate":"https:\/\/medicinasinc.com\/da\/?s={search_term_string}"},"query-input":{"@type":"PropertyValueSpecification","valueRequired":true,"valueName":"search_term_string"}}],"inLanguage":"en-US"}]}},"_links":{"self":[{"href":"https:\/\/medicinasinc.com\/da\/wp-json\/wp\/v2\/product\/4884","targetHints":{"allow":["GET"]}}],"collection":[{"href":"https:\/\/medicinasinc.com\/da\/wp-json\/wp\/v2\/product"}],"about":[{"href":"https:\/\/medicinasinc.com\/da\/wp-json\/wp\/v2\/types\/product"}],"replies":[{"embeddable":true,"href":"https:\/\/medicinasinc.com\/da\/wp-json\/wp\/v2\/comments?post=4884"}],"wp:featuredmedia":[{"embeddable":true,"href":"https:\/\/medicinasinc.com\/da\/wp-json\/wp\/v2\/media\/4899"}],"wp:attachment":[{"href":"https:\/\/medicinasinc.com\/da\/wp-json\/wp\/v2\/media?parent=4884"}],"wp:term":[{"taxonomy":"product_brand","embeddable":true,"href":"https:\/\/medicinasinc.com\/da\/wp-json\/wp\/v2\/product_brand?post=4884"},{"taxonomy":"product_cat","embeddable":true,"href":"https:\/\/medicinasinc.com\/da\/wp-json\/wp\/v2\/product_cat?post=4884"},{"taxonomy":"product_tag","embeddable":true,"href":"https:\/\/medicinasinc.com\/da\/wp-json\/wp\/v2\/product_tag?post=4884"}],"curies":[{"name":"wp","href":"https:\/\/api.w.org\/{rel}","templated":true}]}}