{"id":4883,"date":"2022-02-20T17:18:33","date_gmt":"2022-02-20T17:18:33","guid":{"rendered":"https:\/\/medicinasinc.com\/da\/?post_type=product&#038;p=4883"},"modified":"2022-03-20T00:49:04","modified_gmt":"2022-03-20T00:49:04","slug":"kob-solnedgang-sherbert-splintring","status":"publish","type":"product","link":"https:\/\/medicinasinc.com\/da\/product\/kob-solnedgang-sherbert-splintring\/","title":{"rendered":"K\u00f8b Sunset Sherbert Shatter"},"content":{"rendered":"<p>K\u00f8b Sunset Sherbert Shatter \u2013 Premium Indica Dominant Hybrid \u2013 85% Indica \/ 15% Sativa<\/p>\n<p>Sunset Sherbert, alternativt omtalt som Sherbet, er arvingen til Girl Scout Cookie-tronen. Sunset Sherbert arvede de genetiske egenskaber fra sin Girl Scout Cookies-for\u00e6lder, som inkluderede OG Kush, Durban Poison og Cherry Pie i sin genetiske afstamning. Disse genetik blev derefter krydset med Pink Panties, en indica-for\u00e6lder. Sunset Sherbert kombinerer en st\u00e6rk summen af \u200b\u200bhele kroppen med et forfriskende udbrud af kreativ energi. Efter rygning vil brugerne m\u00e6rke en \u00f8jeblikkelig b\u00f8lge af energi \u2013 prim\u00e6rt i sindet \u2013 som vil efterlade dem sociale og euforiske inden for f\u00e5 minutter. Efterh\u00e5nden som virkningerne begynder at tr\u00e6de i kraft, vil en blid varmende fornemmelse spredes i hele kroppen og omslutte brugeren i fuldst\u00e6ndig afslapning og salig lykke. Sunset Sherbert er blevet brugt til at behandle depression, stress, angst og mild til moderat smerte p\u00e5 grund af dets potente virkninger.<\/p>\n<p>&nbsp;<\/p>\n<p>V\u00e6r opm\u00e6rksom p\u00e5, at p\u00e5 grund af uforudsete omst\u00e6ndigheder, f.eks. som sommervarme, fugtighed og endda tid, er der altid en chance for, at det splint, du har bestilt, vil forvandle sig til voks eller knopper, f\u00f8r det n\u00e5r dig.<\/p>\n<p>Desv\u00e6rre er splint, der konverteres til voksknopper, ikke ualmindeligt, n\u00e5r det uds\u00e6ttes for til opvarmning, men dette formindsker p\u00e5 ingen m\u00e5de sikkerheden eller styrken af \u200b\u200bdin splintring. Faktisk, hvis dette sker, vil terpenerne og aromaterne blive forst\u00e6rket og derved \u00f8ge smagen.<\/p>\n<p>Vi tilbyder ikke refusion eller ombytning, hvis din splint forvandles til knopper eller voks.<\/p>\n<div class=\"product-next-previous\">\n<div class=\"product-prev\"><\/div><\/div>\n","protected":false},"excerpt":{"rendered":"<p>K\u00f8b Shatter &#8211; Sunset Sherbert kan k\u00f8bes online i Europa og Storbritannien hos bedste globale medicin. I Europa kan du finde den h\u00f8jeste kvalitet Shatter &#8211; Sunset Sherbert cannabisprodukter.<\/p>\n<p>&nbsp;<\/p>\n<ul>\n<li>Forsendelse til hele verden<\/li>\n<li><strong>Klasse: AAAAA<\/strong><\/li>\n<li> <strong>Kontakt os<\/strong>\u00a0for st\u00f8rre ordrer<\/li>\n<\/ul>\n","protected":false},"featured_media":4897,"comment_status":"open","ping_status":"closed","template":"","meta":[],"product_brand":[],"product_cat":[777],"product_tag":[],"class_list":{"0":"post-4883","1":"product","2":"type-product","3":"status-publish","4":"has-post-thumbnail","6":"product_cat-kb-skinne","8":"first","9":"instock","10":"shipping-taxable","11":"purchasable","12":"product-type-variable","13":"has-default-attributes"},"yoast_head":"<!-- This site is optimized with the Yoast SEO plugin v27.3 - https:\/\/yoast.com\/product\/yoast-seo-wordpress\/ -->\n<title>K\u00f8b Sunset Sherbert Shatter - Bedste bedste globale medicin<\/title>\n<meta name=\"description\" content=\"K\u00f8b Shatter - Sunset Sherbert til salg online Europa, Storbritannien hos The global medicinas. Find den h\u00f8jeste kvalitet Shatter - Sunset Sherbert cannabisprodukter i Europa.\" \/>\n<meta name=\"robots\" content=\"index, follow, max-snippet:-1, max-image-preview:large, max-video-preview:-1\" \/>\n<link rel=\"canonical\" href=\"https:\/\/medicinasinc.com\/da\/product\/kob-solnedgang-sherbert-splintring\/\" \/>\n<meta property=\"og:locale\" content=\"en_US\" \/>\n<meta property=\"og:type\" content=\"article\" \/>\n<meta property=\"og:title\" content=\"K\u00f8b Sunset Sherbert Shatter - Bedste bedste globale medicin\" \/>\n<meta property=\"og:description\" content=\"K\u00f8b Shatter - Sunset Sherbert til salg online Europa, Storbritannien hos The global medicinas. Find den h\u00f8jeste kvalitet Shatter - Sunset Sherbert cannabisprodukter i Europa.\" \/>\n<meta property=\"og:url\" content=\"https:\/\/medicinasinc.com\/da\/product\/kob-solnedgang-sherbert-splintring\/\" \/>\n<meta property=\"og:site_name\" content=\"Medicinas Inc\" \/>\n<meta property=\"article:modified_time\" content=\"2022-03-20T00:49:04+00:00\" \/>\n<meta property=\"og:image\" content=\"https:\/\/medicinasinc.com\/da\/wp-content\/uploads\/sites\/8\/2022\/02\/Buy-Sunset-Sherbert-Shatter.jpg\" \/>\n\t<meta property=\"og:image:width\" content=\"600\" \/>\n\t<meta property=\"og:image:height\" content=\"600\" \/>\n\t<meta property=\"og:image:type\" content=\"image\/jpeg\" \/>\n<meta name=\"twitter:card\" content=\"summary_large_image\" \/>\n<meta name=\"twitter:label1\" content=\"Est. reading time\" \/>\n\t<meta name=\"twitter:data1\" content=\"2 minutes\" \/>\n<script type=\"application\/ld+json\" class=\"yoast-schema-graph\">{\"@context\":\"https:\\\/\\\/schema.org\",\"@graph\":[{\"@type\":\"WebPage\",\"@id\":\"https:\\\/\\\/medicinasinc.com\\\/da\\\/product\\\/kob-solnedgang-sherbert-splintring\\\/\",\"url\":\"https:\\\/\\\/medicinasinc.com\\\/da\\\/product\\\/kob-solnedgang-sherbert-splintring\\\/\",\"name\":\"K\u00f8b Sunset Sherbert Shatter - Bedste bedste globale medicin\",\"isPartOf\":{\"@id\":\"https:\\\/\\\/medicinasinc.com\\\/da\\\/#website\"},\"primaryImageOfPage\":{\"@id\":\"https:\\\/\\\/medicinasinc.com\\\/da\\\/product\\\/kob-solnedgang-sherbert-splintring\\\/#primaryimage\"},\"image\":{\"@id\":\"https:\\\/\\\/medicinasinc.com\\\/da\\\/product\\\/kob-solnedgang-sherbert-splintring\\\/#primaryimage\"},\"thumbnailUrl\":\"https:\\\/\\\/medicinasinc.com\\\/da\\\/wp-content\\\/uploads\\\/sites\\\/8\\\/2022\\\/02\\\/Buy-Sunset-Sherbert-Shatter.jpg\",\"datePublished\":\"2022-02-20T17:18:33+00:00\",\"dateModified\":\"2022-03-20T00:49:04+00:00\",\"description\":\"K\u00f8b Shatter - Sunset Sherbert til salg online Europa, Storbritannien hos The global medicinas. Find den h\u00f8jeste kvalitet Shatter - Sunset Sherbert cannabisprodukter i Europa.\",\"breadcrumb\":{\"@id\":\"https:\\\/\\\/medicinasinc.com\\\/da\\\/product\\\/kob-solnedgang-sherbert-splintring\\\/#breadcrumb\"},\"inLanguage\":\"en-US\",\"potentialAction\":[{\"@type\":\"ReadAction\",\"target\":[\"https:\\\/\\\/medicinasinc.com\\\/da\\\/product\\\/kob-solnedgang-sherbert-splintring\\\/\"]}]},{\"@type\":\"ImageObject\",\"inLanguage\":\"en-US\",\"@id\":\"https:\\\/\\\/medicinasinc.com\\\/da\\\/product\\\/kob-solnedgang-sherbert-splintring\\\/#primaryimage\",\"url\":\"https:\\\/\\\/medicinasinc.com\\\/da\\\/wp-content\\\/uploads\\\/sites\\\/8\\\/2022\\\/02\\\/Buy-Sunset-Sherbert-Shatter.jpg\",\"contentUrl\":\"https:\\\/\\\/medicinasinc.com\\\/da\\\/wp-content\\\/uploads\\\/sites\\\/8\\\/2022\\\/02\\\/Buy-Sunset-Sherbert-Shatter.jpg\",\"width\":600,\"height\":600},{\"@type\":\"BreadcrumbList\",\"@id\":\"https:\\\/\\\/medicinasinc.com\\\/da\\\/product\\\/kob-solnedgang-sherbert-splintring\\\/#breadcrumb\",\"itemListElement\":[{\"@type\":\"ListItem\",\"position\":1,\"name\":\"Butik\",\"item\":\"https:\\\/\\\/medicinasinc.com\\\/da\\\/butik\\\/\"},{\"@type\":\"ListItem\",\"position\":2,\"name\":\"K\u00f8b Sunset Sherbert Shatter\"}]},{\"@type\":\"WebSite\",\"@id\":\"https:\\\/\\\/medicinasinc.com\\\/da\\\/#website\",\"url\":\"https:\\\/\\\/medicinasinc.com\\\/da\\\/\",\"name\":\"Medicinas Inc\",\"description\":\"Health Medical Clinic\",\"potentialAction\":[{\"@type\":\"SearchAction\",\"target\":{\"@type\":\"EntryPoint\",\"urlTemplate\":\"https:\\\/\\\/medicinasinc.com\\\/da\\\/?s={search_term_string}\"},\"query-input\":{\"@type\":\"PropertyValueSpecification\",\"valueRequired\":true,\"valueName\":\"search_term_string\"}}],\"inLanguage\":\"en-US\"}]}<\/script>\n<!-- \/ Yoast SEO plugin. -->","yoast_head_json":{"title":"K\u00f8b Sunset Sherbert Shatter - Bedste bedste globale medicin","description":"K\u00f8b Shatter - Sunset Sherbert til salg online Europa, Storbritannien hos The global medicinas. Find den h\u00f8jeste kvalitet Shatter - Sunset Sherbert cannabisprodukter i Europa.","robots":{"index":"index","follow":"follow","max-snippet":"max-snippet:-1","max-image-preview":"max-image-preview:large","max-video-preview":"max-video-preview:-1"},"canonical":"https:\/\/medicinasinc.com\/da\/product\/kob-solnedgang-sherbert-splintring\/","og_locale":"en_US","og_type":"article","og_title":"K\u00f8b Sunset Sherbert Shatter - Bedste bedste globale medicin","og_description":"K\u00f8b Shatter - Sunset Sherbert til salg online Europa, Storbritannien hos The global medicinas. Find den h\u00f8jeste kvalitet Shatter - Sunset Sherbert cannabisprodukter i Europa.","og_url":"https:\/\/medicinasinc.com\/da\/product\/kob-solnedgang-sherbert-splintring\/","og_site_name":"Medicinas Inc","article_modified_time":"2022-03-20T00:49:04+00:00","og_image":[{"width":600,"height":600,"url":"https:\/\/medicinasinc.com\/da\/wp-content\/uploads\/sites\/8\/2022\/02\/Buy-Sunset-Sherbert-Shatter.jpg","type":"image\/jpeg"}],"twitter_card":"summary_large_image","twitter_misc":{"Est. reading time":"2 minutes"},"schema":{"@context":"https:\/\/schema.org","@graph":[{"@type":"WebPage","@id":"https:\/\/medicinasinc.com\/da\/product\/kob-solnedgang-sherbert-splintring\/","url":"https:\/\/medicinasinc.com\/da\/product\/kob-solnedgang-sherbert-splintring\/","name":"K\u00f8b Sunset Sherbert Shatter - Bedste bedste globale medicin","isPartOf":{"@id":"https:\/\/medicinasinc.com\/da\/#website"},"primaryImageOfPage":{"@id":"https:\/\/medicinasinc.com\/da\/product\/kob-solnedgang-sherbert-splintring\/#primaryimage"},"image":{"@id":"https:\/\/medicinasinc.com\/da\/product\/kob-solnedgang-sherbert-splintring\/#primaryimage"},"thumbnailUrl":"https:\/\/medicinasinc.com\/da\/wp-content\/uploads\/sites\/8\/2022\/02\/Buy-Sunset-Sherbert-Shatter.jpg","datePublished":"2022-02-20T17:18:33+00:00","dateModified":"2022-03-20T00:49:04+00:00","description":"K\u00f8b Shatter - Sunset Sherbert til salg online Europa, Storbritannien hos The global medicinas. Find den h\u00f8jeste kvalitet Shatter - Sunset Sherbert cannabisprodukter i Europa.","breadcrumb":{"@id":"https:\/\/medicinasinc.com\/da\/product\/kob-solnedgang-sherbert-splintring\/#breadcrumb"},"inLanguage":"en-US","potentialAction":[{"@type":"ReadAction","target":["https:\/\/medicinasinc.com\/da\/product\/kob-solnedgang-sherbert-splintring\/"]}]},{"@type":"ImageObject","inLanguage":"en-US","@id":"https:\/\/medicinasinc.com\/da\/product\/kob-solnedgang-sherbert-splintring\/#primaryimage","url":"https:\/\/medicinasinc.com\/da\/wp-content\/uploads\/sites\/8\/2022\/02\/Buy-Sunset-Sherbert-Shatter.jpg","contentUrl":"https:\/\/medicinasinc.com\/da\/wp-content\/uploads\/sites\/8\/2022\/02\/Buy-Sunset-Sherbert-Shatter.jpg","width":600,"height":600},{"@type":"BreadcrumbList","@id":"https:\/\/medicinasinc.com\/da\/product\/kob-solnedgang-sherbert-splintring\/#breadcrumb","itemListElement":[{"@type":"ListItem","position":1,"name":"Butik","item":"https:\/\/medicinasinc.com\/da\/butik\/"},{"@type":"ListItem","position":2,"name":"K\u00f8b Sunset Sherbert Shatter"}]},{"@type":"WebSite","@id":"https:\/\/medicinasinc.com\/da\/#website","url":"https:\/\/medicinasinc.com\/da\/","name":"Medicinas Inc","description":"Health Medical Clinic","potentialAction":[{"@type":"SearchAction","target":{"@type":"EntryPoint","urlTemplate":"https:\/\/medicinasinc.com\/da\/?s={search_term_string}"},"query-input":{"@type":"PropertyValueSpecification","valueRequired":true,"valueName":"search_term_string"}}],"inLanguage":"en-US"}]}},"_links":{"self":[{"href":"https:\/\/medicinasinc.com\/da\/wp-json\/wp\/v2\/product\/4883","targetHints":{"allow":["GET"]}}],"collection":[{"href":"https:\/\/medicinasinc.com\/da\/wp-json\/wp\/v2\/product"}],"about":[{"href":"https:\/\/medicinasinc.com\/da\/wp-json\/wp\/v2\/types\/product"}],"replies":[{"embeddable":true,"href":"https:\/\/medicinasinc.com\/da\/wp-json\/wp\/v2\/comments?post=4883"}],"wp:featuredmedia":[{"embeddable":true,"href":"https:\/\/medicinasinc.com\/da\/wp-json\/wp\/v2\/media\/4897"}],"wp:attachment":[{"href":"https:\/\/medicinasinc.com\/da\/wp-json\/wp\/v2\/media?parent=4883"}],"wp:term":[{"taxonomy":"product_brand","embeddable":true,"href":"https:\/\/medicinasinc.com\/da\/wp-json\/wp\/v2\/product_brand?post=4883"},{"taxonomy":"product_cat","embeddable":true,"href":"https:\/\/medicinasinc.com\/da\/wp-json\/wp\/v2\/product_cat?post=4883"},{"taxonomy":"product_tag","embeddable":true,"href":"https:\/\/medicinasinc.com\/da\/wp-json\/wp\/v2\/product_tag?post=4883"}],"curies":[{"name":"wp","href":"https:\/\/api.w.org\/{rel}","templated":true}]}}