{"id":4872,"date":"2022-02-20T17:08:57","date_gmt":"2022-02-20T17:08:57","guid":{"rendered":"https:\/\/medicinasinc.com\/da\/?post_type=product&#038;p=4872"},"modified":"2022-03-20T00:49:11","modified_gmt":"2022-03-20T00:49:11","slug":"kob-gelato-splint","status":"publish","type":"product","link":"https:\/\/medicinasinc.com\/da\/product\/kob-gelato-splint\/","title":{"rendered":"K\u00f8b Gelato Shatter"},"content":{"rendered":"<p>Gelato Shatter \u2013 Premium Indica Dominant Hybrid \u2013 55 % Indica\/45 % Sativa<\/p>\n<p>Gelato, ogs\u00e5 kaldet &#8216;Larry Bird&#8217;, er en let Indica-dominerende hybridstamme skabt ved at krydse Sunset Sherbert og Tynde mynte spejderkager. Dens l\u00e6kre aroma vil lokke selv den mest erfarne bruger. Den har en s\u00f8d, n\u00e6sten kagelignende aroma, der fremh\u00e6ves af noter af frisk lavendel og bl\u00e5b\u00e6r. Mens Gelato er tilbedt for sin l\u00e6kre smag, er den bedst kendt for sine euforiske egenskaber. Forsigtighed tilr\u00e5des for uerfarne brugere, da denne stamme leverer en kraftig cerebral high inden for f\u00e5 minutter efter rygning. Disse st\u00e6rke cerebrale effekter vil ikke efterlade brugeren d\u00f8sig eller begr\u00e6nset til sofaen, men vil i stedet fremme positiv t\u00e6nkning og fokuseret energi. Efterh\u00e5nden som denne eufori opbygges gradvist, g\u00e5r kroppen ind i en salig tilstand af afslapning, hvilket efterlader brugeren helt i ro. Gelatos potente, men afbalancerede virkninger g\u00f8r den ideel til behandling af en r\u00e6kke forskellige tilstande, herunder muskelspasmer, migr\u00e6nehovedpine, kronisk tr\u00e6thed og kroniske smerter for\u00e5rsaget af bet\u00e6ndelse.<\/p>\n","protected":false},"excerpt":{"rendered":"<p>K\u00f8b Gelato Shatter til salg i Storbritannien, Europa &#8211; \u00d8verste hylde fra verdens st\u00f8rste online apotek, K\u00f8b My Weed Online.<\/p>\n<ul>\n<li>Forsendelse til hele verden<\/li>\n<li><strong>Klasse: AAAAA<\/strong><\/li>\n<li><strong>Kontakt os<\/strong>\u00a0for st\u00f8rre ordrer<\/li>\n<\/ul>\n","protected":false},"featured_media":4887,"comment_status":"open","ping_status":"closed","template":"","meta":[],"product_brand":[],"product_cat":[777],"product_tag":[],"class_list":{"0":"post-4872","1":"product","2":"type-product","3":"status-publish","4":"has-post-thumbnail","6":"product_cat-kb-skinne","8":"first","9":"instock","10":"shipping-taxable","11":"purchasable","12":"product-type-variable","13":"has-default-attributes"},"yoast_head":"<!-- This site is optimized with the Yoast SEO plugin v27.3 - https:\/\/yoast.com\/product\/yoast-seo-wordpress\/ -->\n<title>K\u00f8b Gelato Shatter - Bedste bedste globale medicin<\/title>\n<meta name=\"description\" content=\"K\u00f8b Gelato Shatter til salg UK,Europa - Top Hylde online Europa fra den st\u00f8rste online apotek, K\u00f8b My Weed Online.\" \/>\n<meta name=\"robots\" content=\"index, follow, max-snippet:-1, max-image-preview:large, max-video-preview:-1\" \/>\n<link rel=\"canonical\" href=\"https:\/\/medicinasinc.com\/da\/product\/kob-gelato-splint\/\" \/>\n<meta property=\"og:locale\" content=\"en_US\" \/>\n<meta property=\"og:type\" content=\"article\" \/>\n<meta property=\"og:title\" content=\"K\u00f8b Gelato Shatter - Bedste bedste globale medicin\" \/>\n<meta property=\"og:description\" content=\"K\u00f8b Gelato Shatter til salg UK,Europa - Top Hylde online Europa fra den st\u00f8rste online apotek, K\u00f8b My Weed Online.\" \/>\n<meta property=\"og:url\" content=\"https:\/\/medicinasinc.com\/da\/product\/kob-gelato-splint\/\" \/>\n<meta property=\"og:site_name\" content=\"Medicinas Inc\" \/>\n<meta property=\"article:modified_time\" content=\"2022-03-20T00:49:11+00:00\" \/>\n<meta property=\"og:image\" content=\"https:\/\/medicinasinc.com\/da\/wp-content\/uploads\/sites\/8\/2022\/02\/Buy-Gelato-Shatter.jpg\" \/>\n\t<meta property=\"og:image:width\" content=\"600\" \/>\n\t<meta property=\"og:image:height\" content=\"600\" \/>\n\t<meta property=\"og:image:type\" content=\"image\/jpeg\" \/>\n<meta name=\"twitter:card\" content=\"summary_large_image\" \/>\n<meta name=\"twitter:label1\" content=\"Est. reading time\" \/>\n\t<meta name=\"twitter:data1\" content=\"1 minute\" \/>\n<script type=\"application\/ld+json\" class=\"yoast-schema-graph\">{\"@context\":\"https:\\\/\\\/schema.org\",\"@graph\":[{\"@type\":\"WebPage\",\"@id\":\"https:\\\/\\\/medicinasinc.com\\\/da\\\/product\\\/kob-gelato-splint\\\/\",\"url\":\"https:\\\/\\\/medicinasinc.com\\\/da\\\/product\\\/kob-gelato-splint\\\/\",\"name\":\"K\u00f8b Gelato Shatter - Bedste bedste globale medicin\",\"isPartOf\":{\"@id\":\"https:\\\/\\\/medicinasinc.com\\\/da\\\/#website\"},\"primaryImageOfPage\":{\"@id\":\"https:\\\/\\\/medicinasinc.com\\\/da\\\/product\\\/kob-gelato-splint\\\/#primaryimage\"},\"image\":{\"@id\":\"https:\\\/\\\/medicinasinc.com\\\/da\\\/product\\\/kob-gelato-splint\\\/#primaryimage\"},\"thumbnailUrl\":\"https:\\\/\\\/medicinasinc.com\\\/da\\\/wp-content\\\/uploads\\\/sites\\\/8\\\/2022\\\/02\\\/Buy-Gelato-Shatter.jpg\",\"datePublished\":\"2022-02-20T17:08:57+00:00\",\"dateModified\":\"2022-03-20T00:49:11+00:00\",\"description\":\"K\u00f8b Gelato Shatter til salg UK,Europa - Top Hylde online Europa fra den st\u00f8rste online apotek, K\u00f8b My Weed Online.\",\"breadcrumb\":{\"@id\":\"https:\\\/\\\/medicinasinc.com\\\/da\\\/product\\\/kob-gelato-splint\\\/#breadcrumb\"},\"inLanguage\":\"en-US\",\"potentialAction\":[{\"@type\":\"ReadAction\",\"target\":[\"https:\\\/\\\/medicinasinc.com\\\/da\\\/product\\\/kob-gelato-splint\\\/\"]}]},{\"@type\":\"ImageObject\",\"inLanguage\":\"en-US\",\"@id\":\"https:\\\/\\\/medicinasinc.com\\\/da\\\/product\\\/kob-gelato-splint\\\/#primaryimage\",\"url\":\"https:\\\/\\\/medicinasinc.com\\\/da\\\/wp-content\\\/uploads\\\/sites\\\/8\\\/2022\\\/02\\\/Buy-Gelato-Shatter.jpg\",\"contentUrl\":\"https:\\\/\\\/medicinasinc.com\\\/da\\\/wp-content\\\/uploads\\\/sites\\\/8\\\/2022\\\/02\\\/Buy-Gelato-Shatter.jpg\",\"width\":600,\"height\":600},{\"@type\":\"BreadcrumbList\",\"@id\":\"https:\\\/\\\/medicinasinc.com\\\/da\\\/product\\\/kob-gelato-splint\\\/#breadcrumb\",\"itemListElement\":[{\"@type\":\"ListItem\",\"position\":1,\"name\":\"Butik\",\"item\":\"https:\\\/\\\/medicinasinc.com\\\/da\\\/butik\\\/\"},{\"@type\":\"ListItem\",\"position\":2,\"name\":\"K\u00f8b Gelato Shatter\"}]},{\"@type\":\"WebSite\",\"@id\":\"https:\\\/\\\/medicinasinc.com\\\/da\\\/#website\",\"url\":\"https:\\\/\\\/medicinasinc.com\\\/da\\\/\",\"name\":\"Medicinas Inc\",\"description\":\"Health Medical Clinic\",\"potentialAction\":[{\"@type\":\"SearchAction\",\"target\":{\"@type\":\"EntryPoint\",\"urlTemplate\":\"https:\\\/\\\/medicinasinc.com\\\/da\\\/?s={search_term_string}\"},\"query-input\":{\"@type\":\"PropertyValueSpecification\",\"valueRequired\":true,\"valueName\":\"search_term_string\"}}],\"inLanguage\":\"en-US\"}]}<\/script>\n<!-- \/ Yoast SEO plugin. -->","yoast_head_json":{"title":"K\u00f8b Gelato Shatter - Bedste bedste globale medicin","description":"K\u00f8b Gelato Shatter til salg UK,Europa - Top Hylde online Europa fra den st\u00f8rste online apotek, K\u00f8b My Weed Online.","robots":{"index":"index","follow":"follow","max-snippet":"max-snippet:-1","max-image-preview":"max-image-preview:large","max-video-preview":"max-video-preview:-1"},"canonical":"https:\/\/medicinasinc.com\/da\/product\/kob-gelato-splint\/","og_locale":"en_US","og_type":"article","og_title":"K\u00f8b Gelato Shatter - Bedste bedste globale medicin","og_description":"K\u00f8b Gelato Shatter til salg UK,Europa - Top Hylde online Europa fra den st\u00f8rste online apotek, K\u00f8b My Weed Online.","og_url":"https:\/\/medicinasinc.com\/da\/product\/kob-gelato-splint\/","og_site_name":"Medicinas Inc","article_modified_time":"2022-03-20T00:49:11+00:00","og_image":[{"width":600,"height":600,"url":"https:\/\/medicinasinc.com\/da\/wp-content\/uploads\/sites\/8\/2022\/02\/Buy-Gelato-Shatter.jpg","type":"image\/jpeg"}],"twitter_card":"summary_large_image","twitter_misc":{"Est. reading time":"1 minute"},"schema":{"@context":"https:\/\/schema.org","@graph":[{"@type":"WebPage","@id":"https:\/\/medicinasinc.com\/da\/product\/kob-gelato-splint\/","url":"https:\/\/medicinasinc.com\/da\/product\/kob-gelato-splint\/","name":"K\u00f8b Gelato Shatter - Bedste bedste globale medicin","isPartOf":{"@id":"https:\/\/medicinasinc.com\/da\/#website"},"primaryImageOfPage":{"@id":"https:\/\/medicinasinc.com\/da\/product\/kob-gelato-splint\/#primaryimage"},"image":{"@id":"https:\/\/medicinasinc.com\/da\/product\/kob-gelato-splint\/#primaryimage"},"thumbnailUrl":"https:\/\/medicinasinc.com\/da\/wp-content\/uploads\/sites\/8\/2022\/02\/Buy-Gelato-Shatter.jpg","datePublished":"2022-02-20T17:08:57+00:00","dateModified":"2022-03-20T00:49:11+00:00","description":"K\u00f8b Gelato Shatter til salg UK,Europa - Top Hylde online Europa fra den st\u00f8rste online apotek, K\u00f8b My Weed Online.","breadcrumb":{"@id":"https:\/\/medicinasinc.com\/da\/product\/kob-gelato-splint\/#breadcrumb"},"inLanguage":"en-US","potentialAction":[{"@type":"ReadAction","target":["https:\/\/medicinasinc.com\/da\/product\/kob-gelato-splint\/"]}]},{"@type":"ImageObject","inLanguage":"en-US","@id":"https:\/\/medicinasinc.com\/da\/product\/kob-gelato-splint\/#primaryimage","url":"https:\/\/medicinasinc.com\/da\/wp-content\/uploads\/sites\/8\/2022\/02\/Buy-Gelato-Shatter.jpg","contentUrl":"https:\/\/medicinasinc.com\/da\/wp-content\/uploads\/sites\/8\/2022\/02\/Buy-Gelato-Shatter.jpg","width":600,"height":600},{"@type":"BreadcrumbList","@id":"https:\/\/medicinasinc.com\/da\/product\/kob-gelato-splint\/#breadcrumb","itemListElement":[{"@type":"ListItem","position":1,"name":"Butik","item":"https:\/\/medicinasinc.com\/da\/butik\/"},{"@type":"ListItem","position":2,"name":"K\u00f8b Gelato Shatter"}]},{"@type":"WebSite","@id":"https:\/\/medicinasinc.com\/da\/#website","url":"https:\/\/medicinasinc.com\/da\/","name":"Medicinas Inc","description":"Health Medical Clinic","potentialAction":[{"@type":"SearchAction","target":{"@type":"EntryPoint","urlTemplate":"https:\/\/medicinasinc.com\/da\/?s={search_term_string}"},"query-input":{"@type":"PropertyValueSpecification","valueRequired":true,"valueName":"search_term_string"}}],"inLanguage":"en-US"}]}},"_links":{"self":[{"href":"https:\/\/medicinasinc.com\/da\/wp-json\/wp\/v2\/product\/4872","targetHints":{"allow":["GET"]}}],"collection":[{"href":"https:\/\/medicinasinc.com\/da\/wp-json\/wp\/v2\/product"}],"about":[{"href":"https:\/\/medicinasinc.com\/da\/wp-json\/wp\/v2\/types\/product"}],"replies":[{"embeddable":true,"href":"https:\/\/medicinasinc.com\/da\/wp-json\/wp\/v2\/comments?post=4872"}],"wp:featuredmedia":[{"embeddable":true,"href":"https:\/\/medicinasinc.com\/da\/wp-json\/wp\/v2\/media\/4887"}],"wp:attachment":[{"href":"https:\/\/medicinasinc.com\/da\/wp-json\/wp\/v2\/media?parent=4872"}],"wp:term":[{"taxonomy":"product_brand","embeddable":true,"href":"https:\/\/medicinasinc.com\/da\/wp-json\/wp\/v2\/product_brand?post=4872"},{"taxonomy":"product_cat","embeddable":true,"href":"https:\/\/medicinasinc.com\/da\/wp-json\/wp\/v2\/product_cat?post=4872"},{"taxonomy":"product_tag","embeddable":true,"href":"https:\/\/medicinasinc.com\/da\/wp-json\/wp\/v2\/product_tag?post=4872"}],"curies":[{"name":"wp","href":"https:\/\/api.w.org\/{rel}","templated":true}]}}