{"id":4871,"date":"2022-02-20T17:08:15","date_gmt":"2022-02-20T17:08:15","guid":{"rendered":"https:\/\/medicinasinc.com\/da\/?post_type=product&#038;p=4871"},"modified":"2022-03-20T00:49:22","modified_gmt":"2022-03-20T00:49:22","slug":"kob-blabaer-nuken-knuser-overste-hylde","status":"publish","type":"product","link":"https:\/\/medicinasinc.com\/da\/product\/kob-blabaer-nuken-knuser-overste-hylde\/","title":{"rendered":"K\u00f8b Blueberry Nuken Shatter \u2013 \u00f8verste hylde"},"content":{"rendered":"<div class=\"descblock ff\">Nuken leverer de medicinske fordele ved en indica uden den tr\u00e6thed eller sedation forbundet med indicaer. Nuken producerer en langvarig og ekstremt afslappende kropsh\u00f8j, samtidig med at brugeren kan udf\u00f8re opgaver og interagere med venner. Efterh\u00e5nden som stammens virkninger tager fat, vil brugerne opleve en let varmende fornemmelse, der begynder i rygs\u00f8jlen og gradvist spreder sig i hele kroppen, hvilket lindrer enhver smerte eller muskelgener. Disse effekter er ledsaget af intens introspektion, som kan f\u00e5 nogle nybegyndere til at f\u00f8le sig lidt desorienterede. Nuken er blevet brugt til at behandle kroniske smerter og bet\u00e6ndelse samt mild depression, angst og kronisk stress.<\/div>\n<div class=\"product-next-previous\">\n<div class=\"product-prev\"><\/div><\/div>\n","protected":false},"excerpt":{"rendered":"<p>K\u00f8b Blueberry Nuken Shatter UK, Europa online fra det bedste globalt apotek online, EZ Weed Online Cannabis Dispensary.<\/p>\n<ul>\n<li>Forsendelse til hele verden<\/li>\n<li><strong>Klasse: AAAAA<\/p>\n<p> strong&gt;<\/li>\n<li><strong>Kontakt os<\/strong>\u00a0for st\u00f8rre ordrer<\/li>\n<li>DPD Post Xpresspost GRATIS forsendelse for ordrer over $200<\/li>\n<\/ul>\n","protected":false},"featured_media":4885,"comment_status":"open","ping_status":"closed","template":"","meta":[],"product_brand":[],"product_cat":[777],"product_tag":[],"class_list":{"0":"post-4871","1":"product","2":"type-product","3":"status-publish","4":"has-post-thumbnail","6":"product_cat-kb-skinne","8":"first","9":"instock","10":"shipping-taxable","11":"purchasable","12":"product-type-variable","13":"has-default-attributes"},"yoast_head":"<!-- This site is optimized with the Yoast SEO plugin v27.3 - https:\/\/yoast.com\/product\/yoast-seo-wordpress\/ -->\n<title>K\u00f8b Blueberry Nuken Shatter \u2013 \u00f8verste hylde - Bedste bedste globale medicin<\/title>\n<meta name=\"description\" content=\"K\u00f8b Blueberry Nuken Shatter UK, Europa Online fra #1 canada dispensary online, Best Global Weed Online Cannabis Dispensary.\" \/>\n<meta name=\"robots\" content=\"index, follow, max-snippet:-1, max-image-preview:large, max-video-preview:-1\" \/>\n<link rel=\"canonical\" href=\"https:\/\/medicinasinc.com\/da\/product\/kob-blabaer-nuken-knuser-overste-hylde\/\" \/>\n<meta property=\"og:locale\" content=\"en_US\" \/>\n<meta property=\"og:type\" content=\"article\" \/>\n<meta property=\"og:title\" content=\"K\u00f8b Blueberry Nuken Shatter \u2013 \u00f8verste hylde - Bedste bedste globale medicin\" \/>\n<meta property=\"og:description\" content=\"K\u00f8b Blueberry Nuken Shatter UK, Europa Online fra #1 canada dispensary online, Best Global Weed Online Cannabis Dispensary.\" \/>\n<meta property=\"og:url\" content=\"https:\/\/medicinasinc.com\/da\/product\/kob-blabaer-nuken-knuser-overste-hylde\/\" \/>\n<meta property=\"og:site_name\" content=\"Medicinas Inc\" \/>\n<meta property=\"article:modified_time\" content=\"2022-03-20T00:49:22+00:00\" \/>\n<meta property=\"og:image\" content=\"https:\/\/medicinasinc.com\/da\/wp-content\/uploads\/sites\/8\/2022\/02\/Buy-Blueberry-Nuken-Shatter.jpg\" \/>\n\t<meta property=\"og:image:width\" content=\"600\" \/>\n\t<meta property=\"og:image:height\" content=\"600\" \/>\n\t<meta property=\"og:image:type\" content=\"image\/jpeg\" \/>\n<meta name=\"twitter:card\" content=\"summary_large_image\" \/>\n<meta name=\"twitter:label1\" content=\"Est. reading time\" \/>\n\t<meta name=\"twitter:data1\" content=\"1 minute\" \/>\n<script type=\"application\/ld+json\" class=\"yoast-schema-graph\">{\"@context\":\"https:\\\/\\\/schema.org\",\"@graph\":[{\"@type\":\"WebPage\",\"@id\":\"https:\\\/\\\/medicinasinc.com\\\/da\\\/product\\\/kob-blabaer-nuken-knuser-overste-hylde\\\/\",\"url\":\"https:\\\/\\\/medicinasinc.com\\\/da\\\/product\\\/kob-blabaer-nuken-knuser-overste-hylde\\\/\",\"name\":\"K\u00f8b Blueberry Nuken Shatter \u2013 \u00f8verste hylde - Bedste bedste globale medicin\",\"isPartOf\":{\"@id\":\"https:\\\/\\\/medicinasinc.com\\\/da\\\/#website\"},\"primaryImageOfPage\":{\"@id\":\"https:\\\/\\\/medicinasinc.com\\\/da\\\/product\\\/kob-blabaer-nuken-knuser-overste-hylde\\\/#primaryimage\"},\"image\":{\"@id\":\"https:\\\/\\\/medicinasinc.com\\\/da\\\/product\\\/kob-blabaer-nuken-knuser-overste-hylde\\\/#primaryimage\"},\"thumbnailUrl\":\"https:\\\/\\\/medicinasinc.com\\\/da\\\/wp-content\\\/uploads\\\/sites\\\/8\\\/2022\\\/02\\\/Buy-Blueberry-Nuken-Shatter.jpg\",\"datePublished\":\"2022-02-20T17:08:15+00:00\",\"dateModified\":\"2022-03-20T00:49:22+00:00\",\"description\":\"K\u00f8b Blueberry Nuken Shatter UK, Europa Online fra #1 canada dispensary online, Best Global Weed Online Cannabis Dispensary.\",\"breadcrumb\":{\"@id\":\"https:\\\/\\\/medicinasinc.com\\\/da\\\/product\\\/kob-blabaer-nuken-knuser-overste-hylde\\\/#breadcrumb\"},\"inLanguage\":\"en-US\",\"potentialAction\":[{\"@type\":\"ReadAction\",\"target\":[\"https:\\\/\\\/medicinasinc.com\\\/da\\\/product\\\/kob-blabaer-nuken-knuser-overste-hylde\\\/\"]}]},{\"@type\":\"ImageObject\",\"inLanguage\":\"en-US\",\"@id\":\"https:\\\/\\\/medicinasinc.com\\\/da\\\/product\\\/kob-blabaer-nuken-knuser-overste-hylde\\\/#primaryimage\",\"url\":\"https:\\\/\\\/medicinasinc.com\\\/da\\\/wp-content\\\/uploads\\\/sites\\\/8\\\/2022\\\/02\\\/Buy-Blueberry-Nuken-Shatter.jpg\",\"contentUrl\":\"https:\\\/\\\/medicinasinc.com\\\/da\\\/wp-content\\\/uploads\\\/sites\\\/8\\\/2022\\\/02\\\/Buy-Blueberry-Nuken-Shatter.jpg\",\"width\":600,\"height\":600},{\"@type\":\"BreadcrumbList\",\"@id\":\"https:\\\/\\\/medicinasinc.com\\\/da\\\/product\\\/kob-blabaer-nuken-knuser-overste-hylde\\\/#breadcrumb\",\"itemListElement\":[{\"@type\":\"ListItem\",\"position\":1,\"name\":\"Butik\",\"item\":\"https:\\\/\\\/medicinasinc.com\\\/da\\\/butik\\\/\"},{\"@type\":\"ListItem\",\"position\":2,\"name\":\"K\u00f8b Blueberry Nuken Shatter \u2013 \u00f8verste hylde\"}]},{\"@type\":\"WebSite\",\"@id\":\"https:\\\/\\\/medicinasinc.com\\\/da\\\/#website\",\"url\":\"https:\\\/\\\/medicinasinc.com\\\/da\\\/\",\"name\":\"Medicinas Inc\",\"description\":\"Health Medical Clinic\",\"potentialAction\":[{\"@type\":\"SearchAction\",\"target\":{\"@type\":\"EntryPoint\",\"urlTemplate\":\"https:\\\/\\\/medicinasinc.com\\\/da\\\/?s={search_term_string}\"},\"query-input\":{\"@type\":\"PropertyValueSpecification\",\"valueRequired\":true,\"valueName\":\"search_term_string\"}}],\"inLanguage\":\"en-US\"}]}<\/script>\n<!-- \/ Yoast SEO plugin. -->","yoast_head_json":{"title":"K\u00f8b Blueberry Nuken Shatter \u2013 \u00f8verste hylde - Bedste bedste globale medicin","description":"K\u00f8b Blueberry Nuken Shatter UK, Europa Online fra #1 canada dispensary online, Best Global Weed Online Cannabis Dispensary.","robots":{"index":"index","follow":"follow","max-snippet":"max-snippet:-1","max-image-preview":"max-image-preview:large","max-video-preview":"max-video-preview:-1"},"canonical":"https:\/\/medicinasinc.com\/da\/product\/kob-blabaer-nuken-knuser-overste-hylde\/","og_locale":"en_US","og_type":"article","og_title":"K\u00f8b Blueberry Nuken Shatter \u2013 \u00f8verste hylde - Bedste bedste globale medicin","og_description":"K\u00f8b Blueberry Nuken Shatter UK, Europa Online fra #1 canada dispensary online, Best Global Weed Online Cannabis Dispensary.","og_url":"https:\/\/medicinasinc.com\/da\/product\/kob-blabaer-nuken-knuser-overste-hylde\/","og_site_name":"Medicinas Inc","article_modified_time":"2022-03-20T00:49:22+00:00","og_image":[{"width":600,"height":600,"url":"https:\/\/medicinasinc.com\/da\/wp-content\/uploads\/sites\/8\/2022\/02\/Buy-Blueberry-Nuken-Shatter.jpg","type":"image\/jpeg"}],"twitter_card":"summary_large_image","twitter_misc":{"Est. reading time":"1 minute"},"schema":{"@context":"https:\/\/schema.org","@graph":[{"@type":"WebPage","@id":"https:\/\/medicinasinc.com\/da\/product\/kob-blabaer-nuken-knuser-overste-hylde\/","url":"https:\/\/medicinasinc.com\/da\/product\/kob-blabaer-nuken-knuser-overste-hylde\/","name":"K\u00f8b Blueberry Nuken Shatter \u2013 \u00f8verste hylde - Bedste bedste globale medicin","isPartOf":{"@id":"https:\/\/medicinasinc.com\/da\/#website"},"primaryImageOfPage":{"@id":"https:\/\/medicinasinc.com\/da\/product\/kob-blabaer-nuken-knuser-overste-hylde\/#primaryimage"},"image":{"@id":"https:\/\/medicinasinc.com\/da\/product\/kob-blabaer-nuken-knuser-overste-hylde\/#primaryimage"},"thumbnailUrl":"https:\/\/medicinasinc.com\/da\/wp-content\/uploads\/sites\/8\/2022\/02\/Buy-Blueberry-Nuken-Shatter.jpg","datePublished":"2022-02-20T17:08:15+00:00","dateModified":"2022-03-20T00:49:22+00:00","description":"K\u00f8b Blueberry Nuken Shatter UK, Europa Online fra #1 canada dispensary online, Best Global Weed Online Cannabis Dispensary.","breadcrumb":{"@id":"https:\/\/medicinasinc.com\/da\/product\/kob-blabaer-nuken-knuser-overste-hylde\/#breadcrumb"},"inLanguage":"en-US","potentialAction":[{"@type":"ReadAction","target":["https:\/\/medicinasinc.com\/da\/product\/kob-blabaer-nuken-knuser-overste-hylde\/"]}]},{"@type":"ImageObject","inLanguage":"en-US","@id":"https:\/\/medicinasinc.com\/da\/product\/kob-blabaer-nuken-knuser-overste-hylde\/#primaryimage","url":"https:\/\/medicinasinc.com\/da\/wp-content\/uploads\/sites\/8\/2022\/02\/Buy-Blueberry-Nuken-Shatter.jpg","contentUrl":"https:\/\/medicinasinc.com\/da\/wp-content\/uploads\/sites\/8\/2022\/02\/Buy-Blueberry-Nuken-Shatter.jpg","width":600,"height":600},{"@type":"BreadcrumbList","@id":"https:\/\/medicinasinc.com\/da\/product\/kob-blabaer-nuken-knuser-overste-hylde\/#breadcrumb","itemListElement":[{"@type":"ListItem","position":1,"name":"Butik","item":"https:\/\/medicinasinc.com\/da\/butik\/"},{"@type":"ListItem","position":2,"name":"K\u00f8b Blueberry Nuken Shatter \u2013 \u00f8verste hylde"}]},{"@type":"WebSite","@id":"https:\/\/medicinasinc.com\/da\/#website","url":"https:\/\/medicinasinc.com\/da\/","name":"Medicinas Inc","description":"Health Medical Clinic","potentialAction":[{"@type":"SearchAction","target":{"@type":"EntryPoint","urlTemplate":"https:\/\/medicinasinc.com\/da\/?s={search_term_string}"},"query-input":{"@type":"PropertyValueSpecification","valueRequired":true,"valueName":"search_term_string"}}],"inLanguage":"en-US"}]}},"_links":{"self":[{"href":"https:\/\/medicinasinc.com\/da\/wp-json\/wp\/v2\/product\/4871","targetHints":{"allow":["GET"]}}],"collection":[{"href":"https:\/\/medicinasinc.com\/da\/wp-json\/wp\/v2\/product"}],"about":[{"href":"https:\/\/medicinasinc.com\/da\/wp-json\/wp\/v2\/types\/product"}],"replies":[{"embeddable":true,"href":"https:\/\/medicinasinc.com\/da\/wp-json\/wp\/v2\/comments?post=4871"}],"wp:featuredmedia":[{"embeddable":true,"href":"https:\/\/medicinasinc.com\/da\/wp-json\/wp\/v2\/media\/4885"}],"wp:attachment":[{"href":"https:\/\/medicinasinc.com\/da\/wp-json\/wp\/v2\/media?parent=4871"}],"wp:term":[{"taxonomy":"product_brand","embeddable":true,"href":"https:\/\/medicinasinc.com\/da\/wp-json\/wp\/v2\/product_brand?post=4871"},{"taxonomy":"product_cat","embeddable":true,"href":"https:\/\/medicinasinc.com\/da\/wp-json\/wp\/v2\/product_cat?post=4871"},{"taxonomy":"product_tag","embeddable":true,"href":"https:\/\/medicinasinc.com\/da\/wp-json\/wp\/v2\/product_tag?post=4871"}],"curies":[{"name":"wp","href":"https:\/\/api.w.org\/{rel}","templated":true}]}}