{"id":4861,"date":"2022-02-20T17:01:48","date_gmt":"2022-02-20T17:01:48","guid":{"rendered":"https:\/\/medicinasinc.com\/da\/?post_type=product&#038;p=4861"},"modified":"2022-03-20T00:49:32","modified_gmt":"2022-03-20T00:49:32","slug":"buy-lsd-100mcg-blottere","status":"publish","type":"product","link":"https:\/\/medicinasinc.com\/da\/product\/buy-lsd-100mcg-blottere\/","title":{"rendered":"K\u00f8b LSD 100mcg BLOTTERS"},"content":{"rendered":"<p>LSD 100mcg BLOTTERS kan k\u00f8bes online.<\/p>\n<p>LSD 100mcg BLOTTERS kan k\u00f8bes online. Vi s\u00e6lger ogs\u00e5 LSD-faner. For yderligere information om LSD, bes\u00f8g venligst denne side.<\/p>\n<p>Online k\u00f8b af LSD (Lysergic Acid Diethylamide) salt-\/blotterpapir<\/p>\n<p>&nbsp;<\/p>\n<p>LSD (Lysergic) Acid Diethylamide), forkortet LSD eller LSD-25, er et semisyntetisk psykedelisk l\u00e6gemiddel fra ergolin-familien, der er kendt for dets psykologiske virkninger.<br \/> Du kan k\u00f8be billigt LSD (Lysergic Acid Diethylamide) papir p\u00e5 nettet (til en lav pris). )<br \/> Kemikalier &amp; Pulvere til forskning<br \/> Ikke-propriet\u00e6rt m\u00e6rke<br \/> Syre, badesalte, blotter, blotter-papir, kemikalier, hits, LSD, LSD-25, Lysergic Acid, Lysergic Acid Diethylamide, papir, forskningskemikalier og blotter-papirer, lysergic acid, lysergic acid diethylamid, salt, sheet<\/p>\n","protected":false},"excerpt":{"rendered":"<div class=\"woocommerce-product-details__short-description\">\n<p>LSD 100mcg BLOTTERS kan k\u00f8bes online. K\u00f8b LSD 100mcg BLOTTERS pulver til en nedsat pris | Hvor kan man k\u00f8be LSD 100mcg BLOTTERS pulver online. Online k\u00f8b af Lysergic Acid Diethylamide BLOTTERS &#8211; LSD BLOTTERS til salg<\/p>\n<p>Online forhandlere s\u00e6lger LSD (Lysergic Acid Diethylamide) salt\/blotterpapir.<br \/> Produktets pris er som f\u00f8lger: pr. ark (blotterpapir)<\/p>\n<\/p>\n<p> div&gt;<\/p>\n","protected":false},"featured_media":4876,"comment_status":"open","ping_status":"closed","template":"","meta":[],"product_brand":[],"product_cat":[703],"product_tag":[745,746,748,749,750,752,753,747,756,775,755,776,751,754,757,770,762,764,760,758,759,761,763,766,767,765,768,769,771,772,773,774],"class_list":{"0":"post-4861","1":"product","2":"type-product","3":"status-publish","4":"has-post-thumbnail","6":"product_cat-kbe-psykedeliske-stoffer","7":"product_tag-1p-lsd-buy-usa","8":"product_tag-1p-lsd-blotter-100-mcg","9":"product_tag-art-sheets-edible","10":"product_tag-blotter","11":"product_tag-blotter-syre-til-salg","12":"product_tag-buy-lsd-blotter-sheets","13":"product_tag-buy-lsd-blotters-legal-highs-online","14":"product_tag-er-lsd","15":"product_tag-how-do-you-use-a-lsd-blotter-tab","16":"product_tag-hvor-kan-jeg-kbe-blotter-papir","17":"product_tag-hvordan-kan-du-fortlle-om-din-lsd-blotter-er-rigtig-eller-en-af-2c-familien","18":"product_tag-hvorfor-har-lsd-blotter-tabs-designs-p-dem","19":"product_tag-kb-1-p-lsd","20":"product_tag-kb-lysergisk-syre-diethylamid-blotter-liste","21":"product_tag-lsd-andra-sa-c2-b6kte-a-c2-a4ven-efter","22":"product_tag-lsd-til-kb","23":"product_tag-lsd-blotter-ark","24":"product_tag-lsd-blotter-shop","25":"product_tag-lsd-blotter-hofmann","26":"product_tag-lsd-blotter-kunst-til-salg","27":"product_tag-lsd-blotter-omkostninger","28":"product_tag-lsd-blotter-papir-syre","29":"product_tag-lsd-blotter-sheets","30":"product_tag-lsd-blotter-storage","31":"product_tag-lsd-blotter-tab-strrelse","32":"product_tag-lsd-blotter-site","33":"product_tag-lsd-blotters-dosis","34":"product_tag-lsd-tabs-buy","35":"product_tag-lysergsyre-diethylamid-blotterazzi","36":"product_tag-lysergsyre-diethylamid-blottery","37":"product_tag-lysergsyre-diethylamid-til-salg","38":"product_tag-lysergsyre-diethylamid-gadenavne","40":"first","41":"instock","42":"shipping-taxable","43":"purchasable","44":"product-type-variable","45":"has-default-attributes"},"yoast_head":"<!-- This site is optimized with the Yoast SEO plugin v27.3 - https:\/\/yoast.com\/product\/yoast-seo-wordpress\/ -->\n<title>K\u00f8b LSD 100mcg BLOTTERS - Bedste bedste globale medicin<\/title>\n<meta name=\"description\" content=\"K\u00f8b LSD 100mcg blotters i Europa Uk til salg 1-Propionyl-LSD (aka 1P-LSD blotters) til en fantastisk pris. Klik videre til hjemmesiden for at bestille i dag!\" \/>\n<meta name=\"robots\" content=\"index, follow, max-snippet:-1, max-image-preview:large, max-video-preview:-1\" \/>\n<link rel=\"canonical\" href=\"https:\/\/medicinasinc.com\/da\/product\/buy-lsd-100mcg-blottere\/\" \/>\n<meta property=\"og:locale\" content=\"en_US\" \/>\n<meta property=\"og:type\" content=\"article\" \/>\n<meta property=\"og:title\" content=\"K\u00f8b LSD 100mcg BLOTTERS - Bedste bedste globale medicin\" \/>\n<meta property=\"og:description\" content=\"K\u00f8b LSD 100mcg blotters i Europa Uk til salg 1-Propionyl-LSD (aka 1P-LSD blotters) til en fantastisk pris. Klik videre til hjemmesiden for at bestille i dag!\" \/>\n<meta property=\"og:url\" content=\"https:\/\/medicinasinc.com\/da\/product\/buy-lsd-100mcg-blottere\/\" \/>\n<meta property=\"og:site_name\" content=\"Medicinas Inc\" \/>\n<meta property=\"article:modified_time\" content=\"2022-03-20T00:49:32+00:00\" \/>\n<meta property=\"og:image\" content=\"https:\/\/medicinasinc.com\/da\/wp-content\/uploads\/sites\/8\/2022\/02\/Buy-LSD-100mcg-blotters-1.jpg\" \/>\n\t<meta property=\"og:image:width\" content=\"960\" \/>\n\t<meta property=\"og:image:height\" content=\"720\" \/>\n\t<meta property=\"og:image:type\" content=\"image\/jpeg\" \/>\n<meta name=\"twitter:card\" content=\"summary_large_image\" \/>\n<meta name=\"twitter:label1\" content=\"Est. reading time\" \/>\n\t<meta name=\"twitter:data1\" content=\"1 minute\" \/>\n<script type=\"application\/ld+json\" class=\"yoast-schema-graph\">{\"@context\":\"https:\\\/\\\/schema.org\",\"@graph\":[{\"@type\":\"WebPage\",\"@id\":\"https:\\\/\\\/medicinasinc.com\\\/da\\\/product\\\/buy-lsd-100mcg-blottere\\\/\",\"url\":\"https:\\\/\\\/medicinasinc.com\\\/da\\\/product\\\/buy-lsd-100mcg-blottere\\\/\",\"name\":\"K\u00f8b LSD 100mcg BLOTTERS - Bedste bedste globale medicin\",\"isPartOf\":{\"@id\":\"https:\\\/\\\/medicinasinc.com\\\/da\\\/#website\"},\"primaryImageOfPage\":{\"@id\":\"https:\\\/\\\/medicinasinc.com\\\/da\\\/product\\\/buy-lsd-100mcg-blottere\\\/#primaryimage\"},\"image\":{\"@id\":\"https:\\\/\\\/medicinasinc.com\\\/da\\\/product\\\/buy-lsd-100mcg-blottere\\\/#primaryimage\"},\"thumbnailUrl\":\"https:\\\/\\\/medicinasinc.com\\\/da\\\/wp-content\\\/uploads\\\/sites\\\/8\\\/2022\\\/02\\\/Buy-LSD-100mcg-blotters-1.jpg\",\"datePublished\":\"2022-02-20T17:01:48+00:00\",\"dateModified\":\"2022-03-20T00:49:32+00:00\",\"description\":\"K\u00f8b LSD 100mcg blotters i Europa Uk til salg 1-Propionyl-LSD (aka 1P-LSD blotters) til en fantastisk pris. Klik videre til hjemmesiden for at bestille i dag!\",\"breadcrumb\":{\"@id\":\"https:\\\/\\\/medicinasinc.com\\\/da\\\/product\\\/buy-lsd-100mcg-blottere\\\/#breadcrumb\"},\"inLanguage\":\"en-US\",\"potentialAction\":[{\"@type\":\"ReadAction\",\"target\":[\"https:\\\/\\\/medicinasinc.com\\\/da\\\/product\\\/buy-lsd-100mcg-blottere\\\/\"]}]},{\"@type\":\"ImageObject\",\"inLanguage\":\"en-US\",\"@id\":\"https:\\\/\\\/medicinasinc.com\\\/da\\\/product\\\/buy-lsd-100mcg-blottere\\\/#primaryimage\",\"url\":\"https:\\\/\\\/medicinasinc.com\\\/da\\\/wp-content\\\/uploads\\\/sites\\\/8\\\/2022\\\/02\\\/Buy-LSD-100mcg-blotters-1.jpg\",\"contentUrl\":\"https:\\\/\\\/medicinasinc.com\\\/da\\\/wp-content\\\/uploads\\\/sites\\\/8\\\/2022\\\/02\\\/Buy-LSD-100mcg-blotters-1.jpg\",\"width\":960,\"height\":720},{\"@type\":\"BreadcrumbList\",\"@id\":\"https:\\\/\\\/medicinasinc.com\\\/da\\\/product\\\/buy-lsd-100mcg-blottere\\\/#breadcrumb\",\"itemListElement\":[{\"@type\":\"ListItem\",\"position\":1,\"name\":\"Butik\",\"item\":\"https:\\\/\\\/medicinasinc.com\\\/da\\\/butik\\\/\"},{\"@type\":\"ListItem\",\"position\":2,\"name\":\"K\u00f8b LSD 100mcg BLOTTERS\"}]},{\"@type\":\"WebSite\",\"@id\":\"https:\\\/\\\/medicinasinc.com\\\/da\\\/#website\",\"url\":\"https:\\\/\\\/medicinasinc.com\\\/da\\\/\",\"name\":\"Medicinas Inc\",\"description\":\"Health Medical Clinic\",\"potentialAction\":[{\"@type\":\"SearchAction\",\"target\":{\"@type\":\"EntryPoint\",\"urlTemplate\":\"https:\\\/\\\/medicinasinc.com\\\/da\\\/?s={search_term_string}\"},\"query-input\":{\"@type\":\"PropertyValueSpecification\",\"valueRequired\":true,\"valueName\":\"search_term_string\"}}],\"inLanguage\":\"en-US\"}]}<\/script>\n<!-- \/ Yoast SEO plugin. -->","yoast_head_json":{"title":"K\u00f8b LSD 100mcg BLOTTERS - Bedste bedste globale medicin","description":"K\u00f8b LSD 100mcg blotters i Europa Uk til salg 1-Propionyl-LSD (aka 1P-LSD blotters) til en fantastisk pris. Klik videre til hjemmesiden for at bestille i dag!","robots":{"index":"index","follow":"follow","max-snippet":"max-snippet:-1","max-image-preview":"max-image-preview:large","max-video-preview":"max-video-preview:-1"},"canonical":"https:\/\/medicinasinc.com\/da\/product\/buy-lsd-100mcg-blottere\/","og_locale":"en_US","og_type":"article","og_title":"K\u00f8b LSD 100mcg BLOTTERS - Bedste bedste globale medicin","og_description":"K\u00f8b LSD 100mcg blotters i Europa Uk til salg 1-Propionyl-LSD (aka 1P-LSD blotters) til en fantastisk pris. Klik videre til hjemmesiden for at bestille i dag!","og_url":"https:\/\/medicinasinc.com\/da\/product\/buy-lsd-100mcg-blottere\/","og_site_name":"Medicinas Inc","article_modified_time":"2022-03-20T00:49:32+00:00","og_image":[{"width":960,"height":720,"url":"https:\/\/medicinasinc.com\/da\/wp-content\/uploads\/sites\/8\/2022\/02\/Buy-LSD-100mcg-blotters-1.jpg","type":"image\/jpeg"}],"twitter_card":"summary_large_image","twitter_misc":{"Est. reading time":"1 minute"},"schema":{"@context":"https:\/\/schema.org","@graph":[{"@type":"WebPage","@id":"https:\/\/medicinasinc.com\/da\/product\/buy-lsd-100mcg-blottere\/","url":"https:\/\/medicinasinc.com\/da\/product\/buy-lsd-100mcg-blottere\/","name":"K\u00f8b LSD 100mcg BLOTTERS - Bedste bedste globale medicin","isPartOf":{"@id":"https:\/\/medicinasinc.com\/da\/#website"},"primaryImageOfPage":{"@id":"https:\/\/medicinasinc.com\/da\/product\/buy-lsd-100mcg-blottere\/#primaryimage"},"image":{"@id":"https:\/\/medicinasinc.com\/da\/product\/buy-lsd-100mcg-blottere\/#primaryimage"},"thumbnailUrl":"https:\/\/medicinasinc.com\/da\/wp-content\/uploads\/sites\/8\/2022\/02\/Buy-LSD-100mcg-blotters-1.jpg","datePublished":"2022-02-20T17:01:48+00:00","dateModified":"2022-03-20T00:49:32+00:00","description":"K\u00f8b LSD 100mcg blotters i Europa Uk til salg 1-Propionyl-LSD (aka 1P-LSD blotters) til en fantastisk pris. Klik videre til hjemmesiden for at bestille i dag!","breadcrumb":{"@id":"https:\/\/medicinasinc.com\/da\/product\/buy-lsd-100mcg-blottere\/#breadcrumb"},"inLanguage":"en-US","potentialAction":[{"@type":"ReadAction","target":["https:\/\/medicinasinc.com\/da\/product\/buy-lsd-100mcg-blottere\/"]}]},{"@type":"ImageObject","inLanguage":"en-US","@id":"https:\/\/medicinasinc.com\/da\/product\/buy-lsd-100mcg-blottere\/#primaryimage","url":"https:\/\/medicinasinc.com\/da\/wp-content\/uploads\/sites\/8\/2022\/02\/Buy-LSD-100mcg-blotters-1.jpg","contentUrl":"https:\/\/medicinasinc.com\/da\/wp-content\/uploads\/sites\/8\/2022\/02\/Buy-LSD-100mcg-blotters-1.jpg","width":960,"height":720},{"@type":"BreadcrumbList","@id":"https:\/\/medicinasinc.com\/da\/product\/buy-lsd-100mcg-blottere\/#breadcrumb","itemListElement":[{"@type":"ListItem","position":1,"name":"Butik","item":"https:\/\/medicinasinc.com\/da\/butik\/"},{"@type":"ListItem","position":2,"name":"K\u00f8b LSD 100mcg BLOTTERS"}]},{"@type":"WebSite","@id":"https:\/\/medicinasinc.com\/da\/#website","url":"https:\/\/medicinasinc.com\/da\/","name":"Medicinas Inc","description":"Health Medical Clinic","potentialAction":[{"@type":"SearchAction","target":{"@type":"EntryPoint","urlTemplate":"https:\/\/medicinasinc.com\/da\/?s={search_term_string}"},"query-input":{"@type":"PropertyValueSpecification","valueRequired":true,"valueName":"search_term_string"}}],"inLanguage":"en-US"}]}},"_links":{"self":[{"href":"https:\/\/medicinasinc.com\/da\/wp-json\/wp\/v2\/product\/4861","targetHints":{"allow":["GET"]}}],"collection":[{"href":"https:\/\/medicinasinc.com\/da\/wp-json\/wp\/v2\/product"}],"about":[{"href":"https:\/\/medicinasinc.com\/da\/wp-json\/wp\/v2\/types\/product"}],"replies":[{"embeddable":true,"href":"https:\/\/medicinasinc.com\/da\/wp-json\/wp\/v2\/comments?post=4861"}],"wp:featuredmedia":[{"embeddable":true,"href":"https:\/\/medicinasinc.com\/da\/wp-json\/wp\/v2\/media\/4876"}],"wp:attachment":[{"href":"https:\/\/medicinasinc.com\/da\/wp-json\/wp\/v2\/media?parent=4861"}],"wp:term":[{"taxonomy":"product_brand","embeddable":true,"href":"https:\/\/medicinasinc.com\/da\/wp-json\/wp\/v2\/product_brand?post=4861"},{"taxonomy":"product_cat","embeddable":true,"href":"https:\/\/medicinasinc.com\/da\/wp-json\/wp\/v2\/product_cat?post=4861"},{"taxonomy":"product_tag","embeddable":true,"href":"https:\/\/medicinasinc.com\/da\/wp-json\/wp\/v2\/product_tag?post=4861"}],"curies":[{"name":"wp","href":"https:\/\/api.w.org\/{rel}","templated":true}]}}