{"id":4859,"date":"2022-02-20T17:00:55","date_gmt":"2022-02-20T17:00:55","guid":{"rendered":"https:\/\/medicinasinc.com\/da\/?post_type=product&#038;p=4859"},"modified":"2022-03-20T00:49:40","modified_gmt":"2022-03-20T00:49:40","slug":"kob-kvalitet-al-lad-blottere","status":"publish","type":"product","link":"https:\/\/medicinasinc.com\/da\/product\/kob-kvalitet-al-lad-blottere\/","title":{"rendered":"K\u00f8b kvalitets AL-LAD blotters"},"content":{"rendered":"<p>K\u00f8b billige AL-LAD blotters online. 150mcg AL-LAD blotters.<\/p>\n<p>Hvad er AL-LAD helt pr\u00e6cist?<\/p>\n<p>6-allyl-6-nor-<\/p>\n<p>AL-LAD, mere almindeligt omtalt som LSD, er et psykedelisk stof med egenskaber svarende til LSD (lysergsyrediethylamid). Det blev syntetiseret for f\u00f8rste gang i 1976 og er siden blevet et popul\u00e6rt stof p\u00e5 markedet for &#8216;forskningskemikalier&#8217; og &#8216;nye psykoaktive stoffer. AL-LAD producerer en psykoaktiv &#8220;trip&#8221;, der minder meget om LSD.<\/p>\n<p>AL-LAD blev f\u00f8rst brugt til rekreative form\u00e5l i Irland og Storbritannien. Det var med i Alexander Shulgins bog fra 1997 TIHKAL (Tryptamines I Have Known And Loved). Som f\u00f8lge heraf har stoffets popularitet spredt sig globalt. Nu eksperimenterer folk over hele verden, inklusive USA, med stoffet.<\/p>\n<p>Den juridiske status for AL-LAD er noget tvetydig. Det er ikke klassificeret som et kontrolleret stof i henhold til f\u00f8deral lovgivning i USA. Det er dog en analog af LSD, hvilket betyder, at salg eller besiddelse med den hensigt at distribuere kan resultere i retsforf\u00f8lgelse i henhold til Federal Analogue Act.<\/p>\n<p>AL-LAD-rejser ligner LSD-ture p\u00e5 de fleste m\u00e5der. L\u00e6gemidlet tages oralt, ofte via blotter-papirer. Som et resultat begynder virkningerne at manifestere sig tyve minutter til en time efter indtagelse. Brugere vil st\u00f8de p\u00e5 f\u00f8lgende:<\/p>\n<p>Stimulering eller et boost i energi<br \/> Eufori<br \/> Prikken i ekstremiteter eller f\u00f8lelsesl\u00f8shed<br \/> Sensibilisering<br \/> Visuel desorientering<br \/> Hallucinationer<\/p>\n<p>Blandt de mulige bivirkninger ved brug af AL-LAD er f\u00f8lgende:<br \/> koncentrationsbesv\u00e6r eller t\u00e6nkning<br \/> Hjertefrekvens \u00f8get<br \/> Temperatursvingninger i kroppen<br \/> Kvalme<br \/> Vrangforestillinger<br \/> Sl\u00f8jfer af negative tanker<br \/> Sammensn\u00e6vring af karrene (opstramning af blodkar)<br \/> Anfald<\/p>\n<p>LSD er et af de psykedeliske stoffer, der er mest unders\u00f8gt. P\u00e5 trods af betegnelsen &#8216;forskningsmiddel&#8217; er der udf\u00f8rt meget lidt egentlig videnskabelig forskning p\u00e5 AL-LAD. Det betyder, at listen over umiddelbare konsekvenser muligvis ikke er udt\u00f8mmende. Derudover er der lidt eller ingen forskning om stoffets langsigtede virkninger.<\/p>\n<p>L\u00e6ngerevarende hallucinogen misbrug kan have en r\u00e6kke negative konsekvenser. HPPD er en tilstand, hvor en person oplever spontane flashbacks af synsforvr\u00e6ngninger eller hallucinationer. Denne kroniske lidelse er blevet observeret hos personer, der har brugt en r\u00e6kke hallucinogene stoffer, herunder LSD, svampe og DMT.<\/p>\n","protected":false},"excerpt":{"rendered":"<p>K\u00f8b AL-LAD blotters Billig til salg UK, Europa Online. 6-allyl-6-nor-LSD er et psykedelisk lysergamid ogs\u00e5 kendt som AL LAD (lysergsyrediethylamid). 150mcg AL-LAD blotters.<\/p>\n<p>Minimumsbestillingen er 15 blotters.<\/p>\n","protected":false},"featured_media":4874,"comment_status":"open","ping_status":"closed","template":"","meta":[],"product_brand":[],"product_cat":[703],"product_tag":[],"class_list":{"0":"post-4859","1":"product","2":"type-product","3":"status-publish","4":"has-post-thumbnail","6":"product_cat-kbe-psykedeliske-stoffer","8":"first","9":"instock","10":"shipping-taxable","11":"purchasable","12":"product-type-variable","13":"has-default-attributes"},"yoast_head":"<!-- This site is optimized with the Yoast SEO plugin v27.3 - https:\/\/yoast.com\/product\/yoast-seo-wordpress\/ -->\n<title>K\u00f8b kvalitets AL-LAD blotters - bedste bedste globale medicin<\/title>\n<meta name=\"description\" content=\"K\u00f8b AL-LAD blotters Billig til salg UK, Europa Online. 6-allyl-6-nor-LSD er et psykedelisk lysergamid ogs\u00e5 kendt som AL LAD (lysergsyrediethylamid). 150mcg AL-LAD blotters.\" \/>\n<meta name=\"robots\" content=\"index, follow, max-snippet:-1, max-image-preview:large, max-video-preview:-1\" \/>\n<link rel=\"canonical\" href=\"https:\/\/medicinasinc.com\/da\/product\/kob-kvalitet-al-lad-blottere\/\" \/>\n<meta property=\"og:locale\" content=\"en_US\" \/>\n<meta property=\"og:type\" content=\"article\" \/>\n<meta property=\"og:title\" content=\"K\u00f8b kvalitets AL-LAD blotters - bedste bedste globale medicin\" \/>\n<meta property=\"og:description\" content=\"K\u00f8b AL-LAD blotters Billig til salg UK, Europa Online. 6-allyl-6-nor-LSD er et psykedelisk lysergamid ogs\u00e5 kendt som AL LAD (lysergsyrediethylamid). 150mcg AL-LAD blotters.\" \/>\n<meta property=\"og:url\" content=\"https:\/\/medicinasinc.com\/da\/product\/kob-kvalitet-al-lad-blottere\/\" \/>\n<meta property=\"og:site_name\" content=\"Medicinas Inc\" \/>\n<meta property=\"article:modified_time\" content=\"2022-03-20T00:49:40+00:00\" \/>\n<meta property=\"og:image\" content=\"https:\/\/medicinasinc.com\/da\/wp-content\/uploads\/sites\/8\/2022\/02\/Buy-Quality-AL-LAD-blotters.jpg\" \/>\n\t<meta property=\"og:image:width\" content=\"225\" \/>\n\t<meta property=\"og:image:height\" content=\"225\" \/>\n\t<meta property=\"og:image:type\" content=\"image\/jpeg\" \/>\n<meta name=\"twitter:card\" content=\"summary_large_image\" \/>\n<meta name=\"twitter:label1\" content=\"Est. reading time\" \/>\n\t<meta name=\"twitter:data1\" content=\"2 minutes\" \/>\n<script type=\"application\/ld+json\" class=\"yoast-schema-graph\">{\"@context\":\"https:\\\/\\\/schema.org\",\"@graph\":[{\"@type\":\"WebPage\",\"@id\":\"https:\\\/\\\/medicinasinc.com\\\/da\\\/product\\\/kob-kvalitet-al-lad-blottere\\\/\",\"url\":\"https:\\\/\\\/medicinasinc.com\\\/da\\\/product\\\/kob-kvalitet-al-lad-blottere\\\/\",\"name\":\"K\u00f8b kvalitets AL-LAD blotters - bedste bedste globale medicin\",\"isPartOf\":{\"@id\":\"https:\\\/\\\/medicinasinc.com\\\/da\\\/#website\"},\"primaryImageOfPage\":{\"@id\":\"https:\\\/\\\/medicinasinc.com\\\/da\\\/product\\\/kob-kvalitet-al-lad-blottere\\\/#primaryimage\"},\"image\":{\"@id\":\"https:\\\/\\\/medicinasinc.com\\\/da\\\/product\\\/kob-kvalitet-al-lad-blottere\\\/#primaryimage\"},\"thumbnailUrl\":\"https:\\\/\\\/medicinasinc.com\\\/da\\\/wp-content\\\/uploads\\\/sites\\\/8\\\/2022\\\/02\\\/Buy-Quality-AL-LAD-blotters.jpg\",\"datePublished\":\"2022-02-20T17:00:55+00:00\",\"dateModified\":\"2022-03-20T00:49:40+00:00\",\"description\":\"K\u00f8b AL-LAD blotters Billig til salg UK, Europa Online. 6-allyl-6-nor-LSD er et psykedelisk lysergamid ogs\u00e5 kendt som AL LAD (lysergsyrediethylamid). 150mcg AL-LAD blotters.\",\"breadcrumb\":{\"@id\":\"https:\\\/\\\/medicinasinc.com\\\/da\\\/product\\\/kob-kvalitet-al-lad-blottere\\\/#breadcrumb\"},\"inLanguage\":\"en-US\",\"potentialAction\":[{\"@type\":\"ReadAction\",\"target\":[\"https:\\\/\\\/medicinasinc.com\\\/da\\\/product\\\/kob-kvalitet-al-lad-blottere\\\/\"]}]},{\"@type\":\"ImageObject\",\"inLanguage\":\"en-US\",\"@id\":\"https:\\\/\\\/medicinasinc.com\\\/da\\\/product\\\/kob-kvalitet-al-lad-blottere\\\/#primaryimage\",\"url\":\"https:\\\/\\\/medicinasinc.com\\\/da\\\/wp-content\\\/uploads\\\/sites\\\/8\\\/2022\\\/02\\\/Buy-Quality-AL-LAD-blotters.jpg\",\"contentUrl\":\"https:\\\/\\\/medicinasinc.com\\\/da\\\/wp-content\\\/uploads\\\/sites\\\/8\\\/2022\\\/02\\\/Buy-Quality-AL-LAD-blotters.jpg\",\"width\":225,\"height\":225},{\"@type\":\"BreadcrumbList\",\"@id\":\"https:\\\/\\\/medicinasinc.com\\\/da\\\/product\\\/kob-kvalitet-al-lad-blottere\\\/#breadcrumb\",\"itemListElement\":[{\"@type\":\"ListItem\",\"position\":1,\"name\":\"Butik\",\"item\":\"https:\\\/\\\/medicinasinc.com\\\/da\\\/butik\\\/\"},{\"@type\":\"ListItem\",\"position\":2,\"name\":\"K\u00f8b kvalitets AL-LAD blotters\"}]},{\"@type\":\"WebSite\",\"@id\":\"https:\\\/\\\/medicinasinc.com\\\/da\\\/#website\",\"url\":\"https:\\\/\\\/medicinasinc.com\\\/da\\\/\",\"name\":\"Medicinas Inc\",\"description\":\"Health Medical Clinic\",\"potentialAction\":[{\"@type\":\"SearchAction\",\"target\":{\"@type\":\"EntryPoint\",\"urlTemplate\":\"https:\\\/\\\/medicinasinc.com\\\/da\\\/?s={search_term_string}\"},\"query-input\":{\"@type\":\"PropertyValueSpecification\",\"valueRequired\":true,\"valueName\":\"search_term_string\"}}],\"inLanguage\":\"en-US\"}]}<\/script>\n<!-- \/ Yoast SEO plugin. -->","yoast_head_json":{"title":"K\u00f8b kvalitets AL-LAD blotters - bedste bedste globale medicin","description":"K\u00f8b AL-LAD blotters Billig til salg UK, Europa Online. 6-allyl-6-nor-LSD er et psykedelisk lysergamid ogs\u00e5 kendt som AL LAD (lysergsyrediethylamid). 150mcg AL-LAD blotters.","robots":{"index":"index","follow":"follow","max-snippet":"max-snippet:-1","max-image-preview":"max-image-preview:large","max-video-preview":"max-video-preview:-1"},"canonical":"https:\/\/medicinasinc.com\/da\/product\/kob-kvalitet-al-lad-blottere\/","og_locale":"en_US","og_type":"article","og_title":"K\u00f8b kvalitets AL-LAD blotters - bedste bedste globale medicin","og_description":"K\u00f8b AL-LAD blotters Billig til salg UK, Europa Online. 6-allyl-6-nor-LSD er et psykedelisk lysergamid ogs\u00e5 kendt som AL LAD (lysergsyrediethylamid). 150mcg AL-LAD blotters.","og_url":"https:\/\/medicinasinc.com\/da\/product\/kob-kvalitet-al-lad-blottere\/","og_site_name":"Medicinas Inc","article_modified_time":"2022-03-20T00:49:40+00:00","og_image":[{"width":225,"height":225,"url":"https:\/\/medicinasinc.com\/da\/wp-content\/uploads\/sites\/8\/2022\/02\/Buy-Quality-AL-LAD-blotters.jpg","type":"image\/jpeg"}],"twitter_card":"summary_large_image","twitter_misc":{"Est. reading time":"2 minutes"},"schema":{"@context":"https:\/\/schema.org","@graph":[{"@type":"WebPage","@id":"https:\/\/medicinasinc.com\/da\/product\/kob-kvalitet-al-lad-blottere\/","url":"https:\/\/medicinasinc.com\/da\/product\/kob-kvalitet-al-lad-blottere\/","name":"K\u00f8b kvalitets AL-LAD blotters - bedste bedste globale medicin","isPartOf":{"@id":"https:\/\/medicinasinc.com\/da\/#website"},"primaryImageOfPage":{"@id":"https:\/\/medicinasinc.com\/da\/product\/kob-kvalitet-al-lad-blottere\/#primaryimage"},"image":{"@id":"https:\/\/medicinasinc.com\/da\/product\/kob-kvalitet-al-lad-blottere\/#primaryimage"},"thumbnailUrl":"https:\/\/medicinasinc.com\/da\/wp-content\/uploads\/sites\/8\/2022\/02\/Buy-Quality-AL-LAD-blotters.jpg","datePublished":"2022-02-20T17:00:55+00:00","dateModified":"2022-03-20T00:49:40+00:00","description":"K\u00f8b AL-LAD blotters Billig til salg UK, Europa Online. 6-allyl-6-nor-LSD er et psykedelisk lysergamid ogs\u00e5 kendt som AL LAD (lysergsyrediethylamid). 150mcg AL-LAD blotters.","breadcrumb":{"@id":"https:\/\/medicinasinc.com\/da\/product\/kob-kvalitet-al-lad-blottere\/#breadcrumb"},"inLanguage":"en-US","potentialAction":[{"@type":"ReadAction","target":["https:\/\/medicinasinc.com\/da\/product\/kob-kvalitet-al-lad-blottere\/"]}]},{"@type":"ImageObject","inLanguage":"en-US","@id":"https:\/\/medicinasinc.com\/da\/product\/kob-kvalitet-al-lad-blottere\/#primaryimage","url":"https:\/\/medicinasinc.com\/da\/wp-content\/uploads\/sites\/8\/2022\/02\/Buy-Quality-AL-LAD-blotters.jpg","contentUrl":"https:\/\/medicinasinc.com\/da\/wp-content\/uploads\/sites\/8\/2022\/02\/Buy-Quality-AL-LAD-blotters.jpg","width":225,"height":225},{"@type":"BreadcrumbList","@id":"https:\/\/medicinasinc.com\/da\/product\/kob-kvalitet-al-lad-blottere\/#breadcrumb","itemListElement":[{"@type":"ListItem","position":1,"name":"Butik","item":"https:\/\/medicinasinc.com\/da\/butik\/"},{"@type":"ListItem","position":2,"name":"K\u00f8b kvalitets AL-LAD blotters"}]},{"@type":"WebSite","@id":"https:\/\/medicinasinc.com\/da\/#website","url":"https:\/\/medicinasinc.com\/da\/","name":"Medicinas Inc","description":"Health Medical Clinic","potentialAction":[{"@type":"SearchAction","target":{"@type":"EntryPoint","urlTemplate":"https:\/\/medicinasinc.com\/da\/?s={search_term_string}"},"query-input":{"@type":"PropertyValueSpecification","valueRequired":true,"valueName":"search_term_string"}}],"inLanguage":"en-US"}]}},"_links":{"self":[{"href":"https:\/\/medicinasinc.com\/da\/wp-json\/wp\/v2\/product\/4859","targetHints":{"allow":["GET"]}}],"collection":[{"href":"https:\/\/medicinasinc.com\/da\/wp-json\/wp\/v2\/product"}],"about":[{"href":"https:\/\/medicinasinc.com\/da\/wp-json\/wp\/v2\/types\/product"}],"replies":[{"embeddable":true,"href":"https:\/\/medicinasinc.com\/da\/wp-json\/wp\/v2\/comments?post=4859"}],"wp:featuredmedia":[{"embeddable":true,"href":"https:\/\/medicinasinc.com\/da\/wp-json\/wp\/v2\/media\/4874"}],"wp:attachment":[{"href":"https:\/\/medicinasinc.com\/da\/wp-json\/wp\/v2\/media?parent=4859"}],"wp:term":[{"taxonomy":"product_brand","embeddable":true,"href":"https:\/\/medicinasinc.com\/da\/wp-json\/wp\/v2\/product_brand?post=4859"},{"taxonomy":"product_cat","embeddable":true,"href":"https:\/\/medicinasinc.com\/da\/wp-json\/wp\/v2\/product_cat?post=4859"},{"taxonomy":"product_tag","embeddable":true,"href":"https:\/\/medicinasinc.com\/da\/wp-json\/wp\/v2\/product_tag?post=4859"}],"curies":[{"name":"wp","href":"https:\/\/api.w.org\/{rel}","templated":true}]}}