{"id":4854,"date":"2022-02-20T16:56:44","date_gmt":"2022-02-20T16:56:44","guid":{"rendered":"https:\/\/medicinasinc.com\/da\/?post_type=product&#038;p=4854"},"modified":"2022-03-20T00:49:48","modified_gmt":"2022-03-20T00:49:48","slug":"buy-lsd-liquid-200ug-drop","status":"publish","type":"product","link":"https:\/\/medicinasinc.com\/da\/product\/buy-lsd-liquid-200ug-drop\/","title":{"rendered":"K\u00f8b LSD flydende 200ug Drop"},"content":{"rendered":"<p>K\u00f8b flydende LSD 200ug &amp; drop online til en rabatpris.<\/p>\n<p>Hvad er flydende LSD?<\/p>\n<p>LSD, eller lysergsyrediethylamid, er et hallucinogent stof, der stammer fra et kemikalie, der findes i rugsvampen. Det er bedst kendt for dets brug i 1960&#8217;ernes modkultur, og dets efterf\u00f8lgende forbud gav det et overvejende negativt ry.<\/p>\n<p>Albert Hofmann, en schweizisk videnskabsmand, syntetiserede LSD i 1938 i sit Z\u00fcrich-laboratorium. I 1943, da en sporm\u00e6ngde kom i kontakt med hans hud, opdagede han uventet dets hallucinogene egenskaber.<\/p>\n<p>K\u00f8b LSD LSD er et yderst potent hallucinogen med enorme terapeutiske, spirituelle og kulturelle implikationer.<\/p>\n<p>K\u00f8b flydende LSD 200ug &amp; drop online til en rabatpris \u2013 Farmakologi<\/p>\n<p>N\u00e5r det indtages, fungerer LSD som en 5-HT (serotonin) receptor aktivator, mens den ogs\u00e5 \u00f8ger serotoninniveauet i hjernen betydeligt ved at h\u00e6mme serotoninregulerende systemer. K\u00f8b flydende LSD 200ug &amp; drop online til en rabatpris. 200ug flydende LSD-pris LSD LSD foretr\u00e6kker 2A-undertypen af \u200b\u200bde 15 serotoninreceptorer, der findes i hjernen (5-HT2A). 5-HT2A-receptoren er involveret i pr\u00e6frontale cortex kognitive processer. Dette er kritisk, da mange af LSD&#8217;s fordele er afledt af dets involvering i den pr\u00e6frontale cortex.<\/p>\n<p>Hvordan syntetiseres LSD?<\/p>\n<p>LSD-produktion kr\u00e6ver et st\u00e6rkt praktisk kendskab til organisk kemi, en fuldt udstyret laboratorium (herunder muligheden for at sterilisere udstyr og adgang til et m\u00f8rkt rum), og flere kemikalier, der enten i \u00f8jeblikket er forbudt at s\u00e6lge eller er underlagt t\u00e6t overv\u00e5gning af Drug Enforcement Agency (DEA). I mods\u00e6tning til de kemikalier, der bruges til at fremstille metamfetamin, findes de ikke i almindeligt anvendte husholdningsartikler.<\/p>\n<p>Den pr\u00e6frontale cortex menes at v\u00e6re involveret i kompleks kognitiv adf\u00e6rdsplanl\u00e6gning, personlighedsudtryk, beslutningstagning og social adf\u00e6rdsmoderering . K\u00f8b flydende LSD 200ug &amp; drop online til en rabatpris. Derudover er det afg\u00f8rende for et menneskes evne til at behandle data fra alle andre hjernesystemer og tr\u00e6ffe m\u00e5lrettede beslutninger som f\u00f8lge heraf.<\/p>\n<p>Lysergsyrediethylamid, mere almindeligt omtalt som LSD, er et psykoaktivt stof, der \u00e6ndrer opfattelsen og for\u00e5rsager hallucinationer.<\/p>\n","protected":false},"excerpt":{"rendered":"<p>LSD Liquid 200ug drop til salg i Storbritannien, Europa til den bedste markedspris. Alle vores produkter er lavet med helt naturlige, THC-frie ingredienser. Bestil din ordre online nu!<\/p>\n<p>K\u00f8b flydende lsd 200ug &amp; drop online til en rabatpris. At k\u00f8be LSD er en simpel proces; den er let tilg\u00e6ngelig online i USA.<\/p>\n<p>200ug koster &#8211; 350<\/p>\n<p>&nbsp;<\/p>\n<p>&nbsp;<\/p>\n","protected":false},"featured_media":4868,"comment_status":"open","ping_status":"closed","template":"","meta":[],"product_brand":[],"product_cat":[703],"product_tag":[],"class_list":{"0":"post-4854","1":"product","2":"type-product","3":"status-publish","4":"has-post-thumbnail","6":"product_cat-kbe-psykedeliske-stoffer","8":"first","9":"instock","10":"shipping-taxable","11":"purchasable","12":"product-type-simple"},"yoast_head":"<!-- This site is optimized with the Yoast SEO plugin v27.3 - https:\/\/yoast.com\/product\/yoast-seo-wordpress\/ -->\n<title>K\u00f8b LSD flydende 200ug Drop - Bedste bedste globale medicin<\/title>\n<meta name=\"description\" content=\"K\u00f8b LSD Liquid 200ug drop i Storbritannien, Europa til salg til den bedste markedspris. Alle vores produkter er lavet med rene naturlige ingredienser fri for THC. Bestil online nu!\" \/>\n<meta name=\"robots\" content=\"index, follow, max-snippet:-1, max-image-preview:large, max-video-preview:-1\" \/>\n<link rel=\"canonical\" href=\"https:\/\/medicinasinc.com\/da\/product\/buy-lsd-liquid-200ug-drop\/\" \/>\n<meta property=\"og:locale\" content=\"en_US\" \/>\n<meta property=\"og:type\" content=\"article\" \/>\n<meta property=\"og:title\" content=\"K\u00f8b LSD flydende 200ug Drop - Bedste bedste globale medicin\" \/>\n<meta property=\"og:description\" content=\"K\u00f8b LSD Liquid 200ug drop i Storbritannien, Europa til salg til den bedste markedspris. Alle vores produkter er lavet med rene naturlige ingredienser fri for THC. Bestil online nu!\" \/>\n<meta property=\"og:url\" content=\"https:\/\/medicinasinc.com\/da\/product\/buy-lsd-liquid-200ug-drop\/\" \/>\n<meta property=\"og:site_name\" content=\"Medicinas Inc\" \/>\n<meta property=\"article:modified_time\" content=\"2022-03-20T00:49:48+00:00\" \/>\n<meta property=\"og:image\" content=\"https:\/\/medicinasinc.com\/da\/wp-content\/uploads\/sites\/8\/2022\/02\/Buy-LSD-liquid-200ug-Drop.jpg\" \/>\n\t<meta property=\"og:image:width\" content=\"363\" \/>\n\t<meta property=\"og:image:height\" content=\"445\" \/>\n\t<meta property=\"og:image:type\" content=\"image\/jpeg\" \/>\n<meta name=\"twitter:card\" content=\"summary_large_image\" \/>\n<meta name=\"twitter:label1\" content=\"Est. reading time\" \/>\n\t<meta name=\"twitter:data1\" content=\"2 minutes\" \/>\n<script type=\"application\/ld+json\" class=\"yoast-schema-graph\">{\"@context\":\"https:\\\/\\\/schema.org\",\"@graph\":[{\"@type\":\"WebPage\",\"@id\":\"https:\\\/\\\/medicinasinc.com\\\/da\\\/product\\\/buy-lsd-liquid-200ug-drop\\\/\",\"url\":\"https:\\\/\\\/medicinasinc.com\\\/da\\\/product\\\/buy-lsd-liquid-200ug-drop\\\/\",\"name\":\"K\u00f8b LSD flydende 200ug Drop - Bedste bedste globale medicin\",\"isPartOf\":{\"@id\":\"https:\\\/\\\/medicinasinc.com\\\/da\\\/#website\"},\"primaryImageOfPage\":{\"@id\":\"https:\\\/\\\/medicinasinc.com\\\/da\\\/product\\\/buy-lsd-liquid-200ug-drop\\\/#primaryimage\"},\"image\":{\"@id\":\"https:\\\/\\\/medicinasinc.com\\\/da\\\/product\\\/buy-lsd-liquid-200ug-drop\\\/#primaryimage\"},\"thumbnailUrl\":\"https:\\\/\\\/medicinasinc.com\\\/da\\\/wp-content\\\/uploads\\\/sites\\\/8\\\/2022\\\/02\\\/Buy-LSD-liquid-200ug-Drop.jpg\",\"datePublished\":\"2022-02-20T16:56:44+00:00\",\"dateModified\":\"2022-03-20T00:49:48+00:00\",\"description\":\"K\u00f8b LSD Liquid 200ug drop i Storbritannien, Europa til salg til den bedste markedspris. Alle vores produkter er lavet med rene naturlige ingredienser fri for THC. Bestil online nu!\",\"breadcrumb\":{\"@id\":\"https:\\\/\\\/medicinasinc.com\\\/da\\\/product\\\/buy-lsd-liquid-200ug-drop\\\/#breadcrumb\"},\"inLanguage\":\"en-US\",\"potentialAction\":[{\"@type\":\"ReadAction\",\"target\":[\"https:\\\/\\\/medicinasinc.com\\\/da\\\/product\\\/buy-lsd-liquid-200ug-drop\\\/\"]}]},{\"@type\":\"ImageObject\",\"inLanguage\":\"en-US\",\"@id\":\"https:\\\/\\\/medicinasinc.com\\\/da\\\/product\\\/buy-lsd-liquid-200ug-drop\\\/#primaryimage\",\"url\":\"https:\\\/\\\/medicinasinc.com\\\/da\\\/wp-content\\\/uploads\\\/sites\\\/8\\\/2022\\\/02\\\/Buy-LSD-liquid-200ug-Drop.jpg\",\"contentUrl\":\"https:\\\/\\\/medicinasinc.com\\\/da\\\/wp-content\\\/uploads\\\/sites\\\/8\\\/2022\\\/02\\\/Buy-LSD-liquid-200ug-Drop.jpg\",\"width\":363,\"height\":445},{\"@type\":\"BreadcrumbList\",\"@id\":\"https:\\\/\\\/medicinasinc.com\\\/da\\\/product\\\/buy-lsd-liquid-200ug-drop\\\/#breadcrumb\",\"itemListElement\":[{\"@type\":\"ListItem\",\"position\":1,\"name\":\"Butik\",\"item\":\"https:\\\/\\\/medicinasinc.com\\\/da\\\/butik\\\/\"},{\"@type\":\"ListItem\",\"position\":2,\"name\":\"K\u00f8b LSD flydende 200ug Drop\"}]},{\"@type\":\"WebSite\",\"@id\":\"https:\\\/\\\/medicinasinc.com\\\/da\\\/#website\",\"url\":\"https:\\\/\\\/medicinasinc.com\\\/da\\\/\",\"name\":\"Medicinas Inc\",\"description\":\"Health Medical Clinic\",\"potentialAction\":[{\"@type\":\"SearchAction\",\"target\":{\"@type\":\"EntryPoint\",\"urlTemplate\":\"https:\\\/\\\/medicinasinc.com\\\/da\\\/?s={search_term_string}\"},\"query-input\":{\"@type\":\"PropertyValueSpecification\",\"valueRequired\":true,\"valueName\":\"search_term_string\"}}],\"inLanguage\":\"en-US\"}]}<\/script>\n<!-- \/ Yoast SEO plugin. -->","yoast_head_json":{"title":"K\u00f8b LSD flydende 200ug Drop - Bedste bedste globale medicin","description":"K\u00f8b LSD Liquid 200ug drop i Storbritannien, Europa til salg til den bedste markedspris. Alle vores produkter er lavet med rene naturlige ingredienser fri for THC. Bestil online nu!","robots":{"index":"index","follow":"follow","max-snippet":"max-snippet:-1","max-image-preview":"max-image-preview:large","max-video-preview":"max-video-preview:-1"},"canonical":"https:\/\/medicinasinc.com\/da\/product\/buy-lsd-liquid-200ug-drop\/","og_locale":"en_US","og_type":"article","og_title":"K\u00f8b LSD flydende 200ug Drop - Bedste bedste globale medicin","og_description":"K\u00f8b LSD Liquid 200ug drop i Storbritannien, Europa til salg til den bedste markedspris. Alle vores produkter er lavet med rene naturlige ingredienser fri for THC. Bestil online nu!","og_url":"https:\/\/medicinasinc.com\/da\/product\/buy-lsd-liquid-200ug-drop\/","og_site_name":"Medicinas Inc","article_modified_time":"2022-03-20T00:49:48+00:00","og_image":[{"width":363,"height":445,"url":"https:\/\/medicinasinc.com\/da\/wp-content\/uploads\/sites\/8\/2022\/02\/Buy-LSD-liquid-200ug-Drop.jpg","type":"image\/jpeg"}],"twitter_card":"summary_large_image","twitter_misc":{"Est. reading time":"2 minutes"},"schema":{"@context":"https:\/\/schema.org","@graph":[{"@type":"WebPage","@id":"https:\/\/medicinasinc.com\/da\/product\/buy-lsd-liquid-200ug-drop\/","url":"https:\/\/medicinasinc.com\/da\/product\/buy-lsd-liquid-200ug-drop\/","name":"K\u00f8b LSD flydende 200ug Drop - Bedste bedste globale medicin","isPartOf":{"@id":"https:\/\/medicinasinc.com\/da\/#website"},"primaryImageOfPage":{"@id":"https:\/\/medicinasinc.com\/da\/product\/buy-lsd-liquid-200ug-drop\/#primaryimage"},"image":{"@id":"https:\/\/medicinasinc.com\/da\/product\/buy-lsd-liquid-200ug-drop\/#primaryimage"},"thumbnailUrl":"https:\/\/medicinasinc.com\/da\/wp-content\/uploads\/sites\/8\/2022\/02\/Buy-LSD-liquid-200ug-Drop.jpg","datePublished":"2022-02-20T16:56:44+00:00","dateModified":"2022-03-20T00:49:48+00:00","description":"K\u00f8b LSD Liquid 200ug drop i Storbritannien, Europa til salg til den bedste markedspris. Alle vores produkter er lavet med rene naturlige ingredienser fri for THC. Bestil online nu!","breadcrumb":{"@id":"https:\/\/medicinasinc.com\/da\/product\/buy-lsd-liquid-200ug-drop\/#breadcrumb"},"inLanguage":"en-US","potentialAction":[{"@type":"ReadAction","target":["https:\/\/medicinasinc.com\/da\/product\/buy-lsd-liquid-200ug-drop\/"]}]},{"@type":"ImageObject","inLanguage":"en-US","@id":"https:\/\/medicinasinc.com\/da\/product\/buy-lsd-liquid-200ug-drop\/#primaryimage","url":"https:\/\/medicinasinc.com\/da\/wp-content\/uploads\/sites\/8\/2022\/02\/Buy-LSD-liquid-200ug-Drop.jpg","contentUrl":"https:\/\/medicinasinc.com\/da\/wp-content\/uploads\/sites\/8\/2022\/02\/Buy-LSD-liquid-200ug-Drop.jpg","width":363,"height":445},{"@type":"BreadcrumbList","@id":"https:\/\/medicinasinc.com\/da\/product\/buy-lsd-liquid-200ug-drop\/#breadcrumb","itemListElement":[{"@type":"ListItem","position":1,"name":"Butik","item":"https:\/\/medicinasinc.com\/da\/butik\/"},{"@type":"ListItem","position":2,"name":"K\u00f8b LSD flydende 200ug Drop"}]},{"@type":"WebSite","@id":"https:\/\/medicinasinc.com\/da\/#website","url":"https:\/\/medicinasinc.com\/da\/","name":"Medicinas Inc","description":"Health Medical Clinic","potentialAction":[{"@type":"SearchAction","target":{"@type":"EntryPoint","urlTemplate":"https:\/\/medicinasinc.com\/da\/?s={search_term_string}"},"query-input":{"@type":"PropertyValueSpecification","valueRequired":true,"valueName":"search_term_string"}}],"inLanguage":"en-US"}]}},"_links":{"self":[{"href":"https:\/\/medicinasinc.com\/da\/wp-json\/wp\/v2\/product\/4854","targetHints":{"allow":["GET"]}}],"collection":[{"href":"https:\/\/medicinasinc.com\/da\/wp-json\/wp\/v2\/product"}],"about":[{"href":"https:\/\/medicinasinc.com\/da\/wp-json\/wp\/v2\/types\/product"}],"replies":[{"embeddable":true,"href":"https:\/\/medicinasinc.com\/da\/wp-json\/wp\/v2\/comments?post=4854"}],"wp:featuredmedia":[{"embeddable":true,"href":"https:\/\/medicinasinc.com\/da\/wp-json\/wp\/v2\/media\/4868"}],"wp:attachment":[{"href":"https:\/\/medicinasinc.com\/da\/wp-json\/wp\/v2\/media?parent=4854"}],"wp:term":[{"taxonomy":"product_brand","embeddable":true,"href":"https:\/\/medicinasinc.com\/da\/wp-json\/wp\/v2\/product_brand?post=4854"},{"taxonomy":"product_cat","embeddable":true,"href":"https:\/\/medicinasinc.com\/da\/wp-json\/wp\/v2\/product_cat?post=4854"},{"taxonomy":"product_tag","embeddable":true,"href":"https:\/\/medicinasinc.com\/da\/wp-json\/wp\/v2\/product_tag?post=4854"}],"curies":[{"name":"wp","href":"https:\/\/api.w.org\/{rel}","templated":true}]}}