{"id":4849,"date":"2022-02-20T16:51:26","date_gmt":"2022-02-20T16:51:26","guid":{"rendered":"https:\/\/medicinasinc.com\/da\/?post_type=product&#038;p=4849"},"modified":"2022-03-20T00:50:01","modified_gmt":"2022-03-20T00:50:01","slug":"kob-ibogaine-pulver","status":"publish","type":"product","link":"https:\/\/medicinasinc.com\/da\/product\/kob-ibogaine-pulver\/","title":{"rendered":"K\u00f8b Ibogaine Powder"},"content":{"rendered":"<p>Ibogainhydrochlorid<\/p>\n<p>Ibogain HCL er et naturligt forekommende psykoaktivt stof, der findes i planter, der tilh\u00f8rer familien Apocynaceae, herunder Tabernanthe iboga, Voacanga africana og Tabernaemontana undulata.<\/p>\n<p>Det er en dissociativ psykedelisk. Forel\u00f8big forskning peger p\u00e5, at det kan v\u00e6re gavnligt i behandlingen af \u200b\u200bstofmisbrug. Ibogaine kan k\u00f8bes. Ibogaine HCL kan k\u00f8bes online. Ibogain hydrochlorid pulver. Ibogain kan k\u00f8bes online.<\/p>\n<p>Derudover er der fra 2016 adskillige former for ibogain tilg\u00e6ngelige, lige fra rodpulveret, som indeholder ekstremt spor af ibogain og har meget lidt effekt, n\u00e5r det bruges til at lindre opioid abstinenssymptomer, til h\u00f8jt oprenset, 99,7 procent ren Ibogaine HCL. Ibogaine HCL til salg online<\/p>\n<p>Ibogaine Hydrochloride til salg<\/p>\n<p>Til at begynde med bruger vi 99,7 % ren farmaceutisk kvalitet Ibogaine HCL p\u00e5 Meds Consultings behandlingscenter for ibogaine. Vi bruger ikke billig semisyntetisk ibogain afledt af Voacanga africana, og vi bruger heller ikke ekstrakter af TA (total alkaloid) eller PTA (oprenset total alkaloid). Ibogaine kan k\u00f8bes online.<\/p>\n<p>Vores r\u00e5materialer stammer fra Cameroun (ikke Gabon), via et bondekooperativ, der har dyrket TA iboga til vores brug siden midten af \u200b\u200b1990&#8217;erne ved at bruge milj\u00f8venligt, b\u00e6redygtigt landbrug praksis. Vi bruger ikke materialer fra de sorte eller gr\u00e5 markeder, som er ukendte med hensyn til oprindelse eller renhed. Ibogaine HCL kan k\u00f8bes online.<\/p>\n<p>Vores ibogainhydrochlorid blev fremstillet i et cGMP-kompatibelt laboratorium, der overholder alle USFDA-retningslinjer. Meds Consulting bruger den reneste Ibogaine HCL, der er tilg\u00e6ngelig, n\u00e5r man bruger naturlig produktkemi; vores materialer er certificeret 99,7 % rene via HPLC-assay.<\/p>\n<p>Ibogaines psykoaktive egenskaber<\/p>\n<p>Til at begynde med producerer Ibogaines psykoaktive egenskaber en forbedret spirituel oplevelse. Patienten opn\u00e5r dyb indsigt, som giver dem klarhed over deres liv og motiverer dem til at foretage psykologiske forandringer og leve et stoffrit liv. Ibogain kan k\u00f8bes.<\/p>\n<p>Ibogain har et betydeligt potentiale til behandling af h\u00e5rde stoffer, s\u00e5som heroin, metadon, kokain, crack og alkohol, if\u00f8lge unders\u00f8gelser. Derudover er der bevis for, at det er gavnligt i behandlingen af \u200b\u200btobaksafh\u00e6ngighed. Ibogaine kan k\u00f8bes online.<\/p>\n<p>Derudover giver Ibogaine muligheder for psykoterapi og spirituel l\u00e6rer. Derudover kan Ibogaine bruges i psykoterapi til at behandle virkningerne af traumer eller konditionering. Ibogain kan k\u00f8bes.<\/p>\n<p>Er terapi effektiv og sikker?<\/p>\n<p>Enkeltpersoner leder af og til efter ibogain til salg i h\u00e5bet om at gennemg\u00e5 ibogainterapi for opiatafh\u00e6ngighed. Men som med enhver behandling garanterer ibogainterapi ikke succes. Det bedste ibogainhydrochloridpulver<\/p>\n<p>Derudover kan ibogain HCL-terapi bruges til at hj\u00e6lpe en person med at overvinde en opiatafh\u00e6ngighed. Ibogain kan k\u00f8bes.<\/p>\n<p>Derudover hj\u00e6lper ibogain med at nulstille kemiske niveauer i hjernen, men hjernen bliver relativt hurtigt fysisk afh\u00e6ngig af ibogain. S\u00e5ledes, hvis en person indtager en overdreven m\u00e6ngde ibogain p\u00e5 \u00e9n gang, kan han eller hun lide af en fatal overdosis. Ibogaine kan k\u00f8bes online.<\/p>\n<p>Ikke alle ibogaine er skabt lige. Forskellige materialer kan have markant forskellige virkninger. Vores ibogaine er identisk med det, der er brugt i alle monografier offentliggjort i peer-reviewede tidsskrifter til dato, hvilket viser ibogaines formodede evne til at lindre abstinenssymptomer forbundet med polysubstansmisbrug. Ibogaine kan k\u00f8bes online.<\/p>\n<p>Vi leverer verdens sikreste og mest effektive ibogaine detox-program, ved at bruge det reneste ibogaine hydrochlorid, der er tilg\u00e6ngeligt p\u00e5 planeten. Ibogainhydrochloridpulver.<\/p>\n","protected":false},"excerpt":{"rendered":"<div class=\"woocommerce-product-details__short-description\">\n<p>K\u00f8b Ibogaine Powder fra Afrika i Storbritannien, Europa til salg fra den bedste hjemmeside, Ibogaine til salg online. F\u00e5 Iboga rodbark, Ibogaine hcl, Iboga TA, Ibogaine capsule og voacanga ved get ibogaine.<\/p>\n<p>Ibogaine HCL (Hydrochlorid) er isoleret fra vores Iboga TA-ekstrakt og er ~95-99% ren Ibogaine HCL.<\/p>\n<\/p><\/div>\n","protected":false},"featured_media":4862,"comment_status":"open","ping_status":"closed","template":"","meta":[],"product_brand":[],"product_cat":[703],"product_tag":[742,729,730,731,732,733,725,735,738,737,739,740,736,734,741,726,727,728,743,744],"class_list":{"0":"post-4849","1":"product","2":"type-product","3":"status-publish","4":"has-post-thumbnail","6":"product_cat-kbe-psykedeliske-stoffer","7":"product_tag-bestil-iboga-online","8":"product_tag-buy-iboga-root-bark-chips","9":"product_tag-buy-iboga-root-bark-online","10":"product_tag-buy-ibogaine","11":"product_tag-buy-ibogaine-online","12":"product_tag-eboka","13":"product_tag-helligt-tr","14":"product_tag-iboga-powder","15":"product_tag-iboga-rod-bark-til-salg","16":"product_tag-iboga-rod-bark-flis-til-salg","17":"product_tag-iboga-root-bark-for-sale","18":"product_tag-iboga-root-bark-for-sale-online","19":"product_tag-iboga-root-tilbage-til-salg","20":"product_tag-iboga-til-salg","21":"product_tag-ibogaine-til-salg","22":"product_tag-kb-iboga","23":"product_tag-kb-iboga-rod-tilbage","24":"product_tag-kb-iboga-stang-bark","25":"product_tag-pure-iboga-powder-for-sale","26":"product_tag-tabernanthe-iboga","28":"first","29":"instock","30":"shipping-taxable","31":"purchasable","32":"product-type-variable","33":"has-default-attributes"},"yoast_head":"<!-- This site is optimized with the Yoast SEO plugin v27.3 - https:\/\/yoast.com\/product\/yoast-seo-wordpress\/ -->\n<title>K\u00f8b Ibogaine Powder - Iboga til salg - Bedste bedste globale medicin<\/title>\n<meta name=\"description\" content=\"K\u00f8b Ibogaine Powder fra Afrika i Storbritannien, Europa til salg fra den bedste hjemmeside, Ibogaine til salg online. F\u00e5 Iboga rodbark, Ibogaine hcl, Iboga TA, Ibogaine kapsel og voacanga hos f\u00e5 ibogaine.\" \/>\n<meta name=\"robots\" content=\"index, follow, max-snippet:-1, max-image-preview:large, max-video-preview:-1\" \/>\n<link rel=\"canonical\" href=\"https:\/\/medicinasinc.com\/da\/product\/kob-ibogaine-pulver\/\" \/>\n<meta property=\"og:locale\" content=\"en_US\" \/>\n<meta property=\"og:type\" content=\"article\" \/>\n<meta property=\"og:title\" content=\"K\u00f8b Ibogaine Powder - Iboga til salg - Bedste bedste globale medicin\" \/>\n<meta property=\"og:description\" content=\"K\u00f8b Ibogaine Powder fra Afrika i Storbritannien, Europa til salg fra den bedste hjemmeside, Ibogaine til salg online. F\u00e5 Iboga rodbark, Ibogaine hcl, Iboga TA, Ibogaine kapsel og voacanga hos f\u00e5 ibogaine.\" \/>\n<meta property=\"og:url\" content=\"https:\/\/medicinasinc.com\/da\/product\/kob-ibogaine-pulver\/\" \/>\n<meta property=\"og:site_name\" content=\"Medicinas Inc\" \/>\n<meta property=\"article:modified_time\" content=\"2022-03-20T00:50:01+00:00\" \/>\n<meta property=\"og:image\" content=\"https:\/\/medicinasinc.com\/da\/wp-content\/uploads\/sites\/8\/2022\/02\/Buy-Ibogaine-Powder.webp\" \/>\n\t<meta property=\"og:image:width\" content=\"400\" \/>\n\t<meta property=\"og:image:height\" content=\"533\" \/>\n\t<meta property=\"og:image:type\" content=\"image\/webp\" \/>\n<meta name=\"twitter:card\" content=\"summary_large_image\" \/>\n<meta name=\"twitter:label1\" content=\"Est. reading time\" \/>\n\t<meta name=\"twitter:data1\" content=\"3 minutes\" \/>\n<script type=\"application\/ld+json\" class=\"yoast-schema-graph\">{\"@context\":\"https:\\\/\\\/schema.org\",\"@graph\":[{\"@type\":\"WebPage\",\"@id\":\"https:\\\/\\\/medicinasinc.com\\\/da\\\/product\\\/kob-ibogaine-pulver\\\/\",\"url\":\"https:\\\/\\\/medicinasinc.com\\\/da\\\/product\\\/kob-ibogaine-pulver\\\/\",\"name\":\"K\u00f8b Ibogaine Powder - Iboga til salg - Bedste bedste globale medicin\",\"isPartOf\":{\"@id\":\"https:\\\/\\\/medicinasinc.com\\\/da\\\/#website\"},\"primaryImageOfPage\":{\"@id\":\"https:\\\/\\\/medicinasinc.com\\\/da\\\/product\\\/kob-ibogaine-pulver\\\/#primaryimage\"},\"image\":{\"@id\":\"https:\\\/\\\/medicinasinc.com\\\/da\\\/product\\\/kob-ibogaine-pulver\\\/#primaryimage\"},\"thumbnailUrl\":\"https:\\\/\\\/medicinasinc.com\\\/da\\\/wp-content\\\/uploads\\\/sites\\\/8\\\/2022\\\/02\\\/Buy-Ibogaine-Powder.webp\",\"datePublished\":\"2022-02-20T16:51:26+00:00\",\"dateModified\":\"2022-03-20T00:50:01+00:00\",\"description\":\"K\u00f8b Ibogaine Powder fra Afrika i Storbritannien, Europa til salg fra den bedste hjemmeside, Ibogaine til salg online. F\u00e5 Iboga rodbark, Ibogaine hcl, Iboga TA, Ibogaine kapsel og voacanga hos f\u00e5 ibogaine.\",\"breadcrumb\":{\"@id\":\"https:\\\/\\\/medicinasinc.com\\\/da\\\/product\\\/kob-ibogaine-pulver\\\/#breadcrumb\"},\"inLanguage\":\"en-US\",\"potentialAction\":[{\"@type\":\"ReadAction\",\"target\":[\"https:\\\/\\\/medicinasinc.com\\\/da\\\/product\\\/kob-ibogaine-pulver\\\/\"]}]},{\"@type\":\"ImageObject\",\"inLanguage\":\"en-US\",\"@id\":\"https:\\\/\\\/medicinasinc.com\\\/da\\\/product\\\/kob-ibogaine-pulver\\\/#primaryimage\",\"url\":\"https:\\\/\\\/medicinasinc.com\\\/da\\\/wp-content\\\/uploads\\\/sites\\\/8\\\/2022\\\/02\\\/Buy-Ibogaine-Powder.webp\",\"contentUrl\":\"https:\\\/\\\/medicinasinc.com\\\/da\\\/wp-content\\\/uploads\\\/sites\\\/8\\\/2022\\\/02\\\/Buy-Ibogaine-Powder.webp\",\"width\":400,\"height\":533},{\"@type\":\"BreadcrumbList\",\"@id\":\"https:\\\/\\\/medicinasinc.com\\\/da\\\/product\\\/kob-ibogaine-pulver\\\/#breadcrumb\",\"itemListElement\":[{\"@type\":\"ListItem\",\"position\":1,\"name\":\"Butik\",\"item\":\"https:\\\/\\\/medicinasinc.com\\\/da\\\/butik\\\/\"},{\"@type\":\"ListItem\",\"position\":2,\"name\":\"K\u00f8b Ibogaine Powder\"}]},{\"@type\":\"WebSite\",\"@id\":\"https:\\\/\\\/medicinasinc.com\\\/da\\\/#website\",\"url\":\"https:\\\/\\\/medicinasinc.com\\\/da\\\/\",\"name\":\"Medicinas Inc\",\"description\":\"Health Medical Clinic\",\"potentialAction\":[{\"@type\":\"SearchAction\",\"target\":{\"@type\":\"EntryPoint\",\"urlTemplate\":\"https:\\\/\\\/medicinasinc.com\\\/da\\\/?s={search_term_string}\"},\"query-input\":{\"@type\":\"PropertyValueSpecification\",\"valueRequired\":true,\"valueName\":\"search_term_string\"}}],\"inLanguage\":\"en-US\"}]}<\/script>\n<!-- \/ Yoast SEO plugin. -->","yoast_head_json":{"title":"K\u00f8b Ibogaine Powder - Iboga til salg - Bedste bedste globale medicin","description":"K\u00f8b Ibogaine Powder fra Afrika i Storbritannien, Europa til salg fra den bedste hjemmeside, Ibogaine til salg online. F\u00e5 Iboga rodbark, Ibogaine hcl, Iboga TA, Ibogaine kapsel og voacanga hos f\u00e5 ibogaine.","robots":{"index":"index","follow":"follow","max-snippet":"max-snippet:-1","max-image-preview":"max-image-preview:large","max-video-preview":"max-video-preview:-1"},"canonical":"https:\/\/medicinasinc.com\/da\/product\/kob-ibogaine-pulver\/","og_locale":"en_US","og_type":"article","og_title":"K\u00f8b Ibogaine Powder - Iboga til salg - Bedste bedste globale medicin","og_description":"K\u00f8b Ibogaine Powder fra Afrika i Storbritannien, Europa til salg fra den bedste hjemmeside, Ibogaine til salg online. F\u00e5 Iboga rodbark, Ibogaine hcl, Iboga TA, Ibogaine kapsel og voacanga hos f\u00e5 ibogaine.","og_url":"https:\/\/medicinasinc.com\/da\/product\/kob-ibogaine-pulver\/","og_site_name":"Medicinas Inc","article_modified_time":"2022-03-20T00:50:01+00:00","og_image":[{"width":400,"height":533,"url":"https:\/\/medicinasinc.com\/da\/wp-content\/uploads\/sites\/8\/2022\/02\/Buy-Ibogaine-Powder.webp","type":"image\/webp"}],"twitter_card":"summary_large_image","twitter_misc":{"Est. reading time":"3 minutes"},"schema":{"@context":"https:\/\/schema.org","@graph":[{"@type":"WebPage","@id":"https:\/\/medicinasinc.com\/da\/product\/kob-ibogaine-pulver\/","url":"https:\/\/medicinasinc.com\/da\/product\/kob-ibogaine-pulver\/","name":"K\u00f8b Ibogaine Powder - Iboga til salg - Bedste bedste globale medicin","isPartOf":{"@id":"https:\/\/medicinasinc.com\/da\/#website"},"primaryImageOfPage":{"@id":"https:\/\/medicinasinc.com\/da\/product\/kob-ibogaine-pulver\/#primaryimage"},"image":{"@id":"https:\/\/medicinasinc.com\/da\/product\/kob-ibogaine-pulver\/#primaryimage"},"thumbnailUrl":"https:\/\/medicinasinc.com\/da\/wp-content\/uploads\/sites\/8\/2022\/02\/Buy-Ibogaine-Powder.webp","datePublished":"2022-02-20T16:51:26+00:00","dateModified":"2022-03-20T00:50:01+00:00","description":"K\u00f8b Ibogaine Powder fra Afrika i Storbritannien, Europa til salg fra den bedste hjemmeside, Ibogaine til salg online. F\u00e5 Iboga rodbark, Ibogaine hcl, Iboga TA, Ibogaine kapsel og voacanga hos f\u00e5 ibogaine.","breadcrumb":{"@id":"https:\/\/medicinasinc.com\/da\/product\/kob-ibogaine-pulver\/#breadcrumb"},"inLanguage":"en-US","potentialAction":[{"@type":"ReadAction","target":["https:\/\/medicinasinc.com\/da\/product\/kob-ibogaine-pulver\/"]}]},{"@type":"ImageObject","inLanguage":"en-US","@id":"https:\/\/medicinasinc.com\/da\/product\/kob-ibogaine-pulver\/#primaryimage","url":"https:\/\/medicinasinc.com\/da\/wp-content\/uploads\/sites\/8\/2022\/02\/Buy-Ibogaine-Powder.webp","contentUrl":"https:\/\/medicinasinc.com\/da\/wp-content\/uploads\/sites\/8\/2022\/02\/Buy-Ibogaine-Powder.webp","width":400,"height":533},{"@type":"BreadcrumbList","@id":"https:\/\/medicinasinc.com\/da\/product\/kob-ibogaine-pulver\/#breadcrumb","itemListElement":[{"@type":"ListItem","position":1,"name":"Butik","item":"https:\/\/medicinasinc.com\/da\/butik\/"},{"@type":"ListItem","position":2,"name":"K\u00f8b Ibogaine Powder"}]},{"@type":"WebSite","@id":"https:\/\/medicinasinc.com\/da\/#website","url":"https:\/\/medicinasinc.com\/da\/","name":"Medicinas Inc","description":"Health Medical Clinic","potentialAction":[{"@type":"SearchAction","target":{"@type":"EntryPoint","urlTemplate":"https:\/\/medicinasinc.com\/da\/?s={search_term_string}"},"query-input":{"@type":"PropertyValueSpecification","valueRequired":true,"valueName":"search_term_string"}}],"inLanguage":"en-US"}]}},"_links":{"self":[{"href":"https:\/\/medicinasinc.com\/da\/wp-json\/wp\/v2\/product\/4849","targetHints":{"allow":["GET"]}}],"collection":[{"href":"https:\/\/medicinasinc.com\/da\/wp-json\/wp\/v2\/product"}],"about":[{"href":"https:\/\/medicinasinc.com\/da\/wp-json\/wp\/v2\/types\/product"}],"replies":[{"embeddable":true,"href":"https:\/\/medicinasinc.com\/da\/wp-json\/wp\/v2\/comments?post=4849"}],"wp:featuredmedia":[{"embeddable":true,"href":"https:\/\/medicinasinc.com\/da\/wp-json\/wp\/v2\/media\/4862"}],"wp:attachment":[{"href":"https:\/\/medicinasinc.com\/da\/wp-json\/wp\/v2\/media?parent=4849"}],"wp:term":[{"taxonomy":"product_brand","embeddable":true,"href":"https:\/\/medicinasinc.com\/da\/wp-json\/wp\/v2\/product_brand?post=4849"},{"taxonomy":"product_cat","embeddable":true,"href":"https:\/\/medicinasinc.com\/da\/wp-json\/wp\/v2\/product_cat?post=4849"},{"taxonomy":"product_tag","embeddable":true,"href":"https:\/\/medicinasinc.com\/da\/wp-json\/wp\/v2\/product_tag?post=4849"}],"curies":[{"name":"wp","href":"https:\/\/api.w.org\/{rel}","templated":true}]}}