{"id":4848,"date":"2022-02-20T16:50:30","date_gmt":"2022-02-20T16:50:30","guid":{"rendered":"https:\/\/medicinasinc.com\/da\/?post_type=product&#038;p=4848"},"modified":"2022-03-20T00:50:09","modified_gmt":"2022-03-20T00:50:09","slug":"kob-ketamin-pulver","status":"publish","type":"product","link":"https:\/\/medicinasinc.com\/da\/product\/kob-ketamin-pulver\/","title":{"rendered":"K\u00f8b ketaminpulver"},"content":{"rendered":"<p>Ketaminpulver kan k\u00f8bes online.<\/p>\n<p>K\u00f8b ketaminpulver til postoperativ smertebehandling<br \/> Postoperative smerter opst\u00e5r efter st\u00f8rre operation, der omfatter snit og transplantation. Det kan vare i to til fem dage, og det er n\u00f8dvendigt med korrekt behandling for at udrydde den. Utilstr\u00e6kkelig kontrol kan resultere i immobilitet, sv\u00e6rere tid at genvinde funktionen og en forsinket restitution. M\u00e5let er at lindre ubehag med f\u00e6rrest mulige bivirkninger. P\u00e5 trods af mange \u00e5rs fremskridt inden for smertebehandling, forbliver det prim\u00e6re ophold i postoperativ terapi bed\u00f8velsesmidler s\u00e5som ketaminpulver til salg. De binder sig til centralnervesystemets receptorer og h\u00e6mmer transmissionen af \u200b\u200bsmertesignaler. Det har en hurtig inds\u00e6ttende virkning og en virkningsvarighed p\u00e5 en time. De ansvarlige for at administrere medicinen b\u00f8r sikre, at der ikke opst\u00e5r d\u00f8delige interaktioner.<\/p>\n<p>Bedste globale medicin \u2013 den eneste kilde til overkommelig ketaminpulver<br \/> En lang r\u00e6kke receptpligtige l\u00e6gemidler er nu tilg\u00e6ngelige uden at flytte en tomme fra et sted. Hos Best Global Meds kan du bestille ketaminpulver fra dit hjem eller kontor. Vi bestr\u00e6ber os p\u00e5 at g\u00f8re online shopping enkel og sikker for vores kunder. Derfor accepterer vi en r\u00e6kke forskellige betalingsmetoder, herunder kryptovaluta, og beskytter dine kreditkortoplysninger gennem kreditkortkryptering. Derudover er forsendelsesproceduren risikofri. Vi samarbejder med velrenommerede transport\u00f8rer for at sikre din medicin og sende dem direkte til dit hjem.<\/p>\n<p>Hvis du har sp\u00f8rgsm\u00e5l om os eller vores produkter, bedes du kontakte en af \u200b\u200bvores ledere. Vi besvarer gerne alle sp\u00f8rgsm\u00e5l, du m\u00e5tte have!<\/p>\n","protected":false},"excerpt":{"rendered":"<div class=\"woocommerce-product-details__short-description\">\n<p>K\u00f8b ketaminpulver Forsendelse til EU, betaling via Bitcoin. Ketaminpulver med rabat &#8211; k\u00f8be forskningskemikalier i Europa. Europas st\u00f8rste forhandler af ketaminpulver.<\/p>\n<p>Ketaminpulver kan k\u00f8bes online. K\u00f8b ketamin HCL pulver online \u2013 K\u00f8b ketamin pulver online \u2013 Bestil ketamin pulver<\/p>\n<\/p><\/div>\n","protected":false},"featured_media":4860,"comment_status":"open","ping_status":"closed","template":"","meta":[],"product_brand":[],"product_cat":[703],"product_tag":[],"class_list":{"0":"post-4848","1":"product","2":"type-product","3":"status-publish","4":"has-post-thumbnail","6":"product_cat-kbe-psykedeliske-stoffer","8":"first","9":"instock","10":"shipping-taxable","11":"purchasable","12":"product-type-variable","13":"has-default-attributes"},"yoast_head":"<!-- This site is optimized with the Yoast SEO plugin v27.3 - https:\/\/yoast.com\/product\/yoast-seo-wordpress\/ -->\n<title>K\u00f8b Ketamin Powder - Ketamin udsalg Europa - Bedste bedste globale medicin<\/title>\n<meta name=\"description\" content=\"K\u00f8b ketaminpulver til salg EU forsendelse, Bitcoin betaling. Billig leverand\u00f8r af ketaminpulver - k\u00f8b forskningskemikalier i Europa. Ketaminpulver butik i Europa.\" \/>\n<meta name=\"robots\" content=\"index, follow, max-snippet:-1, max-image-preview:large, max-video-preview:-1\" \/>\n<link rel=\"canonical\" href=\"https:\/\/medicinasinc.com\/da\/product\/kob-ketamin-pulver\/\" \/>\n<meta property=\"og:locale\" content=\"en_US\" \/>\n<meta property=\"og:type\" content=\"article\" \/>\n<meta property=\"og:title\" content=\"K\u00f8b Ketamin Powder - Ketamin udsalg Europa - Bedste bedste globale medicin\" \/>\n<meta property=\"og:description\" content=\"K\u00f8b ketaminpulver til salg EU forsendelse, Bitcoin betaling. Billig leverand\u00f8r af ketaminpulver - k\u00f8b forskningskemikalier i Europa. Ketaminpulver butik i Europa.\" \/>\n<meta property=\"og:url\" content=\"https:\/\/medicinasinc.com\/da\/product\/kob-ketamin-pulver\/\" \/>\n<meta property=\"og:site_name\" content=\"Medicinas Inc\" \/>\n<meta property=\"article:modified_time\" content=\"2022-03-20T00:50:09+00:00\" \/>\n<meta property=\"og:image\" content=\"https:\/\/medicinasinc.com\/da\/wp-content\/uploads\/sites\/8\/2022\/02\/Buy-Ketamine-powder.jpg\" \/>\n\t<meta property=\"og:image:width\" content=\"900\" \/>\n\t<meta property=\"og:image:height\" content=\"675\" \/>\n\t<meta property=\"og:image:type\" content=\"image\/jpeg\" \/>\n<meta name=\"twitter:card\" content=\"summary_large_image\" \/>\n<meta name=\"twitter:label1\" content=\"Est. reading time\" \/>\n\t<meta name=\"twitter:data1\" content=\"2 minutes\" \/>\n<script type=\"application\/ld+json\" class=\"yoast-schema-graph\">{\"@context\":\"https:\\\/\\\/schema.org\",\"@graph\":[{\"@type\":\"WebPage\",\"@id\":\"https:\\\/\\\/medicinasinc.com\\\/da\\\/product\\\/kob-ketamin-pulver\\\/\",\"url\":\"https:\\\/\\\/medicinasinc.com\\\/da\\\/product\\\/kob-ketamin-pulver\\\/\",\"name\":\"K\u00f8b Ketamin Powder - Ketamin udsalg Europa - Bedste bedste globale medicin\",\"isPartOf\":{\"@id\":\"https:\\\/\\\/medicinasinc.com\\\/da\\\/#website\"},\"primaryImageOfPage\":{\"@id\":\"https:\\\/\\\/medicinasinc.com\\\/da\\\/product\\\/kob-ketamin-pulver\\\/#primaryimage\"},\"image\":{\"@id\":\"https:\\\/\\\/medicinasinc.com\\\/da\\\/product\\\/kob-ketamin-pulver\\\/#primaryimage\"},\"thumbnailUrl\":\"https:\\\/\\\/medicinasinc.com\\\/da\\\/wp-content\\\/uploads\\\/sites\\\/8\\\/2022\\\/02\\\/Buy-Ketamine-powder.jpg\",\"datePublished\":\"2022-02-20T16:50:30+00:00\",\"dateModified\":\"2022-03-20T00:50:09+00:00\",\"description\":\"K\u00f8b ketaminpulver til salg EU forsendelse, Bitcoin betaling. Billig leverand\u00f8r af ketaminpulver - k\u00f8b forskningskemikalier i Europa. Ketaminpulver butik i Europa.\",\"breadcrumb\":{\"@id\":\"https:\\\/\\\/medicinasinc.com\\\/da\\\/product\\\/kob-ketamin-pulver\\\/#breadcrumb\"},\"inLanguage\":\"en-US\",\"potentialAction\":[{\"@type\":\"ReadAction\",\"target\":[\"https:\\\/\\\/medicinasinc.com\\\/da\\\/product\\\/kob-ketamin-pulver\\\/\"]}]},{\"@type\":\"ImageObject\",\"inLanguage\":\"en-US\",\"@id\":\"https:\\\/\\\/medicinasinc.com\\\/da\\\/product\\\/kob-ketamin-pulver\\\/#primaryimage\",\"url\":\"https:\\\/\\\/medicinasinc.com\\\/da\\\/wp-content\\\/uploads\\\/sites\\\/8\\\/2022\\\/02\\\/Buy-Ketamine-powder.jpg\",\"contentUrl\":\"https:\\\/\\\/medicinasinc.com\\\/da\\\/wp-content\\\/uploads\\\/sites\\\/8\\\/2022\\\/02\\\/Buy-Ketamine-powder.jpg\",\"width\":900,\"height\":675},{\"@type\":\"BreadcrumbList\",\"@id\":\"https:\\\/\\\/medicinasinc.com\\\/da\\\/product\\\/kob-ketamin-pulver\\\/#breadcrumb\",\"itemListElement\":[{\"@type\":\"ListItem\",\"position\":1,\"name\":\"Butik\",\"item\":\"https:\\\/\\\/medicinasinc.com\\\/da\\\/butik\\\/\"},{\"@type\":\"ListItem\",\"position\":2,\"name\":\"K\u00f8b ketaminpulver\"}]},{\"@type\":\"WebSite\",\"@id\":\"https:\\\/\\\/medicinasinc.com\\\/da\\\/#website\",\"url\":\"https:\\\/\\\/medicinasinc.com\\\/da\\\/\",\"name\":\"Medicinas Inc\",\"description\":\"Health Medical Clinic\",\"potentialAction\":[{\"@type\":\"SearchAction\",\"target\":{\"@type\":\"EntryPoint\",\"urlTemplate\":\"https:\\\/\\\/medicinasinc.com\\\/da\\\/?s={search_term_string}\"},\"query-input\":{\"@type\":\"PropertyValueSpecification\",\"valueRequired\":true,\"valueName\":\"search_term_string\"}}],\"inLanguage\":\"en-US\"}]}<\/script>\n<!-- \/ Yoast SEO plugin. -->","yoast_head_json":{"title":"K\u00f8b Ketamin Powder - Ketamin udsalg Europa - Bedste bedste globale medicin","description":"K\u00f8b ketaminpulver til salg EU forsendelse, Bitcoin betaling. Billig leverand\u00f8r af ketaminpulver - k\u00f8b forskningskemikalier i Europa. Ketaminpulver butik i Europa.","robots":{"index":"index","follow":"follow","max-snippet":"max-snippet:-1","max-image-preview":"max-image-preview:large","max-video-preview":"max-video-preview:-1"},"canonical":"https:\/\/medicinasinc.com\/da\/product\/kob-ketamin-pulver\/","og_locale":"en_US","og_type":"article","og_title":"K\u00f8b Ketamin Powder - Ketamin udsalg Europa - Bedste bedste globale medicin","og_description":"K\u00f8b ketaminpulver til salg EU forsendelse, Bitcoin betaling. Billig leverand\u00f8r af ketaminpulver - k\u00f8b forskningskemikalier i Europa. Ketaminpulver butik i Europa.","og_url":"https:\/\/medicinasinc.com\/da\/product\/kob-ketamin-pulver\/","og_site_name":"Medicinas Inc","article_modified_time":"2022-03-20T00:50:09+00:00","og_image":[{"width":900,"height":675,"url":"https:\/\/medicinasinc.com\/da\/wp-content\/uploads\/sites\/8\/2022\/02\/Buy-Ketamine-powder.jpg","type":"image\/jpeg"}],"twitter_card":"summary_large_image","twitter_misc":{"Est. reading time":"2 minutes"},"schema":{"@context":"https:\/\/schema.org","@graph":[{"@type":"WebPage","@id":"https:\/\/medicinasinc.com\/da\/product\/kob-ketamin-pulver\/","url":"https:\/\/medicinasinc.com\/da\/product\/kob-ketamin-pulver\/","name":"K\u00f8b Ketamin Powder - Ketamin udsalg Europa - Bedste bedste globale medicin","isPartOf":{"@id":"https:\/\/medicinasinc.com\/da\/#website"},"primaryImageOfPage":{"@id":"https:\/\/medicinasinc.com\/da\/product\/kob-ketamin-pulver\/#primaryimage"},"image":{"@id":"https:\/\/medicinasinc.com\/da\/product\/kob-ketamin-pulver\/#primaryimage"},"thumbnailUrl":"https:\/\/medicinasinc.com\/da\/wp-content\/uploads\/sites\/8\/2022\/02\/Buy-Ketamine-powder.jpg","datePublished":"2022-02-20T16:50:30+00:00","dateModified":"2022-03-20T00:50:09+00:00","description":"K\u00f8b ketaminpulver til salg EU forsendelse, Bitcoin betaling. Billig leverand\u00f8r af ketaminpulver - k\u00f8b forskningskemikalier i Europa. Ketaminpulver butik i Europa.","breadcrumb":{"@id":"https:\/\/medicinasinc.com\/da\/product\/kob-ketamin-pulver\/#breadcrumb"},"inLanguage":"en-US","potentialAction":[{"@type":"ReadAction","target":["https:\/\/medicinasinc.com\/da\/product\/kob-ketamin-pulver\/"]}]},{"@type":"ImageObject","inLanguage":"en-US","@id":"https:\/\/medicinasinc.com\/da\/product\/kob-ketamin-pulver\/#primaryimage","url":"https:\/\/medicinasinc.com\/da\/wp-content\/uploads\/sites\/8\/2022\/02\/Buy-Ketamine-powder.jpg","contentUrl":"https:\/\/medicinasinc.com\/da\/wp-content\/uploads\/sites\/8\/2022\/02\/Buy-Ketamine-powder.jpg","width":900,"height":675},{"@type":"BreadcrumbList","@id":"https:\/\/medicinasinc.com\/da\/product\/kob-ketamin-pulver\/#breadcrumb","itemListElement":[{"@type":"ListItem","position":1,"name":"Butik","item":"https:\/\/medicinasinc.com\/da\/butik\/"},{"@type":"ListItem","position":2,"name":"K\u00f8b ketaminpulver"}]},{"@type":"WebSite","@id":"https:\/\/medicinasinc.com\/da\/#website","url":"https:\/\/medicinasinc.com\/da\/","name":"Medicinas Inc","description":"Health Medical Clinic","potentialAction":[{"@type":"SearchAction","target":{"@type":"EntryPoint","urlTemplate":"https:\/\/medicinasinc.com\/da\/?s={search_term_string}"},"query-input":{"@type":"PropertyValueSpecification","valueRequired":true,"valueName":"search_term_string"}}],"inLanguage":"en-US"}]}},"_links":{"self":[{"href":"https:\/\/medicinasinc.com\/da\/wp-json\/wp\/v2\/product\/4848","targetHints":{"allow":["GET"]}}],"collection":[{"href":"https:\/\/medicinasinc.com\/da\/wp-json\/wp\/v2\/product"}],"about":[{"href":"https:\/\/medicinasinc.com\/da\/wp-json\/wp\/v2\/types\/product"}],"replies":[{"embeddable":true,"href":"https:\/\/medicinasinc.com\/da\/wp-json\/wp\/v2\/comments?post=4848"}],"wp:featuredmedia":[{"embeddable":true,"href":"https:\/\/medicinasinc.com\/da\/wp-json\/wp\/v2\/media\/4860"}],"wp:attachment":[{"href":"https:\/\/medicinasinc.com\/da\/wp-json\/wp\/v2\/media?parent=4848"}],"wp:term":[{"taxonomy":"product_brand","embeddable":true,"href":"https:\/\/medicinasinc.com\/da\/wp-json\/wp\/v2\/product_brand?post=4848"},{"taxonomy":"product_cat","embeddable":true,"href":"https:\/\/medicinasinc.com\/da\/wp-json\/wp\/v2\/product_cat?post=4848"},{"taxonomy":"product_tag","embeddable":true,"href":"https:\/\/medicinasinc.com\/da\/wp-json\/wp\/v2\/product_tag?post=4848"}],"curies":[{"name":"wp","href":"https:\/\/api.w.org\/{rel}","templated":true}]}}