{"id":4830,"date":"2022-02-20T16:34:51","date_gmt":"2022-02-20T16:34:51","guid":{"rendered":"https:\/\/medicinasinc.com\/da\/?post_type=product&#038;p=4830"},"modified":"2022-03-20T00:50:18","modified_gmt":"2022-03-20T00:50:18","slug":"kob-krystal-meth","status":"publish","type":"product","link":"https:\/\/medicinasinc.com\/da\/product\/kob-krystal-meth\/","title":{"rendered":"K\u00f8b Crystal Meth"},"content":{"rendered":"<p>Hvor kan man k\u00f8be Crystal Meth \u2013 Metamfetamin<\/p>\n<p>Villig til at k\u00f8be Crystal Meth, ogs\u00e5 kendt som \u00e6delstensmeth, er et centralnervesystem (CNS) stimulerende medicin, der har adskillige ligheder med amfetamin, verdens anden mest popul\u00e6re klasse af ulovlig medicin, bag maryjane.<br \/> Som med amfetamin fremmer det \u00f8get aktivitet, nedsat sult og en generel f\u00f8lelse af velv\u00e6re.<\/p>\n<p>Der er nogle f\u00e5 anerkendte medicinske anvendelser for Crystal Meth \u2013 Metamfetamin, herunder behandling af narkolepsi, manglende evne til at koncentrere sig konsekvent og til kortvarig brug, s\u00e5som kraftighed; dog er disse medicinske anvendelser begr\u00e6nset.<\/p>\n<p>Crystal Meth kan ligesom kokain ryges. Chemical Inc. s\u00e6lger Crystal Meth \u2013 Methamphetamine.<\/p>\n<p>Methamphetaminer bruges til at behandle f\u00f8lgende tilstande:<\/p>\n<p>ADHDsNarkolepsi<\/p>\n<p>Den medicinske anvendelse er begr\u00e6nset.<\/p>\n<p>Crystal Meth \u2013 Metamfetamin kan ligesom kokain ryges.<\/p>\n<p>K\u00f8b Crystal Meth ved hj\u00e6lp af Bitcoins<\/p>\n<p>Crystal Meth \u2013 Metamfetamin bruges til at behandle f\u00f8lgende tilstande:<\/p>\n<p>Ofedme Hyperaktivitetslidelse Narkolepsi Som et resultat fremmer det \u00f8get handling, nedsat sult og en generel f\u00f8lelse af velstand. N\u00e5r det bruges i overskud, har det gradvist \u00f8del\u00e6ggende virkning p\u00e5 det prim\u00e6re sansesystem.<br \/> Hvis du tror, \u200b\u200bdu kan v\u00e6re blevet gravid, mens du tager medicinen, skal du straks kontakte din specialist for at undg\u00e5 komplikationer.<br \/> Hvis du lider af hjerteproblemer,<\/p>\n<p>Metamfetamin har en r\u00e6kke negative konsekvenser, herunder f\u00f8lgende:<\/p>\n<p>\u00d8get puls<br \/> For\u00f8gelse af kroppens temperatur<br \/> En stigning i hastigheden kl. hvilken man slapper af<br \/> Elever med udvidede pupiller<br \/> Rysten Rapture-lignende f\u00f8lelser<br \/> \u00d8get angst<br \/> Irritabilitet<br \/> Paranoia<br \/> Voldelig og undvigende adf\u00e6rd<br \/> Hyperaktivitet p\u00e5 et midlertidigt grundlag Kontakt en specialist vedr\u00f8rende terapeutiske muligheder.<\/p>\n<p>Det er ikke sv\u00e6rt at undg\u00e5 en portion metamfetamin, men du b\u00f8r undg\u00e5 at tage dobbeltm\u00e5linger.<\/p>\n<p>&nbsp;<\/p>\n<p> &nbsp;<\/p>\n<p>&nbsp;<\/p>\n<p>&nbsp;<\/p>\n<p>&nbsp;<\/p>\n<p>&nbsp;<\/p>\n<p>Mens metamfetamin er beregnet til at bevare fokus, wh da misbrugt, kan det nemt resultere i alvorlige medicinske problemer, s\u00e5 det er den bedste fremgangsm\u00e5de at s\u00f8ge krisehj\u00e6lp fra kvalificeret sundhedspersonale.<\/p>\n<p>&nbsp;<\/p>\n<p>&nbsp;<\/p>\n<p>&nbsp;<\/p>\n<p>&nbsp;<\/p>\n<p>&nbsp;<\/p>\n<p>&nbsp;<\/p>\n<p>Bedste globale medicin. tilbyder Crystal Meth \u2013 Metamfetamin til salg online.<\/p>\n<p>Derudover skal metamfetamin opbevares ved stuetemperatur i omr\u00e5der uden lys og varme. Tilsvarende m\u00e5 du ikke skylle denne medicin. Dine b\u00f8rn og k\u00e6ledyr m\u00e5 ikke uds\u00e6ttes for denne medicin p\u00e5 nogen m\u00e5de.<\/p>\n<p>Du kan dog k\u00f8be Crystal Meth \u2013 Methamphetamine online fra den mest velrenommerede online forhandler \u2013 Chemical Inc.<\/p>\n<p> K\u00f8b metamfetamin uden recept. Metamfetaminer kan k\u00f8bes online til den bedst mulige pris.<br \/> K\u00f8b den mest effektive medicin lige nu!<br \/> Onlinek\u00f8b af Crystal Meth<\/p>\n<p>Meth-brugere b\u00f8r s\u00f8ge behandling med det samme.<\/p>\n<p>Mens mange fysiske symptomer kan vendes med korrekt behandling, er fremskreden aldring og karies i t\u00e6nderne sv\u00e6rere at vende, og skaden er ofte irreversibel.<\/p>\n<p>Derudover er metamfetaminbrug. kan resultere i psykose eller psykotisk adf\u00e6rd, hvor brugere mister kontakten til virkeligheden og oplever alvorlige vrangforestillinger, paranoia, hallucinationer og tvangspr\u00e6get adf\u00e6rd, der forhindrer dem i virkelig at forst\u00e5 den skade, de forvolder sig selv.<\/p>\n<p>Det er kritisk for misbrugeren til s\u00f8g hj\u00e6lp med det samme, ellers vil de lide under disse fysiske og psykiske konsekvenser, s\u00e5vel som andre almindelige symptomer s\u00e5som \u00f8delagte forhold, \u00f8konomisk n\u00f8d og kriminelle anklager.<\/p>\n<p>N\u00e6sten hver familie er p\u00e5virket af afh\u00e6ngighed, som fremkalder \u00f8del\u00e6ggelse af fysisk og mental sundhed, parforhold og privat\u00f8konomi. m\u00f8dre, f\u00e6dre, br\u00f8dre, s\u00f8stre, d\u00f8tre og s\u00f8nner er alle inkluderet i denne kategori.<\/p>\n<p>Ingen er immune over for de skr\u00e6mmende langsigtede konsekvenser af h\u00e5rdt stofmisbrug.<br \/> Det f\u00f8lgende er en n\u00f8gtern skildring af RIGTIGE mennesker.<\/p>\n<p>Vi er bukket under for fortr\u00e6kkelsen af \u200b\u200bstofbrug \u2013 i dette tilf\u00e6lde metamfetamin \u2013 og dets \u00f8del\u00e6ggende konsekvenser er alt for tydelige.<br \/> Hvis du eller en du holder af, k\u00e6mper med en metamfetaminafh\u00e6ngighed, eller hvis du er interesseret i at l\u00e6re mere, kan du bes\u00f8ge f\u00f8lgende websteder for at f\u00e5 hj\u00e6lp til genopretning.<\/p>\n<p>&nbsp;<\/p>\n<p>metamfetaminbivirkninger, metamfetaminstruktur, hvor lang tid varer metamfetamin ophold i dit system, hvordan man ryger metamfetamin, heroin, kokain, metamfetamin, cigaretter og alkohol er alle eksempler p\u00e5 ________., pink metamfetamin, prustende krystal metamfetamin, metamfetamin priser Hvordan smager metamfetamin, hvor l\u00e6nge bliver det i din urin , og hvordan ser metamfetamin ud? supermetamfetamin, metamfetaminbivirkninger, metamfetaminstruktur, hvor l\u00e6nge forbliver metamfetamin i dit system, hvordan ryger man metamfetamin, heroin, kokain, metamfetamin, cigaretter og alkohol er alle eksempler p\u00e5 ________., pink metamfetamin, metamfetaminpriser p\u00e5 prustkrystal, Hvordan smager metamfetamin, hvor l\u00e6nge bliver det i din urin, og hvordan ser metamfetamin ud? metamfetamin supr\u00eame<\/p>\n","protected":false},"excerpt":{"rendered":"<p>K\u00f8b Crystal Meth til salg Storbritannien, Europa Asien, Metamfetamin Online K\u00f8b Metamfetamin hos os, vi kan levere dig fra hvor som helst i hele verden.<\/p>\n<p>K\u00f8b krystalmeth online Piller \u2013 K\u00f8b 96,8 procent ren krystalmetamfetamin \u2013 Hvor kan man k\u00f8be crystal meth online \u2013 K\u00f8b 96,8 procent ren ismeth \u2013 K\u00f8b metamfetamin online<\/p>\n","protected":false},"featured_media":4844,"comment_status":"open","ping_status":"closed","template":"","meta":[],"product_brand":[],"product_cat":[703],"product_tag":[722,705,706,707,708,709,713,710,714,717,718,715,716,712,711,719,720,724,704,721,723],"class_list":{"0":"post-4830","1":"product","2":"type-product","3":"status-publish","4":"has-post-thumbnail","6":"product_cat-kbe-psykedeliske-stoffer","7":"product_tag-billeder-af-krystal-meth","8":"product_tag-buy-crystal-meth-in-france","9":"product_tag-buy-crystal-meth-in-germany","10":"product_tag-buy-crystal-meth-in-spain","11":"product_tag-krystal-meth","12":"product_tag-crystal-meth-australien","13":"product_tag-crystal-meth-billede","14":"product_tag-crystal-meth-drugs","15":"product_tag-crystal-meth-pipe","16":"product_tag-crystal-meth-leverandr-frankrig","17":"product_tag-crystal-meth-leverandr-usa","18":"product_tag-crystal-meth-spain","19":"product_tag-crystal-meth-sweden","20":"product_tag-crystal-meth-tyskland","21":"product_tag-crystal-meth-effekter","22":"product_tag-falsk-krystal-meth","23":"product_tag-how-is-crystal-meth-smoked","24":"product_tag-hvad-er-krystal-meth","25":"product_tag-kb-crystal-meth-i-australien","26":"product_tag-meth-krystal","27":"product_tag-prustende-krystal-meth","29":"first","30":"instock","31":"shipping-taxable","32":"purchasable","33":"product-type-variable"},"yoast_head":"<!-- This site is optimized with the Yoast SEO plugin v27.3 - https:\/\/yoast.com\/product\/yoast-seo-wordpress\/ -->\n<title>K\u00f8b Crystal Meth - Metamfetamin - Bedste bedste globale medicin<\/title>\n<meta name=\"description\" content=\"K\u00f8b Crystal Meth til salg UK, Europa Asien, Metamfetamin Online k\u00f8b metamfetamin hos os, vi kan levere dig fra hvor som helst i hele verden.\" \/>\n<meta name=\"robots\" content=\"index, follow, max-snippet:-1, max-image-preview:large, max-video-preview:-1\" \/>\n<link rel=\"canonical\" href=\"https:\/\/medicinasinc.com\/da\/product\/kob-krystal-meth\/\" \/>\n<meta property=\"og:locale\" content=\"en_US\" \/>\n<meta property=\"og:type\" content=\"article\" \/>\n<meta property=\"og:title\" content=\"K\u00f8b Crystal Meth - Metamfetamin - Bedste bedste globale medicin\" \/>\n<meta property=\"og:description\" content=\"K\u00f8b Crystal Meth til salg UK, Europa Asien, Metamfetamin Online k\u00f8b metamfetamin hos os, vi kan levere dig fra hvor som helst i hele verden.\" \/>\n<meta property=\"og:url\" content=\"https:\/\/medicinasinc.com\/da\/product\/kob-krystal-meth\/\" \/>\n<meta property=\"og:site_name\" content=\"Medicinas Inc\" \/>\n<meta property=\"article:modified_time\" content=\"2022-03-20T00:50:18+00:00\" \/>\n<meta property=\"og:image\" content=\"https:\/\/medicinasinc.com\/da\/wp-content\/uploads\/sites\/8\/2022\/02\/Buy-Crystal-Meth-1.jpg\" \/>\n\t<meta property=\"og:image:width\" content=\"1024\" \/>\n\t<meta property=\"og:image:height\" content=\"768\" \/>\n\t<meta property=\"og:image:type\" content=\"image\/jpeg\" \/>\n<meta name=\"twitter:card\" content=\"summary_large_image\" \/>\n<meta name=\"twitter:label1\" content=\"Est. reading time\" \/>\n\t<meta name=\"twitter:data1\" content=\"4 minutes\" \/>\n<script type=\"application\/ld+json\" class=\"yoast-schema-graph\">{\"@context\":\"https:\\\/\\\/schema.org\",\"@graph\":[{\"@type\":\"WebPage\",\"@id\":\"https:\\\/\\\/medicinasinc.com\\\/da\\\/product\\\/kob-krystal-meth\\\/\",\"url\":\"https:\\\/\\\/medicinasinc.com\\\/da\\\/product\\\/kob-krystal-meth\\\/\",\"name\":\"K\u00f8b Crystal Meth - Metamfetamin - Bedste bedste globale medicin\",\"isPartOf\":{\"@id\":\"https:\\\/\\\/medicinasinc.com\\\/da\\\/#website\"},\"primaryImageOfPage\":{\"@id\":\"https:\\\/\\\/medicinasinc.com\\\/da\\\/product\\\/kob-krystal-meth\\\/#primaryimage\"},\"image\":{\"@id\":\"https:\\\/\\\/medicinasinc.com\\\/da\\\/product\\\/kob-krystal-meth\\\/#primaryimage\"},\"thumbnailUrl\":\"https:\\\/\\\/medicinasinc.com\\\/da\\\/wp-content\\\/uploads\\\/sites\\\/8\\\/2022\\\/02\\\/Buy-Crystal-Meth-1.jpg\",\"datePublished\":\"2022-02-20T16:34:51+00:00\",\"dateModified\":\"2022-03-20T00:50:18+00:00\",\"description\":\"K\u00f8b Crystal Meth til salg UK, Europa Asien, Metamfetamin Online k\u00f8b metamfetamin hos os, vi kan levere dig fra hvor som helst i hele verden.\",\"breadcrumb\":{\"@id\":\"https:\\\/\\\/medicinasinc.com\\\/da\\\/product\\\/kob-krystal-meth\\\/#breadcrumb\"},\"inLanguage\":\"en-US\",\"potentialAction\":[{\"@type\":\"ReadAction\",\"target\":[\"https:\\\/\\\/medicinasinc.com\\\/da\\\/product\\\/kob-krystal-meth\\\/\"]}]},{\"@type\":\"ImageObject\",\"inLanguage\":\"en-US\",\"@id\":\"https:\\\/\\\/medicinasinc.com\\\/da\\\/product\\\/kob-krystal-meth\\\/#primaryimage\",\"url\":\"https:\\\/\\\/medicinasinc.com\\\/da\\\/wp-content\\\/uploads\\\/sites\\\/8\\\/2022\\\/02\\\/Buy-Crystal-Meth-1.jpg\",\"contentUrl\":\"https:\\\/\\\/medicinasinc.com\\\/da\\\/wp-content\\\/uploads\\\/sites\\\/8\\\/2022\\\/02\\\/Buy-Crystal-Meth-1.jpg\",\"width\":1024,\"height\":768},{\"@type\":\"BreadcrumbList\",\"@id\":\"https:\\\/\\\/medicinasinc.com\\\/da\\\/product\\\/kob-krystal-meth\\\/#breadcrumb\",\"itemListElement\":[{\"@type\":\"ListItem\",\"position\":1,\"name\":\"Butik\",\"item\":\"https:\\\/\\\/medicinasinc.com\\\/da\\\/butik\\\/\"},{\"@type\":\"ListItem\",\"position\":2,\"name\":\"K\u00f8b Crystal Meth\"}]},{\"@type\":\"WebSite\",\"@id\":\"https:\\\/\\\/medicinasinc.com\\\/da\\\/#website\",\"url\":\"https:\\\/\\\/medicinasinc.com\\\/da\\\/\",\"name\":\"Medicinas Inc\",\"description\":\"Health Medical Clinic\",\"potentialAction\":[{\"@type\":\"SearchAction\",\"target\":{\"@type\":\"EntryPoint\",\"urlTemplate\":\"https:\\\/\\\/medicinasinc.com\\\/da\\\/?s={search_term_string}\"},\"query-input\":{\"@type\":\"PropertyValueSpecification\",\"valueRequired\":true,\"valueName\":\"search_term_string\"}}],\"inLanguage\":\"en-US\"}]}<\/script>\n<!-- \/ Yoast SEO plugin. -->","yoast_head_json":{"title":"K\u00f8b Crystal Meth - Metamfetamin - Bedste bedste globale medicin","description":"K\u00f8b Crystal Meth til salg UK, Europa Asien, Metamfetamin Online k\u00f8b metamfetamin hos os, vi kan levere dig fra hvor som helst i hele verden.","robots":{"index":"index","follow":"follow","max-snippet":"max-snippet:-1","max-image-preview":"max-image-preview:large","max-video-preview":"max-video-preview:-1"},"canonical":"https:\/\/medicinasinc.com\/da\/product\/kob-krystal-meth\/","og_locale":"en_US","og_type":"article","og_title":"K\u00f8b Crystal Meth - Metamfetamin - Bedste bedste globale medicin","og_description":"K\u00f8b Crystal Meth til salg UK, Europa Asien, Metamfetamin Online k\u00f8b metamfetamin hos os, vi kan levere dig fra hvor som helst i hele verden.","og_url":"https:\/\/medicinasinc.com\/da\/product\/kob-krystal-meth\/","og_site_name":"Medicinas Inc","article_modified_time":"2022-03-20T00:50:18+00:00","og_image":[{"width":1024,"height":768,"url":"https:\/\/medicinasinc.com\/da\/wp-content\/uploads\/sites\/8\/2022\/02\/Buy-Crystal-Meth-1.jpg","type":"image\/jpeg"}],"twitter_card":"summary_large_image","twitter_misc":{"Est. reading time":"4 minutes"},"schema":{"@context":"https:\/\/schema.org","@graph":[{"@type":"WebPage","@id":"https:\/\/medicinasinc.com\/da\/product\/kob-krystal-meth\/","url":"https:\/\/medicinasinc.com\/da\/product\/kob-krystal-meth\/","name":"K\u00f8b Crystal Meth - Metamfetamin - Bedste bedste globale medicin","isPartOf":{"@id":"https:\/\/medicinasinc.com\/da\/#website"},"primaryImageOfPage":{"@id":"https:\/\/medicinasinc.com\/da\/product\/kob-krystal-meth\/#primaryimage"},"image":{"@id":"https:\/\/medicinasinc.com\/da\/product\/kob-krystal-meth\/#primaryimage"},"thumbnailUrl":"https:\/\/medicinasinc.com\/da\/wp-content\/uploads\/sites\/8\/2022\/02\/Buy-Crystal-Meth-1.jpg","datePublished":"2022-02-20T16:34:51+00:00","dateModified":"2022-03-20T00:50:18+00:00","description":"K\u00f8b Crystal Meth til salg UK, Europa Asien, Metamfetamin Online k\u00f8b metamfetamin hos os, vi kan levere dig fra hvor som helst i hele verden.","breadcrumb":{"@id":"https:\/\/medicinasinc.com\/da\/product\/kob-krystal-meth\/#breadcrumb"},"inLanguage":"en-US","potentialAction":[{"@type":"ReadAction","target":["https:\/\/medicinasinc.com\/da\/product\/kob-krystal-meth\/"]}]},{"@type":"ImageObject","inLanguage":"en-US","@id":"https:\/\/medicinasinc.com\/da\/product\/kob-krystal-meth\/#primaryimage","url":"https:\/\/medicinasinc.com\/da\/wp-content\/uploads\/sites\/8\/2022\/02\/Buy-Crystal-Meth-1.jpg","contentUrl":"https:\/\/medicinasinc.com\/da\/wp-content\/uploads\/sites\/8\/2022\/02\/Buy-Crystal-Meth-1.jpg","width":1024,"height":768},{"@type":"BreadcrumbList","@id":"https:\/\/medicinasinc.com\/da\/product\/kob-krystal-meth\/#breadcrumb","itemListElement":[{"@type":"ListItem","position":1,"name":"Butik","item":"https:\/\/medicinasinc.com\/da\/butik\/"},{"@type":"ListItem","position":2,"name":"K\u00f8b Crystal Meth"}]},{"@type":"WebSite","@id":"https:\/\/medicinasinc.com\/da\/#website","url":"https:\/\/medicinasinc.com\/da\/","name":"Medicinas Inc","description":"Health Medical Clinic","potentialAction":[{"@type":"SearchAction","target":{"@type":"EntryPoint","urlTemplate":"https:\/\/medicinasinc.com\/da\/?s={search_term_string}"},"query-input":{"@type":"PropertyValueSpecification","valueRequired":true,"valueName":"search_term_string"}}],"inLanguage":"en-US"}]}},"_links":{"self":[{"href":"https:\/\/medicinasinc.com\/da\/wp-json\/wp\/v2\/product\/4830","targetHints":{"allow":["GET"]}}],"collection":[{"href":"https:\/\/medicinasinc.com\/da\/wp-json\/wp\/v2\/product"}],"about":[{"href":"https:\/\/medicinasinc.com\/da\/wp-json\/wp\/v2\/types\/product"}],"replies":[{"embeddable":true,"href":"https:\/\/medicinasinc.com\/da\/wp-json\/wp\/v2\/comments?post=4830"}],"wp:featuredmedia":[{"embeddable":true,"href":"https:\/\/medicinasinc.com\/da\/wp-json\/wp\/v2\/media\/4844"}],"wp:attachment":[{"href":"https:\/\/medicinasinc.com\/da\/wp-json\/wp\/v2\/media?parent=4830"}],"wp:term":[{"taxonomy":"product_brand","embeddable":true,"href":"https:\/\/medicinasinc.com\/da\/wp-json\/wp\/v2\/product_brand?post=4830"},{"taxonomy":"product_cat","embeddable":true,"href":"https:\/\/medicinasinc.com\/da\/wp-json\/wp\/v2\/product_cat?post=4830"},{"taxonomy":"product_tag","embeddable":true,"href":"https:\/\/medicinasinc.com\/da\/wp-json\/wp\/v2\/product_tag?post=4830"}],"curies":[{"name":"wp","href":"https:\/\/api.w.org\/{rel}","templated":true}]}}