{"id":4829,"date":"2022-02-20T16:33:58","date_gmt":"2022-02-20T16:33:58","guid":{"rendered":"https:\/\/medicinasinc.com\/da\/?post_type=product&#038;p=4829"},"modified":"2022-03-20T00:50:28","modified_gmt":"2022-03-20T00:50:28","slug":"buy-liquid-lsd","status":"publish","type":"product","link":"https:\/\/medicinasinc.com\/da\/product\/buy-liquid-lsd\/","title":{"rendered":"K\u00f8b flydende LSD"},"content":{"rendered":"<p>K\u00f8b flydende LSD med rabat online<\/p>\n<p>Som med Green Crack (og ikke at forveksle med LSD), er Acid en stamme opkaldt efter et mildt psykoaktivt stof. Alt taget i betragtning besidder Acid styrke, der kombinerer kontraintuitive effekter med en forvirrende duft. Acid er en stamme udviklet af Paradise Seeds, opdr\u00e6tterne af Delahaze og Sensi Star. Det er afledt af de arvelige egenskaber fra den mest popul\u00e6re New York Sour Diesel-stamme. Dens tiltr\u00e6kning gav den tredjepladsen i Spaniens 2016 Copa THC Valencia for bedste indend\u00f8rs dyrkede blomst. \u00c6tsendes THC-indhold er blevet estimeret til at v\u00e6re mellem 16 og 23%.<\/p>\n<p>\u00c6tsende bl\u00e6nder med mellemstore til enorme estimerede blomster, der har en artikuleret spade-lignende form, der ligner miniature juletr\u00e6er, der strammes fra en bred rund base til en spids spids. Med deres kompakte, t\u00e6tte struktur er disse knopper umiskendeligt indica-dominerende. Bladene er svagt tilgroede gr\u00f8nne og er forvredet med b\u00f8lgede jordfarvede pistiller. Endelig d\u00e6kker funklende hvide trichomer de indre og ydre overflader af Acids blomster, hvilket giver stammens psykoaktive egenskaber og g\u00f8r knopperne overordentlig sv\u00e6re at adskille uden hj\u00e6lp fra en processor.<\/p>\n<p>N\u00e5r Acid er ordentligt afl\u00f8st, har Acid en let syrlig duft, som opvejes af en skarp citrus tang. Ligeledes er der solide, moskusagtige basisnoter, der minder om klam jord og r\u00f8gelse. I mellemtiden producerer adskillelse eller granulering af disse t\u00e6tte klumper den astringerende udst\u00f8dningsgas, der giver moderstammen New York Sour Diesel sin skarpe og velkendte smag. N\u00e5r br\u00e6ndbare stoffer ant\u00e6ndes i en ledning eller et led, producerer Acid en glat, let indtagelig r\u00f8g. P\u00e5 ud\u00e5ndingen efterlader denne t\u00e6tte r\u00f8g en citron- og diesel-eftersmag.<\/p>\n<p>\u00c6tsendes h\u00f8j begynder gradvist og forvr\u00e6nger rygerens opfattelse af deres udvendige opgraderinger. Visse lyde kan forst\u00e6rkes, som om de blev genereret inde i et efterklangskammer. Derudover kan distinkte toner og skarpe lys f\u00e5 en ny betydning. N\u00e5r disse h\u00e5ndgribelige effekter bliver overv\u00e6ldende, begynder mere levende hallucinogene vidundere at manifestere sig, svarende til indre og ydre indsigtsforvridninger og en solid fornemmelse af tidsudvidelse. Rygere kan opleve en bevidst v\u00e6gtning omkring helligdommene og lymfeorganerne over tid, samt en let stigning i spytudskillelsen. Disse kuldegysninger udvikler sig til oversv\u00f8mmelser af afslapning, der bev\u00e6ger sig ned ad rygs\u00f8jlen og ud gennem centralnervesystemet og vedh\u00e6ng. Selvom disse lindrende effekter m\u00e5ske ikke fuldst\u00e6ndig immobiliserer klienterne, kan de f\u00f8le sig tvunget til at slappe af i de n\u00e6rmeste behagelige milj\u00f8faktorer.<\/p>\n<p>\u00c6tsendes h\u00f8j er ogs\u00e5 karakteriseret ved en cerebral mentalitet, hvor rygeren kan forbindes med us\u00e6dvanlige tanker eller ideer. , at finde dem mere fascinerende, end de er under alle omst\u00e6ndigheder. S\u00e5danne \u00e5bent bekendte r\u00e6sonnementer kan v\u00e6re en effektiv metode til at finde nye l\u00f8sninger p\u00e5 forvirrende problemer eller til at h\u00e5ndtere specifikke arbejdsopgaver. Over tid \u2013 eller efterh\u00e5nden som m\u00e5lingen \u00f8ges \u2013 bliver Acids psykologiske effekter mere vidunderlige end indlysende, hvilket g\u00f8r enhver tidligere effektivitet ugyldig. P\u00e5 grund af dets progressive tab af energi, nydes denne stamme bedst sent p\u00e5 aftenen eller om natten.<\/p>\n<p>Flydende LSD 200ug\/dr\u00e5be, syre til salg online, LSD til salg online, k\u00f8b lsd online, LSD-syre til salg online, lsd online butik, flydende lsd til salg, syre til salg online<\/p>\n","protected":false},"excerpt":{"rendered":"<p>K\u00f8b LSD online Flydende LSD, detaljer Lysergide (LSD) er et semisyntetisk hallucinogen og er et af de mest potente stoffer, man kender. Fritidsbrug .<\/p>\n<p>K\u00f8b flydende LSD til en lav pris online. \u00c6gte flydende LSD til salg online | K\u00f8b flydende LSD online | K\u00f8b flydende LSD til salg| K\u00f8b billig flydende LSD | Hvor kan man k\u00f8be flydende LSD online<\/p>\n","protected":false},"featured_media":4842,"comment_status":"open","ping_status":"closed","template":"","meta":[],"product_brand":[],"product_cat":[703],"product_tag":[],"class_list":{"0":"post-4829","1":"product","2":"type-product","3":"status-publish","4":"has-post-thumbnail","6":"product_cat-kbe-psykedeliske-stoffer","8":"first","9":"instock","10":"shipping-taxable","11":"purchasable","12":"product-type-variable","13":"has-default-attributes"},"yoast_head":"<!-- This site is optimized with the Yoast SEO plugin v27.3 - https:\/\/yoast.com\/product\/yoast-seo-wordpress\/ -->\n<title>K\u00f8b flydende LSD - Bedste bedste globale medicin<\/title>\n<meta name=\"description\" content=\"K\u00f8b LSD online Flydende LSD, detaljer Lysergide (LSD) er et semisyntetisk hallucinogen og er et af de mest potente stoffer, man kender. Rekreativ brug.\" \/>\n<meta name=\"robots\" content=\"index, follow, max-snippet:-1, max-image-preview:large, max-video-preview:-1\" \/>\n<link rel=\"canonical\" href=\"https:\/\/medicinasinc.com\/da\/product\/buy-liquid-lsd\/\" \/>\n<meta property=\"og:locale\" content=\"en_US\" \/>\n<meta property=\"og:type\" content=\"article\" \/>\n<meta property=\"og:title\" content=\"K\u00f8b flydende LSD - Bedste bedste globale medicin\" \/>\n<meta property=\"og:description\" content=\"K\u00f8b LSD online Flydende LSD, detaljer Lysergide (LSD) er et semisyntetisk hallucinogen og er et af de mest potente stoffer, man kender. Rekreativ brug.\" \/>\n<meta property=\"og:url\" content=\"https:\/\/medicinasinc.com\/da\/product\/buy-liquid-lsd\/\" \/>\n<meta property=\"og:site_name\" content=\"Medicinas Inc\" \/>\n<meta property=\"article:modified_time\" content=\"2022-03-20T00:50:28+00:00\" \/>\n<meta property=\"og:image\" content=\"https:\/\/medicinasinc.com\/da\/wp-content\/uploads\/sites\/8\/2022\/02\/Buy-Liquid-LSD.jpg\" \/>\n\t<meta property=\"og:image:width\" content=\"512\" \/>\n\t<meta property=\"og:image:height\" content=\"512\" \/>\n\t<meta property=\"og:image:type\" content=\"image\/jpeg\" \/>\n<meta name=\"twitter:card\" content=\"summary_large_image\" \/>\n<meta name=\"twitter:label1\" content=\"Est. reading time\" \/>\n\t<meta name=\"twitter:data1\" content=\"3 minutes\" \/>\n<script type=\"application\/ld+json\" class=\"yoast-schema-graph\">{\"@context\":\"https:\\\/\\\/schema.org\",\"@graph\":[{\"@type\":\"WebPage\",\"@id\":\"https:\\\/\\\/medicinasinc.com\\\/da\\\/product\\\/buy-liquid-lsd\\\/\",\"url\":\"https:\\\/\\\/medicinasinc.com\\\/da\\\/product\\\/buy-liquid-lsd\\\/\",\"name\":\"K\u00f8b flydende LSD - Bedste bedste globale medicin\",\"isPartOf\":{\"@id\":\"https:\\\/\\\/medicinasinc.com\\\/da\\\/#website\"},\"primaryImageOfPage\":{\"@id\":\"https:\\\/\\\/medicinasinc.com\\\/da\\\/product\\\/buy-liquid-lsd\\\/#primaryimage\"},\"image\":{\"@id\":\"https:\\\/\\\/medicinasinc.com\\\/da\\\/product\\\/buy-liquid-lsd\\\/#primaryimage\"},\"thumbnailUrl\":\"https:\\\/\\\/medicinasinc.com\\\/da\\\/wp-content\\\/uploads\\\/sites\\\/8\\\/2022\\\/02\\\/Buy-Liquid-LSD.jpg\",\"datePublished\":\"2022-02-20T16:33:58+00:00\",\"dateModified\":\"2022-03-20T00:50:28+00:00\",\"description\":\"K\u00f8b LSD online Flydende LSD, detaljer Lysergide (LSD) er et semisyntetisk hallucinogen og er et af de mest potente stoffer, man kender. Rekreativ brug.\",\"breadcrumb\":{\"@id\":\"https:\\\/\\\/medicinasinc.com\\\/da\\\/product\\\/buy-liquid-lsd\\\/#breadcrumb\"},\"inLanguage\":\"en-US\",\"potentialAction\":[{\"@type\":\"ReadAction\",\"target\":[\"https:\\\/\\\/medicinasinc.com\\\/da\\\/product\\\/buy-liquid-lsd\\\/\"]}]},{\"@type\":\"ImageObject\",\"inLanguage\":\"en-US\",\"@id\":\"https:\\\/\\\/medicinasinc.com\\\/da\\\/product\\\/buy-liquid-lsd\\\/#primaryimage\",\"url\":\"https:\\\/\\\/medicinasinc.com\\\/da\\\/wp-content\\\/uploads\\\/sites\\\/8\\\/2022\\\/02\\\/Buy-Liquid-LSD.jpg\",\"contentUrl\":\"https:\\\/\\\/medicinasinc.com\\\/da\\\/wp-content\\\/uploads\\\/sites\\\/8\\\/2022\\\/02\\\/Buy-Liquid-LSD.jpg\",\"width\":512,\"height\":512},{\"@type\":\"BreadcrumbList\",\"@id\":\"https:\\\/\\\/medicinasinc.com\\\/da\\\/product\\\/buy-liquid-lsd\\\/#breadcrumb\",\"itemListElement\":[{\"@type\":\"ListItem\",\"position\":1,\"name\":\"Butik\",\"item\":\"https:\\\/\\\/medicinasinc.com\\\/da\\\/butik\\\/\"},{\"@type\":\"ListItem\",\"position\":2,\"name\":\"K\u00f8b flydende LSD\"}]},{\"@type\":\"WebSite\",\"@id\":\"https:\\\/\\\/medicinasinc.com\\\/da\\\/#website\",\"url\":\"https:\\\/\\\/medicinasinc.com\\\/da\\\/\",\"name\":\"Medicinas Inc\",\"description\":\"Health Medical Clinic\",\"potentialAction\":[{\"@type\":\"SearchAction\",\"target\":{\"@type\":\"EntryPoint\",\"urlTemplate\":\"https:\\\/\\\/medicinasinc.com\\\/da\\\/?s={search_term_string}\"},\"query-input\":{\"@type\":\"PropertyValueSpecification\",\"valueRequired\":true,\"valueName\":\"search_term_string\"}}],\"inLanguage\":\"en-US\"}]}<\/script>\n<!-- \/ Yoast SEO plugin. -->","yoast_head_json":{"title":"K\u00f8b flydende LSD - Bedste bedste globale medicin","description":"K\u00f8b LSD online Flydende LSD, detaljer Lysergide (LSD) er et semisyntetisk hallucinogen og er et af de mest potente stoffer, man kender. Rekreativ brug.","robots":{"index":"index","follow":"follow","max-snippet":"max-snippet:-1","max-image-preview":"max-image-preview:large","max-video-preview":"max-video-preview:-1"},"canonical":"https:\/\/medicinasinc.com\/da\/product\/buy-liquid-lsd\/","og_locale":"en_US","og_type":"article","og_title":"K\u00f8b flydende LSD - Bedste bedste globale medicin","og_description":"K\u00f8b LSD online Flydende LSD, detaljer Lysergide (LSD) er et semisyntetisk hallucinogen og er et af de mest potente stoffer, man kender. Rekreativ brug.","og_url":"https:\/\/medicinasinc.com\/da\/product\/buy-liquid-lsd\/","og_site_name":"Medicinas Inc","article_modified_time":"2022-03-20T00:50:28+00:00","og_image":[{"width":512,"height":512,"url":"https:\/\/medicinasinc.com\/da\/wp-content\/uploads\/sites\/8\/2022\/02\/Buy-Liquid-LSD.jpg","type":"image\/jpeg"}],"twitter_card":"summary_large_image","twitter_misc":{"Est. reading time":"3 minutes"},"schema":{"@context":"https:\/\/schema.org","@graph":[{"@type":"WebPage","@id":"https:\/\/medicinasinc.com\/da\/product\/buy-liquid-lsd\/","url":"https:\/\/medicinasinc.com\/da\/product\/buy-liquid-lsd\/","name":"K\u00f8b flydende LSD - Bedste bedste globale medicin","isPartOf":{"@id":"https:\/\/medicinasinc.com\/da\/#website"},"primaryImageOfPage":{"@id":"https:\/\/medicinasinc.com\/da\/product\/buy-liquid-lsd\/#primaryimage"},"image":{"@id":"https:\/\/medicinasinc.com\/da\/product\/buy-liquid-lsd\/#primaryimage"},"thumbnailUrl":"https:\/\/medicinasinc.com\/da\/wp-content\/uploads\/sites\/8\/2022\/02\/Buy-Liquid-LSD.jpg","datePublished":"2022-02-20T16:33:58+00:00","dateModified":"2022-03-20T00:50:28+00:00","description":"K\u00f8b LSD online Flydende LSD, detaljer Lysergide (LSD) er et semisyntetisk hallucinogen og er et af de mest potente stoffer, man kender. Rekreativ brug.","breadcrumb":{"@id":"https:\/\/medicinasinc.com\/da\/product\/buy-liquid-lsd\/#breadcrumb"},"inLanguage":"en-US","potentialAction":[{"@type":"ReadAction","target":["https:\/\/medicinasinc.com\/da\/product\/buy-liquid-lsd\/"]}]},{"@type":"ImageObject","inLanguage":"en-US","@id":"https:\/\/medicinasinc.com\/da\/product\/buy-liquid-lsd\/#primaryimage","url":"https:\/\/medicinasinc.com\/da\/wp-content\/uploads\/sites\/8\/2022\/02\/Buy-Liquid-LSD.jpg","contentUrl":"https:\/\/medicinasinc.com\/da\/wp-content\/uploads\/sites\/8\/2022\/02\/Buy-Liquid-LSD.jpg","width":512,"height":512},{"@type":"BreadcrumbList","@id":"https:\/\/medicinasinc.com\/da\/product\/buy-liquid-lsd\/#breadcrumb","itemListElement":[{"@type":"ListItem","position":1,"name":"Butik","item":"https:\/\/medicinasinc.com\/da\/butik\/"},{"@type":"ListItem","position":2,"name":"K\u00f8b flydende LSD"}]},{"@type":"WebSite","@id":"https:\/\/medicinasinc.com\/da\/#website","url":"https:\/\/medicinasinc.com\/da\/","name":"Medicinas Inc","description":"Health Medical Clinic","potentialAction":[{"@type":"SearchAction","target":{"@type":"EntryPoint","urlTemplate":"https:\/\/medicinasinc.com\/da\/?s={search_term_string}"},"query-input":{"@type":"PropertyValueSpecification","valueRequired":true,"valueName":"search_term_string"}}],"inLanguage":"en-US"}]}},"_links":{"self":[{"href":"https:\/\/medicinasinc.com\/da\/wp-json\/wp\/v2\/product\/4829","targetHints":{"allow":["GET"]}}],"collection":[{"href":"https:\/\/medicinasinc.com\/da\/wp-json\/wp\/v2\/product"}],"about":[{"href":"https:\/\/medicinasinc.com\/da\/wp-json\/wp\/v2\/types\/product"}],"replies":[{"embeddable":true,"href":"https:\/\/medicinasinc.com\/da\/wp-json\/wp\/v2\/comments?post=4829"}],"wp:featuredmedia":[{"embeddable":true,"href":"https:\/\/medicinasinc.com\/da\/wp-json\/wp\/v2\/media\/4842"}],"wp:attachment":[{"href":"https:\/\/medicinasinc.com\/da\/wp-json\/wp\/v2\/media?parent=4829"}],"wp:term":[{"taxonomy":"product_brand","embeddable":true,"href":"https:\/\/medicinasinc.com\/da\/wp-json\/wp\/v2\/product_brand?post=4829"},{"taxonomy":"product_cat","embeddable":true,"href":"https:\/\/medicinasinc.com\/da\/wp-json\/wp\/v2\/product_cat?post=4829"},{"taxonomy":"product_tag","embeddable":true,"href":"https:\/\/medicinasinc.com\/da\/wp-json\/wp\/v2\/product_tag?post=4829"}],"curies":[{"name":"wp","href":"https:\/\/api.w.org\/{rel}","templated":true}]}}