{"id":4810,"date":"2022-02-20T16:18:47","date_gmt":"2022-02-20T16:18:47","guid":{"rendered":"https:\/\/medicinasinc.com\/da\/?post_type=product&#038;p=4810"},"modified":"2022-03-20T00:50:46","modified_gmt":"2022-03-20T00:50:46","slug":"kob-thca-krystaller-overste-hylde","status":"publish","type":"product","link":"https:\/\/medicinasinc.com\/da\/product\/kob-thca-krystaller-overste-hylde\/","title":{"rendered":"K\u00f8b THCA Crystals- Tophylde"},"content":{"rendered":"<p>Krystallinsk THCA<\/p>\n<p>THCA Krystallinsk, alternativt omtalt som &#8220;krystaller&#8221;, &#8220;THC-krystaller&#8221; eller &#8220;diamanter&#8221;, er et faststof-cannabiskoncentrat. Det ser ud som groft sukker, den type, der typisk bruges til at dekorere sukkerkager eller til at glimte toppen af \u200b\u200bbagte frugtt\u00e6rter. Krystallinsk er fremstillet for at fjerne plantemateriale og terpener, som er de karakteristiske aromatiske og smagsm\u00e6ssige egenskaber for en cannabiskultivar eller -stamme.<\/p>\n<p>BETYDNING AF THCA Krystallinsk<\/p>\n<p>Du har m\u00e5ske h\u00f8rt udtrykket &#8221; THC krystaller&#8221; eller &#8220;THC krystallinsk&#8221; bruges til at referere til krystallinsk, men THC, som producerer en berusende h\u00f8j, er ikke krystallinsk; kemisk er THC ude af stand til at danne en krystallinsk struktur. Med andre ord er det, der ofte omtales som &#8220;THC-krystaller&#8221;, ikke ren THC, men en form for ren THCA. P\u00e5 forbrugstidspunktet krystalliserer THCA til aktivt THC via decarboxylering. Krystallinsk fremstilles med en enkelt cannabinoid. THCA, CBDA og CBD er de eneste cannabinoider, der er tilg\u00e6ngelige i krystallinsk form. Enhver, der indtager THCA, CBDA eller CBD, vil ikke opleve en berusende h\u00f8j, selvom THCA vil konvertere til THC ved opvarmning, hvilket g\u00f8r det krystallinske berusende.<\/p>\n<p>S\u00c5DAN SKABER MAN KRYSTALLINK THCA<\/p>\n<p>Krystallinsk er hyppigt r\u00f8get eller duppet med en dupperigg. En dupperig er et rygeapparat, der ligner en lille vandbong, der fordamper opvarmet krystal til inhalation i enkelte, afm\u00e5lte doser. Krystallinske indtages ofte oralt, enten som en ingrediens i spiselige varer eller opl\u00f8st i olie for at skabe et tinkturlignende produkt. Krystaller opl\u00f8ses ofte i vegetabilsk olie eller sm\u00f8r og bruges som ingrediens i hjemmelavede spiselige varer. Vegetabilske olier og kopraolier er de hyppigst anvendte opl\u00f8sningsmidler til at opl\u00f8se krystaller for at skabe et tinkturlignende produkt.<\/p>\n","protected":false},"excerpt":{"rendered":"<p>K\u00f8b thca crystaline online i Europa, thca crystal til salg, krystallinske diamanter i Holland, thc krystallinske i n\u00e6rheden af \u200b\u200bmig, thc krystaller til salg i Europa.<\/p>\n<ul>\n<li>Forsendelse over hele verden<\/li>\n<li><strong>Et koncentrat best\u00e5ende af 97-99% THC<\/strong><\/li>\n<li><strong>99% ren THC-A<\/strong><\/li>\n<li><strong>Kontakt os <\/strong>\u00a0for st\u00f8rre ordrer<\/li>\n<\/ul>\n","protected":false},"featured_media":4823,"comment_status":"open","ping_status":"closed","template":"","meta":[],"product_brand":[],"product_cat":[702],"product_tag":[],"class_list":{"0":"post-4810","1":"product","2":"type-product","3":"status-publish","4":"has-post-thumbnail","6":"product_cat-kb-cannabis-voks","8":"first","9":"instock","10":"shipping-taxable","11":"purchasable","12":"product-type-variable","13":"has-default-attributes"},"yoast_head":"<!-- This site is optimized with the Yoast SEO plugin v27.3 - https:\/\/yoast.com\/product\/yoast-seo-wordpress\/ -->\n<title>K\u00f8b THCA-krystaller - \u00f8verste hylde - bedste bedste globale medicin<\/title>\n<meta name=\"description\" content=\"K\u00f8b thca krystallinske online Europa, thca krystal til salg, krystallinske diamanter NL, thc krystallinske i n\u00e6rheden af \u200b\u200bmig, k\u00f8b thc krystaller i Europa.\" \/>\n<meta name=\"robots\" content=\"index, follow, max-snippet:-1, max-image-preview:large, max-video-preview:-1\" \/>\n<link rel=\"canonical\" href=\"https:\/\/medicinasinc.com\/da\/product\/kob-thca-krystaller-overste-hylde\/\" \/>\n<meta property=\"og:locale\" content=\"en_US\" \/>\n<meta property=\"og:type\" content=\"article\" \/>\n<meta property=\"og:title\" content=\"K\u00f8b THCA-krystaller - \u00f8verste hylde - bedste bedste globale medicin\" \/>\n<meta property=\"og:description\" content=\"K\u00f8b thca krystallinske online Europa, thca krystal til salg, krystallinske diamanter NL, thc krystallinske i n\u00e6rheden af \u200b\u200bmig, k\u00f8b thc krystaller i Europa.\" \/>\n<meta property=\"og:url\" content=\"https:\/\/medicinasinc.com\/da\/product\/kob-thca-krystaller-overste-hylde\/\" \/>\n<meta property=\"og:site_name\" content=\"Medicinas Inc\" \/>\n<meta property=\"article:modified_time\" content=\"2022-03-20T00:50:46+00:00\" \/>\n<meta property=\"og:image\" content=\"https:\/\/medicinasinc.com\/da\/wp-content\/uploads\/sites\/8\/2022\/02\/Buy-THCA-Crystals-Top-Shelf.jpg\" \/>\n\t<meta property=\"og:image:width\" content=\"600\" \/>\n\t<meta property=\"og:image:height\" content=\"600\" \/>\n\t<meta property=\"og:image:type\" content=\"image\/jpeg\" \/>\n<meta name=\"twitter:card\" content=\"summary_large_image\" \/>\n<meta name=\"twitter:label1\" content=\"Est. reading time\" \/>\n\t<meta name=\"twitter:data1\" content=\"2 minutes\" \/>\n<script type=\"application\/ld+json\" class=\"yoast-schema-graph\">{\"@context\":\"https:\\\/\\\/schema.org\",\"@graph\":[{\"@type\":\"WebPage\",\"@id\":\"https:\\\/\\\/medicinasinc.com\\\/da\\\/product\\\/kob-thca-krystaller-overste-hylde\\\/\",\"url\":\"https:\\\/\\\/medicinasinc.com\\\/da\\\/product\\\/kob-thca-krystaller-overste-hylde\\\/\",\"name\":\"K\u00f8b THCA-krystaller - \u00f8verste hylde - bedste bedste globale medicin\",\"isPartOf\":{\"@id\":\"https:\\\/\\\/medicinasinc.com\\\/da\\\/#website\"},\"primaryImageOfPage\":{\"@id\":\"https:\\\/\\\/medicinasinc.com\\\/da\\\/product\\\/kob-thca-krystaller-overste-hylde\\\/#primaryimage\"},\"image\":{\"@id\":\"https:\\\/\\\/medicinasinc.com\\\/da\\\/product\\\/kob-thca-krystaller-overste-hylde\\\/#primaryimage\"},\"thumbnailUrl\":\"https:\\\/\\\/medicinasinc.com\\\/da\\\/wp-content\\\/uploads\\\/sites\\\/8\\\/2022\\\/02\\\/Buy-THCA-Crystals-Top-Shelf.jpg\",\"datePublished\":\"2022-02-20T16:18:47+00:00\",\"dateModified\":\"2022-03-20T00:50:46+00:00\",\"description\":\"K\u00f8b thca krystallinske online Europa, thca krystal til salg, krystallinske diamanter NL, thc krystallinske i n\u00e6rheden af \u200b\u200bmig, k\u00f8b thc krystaller i Europa.\",\"breadcrumb\":{\"@id\":\"https:\\\/\\\/medicinasinc.com\\\/da\\\/product\\\/kob-thca-krystaller-overste-hylde\\\/#breadcrumb\"},\"inLanguage\":\"en-US\",\"potentialAction\":[{\"@type\":\"ReadAction\",\"target\":[\"https:\\\/\\\/medicinasinc.com\\\/da\\\/product\\\/kob-thca-krystaller-overste-hylde\\\/\"]}]},{\"@type\":\"ImageObject\",\"inLanguage\":\"en-US\",\"@id\":\"https:\\\/\\\/medicinasinc.com\\\/da\\\/product\\\/kob-thca-krystaller-overste-hylde\\\/#primaryimage\",\"url\":\"https:\\\/\\\/medicinasinc.com\\\/da\\\/wp-content\\\/uploads\\\/sites\\\/8\\\/2022\\\/02\\\/Buy-THCA-Crystals-Top-Shelf.jpg\",\"contentUrl\":\"https:\\\/\\\/medicinasinc.com\\\/da\\\/wp-content\\\/uploads\\\/sites\\\/8\\\/2022\\\/02\\\/Buy-THCA-Crystals-Top-Shelf.jpg\",\"width\":600,\"height\":600},{\"@type\":\"BreadcrumbList\",\"@id\":\"https:\\\/\\\/medicinasinc.com\\\/da\\\/product\\\/kob-thca-krystaller-overste-hylde\\\/#breadcrumb\",\"itemListElement\":[{\"@type\":\"ListItem\",\"position\":1,\"name\":\"Butik\",\"item\":\"https:\\\/\\\/medicinasinc.com\\\/da\\\/butik\\\/\"},{\"@type\":\"ListItem\",\"position\":2,\"name\":\"K\u00f8b THCA Crystals- Tophylde\"}]},{\"@type\":\"WebSite\",\"@id\":\"https:\\\/\\\/medicinasinc.com\\\/da\\\/#website\",\"url\":\"https:\\\/\\\/medicinasinc.com\\\/da\\\/\",\"name\":\"Medicinas Inc\",\"description\":\"Health Medical Clinic\",\"potentialAction\":[{\"@type\":\"SearchAction\",\"target\":{\"@type\":\"EntryPoint\",\"urlTemplate\":\"https:\\\/\\\/medicinasinc.com\\\/da\\\/?s={search_term_string}\"},\"query-input\":{\"@type\":\"PropertyValueSpecification\",\"valueRequired\":true,\"valueName\":\"search_term_string\"}}],\"inLanguage\":\"en-US\"}]}<\/script>\n<!-- \/ Yoast SEO plugin. -->","yoast_head_json":{"title":"K\u00f8b THCA-krystaller - \u00f8verste hylde - bedste bedste globale medicin","description":"K\u00f8b thca krystallinske online Europa, thca krystal til salg, krystallinske diamanter NL, thc krystallinske i n\u00e6rheden af \u200b\u200bmig, k\u00f8b thc krystaller i Europa.","robots":{"index":"index","follow":"follow","max-snippet":"max-snippet:-1","max-image-preview":"max-image-preview:large","max-video-preview":"max-video-preview:-1"},"canonical":"https:\/\/medicinasinc.com\/da\/product\/kob-thca-krystaller-overste-hylde\/","og_locale":"en_US","og_type":"article","og_title":"K\u00f8b THCA-krystaller - \u00f8verste hylde - bedste bedste globale medicin","og_description":"K\u00f8b thca krystallinske online Europa, thca krystal til salg, krystallinske diamanter NL, thc krystallinske i n\u00e6rheden af \u200b\u200bmig, k\u00f8b thc krystaller i Europa.","og_url":"https:\/\/medicinasinc.com\/da\/product\/kob-thca-krystaller-overste-hylde\/","og_site_name":"Medicinas Inc","article_modified_time":"2022-03-20T00:50:46+00:00","og_image":[{"width":600,"height":600,"url":"https:\/\/medicinasinc.com\/da\/wp-content\/uploads\/sites\/8\/2022\/02\/Buy-THCA-Crystals-Top-Shelf.jpg","type":"image\/jpeg"}],"twitter_card":"summary_large_image","twitter_misc":{"Est. reading time":"2 minutes"},"schema":{"@context":"https:\/\/schema.org","@graph":[{"@type":"WebPage","@id":"https:\/\/medicinasinc.com\/da\/product\/kob-thca-krystaller-overste-hylde\/","url":"https:\/\/medicinasinc.com\/da\/product\/kob-thca-krystaller-overste-hylde\/","name":"K\u00f8b THCA-krystaller - \u00f8verste hylde - bedste bedste globale medicin","isPartOf":{"@id":"https:\/\/medicinasinc.com\/da\/#website"},"primaryImageOfPage":{"@id":"https:\/\/medicinasinc.com\/da\/product\/kob-thca-krystaller-overste-hylde\/#primaryimage"},"image":{"@id":"https:\/\/medicinasinc.com\/da\/product\/kob-thca-krystaller-overste-hylde\/#primaryimage"},"thumbnailUrl":"https:\/\/medicinasinc.com\/da\/wp-content\/uploads\/sites\/8\/2022\/02\/Buy-THCA-Crystals-Top-Shelf.jpg","datePublished":"2022-02-20T16:18:47+00:00","dateModified":"2022-03-20T00:50:46+00:00","description":"K\u00f8b thca krystallinske online Europa, thca krystal til salg, krystallinske diamanter NL, thc krystallinske i n\u00e6rheden af \u200b\u200bmig, k\u00f8b thc krystaller i Europa.","breadcrumb":{"@id":"https:\/\/medicinasinc.com\/da\/product\/kob-thca-krystaller-overste-hylde\/#breadcrumb"},"inLanguage":"en-US","potentialAction":[{"@type":"ReadAction","target":["https:\/\/medicinasinc.com\/da\/product\/kob-thca-krystaller-overste-hylde\/"]}]},{"@type":"ImageObject","inLanguage":"en-US","@id":"https:\/\/medicinasinc.com\/da\/product\/kob-thca-krystaller-overste-hylde\/#primaryimage","url":"https:\/\/medicinasinc.com\/da\/wp-content\/uploads\/sites\/8\/2022\/02\/Buy-THCA-Crystals-Top-Shelf.jpg","contentUrl":"https:\/\/medicinasinc.com\/da\/wp-content\/uploads\/sites\/8\/2022\/02\/Buy-THCA-Crystals-Top-Shelf.jpg","width":600,"height":600},{"@type":"BreadcrumbList","@id":"https:\/\/medicinasinc.com\/da\/product\/kob-thca-krystaller-overste-hylde\/#breadcrumb","itemListElement":[{"@type":"ListItem","position":1,"name":"Butik","item":"https:\/\/medicinasinc.com\/da\/butik\/"},{"@type":"ListItem","position":2,"name":"K\u00f8b THCA Crystals- Tophylde"}]},{"@type":"WebSite","@id":"https:\/\/medicinasinc.com\/da\/#website","url":"https:\/\/medicinasinc.com\/da\/","name":"Medicinas Inc","description":"Health Medical Clinic","potentialAction":[{"@type":"SearchAction","target":{"@type":"EntryPoint","urlTemplate":"https:\/\/medicinasinc.com\/da\/?s={search_term_string}"},"query-input":{"@type":"PropertyValueSpecification","valueRequired":true,"valueName":"search_term_string"}}],"inLanguage":"en-US"}]}},"_links":{"self":[{"href":"https:\/\/medicinasinc.com\/da\/wp-json\/wp\/v2\/product\/4810","targetHints":{"allow":["GET"]}}],"collection":[{"href":"https:\/\/medicinasinc.com\/da\/wp-json\/wp\/v2\/product"}],"about":[{"href":"https:\/\/medicinasinc.com\/da\/wp-json\/wp\/v2\/types\/product"}],"replies":[{"embeddable":true,"href":"https:\/\/medicinasinc.com\/da\/wp-json\/wp\/v2\/comments?post=4810"}],"wp:featuredmedia":[{"embeddable":true,"href":"https:\/\/medicinasinc.com\/da\/wp-json\/wp\/v2\/media\/4823"}],"wp:attachment":[{"href":"https:\/\/medicinasinc.com\/da\/wp-json\/wp\/v2\/media?parent=4810"}],"wp:term":[{"taxonomy":"product_brand","embeddable":true,"href":"https:\/\/medicinasinc.com\/da\/wp-json\/wp\/v2\/product_brand?post=4810"},{"taxonomy":"product_cat","embeddable":true,"href":"https:\/\/medicinasinc.com\/da\/wp-json\/wp\/v2\/product_cat?post=4810"},{"taxonomy":"product_tag","embeddable":true,"href":"https:\/\/medicinasinc.com\/da\/wp-json\/wp\/v2\/product_tag?post=4810"}],"curies":[{"name":"wp","href":"https:\/\/api.w.org\/{rel}","templated":true}]}}