{"id":4808,"date":"2022-02-20T16:17:53","date_gmt":"2022-02-20T16:17:53","guid":{"rendered":"https:\/\/medicinasinc.com\/da\/?post_type=product&#038;p=4808"},"modified":"2022-03-20T00:50:54","modified_gmt":"2022-03-20T00:50:54","slug":"buy-1p-lsd-100mcg-blottere","status":"publish","type":"product","link":"https:\/\/medicinasinc.com\/da\/product\/buy-1p-lsd-100mcg-blottere\/","title":{"rendered":"K\u00f8b 1P-LSD 100mcg Blotters"},"content":{"rendered":"<p>K\u00f8b 1P-LSD 100mcg Blotters med rabat online.<\/p>\n<p>L.S.D. er en overvejende Indica-stamme, der er opkaldt efter en ekstremt hallucinogen medicin p\u00e5 grund af stammens ekstremt hallucinogene og cerebrale h\u00f8j. Belastningen begynder med en energisk f\u00f8lelse af gl\u00e6de, der har potentialet til at forplumre sindet og efterlade nogle f\u00e5 klienter fuldst\u00e6ndig forvirrede og &#8220;intellektuelt fastl\u00e5ste.&#8221; P\u00e5 trods af st\u00e6rk cerebral stimulation rapporterer nogle klienter om at f\u00f8le sig mere innovative eller sociale efter at have brugt LSD<\/p>\n<p>K\u00f8b 1P-LSD 100mcg Blotters online til en rabatpris.<\/p>\n<p>Dette niveau af mental stimulering er ekstremt us\u00e6dvanligt for en Indica. Som man kunne forvente af et Indica-afledt stof, L.S.D. har ogs\u00e5 typiske Indica-afledte kropseffekter. Klienter bem\u00e6rker ofte den revolutionerende kropsdesensibiliserende effekt en til to timer efter indtagelse, n\u00e5r st\u00f8rstedelen af \u200b\u200bden cerebrale effekt er forsvundet. De negative virkninger kan omfatte bomuldsmund, t\u00f8rre \u00f8jne, d\u00f8sighed, hovedpine og mild mistillid.<\/p>\n<p>For flertallet kan denne stamme bruges p\u00e5 et hvilket som helst tidspunkt af dagen til at lindre milde til sv\u00e6re, vedvarende bankende smerter. LSD ordineres ofte for at hj\u00e6lpe med at h\u00e5ndtere pres, uro eller elendighed. Derudover bruger patienter stammen til at behandle s\u00f8vnl\u00f8shed, og nogle f\u00e5 bruger den til at bek\u00e6mpe hovedpine.<\/p>\n<p>L.S.D. er en krydsning mellem en Mazar og et ekstremt gammelt skunk-sortiment, Skunk #1, skabt af Barney&#8217;s Farm. Selvom denne stamme ikke anbefales til nye producenter, er den ekstremt nem at dyrke p\u00e5 grund af dens modstandsdygtighed over for talrige infektioner og evnen til at blive dyrket b\u00e5de udend\u00f8rs og indend\u00f8rs. Med en blomstringstid p\u00e5 mellem 65 og 78 dage er L.S.D. kan producere op til 650 gram per kvadratmeter. Af og til over 60 centimeter i l\u00e6ngden, slutter stammen typisk i april p\u00e5 den sydlige \u00e6kvator og oktober p\u00e5 den nordlige. Denne stamme har et THC-indhold p\u00e5 op til 24 %.<\/p>\n","protected":false},"excerpt":{"rendered":"<p>Hvor kan jeg k\u00f8be 1P-LSD blotters? De bedste forskningskemikalier p\u00e5 markedet &#8211; Hurtig levering! K\u00f8b 1P-LSD Blotters via Bitcoin, bankoverf\u00f8rsel og andre metoder.<\/p>\n","protected":false},"featured_media":4821,"comment_status":"open","ping_status":"closed","template":"","meta":[],"product_brand":[],"product_cat":[703],"product_tag":[],"class_list":{"0":"post-4808","1":"product","2":"type-product","3":"status-publish","4":"has-post-thumbnail","6":"product_cat-kbe-psykedeliske-stoffer","8":"first","9":"instock","10":"shipping-taxable","11":"purchasable","12":"product-type-variable","13":"has-default-attributes"},"yoast_head":"<!-- This site is optimized with the Yoast SEO plugin v27.3 - https:\/\/yoast.com\/product\/yoast-seo-wordpress\/ -->\n<title>K\u00f8b 1P-LSD Billige 100mcg blottere - bedste globale medicin<\/title>\n<meta name=\"description\" content=\"Bestil 1P-LSD blottere? De bedste forskningskemikalier - hurtig levering! K\u00f8b 1P-LSD Blotters med Bitcoin, bankoverf\u00f8rsel og mere.\" \/>\n<meta name=\"robots\" content=\"index, follow, max-snippet:-1, max-image-preview:large, max-video-preview:-1\" \/>\n<link rel=\"canonical\" href=\"https:\/\/medicinasinc.com\/da\/product\/buy-1p-lsd-100mcg-blottere\/\" \/>\n<meta property=\"og:locale\" content=\"en_US\" \/>\n<meta property=\"og:type\" content=\"article\" \/>\n<meta property=\"og:title\" content=\"K\u00f8b 1P-LSD Billige 100mcg blottere - bedste globale medicin\" \/>\n<meta property=\"og:description\" content=\"Bestil 1P-LSD blottere? De bedste forskningskemikalier - hurtig levering! K\u00f8b 1P-LSD Blotters med Bitcoin, bankoverf\u00f8rsel og mere.\" \/>\n<meta property=\"og:url\" content=\"https:\/\/medicinasinc.com\/da\/product\/buy-1p-lsd-100mcg-blottere\/\" \/>\n<meta property=\"og:site_name\" content=\"Medicinas Inc\" \/>\n<meta property=\"article:modified_time\" content=\"2022-03-20T00:50:54+00:00\" \/>\n<meta property=\"og:image\" content=\"https:\/\/medicinasinc.com\/da\/wp-content\/uploads\/sites\/8\/2022\/02\/Buy-1P-LSD-100mcg-Blotters-cheap-online.jpg\" \/>\n\t<meta property=\"og:image:width\" content=\"600\" \/>\n\t<meta property=\"og:image:height\" content=\"600\" \/>\n\t<meta property=\"og:image:type\" content=\"image\/jpeg\" \/>\n<meta name=\"twitter:card\" content=\"summary_large_image\" \/>\n<meta name=\"twitter:label1\" content=\"Est. reading time\" \/>\n\t<meta name=\"twitter:data1\" content=\"2 minutes\" \/>\n<script type=\"application\/ld+json\" class=\"yoast-schema-graph\">{\"@context\":\"https:\\\/\\\/schema.org\",\"@graph\":[{\"@type\":\"WebPage\",\"@id\":\"https:\\\/\\\/medicinasinc.com\\\/da\\\/product\\\/buy-1p-lsd-100mcg-blottere\\\/\",\"url\":\"https:\\\/\\\/medicinasinc.com\\\/da\\\/product\\\/buy-1p-lsd-100mcg-blottere\\\/\",\"name\":\"K\u00f8b 1P-LSD Billige 100mcg blottere - bedste globale medicin\",\"isPartOf\":{\"@id\":\"https:\\\/\\\/medicinasinc.com\\\/da\\\/#website\"},\"primaryImageOfPage\":{\"@id\":\"https:\\\/\\\/medicinasinc.com\\\/da\\\/product\\\/buy-1p-lsd-100mcg-blottere\\\/#primaryimage\"},\"image\":{\"@id\":\"https:\\\/\\\/medicinasinc.com\\\/da\\\/product\\\/buy-1p-lsd-100mcg-blottere\\\/#primaryimage\"},\"thumbnailUrl\":\"https:\\\/\\\/medicinasinc.com\\\/da\\\/wp-content\\\/uploads\\\/sites\\\/8\\\/2022\\\/02\\\/Buy-1P-LSD-100mcg-Blotters-cheap-online.jpg\",\"datePublished\":\"2022-02-20T16:17:53+00:00\",\"dateModified\":\"2022-03-20T00:50:54+00:00\",\"description\":\"Bestil 1P-LSD blottere? De bedste forskningskemikalier - hurtig levering! K\u00f8b 1P-LSD Blotters med Bitcoin, bankoverf\u00f8rsel og mere.\",\"breadcrumb\":{\"@id\":\"https:\\\/\\\/medicinasinc.com\\\/da\\\/product\\\/buy-1p-lsd-100mcg-blottere\\\/#breadcrumb\"},\"inLanguage\":\"en-US\",\"potentialAction\":[{\"@type\":\"ReadAction\",\"target\":[\"https:\\\/\\\/medicinasinc.com\\\/da\\\/product\\\/buy-1p-lsd-100mcg-blottere\\\/\"]}]},{\"@type\":\"ImageObject\",\"inLanguage\":\"en-US\",\"@id\":\"https:\\\/\\\/medicinasinc.com\\\/da\\\/product\\\/buy-1p-lsd-100mcg-blottere\\\/#primaryimage\",\"url\":\"https:\\\/\\\/medicinasinc.com\\\/da\\\/wp-content\\\/uploads\\\/sites\\\/8\\\/2022\\\/02\\\/Buy-1P-LSD-100mcg-Blotters-cheap-online.jpg\",\"contentUrl\":\"https:\\\/\\\/medicinasinc.com\\\/da\\\/wp-content\\\/uploads\\\/sites\\\/8\\\/2022\\\/02\\\/Buy-1P-LSD-100mcg-Blotters-cheap-online.jpg\",\"width\":600,\"height\":600},{\"@type\":\"BreadcrumbList\",\"@id\":\"https:\\\/\\\/medicinasinc.com\\\/da\\\/product\\\/buy-1p-lsd-100mcg-blottere\\\/#breadcrumb\",\"itemListElement\":[{\"@type\":\"ListItem\",\"position\":1,\"name\":\"Butik\",\"item\":\"https:\\\/\\\/medicinasinc.com\\\/da\\\/butik\\\/\"},{\"@type\":\"ListItem\",\"position\":2,\"name\":\"K\u00f8b 1P-LSD 100mcg Blotters\"}]},{\"@type\":\"WebSite\",\"@id\":\"https:\\\/\\\/medicinasinc.com\\\/da\\\/#website\",\"url\":\"https:\\\/\\\/medicinasinc.com\\\/da\\\/\",\"name\":\"Medicinas Inc\",\"description\":\"Health Medical Clinic\",\"potentialAction\":[{\"@type\":\"SearchAction\",\"target\":{\"@type\":\"EntryPoint\",\"urlTemplate\":\"https:\\\/\\\/medicinasinc.com\\\/da\\\/?s={search_term_string}\"},\"query-input\":{\"@type\":\"PropertyValueSpecification\",\"valueRequired\":true,\"valueName\":\"search_term_string\"}}],\"inLanguage\":\"en-US\"}]}<\/script>\n<!-- \/ Yoast SEO plugin. -->","yoast_head_json":{"title":"K\u00f8b 1P-LSD Billige 100mcg blottere - bedste globale medicin","description":"Bestil 1P-LSD blottere? De bedste forskningskemikalier - hurtig levering! K\u00f8b 1P-LSD Blotters med Bitcoin, bankoverf\u00f8rsel og mere.","robots":{"index":"index","follow":"follow","max-snippet":"max-snippet:-1","max-image-preview":"max-image-preview:large","max-video-preview":"max-video-preview:-1"},"canonical":"https:\/\/medicinasinc.com\/da\/product\/buy-1p-lsd-100mcg-blottere\/","og_locale":"en_US","og_type":"article","og_title":"K\u00f8b 1P-LSD Billige 100mcg blottere - bedste globale medicin","og_description":"Bestil 1P-LSD blottere? De bedste forskningskemikalier - hurtig levering! K\u00f8b 1P-LSD Blotters med Bitcoin, bankoverf\u00f8rsel og mere.","og_url":"https:\/\/medicinasinc.com\/da\/product\/buy-1p-lsd-100mcg-blottere\/","og_site_name":"Medicinas Inc","article_modified_time":"2022-03-20T00:50:54+00:00","og_image":[{"width":600,"height":600,"url":"https:\/\/medicinasinc.com\/da\/wp-content\/uploads\/sites\/8\/2022\/02\/Buy-1P-LSD-100mcg-Blotters-cheap-online.jpg","type":"image\/jpeg"}],"twitter_card":"summary_large_image","twitter_misc":{"Est. reading time":"2 minutes"},"schema":{"@context":"https:\/\/schema.org","@graph":[{"@type":"WebPage","@id":"https:\/\/medicinasinc.com\/da\/product\/buy-1p-lsd-100mcg-blottere\/","url":"https:\/\/medicinasinc.com\/da\/product\/buy-1p-lsd-100mcg-blottere\/","name":"K\u00f8b 1P-LSD Billige 100mcg blottere - bedste globale medicin","isPartOf":{"@id":"https:\/\/medicinasinc.com\/da\/#website"},"primaryImageOfPage":{"@id":"https:\/\/medicinasinc.com\/da\/product\/buy-1p-lsd-100mcg-blottere\/#primaryimage"},"image":{"@id":"https:\/\/medicinasinc.com\/da\/product\/buy-1p-lsd-100mcg-blottere\/#primaryimage"},"thumbnailUrl":"https:\/\/medicinasinc.com\/da\/wp-content\/uploads\/sites\/8\/2022\/02\/Buy-1P-LSD-100mcg-Blotters-cheap-online.jpg","datePublished":"2022-02-20T16:17:53+00:00","dateModified":"2022-03-20T00:50:54+00:00","description":"Bestil 1P-LSD blottere? De bedste forskningskemikalier - hurtig levering! K\u00f8b 1P-LSD Blotters med Bitcoin, bankoverf\u00f8rsel og mere.","breadcrumb":{"@id":"https:\/\/medicinasinc.com\/da\/product\/buy-1p-lsd-100mcg-blottere\/#breadcrumb"},"inLanguage":"en-US","potentialAction":[{"@type":"ReadAction","target":["https:\/\/medicinasinc.com\/da\/product\/buy-1p-lsd-100mcg-blottere\/"]}]},{"@type":"ImageObject","inLanguage":"en-US","@id":"https:\/\/medicinasinc.com\/da\/product\/buy-1p-lsd-100mcg-blottere\/#primaryimage","url":"https:\/\/medicinasinc.com\/da\/wp-content\/uploads\/sites\/8\/2022\/02\/Buy-1P-LSD-100mcg-Blotters-cheap-online.jpg","contentUrl":"https:\/\/medicinasinc.com\/da\/wp-content\/uploads\/sites\/8\/2022\/02\/Buy-1P-LSD-100mcg-Blotters-cheap-online.jpg","width":600,"height":600},{"@type":"BreadcrumbList","@id":"https:\/\/medicinasinc.com\/da\/product\/buy-1p-lsd-100mcg-blottere\/#breadcrumb","itemListElement":[{"@type":"ListItem","position":1,"name":"Butik","item":"https:\/\/medicinasinc.com\/da\/butik\/"},{"@type":"ListItem","position":2,"name":"K\u00f8b 1P-LSD 100mcg Blotters"}]},{"@type":"WebSite","@id":"https:\/\/medicinasinc.com\/da\/#website","url":"https:\/\/medicinasinc.com\/da\/","name":"Medicinas Inc","description":"Health Medical Clinic","potentialAction":[{"@type":"SearchAction","target":{"@type":"EntryPoint","urlTemplate":"https:\/\/medicinasinc.com\/da\/?s={search_term_string}"},"query-input":{"@type":"PropertyValueSpecification","valueRequired":true,"valueName":"search_term_string"}}],"inLanguage":"en-US"}]}},"_links":{"self":[{"href":"https:\/\/medicinasinc.com\/da\/wp-json\/wp\/v2\/product\/4808","targetHints":{"allow":["GET"]}}],"collection":[{"href":"https:\/\/medicinasinc.com\/da\/wp-json\/wp\/v2\/product"}],"about":[{"href":"https:\/\/medicinasinc.com\/da\/wp-json\/wp\/v2\/types\/product"}],"replies":[{"embeddable":true,"href":"https:\/\/medicinasinc.com\/da\/wp-json\/wp\/v2\/comments?post=4808"}],"wp:featuredmedia":[{"embeddable":true,"href":"https:\/\/medicinasinc.com\/da\/wp-json\/wp\/v2\/media\/4821"}],"wp:attachment":[{"href":"https:\/\/medicinasinc.com\/da\/wp-json\/wp\/v2\/media?parent=4808"}],"wp:term":[{"taxonomy":"product_brand","embeddable":true,"href":"https:\/\/medicinasinc.com\/da\/wp-json\/wp\/v2\/product_brand?post=4808"},{"taxonomy":"product_cat","embeddable":true,"href":"https:\/\/medicinasinc.com\/da\/wp-json\/wp\/v2\/product_cat?post=4808"},{"taxonomy":"product_tag","embeddable":true,"href":"https:\/\/medicinasinc.com\/da\/wp-json\/wp\/v2\/product_tag?post=4808"}],"curies":[{"name":"wp","href":"https:\/\/api.w.org\/{rel}","templated":true}]}}