{"id":4796,"date":"2022-02-20T16:07:08","date_gmt":"2022-02-20T16:07:08","guid":{"rendered":"https:\/\/medicinasinc.com\/da\/?post_type=product&#038;p=4796"},"modified":"2022-03-20T00:51:00","modified_gmt":"2022-03-20T00:51:00","slug":"kob-maui-wowie-budder-overste-hylde","status":"publish","type":"product","link":"https:\/\/medicinasinc.com\/da\/product\/kob-maui-wowie-budder-overste-hylde\/","title":{"rendered":"K\u00f8b Maui Wowie Budder \u2013 \u00f8verste hylde"},"content":{"rendered":"<p>K\u00f8b Maui Wowie Budder \u2013 Premium<\/p>\n<p>Maui Wowie er en Sativa-dominerende stamme, der stammer fra den frugtbare vulkanske jord p\u00e5 Hawaii-\u00f8erne. En beroligende Sativa, der f\u00e5r dig til at dagdr\u00f8mme om Hawaiis tropiske sandstrande og friske, saftige ananas. En feinschmeckerfavorit for sine intenst s\u00f8de ananasaromaer og energigivende eufori. Denne stamme har vist sig at stimulere kreativt flow, s\u00e5 sindet kan vandre frit og fredeligt \u2013 hvilket g\u00f8r den ideel til morgen-\/dagbrug. Maui Waui er ret effektiv til behandling af tilstande som stress, angst og depression, n\u00e5r det kombineres med et \u00f8get fokus og en generel forbedring af hum\u00f8ret.<\/p>\n","protected":false},"excerpt":{"rendered":"<p>K\u00f8b Maui Wowie Budder \u2013 Premium<\/p>\n<ul>\n<li>Forsendelse til hele verden<\/li>\n<li><strong>Klasse: AAAAA<\/strong><\/li>\n<li>Den mindste ordrem\u00e6ngde er <strong>3<\/strong><\/li>\n<li><strong>Kontakt os<\/strong>\u00a0for st\u00f8rre ordrer<\/li>\n<\/ul>\n","protected":false},"featured_media":4809,"comment_status":"open","ping_status":"closed","template":"","meta":[],"product_brand":[],"product_cat":[702],"product_tag":[],"class_list":{"0":"post-4796","1":"product","2":"type-product","3":"status-publish","4":"has-post-thumbnail","6":"product_cat-kb-cannabis-voks","8":"first","9":"instock","10":"shipping-taxable","11":"purchasable","12":"product-type-variable","13":"has-default-attributes"},"yoast_head":"<!-- This site is optimized with the Yoast SEO plugin v27.3 - https:\/\/yoast.com\/product\/yoast-seo-wordpress\/ -->\n<title>K\u00f8b Maui Wowie Budder \u2013 \u00f8verste hylde - Medicinas Inc<\/title>\n<meta name=\"description\" content=\"K\u00f8b Maui Wowie Budder \u2013 Premium\" \/>\n<meta name=\"robots\" content=\"index, follow, max-snippet:-1, max-image-preview:large, max-video-preview:-1\" \/>\n<link rel=\"canonical\" href=\"https:\/\/medicinasinc.com\/da\/product\/kob-maui-wowie-budder-overste-hylde\/\" \/>\n<meta property=\"og:locale\" content=\"en_US\" \/>\n<meta property=\"og:type\" content=\"article\" \/>\n<meta property=\"og:title\" content=\"K\u00f8b Maui Wowie Budder \u2013 \u00f8verste hylde - Medicinas Inc\" \/>\n<meta property=\"og:description\" content=\"K\u00f8b Maui Wowie Budder \u2013 Premium\" \/>\n<meta property=\"og:url\" content=\"https:\/\/medicinasinc.com\/da\/product\/kob-maui-wowie-budder-overste-hylde\/\" \/>\n<meta property=\"og:site_name\" content=\"Medicinas Inc\" \/>\n<meta property=\"article:modified_time\" content=\"2022-03-20T00:51:00+00:00\" \/>\n<meta property=\"og:image\" content=\"https:\/\/medicinasinc.com\/da\/wp-content\/uploads\/sites\/8\/2022\/02\/Buy-Maui-Wowie-Budder.jpg\" \/>\n\t<meta property=\"og:image:width\" content=\"600\" \/>\n\t<meta property=\"og:image:height\" content=\"600\" \/>\n\t<meta property=\"og:image:type\" content=\"image\/jpeg\" \/>\n<meta name=\"twitter:card\" content=\"summary_large_image\" \/>\n<meta name=\"twitter:label1\" content=\"Est. reading time\" \/>\n\t<meta name=\"twitter:data1\" content=\"1 minute\" \/>\n<script type=\"application\/ld+json\" class=\"yoast-schema-graph\">{\"@context\":\"https:\\\/\\\/schema.org\",\"@graph\":[{\"@type\":\"WebPage\",\"@id\":\"https:\\\/\\\/medicinasinc.com\\\/da\\\/product\\\/kob-maui-wowie-budder-overste-hylde\\\/\",\"url\":\"https:\\\/\\\/medicinasinc.com\\\/da\\\/product\\\/kob-maui-wowie-budder-overste-hylde\\\/\",\"name\":\"K\u00f8b Maui Wowie Budder \u2013 \u00f8verste hylde - Medicinas Inc\",\"isPartOf\":{\"@id\":\"https:\\\/\\\/medicinasinc.com\\\/da\\\/#website\"},\"primaryImageOfPage\":{\"@id\":\"https:\\\/\\\/medicinasinc.com\\\/da\\\/product\\\/kob-maui-wowie-budder-overste-hylde\\\/#primaryimage\"},\"image\":{\"@id\":\"https:\\\/\\\/medicinasinc.com\\\/da\\\/product\\\/kob-maui-wowie-budder-overste-hylde\\\/#primaryimage\"},\"thumbnailUrl\":\"https:\\\/\\\/medicinasinc.com\\\/da\\\/wp-content\\\/uploads\\\/sites\\\/8\\\/2022\\\/02\\\/Buy-Maui-Wowie-Budder.jpg\",\"datePublished\":\"2022-02-20T16:07:08+00:00\",\"dateModified\":\"2022-03-20T00:51:00+00:00\",\"description\":\"K\u00f8b Maui Wowie Budder \u2013 Premium\",\"breadcrumb\":{\"@id\":\"https:\\\/\\\/medicinasinc.com\\\/da\\\/product\\\/kob-maui-wowie-budder-overste-hylde\\\/#breadcrumb\"},\"inLanguage\":\"en-US\",\"potentialAction\":[{\"@type\":\"ReadAction\",\"target\":[\"https:\\\/\\\/medicinasinc.com\\\/da\\\/product\\\/kob-maui-wowie-budder-overste-hylde\\\/\"]}]},{\"@type\":\"ImageObject\",\"inLanguage\":\"en-US\",\"@id\":\"https:\\\/\\\/medicinasinc.com\\\/da\\\/product\\\/kob-maui-wowie-budder-overste-hylde\\\/#primaryimage\",\"url\":\"https:\\\/\\\/medicinasinc.com\\\/da\\\/wp-content\\\/uploads\\\/sites\\\/8\\\/2022\\\/02\\\/Buy-Maui-Wowie-Budder.jpg\",\"contentUrl\":\"https:\\\/\\\/medicinasinc.com\\\/da\\\/wp-content\\\/uploads\\\/sites\\\/8\\\/2022\\\/02\\\/Buy-Maui-Wowie-Budder.jpg\",\"width\":600,\"height\":600},{\"@type\":\"BreadcrumbList\",\"@id\":\"https:\\\/\\\/medicinasinc.com\\\/da\\\/product\\\/kob-maui-wowie-budder-overste-hylde\\\/#breadcrumb\",\"itemListElement\":[{\"@type\":\"ListItem\",\"position\":1,\"name\":\"Butik\",\"item\":\"https:\\\/\\\/medicinasinc.com\\\/da\\\/butik\\\/\"},{\"@type\":\"ListItem\",\"position\":2,\"name\":\"K\u00f8b Maui Wowie Budder \u2013 \u00f8verste hylde\"}]},{\"@type\":\"WebSite\",\"@id\":\"https:\\\/\\\/medicinasinc.com\\\/da\\\/#website\",\"url\":\"https:\\\/\\\/medicinasinc.com\\\/da\\\/\",\"name\":\"Medicinas Inc\",\"description\":\"Health Medical Clinic\",\"potentialAction\":[{\"@type\":\"SearchAction\",\"target\":{\"@type\":\"EntryPoint\",\"urlTemplate\":\"https:\\\/\\\/medicinasinc.com\\\/da\\\/?s={search_term_string}\"},\"query-input\":{\"@type\":\"PropertyValueSpecification\",\"valueRequired\":true,\"valueName\":\"search_term_string\"}}],\"inLanguage\":\"en-US\"}]}<\/script>\n<!-- \/ Yoast SEO plugin. -->","yoast_head_json":{"title":"K\u00f8b Maui Wowie Budder \u2013 \u00f8verste hylde - Medicinas Inc","description":"K\u00f8b Maui Wowie Budder \u2013 Premium","robots":{"index":"index","follow":"follow","max-snippet":"max-snippet:-1","max-image-preview":"max-image-preview:large","max-video-preview":"max-video-preview:-1"},"canonical":"https:\/\/medicinasinc.com\/da\/product\/kob-maui-wowie-budder-overste-hylde\/","og_locale":"en_US","og_type":"article","og_title":"K\u00f8b Maui Wowie Budder \u2013 \u00f8verste hylde - Medicinas Inc","og_description":"K\u00f8b Maui Wowie Budder \u2013 Premium","og_url":"https:\/\/medicinasinc.com\/da\/product\/kob-maui-wowie-budder-overste-hylde\/","og_site_name":"Medicinas Inc","article_modified_time":"2022-03-20T00:51:00+00:00","og_image":[{"width":600,"height":600,"url":"https:\/\/medicinasinc.com\/da\/wp-content\/uploads\/sites\/8\/2022\/02\/Buy-Maui-Wowie-Budder.jpg","type":"image\/jpeg"}],"twitter_card":"summary_large_image","twitter_misc":{"Est. reading time":"1 minute"},"schema":{"@context":"https:\/\/schema.org","@graph":[{"@type":"WebPage","@id":"https:\/\/medicinasinc.com\/da\/product\/kob-maui-wowie-budder-overste-hylde\/","url":"https:\/\/medicinasinc.com\/da\/product\/kob-maui-wowie-budder-overste-hylde\/","name":"K\u00f8b Maui Wowie Budder \u2013 \u00f8verste hylde - Medicinas Inc","isPartOf":{"@id":"https:\/\/medicinasinc.com\/da\/#website"},"primaryImageOfPage":{"@id":"https:\/\/medicinasinc.com\/da\/product\/kob-maui-wowie-budder-overste-hylde\/#primaryimage"},"image":{"@id":"https:\/\/medicinasinc.com\/da\/product\/kob-maui-wowie-budder-overste-hylde\/#primaryimage"},"thumbnailUrl":"https:\/\/medicinasinc.com\/da\/wp-content\/uploads\/sites\/8\/2022\/02\/Buy-Maui-Wowie-Budder.jpg","datePublished":"2022-02-20T16:07:08+00:00","dateModified":"2022-03-20T00:51:00+00:00","description":"K\u00f8b Maui Wowie Budder \u2013 Premium","breadcrumb":{"@id":"https:\/\/medicinasinc.com\/da\/product\/kob-maui-wowie-budder-overste-hylde\/#breadcrumb"},"inLanguage":"en-US","potentialAction":[{"@type":"ReadAction","target":["https:\/\/medicinasinc.com\/da\/product\/kob-maui-wowie-budder-overste-hylde\/"]}]},{"@type":"ImageObject","inLanguage":"en-US","@id":"https:\/\/medicinasinc.com\/da\/product\/kob-maui-wowie-budder-overste-hylde\/#primaryimage","url":"https:\/\/medicinasinc.com\/da\/wp-content\/uploads\/sites\/8\/2022\/02\/Buy-Maui-Wowie-Budder.jpg","contentUrl":"https:\/\/medicinasinc.com\/da\/wp-content\/uploads\/sites\/8\/2022\/02\/Buy-Maui-Wowie-Budder.jpg","width":600,"height":600},{"@type":"BreadcrumbList","@id":"https:\/\/medicinasinc.com\/da\/product\/kob-maui-wowie-budder-overste-hylde\/#breadcrumb","itemListElement":[{"@type":"ListItem","position":1,"name":"Butik","item":"https:\/\/medicinasinc.com\/da\/butik\/"},{"@type":"ListItem","position":2,"name":"K\u00f8b Maui Wowie Budder \u2013 \u00f8verste hylde"}]},{"@type":"WebSite","@id":"https:\/\/medicinasinc.com\/da\/#website","url":"https:\/\/medicinasinc.com\/da\/","name":"Medicinas Inc","description":"Health Medical Clinic","potentialAction":[{"@type":"SearchAction","target":{"@type":"EntryPoint","urlTemplate":"https:\/\/medicinasinc.com\/da\/?s={search_term_string}"},"query-input":{"@type":"PropertyValueSpecification","valueRequired":true,"valueName":"search_term_string"}}],"inLanguage":"en-US"}]}},"_links":{"self":[{"href":"https:\/\/medicinasinc.com\/da\/wp-json\/wp\/v2\/product\/4796","targetHints":{"allow":["GET"]}}],"collection":[{"href":"https:\/\/medicinasinc.com\/da\/wp-json\/wp\/v2\/product"}],"about":[{"href":"https:\/\/medicinasinc.com\/da\/wp-json\/wp\/v2\/types\/product"}],"replies":[{"embeddable":true,"href":"https:\/\/medicinasinc.com\/da\/wp-json\/wp\/v2\/comments?post=4796"}],"wp:featuredmedia":[{"embeddable":true,"href":"https:\/\/medicinasinc.com\/da\/wp-json\/wp\/v2\/media\/4809"}],"wp:attachment":[{"href":"https:\/\/medicinasinc.com\/da\/wp-json\/wp\/v2\/media?parent=4796"}],"wp:term":[{"taxonomy":"product_brand","embeddable":true,"href":"https:\/\/medicinasinc.com\/da\/wp-json\/wp\/v2\/product_brand?post=4796"},{"taxonomy":"product_cat","embeddable":true,"href":"https:\/\/medicinasinc.com\/da\/wp-json\/wp\/v2\/product_cat?post=4796"},{"taxonomy":"product_tag","embeddable":true,"href":"https:\/\/medicinasinc.com\/da\/wp-json\/wp\/v2\/product_tag?post=4796"}],"curies":[{"name":"wp","href":"https:\/\/api.w.org\/{rel}","templated":true}]}}